{"id":5594,"date":"2025-03-28T14:05:06","date_gmt":"2025-03-28T14:05:06","guid":{"rendered":"https:\/\/iep-sa.com.ar\/nuevo\/?post_type=product&#038;p=5594"},"modified":"2026-03-09T13:08:38","modified_gmt":"2026-03-09T13:08:38","slug":"deimos","status":"publish","type":"product","link":"https:\/\/iep-sa.com.ar\/nuevo\/producto\/deimos\/","title":{"rendered":"DEIMOS"},"content":{"rendered":"<h4 style=\"text-align: left;\"><strong>CARACTERISTICAS<\/strong><\/h4>\n<h4 style=\"text-align: left;\"><a href=\"https:\/\/iep-sa.com.ar\/wp-content\/uploads\/2025\/03\/deimos-caracteristicas.png\"><img fetchpriority=\"high\" decoding=\"async\" class=\"size-large wp-image-5941 alignleft\" src=\"https:\/\/iep-sa.com.ar\/wp-content\/uploads\/2025\/03\/deimos-caracteristicas-1024x200.png\" alt=\"\" width=\"640\" height=\"125\" srcset=\"https:\/\/iep-sa.com.ar\/wp-content\/uploads\/2025\/03\/deimos-caracteristicas-1024x200.png 1024w, https:\/\/iep-sa.com.ar\/wp-content\/uploads\/2025\/03\/deimos-caracteristicas-300x58.png 300w, https:\/\/iep-sa.com.ar\/wp-content\/uploads\/2025\/03\/deimos-caracteristicas-768x150.png 768w, https:\/\/iep-sa.com.ar\/wp-content\/uploads\/2025\/03\/deimos-caracteristicas-1536x299.png 1536w, https:\/\/iep-sa.com.ar\/wp-content\/uploads\/2025\/03\/deimos-caracteristicas-600x117.png 600w, https:\/\/iep-sa.com.ar\/wp-content\/uploads\/2025\/03\/deimos-caracteristicas.png 1816w\" sizes=\"(max-width: 640px) 100vw, 640px\" \/><\/a><\/h4>\n<p>&nbsp;<\/p>\n<p>&nbsp;<\/p>\n<p>&nbsp;<\/p>\n<p>&nbsp;<\/p>\n<h4><img decoding=\"async\" class=\"wp-image-5598 alignleft\" src=\"https:\/\/iep-sa.com.ar\/wp-content\/uploads\/2025\/03\/DEIMOS-FOTO3.png\" alt=\"\" width=\"303\" height=\"176\" srcset=\"https:\/\/iep-sa.com.ar\/wp-content\/uploads\/2025\/03\/DEIMOS-FOTO3.png 714w, https:\/\/iep-sa.com.ar\/wp-content\/uploads\/2025\/03\/DEIMOS-FOTO3-300x174.png 300w, https:\/\/iep-sa.com.ar\/wp-content\/uploads\/2025\/03\/DEIMOS-FOTO3-600x348.png 600w\" sizes=\"(max-width: 303px) 100vw, 303px\" \/><\/h4>\n<h4><\/h4>\n<p>&nbsp;<\/p>\n<p>&nbsp;<\/p>\n<p>&nbsp;<\/p>\n<p>&nbsp;<\/p>\n<p>&nbsp;<\/p>\n<h4><\/h4>\n<h4 style=\"text-align: left;\"><strong>MEDIDAS<\/strong><\/h4>\n<p><a href=\"https:\/\/iep-sa.com.ar\/wp-content\/uploads\/2025\/03\/DEIMOS-MEDIDAS.png\"><img decoding=\"async\" class=\" wp-image-5600 alignleft\" src=\"https:\/\/iep-sa.com.ar\/wp-content\/uploads\/2025\/03\/DEIMOS-MEDIDAS-1024x764.png\" alt=\"\" width=\"623\" height=\"465\" srcset=\"https:\/\/iep-sa.com.ar\/wp-content\/uploads\/2025\/03\/DEIMOS-MEDIDAS-1024x764.png 1024w, https:\/\/iep-sa.com.ar\/wp-content\/uploads\/2025\/03\/DEIMOS-MEDIDAS-300x224.png 300w, https:\/\/iep-sa.com.ar\/wp-content\/uploads\/2025\/03\/DEIMOS-MEDIDAS-768x573.png 768w, https:\/\/iep-sa.com.ar\/wp-content\/uploads\/2025\/03\/DEIMOS-MEDIDAS-600x448.png 600w, https:\/\/iep-sa.com.ar\/wp-content\/uploads\/2025\/03\/DEIMOS-MEDIDAS.png 1294w\" sizes=\"(max-width: 623px) 100vw, 623px\" \/><\/a><\/p>\n<h3><\/h3>\n<h3><\/h3>\n<p>&nbsp;<\/p>\n<p>&nbsp;<\/p>\n<p>&nbsp;<\/p>\n<h3><\/h3>\n<h3><\/h3>\n<p>&nbsp;<\/p>\n<p>&nbsp;<\/p>\n<p>&nbsp;<\/p>\n<p>&nbsp;<\/p>\n<h3><\/h3>\n<h3><\/h3>\n<h3><\/h3>\n<p>&nbsp;<\/p>\n<p>&nbsp;<\/p>\n<p>&nbsp;<\/p>\n<p>&nbsp;<\/p>\n<p>&nbsp;<\/p>\n<p>&nbsp;<\/p>\n<h3 style=\"text-align: left;\"><strong>CURVAS FOTOM\u00c9TRICAS<\/strong><\/h3>\n<p>&nbsp;<\/p>\n<p><a href=\"https:\/\/iep-sa.com.ar\/wp-content\/uploads\/2025\/03\/DEIMOS-FOTOMETRIA.png\"><img loading=\"lazy\" decoding=\"async\" class=\" wp-image-5599 alignleft\" src=\"https:\/\/iep-sa.com.ar\/wp-content\/uploads\/2025\/03\/DEIMOS-FOTOMETRIA.png\" alt=\"\" width=\"348\" height=\"189\" srcset=\"https:\/\/iep-sa.com.ar\/wp-content\/uploads\/2025\/03\/DEIMOS-FOTOMETRIA.png 486w, https:\/\/iep-sa.com.ar\/wp-content\/uploads\/2025\/03\/DEIMOS-FOTOMETRIA-300x163.png 300w\" sizes=\"(max-width: 348px) 100vw, 348px\" \/><\/a><\/p>\n<div class=\"layoutArea\">\n<div class=\"column\">\n<div class=\"column\">\n<div class=\"wp-block-file\" style=\"text-align: left;\">\n<div>\n<h4><\/h4>\n<h4><\/h4>\n<\/div>\n<\/div>\n<\/div>\n<h4><\/h4>\n<div class=\"column\">\n<div class=\"wp-block-file\" style=\"text-align: left;\">\n<div>\n<h4><\/h4>\n<h4><\/h4>\n<\/div>\n<\/div>\n<\/div>\n<\/div>\n<\/div>\n<h3><\/h3>\n<p>&nbsp;<\/p>\n<p>&nbsp;<\/p>\n<h3><\/h3>\n<p>&nbsp;<\/p>\n<div class=\"layoutArea\">\n<div class=\"column\">\n<div class=\"column\">\n<div class=\"wp-block-file\" style=\"text-align: left;\">\n<h3><\/h3>\n<h3><strong>DESCARGAS<\/strong><\/h3>\n<h4><a style=\"font-size: 14px;\" href=\"https:\/\/iep-sa.com.ar\/wp-content\/uploads\/2025\/03\/Deimos-2025-1.pdf\" target=\"_blank\" rel=\"noopener\">Deimos Ficha T\u00e9cnica<\/a><\/h4>\n<\/div>\n<p style=\"text-align: left;\"><a href=\"https:\/\/iep-sa.com.ar\/wp-content\/uploads\/2025\/03\/Fotometrias-Deimos.zip\">Fotometrias Deimos<\/a><\/p>\n<\/div>\n<\/div>\n<\/div>\n","protected":false},"excerpt":{"rendered":"<div class=\"page\" title=\"Page 2\">\n<div class=\"section\">\n<div class=\"layoutArea\">\n<div class=\"column\">\n<p style=\"text-align: left;\">La Luminaria Deimos es una solucio\u0301n de alta practica para alumbrado pu\u0301blico LED , disen\u0303ada para proporcionar una iluminacio\u0301n de calidad con un bajo consumo energe\u0301tico. Fabricado en aluminio inyectado a alta presio\u0301n y cristal protector para una mayor vida \u00fatil de la fuente lum\u00ednica, es resistente a impactos y a la intemperie. Apto para telegestio\u0301n y fotocontrol IP 66<\/p>\n<\/div>\n<\/div>\n<\/div>\n<\/div>\n","protected":false},"featured_media":5596,"template":"","meta":{"_joinchat":[]},"product_brand":[],"product_cat":[118,121,125,122,70,128,76,135,127,126,124,157,154,158,59,160],"product_tag":[],"class_list":{"0":"post-5594","1":"product","2":"type-product","3":"status-publish","4":"has-post-thumbnail","6":"product_cat-aceras","7":"product_cat-avenidas-principales","8":"product_cat-bicisendas","9":"product_cat-boulevards","10":"product_cat-calles-internas","11":"product_cat-costaneras","12":"product_cat-estacionamientos","13":"product_cat-exterior","14":"product_cat-paseos","15":"product_cat-peatonales","16":"product_cat-plazas","17":"product_cat-telegestion-y-domotica","18":"product_cat-tuneles-y-puentes","19":"product_cat-urbanizacion","20":"product_cat-urbano-decorativo","21":"product_cat-urbano-vial","23":"first","24":"instock","25":"shipping-taxable","26":"product-type-simple","27":"layout-style-1","28":"col-md-4 col-sm-4 col-xs-6","29":"col-lg-3","30":"product-has-gallery","31":"product-style-default"},"yoast_head":"<!-- This site is optimized with the Yoast SEO plugin v27.4 - https:\/\/yoast.com\/product\/yoast-seo-wordpress\/ -->\n<title>DEIMOS - IEP - Iluminaci\u00f3n Eficiente Profesional<\/title>\n<meta name=\"robots\" content=\"index, follow, max-snippet:-1, max-image-preview:large, max-video-preview:-1\" \/>\n<link rel=\"canonical\" href=\"https:\/\/iep-sa.com.ar\/producto\/deimos\/\" \/>\n<meta property=\"og:locale\" content=\"es_ES\" \/>\n<meta property=\"og:type\" content=\"article\" \/>\n<meta property=\"og:title\" content=\"DEIMOS - IEP - Iluminaci\u00f3n Eficiente Profesional\" \/>\n<meta property=\"og:description\" content=\"La Luminaria Deimos es una solucio\u0301n de alta practica para alumbrado pu\u0301blico LED , disen\u0303ada para proporcionar una iluminacio\u0301n de calidad con un bajo consumo energe\u0301tico. Fabricado en aluminio inyectado a alta presio\u0301n y cristal protector para una mayor vida \u00fatil de la fuente lum\u00ednica, es resistente a impactos y a la intemperie. Apto para telegestio\u0301n y fotocontrol IP 66\" \/>\n<meta property=\"og:url\" content=\"https:\/\/iep-sa.com.ar\/producto\/deimos\/\" \/>\n<meta property=\"og:site_name\" content=\"IEP - Iluminaci\u00f3n Eficiente Profesional\" \/>\n<meta property=\"article:modified_time\" content=\"2026-03-09T13:08:38+00:00\" \/>\n<meta property=\"og:image\" content=\"https:\/\/lightyellow-boar-299687.hostingersite.com\/wp-content\/uploads\/2025\/03\/DEIMOS-FOTO1.png\" \/>\n\t<meta property=\"og:image:width\" content=\"968\" \/>\n\t<meta property=\"og:image:height\" content=\"884\" \/>\n\t<meta property=\"og:image:type\" content=\"image\/png\" \/>\n<meta name=\"twitter:card\" content=\"summary_large_image\" \/>\n<meta name=\"twitter:label1\" content=\"Tiempo de lectura\" \/>\n\t<meta name=\"twitter:data1\" content=\"2 minutos\" \/>\n<script type=\"application\/ld+json\" class=\"yoast-schema-graph\">{\"@context\":\"https:\\\/\\\/schema.org\",\"@graph\":[{\"@type\":\"WebPage\",\"@id\":\"https:\\\/\\\/iep-sa.com.ar\\\/producto\\\/deimos\\\/\",\"url\":\"https:\\\/\\\/iep-sa.com.ar\\\/producto\\\/deimos\\\/\",\"name\":\"DEIMOS - IEP - Iluminaci\u00f3n Eficiente Profesional\",\"isPartOf\":{\"@id\":\"https:\\\/\\\/iep-sa.com.ar\\\/#website\"},\"primaryImageOfPage\":{\"@id\":\"https:\\\/\\\/iep-sa.com.ar\\\/producto\\\/deimos\\\/#primaryimage\"},\"image\":{\"@id\":\"https:\\\/\\\/iep-sa.com.ar\\\/producto\\\/deimos\\\/#primaryimage\"},\"thumbnailUrl\":\"https:\\\/\\\/iep-sa.com.ar\\\/wp-content\\\/uploads\\\/2025\\\/03\\\/DEIMOS-FOTO1.png\",\"datePublished\":\"2025-03-28T14:05:06+00:00\",\"dateModified\":\"2026-03-09T13:08:38+00:00\",\"breadcrumb\":{\"@id\":\"https:\\\/\\\/iep-sa.com.ar\\\/producto\\\/deimos\\\/#breadcrumb\"},\"inLanguage\":\"es\",\"potentialAction\":[{\"@type\":\"ReadAction\",\"target\":[\"https:\\\/\\\/iep-sa.com.ar\\\/producto\\\/deimos\\\/\"]}]},{\"@type\":\"ImageObject\",\"inLanguage\":\"es\",\"@id\":\"https:\\\/\\\/iep-sa.com.ar\\\/producto\\\/deimos\\\/#primaryimage\",\"url\":\"https:\\\/\\\/iep-sa.com.ar\\\/wp-content\\\/uploads\\\/2025\\\/03\\\/DEIMOS-FOTO1.png\",\"contentUrl\":\"https:\\\/\\\/iep-sa.com.ar\\\/wp-content\\\/uploads\\\/2025\\\/03\\\/DEIMOS-FOTO1.png\",\"width\":968,\"height\":884},{\"@type\":\"BreadcrumbList\",\"@id\":\"https:\\\/\\\/iep-sa.com.ar\\\/producto\\\/deimos\\\/#breadcrumb\",\"itemListElement\":[{\"@type\":\"ListItem\",\"position\":1,\"name\":\"Portada\",\"item\":\"https:\\\/\\\/iep-sa.com.ar\\\/\"},{\"@type\":\"ListItem\",\"position\":2,\"name\":\"Productos\",\"item\":\"https:\\\/\\\/iep-sa.com.ar\\\/productos\\\/\"},{\"@type\":\"ListItem\",\"position\":3,\"name\":\"DEIMOS\"}]},{\"@type\":\"WebSite\",\"@id\":\"https:\\\/\\\/iep-sa.com.ar\\\/#website\",\"url\":\"https:\\\/\\\/iep-sa.com.ar\\\/\",\"name\":\"IEP - Iluminaci\u00f3n Eficiente Profesional\",\"description\":\"Iluminaci\u00f3n Vial - Profesional - Decorativa - Estacionamientos - Gasolineras - Deportiva - P\u00fablica - Privada\",\"publisher\":{\"@id\":\"https:\\\/\\\/iep-sa.com.ar\\\/#organization\"},\"potentialAction\":[{\"@type\":\"SearchAction\",\"target\":{\"@type\":\"EntryPoint\",\"urlTemplate\":\"https:\\\/\\\/iep-sa.com.ar\\\/?s={search_term_string}\"},\"query-input\":{\"@type\":\"PropertyValueSpecification\",\"valueRequired\":true,\"valueName\":\"search_term_string\"}}],\"inLanguage\":\"es\"},{\"@type\":\"Organization\",\"@id\":\"https:\\\/\\\/iep-sa.com.ar\\\/#organization\",\"name\":\"IEP - Iluminaci\u00f3n Eficiente Profesional\",\"url\":\"https:\\\/\\\/iep-sa.com.ar\\\/\",\"logo\":{\"@type\":\"ImageObject\",\"inLanguage\":\"es\",\"@id\":\"https:\\\/\\\/iep-sa.com.ar\\\/#\\\/schema\\\/logo\\\/image\\\/\",\"url\":\"https:\\\/\\\/iep-sa.com.ar\\\/wp-content\\\/uploads\\\/2022\\\/11\\\/cropped-favicon.jpg\",\"contentUrl\":\"https:\\\/\\\/iep-sa.com.ar\\\/wp-content\\\/uploads\\\/2022\\\/11\\\/cropped-favicon.jpg\",\"width\":512,\"height\":512,\"caption\":\"IEP - Iluminaci\u00f3n Eficiente Profesional\"},\"image\":{\"@id\":\"https:\\\/\\\/iep-sa.com.ar\\\/#\\\/schema\\\/logo\\\/image\\\/\"}}]}<\/script>\n<!-- \/ Yoast SEO plugin. -->","yoast_head_json":{"title":"DEIMOS - IEP - Iluminaci\u00f3n Eficiente Profesional","robots":{"index":"index","follow":"follow","max-snippet":"max-snippet:-1","max-image-preview":"max-image-preview:large","max-video-preview":"max-video-preview:-1"},"canonical":"https:\/\/iep-sa.com.ar\/producto\/deimos\/","og_locale":"es_ES","og_type":"article","og_title":"DEIMOS - IEP - Iluminaci\u00f3n Eficiente Profesional","og_description":"La Luminaria Deimos es una solucio\u0301n de alta practica para alumbrado pu\u0301blico LED , disen\u0303ada para proporcionar una iluminacio\u0301n de calidad con un bajo consumo energe\u0301tico. Fabricado en aluminio inyectado a alta presio\u0301n y cristal protector para una mayor vida \u00fatil de la fuente lum\u00ednica, es resistente a impactos y a la intemperie. Apto para telegestio\u0301n y fotocontrol IP 66","og_url":"https:\/\/iep-sa.com.ar\/producto\/deimos\/","og_site_name":"IEP - Iluminaci\u00f3n Eficiente Profesional","article_modified_time":"2026-03-09T13:08:38+00:00","og_image":[{"width":968,"height":884,"url":"https:\/\/lightyellow-boar-299687.hostingersite.com\/wp-content\/uploads\/2025\/03\/DEIMOS-FOTO1.png","type":"image\/png"}],"twitter_card":"summary_large_image","twitter_misc":{"Tiempo de lectura":"2 minutos"},"schema":{"@context":"https:\/\/schema.org","@graph":[{"@type":"WebPage","@id":"https:\/\/iep-sa.com.ar\/producto\/deimos\/","url":"https:\/\/iep-sa.com.ar\/producto\/deimos\/","name":"DEIMOS - IEP - Iluminaci\u00f3n Eficiente Profesional","isPartOf":{"@id":"https:\/\/iep-sa.com.ar\/#website"},"primaryImageOfPage":{"@id":"https:\/\/iep-sa.com.ar\/producto\/deimos\/#primaryimage"},"image":{"@id":"https:\/\/iep-sa.com.ar\/producto\/deimos\/#primaryimage"},"thumbnailUrl":"https:\/\/iep-sa.com.ar\/wp-content\/uploads\/2025\/03\/DEIMOS-FOTO1.png","datePublished":"2025-03-28T14:05:06+00:00","dateModified":"2026-03-09T13:08:38+00:00","breadcrumb":{"@id":"https:\/\/iep-sa.com.ar\/producto\/deimos\/#breadcrumb"},"inLanguage":"es","potentialAction":[{"@type":"ReadAction","target":["https:\/\/iep-sa.com.ar\/producto\/deimos\/"]}]},{"@type":"ImageObject","inLanguage":"es","@id":"https:\/\/iep-sa.com.ar\/producto\/deimos\/#primaryimage","url":"https:\/\/iep-sa.com.ar\/wp-content\/uploads\/2025\/03\/DEIMOS-FOTO1.png","contentUrl":"https:\/\/iep-sa.com.ar\/wp-content\/uploads\/2025\/03\/DEIMOS-FOTO1.png","width":968,"height":884},{"@type":"BreadcrumbList","@id":"https:\/\/iep-sa.com.ar\/producto\/deimos\/#breadcrumb","itemListElement":[{"@type":"ListItem","position":1,"name":"Portada","item":"https:\/\/iep-sa.com.ar\/"},{"@type":"ListItem","position":2,"name":"Productos","item":"https:\/\/iep-sa.com.ar\/productos\/"},{"@type":"ListItem","position":3,"name":"DEIMOS"}]},{"@type":"WebSite","@id":"https:\/\/iep-sa.com.ar\/#website","url":"https:\/\/iep-sa.com.ar\/","name":"IEP - Iluminaci\u00f3n Eficiente Profesional","description":"Iluminaci\u00f3n Vial - Profesional - Decorativa - Estacionamientos - Gasolineras - Deportiva - P\u00fablica - Privada","publisher":{"@id":"https:\/\/iep-sa.com.ar\/#organization"},"potentialAction":[{"@type":"SearchAction","target":{"@type":"EntryPoint","urlTemplate":"https:\/\/iep-sa.com.ar\/?s={search_term_string}"},"query-input":{"@type":"PropertyValueSpecification","valueRequired":true,"valueName":"search_term_string"}}],"inLanguage":"es"},{"@type":"Organization","@id":"https:\/\/iep-sa.com.ar\/#organization","name":"IEP - Iluminaci\u00f3n Eficiente Profesional","url":"https:\/\/iep-sa.com.ar\/","logo":{"@type":"ImageObject","inLanguage":"es","@id":"https:\/\/iep-sa.com.ar\/#\/schema\/logo\/image\/","url":"https:\/\/iep-sa.com.ar\/wp-content\/uploads\/2022\/11\/cropped-favicon.jpg","contentUrl":"https:\/\/iep-sa.com.ar\/wp-content\/uploads\/2022\/11\/cropped-favicon.jpg","width":512,"height":512,"caption":"IEP - Iluminaci\u00f3n Eficiente Profesional"},"image":{"@id":"https:\/\/iep-sa.com.ar\/#\/schema\/logo\/image\/"}}]}},"_links":{"self":[{"href":"https:\/\/iep-sa.com.ar\/nuevo\/wp-json\/wp\/v2\/product\/5594","targetHints":{"allow":["GET"]}}],"collection":[{"href":"https:\/\/iep-sa.com.ar\/nuevo\/wp-json\/wp\/v2\/product"}],"about":[{"href":"https:\/\/iep-sa.com.ar\/nuevo\/wp-json\/wp\/v2\/types\/product"}],"wp:featuredmedia":[{"embeddable":true,"href":"https:\/\/iep-sa.com.ar\/nuevo\/wp-json\/wp\/v2\/media\/5596"}],"wp:attachment":[{"href":"https:\/\/iep-sa.com.ar\/nuevo\/wp-json\/wp\/v2\/media?parent=5594"}],"wp:term":[{"taxonomy":"product_brand","embeddable":true,"href":"https:\/\/iep-sa.com.ar\/nuevo\/wp-json\/wp\/v2\/product_brand?post=5594"},{"taxonomy":"product_cat","embeddable":true,"href":"https:\/\/iep-sa.com.ar\/nuevo\/wp-json\/wp\/v2\/product_cat?post=5594"},{"taxonomy":"product_tag","embeddable":true,"href":"https:\/\/iep-sa.com.ar\/nuevo\/wp-json\/wp\/v2\/product_tag?post=5594"}],"curies":[{"name":"wp","href":"https:\/\/api.w.org\/{rel}","templated":true}]}}