{"id":5539,"date":"2024-11-11T15:39:14","date_gmt":"2024-11-11T15:39:14","guid":{"rendered":"https:\/\/iep-sa.com.ar\/nuevo\/?post_type=product&#038;p=5539"},"modified":"2025-03-21T12:35:33","modified_gmt":"2025-03-21T12:35:33","slug":"enia-3-0","status":"publish","type":"product","link":"https:\/\/iep-sa.com.ar\/nuevo\/producto\/enia-3-0\/","title":{"rendered":"ENIA 3.0"},"content":{"rendered":"<h3 style=\"text-align: left;\"><strong>CARACTERISTICAS<\/strong><\/h3>\n<p><a href=\"https:\/\/iep-sa.com.ar\/wp-content\/uploads\/2024\/11\/ENIA-3.0-IT.png\"><img fetchpriority=\"high\" decoding=\"async\" class=\" wp-image-5543 alignleft\" src=\"https:\/\/iep-sa.com.ar\/wp-content\/uploads\/2024\/11\/ENIA-3.0-IT-1024x164.png\" alt=\"\" width=\"829\" height=\"248\" \/><\/a><\/p>\n<p>&nbsp;<\/p>\n<p>&nbsp;<\/p>\n<h3><\/h3>\n<h4><\/h4>\n<h4><\/h4>\n<h4><\/h4>\n<h4><\/h4>\n<p>&nbsp;<\/p>\n<p>&nbsp;<\/p>\n<p>&nbsp;<\/p>\n<h4 style=\"text-align: left;\"><span style=\"color: #808080;\">Diferentes configuraciones<\/span><\/h4>\n<h3><a href=\"https:\/\/iep-sa.com.ar\/wp-content\/uploads\/2021\/11\/ENIA-4.png\"><img decoding=\"async\" class=\"size-large wp-image-4671 alignleft\" src=\"https:\/\/iep-sa.com.ar\/wp-content\/uploads\/2021\/11\/ENIA-4-1024x560.png\" alt=\"\" width=\"640\" height=\"350\" srcset=\"https:\/\/iep-sa.com.ar\/wp-content\/uploads\/2021\/11\/ENIA-4-1024x560.png 1024w, https:\/\/iep-sa.com.ar\/wp-content\/uploads\/2021\/11\/ENIA-4-300x164.png 300w, https:\/\/iep-sa.com.ar\/wp-content\/uploads\/2021\/11\/ENIA-4-768x420.png 768w, https:\/\/iep-sa.com.ar\/wp-content\/uploads\/2021\/11\/ENIA-4-600x328.png 600w, https:\/\/iep-sa.com.ar\/wp-content\/uploads\/2021\/11\/ENIA-4.png 1336w\" sizes=\"(max-width: 640px) 100vw, 640px\" \/><\/a><\/h3>\n<h3><\/h3>\n<p>&nbsp;<\/p>\n<p>&nbsp;<\/p>\n<p>&nbsp;<\/p>\n<p>&nbsp;<\/p>\n<h3><\/h3>\n<h3><\/h3>\n<h3><\/h3>\n<h3><\/h3>\n<h3><\/h3>\n<h3><\/h3>\n<p>&nbsp;<\/p>\n<p>&nbsp;<\/p>\n<p>&nbsp;<\/p>\n<p>&nbsp;<\/p>\n<h3><\/h3>\n<h3 style=\"text-align: left;\"><strong>MEDIDAS<\/strong><\/h3>\n<p><a href=\"https:\/\/iep-sa.com.ar\/wp-content\/uploads\/2024\/11\/ENIA-3.0-MEDIDA-1.png\"><img decoding=\"async\" class=\" wp-image-5545 alignleft\" src=\"https:\/\/iep-sa.com.ar\/wp-content\/uploads\/2024\/11\/ENIA-3.0-MEDIDA-1.png\" alt=\"\" width=\"611\" height=\"331\" \/><\/a> <a href=\"https:\/\/iep-sa.com.ar\/wp-content\/uploads\/2024\/11\/ENIA-3.0-MEDIDA-2.png\"><img loading=\"lazy\" decoding=\"async\" class=\" wp-image-5544 alignleft\" src=\"https:\/\/iep-sa.com.ar\/wp-content\/uploads\/2024\/11\/ENIA-3.0-MEDIDA-2.png\" alt=\"\" width=\"604\" height=\"415\" \/><\/a><\/p>\n<h3><\/h3>\n<h3><\/h3>\n<h3><\/h3>\n<h3><\/h3>\n<h3><\/h3>\n<h3><\/h3>\n<h3><\/h3>\n<h3><\/h3>\n<h3><\/h3>\n<p>&nbsp;<\/p>\n<p>&nbsp;<\/p>\n<p>&nbsp;<\/p>\n<h3><\/h3>\n<p>&nbsp;<\/p>\n<p>&nbsp;<\/p>\n<p>&nbsp;<\/p>\n<p>&nbsp;<\/p>\n<p>&nbsp;<\/p>\n<p>&nbsp;<\/p>\n<p>&nbsp;<\/p>\n<p>&nbsp;<\/p>\n<p>&nbsp;<\/p>\n<h3 style=\"text-align: left;\"><strong>CURVAS FOTOM\u00c9TRICAS<\/strong><\/h3>\n<p><a href=\"https:\/\/iep-sa.com.ar\/wp-content\/uploads\/2024\/11\/ENIA-3.0-FOTOMETRIA.png\"><img loading=\"lazy\" decoding=\"async\" class=\" wp-image-5546 alignleft\" src=\"https:\/\/iep-sa.com.ar\/wp-content\/uploads\/2024\/11\/ENIA-3.0-FOTOMETRIA-1024x462.png\" alt=\"\" width=\"470\" height=\"212\" srcset=\"https:\/\/iep-sa.com.ar\/wp-content\/uploads\/2024\/11\/ENIA-3.0-FOTOMETRIA-1024x462.png 1024w, https:\/\/iep-sa.com.ar\/wp-content\/uploads\/2024\/11\/ENIA-3.0-FOTOMETRIA-300x135.png 300w, https:\/\/iep-sa.com.ar\/wp-content\/uploads\/2024\/11\/ENIA-3.0-FOTOMETRIA-768x347.png 768w, https:\/\/iep-sa.com.ar\/wp-content\/uploads\/2024\/11\/ENIA-3.0-FOTOMETRIA-600x271.png 600w, https:\/\/iep-sa.com.ar\/wp-content\/uploads\/2024\/11\/ENIA-3.0-FOTOMETRIA.png 1046w\" sizes=\"(max-width: 470px) 100vw, 470px\" \/><\/a><a href=\"https:\/\/iep-sa.com.ar\/wp-content\/uploads\/2021\/11\/EKAT-FOTOMETRIAS-01.jpg\"><br \/>\n<\/a><a href=\"https:\/\/iep-sa.com.ar\/wp-content\/uploads\/2021\/11\/ANUBIS-FOTOMETRIA-01.jpg\"><br \/>\n<\/a><\/p>\n<h3><\/h3>\n<h3><\/h3>\n<h3><\/h3>\n<h3><\/h3>\n<h3><\/h3>\n<p>&nbsp;<\/p>\n<p>&nbsp;<\/p>\n<p>&nbsp;<\/p>\n<h3><\/h3>\n<p>&nbsp;<\/p>\n<p>&nbsp;<\/p>\n<p>&nbsp;<\/p>\n<h3><\/h3>\n<h3 style=\"text-align: left;\"><b>DESCARGAS<\/b><\/h3>\n<h4 style=\"text-align: left;\"><a href=\"https:\/\/iep-sa.com.ar\/wp-content\/uploads\/2024\/11\/Enia-3.0-2.pdf\" target=\"_blank\" rel=\"noopener\">Ficha T\u00e9cnica ENIA <\/a>3.0<\/h4>\n<h4 style=\"text-align: left;\"><a href=\"https:\/\/iep-sa.com.ar\/wp-content\/uploads\/2021\/11\/Fotometrias-Enia-2.0.zip\" target=\"_blank\" rel=\"noopener\">Fotometr\u00edas ENIA<\/a><\/h4>\n<h4 style=\"text-align: left;\"><a href=\"https:\/\/iep-sa.com.ar\/wp-content\/uploads\/2021\/11\/ENIA.dwg_-1.zip\" target=\"_blank\" rel=\"noopener\">Cad ENIA<\/a><\/h4>\n<h4 style=\"text-align: left;\"><\/h4>\n","protected":false},"excerpt":{"rendered":"<div class=\"page\" title=\"Page 2\">\n<div class=\"layoutArea\">\n<div class=\"column\">\n<p style=\"text-align: left;\">Esta farola es un a\u0301rbol de luz que nacio\u0301 con un triple objetivo: ofrecer una iluminacio\u0301n proyectada hacia el pavimento, consumos reducidos y un nu\u0301mero opcional de luminarias en distintas alturas y posiciones. Luminaria de disen\u0303o moderno, adecuada para aplicaciones de alumbrado en parques y espacios pu\u0301blicos. Cuerpo en extrusio\u0301n de aluminio acabado con pintura epoxi. Grado de estanqueidad IP 66<\/p>\n<p style=\"text-align: left;\">Enia 3.0, se pens\u00f3 para una Bajo brillo, teniendo la fuente lum\u00ednica recedida, con una mejor protecci\u00f3n y cuidado el deslumbramiento.<\/p>\n<\/div>\n<\/div>\n<\/div>\n","protected":false},"featured_media":5547,"template":"","meta":{"_joinchat":[]},"product_brand":[],"product_cat":[118,125,128,76,135,127,126,124,157,158,59],"product_tag":[],"class_list":{"0":"post-5539","1":"product","2":"type-product","3":"status-publish","4":"has-post-thumbnail","6":"product_cat-aceras","7":"product_cat-bicisendas","8":"product_cat-costaneras","9":"product_cat-estacionamientos","10":"product_cat-exterior","11":"product_cat-paseos","12":"product_cat-peatonales","13":"product_cat-plazas","14":"product_cat-telegestion-y-domotica","15":"product_cat-urbanizacion","16":"product_cat-urbano-decorativo","18":"first","19":"instock","20":"shipping-taxable","21":"product-type-simple","22":"layout-style-1","23":"col-md-4 col-sm-4 col-xs-6","24":"col-lg-3","25":"product-has-gallery","26":"product-style-default"},"yoast_head":"<!-- This site is optimized with the Yoast SEO plugin v27.4 - https:\/\/yoast.com\/product\/yoast-seo-wordpress\/ -->\n<title>ENIA 3.0 - IEP - Iluminaci\u00f3n Eficiente Profesional<\/title>\n<meta name=\"robots\" content=\"index, follow, max-snippet:-1, max-image-preview:large, max-video-preview:-1\" \/>\n<link rel=\"canonical\" href=\"https:\/\/iep-sa.com.ar\/producto\/enia-3-0\/\" \/>\n<meta property=\"og:locale\" content=\"es_ES\" \/>\n<meta property=\"og:type\" content=\"article\" \/>\n<meta property=\"og:title\" content=\"ENIA 3.0 - IEP - Iluminaci\u00f3n Eficiente Profesional\" \/>\n<meta property=\"og:description\" content=\"Esta farola es un a\u0301rbol de luz que nacio\u0301 con un triple objetivo: ofrecer una iluminacio\u0301n proyectada hacia el pavimento, consumos reducidos y un nu\u0301mero opcional de luminarias en distintas alturas y posiciones. Luminaria de disen\u0303o moderno, adecuada para aplicaciones de alumbrado en parques y espacios pu\u0301blicos. Cuerpo en extrusio\u0301n de aluminio acabado con pintura epoxi. Grado de estanqueidad IP 66 Enia 3.0, se pens\u00f3 para una Bajo brillo, teniendo la fuente lum\u00ednica recedida, con una mejor protecci\u00f3n y cuidado el deslumbramiento.\" \/>\n<meta property=\"og:url\" content=\"https:\/\/iep-sa.com.ar\/producto\/enia-3-0\/\" \/>\n<meta property=\"og:site_name\" content=\"IEP - Iluminaci\u00f3n Eficiente Profesional\" \/>\n<meta property=\"article:modified_time\" content=\"2025-03-21T12:35:33+00:00\" \/>\n<meta property=\"og:image\" content=\"https:\/\/lightyellow-boar-299687.hostingersite.com\/wp-content\/uploads\/2024\/11\/ENIA-3.0.png\" \/>\n\t<meta property=\"og:image:width\" content=\"736\" \/>\n\t<meta property=\"og:image:height\" content=\"714\" \/>\n\t<meta property=\"og:image:type\" content=\"image\/png\" \/>\n<meta name=\"twitter:card\" content=\"summary_large_image\" \/>\n<meta name=\"twitter:label1\" content=\"Tiempo de lectura\" \/>\n\t<meta name=\"twitter:data1\" content=\"2 minutos\" \/>\n<script type=\"application\/ld+json\" class=\"yoast-schema-graph\">{\"@context\":\"https:\\\/\\\/schema.org\",\"@graph\":[{\"@type\":\"WebPage\",\"@id\":\"https:\\\/\\\/iep-sa.com.ar\\\/producto\\\/enia-3-0\\\/\",\"url\":\"https:\\\/\\\/iep-sa.com.ar\\\/producto\\\/enia-3-0\\\/\",\"name\":\"ENIA 3.0 - IEP - Iluminaci\u00f3n Eficiente Profesional\",\"isPartOf\":{\"@id\":\"https:\\\/\\\/iep-sa.com.ar\\\/#website\"},\"primaryImageOfPage\":{\"@id\":\"https:\\\/\\\/iep-sa.com.ar\\\/producto\\\/enia-3-0\\\/#primaryimage\"},\"image\":{\"@id\":\"https:\\\/\\\/iep-sa.com.ar\\\/producto\\\/enia-3-0\\\/#primaryimage\"},\"thumbnailUrl\":\"https:\\\/\\\/iep-sa.com.ar\\\/wp-content\\\/uploads\\\/2024\\\/11\\\/ENIA-3.0.png\",\"datePublished\":\"2024-11-11T15:39:14+00:00\",\"dateModified\":\"2025-03-21T12:35:33+00:00\",\"breadcrumb\":{\"@id\":\"https:\\\/\\\/iep-sa.com.ar\\\/producto\\\/enia-3-0\\\/#breadcrumb\"},\"inLanguage\":\"es\",\"potentialAction\":[{\"@type\":\"ReadAction\",\"target\":[\"https:\\\/\\\/iep-sa.com.ar\\\/producto\\\/enia-3-0\\\/\"]}]},{\"@type\":\"ImageObject\",\"inLanguage\":\"es\",\"@id\":\"https:\\\/\\\/iep-sa.com.ar\\\/producto\\\/enia-3-0\\\/#primaryimage\",\"url\":\"https:\\\/\\\/iep-sa.com.ar\\\/wp-content\\\/uploads\\\/2024\\\/11\\\/ENIA-3.0.png\",\"contentUrl\":\"https:\\\/\\\/iep-sa.com.ar\\\/wp-content\\\/uploads\\\/2024\\\/11\\\/ENIA-3.0.png\",\"width\":736,\"height\":714},{\"@type\":\"BreadcrumbList\",\"@id\":\"https:\\\/\\\/iep-sa.com.ar\\\/producto\\\/enia-3-0\\\/#breadcrumb\",\"itemListElement\":[{\"@type\":\"ListItem\",\"position\":1,\"name\":\"Portada\",\"item\":\"https:\\\/\\\/iep-sa.com.ar\\\/\"},{\"@type\":\"ListItem\",\"position\":2,\"name\":\"Productos\",\"item\":\"https:\\\/\\\/iep-sa.com.ar\\\/productos\\\/\"},{\"@type\":\"ListItem\",\"position\":3,\"name\":\"ENIA 3.0\"}]},{\"@type\":\"WebSite\",\"@id\":\"https:\\\/\\\/iep-sa.com.ar\\\/#website\",\"url\":\"https:\\\/\\\/iep-sa.com.ar\\\/\",\"name\":\"IEP - Iluminaci\u00f3n Eficiente Profesional\",\"description\":\"Iluminaci\u00f3n Vial - Profesional - Decorativa - Estacionamientos - Gasolineras - Deportiva - P\u00fablica - Privada\",\"publisher\":{\"@id\":\"https:\\\/\\\/iep-sa.com.ar\\\/#organization\"},\"potentialAction\":[{\"@type\":\"SearchAction\",\"target\":{\"@type\":\"EntryPoint\",\"urlTemplate\":\"https:\\\/\\\/iep-sa.com.ar\\\/?s={search_term_string}\"},\"query-input\":{\"@type\":\"PropertyValueSpecification\",\"valueRequired\":true,\"valueName\":\"search_term_string\"}}],\"inLanguage\":\"es\"},{\"@type\":\"Organization\",\"@id\":\"https:\\\/\\\/iep-sa.com.ar\\\/#organization\",\"name\":\"IEP - Iluminaci\u00f3n Eficiente Profesional\",\"url\":\"https:\\\/\\\/iep-sa.com.ar\\\/\",\"logo\":{\"@type\":\"ImageObject\",\"inLanguage\":\"es\",\"@id\":\"https:\\\/\\\/iep-sa.com.ar\\\/#\\\/schema\\\/logo\\\/image\\\/\",\"url\":\"https:\\\/\\\/iep-sa.com.ar\\\/wp-content\\\/uploads\\\/2022\\\/11\\\/cropped-favicon.jpg\",\"contentUrl\":\"https:\\\/\\\/iep-sa.com.ar\\\/wp-content\\\/uploads\\\/2022\\\/11\\\/cropped-favicon.jpg\",\"width\":512,\"height\":512,\"caption\":\"IEP - Iluminaci\u00f3n Eficiente Profesional\"},\"image\":{\"@id\":\"https:\\\/\\\/iep-sa.com.ar\\\/#\\\/schema\\\/logo\\\/image\\\/\"}}]}<\/script>\n<!-- \/ Yoast SEO plugin. -->","yoast_head_json":{"title":"ENIA 3.0 - IEP - Iluminaci\u00f3n Eficiente Profesional","robots":{"index":"index","follow":"follow","max-snippet":"max-snippet:-1","max-image-preview":"max-image-preview:large","max-video-preview":"max-video-preview:-1"},"canonical":"https:\/\/iep-sa.com.ar\/producto\/enia-3-0\/","og_locale":"es_ES","og_type":"article","og_title":"ENIA 3.0 - IEP - Iluminaci\u00f3n Eficiente Profesional","og_description":"Esta farola es un a\u0301rbol de luz que nacio\u0301 con un triple objetivo: ofrecer una iluminacio\u0301n proyectada hacia el pavimento, consumos reducidos y un nu\u0301mero opcional de luminarias en distintas alturas y posiciones. Luminaria de disen\u0303o moderno, adecuada para aplicaciones de alumbrado en parques y espacios pu\u0301blicos. Cuerpo en extrusio\u0301n de aluminio acabado con pintura epoxi. Grado de estanqueidad IP 66 Enia 3.0, se pens\u00f3 para una Bajo brillo, teniendo la fuente lum\u00ednica recedida, con una mejor protecci\u00f3n y cuidado el deslumbramiento.","og_url":"https:\/\/iep-sa.com.ar\/producto\/enia-3-0\/","og_site_name":"IEP - Iluminaci\u00f3n Eficiente Profesional","article_modified_time":"2025-03-21T12:35:33+00:00","og_image":[{"width":736,"height":714,"url":"https:\/\/lightyellow-boar-299687.hostingersite.com\/wp-content\/uploads\/2024\/11\/ENIA-3.0.png","type":"image\/png"}],"twitter_card":"summary_large_image","twitter_misc":{"Tiempo de lectura":"2 minutos"},"schema":{"@context":"https:\/\/schema.org","@graph":[{"@type":"WebPage","@id":"https:\/\/iep-sa.com.ar\/producto\/enia-3-0\/","url":"https:\/\/iep-sa.com.ar\/producto\/enia-3-0\/","name":"ENIA 3.0 - IEP - Iluminaci\u00f3n Eficiente Profesional","isPartOf":{"@id":"https:\/\/iep-sa.com.ar\/#website"},"primaryImageOfPage":{"@id":"https:\/\/iep-sa.com.ar\/producto\/enia-3-0\/#primaryimage"},"image":{"@id":"https:\/\/iep-sa.com.ar\/producto\/enia-3-0\/#primaryimage"},"thumbnailUrl":"https:\/\/iep-sa.com.ar\/wp-content\/uploads\/2024\/11\/ENIA-3.0.png","datePublished":"2024-11-11T15:39:14+00:00","dateModified":"2025-03-21T12:35:33+00:00","breadcrumb":{"@id":"https:\/\/iep-sa.com.ar\/producto\/enia-3-0\/#breadcrumb"},"inLanguage":"es","potentialAction":[{"@type":"ReadAction","target":["https:\/\/iep-sa.com.ar\/producto\/enia-3-0\/"]}]},{"@type":"ImageObject","inLanguage":"es","@id":"https:\/\/iep-sa.com.ar\/producto\/enia-3-0\/#primaryimage","url":"https:\/\/iep-sa.com.ar\/wp-content\/uploads\/2024\/11\/ENIA-3.0.png","contentUrl":"https:\/\/iep-sa.com.ar\/wp-content\/uploads\/2024\/11\/ENIA-3.0.png","width":736,"height":714},{"@type":"BreadcrumbList","@id":"https:\/\/iep-sa.com.ar\/producto\/enia-3-0\/#breadcrumb","itemListElement":[{"@type":"ListItem","position":1,"name":"Portada","item":"https:\/\/iep-sa.com.ar\/"},{"@type":"ListItem","position":2,"name":"Productos","item":"https:\/\/iep-sa.com.ar\/productos\/"},{"@type":"ListItem","position":3,"name":"ENIA 3.0"}]},{"@type":"WebSite","@id":"https:\/\/iep-sa.com.ar\/#website","url":"https:\/\/iep-sa.com.ar\/","name":"IEP - Iluminaci\u00f3n Eficiente Profesional","description":"Iluminaci\u00f3n Vial - Profesional - Decorativa - Estacionamientos - Gasolineras - Deportiva - P\u00fablica - Privada","publisher":{"@id":"https:\/\/iep-sa.com.ar\/#organization"},"potentialAction":[{"@type":"SearchAction","target":{"@type":"EntryPoint","urlTemplate":"https:\/\/iep-sa.com.ar\/?s={search_term_string}"},"query-input":{"@type":"PropertyValueSpecification","valueRequired":true,"valueName":"search_term_string"}}],"inLanguage":"es"},{"@type":"Organization","@id":"https:\/\/iep-sa.com.ar\/#organization","name":"IEP - Iluminaci\u00f3n Eficiente Profesional","url":"https:\/\/iep-sa.com.ar\/","logo":{"@type":"ImageObject","inLanguage":"es","@id":"https:\/\/iep-sa.com.ar\/#\/schema\/logo\/image\/","url":"https:\/\/iep-sa.com.ar\/wp-content\/uploads\/2022\/11\/cropped-favicon.jpg","contentUrl":"https:\/\/iep-sa.com.ar\/wp-content\/uploads\/2022\/11\/cropped-favicon.jpg","width":512,"height":512,"caption":"IEP - Iluminaci\u00f3n Eficiente Profesional"},"image":{"@id":"https:\/\/iep-sa.com.ar\/#\/schema\/logo\/image\/"}}]}},"_links":{"self":[{"href":"https:\/\/iep-sa.com.ar\/nuevo\/wp-json\/wp\/v2\/product\/5539","targetHints":{"allow":["GET"]}}],"collection":[{"href":"https:\/\/iep-sa.com.ar\/nuevo\/wp-json\/wp\/v2\/product"}],"about":[{"href":"https:\/\/iep-sa.com.ar\/nuevo\/wp-json\/wp\/v2\/types\/product"}],"wp:featuredmedia":[{"embeddable":true,"href":"https:\/\/iep-sa.com.ar\/nuevo\/wp-json\/wp\/v2\/media\/5547"}],"wp:attachment":[{"href":"https:\/\/iep-sa.com.ar\/nuevo\/wp-json\/wp\/v2\/media?parent=5539"}],"wp:term":[{"taxonomy":"product_brand","embeddable":true,"href":"https:\/\/iep-sa.com.ar\/nuevo\/wp-json\/wp\/v2\/product_brand?post=5539"},{"taxonomy":"product_cat","embeddable":true,"href":"https:\/\/iep-sa.com.ar\/nuevo\/wp-json\/wp\/v2\/product_cat?post=5539"},{"taxonomy":"product_tag","embeddable":true,"href":"https:\/\/iep-sa.com.ar\/nuevo\/wp-json\/wp\/v2\/product_tag?post=5539"}],"curies":[{"name":"wp","href":"https:\/\/api.w.org\/{rel}","templated":true}]}}