{"id":5457,"date":"2024-05-28T17:06:25","date_gmt":"2024-05-28T17:06:25","guid":{"rendered":"https:\/\/iep-sa.com.ar\/nuevo\/?post_type=product&#038;p=5457"},"modified":"2024-05-28T17:31:50","modified_gmt":"2024-05-28T17:31:50","slug":"dot-proyector","status":"publish","type":"product","link":"https:\/\/iep-sa.com.ar\/nuevo\/producto\/dot-proyector\/","title":{"rendered":"DOT Proyector"},"content":{"rendered":"<h3 style=\"text-align: left;\"><strong>CARACTERISTICAS<\/strong><\/h3>\n<p><img fetchpriority=\"high\" decoding=\"async\" class=\"size-large wp-image-5458 alignleft\" src=\"https:\/\/iep-sa.com.ar\/wp-content\/uploads\/2024\/05\/dot-caracteristicas-1024x168.png\" alt=\"\" width=\"640\" height=\"105\" srcset=\"https:\/\/iep-sa.com.ar\/wp-content\/uploads\/2024\/05\/dot-caracteristicas-1024x168.png 1024w, https:\/\/iep-sa.com.ar\/wp-content\/uploads\/2024\/05\/dot-caracteristicas-300x49.png 300w, https:\/\/iep-sa.com.ar\/wp-content\/uploads\/2024\/05\/dot-caracteristicas-768x126.png 768w, https:\/\/iep-sa.com.ar\/wp-content\/uploads\/2024\/05\/dot-caracteristicas-1536x252.png 1536w, https:\/\/iep-sa.com.ar\/wp-content\/uploads\/2024\/05\/dot-caracteristicas-600x98.png 600w, https:\/\/iep-sa.com.ar\/wp-content\/uploads\/2024\/05\/dot-caracteristicas.png 1966w\" sizes=\"(max-width: 640px) 100vw, 640px\" \/><\/p>\n<p>&nbsp;<\/p>\n<p>&nbsp;<\/p>\n<p>&nbsp;<\/p>\n<p>&nbsp;<\/p>\n<p><img decoding=\"async\" class=\"size-large wp-image-5462 alignleft\" src=\"https:\/\/iep-sa.com.ar\/wp-content\/uploads\/2024\/05\/dot-caracteristicas-3-1024x755.png\" alt=\"\" width=\"640\" height=\"472\" srcset=\"https:\/\/iep-sa.com.ar\/wp-content\/uploads\/2024\/05\/dot-caracteristicas-3-1024x755.png 1024w, https:\/\/iep-sa.com.ar\/wp-content\/uploads\/2024\/05\/dot-caracteristicas-3-300x221.png 300w, https:\/\/iep-sa.com.ar\/wp-content\/uploads\/2024\/05\/dot-caracteristicas-3-768x567.png 768w, https:\/\/iep-sa.com.ar\/wp-content\/uploads\/2024\/05\/dot-caracteristicas-3-600x443.png 600w, https:\/\/iep-sa.com.ar\/wp-content\/uploads\/2024\/05\/dot-caracteristicas-3.png 1342w\" sizes=\"(max-width: 640px) 100vw, 640px\" \/><\/p>\n<p>&nbsp;<\/p>\n<p>&nbsp;<\/p>\n<p><img decoding=\"async\" class=\"size-large wp-image-5461 alignleft\" src=\"https:\/\/iep-sa.com.ar\/wp-content\/uploads\/2024\/05\/dot-caracteristicas-2.png\" alt=\"\" width=\"640\" height=\"119\" srcset=\"https:\/\/iep-sa.com.ar\/wp-content\/uploads\/2024\/05\/dot-caracteristicas-2.png 950w, https:\/\/iep-sa.com.ar\/wp-content\/uploads\/2024\/05\/dot-caracteristicas-2-300x56.png 300w, https:\/\/iep-sa.com.ar\/wp-content\/uploads\/2024\/05\/dot-caracteristicas-2-768x142.png 768w, https:\/\/iep-sa.com.ar\/wp-content\/uploads\/2024\/05\/dot-caracteristicas-2-600x111.png 600w\" sizes=\"(max-width: 640px) 100vw, 640px\" \/><\/p>\n<p>&nbsp;<\/p>\n<p>&nbsp;<\/p>\n<p>&nbsp;<\/p>\n<p>&nbsp;<\/p>\n<p>&nbsp;<\/p>\n<p>&nbsp;<\/p>\n<p>&nbsp;<\/p>\n<p>&nbsp;<\/p>\n<p>&nbsp;<\/p>\n<h3><\/h3>\n<h3><\/h3>\n<h3><\/h3>\n<h3><\/h3>\n<p>&nbsp;<\/p>\n<p>&nbsp;<\/p>\n<p>&nbsp;<\/p>\n<h3 style=\"text-align: left;\"><strong>MEDIDAS<\/strong><\/h3>\n<p><img loading=\"lazy\" decoding=\"async\" class=\"wp-image-5459 alignleft\" src=\"https:\/\/iep-sa.com.ar\/wp-content\/uploads\/2024\/05\/dot-medidas.png\" alt=\"\" width=\"471\" height=\"206\" srcset=\"https:\/\/iep-sa.com.ar\/wp-content\/uploads\/2024\/05\/dot-medidas.png 902w, https:\/\/iep-sa.com.ar\/wp-content\/uploads\/2024\/05\/dot-medidas-300x131.png 300w, https:\/\/iep-sa.com.ar\/wp-content\/uploads\/2024\/05\/dot-medidas-768x335.png 768w, https:\/\/iep-sa.com.ar\/wp-content\/uploads\/2024\/05\/dot-medidas-600x262.png 600w\" sizes=\"(max-width: 471px) 100vw, 471px\" \/><\/p>\n<h3 style=\"text-align: left;\"><\/h3>\n<h3><\/h3>\n<p>&nbsp;<\/p>\n<p>&nbsp;<\/p>\n<p>&nbsp;<\/p>\n<p>&nbsp;<\/p>\n<p>&nbsp;<\/p>\n<h3><\/h3>\n<h3><\/h3>\n<h3><\/h3>\n<h3 style=\"text-align: left;\"><strong>CURVAS FOTOM\u00c9TRICAS<\/strong><\/h3>\n<p><img loading=\"lazy\" decoding=\"async\" class=\" wp-image-5460 alignleft\" src=\"https:\/\/iep-sa.com.ar\/wp-content\/uploads\/2024\/05\/dot-fotometrias.png\" alt=\"\" width=\"435\" height=\"123\" srcset=\"https:\/\/iep-sa.com.ar\/wp-content\/uploads\/2024\/05\/dot-fotometrias.png 756w, https:\/\/iep-sa.com.ar\/wp-content\/uploads\/2024\/05\/dot-fotometrias-300x85.png 300w, https:\/\/iep-sa.com.ar\/wp-content\/uploads\/2024\/05\/dot-fotometrias-750x214.png 750w, https:\/\/iep-sa.com.ar\/wp-content\/uploads\/2024\/05\/dot-fotometrias-600x170.png 600w\" sizes=\"(max-width: 435px) 100vw, 435px\" \/><\/p>\n<h3><\/h3>\n<h3><\/h3>\n<p>&nbsp;<\/p>\n<p>&nbsp;<\/p>\n<h3><\/h3>\n<p>&nbsp;<\/p>\n<p>&nbsp;<\/p>\n<h3><\/h3>\n<p>&nbsp;<\/p>\n<p>&nbsp;<\/p>\n<h3 style=\"text-align: left;\"><b>DESCARGAS<\/b><\/h3>\n<p style=\"text-align: left;\"><a href=\"https:\/\/iep-sa.com.ar\/wp-content\/uploads\/2024\/05\/Dot-proyector.pdf\" target=\"_blank\" rel=\"noopener\">Ficha T\u00e9cnica DOT PROYECTOR<\/a><\/p>\n<p>&nbsp;<\/p>\n","protected":false},"excerpt":{"rendered":"<h4 style=\"text-align: left;\"><strong>DESCRIPCI\u00d3N T\u00c9CNICA<\/strong><\/h4>\n<div class=\"page\" title=\"Page 2\">\n<div class=\"layoutArea\">\n<div class=\"column\">\n<div class=\"page\" title=\"Page 2\">\n<div class=\"layoutArea\">\n<div class=\"column\">\n<p style=\"text-align: left;\">Dot proporciona flexibilidad y armonia proyectual para lograr focos de iluminacio\u0301n con destaques ambiciosos y esenograficos, cuidando el confort visual. Disen\u0303ado para complementar elegantemente cualquier espacio pu\u0301blico, combina a la perfeccio\u0301n con un entorno histo\u0301rico o contempora\u0301neo. Luminaria de disen\u0303o minimalista, adecuada para aplicaciones de alumbrado en paseos urbanos tanto pu\u0301blicos como privados. Cuerpo en fundicio\u0301n de aluminio, el aluminio es fuerte, liviano, resistente a la corrosio\u0301n y a las roturas por si mismo. Es duradero y adema\u0301s muy versa\u0301til, contribuye a la economi\u0301a circular ya que es un material sustentable e infinitamente reciclable.<\/p>\n<\/div>\n<\/div>\n<\/div>\n<\/div>\n<\/div>\n<\/div>\n","protected":false},"featured_media":5465,"template":"","meta":{"_joinchat":[]},"product_brand":[],"product_cat":[125,128,76,135,60,145,144,127,126,146,124,59],"product_tag":[],"class_list":{"0":"post-5457","1":"product","2":"type-product","3":"status-publish","4":"has-post-thumbnail","6":"product_cat-bicisendas","7":"product_cat-costaneras","8":"product_cat-estacionamientos","9":"product_cat-exterior","10":"product_cat-exterior-decorativo","11":"product_cat-jardines","12":"product_cat-parques","13":"product_cat-paseos","14":"product_cat-peatonales","15":"product_cat-piscinas","16":"product_cat-plazas","17":"product_cat-urbano-decorativo","19":"first","20":"instock","21":"shipping-taxable","22":"product-type-simple","23":"layout-style-1","24":"col-md-4 col-sm-4 col-xs-6","25":"col-lg-3","26":"product-has-gallery","27":"product-style-default"},"yoast_head":"<!-- This site is optimized with the Yoast SEO plugin v27.4 - https:\/\/yoast.com\/product\/yoast-seo-wordpress\/ -->\n<title>DOT Proyector - IEP - Iluminaci\u00f3n Eficiente Profesional<\/title>\n<meta name=\"robots\" content=\"index, follow, max-snippet:-1, max-image-preview:large, max-video-preview:-1\" \/>\n<link rel=\"canonical\" href=\"https:\/\/iep-sa.com.ar\/producto\/dot-proyector\/\" \/>\n<meta property=\"og:locale\" content=\"es_ES\" \/>\n<meta property=\"og:type\" content=\"article\" \/>\n<meta property=\"og:title\" content=\"DOT Proyector - IEP - Iluminaci\u00f3n Eficiente Profesional\" \/>\n<meta property=\"og:description\" content=\"DESCRIPCI\u00d3N T\u00c9CNICA       Dot proporciona flexibilidad y armonia proyectual para lograr focos de iluminacio\u0301n con destaques ambiciosos y esenograficos, cuidando el confort visual. Disen\u0303ado para complementar elegantemente cualquier espacio pu\u0301blico, combina a la perfeccio\u0301n con un entorno histo\u0301rico o contempora\u0301neo. Luminaria de disen\u0303o minimalista, adecuada para aplicaciones de alumbrado en paseos urbanos tanto pu\u0301blicos como privados. Cuerpo en fundicio\u0301n de aluminio, el aluminio es fuerte, liviano, resistente a la corrosio\u0301n y a las roturas por si mismo. Es duradero y adema\u0301s muy versa\u0301til, contribuye a la economi\u0301a circular ya que es un material sustentable e infinitamente reciclable.\" \/>\n<meta property=\"og:url\" content=\"https:\/\/iep-sa.com.ar\/producto\/dot-proyector\/\" \/>\n<meta property=\"og:site_name\" content=\"IEP - Iluminaci\u00f3n Eficiente Profesional\" \/>\n<meta property=\"article:modified_time\" content=\"2024-05-28T17:31:50+00:00\" \/>\n<meta property=\"og:image\" content=\"https:\/\/lightyellow-boar-299687.hostingersite.com\/wp-content\/uploads\/2024\/05\/Dot-fotos.png\" \/>\n\t<meta property=\"og:image:width\" content=\"728\" \/>\n\t<meta property=\"og:image:height\" content=\"734\" \/>\n\t<meta property=\"og:image:type\" content=\"image\/png\" \/>\n<meta name=\"twitter:card\" content=\"summary_large_image\" \/>\n<meta name=\"twitter:label1\" content=\"Tiempo de lectura\" \/>\n\t<meta name=\"twitter:data1\" content=\"2 minutos\" \/>\n<script type=\"application\/ld+json\" class=\"yoast-schema-graph\">{\"@context\":\"https:\\\/\\\/schema.org\",\"@graph\":[{\"@type\":\"WebPage\",\"@id\":\"https:\\\/\\\/iep-sa.com.ar\\\/producto\\\/dot-proyector\\\/\",\"url\":\"https:\\\/\\\/iep-sa.com.ar\\\/producto\\\/dot-proyector\\\/\",\"name\":\"DOT Proyector - IEP - Iluminaci\u00f3n Eficiente Profesional\",\"isPartOf\":{\"@id\":\"https:\\\/\\\/iep-sa.com.ar\\\/#website\"},\"primaryImageOfPage\":{\"@id\":\"https:\\\/\\\/iep-sa.com.ar\\\/producto\\\/dot-proyector\\\/#primaryimage\"},\"image\":{\"@id\":\"https:\\\/\\\/iep-sa.com.ar\\\/producto\\\/dot-proyector\\\/#primaryimage\"},\"thumbnailUrl\":\"https:\\\/\\\/iep-sa.com.ar\\\/wp-content\\\/uploads\\\/2024\\\/05\\\/Dot-fotos.png\",\"datePublished\":\"2024-05-28T17:06:25+00:00\",\"dateModified\":\"2024-05-28T17:31:50+00:00\",\"breadcrumb\":{\"@id\":\"https:\\\/\\\/iep-sa.com.ar\\\/producto\\\/dot-proyector\\\/#breadcrumb\"},\"inLanguage\":\"es\",\"potentialAction\":[{\"@type\":\"ReadAction\",\"target\":[\"https:\\\/\\\/iep-sa.com.ar\\\/producto\\\/dot-proyector\\\/\"]}]},{\"@type\":\"ImageObject\",\"inLanguage\":\"es\",\"@id\":\"https:\\\/\\\/iep-sa.com.ar\\\/producto\\\/dot-proyector\\\/#primaryimage\",\"url\":\"https:\\\/\\\/iep-sa.com.ar\\\/wp-content\\\/uploads\\\/2024\\\/05\\\/Dot-fotos.png\",\"contentUrl\":\"https:\\\/\\\/iep-sa.com.ar\\\/wp-content\\\/uploads\\\/2024\\\/05\\\/Dot-fotos.png\",\"width\":728,\"height\":734},{\"@type\":\"BreadcrumbList\",\"@id\":\"https:\\\/\\\/iep-sa.com.ar\\\/producto\\\/dot-proyector\\\/#breadcrumb\",\"itemListElement\":[{\"@type\":\"ListItem\",\"position\":1,\"name\":\"Portada\",\"item\":\"https:\\\/\\\/iep-sa.com.ar\\\/\"},{\"@type\":\"ListItem\",\"position\":2,\"name\":\"Productos\",\"item\":\"https:\\\/\\\/iep-sa.com.ar\\\/productos\\\/\"},{\"@type\":\"ListItem\",\"position\":3,\"name\":\"DOT Proyector\"}]},{\"@type\":\"WebSite\",\"@id\":\"https:\\\/\\\/iep-sa.com.ar\\\/#website\",\"url\":\"https:\\\/\\\/iep-sa.com.ar\\\/\",\"name\":\"IEP - Iluminaci\u00f3n Eficiente Profesional\",\"description\":\"Iluminaci\u00f3n Vial - Profesional - Decorativa - Estacionamientos - Gasolineras - Deportiva - P\u00fablica - Privada\",\"publisher\":{\"@id\":\"https:\\\/\\\/iep-sa.com.ar\\\/#organization\"},\"potentialAction\":[{\"@type\":\"SearchAction\",\"target\":{\"@type\":\"EntryPoint\",\"urlTemplate\":\"https:\\\/\\\/iep-sa.com.ar\\\/?s={search_term_string}\"},\"query-input\":{\"@type\":\"PropertyValueSpecification\",\"valueRequired\":true,\"valueName\":\"search_term_string\"}}],\"inLanguage\":\"es\"},{\"@type\":\"Organization\",\"@id\":\"https:\\\/\\\/iep-sa.com.ar\\\/#organization\",\"name\":\"IEP - Iluminaci\u00f3n Eficiente Profesional\",\"url\":\"https:\\\/\\\/iep-sa.com.ar\\\/\",\"logo\":{\"@type\":\"ImageObject\",\"inLanguage\":\"es\",\"@id\":\"https:\\\/\\\/iep-sa.com.ar\\\/#\\\/schema\\\/logo\\\/image\\\/\",\"url\":\"https:\\\/\\\/iep-sa.com.ar\\\/wp-content\\\/uploads\\\/2022\\\/11\\\/cropped-favicon.jpg\",\"contentUrl\":\"https:\\\/\\\/iep-sa.com.ar\\\/wp-content\\\/uploads\\\/2022\\\/11\\\/cropped-favicon.jpg\",\"width\":512,\"height\":512,\"caption\":\"IEP - Iluminaci\u00f3n Eficiente Profesional\"},\"image\":{\"@id\":\"https:\\\/\\\/iep-sa.com.ar\\\/#\\\/schema\\\/logo\\\/image\\\/\"}}]}<\/script>\n<!-- \/ Yoast SEO plugin. -->","yoast_head_json":{"title":"DOT Proyector - IEP - Iluminaci\u00f3n Eficiente Profesional","robots":{"index":"index","follow":"follow","max-snippet":"max-snippet:-1","max-image-preview":"max-image-preview:large","max-video-preview":"max-video-preview:-1"},"canonical":"https:\/\/iep-sa.com.ar\/producto\/dot-proyector\/","og_locale":"es_ES","og_type":"article","og_title":"DOT Proyector - IEP - Iluminaci\u00f3n Eficiente Profesional","og_description":"DESCRIPCI\u00d3N T\u00c9CNICA       Dot proporciona flexibilidad y armonia proyectual para lograr focos de iluminacio\u0301n con destaques ambiciosos y esenograficos, cuidando el confort visual. Disen\u0303ado para complementar elegantemente cualquier espacio pu\u0301blico, combina a la perfeccio\u0301n con un entorno histo\u0301rico o contempora\u0301neo. Luminaria de disen\u0303o minimalista, adecuada para aplicaciones de alumbrado en paseos urbanos tanto pu\u0301blicos como privados. Cuerpo en fundicio\u0301n de aluminio, el aluminio es fuerte, liviano, resistente a la corrosio\u0301n y a las roturas por si mismo. Es duradero y adema\u0301s muy versa\u0301til, contribuye a la economi\u0301a circular ya que es un material sustentable e infinitamente reciclable.","og_url":"https:\/\/iep-sa.com.ar\/producto\/dot-proyector\/","og_site_name":"IEP - Iluminaci\u00f3n Eficiente Profesional","article_modified_time":"2024-05-28T17:31:50+00:00","og_image":[{"width":728,"height":734,"url":"https:\/\/lightyellow-boar-299687.hostingersite.com\/wp-content\/uploads\/2024\/05\/Dot-fotos.png","type":"image\/png"}],"twitter_card":"summary_large_image","twitter_misc":{"Tiempo de lectura":"2 minutos"},"schema":{"@context":"https:\/\/schema.org","@graph":[{"@type":"WebPage","@id":"https:\/\/iep-sa.com.ar\/producto\/dot-proyector\/","url":"https:\/\/iep-sa.com.ar\/producto\/dot-proyector\/","name":"DOT Proyector - IEP - Iluminaci\u00f3n Eficiente Profesional","isPartOf":{"@id":"https:\/\/iep-sa.com.ar\/#website"},"primaryImageOfPage":{"@id":"https:\/\/iep-sa.com.ar\/producto\/dot-proyector\/#primaryimage"},"image":{"@id":"https:\/\/iep-sa.com.ar\/producto\/dot-proyector\/#primaryimage"},"thumbnailUrl":"https:\/\/iep-sa.com.ar\/wp-content\/uploads\/2024\/05\/Dot-fotos.png","datePublished":"2024-05-28T17:06:25+00:00","dateModified":"2024-05-28T17:31:50+00:00","breadcrumb":{"@id":"https:\/\/iep-sa.com.ar\/producto\/dot-proyector\/#breadcrumb"},"inLanguage":"es","potentialAction":[{"@type":"ReadAction","target":["https:\/\/iep-sa.com.ar\/producto\/dot-proyector\/"]}]},{"@type":"ImageObject","inLanguage":"es","@id":"https:\/\/iep-sa.com.ar\/producto\/dot-proyector\/#primaryimage","url":"https:\/\/iep-sa.com.ar\/wp-content\/uploads\/2024\/05\/Dot-fotos.png","contentUrl":"https:\/\/iep-sa.com.ar\/wp-content\/uploads\/2024\/05\/Dot-fotos.png","width":728,"height":734},{"@type":"BreadcrumbList","@id":"https:\/\/iep-sa.com.ar\/producto\/dot-proyector\/#breadcrumb","itemListElement":[{"@type":"ListItem","position":1,"name":"Portada","item":"https:\/\/iep-sa.com.ar\/"},{"@type":"ListItem","position":2,"name":"Productos","item":"https:\/\/iep-sa.com.ar\/productos\/"},{"@type":"ListItem","position":3,"name":"DOT Proyector"}]},{"@type":"WebSite","@id":"https:\/\/iep-sa.com.ar\/#website","url":"https:\/\/iep-sa.com.ar\/","name":"IEP - Iluminaci\u00f3n Eficiente Profesional","description":"Iluminaci\u00f3n Vial - Profesional - Decorativa - Estacionamientos - Gasolineras - Deportiva - P\u00fablica - Privada","publisher":{"@id":"https:\/\/iep-sa.com.ar\/#organization"},"potentialAction":[{"@type":"SearchAction","target":{"@type":"EntryPoint","urlTemplate":"https:\/\/iep-sa.com.ar\/?s={search_term_string}"},"query-input":{"@type":"PropertyValueSpecification","valueRequired":true,"valueName":"search_term_string"}}],"inLanguage":"es"},{"@type":"Organization","@id":"https:\/\/iep-sa.com.ar\/#organization","name":"IEP - Iluminaci\u00f3n Eficiente Profesional","url":"https:\/\/iep-sa.com.ar\/","logo":{"@type":"ImageObject","inLanguage":"es","@id":"https:\/\/iep-sa.com.ar\/#\/schema\/logo\/image\/","url":"https:\/\/iep-sa.com.ar\/wp-content\/uploads\/2022\/11\/cropped-favicon.jpg","contentUrl":"https:\/\/iep-sa.com.ar\/wp-content\/uploads\/2022\/11\/cropped-favicon.jpg","width":512,"height":512,"caption":"IEP - Iluminaci\u00f3n Eficiente Profesional"},"image":{"@id":"https:\/\/iep-sa.com.ar\/#\/schema\/logo\/image\/"}}]}},"_links":{"self":[{"href":"https:\/\/iep-sa.com.ar\/nuevo\/wp-json\/wp\/v2\/product\/5457","targetHints":{"allow":["GET"]}}],"collection":[{"href":"https:\/\/iep-sa.com.ar\/nuevo\/wp-json\/wp\/v2\/product"}],"about":[{"href":"https:\/\/iep-sa.com.ar\/nuevo\/wp-json\/wp\/v2\/types\/product"}],"wp:featuredmedia":[{"embeddable":true,"href":"https:\/\/iep-sa.com.ar\/nuevo\/wp-json\/wp\/v2\/media\/5465"}],"wp:attachment":[{"href":"https:\/\/iep-sa.com.ar\/nuevo\/wp-json\/wp\/v2\/media?parent=5457"}],"wp:term":[{"taxonomy":"product_brand","embeddable":true,"href":"https:\/\/iep-sa.com.ar\/nuevo\/wp-json\/wp\/v2\/product_brand?post=5457"},{"taxonomy":"product_cat","embeddable":true,"href":"https:\/\/iep-sa.com.ar\/nuevo\/wp-json\/wp\/v2\/product_cat?post=5457"},{"taxonomy":"product_tag","embeddable":true,"href":"https:\/\/iep-sa.com.ar\/nuevo\/wp-json\/wp\/v2\/product_tag?post=5457"}],"curies":[{"name":"wp","href":"https:\/\/api.w.org\/{rel}","templated":true}]}}