{"id":5438,"date":"2024-04-23T11:09:28","date_gmt":"2024-04-23T11:09:28","guid":{"rendered":"https:\/\/iep-sa.com.ar\/nuevo\/?post_type=product&#038;p=5438"},"modified":"2024-04-23T11:40:43","modified_gmt":"2024-04-23T11:40:43","slug":"loky-2-0","status":"publish","type":"product","link":"https:\/\/iep-sa.com.ar\/nuevo\/producto\/loky-2-0\/","title":{"rendered":"LOKY 2.0"},"content":{"rendered":"<h4 style=\"text-align: left;\"><strong>CARACTERISTICAS<\/strong><\/h4>\n<h4 style=\"text-align: left;\"><a href=\"https:\/\/iep-sa.com.ar\/wp-content\/uploads\/2024\/04\/loky-2-1.png\"><img fetchpriority=\"high\" decoding=\"async\" class=\" wp-image-5441 alignleft\" src=\"https:\/\/iep-sa.com.ar\/wp-content\/uploads\/2024\/04\/loky-2-1-1024x198.png\" alt=\"\" width=\"681\" height=\"132\" srcset=\"https:\/\/iep-sa.com.ar\/wp-content\/uploads\/2024\/04\/loky-2-1-1024x198.png 1024w, https:\/\/iep-sa.com.ar\/wp-content\/uploads\/2024\/04\/loky-2-1-300x58.png 300w, https:\/\/iep-sa.com.ar\/wp-content\/uploads\/2024\/04\/loky-2-1-768x148.png 768w, https:\/\/iep-sa.com.ar\/wp-content\/uploads\/2024\/04\/loky-2-1-1536x297.png 1536w, https:\/\/iep-sa.com.ar\/wp-content\/uploads\/2024\/04\/loky-2-1-600x116.png 600w, https:\/\/iep-sa.com.ar\/wp-content\/uploads\/2024\/04\/loky-2-1.png 1986w\" sizes=\"(max-width: 681px) 100vw, 681px\" \/><\/a><\/h4>\n<h4><\/h4>\n<p>&nbsp;<\/p>\n<p>&nbsp;<\/p>\n<p>&nbsp;<\/p>\n<p>&nbsp;<\/p>\n<p><a href=\"https:\/\/iep-sa.com.ar\/wp-content\/uploads\/2024\/04\/Captura-de-pantalla-2024-04-23-a-las-08.26.33.png\"><img decoding=\"async\" class=\" wp-image-5444 alignleft\" src=\"https:\/\/iep-sa.com.ar\/wp-content\/uploads\/2024\/04\/Captura-de-pantalla-2024-04-23-a-las-08.26.33-1024x702.png\" alt=\"\" width=\"534\" height=\"366\" srcset=\"https:\/\/iep-sa.com.ar\/wp-content\/uploads\/2024\/04\/Captura-de-pantalla-2024-04-23-a-las-08.26.33-1024x702.png 1024w, https:\/\/iep-sa.com.ar\/wp-content\/uploads\/2024\/04\/Captura-de-pantalla-2024-04-23-a-las-08.26.33-300x206.png 300w, https:\/\/iep-sa.com.ar\/wp-content\/uploads\/2024\/04\/Captura-de-pantalla-2024-04-23-a-las-08.26.33-768x527.png 768w, https:\/\/iep-sa.com.ar\/wp-content\/uploads\/2024\/04\/Captura-de-pantalla-2024-04-23-a-las-08.26.33-600x411.png 600w, https:\/\/iep-sa.com.ar\/wp-content\/uploads\/2024\/04\/Captura-de-pantalla-2024-04-23-a-las-08.26.33.png 1190w\" sizes=\"(max-width: 534px) 100vw, 534px\" \/><\/a><\/p>\n<p>&nbsp;<\/p>\n<h4><\/h4>\n<h4><\/h4>\n<h4><\/h4>\n<h4><\/h4>\n<h4><\/h4>\n<h4><\/h4>\n<h4><\/h4>\n<h4><\/h4>\n<h4 style=\"text-align: left;\"><strong>MEDIDAS<\/strong><\/h4>\n<p><img decoding=\"async\" class=\" wp-image-5442 alignleft\" src=\"https:\/\/iep-sa.com.ar\/wp-content\/uploads\/2024\/04\/loky-2-medidas.png\" alt=\"\" width=\"271\" height=\"178\" srcset=\"https:\/\/iep-sa.com.ar\/wp-content\/uploads\/2024\/04\/loky-2-medidas.png 408w, https:\/\/iep-sa.com.ar\/wp-content\/uploads\/2024\/04\/loky-2-medidas-300x197.png 300w\" sizes=\"(max-width: 271px) 100vw, 271px\" \/><\/p>\n<p>&nbsp;<\/p>\n<p>&nbsp;<\/p>\n<p>&nbsp;<\/p>\n<p>&nbsp;<\/p>\n<p>&nbsp;<\/p>\n<p>&nbsp;<\/p>\n<p>&nbsp;<\/p>\n<p>&nbsp;<\/p>\n<h4 style=\"text-align: left;\"><strong>CURVAS FOTOM\u00c9TRICAS<\/strong><\/h4>\n<p><img loading=\"lazy\" decoding=\"async\" class=\" wp-image-5440 alignleft\" src=\"https:\/\/iep-sa.com.ar\/wp-content\/uploads\/2024\/04\/loky-2-2.png\" alt=\"\" width=\"458\" height=\"138\" srcset=\"https:\/\/iep-sa.com.ar\/wp-content\/uploads\/2024\/04\/loky-2-2.png 894w, https:\/\/iep-sa.com.ar\/wp-content\/uploads\/2024\/04\/loky-2-2-300x91.png 300w, https:\/\/iep-sa.com.ar\/wp-content\/uploads\/2024\/04\/loky-2-2-768x232.png 768w, https:\/\/iep-sa.com.ar\/wp-content\/uploads\/2024\/04\/loky-2-2-600x181.png 600w\" sizes=\"(max-width: 458px) 100vw, 458px\" \/><\/p>\n<p>&nbsp;<\/p>\n<p>&nbsp;<\/p>\n<p>&nbsp;<\/p>\n<p>&nbsp;<\/p>\n<p>&nbsp;<\/p>\n<p>&nbsp;<\/p>\n<h4 style=\"text-align: left;\"><strong>DESCARGAS<\/strong><\/h4>\n<p style=\"text-align: left;\"><a style=\"font-size: 14px;\" href=\"https:\/\/iep-sa.com.ar\/wp-content\/uploads\/2024\/04\/Loky-2.pdf\">Loky 2 Ficha T\u00e9cnica<\/a><\/p>\n<p style=\"text-align: left;\"><a href=\"https:\/\/iep-sa.com.ar\/wp-content\/uploads\/2021\/10\/fotometria-loky.zip\">Loky fotometrias<\/a><\/p>\n<div class=\"layoutArea\">\n<div class=\"column\">\n<div class=\"column\">\n<div class=\"wp-block-file\" style=\"text-align: left;\">\n<p style=\"text-align: left;\">\n<\/div>\n<\/div>\n<\/div>\n<\/div>\n","protected":false},"excerpt":{"rendered":"<p style=\"text-align: left;\">Luminaria lineal de LED para instalaci\u00f3n en techo, o suspendido. Cuerpo de aluminio extruido pintado, disponible con diferentes longitudes y disposiciones. Difusor en policarbonato\u00a0 trasparente u opal. Alimentaci\u00f3n integrada y equipado con conectores para garantizar la continuidad de la alimentaci\u00f3n.<\/p>\n","protected":false},"featured_media":5439,"template":"","meta":{"_joinchat":[]},"product_brand":[],"product_cat":[141,143,136,64,142,139,140,137],"product_tag":[],"class_list":{"0":"post-5438","1":"product","2":"type-product","3":"status-publish","4":"has-post-thumbnail","6":"product_cat-cajas-y-bancos","7":"product_cat-edificios-educativos-aulas","8":"product_cat-gasolinerias","9":"product_cat-interior-decorativo","10":"product_cat-locales-de-usos-multiples","11":"product_cat-oficinas","12":"product_cat-residencias","13":"product_cat-tiendas-gasolinerias","15":"first","16":"instock","17":"shipping-taxable","18":"product-type-simple","19":"layout-style-1","20":"col-md-4 col-sm-4 col-xs-6","21":"col-lg-3","22":"product-has-gallery","23":"product-style-default"},"yoast_head":"<!-- This site is optimized with the Yoast SEO plugin v27.4 - https:\/\/yoast.com\/product\/yoast-seo-wordpress\/ -->\n<title>LOKY 2.0 - IEP - Iluminaci\u00f3n Eficiente Profesional<\/title>\n<meta name=\"robots\" content=\"index, follow, max-snippet:-1, max-image-preview:large, max-video-preview:-1\" \/>\n<link rel=\"canonical\" href=\"https:\/\/iep-sa.com.ar\/producto\/loky-2-0\/\" \/>\n<meta property=\"og:locale\" content=\"es_ES\" \/>\n<meta property=\"og:type\" content=\"article\" \/>\n<meta property=\"og:title\" content=\"LOKY 2.0 - IEP - Iluminaci\u00f3n Eficiente Profesional\" \/>\n<meta property=\"og:description\" content=\"Luminaria lineal de LED para instalaci\u00f3n en techo, o suspendido. Cuerpo de aluminio extruido pintado, disponible con diferentes longitudes y disposiciones. Difusor en policarbonato\u00a0 trasparente u opal. Alimentaci\u00f3n integrada y equipado con conectores para garantizar la continuidad de la alimentaci\u00f3n.\" \/>\n<meta property=\"og:url\" content=\"https:\/\/iep-sa.com.ar\/producto\/loky-2-0\/\" \/>\n<meta property=\"og:site_name\" content=\"IEP - Iluminaci\u00f3n Eficiente Profesional\" \/>\n<meta property=\"article:modified_time\" content=\"2024-04-23T11:40:43+00:00\" \/>\n<meta property=\"og:image\" content=\"https:\/\/lightyellow-boar-299687.hostingersite.com\/wp-content\/uploads\/2024\/04\/Captura-de-pantalla-2024-04-23-a-las-08.19.31.png\" \/>\n\t<meta property=\"og:image:width\" content=\"408\" \/>\n\t<meta property=\"og:image:height\" content=\"374\" \/>\n\t<meta property=\"og:image:type\" content=\"image\/png\" \/>\n<meta name=\"twitter:card\" content=\"summary_large_image\" \/>\n<meta name=\"twitter:label1\" content=\"Tiempo de lectura\" \/>\n\t<meta name=\"twitter:data1\" content=\"2 minutos\" \/>\n<script type=\"application\/ld+json\" class=\"yoast-schema-graph\">{\"@context\":\"https:\\\/\\\/schema.org\",\"@graph\":[{\"@type\":\"WebPage\",\"@id\":\"https:\\\/\\\/iep-sa.com.ar\\\/producto\\\/loky-2-0\\\/\",\"url\":\"https:\\\/\\\/iep-sa.com.ar\\\/producto\\\/loky-2-0\\\/\",\"name\":\"LOKY 2.0 - IEP - Iluminaci\u00f3n Eficiente Profesional\",\"isPartOf\":{\"@id\":\"https:\\\/\\\/iep-sa.com.ar\\\/#website\"},\"primaryImageOfPage\":{\"@id\":\"https:\\\/\\\/iep-sa.com.ar\\\/producto\\\/loky-2-0\\\/#primaryimage\"},\"image\":{\"@id\":\"https:\\\/\\\/iep-sa.com.ar\\\/producto\\\/loky-2-0\\\/#primaryimage\"},\"thumbnailUrl\":\"https:\\\/\\\/iep-sa.com.ar\\\/wp-content\\\/uploads\\\/2024\\\/04\\\/Captura-de-pantalla-2024-04-23-a-las-08.19.31.png\",\"datePublished\":\"2024-04-23T11:09:28+00:00\",\"dateModified\":\"2024-04-23T11:40:43+00:00\",\"breadcrumb\":{\"@id\":\"https:\\\/\\\/iep-sa.com.ar\\\/producto\\\/loky-2-0\\\/#breadcrumb\"},\"inLanguage\":\"es\",\"potentialAction\":[{\"@type\":\"ReadAction\",\"target\":[\"https:\\\/\\\/iep-sa.com.ar\\\/producto\\\/loky-2-0\\\/\"]}]},{\"@type\":\"ImageObject\",\"inLanguage\":\"es\",\"@id\":\"https:\\\/\\\/iep-sa.com.ar\\\/producto\\\/loky-2-0\\\/#primaryimage\",\"url\":\"https:\\\/\\\/iep-sa.com.ar\\\/wp-content\\\/uploads\\\/2024\\\/04\\\/Captura-de-pantalla-2024-04-23-a-las-08.19.31.png\",\"contentUrl\":\"https:\\\/\\\/iep-sa.com.ar\\\/wp-content\\\/uploads\\\/2024\\\/04\\\/Captura-de-pantalla-2024-04-23-a-las-08.19.31.png\",\"width\":408,\"height\":374},{\"@type\":\"BreadcrumbList\",\"@id\":\"https:\\\/\\\/iep-sa.com.ar\\\/producto\\\/loky-2-0\\\/#breadcrumb\",\"itemListElement\":[{\"@type\":\"ListItem\",\"position\":1,\"name\":\"Portada\",\"item\":\"https:\\\/\\\/iep-sa.com.ar\\\/\"},{\"@type\":\"ListItem\",\"position\":2,\"name\":\"Productos\",\"item\":\"https:\\\/\\\/iep-sa.com.ar\\\/productos\\\/\"},{\"@type\":\"ListItem\",\"position\":3,\"name\":\"LOKY 2.0\"}]},{\"@type\":\"WebSite\",\"@id\":\"https:\\\/\\\/iep-sa.com.ar\\\/#website\",\"url\":\"https:\\\/\\\/iep-sa.com.ar\\\/\",\"name\":\"IEP - Iluminaci\u00f3n Eficiente Profesional\",\"description\":\"Iluminaci\u00f3n Vial - Profesional - Decorativa - Estacionamientos - Gasolineras - Deportiva - P\u00fablica - Privada\",\"publisher\":{\"@id\":\"https:\\\/\\\/iep-sa.com.ar\\\/#organization\"},\"potentialAction\":[{\"@type\":\"SearchAction\",\"target\":{\"@type\":\"EntryPoint\",\"urlTemplate\":\"https:\\\/\\\/iep-sa.com.ar\\\/?s={search_term_string}\"},\"query-input\":{\"@type\":\"PropertyValueSpecification\",\"valueRequired\":true,\"valueName\":\"search_term_string\"}}],\"inLanguage\":\"es\"},{\"@type\":\"Organization\",\"@id\":\"https:\\\/\\\/iep-sa.com.ar\\\/#organization\",\"name\":\"IEP - Iluminaci\u00f3n Eficiente Profesional\",\"url\":\"https:\\\/\\\/iep-sa.com.ar\\\/\",\"logo\":{\"@type\":\"ImageObject\",\"inLanguage\":\"es\",\"@id\":\"https:\\\/\\\/iep-sa.com.ar\\\/#\\\/schema\\\/logo\\\/image\\\/\",\"url\":\"https:\\\/\\\/iep-sa.com.ar\\\/wp-content\\\/uploads\\\/2022\\\/11\\\/cropped-favicon.jpg\",\"contentUrl\":\"https:\\\/\\\/iep-sa.com.ar\\\/wp-content\\\/uploads\\\/2022\\\/11\\\/cropped-favicon.jpg\",\"width\":512,\"height\":512,\"caption\":\"IEP - Iluminaci\u00f3n Eficiente Profesional\"},\"image\":{\"@id\":\"https:\\\/\\\/iep-sa.com.ar\\\/#\\\/schema\\\/logo\\\/image\\\/\"}}]}<\/script>\n<!-- \/ Yoast SEO plugin. -->","yoast_head_json":{"title":"LOKY 2.0 - IEP - Iluminaci\u00f3n Eficiente Profesional","robots":{"index":"index","follow":"follow","max-snippet":"max-snippet:-1","max-image-preview":"max-image-preview:large","max-video-preview":"max-video-preview:-1"},"canonical":"https:\/\/iep-sa.com.ar\/producto\/loky-2-0\/","og_locale":"es_ES","og_type":"article","og_title":"LOKY 2.0 - IEP - Iluminaci\u00f3n Eficiente Profesional","og_description":"Luminaria lineal de LED para instalaci\u00f3n en techo, o suspendido. Cuerpo de aluminio extruido pintado, disponible con diferentes longitudes y disposiciones. Difusor en policarbonato\u00a0 trasparente u opal. Alimentaci\u00f3n integrada y equipado con conectores para garantizar la continuidad de la alimentaci\u00f3n.","og_url":"https:\/\/iep-sa.com.ar\/producto\/loky-2-0\/","og_site_name":"IEP - Iluminaci\u00f3n Eficiente Profesional","article_modified_time":"2024-04-23T11:40:43+00:00","og_image":[{"width":408,"height":374,"url":"https:\/\/lightyellow-boar-299687.hostingersite.com\/wp-content\/uploads\/2024\/04\/Captura-de-pantalla-2024-04-23-a-las-08.19.31.png","type":"image\/png"}],"twitter_card":"summary_large_image","twitter_misc":{"Tiempo de lectura":"2 minutos"},"schema":{"@context":"https:\/\/schema.org","@graph":[{"@type":"WebPage","@id":"https:\/\/iep-sa.com.ar\/producto\/loky-2-0\/","url":"https:\/\/iep-sa.com.ar\/producto\/loky-2-0\/","name":"LOKY 2.0 - IEP - Iluminaci\u00f3n Eficiente Profesional","isPartOf":{"@id":"https:\/\/iep-sa.com.ar\/#website"},"primaryImageOfPage":{"@id":"https:\/\/iep-sa.com.ar\/producto\/loky-2-0\/#primaryimage"},"image":{"@id":"https:\/\/iep-sa.com.ar\/producto\/loky-2-0\/#primaryimage"},"thumbnailUrl":"https:\/\/iep-sa.com.ar\/wp-content\/uploads\/2024\/04\/Captura-de-pantalla-2024-04-23-a-las-08.19.31.png","datePublished":"2024-04-23T11:09:28+00:00","dateModified":"2024-04-23T11:40:43+00:00","breadcrumb":{"@id":"https:\/\/iep-sa.com.ar\/producto\/loky-2-0\/#breadcrumb"},"inLanguage":"es","potentialAction":[{"@type":"ReadAction","target":["https:\/\/iep-sa.com.ar\/producto\/loky-2-0\/"]}]},{"@type":"ImageObject","inLanguage":"es","@id":"https:\/\/iep-sa.com.ar\/producto\/loky-2-0\/#primaryimage","url":"https:\/\/iep-sa.com.ar\/wp-content\/uploads\/2024\/04\/Captura-de-pantalla-2024-04-23-a-las-08.19.31.png","contentUrl":"https:\/\/iep-sa.com.ar\/wp-content\/uploads\/2024\/04\/Captura-de-pantalla-2024-04-23-a-las-08.19.31.png","width":408,"height":374},{"@type":"BreadcrumbList","@id":"https:\/\/iep-sa.com.ar\/producto\/loky-2-0\/#breadcrumb","itemListElement":[{"@type":"ListItem","position":1,"name":"Portada","item":"https:\/\/iep-sa.com.ar\/"},{"@type":"ListItem","position":2,"name":"Productos","item":"https:\/\/iep-sa.com.ar\/productos\/"},{"@type":"ListItem","position":3,"name":"LOKY 2.0"}]},{"@type":"WebSite","@id":"https:\/\/iep-sa.com.ar\/#website","url":"https:\/\/iep-sa.com.ar\/","name":"IEP - Iluminaci\u00f3n Eficiente Profesional","description":"Iluminaci\u00f3n Vial - Profesional - Decorativa - Estacionamientos - Gasolineras - Deportiva - P\u00fablica - Privada","publisher":{"@id":"https:\/\/iep-sa.com.ar\/#organization"},"potentialAction":[{"@type":"SearchAction","target":{"@type":"EntryPoint","urlTemplate":"https:\/\/iep-sa.com.ar\/?s={search_term_string}"},"query-input":{"@type":"PropertyValueSpecification","valueRequired":true,"valueName":"search_term_string"}}],"inLanguage":"es"},{"@type":"Organization","@id":"https:\/\/iep-sa.com.ar\/#organization","name":"IEP - Iluminaci\u00f3n Eficiente Profesional","url":"https:\/\/iep-sa.com.ar\/","logo":{"@type":"ImageObject","inLanguage":"es","@id":"https:\/\/iep-sa.com.ar\/#\/schema\/logo\/image\/","url":"https:\/\/iep-sa.com.ar\/wp-content\/uploads\/2022\/11\/cropped-favicon.jpg","contentUrl":"https:\/\/iep-sa.com.ar\/wp-content\/uploads\/2022\/11\/cropped-favicon.jpg","width":512,"height":512,"caption":"IEP - Iluminaci\u00f3n Eficiente Profesional"},"image":{"@id":"https:\/\/iep-sa.com.ar\/#\/schema\/logo\/image\/"}}]}},"_links":{"self":[{"href":"https:\/\/iep-sa.com.ar\/nuevo\/wp-json\/wp\/v2\/product\/5438","targetHints":{"allow":["GET"]}}],"collection":[{"href":"https:\/\/iep-sa.com.ar\/nuevo\/wp-json\/wp\/v2\/product"}],"about":[{"href":"https:\/\/iep-sa.com.ar\/nuevo\/wp-json\/wp\/v2\/types\/product"}],"wp:featuredmedia":[{"embeddable":true,"href":"https:\/\/iep-sa.com.ar\/nuevo\/wp-json\/wp\/v2\/media\/5439"}],"wp:attachment":[{"href":"https:\/\/iep-sa.com.ar\/nuevo\/wp-json\/wp\/v2\/media?parent=5438"}],"wp:term":[{"taxonomy":"product_brand","embeddable":true,"href":"https:\/\/iep-sa.com.ar\/nuevo\/wp-json\/wp\/v2\/product_brand?post=5438"},{"taxonomy":"product_cat","embeddable":true,"href":"https:\/\/iep-sa.com.ar\/nuevo\/wp-json\/wp\/v2\/product_cat?post=5438"},{"taxonomy":"product_tag","embeddable":true,"href":"https:\/\/iep-sa.com.ar\/nuevo\/wp-json\/wp\/v2\/product_tag?post=5438"}],"curies":[{"name":"wp","href":"https:\/\/api.w.org\/{rel}","templated":true}]}}