{"id":5288,"date":"2024-01-16T14:16:52","date_gmt":"2024-01-16T14:16:52","guid":{"rendered":"https:\/\/iep-sa.com.ar\/nuevo\/?post_type=product&#038;p=5288"},"modified":"2024-09-30T15:01:52","modified_gmt":"2024-09-30T15:01:52","slug":"sirah-proyector","status":"publish","type":"product","link":"https:\/\/iep-sa.com.ar\/nuevo\/producto\/sirah-proyector\/","title":{"rendered":"SIRAH Proyector"},"content":{"rendered":"<h3 style=\"text-align: left;\"><strong>CARACTERISTICAS<\/strong><\/h3>\n<p><a href=\"https:\/\/iep-sa.com.ar\/wp-content\/uploads\/2024\/01\/sirah-carcteristicas.png\"><img fetchpriority=\"high\" decoding=\"async\" class=\"size-large wp-image-5289 alignleft\" src=\"https:\/\/iep-sa.com.ar\/wp-content\/uploads\/2024\/01\/sirah-carcteristicas-1024x177.png\" alt=\"\" width=\"640\" height=\"111\" srcset=\"https:\/\/iep-sa.com.ar\/wp-content\/uploads\/2024\/01\/sirah-carcteristicas-1024x177.png 1024w, https:\/\/iep-sa.com.ar\/wp-content\/uploads\/2024\/01\/sirah-carcteristicas-300x52.png 300w, https:\/\/iep-sa.com.ar\/wp-content\/uploads\/2024\/01\/sirah-carcteristicas-768x133.png 768w, https:\/\/iep-sa.com.ar\/wp-content\/uploads\/2024\/01\/sirah-carcteristicas-600x104.png 600w, https:\/\/iep-sa.com.ar\/wp-content\/uploads\/2024\/01\/sirah-carcteristicas.png 1170w\" sizes=\"(max-width: 640px) 100vw, 640px\" \/><\/a><\/p>\n<p>&nbsp;<\/p>\n<p>&nbsp;<\/p>\n<p>&nbsp;<\/p>\n<p>&nbsp;<\/p>\n<p>&nbsp;<\/p>\n<p><a href=\"https:\/\/iep-sa.com.ar\/wp-content\/uploads\/2024\/01\/sira-dt.png\"><img decoding=\"async\" class=\"wp-image-5292 alignleft\" src=\"https:\/\/iep-sa.com.ar\/wp-content\/uploads\/2024\/01\/sira-dt.png\" alt=\"\" width=\"359\" height=\"294\" srcset=\"https:\/\/iep-sa.com.ar\/wp-content\/uploads\/2024\/01\/sira-dt.png 728w, https:\/\/iep-sa.com.ar\/wp-content\/uploads\/2024\/01\/sira-dt-300x246.png 300w, https:\/\/iep-sa.com.ar\/wp-content\/uploads\/2024\/01\/sira-dt-600x491.png 600w\" sizes=\"(max-width: 359px) 100vw, 359px\" \/><\/a><\/p>\n<p>&nbsp;<\/p>\n<p>&nbsp;<\/p>\n<p>&nbsp;<\/p>\n<p>&nbsp;<\/p>\n<p>&nbsp;<\/p>\n<p>&nbsp;<\/p>\n<p>&nbsp;<\/p>\n<p>&nbsp;<\/p>\n<p>&nbsp;<\/p>\n<p>&nbsp;<\/p>\n<p>&nbsp;<\/p>\n<p>&nbsp;<\/p>\n<p>&nbsp;<\/p>\n<p>&nbsp;<\/p>\n<p>&nbsp;<\/p>\n<p>&nbsp;<\/p>\n<p>&nbsp;<\/p>\n<p>&nbsp;<\/p>\n<h3 style=\"text-align: left;\"><strong>MEDIDAS<\/strong><\/h3>\n<h3><img decoding=\"async\" class=\"wp-image-5291 alignleft\" src=\"https:\/\/iep-sa.com.ar\/wp-content\/uploads\/2024\/01\/sirah-medidas.png\" alt=\"\" width=\"201\" height=\"257\" \/><\/h3>\n<h3><\/h3>\n<h3 style=\"text-align: left;\"><\/h3>\n<p>&nbsp;<\/p>\n<h3 style=\"text-align: left;\"><\/h3>\n<p>&nbsp;<\/p>\n<h3><\/h3>\n<p>&nbsp;<\/p>\n<p>&nbsp;<\/p>\n<p>&nbsp;<\/p>\n<h3 style=\"text-align: left;\"><strong>CURVAS FOTOM\u00c9TRICAS<\/strong><\/h3>\n<h3><a href=\"https:\/\/iep-sa.com.ar\/wp-content\/uploads\/2024\/01\/fotometrias-sirah.png\"><img loading=\"lazy\" decoding=\"async\" class=\" wp-image-5294 alignleft\" src=\"https:\/\/iep-sa.com.ar\/wp-content\/uploads\/2024\/01\/fotometrias-sirah-1024x290.png\" alt=\"\" width=\"481\" height=\"136\" srcset=\"https:\/\/iep-sa.com.ar\/wp-content\/uploads\/2024\/01\/fotometrias-sirah-1024x290.png 1024w, https:\/\/iep-sa.com.ar\/wp-content\/uploads\/2024\/01\/fotometrias-sirah-300x85.png 300w, https:\/\/iep-sa.com.ar\/wp-content\/uploads\/2024\/01\/fotometrias-sirah-768x218.png 768w, https:\/\/iep-sa.com.ar\/wp-content\/uploads\/2024\/01\/fotometrias-sirah-600x170.png 600w, https:\/\/iep-sa.com.ar\/wp-content\/uploads\/2024\/01\/fotometrias-sirah.png 1510w\" sizes=\"(max-width: 481px) 100vw, 481px\" \/><\/a><\/h3>\n<h3><\/h3>\n<h3><\/h3>\n<p>&nbsp;<\/p>\n<p>&nbsp;<\/p>\n<h3><\/h3>\n<p>&nbsp;<\/p>\n<p>&nbsp;<\/p>\n<h3><\/h3>\n<p>&nbsp;<\/p>\n<p>&nbsp;<\/p>\n<h3 style=\"text-align: left;\"><b>DESCARGAS<\/b><\/h3>\n<p style=\"text-align: left;\"><a href=\"https:\/\/iep-sa.com.ar\/wp-content\/uploads\/2024\/01\/Sirah-Proyector-1.pdf\" target=\"_blank\" rel=\"noopener\">Ficha T\u00e9cnica SIRAH PROYECTOR<\/a><\/p>\n<p>&nbsp;<\/p>\n","protected":false},"excerpt":{"rendered":"<h4 style=\"text-align: left;\"><strong>DESCRIPCI\u00d3N T\u00c9CNICA<\/strong><\/h4>\n<div class=\"page\" title=\"Page 2\">\n<div class=\"layoutArea\">\n<div class=\"column\">\n<p>Sirah proporciona flexibilidad y armonia proyectual para lograr focos de iluminacio\u0301n con destaques ambiciosos y escenogr\u00e1ficos, cuidando el confort visual. Disen\u0303ado para complementar elegantemente cualquier espacio pu\u0301blico, combina a la perfeccio\u0301n con un entorno histo\u0301rico o contempora\u0301neo.<\/p>\n<p>Luminaria de disen\u0303o minimalista, adecuada para aplicaciones de alumbrado en paseos urbanos tanto pu\u0301blicos como privados. Cuerpo en extrusion de aluminio, el aluminio es fuerte, liviano, resistente a la corrosio\u0301n y a las roturas por si mismo. Es duradero y adema\u0301s muy versa\u0301til, contribuye a la economi\u0301a circular ya que es un material sustentable e infinitamente reciclable. Protector optico en vidrio antibandalico<\/p>\n<\/div>\n<\/div>\n<\/div>\n","protected":false},"featured_media":5293,"template":"","meta":{"_joinchat":[]},"product_brand":[],"product_cat":[125,128,76,135,60,145,144,127,126,146,124,59],"product_tag":[],"class_list":{"0":"post-5288","1":"product","2":"type-product","3":"status-publish","4":"has-post-thumbnail","6":"product_cat-bicisendas","7":"product_cat-costaneras","8":"product_cat-estacionamientos","9":"product_cat-exterior","10":"product_cat-exterior-decorativo","11":"product_cat-jardines","12":"product_cat-parques","13":"product_cat-paseos","14":"product_cat-peatonales","15":"product_cat-piscinas","16":"product_cat-plazas","17":"product_cat-urbano-decorativo","19":"first","20":"instock","21":"shipping-taxable","22":"product-type-simple","23":"layout-style-1","24":"col-md-4 col-sm-4 col-xs-6","25":"col-lg-3","26":"product-has-gallery","27":"product-style-default"},"yoast_head":"<!-- This site is optimized with the Yoast SEO plugin v27.4 - https:\/\/yoast.com\/product\/yoast-seo-wordpress\/ -->\n<title>SIRAH Proyector - IEP - Iluminaci\u00f3n Eficiente Profesional<\/title>\n<meta name=\"robots\" content=\"index, follow, max-snippet:-1, max-image-preview:large, max-video-preview:-1\" \/>\n<link rel=\"canonical\" href=\"https:\/\/iep-sa.com.ar\/producto\/sirah-proyector\/\" \/>\n<meta property=\"og:locale\" content=\"es_ES\" \/>\n<meta property=\"og:type\" content=\"article\" \/>\n<meta property=\"og:title\" content=\"SIRAH Proyector - IEP - Iluminaci\u00f3n Eficiente Profesional\" \/>\n<meta property=\"og:description\" content=\"DESCRIPCI\u00d3N T\u00c9CNICA     Sirah proporciona flexibilidad y armonia proyectual para lograr focos de iluminacio\u0301n con destaques ambiciosos y escenogr\u00e1ficos, cuidando el confort visual. Disen\u0303ado para complementar elegantemente cualquier espacio pu\u0301blico, combina a la perfeccio\u0301n con un entorno histo\u0301rico o contempora\u0301neo.  Luminaria de disen\u0303o minimalista, adecuada para aplicaciones de alumbrado en paseos urbanos tanto pu\u0301blicos como privados. Cuerpo en extrusion de aluminio, el aluminio es fuerte, liviano, resistente a la corrosio\u0301n y a las roturas por si mismo. Es duradero y adema\u0301s muy versa\u0301til, contribuye a la economi\u0301a circular ya que es un material sustentable e infinitamente reciclable. Protector optico en vidrio antibandalico\" \/>\n<meta property=\"og:url\" content=\"https:\/\/iep-sa.com.ar\/producto\/sirah-proyector\/\" \/>\n<meta property=\"og:site_name\" content=\"IEP - Iluminaci\u00f3n Eficiente Profesional\" \/>\n<meta property=\"article:modified_time\" content=\"2024-09-30T15:01:52+00:00\" \/>\n<meta property=\"og:image\" content=\"https:\/\/lightyellow-boar-299687.hostingersite.com\/wp-content\/uploads\/2024\/01\/sirah-fotos-1.png\" \/>\n\t<meta property=\"og:image:width\" content=\"474\" \/>\n\t<meta property=\"og:image:height\" content=\"506\" \/>\n\t<meta property=\"og:image:type\" content=\"image\/png\" \/>\n<meta name=\"twitter:card\" content=\"summary_large_image\" \/>\n<meta name=\"twitter:label1\" content=\"Tiempo de lectura\" \/>\n\t<meta name=\"twitter:data1\" content=\"2 minutos\" \/>\n<script type=\"application\/ld+json\" class=\"yoast-schema-graph\">{\"@context\":\"https:\\\/\\\/schema.org\",\"@graph\":[{\"@type\":\"WebPage\",\"@id\":\"https:\\\/\\\/iep-sa.com.ar\\\/producto\\\/sirah-proyector\\\/\",\"url\":\"https:\\\/\\\/iep-sa.com.ar\\\/producto\\\/sirah-proyector\\\/\",\"name\":\"SIRAH Proyector - IEP - Iluminaci\u00f3n Eficiente Profesional\",\"isPartOf\":{\"@id\":\"https:\\\/\\\/iep-sa.com.ar\\\/#website\"},\"primaryImageOfPage\":{\"@id\":\"https:\\\/\\\/iep-sa.com.ar\\\/producto\\\/sirah-proyector\\\/#primaryimage\"},\"image\":{\"@id\":\"https:\\\/\\\/iep-sa.com.ar\\\/producto\\\/sirah-proyector\\\/#primaryimage\"},\"thumbnailUrl\":\"https:\\\/\\\/iep-sa.com.ar\\\/wp-content\\\/uploads\\\/2024\\\/01\\\/sirah-fotos-1.png\",\"datePublished\":\"2024-01-16T14:16:52+00:00\",\"dateModified\":\"2024-09-30T15:01:52+00:00\",\"breadcrumb\":{\"@id\":\"https:\\\/\\\/iep-sa.com.ar\\\/producto\\\/sirah-proyector\\\/#breadcrumb\"},\"inLanguage\":\"es\",\"potentialAction\":[{\"@type\":\"ReadAction\",\"target\":[\"https:\\\/\\\/iep-sa.com.ar\\\/producto\\\/sirah-proyector\\\/\"]}]},{\"@type\":\"ImageObject\",\"inLanguage\":\"es\",\"@id\":\"https:\\\/\\\/iep-sa.com.ar\\\/producto\\\/sirah-proyector\\\/#primaryimage\",\"url\":\"https:\\\/\\\/iep-sa.com.ar\\\/wp-content\\\/uploads\\\/2024\\\/01\\\/sirah-fotos-1.png\",\"contentUrl\":\"https:\\\/\\\/iep-sa.com.ar\\\/wp-content\\\/uploads\\\/2024\\\/01\\\/sirah-fotos-1.png\",\"width\":474,\"height\":506},{\"@type\":\"BreadcrumbList\",\"@id\":\"https:\\\/\\\/iep-sa.com.ar\\\/producto\\\/sirah-proyector\\\/#breadcrumb\",\"itemListElement\":[{\"@type\":\"ListItem\",\"position\":1,\"name\":\"Portada\",\"item\":\"https:\\\/\\\/iep-sa.com.ar\\\/\"},{\"@type\":\"ListItem\",\"position\":2,\"name\":\"Productos\",\"item\":\"https:\\\/\\\/iep-sa.com.ar\\\/productos\\\/\"},{\"@type\":\"ListItem\",\"position\":3,\"name\":\"SIRAH Proyector\"}]},{\"@type\":\"WebSite\",\"@id\":\"https:\\\/\\\/iep-sa.com.ar\\\/#website\",\"url\":\"https:\\\/\\\/iep-sa.com.ar\\\/\",\"name\":\"IEP - Iluminaci\u00f3n Eficiente Profesional\",\"description\":\"Iluminaci\u00f3n Vial - Profesional - Decorativa - Estacionamientos - Gasolineras - Deportiva - P\u00fablica - Privada\",\"publisher\":{\"@id\":\"https:\\\/\\\/iep-sa.com.ar\\\/#organization\"},\"potentialAction\":[{\"@type\":\"SearchAction\",\"target\":{\"@type\":\"EntryPoint\",\"urlTemplate\":\"https:\\\/\\\/iep-sa.com.ar\\\/?s={search_term_string}\"},\"query-input\":{\"@type\":\"PropertyValueSpecification\",\"valueRequired\":true,\"valueName\":\"search_term_string\"}}],\"inLanguage\":\"es\"},{\"@type\":\"Organization\",\"@id\":\"https:\\\/\\\/iep-sa.com.ar\\\/#organization\",\"name\":\"IEP - Iluminaci\u00f3n Eficiente Profesional\",\"url\":\"https:\\\/\\\/iep-sa.com.ar\\\/\",\"logo\":{\"@type\":\"ImageObject\",\"inLanguage\":\"es\",\"@id\":\"https:\\\/\\\/iep-sa.com.ar\\\/#\\\/schema\\\/logo\\\/image\\\/\",\"url\":\"https:\\\/\\\/iep-sa.com.ar\\\/wp-content\\\/uploads\\\/2022\\\/11\\\/cropped-favicon.jpg\",\"contentUrl\":\"https:\\\/\\\/iep-sa.com.ar\\\/wp-content\\\/uploads\\\/2022\\\/11\\\/cropped-favicon.jpg\",\"width\":512,\"height\":512,\"caption\":\"IEP - Iluminaci\u00f3n Eficiente Profesional\"},\"image\":{\"@id\":\"https:\\\/\\\/iep-sa.com.ar\\\/#\\\/schema\\\/logo\\\/image\\\/\"}}]}<\/script>\n<!-- \/ Yoast SEO plugin. -->","yoast_head_json":{"title":"SIRAH Proyector - IEP - Iluminaci\u00f3n Eficiente Profesional","robots":{"index":"index","follow":"follow","max-snippet":"max-snippet:-1","max-image-preview":"max-image-preview:large","max-video-preview":"max-video-preview:-1"},"canonical":"https:\/\/iep-sa.com.ar\/producto\/sirah-proyector\/","og_locale":"es_ES","og_type":"article","og_title":"SIRAH Proyector - IEP - Iluminaci\u00f3n Eficiente Profesional","og_description":"DESCRIPCI\u00d3N T\u00c9CNICA     Sirah proporciona flexibilidad y armonia proyectual para lograr focos de iluminacio\u0301n con destaques ambiciosos y escenogr\u00e1ficos, cuidando el confort visual. Disen\u0303ado para complementar elegantemente cualquier espacio pu\u0301blico, combina a la perfeccio\u0301n con un entorno histo\u0301rico o contempora\u0301neo.  Luminaria de disen\u0303o minimalista, adecuada para aplicaciones de alumbrado en paseos urbanos tanto pu\u0301blicos como privados. Cuerpo en extrusion de aluminio, el aluminio es fuerte, liviano, resistente a la corrosio\u0301n y a las roturas por si mismo. Es duradero y adema\u0301s muy versa\u0301til, contribuye a la economi\u0301a circular ya que es un material sustentable e infinitamente reciclable. Protector optico en vidrio antibandalico","og_url":"https:\/\/iep-sa.com.ar\/producto\/sirah-proyector\/","og_site_name":"IEP - Iluminaci\u00f3n Eficiente Profesional","article_modified_time":"2024-09-30T15:01:52+00:00","og_image":[{"width":474,"height":506,"url":"https:\/\/lightyellow-boar-299687.hostingersite.com\/wp-content\/uploads\/2024\/01\/sirah-fotos-1.png","type":"image\/png"}],"twitter_card":"summary_large_image","twitter_misc":{"Tiempo de lectura":"2 minutos"},"schema":{"@context":"https:\/\/schema.org","@graph":[{"@type":"WebPage","@id":"https:\/\/iep-sa.com.ar\/producto\/sirah-proyector\/","url":"https:\/\/iep-sa.com.ar\/producto\/sirah-proyector\/","name":"SIRAH Proyector - IEP - Iluminaci\u00f3n Eficiente Profesional","isPartOf":{"@id":"https:\/\/iep-sa.com.ar\/#website"},"primaryImageOfPage":{"@id":"https:\/\/iep-sa.com.ar\/producto\/sirah-proyector\/#primaryimage"},"image":{"@id":"https:\/\/iep-sa.com.ar\/producto\/sirah-proyector\/#primaryimage"},"thumbnailUrl":"https:\/\/iep-sa.com.ar\/wp-content\/uploads\/2024\/01\/sirah-fotos-1.png","datePublished":"2024-01-16T14:16:52+00:00","dateModified":"2024-09-30T15:01:52+00:00","breadcrumb":{"@id":"https:\/\/iep-sa.com.ar\/producto\/sirah-proyector\/#breadcrumb"},"inLanguage":"es","potentialAction":[{"@type":"ReadAction","target":["https:\/\/iep-sa.com.ar\/producto\/sirah-proyector\/"]}]},{"@type":"ImageObject","inLanguage":"es","@id":"https:\/\/iep-sa.com.ar\/producto\/sirah-proyector\/#primaryimage","url":"https:\/\/iep-sa.com.ar\/wp-content\/uploads\/2024\/01\/sirah-fotos-1.png","contentUrl":"https:\/\/iep-sa.com.ar\/wp-content\/uploads\/2024\/01\/sirah-fotos-1.png","width":474,"height":506},{"@type":"BreadcrumbList","@id":"https:\/\/iep-sa.com.ar\/producto\/sirah-proyector\/#breadcrumb","itemListElement":[{"@type":"ListItem","position":1,"name":"Portada","item":"https:\/\/iep-sa.com.ar\/"},{"@type":"ListItem","position":2,"name":"Productos","item":"https:\/\/iep-sa.com.ar\/productos\/"},{"@type":"ListItem","position":3,"name":"SIRAH Proyector"}]},{"@type":"WebSite","@id":"https:\/\/iep-sa.com.ar\/#website","url":"https:\/\/iep-sa.com.ar\/","name":"IEP - Iluminaci\u00f3n Eficiente Profesional","description":"Iluminaci\u00f3n Vial - Profesional - Decorativa - Estacionamientos - Gasolineras - Deportiva - P\u00fablica - Privada","publisher":{"@id":"https:\/\/iep-sa.com.ar\/#organization"},"potentialAction":[{"@type":"SearchAction","target":{"@type":"EntryPoint","urlTemplate":"https:\/\/iep-sa.com.ar\/?s={search_term_string}"},"query-input":{"@type":"PropertyValueSpecification","valueRequired":true,"valueName":"search_term_string"}}],"inLanguage":"es"},{"@type":"Organization","@id":"https:\/\/iep-sa.com.ar\/#organization","name":"IEP - Iluminaci\u00f3n Eficiente Profesional","url":"https:\/\/iep-sa.com.ar\/","logo":{"@type":"ImageObject","inLanguage":"es","@id":"https:\/\/iep-sa.com.ar\/#\/schema\/logo\/image\/","url":"https:\/\/iep-sa.com.ar\/wp-content\/uploads\/2022\/11\/cropped-favicon.jpg","contentUrl":"https:\/\/iep-sa.com.ar\/wp-content\/uploads\/2022\/11\/cropped-favicon.jpg","width":512,"height":512,"caption":"IEP - Iluminaci\u00f3n Eficiente Profesional"},"image":{"@id":"https:\/\/iep-sa.com.ar\/#\/schema\/logo\/image\/"}}]}},"_links":{"self":[{"href":"https:\/\/iep-sa.com.ar\/nuevo\/wp-json\/wp\/v2\/product\/5288","targetHints":{"allow":["GET"]}}],"collection":[{"href":"https:\/\/iep-sa.com.ar\/nuevo\/wp-json\/wp\/v2\/product"}],"about":[{"href":"https:\/\/iep-sa.com.ar\/nuevo\/wp-json\/wp\/v2\/types\/product"}],"wp:featuredmedia":[{"embeddable":true,"href":"https:\/\/iep-sa.com.ar\/nuevo\/wp-json\/wp\/v2\/media\/5293"}],"wp:attachment":[{"href":"https:\/\/iep-sa.com.ar\/nuevo\/wp-json\/wp\/v2\/media?parent=5288"}],"wp:term":[{"taxonomy":"product_brand","embeddable":true,"href":"https:\/\/iep-sa.com.ar\/nuevo\/wp-json\/wp\/v2\/product_brand?post=5288"},{"taxonomy":"product_cat","embeddable":true,"href":"https:\/\/iep-sa.com.ar\/nuevo\/wp-json\/wp\/v2\/product_cat?post=5288"},{"taxonomy":"product_tag","embeddable":true,"href":"https:\/\/iep-sa.com.ar\/nuevo\/wp-json\/wp\/v2\/product_tag?post=5288"}],"curies":[{"name":"wp","href":"https:\/\/api.w.org\/{rel}","templated":true}]}}