{"id":5273,"date":"2023-11-28T14:29:13","date_gmt":"2023-11-28T14:29:13","guid":{"rendered":"https:\/\/iep-sa.com.ar\/nuevo\/?post_type=product&#038;p=5273"},"modified":"2023-11-28T15:03:21","modified_gmt":"2023-11-28T15:03:21","slug":"polaris-ip","status":"publish","type":"product","link":"https:\/\/iep-sa.com.ar\/nuevo\/producto\/polaris-ip\/","title":{"rendered":"POLARIS IP"},"content":{"rendered":"<div class=\"layoutArea\">\n<div class=\"column\">\n<h3 style=\"text-align: left;\"><b>CARACTERISTICAS<\/b><\/h3>\n<h3 style=\"text-align: left;\"><a href=\"https:\/\/iep-sa.com.ar\/wp-content\/uploads\/2023\/11\/POLARIS-IP-1.png\"><img fetchpriority=\"high\" decoding=\"async\" class=\"wp-image-5274 alignleft\" src=\"https:\/\/iep-sa.com.ar\/wp-content\/uploads\/2023\/11\/POLARIS-IP-1.png\" alt=\"\" width=\"403\" height=\"232\" srcset=\"https:\/\/iep-sa.com.ar\/wp-content\/uploads\/2023\/11\/POLARIS-IP-1.png 876w, https:\/\/iep-sa.com.ar\/wp-content\/uploads\/2023\/11\/POLARIS-IP-1-300x173.png 300w, https:\/\/iep-sa.com.ar\/wp-content\/uploads\/2023\/11\/POLARIS-IP-1-768x442.png 768w, https:\/\/iep-sa.com.ar\/wp-content\/uploads\/2023\/11\/POLARIS-IP-1-600x345.png 600w\" sizes=\"(max-width: 403px) 100vw, 403px\" \/><\/a><\/h3>\n<h3><\/h3>\n<h3><\/h3>\n<h3><\/h3>\n<h3><\/h3>\n<\/div>\n<\/div>\n<h3 style=\"text-align: left;\"><\/h3>\n<p>&nbsp;<\/p>\n<p>&nbsp;<\/p>\n<p>&nbsp;<\/p>\n<p>&nbsp;<\/p>\n<p>&nbsp;<\/p>\n<p><img decoding=\"async\" class=\"wp-image-5275 alignleft\" src=\"https:\/\/iep-sa.com.ar\/wp-content\/uploads\/2023\/11\/POLARIS-IP-2.png\" alt=\"\" width=\"155\" height=\"311\" srcset=\"https:\/\/iep-sa.com.ar\/wp-content\/uploads\/2023\/11\/POLARIS-IP-2.png 304w, https:\/\/iep-sa.com.ar\/wp-content\/uploads\/2023\/11\/POLARIS-IP-2-150x300.png 150w\" sizes=\"(max-width: 155px) 100vw, 155px\" \/><\/p>\n<p><img decoding=\"async\" class=\"wp-image-5276 alignleft\" src=\"https:\/\/iep-sa.com.ar\/wp-content\/uploads\/2023\/11\/POLARIS-IP-3.png\" alt=\"\" width=\"168\" height=\"430\" srcset=\"https:\/\/iep-sa.com.ar\/wp-content\/uploads\/2023\/11\/POLARIS-IP-3.png 304w, https:\/\/iep-sa.com.ar\/wp-content\/uploads\/2023\/11\/POLARIS-IP-3-117x300.png 117w\" sizes=\"(max-width: 168px) 100vw, 168px\" \/><\/p>\n<div class=\"layoutArea\">\n<div class=\"column\">\n<p>&nbsp;<\/p>\n<p>&nbsp;<\/p>\n<p>&nbsp;<\/p>\n<\/div>\n<\/div>\n<p>&nbsp;<\/p>\n<p>&nbsp;<\/p>\n<p>&nbsp;<\/p>\n<p>&nbsp;<\/p>\n<p>&nbsp;<\/p>\n<div class=\"layoutArea\">\n<div class=\"column\">\n<p>&nbsp;<\/p>\n<\/div>\n<\/div>\n<p>&nbsp;<\/p>\n<p>&nbsp;<\/p>\n<p><img loading=\"lazy\" decoding=\"async\" class=\" wp-image-5277 alignleft\" src=\"https:\/\/iep-sa.com.ar\/wp-content\/uploads\/2023\/11\/POLARIS-IP-4.png\" alt=\"\" width=\"324\" height=\"148\" srcset=\"https:\/\/iep-sa.com.ar\/wp-content\/uploads\/2023\/11\/POLARIS-IP-4.png 740w, https:\/\/iep-sa.com.ar\/wp-content\/uploads\/2023\/11\/POLARIS-IP-4-300x137.png 300w, https:\/\/iep-sa.com.ar\/wp-content\/uploads\/2023\/11\/POLARIS-IP-4-600x274.png 600w\" sizes=\"(max-width: 324px) 100vw, 324px\" \/><\/p>\n<p>&nbsp;<\/p>\n<div class=\"layoutArea\">\n<div class=\"column\">\n<p>&nbsp;<\/p>\n<p>&nbsp;<\/p>\n<\/div>\n<\/div>\n<div class=\"layoutArea\">\n<div class=\"column\">\n<h3><\/h3>\n<h3><\/h3>\n<h3><\/h3>\n<h3 style=\"text-align: left;\"><b>FOTOMETR\u00cdAS<\/b><\/h3>\n<p><a href=\"https:\/\/iep-sa.com.ar\/wp-content\/uploads\/2023\/11\/Polaris-ip-fotometria.png\"><img loading=\"lazy\" decoding=\"async\" class=\" wp-image-5284 alignleft\" src=\"https:\/\/iep-sa.com.ar\/wp-content\/uploads\/2023\/11\/Polaris-ip-fotometria.png\" alt=\"\" width=\"188\" height=\"226\" \/><\/a><\/p>\n<p>&nbsp;<\/p>\n<p>&nbsp;<\/p>\n<p>&nbsp;<\/p>\n<p>&nbsp;<\/p>\n<p>&nbsp;<\/p>\n<\/div>\n<\/div>\n<h3><\/h3>\n<h3 style=\"text-align: left;\"><b>DESCARGAS<\/b><\/h3>\n<div class=\"wp-block-file\" style=\"text-align: left;\">\n<p><a href=\"https:\/\/iep-sa.com.ar\/wp-content\/uploads\/2023\/11\/POLARIS-IP-2-.pdf\">POLARIS IP FICHA TECNICA<\/a><\/p>\n<p><a href=\"https:\/\/iep-sa.com.ar\/wp-content\/uploads\/2021\/10\/Fotometria-Polaris.zip\">Polaris fotometr\u00eda<\/a><\/p>\n<\/div>\n","protected":false},"excerpt":{"rendered":"<p style=\"text-align: left;\"><strong>POLARIS IP 66<\/strong><\/p>\n<div class=\"page\" title=\"Page 2\">\n<div class=\"layoutArea\">\n<div class=\"column\">\n<p style=\"text-align: left;\">Polaris es un sistema avanzado de iluminacio\u0301n lineal con tecnologi\u0301a LED, consistente en una sucesio\u0301n de luminarias que forman una li\u0301nea continua de luz, con un u\u0301nico punto de conexio\u0301n ele\u0301ctrica en uno de sus extremos. Entre sus ventajas se encuentra el ahorro energe\u0301tico y la reduccio\u0301n considerable del tiempo de instalacio\u0301n, ya que Polaris lleva integrado el cableado. Su disen\u0303o sencillo y modular permite desmontar un tramo sin tocar los adyacentes o trasladar la instalacio\u0301n entera a otra ubicacio\u0301n.<br \/>\nEl polaris cuenta con certificacio\u0301n de estanqueidad <strong>IP66<\/strong><\/p>\n<\/div>\n<\/div>\n<\/div>\n<p style=\"text-align: left;\"><strong>\u00c1reas de aplicaci\u00f3n :<\/strong><\/p>\n<p style=\"text-align: left;\"><strong>Subtes<\/strong><\/p>\n<p style=\"text-align: left;\"><strong>Metrobus<\/strong><\/p>\n<p style=\"text-align: left;\"><strong>Terminales y estaciones de transbordo<\/strong><\/p>\n<p style=\"text-align: left;\"><strong>Estaciones de servicio<\/strong><\/p>\n","protected":false},"featured_media":5278,"template":"","meta":{"_joinchat":[]},"product_brand":[],"product_cat":[119,132,133,131,76,135,136,129,134,138,130,154],"product_tag":[],"class_list":{"0":"post-5273","1":"product","2":"type-product","3":"status-publish","4":"has-post-thumbnail","6":"product_cat-aleros","7":"product_cat-areas-de-trabajo","8":"product_cat-camaras-de-frio","9":"product_cat-depositos","10":"product_cat-estacionamientos","11":"product_cat-exterior","12":"product_cat-gasolinerias","13":"product_cat-grandes-areas-de-interior","14":"product_cat-interior","15":"product_cat-talleres","16":"product_cat-tiendas","17":"product_cat-tuneles-y-puentes","19":"first","20":"instock","21":"shipping-taxable","22":"product-type-simple","23":"layout-style-1","24":"col-md-4 col-sm-4 col-xs-6","25":"col-lg-3","26":"product-has-gallery","27":"product-style-default"},"yoast_head":"<!-- This site is optimized with the Yoast SEO plugin v27.4 - https:\/\/yoast.com\/product\/yoast-seo-wordpress\/ -->\n<title>POLARIS IP - IEP - Iluminaci\u00f3n Eficiente Profesional<\/title>\n<meta name=\"robots\" content=\"index, follow, max-snippet:-1, max-image-preview:large, max-video-preview:-1\" \/>\n<link rel=\"canonical\" href=\"https:\/\/iep-sa.com.ar\/producto\/polaris-ip\/\" \/>\n<meta property=\"og:locale\" content=\"es_ES\" \/>\n<meta property=\"og:type\" content=\"article\" \/>\n<meta property=\"og:title\" content=\"POLARIS IP - IEP - Iluminaci\u00f3n Eficiente Profesional\" \/>\n<meta property=\"og:description\" content=\"POLARIS IP 66     Polaris es un sistema avanzado de iluminacio\u0301n lineal con tecnologi\u0301a LED, consistente en una sucesio\u0301n de luminarias que forman una li\u0301nea continua de luz, con un u\u0301nico punto de conexio\u0301n ele\u0301ctrica en uno de sus extremos. Entre sus ventajas se encuentra el ahorro energe\u0301tico y la reduccio\u0301n considerable del tiempo de instalacio\u0301n, ya que Polaris lleva integrado el cableado. Su disen\u0303o sencillo y modular permite desmontar un tramo sin tocar los adyacentes o trasladar la instalacio\u0301n entera a otra ubicacio\u0301n. El polaris cuenta con certificacio\u0301n de estanqueidad IP66     \u00c1reas de aplicaci\u00f3n : Subtes Metrobus Terminales y estaciones de transbordo Estaciones de servicio\" \/>\n<meta property=\"og:url\" content=\"https:\/\/iep-sa.com.ar\/producto\/polaris-ip\/\" \/>\n<meta property=\"og:site_name\" content=\"IEP - Iluminaci\u00f3n Eficiente Profesional\" \/>\n<meta property=\"article:modified_time\" content=\"2023-11-28T15:03:21+00:00\" \/>\n<meta property=\"og:image\" content=\"https:\/\/lightyellow-boar-299687.hostingersite.com\/wp-content\/uploads\/2023\/11\/POLARIS-IP-FOTO-2.png\" \/>\n\t<meta property=\"og:image:width\" content=\"870\" \/>\n\t<meta property=\"og:image:height\" content=\"650\" \/>\n\t<meta property=\"og:image:type\" content=\"image\/png\" \/>\n<meta name=\"twitter:card\" content=\"summary_large_image\" \/>\n<meta name=\"twitter:label1\" content=\"Tiempo de lectura\" \/>\n\t<meta name=\"twitter:data1\" content=\"2 minutos\" \/>\n<script type=\"application\/ld+json\" class=\"yoast-schema-graph\">{\"@context\":\"https:\\\/\\\/schema.org\",\"@graph\":[{\"@type\":\"WebPage\",\"@id\":\"https:\\\/\\\/iep-sa.com.ar\\\/producto\\\/polaris-ip\\\/\",\"url\":\"https:\\\/\\\/iep-sa.com.ar\\\/producto\\\/polaris-ip\\\/\",\"name\":\"POLARIS IP - IEP - Iluminaci\u00f3n Eficiente Profesional\",\"isPartOf\":{\"@id\":\"https:\\\/\\\/iep-sa.com.ar\\\/#website\"},\"primaryImageOfPage\":{\"@id\":\"https:\\\/\\\/iep-sa.com.ar\\\/producto\\\/polaris-ip\\\/#primaryimage\"},\"image\":{\"@id\":\"https:\\\/\\\/iep-sa.com.ar\\\/producto\\\/polaris-ip\\\/#primaryimage\"},\"thumbnailUrl\":\"https:\\\/\\\/iep-sa.com.ar\\\/wp-content\\\/uploads\\\/2023\\\/11\\\/POLARIS-IP-FOTO-2.png\",\"datePublished\":\"2023-11-28T14:29:13+00:00\",\"dateModified\":\"2023-11-28T15:03:21+00:00\",\"breadcrumb\":{\"@id\":\"https:\\\/\\\/iep-sa.com.ar\\\/producto\\\/polaris-ip\\\/#breadcrumb\"},\"inLanguage\":\"es\",\"potentialAction\":[{\"@type\":\"ReadAction\",\"target\":[\"https:\\\/\\\/iep-sa.com.ar\\\/producto\\\/polaris-ip\\\/\"]}]},{\"@type\":\"ImageObject\",\"inLanguage\":\"es\",\"@id\":\"https:\\\/\\\/iep-sa.com.ar\\\/producto\\\/polaris-ip\\\/#primaryimage\",\"url\":\"https:\\\/\\\/iep-sa.com.ar\\\/wp-content\\\/uploads\\\/2023\\\/11\\\/POLARIS-IP-FOTO-2.png\",\"contentUrl\":\"https:\\\/\\\/iep-sa.com.ar\\\/wp-content\\\/uploads\\\/2023\\\/11\\\/POLARIS-IP-FOTO-2.png\",\"width\":870,\"height\":650},{\"@type\":\"BreadcrumbList\",\"@id\":\"https:\\\/\\\/iep-sa.com.ar\\\/producto\\\/polaris-ip\\\/#breadcrumb\",\"itemListElement\":[{\"@type\":\"ListItem\",\"position\":1,\"name\":\"Portada\",\"item\":\"https:\\\/\\\/iep-sa.com.ar\\\/\"},{\"@type\":\"ListItem\",\"position\":2,\"name\":\"Productos\",\"item\":\"https:\\\/\\\/iep-sa.com.ar\\\/productos\\\/\"},{\"@type\":\"ListItem\",\"position\":3,\"name\":\"POLARIS IP\"}]},{\"@type\":\"WebSite\",\"@id\":\"https:\\\/\\\/iep-sa.com.ar\\\/#website\",\"url\":\"https:\\\/\\\/iep-sa.com.ar\\\/\",\"name\":\"IEP - Iluminaci\u00f3n Eficiente Profesional\",\"description\":\"Iluminaci\u00f3n Vial - Profesional - Decorativa - Estacionamientos - Gasolineras - Deportiva - P\u00fablica - Privada\",\"publisher\":{\"@id\":\"https:\\\/\\\/iep-sa.com.ar\\\/#organization\"},\"potentialAction\":[{\"@type\":\"SearchAction\",\"target\":{\"@type\":\"EntryPoint\",\"urlTemplate\":\"https:\\\/\\\/iep-sa.com.ar\\\/?s={search_term_string}\"},\"query-input\":{\"@type\":\"PropertyValueSpecification\",\"valueRequired\":true,\"valueName\":\"search_term_string\"}}],\"inLanguage\":\"es\"},{\"@type\":\"Organization\",\"@id\":\"https:\\\/\\\/iep-sa.com.ar\\\/#organization\",\"name\":\"IEP - Iluminaci\u00f3n Eficiente Profesional\",\"url\":\"https:\\\/\\\/iep-sa.com.ar\\\/\",\"logo\":{\"@type\":\"ImageObject\",\"inLanguage\":\"es\",\"@id\":\"https:\\\/\\\/iep-sa.com.ar\\\/#\\\/schema\\\/logo\\\/image\\\/\",\"url\":\"https:\\\/\\\/iep-sa.com.ar\\\/wp-content\\\/uploads\\\/2022\\\/11\\\/cropped-favicon.jpg\",\"contentUrl\":\"https:\\\/\\\/iep-sa.com.ar\\\/wp-content\\\/uploads\\\/2022\\\/11\\\/cropped-favicon.jpg\",\"width\":512,\"height\":512,\"caption\":\"IEP - Iluminaci\u00f3n Eficiente Profesional\"},\"image\":{\"@id\":\"https:\\\/\\\/iep-sa.com.ar\\\/#\\\/schema\\\/logo\\\/image\\\/\"}}]}<\/script>\n<!-- \/ Yoast SEO plugin. -->","yoast_head_json":{"title":"POLARIS IP - IEP - Iluminaci\u00f3n Eficiente Profesional","robots":{"index":"index","follow":"follow","max-snippet":"max-snippet:-1","max-image-preview":"max-image-preview:large","max-video-preview":"max-video-preview:-1"},"canonical":"https:\/\/iep-sa.com.ar\/producto\/polaris-ip\/","og_locale":"es_ES","og_type":"article","og_title":"POLARIS IP - IEP - Iluminaci\u00f3n Eficiente Profesional","og_description":"POLARIS IP 66     Polaris es un sistema avanzado de iluminacio\u0301n lineal con tecnologi\u0301a LED, consistente en una sucesio\u0301n de luminarias que forman una li\u0301nea continua de luz, con un u\u0301nico punto de conexio\u0301n ele\u0301ctrica en uno de sus extremos. Entre sus ventajas se encuentra el ahorro energe\u0301tico y la reduccio\u0301n considerable del tiempo de instalacio\u0301n, ya que Polaris lleva integrado el cableado. Su disen\u0303o sencillo y modular permite desmontar un tramo sin tocar los adyacentes o trasladar la instalacio\u0301n entera a otra ubicacio\u0301n. El polaris cuenta con certificacio\u0301n de estanqueidad IP66     \u00c1reas de aplicaci\u00f3n : Subtes Metrobus Terminales y estaciones de transbordo Estaciones de servicio","og_url":"https:\/\/iep-sa.com.ar\/producto\/polaris-ip\/","og_site_name":"IEP - Iluminaci\u00f3n Eficiente Profesional","article_modified_time":"2023-11-28T15:03:21+00:00","og_image":[{"width":870,"height":650,"url":"https:\/\/lightyellow-boar-299687.hostingersite.com\/wp-content\/uploads\/2023\/11\/POLARIS-IP-FOTO-2.png","type":"image\/png"}],"twitter_card":"summary_large_image","twitter_misc":{"Tiempo de lectura":"2 minutos"},"schema":{"@context":"https:\/\/schema.org","@graph":[{"@type":"WebPage","@id":"https:\/\/iep-sa.com.ar\/producto\/polaris-ip\/","url":"https:\/\/iep-sa.com.ar\/producto\/polaris-ip\/","name":"POLARIS IP - IEP - Iluminaci\u00f3n Eficiente Profesional","isPartOf":{"@id":"https:\/\/iep-sa.com.ar\/#website"},"primaryImageOfPage":{"@id":"https:\/\/iep-sa.com.ar\/producto\/polaris-ip\/#primaryimage"},"image":{"@id":"https:\/\/iep-sa.com.ar\/producto\/polaris-ip\/#primaryimage"},"thumbnailUrl":"https:\/\/iep-sa.com.ar\/wp-content\/uploads\/2023\/11\/POLARIS-IP-FOTO-2.png","datePublished":"2023-11-28T14:29:13+00:00","dateModified":"2023-11-28T15:03:21+00:00","breadcrumb":{"@id":"https:\/\/iep-sa.com.ar\/producto\/polaris-ip\/#breadcrumb"},"inLanguage":"es","potentialAction":[{"@type":"ReadAction","target":["https:\/\/iep-sa.com.ar\/producto\/polaris-ip\/"]}]},{"@type":"ImageObject","inLanguage":"es","@id":"https:\/\/iep-sa.com.ar\/producto\/polaris-ip\/#primaryimage","url":"https:\/\/iep-sa.com.ar\/wp-content\/uploads\/2023\/11\/POLARIS-IP-FOTO-2.png","contentUrl":"https:\/\/iep-sa.com.ar\/wp-content\/uploads\/2023\/11\/POLARIS-IP-FOTO-2.png","width":870,"height":650},{"@type":"BreadcrumbList","@id":"https:\/\/iep-sa.com.ar\/producto\/polaris-ip\/#breadcrumb","itemListElement":[{"@type":"ListItem","position":1,"name":"Portada","item":"https:\/\/iep-sa.com.ar\/"},{"@type":"ListItem","position":2,"name":"Productos","item":"https:\/\/iep-sa.com.ar\/productos\/"},{"@type":"ListItem","position":3,"name":"POLARIS IP"}]},{"@type":"WebSite","@id":"https:\/\/iep-sa.com.ar\/#website","url":"https:\/\/iep-sa.com.ar\/","name":"IEP - Iluminaci\u00f3n Eficiente Profesional","description":"Iluminaci\u00f3n Vial - Profesional - Decorativa - Estacionamientos - Gasolineras - Deportiva - P\u00fablica - Privada","publisher":{"@id":"https:\/\/iep-sa.com.ar\/#organization"},"potentialAction":[{"@type":"SearchAction","target":{"@type":"EntryPoint","urlTemplate":"https:\/\/iep-sa.com.ar\/?s={search_term_string}"},"query-input":{"@type":"PropertyValueSpecification","valueRequired":true,"valueName":"search_term_string"}}],"inLanguage":"es"},{"@type":"Organization","@id":"https:\/\/iep-sa.com.ar\/#organization","name":"IEP - Iluminaci\u00f3n Eficiente Profesional","url":"https:\/\/iep-sa.com.ar\/","logo":{"@type":"ImageObject","inLanguage":"es","@id":"https:\/\/iep-sa.com.ar\/#\/schema\/logo\/image\/","url":"https:\/\/iep-sa.com.ar\/wp-content\/uploads\/2022\/11\/cropped-favicon.jpg","contentUrl":"https:\/\/iep-sa.com.ar\/wp-content\/uploads\/2022\/11\/cropped-favicon.jpg","width":512,"height":512,"caption":"IEP - Iluminaci\u00f3n Eficiente Profesional"},"image":{"@id":"https:\/\/iep-sa.com.ar\/#\/schema\/logo\/image\/"}}]}},"_links":{"self":[{"href":"https:\/\/iep-sa.com.ar\/nuevo\/wp-json\/wp\/v2\/product\/5273","targetHints":{"allow":["GET"]}}],"collection":[{"href":"https:\/\/iep-sa.com.ar\/nuevo\/wp-json\/wp\/v2\/product"}],"about":[{"href":"https:\/\/iep-sa.com.ar\/nuevo\/wp-json\/wp\/v2\/types\/product"}],"wp:featuredmedia":[{"embeddable":true,"href":"https:\/\/iep-sa.com.ar\/nuevo\/wp-json\/wp\/v2\/media\/5278"}],"wp:attachment":[{"href":"https:\/\/iep-sa.com.ar\/nuevo\/wp-json\/wp\/v2\/media?parent=5273"}],"wp:term":[{"taxonomy":"product_brand","embeddable":true,"href":"https:\/\/iep-sa.com.ar\/nuevo\/wp-json\/wp\/v2\/product_brand?post=5273"},{"taxonomy":"product_cat","embeddable":true,"href":"https:\/\/iep-sa.com.ar\/nuevo\/wp-json\/wp\/v2\/product_cat?post=5273"},{"taxonomy":"product_tag","embeddable":true,"href":"https:\/\/iep-sa.com.ar\/nuevo\/wp-json\/wp\/v2\/product_tag?post=5273"}],"curies":[{"name":"wp","href":"https:\/\/api.w.org\/{rel}","templated":true}]}}