{"id":5246,"date":"2023-11-23T11:25:40","date_gmt":"2023-11-23T11:25:40","guid":{"rendered":"https:\/\/iep-sa.com.ar\/nuevo\/?post_type=product&#038;p=5246"},"modified":"2024-04-15T17:22:27","modified_gmt":"2024-04-15T17:22:27","slug":"dub","status":"publish","type":"product","link":"https:\/\/iep-sa.com.ar\/nuevo\/producto\/dub\/","title":{"rendered":"DUB"},"content":{"rendered":"<h3 style=\"text-align: left;\"><strong>CARACTERISTICAS<\/strong><\/h3>\n<p><a href=\"https:\/\/iep-sa.com.ar\/wp-content\/uploads\/2023\/11\/dub-caracteristicas.png\"><img fetchpriority=\"high\" decoding=\"async\" class=\" wp-image-5247 alignleft\" src=\"https:\/\/iep-sa.com.ar\/wp-content\/uploads\/2023\/11\/dub-caracteristicas-1024x173.png\" alt=\"\" width=\"569\" height=\"96\" srcset=\"https:\/\/iep-sa.com.ar\/wp-content\/uploads\/2023\/11\/dub-caracteristicas-1024x173.png 1024w, https:\/\/iep-sa.com.ar\/wp-content\/uploads\/2023\/11\/dub-caracteristicas-300x51.png 300w, https:\/\/iep-sa.com.ar\/wp-content\/uploads\/2023\/11\/dub-caracteristicas-768x130.png 768w, https:\/\/iep-sa.com.ar\/wp-content\/uploads\/2023\/11\/dub-caracteristicas-1536x260.png 1536w, https:\/\/iep-sa.com.ar\/wp-content\/uploads\/2023\/11\/dub-caracteristicas-600x102.png 600w, https:\/\/iep-sa.com.ar\/wp-content\/uploads\/2023\/11\/dub-caracteristicas.png 1960w\" sizes=\"(max-width: 569px) 100vw, 569px\" \/><\/a><\/p>\n<h3><\/h3>\n<h3><\/h3>\n<h3><\/h3>\n<h3><\/h3>\n<h3><\/h3>\n<h3><\/h3>\n<h3><\/h3>\n<h3><\/h3>\n<h3><\/h3>\n<h3><\/h3>\n<h3><\/h3>\n<h3><\/h3>\n<p>&nbsp;<\/p>\n<p>&nbsp;<\/p>\n<p>&nbsp;<\/p>\n<p>&nbsp;<\/p>\n<p>&nbsp;<\/p>\n<h3><\/h3>\n<h3 style=\"text-align: left;\"><strong>MEDIDAS<\/strong><\/h3>\n<p>&nbsp;<\/p>\n<p>&nbsp;<\/p>\n<p><a href=\"https:\/\/iep-sa.com.ar\/wp-content\/uploads\/2023\/11\/dub-medidas.png\"><img decoding=\"async\" class=\" wp-image-5248 alignleft\" src=\"https:\/\/iep-sa.com.ar\/wp-content\/uploads\/2023\/11\/dub-medidas-1024x451.png\" alt=\"\" width=\"433\" height=\"191\" srcset=\"https:\/\/iep-sa.com.ar\/wp-content\/uploads\/2023\/11\/dub-medidas-1024x451.png 1024w, https:\/\/iep-sa.com.ar\/wp-content\/uploads\/2023\/11\/dub-medidas-300x132.png 300w, https:\/\/iep-sa.com.ar\/wp-content\/uploads\/2023\/11\/dub-medidas-768x339.png 768w, https:\/\/iep-sa.com.ar\/wp-content\/uploads\/2023\/11\/dub-medidas-600x265.png 600w, https:\/\/iep-sa.com.ar\/wp-content\/uploads\/2023\/11\/dub-medidas.png 1184w\" sizes=\"(max-width: 433px) 100vw, 433px\" \/><\/a><\/p>\n<p>&nbsp;<\/p>\n<p>&nbsp;<\/p>\n<p>&nbsp;<\/p>\n<p>&nbsp;<\/p>\n<p>&nbsp;<\/p>\n<p>&nbsp;<\/p>\n<p>&nbsp;<\/p>\n<p>&nbsp;<\/p>\n<p>&nbsp;<\/p>\n<h3 style=\"text-align: left;\"><strong>CURVAS FOTOM\u00c9TRICAS<\/strong><\/h3>\n<h3><a href=\"https:\/\/iep-sa.com.ar\/wp-content\/uploads\/2023\/06\/ekat-rami-fotometra.png\"><img decoding=\"async\" class=\" wp-image-5230 alignleft\" src=\"https:\/\/iep-sa.com.ar\/wp-content\/uploads\/2023\/06\/ekat-rami-fotometra.png\" alt=\"\" width=\"174\" height=\"156\" \/><\/a><\/h3>\n<h3><\/h3>\n<h3><\/h3>\n<p>&nbsp;<\/p>\n<p>&nbsp;<\/p>\n<h3><\/h3>\n<p>&nbsp;<\/p>\n<p>&nbsp;<\/p>\n<h3><\/h3>\n<p>&nbsp;<\/p>\n<p>&nbsp;<\/p>\n<h3 style=\"text-align: left;\"><b>DESCARGAS<\/b><\/h3>\n<p style=\"text-align: left;\"><a href=\"https:\/\/iep-sa.com.ar\/wp-content\/uploads\/2023\/11\/Dub_compressed.pdf\" target=\"_blank\" rel=\"noopener\">Ficha T\u00e9cnica Dub<\/a><\/p>\n<p style=\"text-align: left;\"><a href=\"https:\/\/iep-sa.com.ar\/wp-content\/uploads\/2023\/11\/DUB-50W.ldt_.zip\">Fotometria Dub<\/a><\/p>\n<p>&nbsp;<\/p>\n","protected":false},"excerpt":{"rendered":"<h4 style=\"text-align: left;\"><strong>DESCRIPCI\u00d3N T\u00c9CNICA<\/strong><\/h4>\n<div class=\"page\" title=\"Page 2\">\n<div class=\"layoutArea\">\n<div class=\"column\">\n<div class=\"page\" title=\"Page 2\">\n<div class=\"section\">\n<div class=\"layoutArea\">\n<div class=\"column\">\n<div class=\"page\" title=\"Page 2\">\n<div class=\"section\">\n<div class=\"layoutArea\">\n<div class=\"column\">\n<p>Farola Urbana Decorativa de forma circular para instalar en forma individual que permite lograr configuraciones creativas y de impronta \u00fanica que proyecten diferentes efectos lum\u00ednicos.<br \/>\nLuminaria de disen\u0303o moderno, adecuada para aplicaciones de alumbrado en parques, costaneras, paseos urbanos tanto pu\u0301blicos como privados. Cuerpo aluminio y policarbonato, liviano, resistente a la corrosio\u0301n. Es duradero y adema\u0301s muy versa\u0301til, contribuye a la economi\u0301a circular ya que es un material sustentable e infinitamente reciclable. Difusor en policarbonato. Grado de estanqueidad IP66 e IK08.<\/p>\n<\/div>\n<\/div>\n<\/div>\n<\/div>\n<\/div>\n<\/div>\n<\/div>\n<\/div>\n<\/div>\n<\/div>\n<\/div>\n","protected":false},"featured_media":5253,"template":"","meta":{"_joinchat":[]},"product_brand":[],"product_cat":[125,128,76,135,60,145,144,127,126,146,124,59],"product_tag":[],"class_list":{"0":"post-5246","1":"product","2":"type-product","3":"status-publish","4":"has-post-thumbnail","6":"product_cat-bicisendas","7":"product_cat-costaneras","8":"product_cat-estacionamientos","9":"product_cat-exterior","10":"product_cat-exterior-decorativo","11":"product_cat-jardines","12":"product_cat-parques","13":"product_cat-paseos","14":"product_cat-peatonales","15":"product_cat-piscinas","16":"product_cat-plazas","17":"product_cat-urbano-decorativo","19":"first","20":"instock","21":"shipping-taxable","22":"product-type-simple","23":"layout-style-1","24":"col-md-4 col-sm-4 col-xs-6","25":"col-lg-3","26":"product-has-gallery","27":"product-style-default"},"yoast_head":"<!-- This site is optimized with the Yoast SEO plugin v27.4 - https:\/\/yoast.com\/product\/yoast-seo-wordpress\/ -->\n<title>DUB - IEP - Iluminaci\u00f3n Eficiente Profesional<\/title>\n<meta name=\"robots\" content=\"index, follow, max-snippet:-1, max-image-preview:large, max-video-preview:-1\" \/>\n<link rel=\"canonical\" href=\"https:\/\/iep-sa.com.ar\/producto\/dub\/\" \/>\n<meta property=\"og:locale\" content=\"es_ES\" \/>\n<meta property=\"og:type\" content=\"article\" \/>\n<meta property=\"og:title\" content=\"DUB - IEP - Iluminaci\u00f3n Eficiente Profesional\" \/>\n<meta property=\"og:description\" content=\"DESCRIPCI\u00d3N T\u00c9CNICA             Farola Urbana Decorativa de forma circular para instalar en forma individual que permite lograr configuraciones creativas y de impronta \u00fanica que proyecten diferentes efectos lum\u00ednicos. Luminaria de disen\u0303o moderno, adecuada para aplicaciones de alumbrado en parques, costaneras, paseos urbanos tanto pu\u0301blicos como privados. Cuerpo aluminio y policarbonato, liviano, resistente a la corrosio\u0301n. Es duradero y adema\u0301s muy versa\u0301til, contribuye a la economi\u0301a circular ya que es un material sustentable e infinitamente reciclable. Difusor en policarbonato. Grado de estanqueidad IP66 e IK08.\" \/>\n<meta property=\"og:url\" content=\"https:\/\/iep-sa.com.ar\/producto\/dub\/\" \/>\n<meta property=\"og:site_name\" content=\"IEP - Iluminaci\u00f3n Eficiente Profesional\" \/>\n<meta property=\"article:modified_time\" content=\"2024-04-15T17:22:27+00:00\" \/>\n<meta property=\"og:image\" content=\"https:\/\/lightyellow-boar-299687.hostingersite.com\/wp-content\/uploads\/2023\/11\/Captura-de-pantalla-2023-11-23-a-las-08.28.17.png\" \/>\n\t<meta property=\"og:image:width\" content=\"444\" \/>\n\t<meta property=\"og:image:height\" content=\"406\" \/>\n\t<meta property=\"og:image:type\" content=\"image\/png\" \/>\n<meta name=\"twitter:card\" content=\"summary_large_image\" \/>\n<meta name=\"twitter:label1\" content=\"Tiempo de lectura\" \/>\n\t<meta name=\"twitter:data1\" content=\"1 minuto\" \/>\n<script type=\"application\/ld+json\" class=\"yoast-schema-graph\">{\"@context\":\"https:\\\/\\\/schema.org\",\"@graph\":[{\"@type\":\"WebPage\",\"@id\":\"https:\\\/\\\/iep-sa.com.ar\\\/producto\\\/dub\\\/\",\"url\":\"https:\\\/\\\/iep-sa.com.ar\\\/producto\\\/dub\\\/\",\"name\":\"DUB - IEP - Iluminaci\u00f3n Eficiente Profesional\",\"isPartOf\":{\"@id\":\"https:\\\/\\\/iep-sa.com.ar\\\/#website\"},\"primaryImageOfPage\":{\"@id\":\"https:\\\/\\\/iep-sa.com.ar\\\/producto\\\/dub\\\/#primaryimage\"},\"image\":{\"@id\":\"https:\\\/\\\/iep-sa.com.ar\\\/producto\\\/dub\\\/#primaryimage\"},\"thumbnailUrl\":\"https:\\\/\\\/iep-sa.com.ar\\\/wp-content\\\/uploads\\\/2023\\\/11\\\/Captura-de-pantalla-2023-11-23-a-las-08.28.17.png\",\"datePublished\":\"2023-11-23T11:25:40+00:00\",\"dateModified\":\"2024-04-15T17:22:27+00:00\",\"breadcrumb\":{\"@id\":\"https:\\\/\\\/iep-sa.com.ar\\\/producto\\\/dub\\\/#breadcrumb\"},\"inLanguage\":\"es\",\"potentialAction\":[{\"@type\":\"ReadAction\",\"target\":[\"https:\\\/\\\/iep-sa.com.ar\\\/producto\\\/dub\\\/\"]}]},{\"@type\":\"ImageObject\",\"inLanguage\":\"es\",\"@id\":\"https:\\\/\\\/iep-sa.com.ar\\\/producto\\\/dub\\\/#primaryimage\",\"url\":\"https:\\\/\\\/iep-sa.com.ar\\\/wp-content\\\/uploads\\\/2023\\\/11\\\/Captura-de-pantalla-2023-11-23-a-las-08.28.17.png\",\"contentUrl\":\"https:\\\/\\\/iep-sa.com.ar\\\/wp-content\\\/uploads\\\/2023\\\/11\\\/Captura-de-pantalla-2023-11-23-a-las-08.28.17.png\",\"width\":444,\"height\":406},{\"@type\":\"BreadcrumbList\",\"@id\":\"https:\\\/\\\/iep-sa.com.ar\\\/producto\\\/dub\\\/#breadcrumb\",\"itemListElement\":[{\"@type\":\"ListItem\",\"position\":1,\"name\":\"Portada\",\"item\":\"https:\\\/\\\/iep-sa.com.ar\\\/\"},{\"@type\":\"ListItem\",\"position\":2,\"name\":\"Productos\",\"item\":\"https:\\\/\\\/iep-sa.com.ar\\\/productos\\\/\"},{\"@type\":\"ListItem\",\"position\":3,\"name\":\"DUB\"}]},{\"@type\":\"WebSite\",\"@id\":\"https:\\\/\\\/iep-sa.com.ar\\\/#website\",\"url\":\"https:\\\/\\\/iep-sa.com.ar\\\/\",\"name\":\"IEP - Iluminaci\u00f3n Eficiente Profesional\",\"description\":\"Iluminaci\u00f3n Vial - Profesional - Decorativa - Estacionamientos - Gasolineras - Deportiva - P\u00fablica - Privada\",\"publisher\":{\"@id\":\"https:\\\/\\\/iep-sa.com.ar\\\/#organization\"},\"potentialAction\":[{\"@type\":\"SearchAction\",\"target\":{\"@type\":\"EntryPoint\",\"urlTemplate\":\"https:\\\/\\\/iep-sa.com.ar\\\/?s={search_term_string}\"},\"query-input\":{\"@type\":\"PropertyValueSpecification\",\"valueRequired\":true,\"valueName\":\"search_term_string\"}}],\"inLanguage\":\"es\"},{\"@type\":\"Organization\",\"@id\":\"https:\\\/\\\/iep-sa.com.ar\\\/#organization\",\"name\":\"IEP - Iluminaci\u00f3n Eficiente Profesional\",\"url\":\"https:\\\/\\\/iep-sa.com.ar\\\/\",\"logo\":{\"@type\":\"ImageObject\",\"inLanguage\":\"es\",\"@id\":\"https:\\\/\\\/iep-sa.com.ar\\\/#\\\/schema\\\/logo\\\/image\\\/\",\"url\":\"https:\\\/\\\/iep-sa.com.ar\\\/wp-content\\\/uploads\\\/2022\\\/11\\\/cropped-favicon.jpg\",\"contentUrl\":\"https:\\\/\\\/iep-sa.com.ar\\\/wp-content\\\/uploads\\\/2022\\\/11\\\/cropped-favicon.jpg\",\"width\":512,\"height\":512,\"caption\":\"IEP - Iluminaci\u00f3n Eficiente Profesional\"},\"image\":{\"@id\":\"https:\\\/\\\/iep-sa.com.ar\\\/#\\\/schema\\\/logo\\\/image\\\/\"}}]}<\/script>\n<!-- \/ Yoast SEO plugin. -->","yoast_head_json":{"title":"DUB - IEP - Iluminaci\u00f3n Eficiente Profesional","robots":{"index":"index","follow":"follow","max-snippet":"max-snippet:-1","max-image-preview":"max-image-preview:large","max-video-preview":"max-video-preview:-1"},"canonical":"https:\/\/iep-sa.com.ar\/producto\/dub\/","og_locale":"es_ES","og_type":"article","og_title":"DUB - IEP - Iluminaci\u00f3n Eficiente Profesional","og_description":"DESCRIPCI\u00d3N T\u00c9CNICA             Farola Urbana Decorativa de forma circular para instalar en forma individual que permite lograr configuraciones creativas y de impronta \u00fanica que proyecten diferentes efectos lum\u00ednicos. Luminaria de disen\u0303o moderno, adecuada para aplicaciones de alumbrado en parques, costaneras, paseos urbanos tanto pu\u0301blicos como privados. Cuerpo aluminio y policarbonato, liviano, resistente a la corrosio\u0301n. Es duradero y adema\u0301s muy versa\u0301til, contribuye a la economi\u0301a circular ya que es un material sustentable e infinitamente reciclable. Difusor en policarbonato. Grado de estanqueidad IP66 e IK08.","og_url":"https:\/\/iep-sa.com.ar\/producto\/dub\/","og_site_name":"IEP - Iluminaci\u00f3n Eficiente Profesional","article_modified_time":"2024-04-15T17:22:27+00:00","og_image":[{"width":444,"height":406,"url":"https:\/\/lightyellow-boar-299687.hostingersite.com\/wp-content\/uploads\/2023\/11\/Captura-de-pantalla-2023-11-23-a-las-08.28.17.png","type":"image\/png"}],"twitter_card":"summary_large_image","twitter_misc":{"Tiempo de lectura":"1 minuto"},"schema":{"@context":"https:\/\/schema.org","@graph":[{"@type":"WebPage","@id":"https:\/\/iep-sa.com.ar\/producto\/dub\/","url":"https:\/\/iep-sa.com.ar\/producto\/dub\/","name":"DUB - IEP - Iluminaci\u00f3n Eficiente Profesional","isPartOf":{"@id":"https:\/\/iep-sa.com.ar\/#website"},"primaryImageOfPage":{"@id":"https:\/\/iep-sa.com.ar\/producto\/dub\/#primaryimage"},"image":{"@id":"https:\/\/iep-sa.com.ar\/producto\/dub\/#primaryimage"},"thumbnailUrl":"https:\/\/iep-sa.com.ar\/wp-content\/uploads\/2023\/11\/Captura-de-pantalla-2023-11-23-a-las-08.28.17.png","datePublished":"2023-11-23T11:25:40+00:00","dateModified":"2024-04-15T17:22:27+00:00","breadcrumb":{"@id":"https:\/\/iep-sa.com.ar\/producto\/dub\/#breadcrumb"},"inLanguage":"es","potentialAction":[{"@type":"ReadAction","target":["https:\/\/iep-sa.com.ar\/producto\/dub\/"]}]},{"@type":"ImageObject","inLanguage":"es","@id":"https:\/\/iep-sa.com.ar\/producto\/dub\/#primaryimage","url":"https:\/\/iep-sa.com.ar\/wp-content\/uploads\/2023\/11\/Captura-de-pantalla-2023-11-23-a-las-08.28.17.png","contentUrl":"https:\/\/iep-sa.com.ar\/wp-content\/uploads\/2023\/11\/Captura-de-pantalla-2023-11-23-a-las-08.28.17.png","width":444,"height":406},{"@type":"BreadcrumbList","@id":"https:\/\/iep-sa.com.ar\/producto\/dub\/#breadcrumb","itemListElement":[{"@type":"ListItem","position":1,"name":"Portada","item":"https:\/\/iep-sa.com.ar\/"},{"@type":"ListItem","position":2,"name":"Productos","item":"https:\/\/iep-sa.com.ar\/productos\/"},{"@type":"ListItem","position":3,"name":"DUB"}]},{"@type":"WebSite","@id":"https:\/\/iep-sa.com.ar\/#website","url":"https:\/\/iep-sa.com.ar\/","name":"IEP - Iluminaci\u00f3n Eficiente Profesional","description":"Iluminaci\u00f3n Vial - Profesional - Decorativa - Estacionamientos - Gasolineras - Deportiva - P\u00fablica - Privada","publisher":{"@id":"https:\/\/iep-sa.com.ar\/#organization"},"potentialAction":[{"@type":"SearchAction","target":{"@type":"EntryPoint","urlTemplate":"https:\/\/iep-sa.com.ar\/?s={search_term_string}"},"query-input":{"@type":"PropertyValueSpecification","valueRequired":true,"valueName":"search_term_string"}}],"inLanguage":"es"},{"@type":"Organization","@id":"https:\/\/iep-sa.com.ar\/#organization","name":"IEP - Iluminaci\u00f3n Eficiente Profesional","url":"https:\/\/iep-sa.com.ar\/","logo":{"@type":"ImageObject","inLanguage":"es","@id":"https:\/\/iep-sa.com.ar\/#\/schema\/logo\/image\/","url":"https:\/\/iep-sa.com.ar\/wp-content\/uploads\/2022\/11\/cropped-favicon.jpg","contentUrl":"https:\/\/iep-sa.com.ar\/wp-content\/uploads\/2022\/11\/cropped-favicon.jpg","width":512,"height":512,"caption":"IEP - Iluminaci\u00f3n Eficiente Profesional"},"image":{"@id":"https:\/\/iep-sa.com.ar\/#\/schema\/logo\/image\/"}}]}},"_links":{"self":[{"href":"https:\/\/iep-sa.com.ar\/nuevo\/wp-json\/wp\/v2\/product\/5246","targetHints":{"allow":["GET"]}}],"collection":[{"href":"https:\/\/iep-sa.com.ar\/nuevo\/wp-json\/wp\/v2\/product"}],"about":[{"href":"https:\/\/iep-sa.com.ar\/nuevo\/wp-json\/wp\/v2\/types\/product"}],"wp:featuredmedia":[{"embeddable":true,"href":"https:\/\/iep-sa.com.ar\/nuevo\/wp-json\/wp\/v2\/media\/5253"}],"wp:attachment":[{"href":"https:\/\/iep-sa.com.ar\/nuevo\/wp-json\/wp\/v2\/media?parent=5246"}],"wp:term":[{"taxonomy":"product_brand","embeddable":true,"href":"https:\/\/iep-sa.com.ar\/nuevo\/wp-json\/wp\/v2\/product_brand?post=5246"},{"taxonomy":"product_cat","embeddable":true,"href":"https:\/\/iep-sa.com.ar\/nuevo\/wp-json\/wp\/v2\/product_cat?post=5246"},{"taxonomy":"product_tag","embeddable":true,"href":"https:\/\/iep-sa.com.ar\/nuevo\/wp-json\/wp\/v2\/product_tag?post=5246"}],"curies":[{"name":"wp","href":"https:\/\/api.w.org\/{rel}","templated":true}]}}