{"id":4845,"date":"2022-02-03T14:31:12","date_gmt":"2022-02-03T14:31:12","guid":{"rendered":"https:\/\/iep-sa.com.ar\/nuevo\/?post_type=product&#038;p=4845"},"modified":"2022-02-03T15:01:54","modified_gmt":"2022-02-03T15:01:54","slug":"apolo-r-antiexplosivo","status":"publish","type":"product","link":"https:\/\/iep-sa.com.ar\/nuevo\/producto\/apolo-r-antiexplosivo\/","title":{"rendered":"APOLO R  antiexplosivo"},"content":{"rendered":"<h3 style=\"text-align: left;\"><strong>CARACTERISTICAS<\/strong><\/h3>\n<h4 style=\"text-align: left;\">Luminarias a Prueba de Explosi\u00f3n<\/h4>\n<p><img fetchpriority=\"high\" decoding=\"async\" class=\"size-large wp-image-4848 alignleft\" src=\"https:\/\/iep-sa.com.ar\/wp-content\/uploads\/2022\/02\/Apolo-R-explosivo-3-1024x357.png\" alt=\"\" width=\"640\" height=\"223\" srcset=\"https:\/\/iep-sa.com.ar\/wp-content\/uploads\/2022\/02\/Apolo-R-explosivo-3-1024x357.png 1024w, https:\/\/iep-sa.com.ar\/wp-content\/uploads\/2022\/02\/Apolo-R-explosivo-3-300x105.png 300w, https:\/\/iep-sa.com.ar\/wp-content\/uploads\/2022\/02\/Apolo-R-explosivo-3-768x268.png 768w, https:\/\/iep-sa.com.ar\/wp-content\/uploads\/2022\/02\/Apolo-R-explosivo-3-600x209.png 600w, https:\/\/iep-sa.com.ar\/wp-content\/uploads\/2022\/02\/Apolo-R-explosivo-3.png 1526w\" sizes=\"(max-width: 640px) 100vw, 640px\" \/><\/p>\n<h3><\/h3>\n<h3><\/h3>\n<h3><\/h3>\n<h3><\/h3>\n<h3><\/h3>\n<p>&nbsp;<\/p>\n<p>&nbsp;<\/p>\n<p>&nbsp;<\/p>\n<p>&nbsp;<\/p>\n<h3 style=\"text-align: left;\"><strong>MEDIDAS<\/strong><\/h3>\n<h3 style=\"text-align: left;\"><a href=\"https:\/\/iep-sa.com.ar\/wp-content\/uploads\/2022\/02\/Apolo-R-explosivo-1.png\"><img decoding=\"async\" class=\" wp-image-4847 alignleft\" src=\"https:\/\/iep-sa.com.ar\/wp-content\/uploads\/2022\/02\/Apolo-R-explosivo-1-1024x374.png\" alt=\"\" width=\"495\" height=\"181\" srcset=\"https:\/\/iep-sa.com.ar\/wp-content\/uploads\/2022\/02\/Apolo-R-explosivo-1-1024x374.png 1024w, https:\/\/iep-sa.com.ar\/wp-content\/uploads\/2022\/02\/Apolo-R-explosivo-1-300x110.png 300w, https:\/\/iep-sa.com.ar\/wp-content\/uploads\/2022\/02\/Apolo-R-explosivo-1-768x281.png 768w, https:\/\/iep-sa.com.ar\/wp-content\/uploads\/2022\/02\/Apolo-R-explosivo-1-600x219.png 600w, https:\/\/iep-sa.com.ar\/wp-content\/uploads\/2022\/02\/Apolo-R-explosivo-1.png 1500w\" sizes=\"(max-width: 495px) 100vw, 495px\" \/><\/a><\/h3>\n<p>&nbsp;<\/p>\n<p>&nbsp;<\/p>\n<p>&nbsp;<\/p>\n<p>&nbsp;<\/p>\n<p>&nbsp;<\/p>\n<p>&nbsp;<\/p>\n<p>&nbsp;<\/p>\n<h3 style=\"text-align: left;\"><strong>CURVA FOT\u00d3METRICA<\/strong><a href=\"https:\/\/iep-sa.com.ar\/wp-content\/uploads\/2021\/11\/FOTOMETRIA-01.jpg\"><br \/>\n<\/a><a href=\"https:\/\/iep-sa.com.ar\/wp-content\/uploads\/2021\/11\/EKAT-FOTOMETRIAS-01.jpg\"><br \/>\n<\/a><a href=\"https:\/\/iep-sa.com.ar\/wp-content\/uploads\/2022\/02\/Apolo-R-explosivo-6.png\"><img decoding=\"async\" class=\"wp-image-4851 alignleft\" src=\"https:\/\/iep-sa.com.ar\/wp-content\/uploads\/2022\/02\/Apolo-R-explosivo-6.png\" alt=\"\" width=\"300\" height=\"329\" srcset=\"https:\/\/iep-sa.com.ar\/wp-content\/uploads\/2022\/02\/Apolo-R-explosivo-6.png 912w, https:\/\/iep-sa.com.ar\/wp-content\/uploads\/2022\/02\/Apolo-R-explosivo-6-274x300.png 274w, https:\/\/iep-sa.com.ar\/wp-content\/uploads\/2022\/02\/Apolo-R-explosivo-6-768x842.png 768w, https:\/\/iep-sa.com.ar\/wp-content\/uploads\/2022\/02\/Apolo-R-explosivo-6-600x658.png 600w\" sizes=\"(max-width: 300px) 100vw, 300px\" \/><\/a><\/h3>\n<p>&nbsp;<\/p>\n<p>&nbsp;<\/p>\n<p>&nbsp;<\/p>\n<p>&nbsp;<\/p>\n<p>&nbsp;<\/p>\n<p>&nbsp;<\/p>\n<p>&nbsp;<\/p>\n<p>&nbsp;<\/p>\n<h3><\/h3>\n<h3><\/h3>\n<h3 style=\"text-align: left;\"><b>DESCARGAS<\/b><\/h3>\n<div style=\"text-align: left;\"><a href=\"https:\/\/iep-sa.com.ar\/wp-content\/uploads\/2022\/02\/APOLO.pdf\" target=\"_blank\" rel=\"noopener\">Ficha T\u00e9cnica Apolo<\/a><\/div>\n<div style=\"text-align: left;\"><\/div>\n<div><\/div>\n","protected":false},"excerpt":{"rendered":"<p style=\"text-align: left;\"><span style=\"color: #7c7c80; font-size: 14px;\">Apolo,\u00a0 luminaria antiexplosiva para aplicaciones de alto riesgo <\/span>Zona 2 grupo IIA Clase de temperatura T1.\u00a0 Cuerpo fabricado integramente por fundici\u00f3n de aluminio y difusor de vidrio templado. Apto para\u00a0 estaciones de servicio, salas de gas, estaciones petroleras, etc.<\/p>\n","protected":false},"featured_media":4846,"template":"","meta":{"_joinchat":[]},"product_brand":[],"product_cat":[119,133,136,129,154],"product_tag":[],"class_list":{"0":"post-4845","1":"product","2":"type-product","3":"status-publish","4":"has-post-thumbnail","6":"product_cat-aleros","7":"product_cat-camaras-de-frio","8":"product_cat-gasolinerias","9":"product_cat-grandes-areas-de-interior","10":"product_cat-tuneles-y-puentes","12":"first","13":"instock","14":"shipping-taxable","15":"product-type-simple","16":"layout-style-1","17":"col-md-4 col-sm-4 col-xs-6","18":"col-lg-3","19":"product-has-gallery","20":"product-style-default"},"yoast_head":"<!-- This site is optimized with the Yoast SEO plugin v27.4 - https:\/\/yoast.com\/product\/yoast-seo-wordpress\/ -->\n<title>APOLO R antiexplosivo - IEP - Iluminaci\u00f3n Eficiente Profesional<\/title>\n<meta name=\"robots\" content=\"index, follow, max-snippet:-1, max-image-preview:large, max-video-preview:-1\" \/>\n<link rel=\"canonical\" href=\"https:\/\/iep-sa.com.ar\/producto\/apolo-r-antiexplosivo\/\" \/>\n<meta property=\"og:locale\" content=\"es_ES\" \/>\n<meta property=\"og:type\" content=\"article\" \/>\n<meta property=\"og:title\" content=\"APOLO R antiexplosivo - IEP - Iluminaci\u00f3n Eficiente Profesional\" \/>\n<meta property=\"og:description\" content=\"Apolo,\u00a0 luminaria antiexplosiva para aplicaciones de alto riesgo Zona 2 grupo IIA Clase de temperatura T1.\u00a0 Cuerpo fabricado integramente por fundici\u00f3n de aluminio y difusor de vidrio templado. Apto para\u00a0 estaciones de servicio, salas de gas, estaciones petroleras, etc.\" \/>\n<meta property=\"og:url\" content=\"https:\/\/iep-sa.com.ar\/producto\/apolo-r-antiexplosivo\/\" \/>\n<meta property=\"og:site_name\" content=\"IEP - Iluminaci\u00f3n Eficiente Profesional\" \/>\n<meta property=\"article:modified_time\" content=\"2022-02-03T15:01:54+00:00\" \/>\n<meta property=\"og:image\" content=\"https:\/\/lightyellow-boar-299687.hostingersite.com\/wp-content\/uploads\/2022\/02\/Apolo-R-explosivo.png\" \/>\n\t<meta property=\"og:image:width\" content=\"1048\" \/>\n\t<meta property=\"og:image:height\" content=\"1048\" \/>\n\t<meta property=\"og:image:type\" content=\"image\/png\" \/>\n<meta name=\"twitter:card\" content=\"summary_large_image\" \/>\n<meta name=\"twitter:label1\" content=\"Tiempo de lectura\" \/>\n\t<meta name=\"twitter:data1\" content=\"1 minuto\" \/>\n<script type=\"application\/ld+json\" class=\"yoast-schema-graph\">{\"@context\":\"https:\\\/\\\/schema.org\",\"@graph\":[{\"@type\":\"WebPage\",\"@id\":\"https:\\\/\\\/iep-sa.com.ar\\\/producto\\\/apolo-r-antiexplosivo\\\/\",\"url\":\"https:\\\/\\\/iep-sa.com.ar\\\/producto\\\/apolo-r-antiexplosivo\\\/\",\"name\":\"APOLO R antiexplosivo - IEP - Iluminaci\u00f3n Eficiente Profesional\",\"isPartOf\":{\"@id\":\"https:\\\/\\\/iep-sa.com.ar\\\/#website\"},\"primaryImageOfPage\":{\"@id\":\"https:\\\/\\\/iep-sa.com.ar\\\/producto\\\/apolo-r-antiexplosivo\\\/#primaryimage\"},\"image\":{\"@id\":\"https:\\\/\\\/iep-sa.com.ar\\\/producto\\\/apolo-r-antiexplosivo\\\/#primaryimage\"},\"thumbnailUrl\":\"https:\\\/\\\/iep-sa.com.ar\\\/wp-content\\\/uploads\\\/2022\\\/02\\\/Apolo-R-explosivo.png\",\"datePublished\":\"2022-02-03T14:31:12+00:00\",\"dateModified\":\"2022-02-03T15:01:54+00:00\",\"breadcrumb\":{\"@id\":\"https:\\\/\\\/iep-sa.com.ar\\\/producto\\\/apolo-r-antiexplosivo\\\/#breadcrumb\"},\"inLanguage\":\"es\",\"potentialAction\":[{\"@type\":\"ReadAction\",\"target\":[\"https:\\\/\\\/iep-sa.com.ar\\\/producto\\\/apolo-r-antiexplosivo\\\/\"]}]},{\"@type\":\"ImageObject\",\"inLanguage\":\"es\",\"@id\":\"https:\\\/\\\/iep-sa.com.ar\\\/producto\\\/apolo-r-antiexplosivo\\\/#primaryimage\",\"url\":\"https:\\\/\\\/iep-sa.com.ar\\\/wp-content\\\/uploads\\\/2022\\\/02\\\/Apolo-R-explosivo.png\",\"contentUrl\":\"https:\\\/\\\/iep-sa.com.ar\\\/wp-content\\\/uploads\\\/2022\\\/02\\\/Apolo-R-explosivo.png\",\"width\":1048,\"height\":1048},{\"@type\":\"BreadcrumbList\",\"@id\":\"https:\\\/\\\/iep-sa.com.ar\\\/producto\\\/apolo-r-antiexplosivo\\\/#breadcrumb\",\"itemListElement\":[{\"@type\":\"ListItem\",\"position\":1,\"name\":\"Portada\",\"item\":\"https:\\\/\\\/iep-sa.com.ar\\\/\"},{\"@type\":\"ListItem\",\"position\":2,\"name\":\"Productos\",\"item\":\"https:\\\/\\\/iep-sa.com.ar\\\/productos\\\/\"},{\"@type\":\"ListItem\",\"position\":3,\"name\":\"APOLO R antiexplosivo\"}]},{\"@type\":\"WebSite\",\"@id\":\"https:\\\/\\\/iep-sa.com.ar\\\/#website\",\"url\":\"https:\\\/\\\/iep-sa.com.ar\\\/\",\"name\":\"IEP - Iluminaci\u00f3n Eficiente Profesional\",\"description\":\"Iluminaci\u00f3n Vial - Profesional - Decorativa - Estacionamientos - Gasolineras - Deportiva - P\u00fablica - Privada\",\"publisher\":{\"@id\":\"https:\\\/\\\/iep-sa.com.ar\\\/#organization\"},\"potentialAction\":[{\"@type\":\"SearchAction\",\"target\":{\"@type\":\"EntryPoint\",\"urlTemplate\":\"https:\\\/\\\/iep-sa.com.ar\\\/?s={search_term_string}\"},\"query-input\":{\"@type\":\"PropertyValueSpecification\",\"valueRequired\":true,\"valueName\":\"search_term_string\"}}],\"inLanguage\":\"es\"},{\"@type\":\"Organization\",\"@id\":\"https:\\\/\\\/iep-sa.com.ar\\\/#organization\",\"name\":\"IEP - Iluminaci\u00f3n Eficiente Profesional\",\"url\":\"https:\\\/\\\/iep-sa.com.ar\\\/\",\"logo\":{\"@type\":\"ImageObject\",\"inLanguage\":\"es\",\"@id\":\"https:\\\/\\\/iep-sa.com.ar\\\/#\\\/schema\\\/logo\\\/image\\\/\",\"url\":\"https:\\\/\\\/iep-sa.com.ar\\\/wp-content\\\/uploads\\\/2022\\\/11\\\/cropped-favicon.jpg\",\"contentUrl\":\"https:\\\/\\\/iep-sa.com.ar\\\/wp-content\\\/uploads\\\/2022\\\/11\\\/cropped-favicon.jpg\",\"width\":512,\"height\":512,\"caption\":\"IEP - Iluminaci\u00f3n Eficiente Profesional\"},\"image\":{\"@id\":\"https:\\\/\\\/iep-sa.com.ar\\\/#\\\/schema\\\/logo\\\/image\\\/\"}}]}<\/script>\n<!-- \/ Yoast SEO plugin. -->","yoast_head_json":{"title":"APOLO R antiexplosivo - IEP - Iluminaci\u00f3n Eficiente Profesional","robots":{"index":"index","follow":"follow","max-snippet":"max-snippet:-1","max-image-preview":"max-image-preview:large","max-video-preview":"max-video-preview:-1"},"canonical":"https:\/\/iep-sa.com.ar\/producto\/apolo-r-antiexplosivo\/","og_locale":"es_ES","og_type":"article","og_title":"APOLO R antiexplosivo - IEP - Iluminaci\u00f3n Eficiente Profesional","og_description":"Apolo,\u00a0 luminaria antiexplosiva para aplicaciones de alto riesgo Zona 2 grupo IIA Clase de temperatura T1.\u00a0 Cuerpo fabricado integramente por fundici\u00f3n de aluminio y difusor de vidrio templado. Apto para\u00a0 estaciones de servicio, salas de gas, estaciones petroleras, etc.","og_url":"https:\/\/iep-sa.com.ar\/producto\/apolo-r-antiexplosivo\/","og_site_name":"IEP - Iluminaci\u00f3n Eficiente Profesional","article_modified_time":"2022-02-03T15:01:54+00:00","og_image":[{"width":1048,"height":1048,"url":"https:\/\/lightyellow-boar-299687.hostingersite.com\/wp-content\/uploads\/2022\/02\/Apolo-R-explosivo.png","type":"image\/png"}],"twitter_card":"summary_large_image","twitter_misc":{"Tiempo de lectura":"1 minuto"},"schema":{"@context":"https:\/\/schema.org","@graph":[{"@type":"WebPage","@id":"https:\/\/iep-sa.com.ar\/producto\/apolo-r-antiexplosivo\/","url":"https:\/\/iep-sa.com.ar\/producto\/apolo-r-antiexplosivo\/","name":"APOLO R antiexplosivo - IEP - Iluminaci\u00f3n Eficiente Profesional","isPartOf":{"@id":"https:\/\/iep-sa.com.ar\/#website"},"primaryImageOfPage":{"@id":"https:\/\/iep-sa.com.ar\/producto\/apolo-r-antiexplosivo\/#primaryimage"},"image":{"@id":"https:\/\/iep-sa.com.ar\/producto\/apolo-r-antiexplosivo\/#primaryimage"},"thumbnailUrl":"https:\/\/iep-sa.com.ar\/wp-content\/uploads\/2022\/02\/Apolo-R-explosivo.png","datePublished":"2022-02-03T14:31:12+00:00","dateModified":"2022-02-03T15:01:54+00:00","breadcrumb":{"@id":"https:\/\/iep-sa.com.ar\/producto\/apolo-r-antiexplosivo\/#breadcrumb"},"inLanguage":"es","potentialAction":[{"@type":"ReadAction","target":["https:\/\/iep-sa.com.ar\/producto\/apolo-r-antiexplosivo\/"]}]},{"@type":"ImageObject","inLanguage":"es","@id":"https:\/\/iep-sa.com.ar\/producto\/apolo-r-antiexplosivo\/#primaryimage","url":"https:\/\/iep-sa.com.ar\/wp-content\/uploads\/2022\/02\/Apolo-R-explosivo.png","contentUrl":"https:\/\/iep-sa.com.ar\/wp-content\/uploads\/2022\/02\/Apolo-R-explosivo.png","width":1048,"height":1048},{"@type":"BreadcrumbList","@id":"https:\/\/iep-sa.com.ar\/producto\/apolo-r-antiexplosivo\/#breadcrumb","itemListElement":[{"@type":"ListItem","position":1,"name":"Portada","item":"https:\/\/iep-sa.com.ar\/"},{"@type":"ListItem","position":2,"name":"Productos","item":"https:\/\/iep-sa.com.ar\/productos\/"},{"@type":"ListItem","position":3,"name":"APOLO R antiexplosivo"}]},{"@type":"WebSite","@id":"https:\/\/iep-sa.com.ar\/#website","url":"https:\/\/iep-sa.com.ar\/","name":"IEP - Iluminaci\u00f3n Eficiente Profesional","description":"Iluminaci\u00f3n Vial - Profesional - Decorativa - Estacionamientos - Gasolineras - Deportiva - P\u00fablica - Privada","publisher":{"@id":"https:\/\/iep-sa.com.ar\/#organization"},"potentialAction":[{"@type":"SearchAction","target":{"@type":"EntryPoint","urlTemplate":"https:\/\/iep-sa.com.ar\/?s={search_term_string}"},"query-input":{"@type":"PropertyValueSpecification","valueRequired":true,"valueName":"search_term_string"}}],"inLanguage":"es"},{"@type":"Organization","@id":"https:\/\/iep-sa.com.ar\/#organization","name":"IEP - Iluminaci\u00f3n Eficiente Profesional","url":"https:\/\/iep-sa.com.ar\/","logo":{"@type":"ImageObject","inLanguage":"es","@id":"https:\/\/iep-sa.com.ar\/#\/schema\/logo\/image\/","url":"https:\/\/iep-sa.com.ar\/wp-content\/uploads\/2022\/11\/cropped-favicon.jpg","contentUrl":"https:\/\/iep-sa.com.ar\/wp-content\/uploads\/2022\/11\/cropped-favicon.jpg","width":512,"height":512,"caption":"IEP - Iluminaci\u00f3n Eficiente Profesional"},"image":{"@id":"https:\/\/iep-sa.com.ar\/#\/schema\/logo\/image\/"}}]}},"_links":{"self":[{"href":"https:\/\/iep-sa.com.ar\/nuevo\/wp-json\/wp\/v2\/product\/4845","targetHints":{"allow":["GET"]}}],"collection":[{"href":"https:\/\/iep-sa.com.ar\/nuevo\/wp-json\/wp\/v2\/product"}],"about":[{"href":"https:\/\/iep-sa.com.ar\/nuevo\/wp-json\/wp\/v2\/types\/product"}],"wp:featuredmedia":[{"embeddable":true,"href":"https:\/\/iep-sa.com.ar\/nuevo\/wp-json\/wp\/v2\/media\/4846"}],"wp:attachment":[{"href":"https:\/\/iep-sa.com.ar\/nuevo\/wp-json\/wp\/v2\/media?parent=4845"}],"wp:term":[{"taxonomy":"product_brand","embeddable":true,"href":"https:\/\/iep-sa.com.ar\/nuevo\/wp-json\/wp\/v2\/product_brand?post=4845"},{"taxonomy":"product_cat","embeddable":true,"href":"https:\/\/iep-sa.com.ar\/nuevo\/wp-json\/wp\/v2\/product_cat?post=4845"},{"taxonomy":"product_tag","embeddable":true,"href":"https:\/\/iep-sa.com.ar\/nuevo\/wp-json\/wp\/v2\/product_tag?post=4845"}],"curies":[{"name":"wp","href":"https:\/\/api.w.org\/{rel}","templated":true}]}}