{"id":4754,"date":"2022-01-24T17:21:41","date_gmt":"2022-01-24T17:21:41","guid":{"rendered":"https:\/\/iep-sa.com.ar\/nuevo\/?post_type=product&#038;p=4754"},"modified":"2026-01-27T15:27:09","modified_gmt":"2026-01-27T15:27:09","slug":"pyros-rgbw","status":"publish","type":"product","link":"https:\/\/iep-sa.com.ar\/nuevo\/producto\/pyros-rgbw\/","title":{"rendered":"PYROS RGBW"},"content":{"rendered":"<h4 style=\"text-align: left;\"><strong>CARACTERISTICAS<\/strong><\/h4>\n<p><a href=\"https:\/\/iep-sa.com.ar\/wp-content\/uploads\/2022\/01\/PYROS-RGBW-1.png\"><img fetchpriority=\"high\" decoding=\"async\" class=\"size-large wp-image-4755 alignleft\" src=\"https:\/\/iep-sa.com.ar\/wp-content\/uploads\/2022\/01\/PYROS-RGBW-1-1024x810.png\" alt=\"\" width=\"640\" height=\"506\" srcset=\"https:\/\/iep-sa.com.ar\/wp-content\/uploads\/2022\/01\/PYROS-RGBW-1-1024x810.png 1024w, https:\/\/iep-sa.com.ar\/wp-content\/uploads\/2022\/01\/PYROS-RGBW-1-300x237.png 300w, https:\/\/iep-sa.com.ar\/wp-content\/uploads\/2022\/01\/PYROS-RGBW-1-768x607.png 768w, https:\/\/iep-sa.com.ar\/wp-content\/uploads\/2022\/01\/PYROS-RGBW-1-1536x1214.png 1536w, https:\/\/iep-sa.com.ar\/wp-content\/uploads\/2022\/01\/PYROS-RGBW-1-600x474.png 600w, https:\/\/iep-sa.com.ar\/wp-content\/uploads\/2022\/01\/PYROS-RGBW-1.png 1586w\" sizes=\"(max-width: 640px) 100vw, 640px\" \/><\/a><\/p>\n<p><a href=\"https:\/\/iep-sa.com.ar\/wp-content\/uploads\/2021\/10\/pyros-4.png\"><img decoding=\"async\" class=\" wp-image-4734 alignleft\" src=\"https:\/\/iep-sa.com.ar\/wp-content\/uploads\/2021\/10\/pyros-4-1024x172.png\" alt=\"\" width=\"717\" height=\"121\" srcset=\"https:\/\/iep-sa.com.ar\/wp-content\/uploads\/2021\/10\/pyros-4-1024x172.png 1024w, https:\/\/iep-sa.com.ar\/wp-content\/uploads\/2021\/10\/pyros-4-300x50.png 300w, https:\/\/iep-sa.com.ar\/wp-content\/uploads\/2021\/10\/pyros-4-768x129.png 768w, https:\/\/iep-sa.com.ar\/wp-content\/uploads\/2021\/10\/pyros-4-1536x258.png 1536w, https:\/\/iep-sa.com.ar\/wp-content\/uploads\/2021\/10\/pyros-4-600x101.png 600w, https:\/\/iep-sa.com.ar\/wp-content\/uploads\/2021\/10\/pyros-4.png 1608w\" sizes=\"(max-width: 717px) 100vw, 717px\" \/><\/a><\/p>\n<h3><\/h3>\n<h3><\/h3>\n<p>&nbsp;<\/p>\n<p>&nbsp;<\/p>\n<p>&nbsp;<\/p>\n<p>&nbsp;<\/p>\n<p>&nbsp;<\/p>\n<p>&nbsp;<\/p>\n<h3><\/h3>\n<h3><\/h3>\n<h3><\/h3>\n<h3><\/h3>\n<p>&nbsp;<\/p>\n<p>&nbsp;<\/p>\n<p>&nbsp;<\/p>\n<p>&nbsp;<\/p>\n<p>&nbsp;<\/p>\n<p>&nbsp;<\/p>\n<p>&nbsp;<\/p>\n<p>&nbsp;<\/p>\n<p>&nbsp;<\/p>\n<h3 style=\"text-align: left;\"><strong>MEDIDAS<\/strong><\/h3>\n<p style=\"text-align: left;\"><a href=\"https:\/\/iep-sa.com.ar\/wp-content\/uploads\/2021\/10\/pyros-5.png\"><img decoding=\"async\" class=\" wp-image-4735 alignleft\" src=\"https:\/\/iep-sa.com.ar\/wp-content\/uploads\/2021\/10\/pyros-5.png\" alt=\"\" width=\"570\" height=\"269\" srcset=\"https:\/\/iep-sa.com.ar\/wp-content\/uploads\/2021\/10\/pyros-5.png 696w, https:\/\/iep-sa.com.ar\/wp-content\/uploads\/2021\/10\/pyros-5-300x141.png 300w, https:\/\/iep-sa.com.ar\/wp-content\/uploads\/2021\/10\/pyros-5-600x283.png 600w\" sizes=\"(max-width: 570px) 100vw, 570px\" \/><\/a><\/p>\n<p>&nbsp;<\/p>\n<p>&nbsp;<\/p>\n<p>&nbsp;<\/p>\n<p>&nbsp;<\/p>\n<p>&nbsp;<\/p>\n<p>&nbsp;<\/p>\n<p>&nbsp;<\/p>\n<h3><\/h3>\n<h3><\/h3>\n<h3><\/h3>\n<h3 style=\"text-align: left;\"><strong>CURVAS FOTOM\u00c9TRICAS<\/strong><\/h3>\n<h3><a href=\"https:\/\/iep-sa.com.ar\/wp-content\/uploads\/2021\/10\/PYROS-6.png\"><img loading=\"lazy\" decoding=\"async\" class=\"size-large wp-image-4739 alignleft\" src=\"https:\/\/iep-sa.com.ar\/wp-content\/uploads\/2021\/10\/PYROS-6-1024x255.png\" alt=\"\" width=\"640\" height=\"159\" srcset=\"https:\/\/iep-sa.com.ar\/wp-content\/uploads\/2021\/10\/PYROS-6-1024x255.png 1024w, https:\/\/iep-sa.com.ar\/wp-content\/uploads\/2021\/10\/PYROS-6-300x75.png 300w, https:\/\/iep-sa.com.ar\/wp-content\/uploads\/2021\/10\/PYROS-6-768x192.png 768w, https:\/\/iep-sa.com.ar\/wp-content\/uploads\/2021\/10\/PYROS-6-1536x383.png 1536w, https:\/\/iep-sa.com.ar\/wp-content\/uploads\/2021\/10\/PYROS-6-600x150.png 600w, https:\/\/iep-sa.com.ar\/wp-content\/uploads\/2021\/10\/PYROS-6.png 1932w\" sizes=\"(max-width: 640px) 100vw, 640px\" \/><\/a><\/h3>\n<p>&nbsp;<\/p>\n<h3><\/h3>\n<h3><\/h3>\n<h3><\/h3>\n<h3><\/h3>\n<h3><\/h3>\n<h3><\/h3>\n<h3><\/h3>\n<p>&nbsp;<\/p>\n<p>&nbsp;<\/p>\n<p>&nbsp;<\/p>\n<h3 style=\"text-align: left;\"><b>DESCARGAS<\/b><\/h3>\n<div class=\"wp-block-file\" style=\"text-align: left;\">\n<div class=\"wp-block-file\">\n<h2 class=\"wp-block-file\"><a href=\"https:\/\/iep-sa.com.ar\/wp-content\/uploads\/2022\/01\/Pyros-RGBW-1-2.pdf\">Ficha T\u00e9cnica PYROS LED<\/a><\/h2>\n<h2 class=\"wp-block-file\"><a href=\"https:\/\/iep-sa.com.ar\/wp-content\/uploads\/2021\/10\/pyros-cad.dwg_.zip\">CAD Pyros Led<\/a><\/h2>\n<h3><\/h3>\n<\/div>\n<\/div>\n","protected":false},"excerpt":{"rendered":"<p style=\"text-align: left;\">Pyros es una gama amplia y coordinadas de luminarias lineales profesionales para usos en interiores y exteriores. Todas las versiones de la familia se caracterizan por sus elevadas prestaciones y amplia flexibilidad de uso, su cuerpo creado especialmente para las diversas exigencias y tipolog\u00edas de instalaci\u00f3n de interior y de exterior, y una vasta gama de efectos luminosos para satisfacer cualquier requisito del proyecto. La linea Pyros es un instrumento fundamental para la iluminaci\u00f3n de grandes superficies. En su versi\u00f3n RGBW para iluminaci\u00f3n principalmente de fachadas hace un barrido completo y uniforme eligiendo la lente correcta para cada aplicaci\u00f3n.<\/p>\n","protected":false},"featured_media":4759,"template":"","meta":{"_joinchat":[]},"product_brand":[],"product_cat":[149,60,148,145,144,63,154],"product_tag":[],"class_list":{"0":"post-4754","1":"product","2":"type-product","3":"status-publish","4":"has-post-thumbnail","6":"product_cat-banadores","7":"product_cat-exterior-decorativo","8":"product_cat-fachadas-y-monumentos","9":"product_cat-jardines","10":"product_cat-parques","11":"product_cat-proyectores","12":"product_cat-tuneles-y-puentes","14":"first","15":"instock","16":"shipping-taxable","17":"product-type-simple","18":"layout-style-1","19":"col-md-4 col-sm-4 col-xs-6","20":"col-lg-3","21":"product-has-gallery","22":"product-style-default"},"yoast_head":"<!-- This site is optimized with the Yoast SEO plugin v27.4 - https:\/\/yoast.com\/product\/yoast-seo-wordpress\/ -->\n<title>PYROS RGBW - IEP - Iluminaci\u00f3n Eficiente Profesional<\/title>\n<meta name=\"robots\" content=\"index, follow, max-snippet:-1, max-image-preview:large, max-video-preview:-1\" \/>\n<link rel=\"canonical\" href=\"https:\/\/iep-sa.com.ar\/producto\/pyros-rgbw\/\" \/>\n<meta property=\"og:locale\" content=\"es_ES\" \/>\n<meta property=\"og:type\" content=\"article\" \/>\n<meta property=\"og:title\" content=\"PYROS RGBW - IEP - Iluminaci\u00f3n Eficiente Profesional\" \/>\n<meta property=\"og:description\" content=\"Pyros es una gama amplia y coordinadas de luminarias lineales profesionales para usos en interiores y exteriores. Todas las versiones de la familia se caracterizan por sus elevadas prestaciones y amplia flexibilidad de uso, su cuerpo creado especialmente para las diversas exigencias y tipolog\u00edas de instalaci\u00f3n de interior y de exterior, y una vasta gama de efectos luminosos para satisfacer cualquier requisito del proyecto. La linea Pyros es un instrumento fundamental para la iluminaci\u00f3n de grandes superficies. En su versi\u00f3n RGBW para iluminaci\u00f3n principalmente de fachadas hace un barrido completo y uniforme eligiendo la lente correcta para cada aplicaci\u00f3n.\" \/>\n<meta property=\"og:url\" content=\"https:\/\/iep-sa.com.ar\/producto\/pyros-rgbw\/\" \/>\n<meta property=\"og:site_name\" content=\"IEP - Iluminaci\u00f3n Eficiente Profesional\" \/>\n<meta property=\"article:modified_time\" content=\"2026-01-27T15:27:09+00:00\" \/>\n<meta property=\"og:image\" content=\"https:\/\/lightyellow-boar-299687.hostingersite.com\/wp-content\/uploads\/2022\/01\/Captura-de-Pantalla-2022-01-24-a-las-14.34.01.png\" \/>\n\t<meta property=\"og:image:width\" content=\"1052\" \/>\n\t<meta property=\"og:image:height\" content=\"1046\" \/>\n\t<meta property=\"og:image:type\" content=\"image\/png\" \/>\n<meta name=\"twitter:card\" content=\"summary_large_image\" \/>\n<meta name=\"twitter:label1\" content=\"Tiempo de lectura\" \/>\n\t<meta name=\"twitter:data1\" content=\"2 minutos\" \/>\n<script type=\"application\/ld+json\" class=\"yoast-schema-graph\">{\"@context\":\"https:\\\/\\\/schema.org\",\"@graph\":[{\"@type\":\"WebPage\",\"@id\":\"https:\\\/\\\/iep-sa.com.ar\\\/producto\\\/pyros-rgbw\\\/\",\"url\":\"https:\\\/\\\/iep-sa.com.ar\\\/producto\\\/pyros-rgbw\\\/\",\"name\":\"PYROS RGBW - IEP - Iluminaci\u00f3n Eficiente Profesional\",\"isPartOf\":{\"@id\":\"https:\\\/\\\/iep-sa.com.ar\\\/#website\"},\"primaryImageOfPage\":{\"@id\":\"https:\\\/\\\/iep-sa.com.ar\\\/producto\\\/pyros-rgbw\\\/#primaryimage\"},\"image\":{\"@id\":\"https:\\\/\\\/iep-sa.com.ar\\\/producto\\\/pyros-rgbw\\\/#primaryimage\"},\"thumbnailUrl\":\"https:\\\/\\\/iep-sa.com.ar\\\/wp-content\\\/uploads\\\/2022\\\/01\\\/Captura-de-Pantalla-2022-01-24-a-las-14.34.01.png\",\"datePublished\":\"2022-01-24T17:21:41+00:00\",\"dateModified\":\"2026-01-27T15:27:09+00:00\",\"breadcrumb\":{\"@id\":\"https:\\\/\\\/iep-sa.com.ar\\\/producto\\\/pyros-rgbw\\\/#breadcrumb\"},\"inLanguage\":\"es\",\"potentialAction\":[{\"@type\":\"ReadAction\",\"target\":[\"https:\\\/\\\/iep-sa.com.ar\\\/producto\\\/pyros-rgbw\\\/\"]}]},{\"@type\":\"ImageObject\",\"inLanguage\":\"es\",\"@id\":\"https:\\\/\\\/iep-sa.com.ar\\\/producto\\\/pyros-rgbw\\\/#primaryimage\",\"url\":\"https:\\\/\\\/iep-sa.com.ar\\\/wp-content\\\/uploads\\\/2022\\\/01\\\/Captura-de-Pantalla-2022-01-24-a-las-14.34.01.png\",\"contentUrl\":\"https:\\\/\\\/iep-sa.com.ar\\\/wp-content\\\/uploads\\\/2022\\\/01\\\/Captura-de-Pantalla-2022-01-24-a-las-14.34.01.png\",\"width\":1052,\"height\":1046},{\"@type\":\"BreadcrumbList\",\"@id\":\"https:\\\/\\\/iep-sa.com.ar\\\/producto\\\/pyros-rgbw\\\/#breadcrumb\",\"itemListElement\":[{\"@type\":\"ListItem\",\"position\":1,\"name\":\"Portada\",\"item\":\"https:\\\/\\\/iep-sa.com.ar\\\/\"},{\"@type\":\"ListItem\",\"position\":2,\"name\":\"Productos\",\"item\":\"https:\\\/\\\/iep-sa.com.ar\\\/productos\\\/\"},{\"@type\":\"ListItem\",\"position\":3,\"name\":\"PYROS RGBW\"}]},{\"@type\":\"WebSite\",\"@id\":\"https:\\\/\\\/iep-sa.com.ar\\\/#website\",\"url\":\"https:\\\/\\\/iep-sa.com.ar\\\/\",\"name\":\"IEP - Iluminaci\u00f3n Eficiente Profesional\",\"description\":\"Iluminaci\u00f3n Vial - Profesional - Decorativa - Estacionamientos - Gasolineras - Deportiva - P\u00fablica - Privada\",\"publisher\":{\"@id\":\"https:\\\/\\\/iep-sa.com.ar\\\/#organization\"},\"potentialAction\":[{\"@type\":\"SearchAction\",\"target\":{\"@type\":\"EntryPoint\",\"urlTemplate\":\"https:\\\/\\\/iep-sa.com.ar\\\/?s={search_term_string}\"},\"query-input\":{\"@type\":\"PropertyValueSpecification\",\"valueRequired\":true,\"valueName\":\"search_term_string\"}}],\"inLanguage\":\"es\"},{\"@type\":\"Organization\",\"@id\":\"https:\\\/\\\/iep-sa.com.ar\\\/#organization\",\"name\":\"IEP - Iluminaci\u00f3n Eficiente Profesional\",\"url\":\"https:\\\/\\\/iep-sa.com.ar\\\/\",\"logo\":{\"@type\":\"ImageObject\",\"inLanguage\":\"es\",\"@id\":\"https:\\\/\\\/iep-sa.com.ar\\\/#\\\/schema\\\/logo\\\/image\\\/\",\"url\":\"https:\\\/\\\/iep-sa.com.ar\\\/wp-content\\\/uploads\\\/2022\\\/11\\\/cropped-favicon.jpg\",\"contentUrl\":\"https:\\\/\\\/iep-sa.com.ar\\\/wp-content\\\/uploads\\\/2022\\\/11\\\/cropped-favicon.jpg\",\"width\":512,\"height\":512,\"caption\":\"IEP - Iluminaci\u00f3n Eficiente Profesional\"},\"image\":{\"@id\":\"https:\\\/\\\/iep-sa.com.ar\\\/#\\\/schema\\\/logo\\\/image\\\/\"}}]}<\/script>\n<!-- \/ Yoast SEO plugin. -->","yoast_head_json":{"title":"PYROS RGBW - IEP - Iluminaci\u00f3n Eficiente Profesional","robots":{"index":"index","follow":"follow","max-snippet":"max-snippet:-1","max-image-preview":"max-image-preview:large","max-video-preview":"max-video-preview:-1"},"canonical":"https:\/\/iep-sa.com.ar\/producto\/pyros-rgbw\/","og_locale":"es_ES","og_type":"article","og_title":"PYROS RGBW - IEP - Iluminaci\u00f3n Eficiente Profesional","og_description":"Pyros es una gama amplia y coordinadas de luminarias lineales profesionales para usos en interiores y exteriores. Todas las versiones de la familia se caracterizan por sus elevadas prestaciones y amplia flexibilidad de uso, su cuerpo creado especialmente para las diversas exigencias y tipolog\u00edas de instalaci\u00f3n de interior y de exterior, y una vasta gama de efectos luminosos para satisfacer cualquier requisito del proyecto. La linea Pyros es un instrumento fundamental para la iluminaci\u00f3n de grandes superficies. En su versi\u00f3n RGBW para iluminaci\u00f3n principalmente de fachadas hace un barrido completo y uniforme eligiendo la lente correcta para cada aplicaci\u00f3n.","og_url":"https:\/\/iep-sa.com.ar\/producto\/pyros-rgbw\/","og_site_name":"IEP - Iluminaci\u00f3n Eficiente Profesional","article_modified_time":"2026-01-27T15:27:09+00:00","og_image":[{"width":1052,"height":1046,"url":"https:\/\/lightyellow-boar-299687.hostingersite.com\/wp-content\/uploads\/2022\/01\/Captura-de-Pantalla-2022-01-24-a-las-14.34.01.png","type":"image\/png"}],"twitter_card":"summary_large_image","twitter_misc":{"Tiempo de lectura":"2 minutos"},"schema":{"@context":"https:\/\/schema.org","@graph":[{"@type":"WebPage","@id":"https:\/\/iep-sa.com.ar\/producto\/pyros-rgbw\/","url":"https:\/\/iep-sa.com.ar\/producto\/pyros-rgbw\/","name":"PYROS RGBW - IEP - Iluminaci\u00f3n Eficiente Profesional","isPartOf":{"@id":"https:\/\/iep-sa.com.ar\/#website"},"primaryImageOfPage":{"@id":"https:\/\/iep-sa.com.ar\/producto\/pyros-rgbw\/#primaryimage"},"image":{"@id":"https:\/\/iep-sa.com.ar\/producto\/pyros-rgbw\/#primaryimage"},"thumbnailUrl":"https:\/\/iep-sa.com.ar\/wp-content\/uploads\/2022\/01\/Captura-de-Pantalla-2022-01-24-a-las-14.34.01.png","datePublished":"2022-01-24T17:21:41+00:00","dateModified":"2026-01-27T15:27:09+00:00","breadcrumb":{"@id":"https:\/\/iep-sa.com.ar\/producto\/pyros-rgbw\/#breadcrumb"},"inLanguage":"es","potentialAction":[{"@type":"ReadAction","target":["https:\/\/iep-sa.com.ar\/producto\/pyros-rgbw\/"]}]},{"@type":"ImageObject","inLanguage":"es","@id":"https:\/\/iep-sa.com.ar\/producto\/pyros-rgbw\/#primaryimage","url":"https:\/\/iep-sa.com.ar\/wp-content\/uploads\/2022\/01\/Captura-de-Pantalla-2022-01-24-a-las-14.34.01.png","contentUrl":"https:\/\/iep-sa.com.ar\/wp-content\/uploads\/2022\/01\/Captura-de-Pantalla-2022-01-24-a-las-14.34.01.png","width":1052,"height":1046},{"@type":"BreadcrumbList","@id":"https:\/\/iep-sa.com.ar\/producto\/pyros-rgbw\/#breadcrumb","itemListElement":[{"@type":"ListItem","position":1,"name":"Portada","item":"https:\/\/iep-sa.com.ar\/"},{"@type":"ListItem","position":2,"name":"Productos","item":"https:\/\/iep-sa.com.ar\/productos\/"},{"@type":"ListItem","position":3,"name":"PYROS RGBW"}]},{"@type":"WebSite","@id":"https:\/\/iep-sa.com.ar\/#website","url":"https:\/\/iep-sa.com.ar\/","name":"IEP - Iluminaci\u00f3n Eficiente Profesional","description":"Iluminaci\u00f3n Vial - Profesional - Decorativa - Estacionamientos - Gasolineras - Deportiva - P\u00fablica - Privada","publisher":{"@id":"https:\/\/iep-sa.com.ar\/#organization"},"potentialAction":[{"@type":"SearchAction","target":{"@type":"EntryPoint","urlTemplate":"https:\/\/iep-sa.com.ar\/?s={search_term_string}"},"query-input":{"@type":"PropertyValueSpecification","valueRequired":true,"valueName":"search_term_string"}}],"inLanguage":"es"},{"@type":"Organization","@id":"https:\/\/iep-sa.com.ar\/#organization","name":"IEP - Iluminaci\u00f3n Eficiente Profesional","url":"https:\/\/iep-sa.com.ar\/","logo":{"@type":"ImageObject","inLanguage":"es","@id":"https:\/\/iep-sa.com.ar\/#\/schema\/logo\/image\/","url":"https:\/\/iep-sa.com.ar\/wp-content\/uploads\/2022\/11\/cropped-favicon.jpg","contentUrl":"https:\/\/iep-sa.com.ar\/wp-content\/uploads\/2022\/11\/cropped-favicon.jpg","width":512,"height":512,"caption":"IEP - Iluminaci\u00f3n Eficiente Profesional"},"image":{"@id":"https:\/\/iep-sa.com.ar\/#\/schema\/logo\/image\/"}}]}},"_links":{"self":[{"href":"https:\/\/iep-sa.com.ar\/nuevo\/wp-json\/wp\/v2\/product\/4754","targetHints":{"allow":["GET"]}}],"collection":[{"href":"https:\/\/iep-sa.com.ar\/nuevo\/wp-json\/wp\/v2\/product"}],"about":[{"href":"https:\/\/iep-sa.com.ar\/nuevo\/wp-json\/wp\/v2\/types\/product"}],"wp:featuredmedia":[{"embeddable":true,"href":"https:\/\/iep-sa.com.ar\/nuevo\/wp-json\/wp\/v2\/media\/4759"}],"wp:attachment":[{"href":"https:\/\/iep-sa.com.ar\/nuevo\/wp-json\/wp\/v2\/media?parent=4754"}],"wp:term":[{"taxonomy":"product_brand","embeddable":true,"href":"https:\/\/iep-sa.com.ar\/nuevo\/wp-json\/wp\/v2\/product_brand?post=4754"},{"taxonomy":"product_cat","embeddable":true,"href":"https:\/\/iep-sa.com.ar\/nuevo\/wp-json\/wp\/v2\/product_cat?post=4754"},{"taxonomy":"product_tag","embeddable":true,"href":"https:\/\/iep-sa.com.ar\/nuevo\/wp-json\/wp\/v2\/product_tag?post=4754"}],"curies":[{"name":"wp","href":"https:\/\/api.w.org\/{rel}","templated":true}]}}