{"id":4564,"date":"2021-11-19T18:43:09","date_gmt":"2021-11-19T18:43:09","guid":{"rendered":"https:\/\/iep-sa.com.ar\/nuevo\/?post_type=product&#038;p=4564"},"modified":"2021-11-23T18:06:06","modified_gmt":"2021-11-23T18:06:06","slug":"hollow-o","status":"publish","type":"product","link":"https:\/\/iep-sa.com.ar\/nuevo\/producto\/hollow-o\/","title":{"rendered":"HOLLOW O"},"content":{"rendered":"<h3 style=\"text-align: left;\"><b>CARACTERISTICAS<\/b><\/h3>\n<p class=\"p1\" style=\"text-align: left;\"><span class=\"s1\">MONTAJE\u00a0 \u00a0 \u00a0 \u00a0 \u00a0 \u00a0 \u00a0 \u00a0 \u00a0 \u00a0 \u00a0 \u00a0 \u00a0 \u00a0\u00a0<\/span>Sistema de enganche r\u00e1pido al contratecho mediante muelles<\/p>\n<p class=\"p1\" style=\"text-align: left;\">DISTRIBUCI\u00d3N DE LUZ\u00a0 \u00a0 \u00a0 \u00a0Directa \u2013 Sim\u00e9trica<\/p>\n<p class=\"p1\" style=\"text-align: left;\">SISTEMA \u00d3PTICO\u00a0 \u00a0 \u00a0 \u00a0 \u00a0 \u00a0 \u00a0 \u00a0Reflector en m\u00f3dulo \u00f3ptico<\/p>\n<p class=\"p1\" style=\"text-align: left;\">TERMINACI\u00d3N\u00a0 \u00a0 \u00a0 \u00a0 \u00a0 \u00a0 \u00a0 \u00a0 \u00a0 \u00a0 Pintura en polvo poli\u00e9ster<\/p>\n<p style=\"text-align: left;\">MATERIALES\u00a0 \u00a0 \u00a0 \u00a0 \u00a0 \u00a0 \u00a0 \u00a0 \u00a0 \u00a0 \u00a0 \u00a0Cuerpo en fundici\u00f3n de aluminio<\/p>\n<p style=\"text-align: left;\"><span class=\"s1\">FUENTE LUMINICA\u00a0 \u00a0 \u00a0 \u00a0 \u00a0 \u00a0 \u00a0<\/span>Apto para l\u00e1mpara dicroled y modulos led<\/p>\n<p style=\"text-align: left;\">COLOR\u00a0 \u00a0 \u00a0 \u00a0 \u00a0 \u00a0 \u00a0 \u00a0 \u00a0 \u00a0 \u00a0 \u00a0 \u00a0 \u00a0 \u00a0 \u00a0 Blanco texturado \u2013 Negro texturado \u2013 Gris Titanio<\/p>\n<h3 style=\"text-align: left;\"><b>DIMENSIONES<\/b><\/h3>\n<p class=\"p1\" style=\"text-align: left;\"><b style=\"color: #00a1d5; font-size: 20px;\"><a href=\"https:\/\/iep-sa.com.ar\/wp-content\/uploads\/2021\/11\/Hollow-O.png\"><img fetchpriority=\"high\" decoding=\"async\" class=\"wp-image-4572 alignnone\" src=\"https:\/\/iep-sa.com.ar\/wp-content\/uploads\/2021\/11\/Hollow-O.png\" alt=\"\" width=\"435\" height=\"333\" srcset=\"https:\/\/iep-sa.com.ar\/wp-content\/uploads\/2021\/11\/Hollow-O.png 930w, https:\/\/iep-sa.com.ar\/wp-content\/uploads\/2021\/11\/Hollow-O-300x230.png 300w, https:\/\/iep-sa.com.ar\/wp-content\/uploads\/2021\/11\/Hollow-O-768x588.png 768w, https:\/\/iep-sa.com.ar\/wp-content\/uploads\/2021\/11\/Hollow-O-600x459.png 600w\" sizes=\"(max-width: 435px) 100vw, 435px\" \/><\/a><\/b><\/p>\n<h3 style=\"text-align: left;\"><b>DESCARGAS<\/b><\/h3>\n<div style=\"text-align: left;\"><a href=\"https:\/\/iep-sa.com.ar\/wp-content\/uploads\/2021\/11\/Hollow-O-1.pdf\" target=\"_blank\" rel=\"noopener\">Ficha T\u00e9cnica HOLLOW O<\/a><\/div>\n<div style=\"text-align: left;\"><\/div>\n<div><\/div>\n","protected":false},"excerpt":{"rendered":"<h4 style=\"text-align: left;\"><strong>DESCRIPCI\u00d3N T\u00c9CNICA<\/strong><\/h4>\n<p style=\"text-align: left;\">Hollow es una nueva adici\u00f3n, elegante y muy funcional, a la gama de luces LED de IEP. La posici\u00f3n empotrada del LED garantiza una elegante imagen en el techo y un mayor nivel de confort visual. Su cuerpo piramidal hace que sea mejor que otras luces orientadas hacia abajo, lo que genera menor brillo,\u00a0 antideslumbrante, un valor est\u00e9tico a\u00f1adido, debido a la ausencia de sombras. El hollow est\u00e1 disponible en varios colores.<\/p>\n","protected":false},"featured_media":4566,"template":"","meta":{"_joinchat":[]},"product_brand":[],"product_cat":[141,143,136,64,142,139,140,137],"product_tag":[],"class_list":{"0":"post-4564","1":"product","2":"type-product","3":"status-publish","4":"has-post-thumbnail","6":"product_cat-cajas-y-bancos","7":"product_cat-edificios-educativos-aulas","8":"product_cat-gasolinerias","9":"product_cat-interior-decorativo","10":"product_cat-locales-de-usos-multiples","11":"product_cat-oficinas","12":"product_cat-residencias","13":"product_cat-tiendas-gasolinerias","15":"first","16":"instock","17":"shipping-taxable","18":"product-type-simple","19":"layout-style-1","20":"col-md-4 col-sm-4 col-xs-6","21":"col-lg-3","22":"product-has-gallery","23":"product-style-default"},"yoast_head":"<!-- This site is optimized with the Yoast SEO plugin v27.4 - https:\/\/yoast.com\/product\/yoast-seo-wordpress\/ -->\n<title>HOLLOW O - IEP - Iluminaci\u00f3n Eficiente Profesional<\/title>\n<meta name=\"robots\" content=\"index, follow, max-snippet:-1, max-image-preview:large, max-video-preview:-1\" \/>\n<link rel=\"canonical\" href=\"https:\/\/iep-sa.com.ar\/producto\/hollow-o\/\" \/>\n<meta property=\"og:locale\" content=\"es_ES\" \/>\n<meta property=\"og:type\" content=\"article\" \/>\n<meta property=\"og:title\" content=\"HOLLOW O - IEP - Iluminaci\u00f3n Eficiente Profesional\" \/>\n<meta property=\"og:description\" content=\"DESCRIPCI\u00d3N T\u00c9CNICA Hollow es una nueva adici\u00f3n, elegante y muy funcional, a la gama de luces LED de IEP. La posici\u00f3n empotrada del LED garantiza una elegante imagen en el techo y un mayor nivel de confort visual. Su cuerpo piramidal hace que sea mejor que otras luces orientadas hacia abajo, lo que genera menor brillo,\u00a0 antideslumbrante, un valor est\u00e9tico a\u00f1adido, debido a la ausencia de sombras. El hollow est\u00e1 disponible en varios colores.\" \/>\n<meta property=\"og:url\" content=\"https:\/\/iep-sa.com.ar\/producto\/hollow-o\/\" \/>\n<meta property=\"og:site_name\" content=\"IEP - Iluminaci\u00f3n Eficiente Profesional\" \/>\n<meta property=\"article:modified_time\" content=\"2021-11-23T18:06:06+00:00\" \/>\n<meta property=\"og:image\" content=\"https:\/\/lightyellow-boar-299687.hostingersite.com\/wp-content\/uploads\/2021\/11\/hollow-1.jpg\" \/>\n\t<meta property=\"og:image:width\" content=\"500\" \/>\n\t<meta property=\"og:image:height\" content=\"500\" \/>\n\t<meta property=\"og:image:type\" content=\"image\/jpeg\" \/>\n<meta name=\"twitter:card\" content=\"summary_large_image\" \/>\n<meta name=\"twitter:label1\" content=\"Tiempo de lectura\" \/>\n\t<meta name=\"twitter:data1\" content=\"1 minuto\" \/>\n<script type=\"application\/ld+json\" class=\"yoast-schema-graph\">{\"@context\":\"https:\\\/\\\/schema.org\",\"@graph\":[{\"@type\":\"WebPage\",\"@id\":\"https:\\\/\\\/iep-sa.com.ar\\\/producto\\\/hollow-o\\\/\",\"url\":\"https:\\\/\\\/iep-sa.com.ar\\\/producto\\\/hollow-o\\\/\",\"name\":\"HOLLOW O - IEP - Iluminaci\u00f3n Eficiente Profesional\",\"isPartOf\":{\"@id\":\"https:\\\/\\\/iep-sa.com.ar\\\/#website\"},\"primaryImageOfPage\":{\"@id\":\"https:\\\/\\\/iep-sa.com.ar\\\/producto\\\/hollow-o\\\/#primaryimage\"},\"image\":{\"@id\":\"https:\\\/\\\/iep-sa.com.ar\\\/producto\\\/hollow-o\\\/#primaryimage\"},\"thumbnailUrl\":\"https:\\\/\\\/iep-sa.com.ar\\\/wp-content\\\/uploads\\\/2021\\\/11\\\/hollow-1.jpg\",\"datePublished\":\"2021-11-19T18:43:09+00:00\",\"dateModified\":\"2021-11-23T18:06:06+00:00\",\"breadcrumb\":{\"@id\":\"https:\\\/\\\/iep-sa.com.ar\\\/producto\\\/hollow-o\\\/#breadcrumb\"},\"inLanguage\":\"es\",\"potentialAction\":[{\"@type\":\"ReadAction\",\"target\":[\"https:\\\/\\\/iep-sa.com.ar\\\/producto\\\/hollow-o\\\/\"]}]},{\"@type\":\"ImageObject\",\"inLanguage\":\"es\",\"@id\":\"https:\\\/\\\/iep-sa.com.ar\\\/producto\\\/hollow-o\\\/#primaryimage\",\"url\":\"https:\\\/\\\/iep-sa.com.ar\\\/wp-content\\\/uploads\\\/2021\\\/11\\\/hollow-1.jpg\",\"contentUrl\":\"https:\\\/\\\/iep-sa.com.ar\\\/wp-content\\\/uploads\\\/2021\\\/11\\\/hollow-1.jpg\",\"width\":500,\"height\":500},{\"@type\":\"BreadcrumbList\",\"@id\":\"https:\\\/\\\/iep-sa.com.ar\\\/producto\\\/hollow-o\\\/#breadcrumb\",\"itemListElement\":[{\"@type\":\"ListItem\",\"position\":1,\"name\":\"Portada\",\"item\":\"https:\\\/\\\/iep-sa.com.ar\\\/\"},{\"@type\":\"ListItem\",\"position\":2,\"name\":\"Productos\",\"item\":\"https:\\\/\\\/iep-sa.com.ar\\\/productos\\\/\"},{\"@type\":\"ListItem\",\"position\":3,\"name\":\"HOLLOW O\"}]},{\"@type\":\"WebSite\",\"@id\":\"https:\\\/\\\/iep-sa.com.ar\\\/#website\",\"url\":\"https:\\\/\\\/iep-sa.com.ar\\\/\",\"name\":\"IEP - Iluminaci\u00f3n Eficiente Profesional\",\"description\":\"Iluminaci\u00f3n Vial - Profesional - Decorativa - Estacionamientos - Gasolineras - Deportiva - P\u00fablica - Privada\",\"publisher\":{\"@id\":\"https:\\\/\\\/iep-sa.com.ar\\\/#organization\"},\"potentialAction\":[{\"@type\":\"SearchAction\",\"target\":{\"@type\":\"EntryPoint\",\"urlTemplate\":\"https:\\\/\\\/iep-sa.com.ar\\\/?s={search_term_string}\"},\"query-input\":{\"@type\":\"PropertyValueSpecification\",\"valueRequired\":true,\"valueName\":\"search_term_string\"}}],\"inLanguage\":\"es\"},{\"@type\":\"Organization\",\"@id\":\"https:\\\/\\\/iep-sa.com.ar\\\/#organization\",\"name\":\"IEP - Iluminaci\u00f3n Eficiente Profesional\",\"url\":\"https:\\\/\\\/iep-sa.com.ar\\\/\",\"logo\":{\"@type\":\"ImageObject\",\"inLanguage\":\"es\",\"@id\":\"https:\\\/\\\/iep-sa.com.ar\\\/#\\\/schema\\\/logo\\\/image\\\/\",\"url\":\"https:\\\/\\\/iep-sa.com.ar\\\/wp-content\\\/uploads\\\/2022\\\/11\\\/cropped-favicon.jpg\",\"contentUrl\":\"https:\\\/\\\/iep-sa.com.ar\\\/wp-content\\\/uploads\\\/2022\\\/11\\\/cropped-favicon.jpg\",\"width\":512,\"height\":512,\"caption\":\"IEP - Iluminaci\u00f3n Eficiente Profesional\"},\"image\":{\"@id\":\"https:\\\/\\\/iep-sa.com.ar\\\/#\\\/schema\\\/logo\\\/image\\\/\"}}]}<\/script>\n<!-- \/ Yoast SEO plugin. -->","yoast_head_json":{"title":"HOLLOW O - IEP - Iluminaci\u00f3n Eficiente Profesional","robots":{"index":"index","follow":"follow","max-snippet":"max-snippet:-1","max-image-preview":"max-image-preview:large","max-video-preview":"max-video-preview:-1"},"canonical":"https:\/\/iep-sa.com.ar\/producto\/hollow-o\/","og_locale":"es_ES","og_type":"article","og_title":"HOLLOW O - IEP - Iluminaci\u00f3n Eficiente Profesional","og_description":"DESCRIPCI\u00d3N T\u00c9CNICA Hollow es una nueva adici\u00f3n, elegante y muy funcional, a la gama de luces LED de IEP. La posici\u00f3n empotrada del LED garantiza una elegante imagen en el techo y un mayor nivel de confort visual. Su cuerpo piramidal hace que sea mejor que otras luces orientadas hacia abajo, lo que genera menor brillo,\u00a0 antideslumbrante, un valor est\u00e9tico a\u00f1adido, debido a la ausencia de sombras. El hollow est\u00e1 disponible en varios colores.","og_url":"https:\/\/iep-sa.com.ar\/producto\/hollow-o\/","og_site_name":"IEP - Iluminaci\u00f3n Eficiente Profesional","article_modified_time":"2021-11-23T18:06:06+00:00","og_image":[{"width":500,"height":500,"url":"https:\/\/lightyellow-boar-299687.hostingersite.com\/wp-content\/uploads\/2021\/11\/hollow-1.jpg","type":"image\/jpeg"}],"twitter_card":"summary_large_image","twitter_misc":{"Tiempo de lectura":"1 minuto"},"schema":{"@context":"https:\/\/schema.org","@graph":[{"@type":"WebPage","@id":"https:\/\/iep-sa.com.ar\/producto\/hollow-o\/","url":"https:\/\/iep-sa.com.ar\/producto\/hollow-o\/","name":"HOLLOW O - IEP - Iluminaci\u00f3n Eficiente Profesional","isPartOf":{"@id":"https:\/\/iep-sa.com.ar\/#website"},"primaryImageOfPage":{"@id":"https:\/\/iep-sa.com.ar\/producto\/hollow-o\/#primaryimage"},"image":{"@id":"https:\/\/iep-sa.com.ar\/producto\/hollow-o\/#primaryimage"},"thumbnailUrl":"https:\/\/iep-sa.com.ar\/wp-content\/uploads\/2021\/11\/hollow-1.jpg","datePublished":"2021-11-19T18:43:09+00:00","dateModified":"2021-11-23T18:06:06+00:00","breadcrumb":{"@id":"https:\/\/iep-sa.com.ar\/producto\/hollow-o\/#breadcrumb"},"inLanguage":"es","potentialAction":[{"@type":"ReadAction","target":["https:\/\/iep-sa.com.ar\/producto\/hollow-o\/"]}]},{"@type":"ImageObject","inLanguage":"es","@id":"https:\/\/iep-sa.com.ar\/producto\/hollow-o\/#primaryimage","url":"https:\/\/iep-sa.com.ar\/wp-content\/uploads\/2021\/11\/hollow-1.jpg","contentUrl":"https:\/\/iep-sa.com.ar\/wp-content\/uploads\/2021\/11\/hollow-1.jpg","width":500,"height":500},{"@type":"BreadcrumbList","@id":"https:\/\/iep-sa.com.ar\/producto\/hollow-o\/#breadcrumb","itemListElement":[{"@type":"ListItem","position":1,"name":"Portada","item":"https:\/\/iep-sa.com.ar\/"},{"@type":"ListItem","position":2,"name":"Productos","item":"https:\/\/iep-sa.com.ar\/productos\/"},{"@type":"ListItem","position":3,"name":"HOLLOW O"}]},{"@type":"WebSite","@id":"https:\/\/iep-sa.com.ar\/#website","url":"https:\/\/iep-sa.com.ar\/","name":"IEP - Iluminaci\u00f3n Eficiente Profesional","description":"Iluminaci\u00f3n Vial - Profesional - Decorativa - Estacionamientos - Gasolineras - Deportiva - P\u00fablica - Privada","publisher":{"@id":"https:\/\/iep-sa.com.ar\/#organization"},"potentialAction":[{"@type":"SearchAction","target":{"@type":"EntryPoint","urlTemplate":"https:\/\/iep-sa.com.ar\/?s={search_term_string}"},"query-input":{"@type":"PropertyValueSpecification","valueRequired":true,"valueName":"search_term_string"}}],"inLanguage":"es"},{"@type":"Organization","@id":"https:\/\/iep-sa.com.ar\/#organization","name":"IEP - Iluminaci\u00f3n Eficiente Profesional","url":"https:\/\/iep-sa.com.ar\/","logo":{"@type":"ImageObject","inLanguage":"es","@id":"https:\/\/iep-sa.com.ar\/#\/schema\/logo\/image\/","url":"https:\/\/iep-sa.com.ar\/wp-content\/uploads\/2022\/11\/cropped-favicon.jpg","contentUrl":"https:\/\/iep-sa.com.ar\/wp-content\/uploads\/2022\/11\/cropped-favicon.jpg","width":512,"height":512,"caption":"IEP - Iluminaci\u00f3n Eficiente Profesional"},"image":{"@id":"https:\/\/iep-sa.com.ar\/#\/schema\/logo\/image\/"}}]}},"_links":{"self":[{"href":"https:\/\/iep-sa.com.ar\/nuevo\/wp-json\/wp\/v2\/product\/4564","targetHints":{"allow":["GET"]}}],"collection":[{"href":"https:\/\/iep-sa.com.ar\/nuevo\/wp-json\/wp\/v2\/product"}],"about":[{"href":"https:\/\/iep-sa.com.ar\/nuevo\/wp-json\/wp\/v2\/types\/product"}],"wp:featuredmedia":[{"embeddable":true,"href":"https:\/\/iep-sa.com.ar\/nuevo\/wp-json\/wp\/v2\/media\/4566"}],"wp:attachment":[{"href":"https:\/\/iep-sa.com.ar\/nuevo\/wp-json\/wp\/v2\/media?parent=4564"}],"wp:term":[{"taxonomy":"product_brand","embeddable":true,"href":"https:\/\/iep-sa.com.ar\/nuevo\/wp-json\/wp\/v2\/product_brand?post=4564"},{"taxonomy":"product_cat","embeddable":true,"href":"https:\/\/iep-sa.com.ar\/nuevo\/wp-json\/wp\/v2\/product_cat?post=4564"},{"taxonomy":"product_tag","embeddable":true,"href":"https:\/\/iep-sa.com.ar\/nuevo\/wp-json\/wp\/v2\/product_tag?post=4564"}],"curies":[{"name":"wp","href":"https:\/\/api.w.org\/{rel}","templated":true}]}}