{"id":4525,"date":"2021-11-03T16:21:19","date_gmt":"2021-11-03T16:21:19","guid":{"rendered":"https:\/\/iep-sa.com.ar\/nuevo\/?post_type=product&#038;p=4525"},"modified":"2025-06-17T14:54:02","modified_gmt":"2025-06-17T14:54:02","slug":"tana","status":"publish","type":"product","link":"https:\/\/iep-sa.com.ar\/nuevo\/producto\/tana\/","title":{"rendered":"TANA 2.0 + Serif"},"content":{"rendered":"<h3 style=\"text-align: left;\"><strong>CARACTERISTICAS<\/strong><\/h3>\n<h3 style=\"text-align: left;\"><strong><a href=\"https:\/\/iep-sa.com.ar\/wp-content\/uploads\/2021\/11\/Captura-de-pantalla-2023-05-17-a-las-12.33.43.png\"><img fetchpriority=\"high\" decoding=\"async\" class=\"size-large wp-image-5191 alignleft\" src=\"https:\/\/iep-sa.com.ar\/wp-content\/uploads\/2021\/11\/Captura-de-pantalla-2023-05-17-a-las-12.33.43-1024x285.png\" alt=\"\" width=\"640\" height=\"178\" srcset=\"https:\/\/iep-sa.com.ar\/wp-content\/uploads\/2021\/11\/Captura-de-pantalla-2023-05-17-a-las-12.33.43-1024x285.png 1024w, https:\/\/iep-sa.com.ar\/wp-content\/uploads\/2021\/11\/Captura-de-pantalla-2023-05-17-a-las-12.33.43-300x83.png 300w, https:\/\/iep-sa.com.ar\/wp-content\/uploads\/2021\/11\/Captura-de-pantalla-2023-05-17-a-las-12.33.43-768x213.png 768w, https:\/\/iep-sa.com.ar\/wp-content\/uploads\/2021\/11\/Captura-de-pantalla-2023-05-17-a-las-12.33.43-600x167.png 600w, https:\/\/iep-sa.com.ar\/wp-content\/uploads\/2021\/11\/Captura-de-pantalla-2023-05-17-a-las-12.33.43.png 1288w\" sizes=\"(max-width: 640px) 100vw, 640px\" \/><\/a><\/strong><\/h3>\n<h3><\/h3>\n<h3><\/h3>\n<p>&nbsp;<\/p>\n<p>&nbsp;<\/p>\n<p>&nbsp;<\/p>\n<h3><img decoding=\"async\" class=\"wp-image-5511 alignleft\" src=\"https:\/\/iep-sa.com.ar\/wp-content\/uploads\/2021\/11\/Tana-2-1-1024x952.png\" alt=\"\" width=\"342\" height=\"318\" srcset=\"https:\/\/iep-sa.com.ar\/wp-content\/uploads\/2021\/11\/Tana-2-1-1024x952.png 1024w, https:\/\/iep-sa.com.ar\/wp-content\/uploads\/2021\/11\/Tana-2-1-300x279.png 300w, https:\/\/iep-sa.com.ar\/wp-content\/uploads\/2021\/11\/Tana-2-1-768x714.png 768w, https:\/\/iep-sa.com.ar\/wp-content\/uploads\/2021\/11\/Tana-2-1-600x558.png 600w, https:\/\/iep-sa.com.ar\/wp-content\/uploads\/2021\/11\/Tana-2-1.png 1030w\" sizes=\"(max-width: 342px) 100vw, 342px\" \/><\/h3>\n<p>&nbsp;<\/p>\n<h3 style=\"text-align: left;\"><\/h3>\n<h3><\/h3>\n<h3><\/h3>\n<p>&nbsp;<\/p>\n<p>&nbsp;<\/p>\n<p>&nbsp;<\/p>\n<p>&nbsp;<\/p>\n<p>&nbsp;<\/p>\n<p>&nbsp;<\/p>\n<p><a href=\"https:\/\/iep-sa.com.ar\/wp-content\/uploads\/2021\/11\/Captura-de-pantalla-2025-05-12-a-las-11.50.11.png\"><img decoding=\"async\" class=\" wp-image-5611 alignleft\" src=\"https:\/\/iep-sa.com.ar\/wp-content\/uploads\/2021\/11\/Captura-de-pantalla-2025-05-12-a-las-11.50.11-1024x671.png\" alt=\"\" width=\"577\" height=\"378\" srcset=\"https:\/\/iep-sa.com.ar\/wp-content\/uploads\/2021\/11\/Captura-de-pantalla-2025-05-12-a-las-11.50.11-1024x671.png 1024w, https:\/\/iep-sa.com.ar\/wp-content\/uploads\/2021\/11\/Captura-de-pantalla-2025-05-12-a-las-11.50.11-300x197.png 300w, https:\/\/iep-sa.com.ar\/wp-content\/uploads\/2021\/11\/Captura-de-pantalla-2025-05-12-a-las-11.50.11-768x503.png 768w, https:\/\/iep-sa.com.ar\/wp-content\/uploads\/2021\/11\/Captura-de-pantalla-2025-05-12-a-las-11.50.11-600x393.png 600w, https:\/\/iep-sa.com.ar\/wp-content\/uploads\/2021\/11\/Captura-de-pantalla-2025-05-12-a-las-11.50.11.png 1432w\" sizes=\"(max-width: 577px) 100vw, 577px\" \/><\/a><\/p>\n<p>&nbsp;<\/p>\n<p>&nbsp;<\/p>\n<h3><\/h3>\n<h3><\/h3>\n<p>&nbsp;<\/p>\n<p>&nbsp;<\/p>\n<p>&nbsp;<\/p>\n<p>&nbsp;<\/p>\n<p>&nbsp;<\/p>\n<p style=\"text-align: left;\">Se trata de una pantalla metalica personalizable mediante corte la\u0301ser que funciona como un filtro. Este dispositivo te\u0301cnico y este\u0301tico ofrece a los disen\u0303adores un nuevo campo de intervencio\u0301n y juego. Las combi- naciones de colores y disen\u0303os son infinitas: barrios urbanos pu\u0301blicos o privados, puede solicitar su escudo en diferentes tonos y pueden funcionar como un sistema de sen\u0303alizacio\u0301n integrado, se provee como accesorio de la luminaria TANA 2.0.<\/p>\n<p>&nbsp;<\/p>\n<p style=\"text-align: left;\"><a href=\"https:\/\/iep-sa.com.ar\/wp-content\/uploads\/2021\/11\/Captura-de-pantalla-2025-05-12-a-las-11.37.54.png\"><img loading=\"lazy\" decoding=\"async\" class=\"size-large wp-image-5612 alignleft\" src=\"https:\/\/iep-sa.com.ar\/wp-content\/uploads\/2021\/11\/Captura-de-pantalla-2025-05-12-a-las-11.37.54-1024x523.png\" alt=\"\" width=\"640\" height=\"327\" srcset=\"https:\/\/iep-sa.com.ar\/wp-content\/uploads\/2021\/11\/Captura-de-pantalla-2025-05-12-a-las-11.37.54-1024x523.png 1024w, https:\/\/iep-sa.com.ar\/wp-content\/uploads\/2021\/11\/Captura-de-pantalla-2025-05-12-a-las-11.37.54-300x153.png 300w, https:\/\/iep-sa.com.ar\/wp-content\/uploads\/2021\/11\/Captura-de-pantalla-2025-05-12-a-las-11.37.54-768x393.png 768w, https:\/\/iep-sa.com.ar\/wp-content\/uploads\/2021\/11\/Captura-de-pantalla-2025-05-12-a-las-11.37.54-600x307.png 600w, https:\/\/iep-sa.com.ar\/wp-content\/uploads\/2021\/11\/Captura-de-pantalla-2025-05-12-a-las-11.37.54.png 1444w\" sizes=\"(max-width: 640px) 100vw, 640px\" \/><\/a><\/p>\n<p>&nbsp;<\/p>\n<p>&nbsp;<\/p>\n<p>&nbsp;<\/p>\n<p>&nbsp;<\/p>\n<p>&nbsp;<\/p>\n<p>&nbsp;<\/p>\n<p>&nbsp;<\/p>\n<p>&nbsp;<\/p>\n<h3><\/h3>\n<h3><\/h3>\n<h3><\/h3>\n<h3><\/h3>\n<h3><\/h3>\n<p>&nbsp;<\/p>\n<p>&nbsp;<\/p>\n<p>&nbsp;<\/p>\n<p>&nbsp;<\/p>\n<p>&nbsp;<\/p>\n<p>&nbsp;<\/p>\n<p>&nbsp;<\/p>\n<h3 style=\"text-align: left;\"><strong>MEDIDAS<\/strong><\/h3>\n<p><a href=\"https:\/\/iep-sa.com.ar\/wp-content\/uploads\/2021\/11\/Tana-medidas-01.jpg\"><img loading=\"lazy\" decoding=\"async\" class=\"wp-image-4530 alignleft\" src=\"https:\/\/iep-sa.com.ar\/wp-content\/uploads\/2021\/11\/Tana-medidas-01-1024x1024.jpg\" alt=\"\" width=\"290\" height=\"290\" srcset=\"https:\/\/iep-sa.com.ar\/wp-content\/uploads\/2021\/11\/Tana-medidas-01-1024x1024.jpg 1024w, https:\/\/iep-sa.com.ar\/wp-content\/uploads\/2021\/11\/Tana-medidas-01-300x300.jpg 300w, https:\/\/iep-sa.com.ar\/wp-content\/uploads\/2021\/11\/Tana-medidas-01-150x150.jpg 150w, https:\/\/iep-sa.com.ar\/wp-content\/uploads\/2021\/11\/Tana-medidas-01-768x768.jpg 768w, https:\/\/iep-sa.com.ar\/wp-content\/uploads\/2021\/11\/Tana-medidas-01-1536x1536.jpg 1536w, https:\/\/iep-sa.com.ar\/wp-content\/uploads\/2021\/11\/Tana-medidas-01-100x100.jpg 100w, https:\/\/iep-sa.com.ar\/wp-content\/uploads\/2021\/11\/Tana-medidas-01-600x600.jpg 600w, https:\/\/iep-sa.com.ar\/wp-content\/uploads\/2021\/11\/Tana-medidas-01.jpg 1667w\" sizes=\"(max-width: 290px) 100vw, 290px\" \/><\/a><\/p>\n<h3><\/h3>\n<h3><\/h3>\n<h3><\/h3>\n<h3><\/h3>\n<p>&nbsp;<\/p>\n<p>&nbsp;<\/p>\n<p>&nbsp;<\/p>\n<p>&nbsp;<\/p>\n<p>&nbsp;<\/p>\n<p>&nbsp;<\/p>\n<p>&nbsp;<\/p>\n<h3><\/h3>\n<h3 style=\"text-align: left;\"><strong>CURVAS FOTOM\u00c9TRICAS Y MEDIDAS<\/strong><\/h3>\n<p><a href=\"https:\/\/iep-sa.com.ar\/wp-content\/uploads\/2021\/11\/Tana-fotometria-01.jpg\"><img loading=\"lazy\" decoding=\"async\" class=\"wp-image-4531 alignleft\" src=\"https:\/\/iep-sa.com.ar\/wp-content\/uploads\/2021\/11\/Tana-fotometria-01-1024x1024.jpg\" alt=\"\" width=\"333\" height=\"333\" srcset=\"https:\/\/iep-sa.com.ar\/wp-content\/uploads\/2021\/11\/Tana-fotometria-01-1024x1024.jpg 1024w, https:\/\/iep-sa.com.ar\/wp-content\/uploads\/2021\/11\/Tana-fotometria-01-300x300.jpg 300w, https:\/\/iep-sa.com.ar\/wp-content\/uploads\/2021\/11\/Tana-fotometria-01-150x150.jpg 150w, https:\/\/iep-sa.com.ar\/wp-content\/uploads\/2021\/11\/Tana-fotometria-01-768x768.jpg 768w, https:\/\/iep-sa.com.ar\/wp-content\/uploads\/2021\/11\/Tana-fotometria-01-1536x1536.jpg 1536w, https:\/\/iep-sa.com.ar\/wp-content\/uploads\/2021\/11\/Tana-fotometria-01-100x100.jpg 100w, https:\/\/iep-sa.com.ar\/wp-content\/uploads\/2021\/11\/Tana-fotometria-01-600x600.jpg 600w, https:\/\/iep-sa.com.ar\/wp-content\/uploads\/2021\/11\/Tana-fotometria-01.jpg 1667w\" sizes=\"(max-width: 333px) 100vw, 333px\" \/><\/a><\/p>\n<h3><\/h3>\n<h3><\/h3>\n<h3><\/h3>\n<h3><\/h3>\n<p>&nbsp;<\/p>\n<p>&nbsp;<\/p>\n<p>&nbsp;<\/p>\n<p>&nbsp;<\/p>\n<p>&nbsp;<\/p>\n<p>&nbsp;<\/p>\n<h3><\/h3>\n<h3><\/h3>\n<h3><\/h3>\n<h3 style=\"text-align: left;\"><b>DESCARGAS<\/b><\/h3>\n<div class=\"wp-block-file\" style=\"text-align: left;\">\n<div class=\"wp-block-file\"><a href=\"https:\/\/iep-sa.com.ar\/wp-content\/uploads\/2021\/11\/TANA-2.0-serif.pdf\" target=\"_blank\" rel=\"noopener\">Ficha T\u00e9cnica TANA<\/a><\/div>\n<div class=\"wp-block-file\"><a href=\"https:\/\/iep-sa.com.ar\/wp-content\/uploads\/2021\/11\/tana-.dwg_.zip\" target=\"_blank\" rel=\"noopener\">Cad TANA<\/a><\/div>\n<div><a href=\"https:\/\/iep-sa.com.ar\/wp-content\/uploads\/2021\/11\/fotometria-sim.zip\">Fotometria TANA<\/a><\/div>\n<\/div>\n<p>&nbsp;<\/p>\n<p>&nbsp;<\/p>\n","protected":false},"excerpt":{"rendered":"<h4 style=\"text-align: left;\"><strong>DESCRIPCI\u00d3N T\u00c9CNICA<\/strong><\/h4>\n<div class=\"page\" title=\"Page 3\">\n<div class=\"section\">\n<div class=\"layoutArea\">\n<div class=\"column\">\n<div class=\"page\" title=\"Page 2\">\n<div class=\"section\">\n<div class=\"layoutArea\">\n<div class=\"column\">\n<div class=\"page\" title=\"Page 2\">\n<div class=\"layoutArea\">\n<div class=\"column\">\n<div class=\"page\" title=\"Page 2\">\n<div class=\"layoutArea\">\n<div class=\"column\">\n<p style=\"text-align: left;\">La luminaria Tana se caracteriza por su disen\u0303o urbano decorativo con iluminacio\u0301n general difusa. Su fijacio\u0301n post-top hasta \u00d860mm en funcio\u0301n del acople de columna. Materializado en fundicio\u0301n de aluminio, que cuenta con dos brazos de soporte para el grupo o\u0301ptico de LED con tapa co\u0301ncava de fundicio\u0301n de aluminio, y difusor de Cristal templado. El driver se aloja dentro del recinto o\u0301ptico, el cual se encuentra unido a la estructura mediante tornilleria de acero inoxidable. De disen\u0303o minimalista y gran confort visual. Su disen\u0303o permite instalar zo\u0301calos NEMA para fotocontrol o antena telegestio\u0301n.<\/p>\n<h4 style=\"text-align: left;\"><strong>TANA 2.0 SERIF<\/strong><\/h4>\n<div class=\"page\" title=\"Page 4\">\n<div class=\"layoutArea\">\n<div class=\"column\">\n<p style=\"text-align: left;\">Luminaria Tana Serif para aplicaciones urbanas con disen\u0303o distintivo.<\/p>\n<p style=\"text-align: left;\">Disen\u0303o contempora\u0301neo con li\u0301neas limpias y cuerpo robusto en fundicio\u0301n de aluminio, ideal para integrar con elegancia en entornos urbanos o paisaji\u0301sticos. Equipada con tecnologi\u0301a LED de alta eficiencia y driver incorporado, ofrece una solucio\u0301n confiable y de bajo mantenimiento.<\/p>\n<p style=\"text-align: left;\">Su diferencial ma\u0301s innovador es la cartela interior, pensada para personalizar cada luminaria con el logotipo de una municipalidad, instituciones, o con grafismos especi\u0301ficos que refuercen la identidad del lugar. Una propuesta que transforma la ilumina- cio\u0301n en un recurso de comunicacio\u0301n visual y perte- nencia, perfecta para proyectos que buscan dejar huella.<\/p>\n<\/div>\n<\/div>\n<\/div>\n<\/div>\n<\/div>\n<\/div>\n<\/div>\n<\/div>\n<\/div>\n<\/div>\n<\/div>\n<\/div>\n<\/div>\n<\/div>\n<\/div>\n<\/div>\n<\/div>\n","protected":false},"featured_media":5166,"template":"","meta":{"_joinchat":[]},"product_brand":[],"product_cat":[125,128,76,135,127,126,124,157,158,59],"product_tag":[],"class_list":{"0":"post-4525","1":"product","2":"type-product","3":"status-publish","4":"has-post-thumbnail","6":"product_cat-bicisendas","7":"product_cat-costaneras","8":"product_cat-estacionamientos","9":"product_cat-exterior","10":"product_cat-paseos","11":"product_cat-peatonales","12":"product_cat-plazas","13":"product_cat-telegestion-y-domotica","14":"product_cat-urbanizacion","15":"product_cat-urbano-decorativo","17":"first","18":"instock","19":"shipping-taxable","20":"product-type-simple","21":"layout-style-1","22":"col-md-4 col-sm-4 col-xs-6","23":"col-lg-3","24":"product-has-gallery","25":"product-style-default"},"yoast_head":"<!-- This site is optimized with the Yoast SEO plugin v27.4 - https:\/\/yoast.com\/product\/yoast-seo-wordpress\/ -->\n<title>TANA 2.0 + Serif - IEP - Iluminaci\u00f3n Eficiente Profesional<\/title>\n<meta name=\"robots\" content=\"index, follow, max-snippet:-1, max-image-preview:large, max-video-preview:-1\" \/>\n<link rel=\"canonical\" href=\"https:\/\/iep-sa.com.ar\/producto\/tana\/\" \/>\n<meta property=\"og:locale\" content=\"es_ES\" \/>\n<meta property=\"og:type\" content=\"article\" \/>\n<meta property=\"og:title\" content=\"TANA 2.0 + Serif - IEP - Iluminaci\u00f3n Eficiente Profesional\" \/>\n<meta property=\"og:description\" content=\"DESCRIPCI\u00d3N T\u00c9CNICA               La luminaria Tana se caracteriza por su disen\u0303o urbano decorativo con iluminacio\u0301n general difusa. Su fijacio\u0301n post-top hasta \u00d860mm en funcio\u0301n del acople de columna. Materializado en fundicio\u0301n de aluminio, que cuenta con dos brazos de soporte para el grupo o\u0301ptico de LED con tapa co\u0301ncava de fundicio\u0301n de aluminio, y difusor de Cristal templado. El driver se aloja dentro del recinto o\u0301ptico, el cual se encuentra unido a la estructura mediante tornilleria de acero inoxidable. De disen\u0303o minimalista y gran confort visual. Su disen\u0303o permite instalar zo\u0301calos NEMA para fotocontrol o antena telegestio\u0301n.  TANA 2.0 SERIF    Luminaria Tana Serif para aplicaciones urbanas con disen\u0303o distintivo. Disen\u0303o contempora\u0301neo con li\u0301neas limpias y cuerpo robusto en fundicio\u0301n de aluminio, ideal para integrar con elegancia en entornos urbanos o paisaji\u0301sticos. Equipada con tecnologi\u0301a LED de alta eficiencia y driver incorporado, ofrece una solucio\u0301n confiable y de bajo mantenimiento. Su diferencial ma\u0301s innovador es la cartela interior, pensada para personalizar cada luminaria con el logotipo de una municipalidad, instituciones, o con grafismos especi\u0301ficos que refuercen la identidad del lugar. Una propuesta que transforma la ilumina- cio\u0301n en un recurso de comunicacio\u0301n visual y perte- nencia, perfecta para proyectos que buscan dejar huella.\" \/>\n<meta property=\"og:url\" content=\"https:\/\/iep-sa.com.ar\/producto\/tana\/\" \/>\n<meta property=\"og:site_name\" content=\"IEP - Iluminaci\u00f3n Eficiente Profesional\" \/>\n<meta property=\"article:modified_time\" content=\"2025-06-17T14:54:02+00:00\" \/>\n<meta property=\"og:image\" content=\"https:\/\/lightyellow-boar-299687.hostingersite.com\/wp-content\/uploads\/2021\/11\/TANA-3.png\" \/>\n\t<meta property=\"og:image:width\" content=\"984\" \/>\n\t<meta property=\"og:image:height\" content=\"1304\" \/>\n\t<meta property=\"og:image:type\" content=\"image\/png\" \/>\n<meta name=\"twitter:card\" content=\"summary_large_image\" \/>\n<meta name=\"twitter:label1\" content=\"Tiempo de lectura\" \/>\n\t<meta name=\"twitter:data1\" content=\"2 minutos\" \/>\n<script type=\"application\/ld+json\" class=\"yoast-schema-graph\">{\"@context\":\"https:\\\/\\\/schema.org\",\"@graph\":[{\"@type\":\"WebPage\",\"@id\":\"https:\\\/\\\/iep-sa.com.ar\\\/producto\\\/tana\\\/\",\"url\":\"https:\\\/\\\/iep-sa.com.ar\\\/producto\\\/tana\\\/\",\"name\":\"TANA 2.0 + Serif - IEP - Iluminaci\u00f3n Eficiente Profesional\",\"isPartOf\":{\"@id\":\"https:\\\/\\\/iep-sa.com.ar\\\/#website\"},\"primaryImageOfPage\":{\"@id\":\"https:\\\/\\\/iep-sa.com.ar\\\/producto\\\/tana\\\/#primaryimage\"},\"image\":{\"@id\":\"https:\\\/\\\/iep-sa.com.ar\\\/producto\\\/tana\\\/#primaryimage\"},\"thumbnailUrl\":\"https:\\\/\\\/iep-sa.com.ar\\\/wp-content\\\/uploads\\\/2021\\\/11\\\/TANA-3.png\",\"datePublished\":\"2021-11-03T16:21:19+00:00\",\"dateModified\":\"2025-06-17T14:54:02+00:00\",\"breadcrumb\":{\"@id\":\"https:\\\/\\\/iep-sa.com.ar\\\/producto\\\/tana\\\/#breadcrumb\"},\"inLanguage\":\"es\",\"potentialAction\":[{\"@type\":\"ReadAction\",\"target\":[\"https:\\\/\\\/iep-sa.com.ar\\\/producto\\\/tana\\\/\"]}]},{\"@type\":\"ImageObject\",\"inLanguage\":\"es\",\"@id\":\"https:\\\/\\\/iep-sa.com.ar\\\/producto\\\/tana\\\/#primaryimage\",\"url\":\"https:\\\/\\\/iep-sa.com.ar\\\/wp-content\\\/uploads\\\/2021\\\/11\\\/TANA-3.png\",\"contentUrl\":\"https:\\\/\\\/iep-sa.com.ar\\\/wp-content\\\/uploads\\\/2021\\\/11\\\/TANA-3.png\",\"width\":984,\"height\":1304},{\"@type\":\"BreadcrumbList\",\"@id\":\"https:\\\/\\\/iep-sa.com.ar\\\/producto\\\/tana\\\/#breadcrumb\",\"itemListElement\":[{\"@type\":\"ListItem\",\"position\":1,\"name\":\"Portada\",\"item\":\"https:\\\/\\\/iep-sa.com.ar\\\/\"},{\"@type\":\"ListItem\",\"position\":2,\"name\":\"Productos\",\"item\":\"https:\\\/\\\/iep-sa.com.ar\\\/productos\\\/\"},{\"@type\":\"ListItem\",\"position\":3,\"name\":\"TANA 2.0 + Serif\"}]},{\"@type\":\"WebSite\",\"@id\":\"https:\\\/\\\/iep-sa.com.ar\\\/#website\",\"url\":\"https:\\\/\\\/iep-sa.com.ar\\\/\",\"name\":\"IEP - Iluminaci\u00f3n Eficiente Profesional\",\"description\":\"Iluminaci\u00f3n Vial - Profesional - Decorativa - Estacionamientos - Gasolineras - Deportiva - P\u00fablica - Privada\",\"publisher\":{\"@id\":\"https:\\\/\\\/iep-sa.com.ar\\\/#organization\"},\"potentialAction\":[{\"@type\":\"SearchAction\",\"target\":{\"@type\":\"EntryPoint\",\"urlTemplate\":\"https:\\\/\\\/iep-sa.com.ar\\\/?s={search_term_string}\"},\"query-input\":{\"@type\":\"PropertyValueSpecification\",\"valueRequired\":true,\"valueName\":\"search_term_string\"}}],\"inLanguage\":\"es\"},{\"@type\":\"Organization\",\"@id\":\"https:\\\/\\\/iep-sa.com.ar\\\/#organization\",\"name\":\"IEP - Iluminaci\u00f3n Eficiente Profesional\",\"url\":\"https:\\\/\\\/iep-sa.com.ar\\\/\",\"logo\":{\"@type\":\"ImageObject\",\"inLanguage\":\"es\",\"@id\":\"https:\\\/\\\/iep-sa.com.ar\\\/#\\\/schema\\\/logo\\\/image\\\/\",\"url\":\"https:\\\/\\\/iep-sa.com.ar\\\/wp-content\\\/uploads\\\/2022\\\/11\\\/cropped-favicon.jpg\",\"contentUrl\":\"https:\\\/\\\/iep-sa.com.ar\\\/wp-content\\\/uploads\\\/2022\\\/11\\\/cropped-favicon.jpg\",\"width\":512,\"height\":512,\"caption\":\"IEP - Iluminaci\u00f3n Eficiente Profesional\"},\"image\":{\"@id\":\"https:\\\/\\\/iep-sa.com.ar\\\/#\\\/schema\\\/logo\\\/image\\\/\"}}]}<\/script>\n<!-- \/ Yoast SEO plugin. -->","yoast_head_json":{"title":"TANA 2.0 + Serif - IEP - Iluminaci\u00f3n Eficiente Profesional","robots":{"index":"index","follow":"follow","max-snippet":"max-snippet:-1","max-image-preview":"max-image-preview:large","max-video-preview":"max-video-preview:-1"},"canonical":"https:\/\/iep-sa.com.ar\/producto\/tana\/","og_locale":"es_ES","og_type":"article","og_title":"TANA 2.0 + Serif - IEP - Iluminaci\u00f3n Eficiente Profesional","og_description":"DESCRIPCI\u00d3N T\u00c9CNICA               La luminaria Tana se caracteriza por su disen\u0303o urbano decorativo con iluminacio\u0301n general difusa. Su fijacio\u0301n post-top hasta \u00d860mm en funcio\u0301n del acople de columna. Materializado en fundicio\u0301n de aluminio, que cuenta con dos brazos de soporte para el grupo o\u0301ptico de LED con tapa co\u0301ncava de fundicio\u0301n de aluminio, y difusor de Cristal templado. El driver se aloja dentro del recinto o\u0301ptico, el cual se encuentra unido a la estructura mediante tornilleria de acero inoxidable. De disen\u0303o minimalista y gran confort visual. Su disen\u0303o permite instalar zo\u0301calos NEMA para fotocontrol o antena telegestio\u0301n.  TANA 2.0 SERIF    Luminaria Tana Serif para aplicaciones urbanas con disen\u0303o distintivo. Disen\u0303o contempora\u0301neo con li\u0301neas limpias y cuerpo robusto en fundicio\u0301n de aluminio, ideal para integrar con elegancia en entornos urbanos o paisaji\u0301sticos. Equipada con tecnologi\u0301a LED de alta eficiencia y driver incorporado, ofrece una solucio\u0301n confiable y de bajo mantenimiento. Su diferencial ma\u0301s innovador es la cartela interior, pensada para personalizar cada luminaria con el logotipo de una municipalidad, instituciones, o con grafismos especi\u0301ficos que refuercen la identidad del lugar. Una propuesta que transforma la ilumina- cio\u0301n en un recurso de comunicacio\u0301n visual y perte- nencia, perfecta para proyectos que buscan dejar huella.","og_url":"https:\/\/iep-sa.com.ar\/producto\/tana\/","og_site_name":"IEP - Iluminaci\u00f3n Eficiente Profesional","article_modified_time":"2025-06-17T14:54:02+00:00","og_image":[{"width":984,"height":1304,"url":"https:\/\/lightyellow-boar-299687.hostingersite.com\/wp-content\/uploads\/2021\/11\/TANA-3.png","type":"image\/png"}],"twitter_card":"summary_large_image","twitter_misc":{"Tiempo de lectura":"2 minutos"},"schema":{"@context":"https:\/\/schema.org","@graph":[{"@type":"WebPage","@id":"https:\/\/iep-sa.com.ar\/producto\/tana\/","url":"https:\/\/iep-sa.com.ar\/producto\/tana\/","name":"TANA 2.0 + Serif - IEP - Iluminaci\u00f3n Eficiente Profesional","isPartOf":{"@id":"https:\/\/iep-sa.com.ar\/#website"},"primaryImageOfPage":{"@id":"https:\/\/iep-sa.com.ar\/producto\/tana\/#primaryimage"},"image":{"@id":"https:\/\/iep-sa.com.ar\/producto\/tana\/#primaryimage"},"thumbnailUrl":"https:\/\/iep-sa.com.ar\/wp-content\/uploads\/2021\/11\/TANA-3.png","datePublished":"2021-11-03T16:21:19+00:00","dateModified":"2025-06-17T14:54:02+00:00","breadcrumb":{"@id":"https:\/\/iep-sa.com.ar\/producto\/tana\/#breadcrumb"},"inLanguage":"es","potentialAction":[{"@type":"ReadAction","target":["https:\/\/iep-sa.com.ar\/producto\/tana\/"]}]},{"@type":"ImageObject","inLanguage":"es","@id":"https:\/\/iep-sa.com.ar\/producto\/tana\/#primaryimage","url":"https:\/\/iep-sa.com.ar\/wp-content\/uploads\/2021\/11\/TANA-3.png","contentUrl":"https:\/\/iep-sa.com.ar\/wp-content\/uploads\/2021\/11\/TANA-3.png","width":984,"height":1304},{"@type":"BreadcrumbList","@id":"https:\/\/iep-sa.com.ar\/producto\/tana\/#breadcrumb","itemListElement":[{"@type":"ListItem","position":1,"name":"Portada","item":"https:\/\/iep-sa.com.ar\/"},{"@type":"ListItem","position":2,"name":"Productos","item":"https:\/\/iep-sa.com.ar\/productos\/"},{"@type":"ListItem","position":3,"name":"TANA 2.0 + Serif"}]},{"@type":"WebSite","@id":"https:\/\/iep-sa.com.ar\/#website","url":"https:\/\/iep-sa.com.ar\/","name":"IEP - Iluminaci\u00f3n Eficiente Profesional","description":"Iluminaci\u00f3n Vial - Profesional - Decorativa - Estacionamientos - Gasolineras - Deportiva - P\u00fablica - Privada","publisher":{"@id":"https:\/\/iep-sa.com.ar\/#organization"},"potentialAction":[{"@type":"SearchAction","target":{"@type":"EntryPoint","urlTemplate":"https:\/\/iep-sa.com.ar\/?s={search_term_string}"},"query-input":{"@type":"PropertyValueSpecification","valueRequired":true,"valueName":"search_term_string"}}],"inLanguage":"es"},{"@type":"Organization","@id":"https:\/\/iep-sa.com.ar\/#organization","name":"IEP - Iluminaci\u00f3n Eficiente Profesional","url":"https:\/\/iep-sa.com.ar\/","logo":{"@type":"ImageObject","inLanguage":"es","@id":"https:\/\/iep-sa.com.ar\/#\/schema\/logo\/image\/","url":"https:\/\/iep-sa.com.ar\/wp-content\/uploads\/2022\/11\/cropped-favicon.jpg","contentUrl":"https:\/\/iep-sa.com.ar\/wp-content\/uploads\/2022\/11\/cropped-favicon.jpg","width":512,"height":512,"caption":"IEP - Iluminaci\u00f3n Eficiente Profesional"},"image":{"@id":"https:\/\/iep-sa.com.ar\/#\/schema\/logo\/image\/"}}]}},"_links":{"self":[{"href":"https:\/\/iep-sa.com.ar\/nuevo\/wp-json\/wp\/v2\/product\/4525","targetHints":{"allow":["GET"]}}],"collection":[{"href":"https:\/\/iep-sa.com.ar\/nuevo\/wp-json\/wp\/v2\/product"}],"about":[{"href":"https:\/\/iep-sa.com.ar\/nuevo\/wp-json\/wp\/v2\/types\/product"}],"wp:featuredmedia":[{"embeddable":true,"href":"https:\/\/iep-sa.com.ar\/nuevo\/wp-json\/wp\/v2\/media\/5166"}],"wp:attachment":[{"href":"https:\/\/iep-sa.com.ar\/nuevo\/wp-json\/wp\/v2\/media?parent=4525"}],"wp:term":[{"taxonomy":"product_brand","embeddable":true,"href":"https:\/\/iep-sa.com.ar\/nuevo\/wp-json\/wp\/v2\/product_brand?post=4525"},{"taxonomy":"product_cat","embeddable":true,"href":"https:\/\/iep-sa.com.ar\/nuevo\/wp-json\/wp\/v2\/product_cat?post=4525"},{"taxonomy":"product_tag","embeddable":true,"href":"https:\/\/iep-sa.com.ar\/nuevo\/wp-json\/wp\/v2\/product_tag?post=4525"}],"curies":[{"name":"wp","href":"https:\/\/api.w.org\/{rel}","templated":true}]}}