{"id":4518,"date":"2021-11-03T16:06:17","date_gmt":"2021-11-03T16:06:17","guid":{"rendered":"https:\/\/iep-sa.com.ar\/nuevo\/?post_type=product&#038;p=4518"},"modified":"2021-11-03T16:13:57","modified_gmt":"2021-11-03T16:13:57","slug":"su7","status":"publish","type":"product","link":"https:\/\/iep-sa.com.ar\/nuevo\/producto\/su7\/","title":{"rendered":"SU7"},"content":{"rendered":"<h3 style=\"text-align: left;\"><strong>MEDIDAS<\/strong><a href=\"https:\/\/iep-sa.com.ar\/wp-content\/uploads\/2021\/11\/su7-medidas-01.jpg\"><img fetchpriority=\"high\" decoding=\"async\" class=\"aligncenter size-large wp-image-4523\" src=\"https:\/\/iep-sa.com.ar\/wp-content\/uploads\/2021\/11\/su7-medidas-01-1024x1024.jpg\" alt=\"\" width=\"640\" height=\"640\" srcset=\"https:\/\/iep-sa.com.ar\/wp-content\/uploads\/2021\/11\/su7-medidas-01-1024x1024.jpg 1024w, https:\/\/iep-sa.com.ar\/wp-content\/uploads\/2021\/11\/su7-medidas-01-300x300.jpg 300w, https:\/\/iep-sa.com.ar\/wp-content\/uploads\/2021\/11\/su7-medidas-01-150x150.jpg 150w, https:\/\/iep-sa.com.ar\/wp-content\/uploads\/2021\/11\/su7-medidas-01-768x768.jpg 768w, https:\/\/iep-sa.com.ar\/wp-content\/uploads\/2021\/11\/su7-medidas-01-1536x1536.jpg 1536w, https:\/\/iep-sa.com.ar\/wp-content\/uploads\/2021\/11\/su7-medidas-01-100x100.jpg 100w, https:\/\/iep-sa.com.ar\/wp-content\/uploads\/2021\/11\/su7-medidas-01-600x600.jpg 600w, https:\/\/iep-sa.com.ar\/wp-content\/uploads\/2021\/11\/su7-medidas-01.jpg 1667w\" sizes=\"(max-width: 640px) 100vw, 640px\" \/><\/a><\/h3>\n<h3 style=\"text-align: left;\"><b>DESCARGAS<\/b><\/h3>\n<div class=\"wp-block-file\" style=\"text-align: left;\">\n<div class=\"wp-block-file\"><a href=\"https:\/\/iep-sa.com.ar\/wp-content\/uploads\/2021\/11\/SU7.pdf\" target=\"_blank\" rel=\"noopener\">Ficha T\u00e9cnica SU7<\/a><\/div>\n<\/div>\n<p>&nbsp;<\/p>\n","protected":false},"excerpt":{"rendered":"<h4 style=\"text-align: left;\"><strong>DESCRIPCI\u00d3N T\u00c9CNICA<\/strong><\/h4>\n<div class=\"page\" title=\"Page 3\">\n<div class=\"section\">\n<div class=\"layoutArea\">\n<div class=\"column\">\n<div class=\"page\" title=\"Page 2\">\n<div class=\"section\">\n<div class=\"layoutArea\">\n<div class=\"column\">\n<div class=\"page\" title=\"Page 2\">\n<div class=\"layoutArea\">\n<div class=\"column\">\n<p style=\"text-align: left;\">Spika es una gama amplia de luminarias de proyectores profesionales para usos<br \/>\nen interiores y exteriores. Todas las versiones de la familia se caracterizan por sus<br \/>\nelevadas prestaciones y amplia flexibilidad de uso. Cuerpo en inyeccion de aluimnio. Ofrece una amplia gama de lentes para satisfacer cualquier requisito del proyecto. Spika por sus reducidas dimensiones y ampliagama de potencias se hace de una lumianria apta para cualquier tipo de aplicacio\u0301n.<\/p>\n<\/div>\n<\/div>\n<\/div>\n<p style=\"text-align: left;\">En esta li\u0301nea IEP ofrece las soluciones que mejor iluminan y se integran en el paisaje urbano de nuestros centros histo\u0301ricos y con la tecnologi\u0301a ma\u0301s eficiente.<\/p>\n<\/div>\n<\/div>\n<\/div>\n<\/div>\n<\/div>\n<\/div>\n<\/div>\n<\/div>\n","protected":false},"featured_media":4522,"template":"","meta":{"_joinchat":[]},"product_brand":[],"product_cat":[60,146],"product_tag":[],"class_list":{"0":"post-4518","1":"product","2":"type-product","3":"status-publish","4":"has-post-thumbnail","6":"product_cat-exterior-decorativo","7":"product_cat-piscinas","9":"first","10":"instock","11":"shipping-taxable","12":"product-type-simple","13":"layout-style-1","14":"col-md-4 col-sm-4 col-xs-6","15":"col-lg-3","16":"product-has-gallery","17":"product-style-default"},"yoast_head":"<!-- This site is optimized with the Yoast SEO plugin v27.4 - https:\/\/yoast.com\/product\/yoast-seo-wordpress\/ -->\n<title>SU7 - IEP - Iluminaci\u00f3n Eficiente Profesional<\/title>\n<meta name=\"robots\" content=\"index, follow, max-snippet:-1, max-image-preview:large, max-video-preview:-1\" \/>\n<link rel=\"canonical\" href=\"https:\/\/iep-sa.com.ar\/producto\/su7\/\" \/>\n<meta property=\"og:locale\" content=\"es_ES\" \/>\n<meta property=\"og:type\" content=\"article\" \/>\n<meta property=\"og:title\" content=\"SU7 - IEP - Iluminaci\u00f3n Eficiente Profesional\" \/>\n<meta property=\"og:description\" content=\"DESCRIPCI\u00d3N T\u00c9CNICA            Spika es una gama amplia de luminarias de proyectores profesionales para usos en interiores y exteriores. Todas las versiones de la familia se caracterizan por sus elevadas prestaciones y amplia flexibilidad de uso. Cuerpo en inyeccion de aluimnio. Ofrece una amplia gama de lentes para satisfacer cualquier requisito del proyecto. Spika por sus reducidas dimensiones y ampliagama de potencias se hace de una lumianria apta para cualquier tipo de aplicacio\u0301n.     En esta li\u0301nea IEP ofrece las soluciones que mejor iluminan y se integran en el paisaje urbano de nuestros centros histo\u0301ricos y con la tecnologi\u0301a ma\u0301s eficiente.\" \/>\n<meta property=\"og:url\" content=\"https:\/\/iep-sa.com.ar\/producto\/su7\/\" \/>\n<meta property=\"og:site_name\" content=\"IEP - Iluminaci\u00f3n Eficiente Profesional\" \/>\n<meta property=\"article:modified_time\" content=\"2021-11-03T16:13:57+00:00\" \/>\n<meta property=\"og:image\" content=\"https:\/\/lightyellow-boar-299687.hostingersite.com\/wp-content\/uploads\/2021\/11\/su7-01-1.jpg\" \/>\n\t<meta property=\"og:image:width\" content=\"1667\" \/>\n\t<meta property=\"og:image:height\" content=\"1667\" \/>\n\t<meta property=\"og:image:type\" content=\"image\/jpeg\" \/>\n<meta name=\"twitter:card\" content=\"summary_large_image\" \/>\n<meta name=\"twitter:label1\" content=\"Tiempo de lectura\" \/>\n\t<meta name=\"twitter:data1\" content=\"1 minuto\" \/>\n<script type=\"application\/ld+json\" class=\"yoast-schema-graph\">{\"@context\":\"https:\\\/\\\/schema.org\",\"@graph\":[{\"@type\":\"WebPage\",\"@id\":\"https:\\\/\\\/iep-sa.com.ar\\\/producto\\\/su7\\\/\",\"url\":\"https:\\\/\\\/iep-sa.com.ar\\\/producto\\\/su7\\\/\",\"name\":\"SU7 - IEP - Iluminaci\u00f3n Eficiente Profesional\",\"isPartOf\":{\"@id\":\"https:\\\/\\\/iep-sa.com.ar\\\/#website\"},\"primaryImageOfPage\":{\"@id\":\"https:\\\/\\\/iep-sa.com.ar\\\/producto\\\/su7\\\/#primaryimage\"},\"image\":{\"@id\":\"https:\\\/\\\/iep-sa.com.ar\\\/producto\\\/su7\\\/#primaryimage\"},\"thumbnailUrl\":\"https:\\\/\\\/iep-sa.com.ar\\\/wp-content\\\/uploads\\\/2021\\\/11\\\/su7-01-1.jpg\",\"datePublished\":\"2021-11-03T16:06:17+00:00\",\"dateModified\":\"2021-11-03T16:13:57+00:00\",\"breadcrumb\":{\"@id\":\"https:\\\/\\\/iep-sa.com.ar\\\/producto\\\/su7\\\/#breadcrumb\"},\"inLanguage\":\"es\",\"potentialAction\":[{\"@type\":\"ReadAction\",\"target\":[\"https:\\\/\\\/iep-sa.com.ar\\\/producto\\\/su7\\\/\"]}]},{\"@type\":\"ImageObject\",\"inLanguage\":\"es\",\"@id\":\"https:\\\/\\\/iep-sa.com.ar\\\/producto\\\/su7\\\/#primaryimage\",\"url\":\"https:\\\/\\\/iep-sa.com.ar\\\/wp-content\\\/uploads\\\/2021\\\/11\\\/su7-01-1.jpg\",\"contentUrl\":\"https:\\\/\\\/iep-sa.com.ar\\\/wp-content\\\/uploads\\\/2021\\\/11\\\/su7-01-1.jpg\",\"width\":1667,\"height\":1667},{\"@type\":\"BreadcrumbList\",\"@id\":\"https:\\\/\\\/iep-sa.com.ar\\\/producto\\\/su7\\\/#breadcrumb\",\"itemListElement\":[{\"@type\":\"ListItem\",\"position\":1,\"name\":\"Portada\",\"item\":\"https:\\\/\\\/iep-sa.com.ar\\\/\"},{\"@type\":\"ListItem\",\"position\":2,\"name\":\"Productos\",\"item\":\"https:\\\/\\\/iep-sa.com.ar\\\/productos\\\/\"},{\"@type\":\"ListItem\",\"position\":3,\"name\":\"SU7\"}]},{\"@type\":\"WebSite\",\"@id\":\"https:\\\/\\\/iep-sa.com.ar\\\/#website\",\"url\":\"https:\\\/\\\/iep-sa.com.ar\\\/\",\"name\":\"IEP - Iluminaci\u00f3n Eficiente Profesional\",\"description\":\"Iluminaci\u00f3n Vial - Profesional - Decorativa - Estacionamientos - Gasolineras - Deportiva - P\u00fablica - Privada\",\"publisher\":{\"@id\":\"https:\\\/\\\/iep-sa.com.ar\\\/#organization\"},\"potentialAction\":[{\"@type\":\"SearchAction\",\"target\":{\"@type\":\"EntryPoint\",\"urlTemplate\":\"https:\\\/\\\/iep-sa.com.ar\\\/?s={search_term_string}\"},\"query-input\":{\"@type\":\"PropertyValueSpecification\",\"valueRequired\":true,\"valueName\":\"search_term_string\"}}],\"inLanguage\":\"es\"},{\"@type\":\"Organization\",\"@id\":\"https:\\\/\\\/iep-sa.com.ar\\\/#organization\",\"name\":\"IEP - Iluminaci\u00f3n Eficiente Profesional\",\"url\":\"https:\\\/\\\/iep-sa.com.ar\\\/\",\"logo\":{\"@type\":\"ImageObject\",\"inLanguage\":\"es\",\"@id\":\"https:\\\/\\\/iep-sa.com.ar\\\/#\\\/schema\\\/logo\\\/image\\\/\",\"url\":\"https:\\\/\\\/iep-sa.com.ar\\\/wp-content\\\/uploads\\\/2022\\\/11\\\/cropped-favicon.jpg\",\"contentUrl\":\"https:\\\/\\\/iep-sa.com.ar\\\/wp-content\\\/uploads\\\/2022\\\/11\\\/cropped-favicon.jpg\",\"width\":512,\"height\":512,\"caption\":\"IEP - Iluminaci\u00f3n Eficiente Profesional\"},\"image\":{\"@id\":\"https:\\\/\\\/iep-sa.com.ar\\\/#\\\/schema\\\/logo\\\/image\\\/\"}}]}<\/script>\n<!-- \/ Yoast SEO plugin. -->","yoast_head_json":{"title":"SU7 - IEP - Iluminaci\u00f3n Eficiente Profesional","robots":{"index":"index","follow":"follow","max-snippet":"max-snippet:-1","max-image-preview":"max-image-preview:large","max-video-preview":"max-video-preview:-1"},"canonical":"https:\/\/iep-sa.com.ar\/producto\/su7\/","og_locale":"es_ES","og_type":"article","og_title":"SU7 - IEP - Iluminaci\u00f3n Eficiente Profesional","og_description":"DESCRIPCI\u00d3N T\u00c9CNICA            Spika es una gama amplia de luminarias de proyectores profesionales para usos en interiores y exteriores. Todas las versiones de la familia se caracterizan por sus elevadas prestaciones y amplia flexibilidad de uso. Cuerpo en inyeccion de aluimnio. Ofrece una amplia gama de lentes para satisfacer cualquier requisito del proyecto. Spika por sus reducidas dimensiones y ampliagama de potencias se hace de una lumianria apta para cualquier tipo de aplicacio\u0301n.     En esta li\u0301nea IEP ofrece las soluciones que mejor iluminan y se integran en el paisaje urbano de nuestros centros histo\u0301ricos y con la tecnologi\u0301a ma\u0301s eficiente.","og_url":"https:\/\/iep-sa.com.ar\/producto\/su7\/","og_site_name":"IEP - Iluminaci\u00f3n Eficiente Profesional","article_modified_time":"2021-11-03T16:13:57+00:00","og_image":[{"width":1667,"height":1667,"url":"https:\/\/lightyellow-boar-299687.hostingersite.com\/wp-content\/uploads\/2021\/11\/su7-01-1.jpg","type":"image\/jpeg"}],"twitter_card":"summary_large_image","twitter_misc":{"Tiempo de lectura":"1 minuto"},"schema":{"@context":"https:\/\/schema.org","@graph":[{"@type":"WebPage","@id":"https:\/\/iep-sa.com.ar\/producto\/su7\/","url":"https:\/\/iep-sa.com.ar\/producto\/su7\/","name":"SU7 - IEP - Iluminaci\u00f3n Eficiente Profesional","isPartOf":{"@id":"https:\/\/iep-sa.com.ar\/#website"},"primaryImageOfPage":{"@id":"https:\/\/iep-sa.com.ar\/producto\/su7\/#primaryimage"},"image":{"@id":"https:\/\/iep-sa.com.ar\/producto\/su7\/#primaryimage"},"thumbnailUrl":"https:\/\/iep-sa.com.ar\/wp-content\/uploads\/2021\/11\/su7-01-1.jpg","datePublished":"2021-11-03T16:06:17+00:00","dateModified":"2021-11-03T16:13:57+00:00","breadcrumb":{"@id":"https:\/\/iep-sa.com.ar\/producto\/su7\/#breadcrumb"},"inLanguage":"es","potentialAction":[{"@type":"ReadAction","target":["https:\/\/iep-sa.com.ar\/producto\/su7\/"]}]},{"@type":"ImageObject","inLanguage":"es","@id":"https:\/\/iep-sa.com.ar\/producto\/su7\/#primaryimage","url":"https:\/\/iep-sa.com.ar\/wp-content\/uploads\/2021\/11\/su7-01-1.jpg","contentUrl":"https:\/\/iep-sa.com.ar\/wp-content\/uploads\/2021\/11\/su7-01-1.jpg","width":1667,"height":1667},{"@type":"BreadcrumbList","@id":"https:\/\/iep-sa.com.ar\/producto\/su7\/#breadcrumb","itemListElement":[{"@type":"ListItem","position":1,"name":"Portada","item":"https:\/\/iep-sa.com.ar\/"},{"@type":"ListItem","position":2,"name":"Productos","item":"https:\/\/iep-sa.com.ar\/productos\/"},{"@type":"ListItem","position":3,"name":"SU7"}]},{"@type":"WebSite","@id":"https:\/\/iep-sa.com.ar\/#website","url":"https:\/\/iep-sa.com.ar\/","name":"IEP - Iluminaci\u00f3n Eficiente Profesional","description":"Iluminaci\u00f3n Vial - Profesional - Decorativa - Estacionamientos - Gasolineras - Deportiva - P\u00fablica - Privada","publisher":{"@id":"https:\/\/iep-sa.com.ar\/#organization"},"potentialAction":[{"@type":"SearchAction","target":{"@type":"EntryPoint","urlTemplate":"https:\/\/iep-sa.com.ar\/?s={search_term_string}"},"query-input":{"@type":"PropertyValueSpecification","valueRequired":true,"valueName":"search_term_string"}}],"inLanguage":"es"},{"@type":"Organization","@id":"https:\/\/iep-sa.com.ar\/#organization","name":"IEP - Iluminaci\u00f3n Eficiente Profesional","url":"https:\/\/iep-sa.com.ar\/","logo":{"@type":"ImageObject","inLanguage":"es","@id":"https:\/\/iep-sa.com.ar\/#\/schema\/logo\/image\/","url":"https:\/\/iep-sa.com.ar\/wp-content\/uploads\/2022\/11\/cropped-favicon.jpg","contentUrl":"https:\/\/iep-sa.com.ar\/wp-content\/uploads\/2022\/11\/cropped-favicon.jpg","width":512,"height":512,"caption":"IEP - Iluminaci\u00f3n Eficiente Profesional"},"image":{"@id":"https:\/\/iep-sa.com.ar\/#\/schema\/logo\/image\/"}}]}},"_links":{"self":[{"href":"https:\/\/iep-sa.com.ar\/nuevo\/wp-json\/wp\/v2\/product\/4518","targetHints":{"allow":["GET"]}}],"collection":[{"href":"https:\/\/iep-sa.com.ar\/nuevo\/wp-json\/wp\/v2\/product"}],"about":[{"href":"https:\/\/iep-sa.com.ar\/nuevo\/wp-json\/wp\/v2\/types\/product"}],"wp:featuredmedia":[{"embeddable":true,"href":"https:\/\/iep-sa.com.ar\/nuevo\/wp-json\/wp\/v2\/media\/4522"}],"wp:attachment":[{"href":"https:\/\/iep-sa.com.ar\/nuevo\/wp-json\/wp\/v2\/media?parent=4518"}],"wp:term":[{"taxonomy":"product_brand","embeddable":true,"href":"https:\/\/iep-sa.com.ar\/nuevo\/wp-json\/wp\/v2\/product_brand?post=4518"},{"taxonomy":"product_cat","embeddable":true,"href":"https:\/\/iep-sa.com.ar\/nuevo\/wp-json\/wp\/v2\/product_cat?post=4518"},{"taxonomy":"product_tag","embeddable":true,"href":"https:\/\/iep-sa.com.ar\/nuevo\/wp-json\/wp\/v2\/product_tag?post=4518"}],"curies":[{"name":"wp","href":"https:\/\/api.w.org\/{rel}","templated":true}]}}