{"id":4509,"date":"2021-11-03T14:24:41","date_gmt":"2021-11-03T14:24:41","guid":{"rendered":"https:\/\/iep-sa.com.ar\/nuevo\/?post_type=product&#038;p=4509"},"modified":"2022-01-26T15:59:28","modified_gmt":"2022-01-26T15:59:28","slug":"spika-hb","status":"publish","type":"product","link":"https:\/\/iep-sa.com.ar\/nuevo\/producto\/spika-hb\/","title":{"rendered":"SPIKA High Bay"},"content":{"rendered":"<h3 style=\"text-align: left;\"><strong>CARACTERISTICAS<\/strong><\/h3>\n<p>&nbsp;<\/p>\n<p><img fetchpriority=\"high\" decoding=\"async\" class=\"size-large wp-image-4792 alignleft\" src=\"https:\/\/iep-sa.com.ar\/wp-content\/uploads\/2021\/11\/spika-2-1024x238.png\" alt=\"\" width=\"640\" height=\"149\" srcset=\"https:\/\/iep-sa.com.ar\/wp-content\/uploads\/2021\/11\/spika-2-1024x238.png 1024w, https:\/\/iep-sa.com.ar\/wp-content\/uploads\/2021\/11\/spika-2-300x70.png 300w, https:\/\/iep-sa.com.ar\/wp-content\/uploads\/2021\/11\/spika-2-768x178.png 768w, https:\/\/iep-sa.com.ar\/wp-content\/uploads\/2021\/11\/spika-2-1536x357.png 1536w, https:\/\/iep-sa.com.ar\/wp-content\/uploads\/2021\/11\/spika-2-600x139.png 600w, https:\/\/iep-sa.com.ar\/wp-content\/uploads\/2021\/11\/spika-2.png 1774w\" sizes=\"(max-width: 640px) 100vw, 640px\" \/><\/p>\n<h3><\/h3>\n<h3><\/h3>\n<h3><\/h3>\n<h3><\/h3>\n<p>&nbsp;<\/p>\n<p>&nbsp;<\/p>\n<p>&nbsp;<\/p>\n<p>&nbsp;<\/p>\n<p>&nbsp;<\/p>\n<h3 style=\"text-align: left;\"><strong>MEDIDAS<\/strong><\/h3>\n<p><a href=\"https:\/\/iep-sa.com.ar\/wp-content\/uploads\/2021\/11\/Spika-medidas-01.jpg\"><img decoding=\"async\" class=\" wp-image-4504 alignleft\" src=\"https:\/\/iep-sa.com.ar\/wp-content\/uploads\/2021\/11\/Spika-medidas-01-1024x1024.jpg\" alt=\"\" width=\"479\" height=\"479\" srcset=\"https:\/\/iep-sa.com.ar\/wp-content\/uploads\/2021\/11\/Spika-medidas-01-1024x1024.jpg 1024w, https:\/\/iep-sa.com.ar\/wp-content\/uploads\/2021\/11\/Spika-medidas-01-300x300.jpg 300w, https:\/\/iep-sa.com.ar\/wp-content\/uploads\/2021\/11\/Spika-medidas-01-150x150.jpg 150w, https:\/\/iep-sa.com.ar\/wp-content\/uploads\/2021\/11\/Spika-medidas-01-768x768.jpg 768w, https:\/\/iep-sa.com.ar\/wp-content\/uploads\/2021\/11\/Spika-medidas-01-1536x1536.jpg 1536w, https:\/\/iep-sa.com.ar\/wp-content\/uploads\/2021\/11\/Spika-medidas-01-100x100.jpg 100w, https:\/\/iep-sa.com.ar\/wp-content\/uploads\/2021\/11\/Spika-medidas-01-600x600.jpg 600w, https:\/\/iep-sa.com.ar\/wp-content\/uploads\/2021\/11\/Spika-medidas-01.jpg 1667w\" sizes=\"(max-width: 479px) 100vw, 479px\" \/><\/a><\/p>\n<h3><\/h3>\n<p>&nbsp;<\/p>\n<h3><\/h3>\n<h3><\/h3>\n<h3><\/h3>\n<h3><\/h3>\n<h3><\/h3>\n<h3><\/h3>\n<p>&nbsp;<\/p>\n<p>&nbsp;<\/p>\n<p>&nbsp;<\/p>\n<h3><\/h3>\n<p>&nbsp;<\/p>\n<p>&nbsp;<\/p>\n<p>&nbsp;<\/p>\n<p>&nbsp;<\/p>\n<h3 style=\"text-align: left;\"><strong>CURVAS FOTOM\u00c9TRICAS<\/strong><\/h3>\n<h3><a href=\"https:\/\/iep-sa.com.ar\/wp-content\/uploads\/2021\/11\/spika-1.png\"><img decoding=\"async\" class=\"size-large wp-image-4793 alignleft\" src=\"https:\/\/iep-sa.com.ar\/wp-content\/uploads\/2021\/11\/spika-1-1024x496.png\" alt=\"\" width=\"640\" height=\"310\" srcset=\"https:\/\/iep-sa.com.ar\/wp-content\/uploads\/2021\/11\/spika-1-1024x496.png 1024w, https:\/\/iep-sa.com.ar\/wp-content\/uploads\/2021\/11\/spika-1-300x145.png 300w, https:\/\/iep-sa.com.ar\/wp-content\/uploads\/2021\/11\/spika-1-768x372.png 768w, https:\/\/iep-sa.com.ar\/wp-content\/uploads\/2021\/11\/spika-1-600x290.png 600w, https:\/\/iep-sa.com.ar\/wp-content\/uploads\/2021\/11\/spika-1.png 1124w\" sizes=\"(max-width: 640px) 100vw, 640px\" \/><\/a><\/h3>\n<h3><\/h3>\n<h3><\/h3>\n<h3><\/h3>\n<p>&nbsp;<\/p>\n<p>&nbsp;<\/p>\n<p>&nbsp;<\/p>\n<p>&nbsp;<\/p>\n<p>&nbsp;<\/p>\n<p>&nbsp;<\/p>\n<h3 style=\"text-align: left;\"><b>DESCARGAS<\/b><\/h3>\n<div class=\"wp-block-file\" style=\"text-align: left;\">\n<div class=\"wp-block-file\"><a href=\"https:\/\/iep-sa.com.ar\/wp-content\/uploads\/2021\/11\/Spika-HB.pdf\" target=\"_blank\" rel=\"noopener\">Ficha T\u00e9cnica SPIKA<\/a><\/div>\n<div class=\"wp-block-file\"><a href=\"https:\/\/iep-sa.com.ar\/wp-content\/uploads\/2021\/11\/Spika-lentes.zip\" target=\"_blank\" rel=\"noopener\">Fotometr\u00edas SPIKA<\/a><\/div>\n<div class=\"wp-block-file\"><a href=\"https:\/\/iep-sa.com.ar\/wp-content\/uploads\/2021\/11\/SPIKA-PROYECTOR.dwg_.zip\" target=\"_blank\" rel=\"noopener\">Cad SPIKA<\/a><\/div>\n<\/div>\n<p>&nbsp;<\/p>\n<h3 style=\"text-align: left;\"><\/h3>\n<p>&nbsp;<\/p>\n<h3><\/h3>\n<h3><\/h3>\n<h3><\/h3>\n<p>&nbsp;<\/p>\n<p>&nbsp;<\/p>\n<h3><\/h3>\n<h3><\/h3>\n<h3><\/h3>\n<h3><\/h3>\n<h3><\/h3>\n<h3><\/h3>\n<h3><\/h3>\n<h3><\/h3>\n<h3><\/h3>\n<h3><\/h3>\n<h3><\/h3>\n","protected":false},"excerpt":{"rendered":"<p style=\"text-align: left;\">Spika es una gama amplia de luminarias de luminarias profesionales para usos en interiores y exteriores. Todas las versiones de la familia se caracterizan por sus elevadas prestaciones y amplia flexibilidad de uso. Cuerpo en inyecci\u00f3n de aluminio. Ofrece una amplia gama de lentes para satisfacer cualquier requisito del proyecto. Spika por sus reducidas dimensiones y amplia gama de potencias se hace de una luminaria apta para cualquier tipo de aplicacio\u0301n. En esta li\u0301nea IEP ofrece las soluciones que mejor iluminan y se integran en el paisaje urbano de nuestros centros histo\u0301ricos y con la tecnologi\u0301a ma\u0301s eficiente.<\/p>\n","protected":false},"featured_media":4514,"template":"","meta":{"_joinchat":[]},"product_brand":[],"product_cat":[118,132,133,131,76,135,136,129,150,134,151,127,126,138,130,154,59],"product_tag":[],"class_list":{"0":"post-4509","1":"product","2":"type-product","3":"status-publish","4":"has-post-thumbnail","6":"product_cat-aceras","7":"product_cat-areas-de-trabajo","8":"product_cat-camaras-de-frio","9":"product_cat-depositos","10":"product_cat-estacionamientos","11":"product_cat-exterior","12":"product_cat-gasolinerias","13":"product_cat-grandes-areas-de-interior","14":"product_cat-grandes-areas-deportivas","15":"product_cat-interior","16":"product_cat-interior-grandes-areas-deportivas","17":"product_cat-paseos","18":"product_cat-peatonales","19":"product_cat-talleres","20":"product_cat-tiendas","21":"product_cat-tuneles-y-puentes","22":"product_cat-urbano-decorativo","24":"first","25":"instock","26":"shipping-taxable","27":"product-type-simple","28":"layout-style-1","29":"col-md-4 col-sm-4 col-xs-6","30":"col-lg-3","31":"product-has-gallery","32":"product-style-default"},"yoast_head":"<!-- This site is optimized with the Yoast SEO plugin v27.4 - https:\/\/yoast.com\/product\/yoast-seo-wordpress\/ -->\n<title>SPIKA High Bay - IEP - Iluminaci\u00f3n Eficiente Profesional<\/title>\n<meta name=\"robots\" content=\"index, follow, max-snippet:-1, max-image-preview:large, max-video-preview:-1\" \/>\n<link rel=\"canonical\" href=\"https:\/\/iep-sa.com.ar\/producto\/spika-hb\/\" \/>\n<meta property=\"og:locale\" content=\"es_ES\" \/>\n<meta property=\"og:type\" content=\"article\" \/>\n<meta property=\"og:title\" content=\"SPIKA High Bay - IEP - Iluminaci\u00f3n Eficiente Profesional\" \/>\n<meta property=\"og:description\" content=\"Spika es una gama amplia de luminarias de luminarias profesionales para usos en interiores y exteriores. Todas las versiones de la familia se caracterizan por sus elevadas prestaciones y amplia flexibilidad de uso. Cuerpo en inyecci\u00f3n de aluminio. Ofrece una amplia gama de lentes para satisfacer cualquier requisito del proyecto. Spika por sus reducidas dimensiones y amplia gama de potencias se hace de una luminaria apta para cualquier tipo de aplicacio\u0301n. En esta li\u0301nea IEP ofrece las soluciones que mejor iluminan y se integran en el paisaje urbano de nuestros centros histo\u0301ricos y con la tecnologi\u0301a ma\u0301s eficiente.\" \/>\n<meta property=\"og:url\" content=\"https:\/\/iep-sa.com.ar\/producto\/spika-hb\/\" \/>\n<meta property=\"og:site_name\" content=\"IEP - Iluminaci\u00f3n Eficiente Profesional\" \/>\n<meta property=\"article:modified_time\" content=\"2022-01-26T15:59:28+00:00\" \/>\n<meta property=\"og:image\" content=\"https:\/\/lightyellow-boar-299687.hostingersite.com\/wp-content\/uploads\/2021\/11\/SPIKA-HIGH-BAY-01-2.jpg\" \/>\n\t<meta property=\"og:image:width\" content=\"1667\" \/>\n\t<meta property=\"og:image:height\" content=\"1667\" \/>\n\t<meta property=\"og:image:type\" content=\"image\/jpeg\" \/>\n<meta name=\"twitter:card\" content=\"summary_large_image\" \/>\n<meta name=\"twitter:label1\" content=\"Tiempo de lectura\" \/>\n\t<meta name=\"twitter:data1\" content=\"1 minuto\" \/>\n<script type=\"application\/ld+json\" class=\"yoast-schema-graph\">{\"@context\":\"https:\\\/\\\/schema.org\",\"@graph\":[{\"@type\":\"WebPage\",\"@id\":\"https:\\\/\\\/iep-sa.com.ar\\\/producto\\\/spika-hb\\\/\",\"url\":\"https:\\\/\\\/iep-sa.com.ar\\\/producto\\\/spika-hb\\\/\",\"name\":\"SPIKA High Bay - IEP - Iluminaci\u00f3n Eficiente Profesional\",\"isPartOf\":{\"@id\":\"https:\\\/\\\/iep-sa.com.ar\\\/#website\"},\"primaryImageOfPage\":{\"@id\":\"https:\\\/\\\/iep-sa.com.ar\\\/producto\\\/spika-hb\\\/#primaryimage\"},\"image\":{\"@id\":\"https:\\\/\\\/iep-sa.com.ar\\\/producto\\\/spika-hb\\\/#primaryimage\"},\"thumbnailUrl\":\"https:\\\/\\\/iep-sa.com.ar\\\/wp-content\\\/uploads\\\/2021\\\/11\\\/SPIKA-HIGH-BAY-01-2.jpg\",\"datePublished\":\"2021-11-03T14:24:41+00:00\",\"dateModified\":\"2022-01-26T15:59:28+00:00\",\"breadcrumb\":{\"@id\":\"https:\\\/\\\/iep-sa.com.ar\\\/producto\\\/spika-hb\\\/#breadcrumb\"},\"inLanguage\":\"es\",\"potentialAction\":[{\"@type\":\"ReadAction\",\"target\":[\"https:\\\/\\\/iep-sa.com.ar\\\/producto\\\/spika-hb\\\/\"]}]},{\"@type\":\"ImageObject\",\"inLanguage\":\"es\",\"@id\":\"https:\\\/\\\/iep-sa.com.ar\\\/producto\\\/spika-hb\\\/#primaryimage\",\"url\":\"https:\\\/\\\/iep-sa.com.ar\\\/wp-content\\\/uploads\\\/2021\\\/11\\\/SPIKA-HIGH-BAY-01-2.jpg\",\"contentUrl\":\"https:\\\/\\\/iep-sa.com.ar\\\/wp-content\\\/uploads\\\/2021\\\/11\\\/SPIKA-HIGH-BAY-01-2.jpg\",\"width\":1667,\"height\":1667},{\"@type\":\"BreadcrumbList\",\"@id\":\"https:\\\/\\\/iep-sa.com.ar\\\/producto\\\/spika-hb\\\/#breadcrumb\",\"itemListElement\":[{\"@type\":\"ListItem\",\"position\":1,\"name\":\"Portada\",\"item\":\"https:\\\/\\\/iep-sa.com.ar\\\/\"},{\"@type\":\"ListItem\",\"position\":2,\"name\":\"Productos\",\"item\":\"https:\\\/\\\/iep-sa.com.ar\\\/productos\\\/\"},{\"@type\":\"ListItem\",\"position\":3,\"name\":\"SPIKA High Bay\"}]},{\"@type\":\"WebSite\",\"@id\":\"https:\\\/\\\/iep-sa.com.ar\\\/#website\",\"url\":\"https:\\\/\\\/iep-sa.com.ar\\\/\",\"name\":\"IEP - Iluminaci\u00f3n Eficiente Profesional\",\"description\":\"Iluminaci\u00f3n Vial - Profesional - Decorativa - Estacionamientos - Gasolineras - Deportiva - P\u00fablica - Privada\",\"publisher\":{\"@id\":\"https:\\\/\\\/iep-sa.com.ar\\\/#organization\"},\"potentialAction\":[{\"@type\":\"SearchAction\",\"target\":{\"@type\":\"EntryPoint\",\"urlTemplate\":\"https:\\\/\\\/iep-sa.com.ar\\\/?s={search_term_string}\"},\"query-input\":{\"@type\":\"PropertyValueSpecification\",\"valueRequired\":true,\"valueName\":\"search_term_string\"}}],\"inLanguage\":\"es\"},{\"@type\":\"Organization\",\"@id\":\"https:\\\/\\\/iep-sa.com.ar\\\/#organization\",\"name\":\"IEP - Iluminaci\u00f3n Eficiente Profesional\",\"url\":\"https:\\\/\\\/iep-sa.com.ar\\\/\",\"logo\":{\"@type\":\"ImageObject\",\"inLanguage\":\"es\",\"@id\":\"https:\\\/\\\/iep-sa.com.ar\\\/#\\\/schema\\\/logo\\\/image\\\/\",\"url\":\"https:\\\/\\\/iep-sa.com.ar\\\/wp-content\\\/uploads\\\/2022\\\/11\\\/cropped-favicon.jpg\",\"contentUrl\":\"https:\\\/\\\/iep-sa.com.ar\\\/wp-content\\\/uploads\\\/2022\\\/11\\\/cropped-favicon.jpg\",\"width\":512,\"height\":512,\"caption\":\"IEP - Iluminaci\u00f3n Eficiente Profesional\"},\"image\":{\"@id\":\"https:\\\/\\\/iep-sa.com.ar\\\/#\\\/schema\\\/logo\\\/image\\\/\"}}]}<\/script>\n<!-- \/ Yoast SEO plugin. -->","yoast_head_json":{"title":"SPIKA High Bay - IEP - Iluminaci\u00f3n Eficiente Profesional","robots":{"index":"index","follow":"follow","max-snippet":"max-snippet:-1","max-image-preview":"max-image-preview:large","max-video-preview":"max-video-preview:-1"},"canonical":"https:\/\/iep-sa.com.ar\/producto\/spika-hb\/","og_locale":"es_ES","og_type":"article","og_title":"SPIKA High Bay - IEP - Iluminaci\u00f3n Eficiente Profesional","og_description":"Spika es una gama amplia de luminarias de luminarias profesionales para usos en interiores y exteriores. Todas las versiones de la familia se caracterizan por sus elevadas prestaciones y amplia flexibilidad de uso. Cuerpo en inyecci\u00f3n de aluminio. Ofrece una amplia gama de lentes para satisfacer cualquier requisito del proyecto. Spika por sus reducidas dimensiones y amplia gama de potencias se hace de una luminaria apta para cualquier tipo de aplicacio\u0301n. En esta li\u0301nea IEP ofrece las soluciones que mejor iluminan y se integran en el paisaje urbano de nuestros centros histo\u0301ricos y con la tecnologi\u0301a ma\u0301s eficiente.","og_url":"https:\/\/iep-sa.com.ar\/producto\/spika-hb\/","og_site_name":"IEP - Iluminaci\u00f3n Eficiente Profesional","article_modified_time":"2022-01-26T15:59:28+00:00","og_image":[{"width":1667,"height":1667,"url":"https:\/\/lightyellow-boar-299687.hostingersite.com\/wp-content\/uploads\/2021\/11\/SPIKA-HIGH-BAY-01-2.jpg","type":"image\/jpeg"}],"twitter_card":"summary_large_image","twitter_misc":{"Tiempo de lectura":"1 minuto"},"schema":{"@context":"https:\/\/schema.org","@graph":[{"@type":"WebPage","@id":"https:\/\/iep-sa.com.ar\/producto\/spika-hb\/","url":"https:\/\/iep-sa.com.ar\/producto\/spika-hb\/","name":"SPIKA High Bay - IEP - Iluminaci\u00f3n Eficiente Profesional","isPartOf":{"@id":"https:\/\/iep-sa.com.ar\/#website"},"primaryImageOfPage":{"@id":"https:\/\/iep-sa.com.ar\/producto\/spika-hb\/#primaryimage"},"image":{"@id":"https:\/\/iep-sa.com.ar\/producto\/spika-hb\/#primaryimage"},"thumbnailUrl":"https:\/\/iep-sa.com.ar\/wp-content\/uploads\/2021\/11\/SPIKA-HIGH-BAY-01-2.jpg","datePublished":"2021-11-03T14:24:41+00:00","dateModified":"2022-01-26T15:59:28+00:00","breadcrumb":{"@id":"https:\/\/iep-sa.com.ar\/producto\/spika-hb\/#breadcrumb"},"inLanguage":"es","potentialAction":[{"@type":"ReadAction","target":["https:\/\/iep-sa.com.ar\/producto\/spika-hb\/"]}]},{"@type":"ImageObject","inLanguage":"es","@id":"https:\/\/iep-sa.com.ar\/producto\/spika-hb\/#primaryimage","url":"https:\/\/iep-sa.com.ar\/wp-content\/uploads\/2021\/11\/SPIKA-HIGH-BAY-01-2.jpg","contentUrl":"https:\/\/iep-sa.com.ar\/wp-content\/uploads\/2021\/11\/SPIKA-HIGH-BAY-01-2.jpg","width":1667,"height":1667},{"@type":"BreadcrumbList","@id":"https:\/\/iep-sa.com.ar\/producto\/spika-hb\/#breadcrumb","itemListElement":[{"@type":"ListItem","position":1,"name":"Portada","item":"https:\/\/iep-sa.com.ar\/"},{"@type":"ListItem","position":2,"name":"Productos","item":"https:\/\/iep-sa.com.ar\/productos\/"},{"@type":"ListItem","position":3,"name":"SPIKA High Bay"}]},{"@type":"WebSite","@id":"https:\/\/iep-sa.com.ar\/#website","url":"https:\/\/iep-sa.com.ar\/","name":"IEP - Iluminaci\u00f3n Eficiente Profesional","description":"Iluminaci\u00f3n Vial - Profesional - Decorativa - Estacionamientos - Gasolineras - Deportiva - P\u00fablica - Privada","publisher":{"@id":"https:\/\/iep-sa.com.ar\/#organization"},"potentialAction":[{"@type":"SearchAction","target":{"@type":"EntryPoint","urlTemplate":"https:\/\/iep-sa.com.ar\/?s={search_term_string}"},"query-input":{"@type":"PropertyValueSpecification","valueRequired":true,"valueName":"search_term_string"}}],"inLanguage":"es"},{"@type":"Organization","@id":"https:\/\/iep-sa.com.ar\/#organization","name":"IEP - Iluminaci\u00f3n Eficiente Profesional","url":"https:\/\/iep-sa.com.ar\/","logo":{"@type":"ImageObject","inLanguage":"es","@id":"https:\/\/iep-sa.com.ar\/#\/schema\/logo\/image\/","url":"https:\/\/iep-sa.com.ar\/wp-content\/uploads\/2022\/11\/cropped-favicon.jpg","contentUrl":"https:\/\/iep-sa.com.ar\/wp-content\/uploads\/2022\/11\/cropped-favicon.jpg","width":512,"height":512,"caption":"IEP - Iluminaci\u00f3n Eficiente Profesional"},"image":{"@id":"https:\/\/iep-sa.com.ar\/#\/schema\/logo\/image\/"}}]}},"_links":{"self":[{"href":"https:\/\/iep-sa.com.ar\/nuevo\/wp-json\/wp\/v2\/product\/4509","targetHints":{"allow":["GET"]}}],"collection":[{"href":"https:\/\/iep-sa.com.ar\/nuevo\/wp-json\/wp\/v2\/product"}],"about":[{"href":"https:\/\/iep-sa.com.ar\/nuevo\/wp-json\/wp\/v2\/types\/product"}],"wp:featuredmedia":[{"embeddable":true,"href":"https:\/\/iep-sa.com.ar\/nuevo\/wp-json\/wp\/v2\/media\/4514"}],"wp:attachment":[{"href":"https:\/\/iep-sa.com.ar\/nuevo\/wp-json\/wp\/v2\/media?parent=4509"}],"wp:term":[{"taxonomy":"product_brand","embeddable":true,"href":"https:\/\/iep-sa.com.ar\/nuevo\/wp-json\/wp\/v2\/product_brand?post=4509"},{"taxonomy":"product_cat","embeddable":true,"href":"https:\/\/iep-sa.com.ar\/nuevo\/wp-json\/wp\/v2\/product_cat?post=4509"},{"taxonomy":"product_tag","embeddable":true,"href":"https:\/\/iep-sa.com.ar\/nuevo\/wp-json\/wp\/v2\/product_tag?post=4509"}],"curies":[{"name":"wp","href":"https:\/\/api.w.org\/{rel}","templated":true}]}}