{"id":4478,"date":"2021-11-03T13:40:59","date_gmt":"2021-11-03T13:40:59","guid":{"rendered":"https:\/\/iep-sa.com.ar\/nuevo\/?post_type=product&#038;p=4478"},"modified":"2022-01-12T18:24:36","modified_gmt":"2022-01-12T18:24:36","slug":"nath-n","status":"publish","type":"product","link":"https:\/\/iep-sa.com.ar\/nuevo\/producto\/nath-n\/","title":{"rendered":"NATH N"},"content":{"rendered":"<h3 style=\"text-align: left;\"><b>CARACTERISTICAS<\/b><\/h3>\n<p>&nbsp;<\/p>\n<h3><a href=\"https:\/\/iep-sa.com.ar\/wp-content\/uploads\/2021\/11\/Captura-de-Pantalla-2022-01-12-a-las-14.56.11.png\"><img fetchpriority=\"high\" decoding=\"async\" class=\"size-large wp-image-4605 alignleft\" src=\"https:\/\/iep-sa.com.ar\/wp-content\/uploads\/2021\/11\/Captura-de-Pantalla-2022-01-12-a-las-14.56.11-1024x220.png\" alt=\"\" width=\"640\" height=\"138\" srcset=\"https:\/\/iep-sa.com.ar\/wp-content\/uploads\/2021\/11\/Captura-de-Pantalla-2022-01-12-a-las-14.56.11-1024x220.png 1024w, https:\/\/iep-sa.com.ar\/wp-content\/uploads\/2021\/11\/Captura-de-Pantalla-2022-01-12-a-las-14.56.11-300x64.png 300w, https:\/\/iep-sa.com.ar\/wp-content\/uploads\/2021\/11\/Captura-de-Pantalla-2022-01-12-a-las-14.56.11-768x165.png 768w, https:\/\/iep-sa.com.ar\/wp-content\/uploads\/2021\/11\/Captura-de-Pantalla-2022-01-12-a-las-14.56.11-1536x330.png 1536w, https:\/\/iep-sa.com.ar\/wp-content\/uploads\/2021\/11\/Captura-de-Pantalla-2022-01-12-a-las-14.56.11-600x129.png 600w, https:\/\/iep-sa.com.ar\/wp-content\/uploads\/2021\/11\/Captura-de-Pantalla-2022-01-12-a-las-14.56.11.png 1768w\" sizes=\"(max-width: 640px) 100vw, 640px\" \/><\/a><\/h3>\n<h3><\/h3>\n<h3><\/h3>\n<h3><\/h3>\n<h3><\/h3>\n<p>&nbsp;<\/p>\n<p>&nbsp;<\/p>\n<p>&nbsp;<\/p>\n<p>&nbsp;<\/p>\n<p>&nbsp;<\/p>\n<h3 style=\"text-align: left;\"><strong>DIMENSIONES<\/strong><\/h3>\n<p>&nbsp;<\/p>\n<p>&nbsp;<\/p>\n<p>&nbsp;<\/p>\n<p><a href=\"https:\/\/iep-sa.com.ar\/wp-content\/uploads\/2021\/11\/Nath-N-Dimensiones.jpg\"><img decoding=\"async\" class=\"wp-image-4483 alignleft\" src=\"https:\/\/iep-sa.com.ar\/wp-content\/uploads\/2021\/11\/Nath-N-Dimensiones-1024x280.jpg\" alt=\"\" width=\"618\" height=\"169\" srcset=\"https:\/\/iep-sa.com.ar\/wp-content\/uploads\/2021\/11\/Nath-N-Dimensiones-1024x280.jpg 1024w, https:\/\/iep-sa.com.ar\/wp-content\/uploads\/2021\/11\/Nath-N-Dimensiones-300x82.jpg 300w, https:\/\/iep-sa.com.ar\/wp-content\/uploads\/2021\/11\/Nath-N-Dimensiones-768x210.jpg 768w, https:\/\/iep-sa.com.ar\/wp-content\/uploads\/2021\/11\/Nath-N-Dimensiones-1536x420.jpg 1536w, https:\/\/iep-sa.com.ar\/wp-content\/uploads\/2021\/11\/Nath-N-Dimensiones-600x164.jpg 600w, https:\/\/iep-sa.com.ar\/wp-content\/uploads\/2021\/11\/Nath-N-Dimensiones.jpg 1765w\" sizes=\"(max-width: 618px) 100vw, 618px\" \/><\/a><\/p>\n<h3><\/h3>\n<h3><\/h3>\n<h3><\/h3>\n<h3><\/h3>\n<h3><\/h3>\n<h3><\/h3>\n<h3><\/h3>\n<p>&nbsp;<\/p>\n<p>&nbsp;<\/p>\n<p>&nbsp;<\/p>\n<p>&nbsp;<\/p>\n<h3 style=\"text-align: left;\"><strong>CURVAS FOTOM\u00c9TRICAS\u00a0<\/strong><\/h3>\n<p>&nbsp;<\/p>\n<p>&nbsp;<\/p>\n<p><a href=\"https:\/\/iep-sa.com.ar\/wp-content\/uploads\/2021\/11\/Nath-N-fotometria-.jpg\"><img decoding=\"async\" class=\"wp-image-4485 alignleft\" src=\"https:\/\/iep-sa.com.ar\/wp-content\/uploads\/2021\/11\/Nath-N-fotometria--1024x590.jpg\" alt=\"\" width=\"572\" height=\"330\" srcset=\"https:\/\/iep-sa.com.ar\/wp-content\/uploads\/2021\/11\/Nath-N-fotometria--1024x590.jpg 1024w, https:\/\/iep-sa.com.ar\/wp-content\/uploads\/2021\/11\/Nath-N-fotometria--300x173.jpg 300w, https:\/\/iep-sa.com.ar\/wp-content\/uploads\/2021\/11\/Nath-N-fotometria--768x443.jpg 768w, https:\/\/iep-sa.com.ar\/wp-content\/uploads\/2021\/11\/Nath-N-fotometria--600x346.jpg 600w, https:\/\/iep-sa.com.ar\/wp-content\/uploads\/2021\/11\/Nath-N-fotometria-.jpg 1107w\" sizes=\"(max-width: 572px) 100vw, 572px\" \/><\/a><\/p>\n<h3><\/h3>\n<h3><\/h3>\n<h3><\/h3>\n<h3><\/h3>\n<h3><\/h3>\n<h3><\/h3>\n<p>&nbsp;<\/p>\n<p>&nbsp;<\/p>\n<p>&nbsp;<\/p>\n<p>&nbsp;<\/p>\n<p>&nbsp;<\/p>\n<h3><\/h3>\n<h3><\/h3>\n<p>&nbsp;<\/p>\n<p>&nbsp;<\/p>\n<p>&nbsp;<\/p>\n<p>&nbsp;<\/p>\n<h3 style=\"text-align: left;\"><b>DESCARGAS<\/b><\/h3>\n<p>&nbsp;<\/p>\n<div class=\"wp-block-file\" style=\"text-align: left;\">\n<div class=\"wp-block-file\"><a href=\"https:\/\/iep-sa.com.ar\/wp-content\/uploads\/2021\/11\/NATH-N-1.pdf\" target=\"_blank\" rel=\"noopener\">Ficha T\u00e9cnica NATH N<\/a><\/div>\n<div><\/div>\n<div><a href=\"https:\/\/iep-sa.com.ar\/wp-content\/uploads\/2021\/11\/Nath-N-potencias-y-flujos.pdf\" target=\"_blank\" rel=\"noopener\">Nath-N Potencias y Flujos<\/a><\/div>\n<div><\/div>\n<div><\/div>\n<div class=\"wp-block-file\"><a href=\"https:\/\/iep-sa.com.ar\/wp-content\/uploads\/2021\/11\/Fotometrias-Nath-N.zip\" target=\"_blank\" rel=\"noopener\">Fotometr\u00edas NATH N<\/a><\/div>\n<div><\/div>\n<div class=\"wp-block-file\"><a href=\"https:\/\/iep-sa.com.ar\/wp-content\/uploads\/2021\/11\/NATH-N-.dwg_.zip\" target=\"_blank\" rel=\"noopener\">Cad NATH N<\/a><\/div>\n<\/div>\n<p>&nbsp;<\/p>\n","protected":false},"excerpt":{"rendered":"<p class=\"p1\" style=\"text-align: left;\">Los nuevos modelos de NATH N LED son la propuesta\u00a0 para ofrecer soluciones de eficiencia energ\u00e9tica para alumbrado p\u00fablico, apta en diferentes fotometr\u00edas y potencias, ajustable a columnas con o sin brazo ya que es adaptable a los dos usos.\u00a0 Su dise\u00f1o\u00a0 facilita la instalaci\u00f3n y el mantenimiento, es una soluci\u00f3n de iluminaci\u00f3n de exterior y\u00a0 eficiente para aplicaciones a baja altura, como parques, carriles de bicicleta o calles residenciales, y tambi\u00e9n para v\u00edas principales o bulevares.<\/p>\n","protected":false},"featured_media":4604,"template":"","meta":{"_joinchat":[]},"product_brand":[],"product_cat":[118,121,125,122,70,128,76,135,127,126,124,157,154,158,59],"product_tag":[],"class_list":{"0":"post-4478","1":"product","2":"type-product","3":"status-publish","4":"has-post-thumbnail","6":"product_cat-aceras","7":"product_cat-avenidas-principales","8":"product_cat-bicisendas","9":"product_cat-boulevards","10":"product_cat-calles-internas","11":"product_cat-costaneras","12":"product_cat-estacionamientos","13":"product_cat-exterior","14":"product_cat-paseos","15":"product_cat-peatonales","16":"product_cat-plazas","17":"product_cat-telegestion-y-domotica","18":"product_cat-tuneles-y-puentes","19":"product_cat-urbanizacion","20":"product_cat-urbano-decorativo","22":"first","23":"instock","24":"shipping-taxable","25":"product-type-simple","26":"layout-style-1","27":"col-md-4 col-sm-4 col-xs-6","28":"col-lg-3","29":"product-has-gallery","30":"product-style-default"},"yoast_head":"<!-- This site is optimized with the Yoast SEO plugin v27.4 - https:\/\/yoast.com\/product\/yoast-seo-wordpress\/ -->\n<title>NATH N - IEP - Iluminaci\u00f3n Eficiente Profesional<\/title>\n<meta name=\"robots\" content=\"index, follow, max-snippet:-1, max-image-preview:large, max-video-preview:-1\" \/>\n<link rel=\"canonical\" href=\"https:\/\/iep-sa.com.ar\/producto\/nath-n\/\" \/>\n<meta property=\"og:locale\" content=\"es_ES\" \/>\n<meta property=\"og:type\" content=\"article\" \/>\n<meta property=\"og:title\" content=\"NATH N - IEP - Iluminaci\u00f3n Eficiente Profesional\" \/>\n<meta property=\"og:description\" content=\"Los nuevos modelos de NATH N LED son la propuesta\u00a0 para ofrecer soluciones de eficiencia energ\u00e9tica para alumbrado p\u00fablico, apta en diferentes fotometr\u00edas y potencias, ajustable a columnas con o sin brazo ya que es adaptable a los dos usos.\u00a0 Su dise\u00f1o\u00a0 facilita la instalaci\u00f3n y el mantenimiento, es una soluci\u00f3n de iluminaci\u00f3n de exterior y\u00a0 eficiente para aplicaciones a baja altura, como parques, carriles de bicicleta o calles residenciales, y tambi\u00e9n para v\u00edas principales o bulevares.\" \/>\n<meta property=\"og:url\" content=\"https:\/\/iep-sa.com.ar\/producto\/nath-n\/\" \/>\n<meta property=\"og:site_name\" content=\"IEP - Iluminaci\u00f3n Eficiente Profesional\" \/>\n<meta property=\"article:modified_time\" content=\"2022-01-12T18:24:36+00:00\" \/>\n<meta property=\"og:image\" content=\"https:\/\/lightyellow-boar-299687.hostingersite.com\/wp-content\/uploads\/2021\/11\/NATH-N.png\" \/>\n\t<meta property=\"og:image:width\" content=\"800\" \/>\n\t<meta property=\"og:image:height\" content=\"800\" \/>\n\t<meta property=\"og:image:type\" content=\"image\/png\" \/>\n<meta name=\"twitter:card\" content=\"summary_large_image\" \/>\n<meta name=\"twitter:label1\" content=\"Tiempo de lectura\" \/>\n\t<meta name=\"twitter:data1\" content=\"1 minuto\" \/>\n<script type=\"application\/ld+json\" class=\"yoast-schema-graph\">{\"@context\":\"https:\\\/\\\/schema.org\",\"@graph\":[{\"@type\":\"WebPage\",\"@id\":\"https:\\\/\\\/iep-sa.com.ar\\\/producto\\\/nath-n\\\/\",\"url\":\"https:\\\/\\\/iep-sa.com.ar\\\/producto\\\/nath-n\\\/\",\"name\":\"NATH N - IEP - Iluminaci\u00f3n Eficiente Profesional\",\"isPartOf\":{\"@id\":\"https:\\\/\\\/iep-sa.com.ar\\\/#website\"},\"primaryImageOfPage\":{\"@id\":\"https:\\\/\\\/iep-sa.com.ar\\\/producto\\\/nath-n\\\/#primaryimage\"},\"image\":{\"@id\":\"https:\\\/\\\/iep-sa.com.ar\\\/producto\\\/nath-n\\\/#primaryimage\"},\"thumbnailUrl\":\"https:\\\/\\\/iep-sa.com.ar\\\/wp-content\\\/uploads\\\/2021\\\/11\\\/NATH-N.png\",\"datePublished\":\"2021-11-03T13:40:59+00:00\",\"dateModified\":\"2022-01-12T18:24:36+00:00\",\"breadcrumb\":{\"@id\":\"https:\\\/\\\/iep-sa.com.ar\\\/producto\\\/nath-n\\\/#breadcrumb\"},\"inLanguage\":\"es\",\"potentialAction\":[{\"@type\":\"ReadAction\",\"target\":[\"https:\\\/\\\/iep-sa.com.ar\\\/producto\\\/nath-n\\\/\"]}]},{\"@type\":\"ImageObject\",\"inLanguage\":\"es\",\"@id\":\"https:\\\/\\\/iep-sa.com.ar\\\/producto\\\/nath-n\\\/#primaryimage\",\"url\":\"https:\\\/\\\/iep-sa.com.ar\\\/wp-content\\\/uploads\\\/2021\\\/11\\\/NATH-N.png\",\"contentUrl\":\"https:\\\/\\\/iep-sa.com.ar\\\/wp-content\\\/uploads\\\/2021\\\/11\\\/NATH-N.png\",\"width\":800,\"height\":800},{\"@type\":\"BreadcrumbList\",\"@id\":\"https:\\\/\\\/iep-sa.com.ar\\\/producto\\\/nath-n\\\/#breadcrumb\",\"itemListElement\":[{\"@type\":\"ListItem\",\"position\":1,\"name\":\"Portada\",\"item\":\"https:\\\/\\\/iep-sa.com.ar\\\/\"},{\"@type\":\"ListItem\",\"position\":2,\"name\":\"Productos\",\"item\":\"https:\\\/\\\/iep-sa.com.ar\\\/productos\\\/\"},{\"@type\":\"ListItem\",\"position\":3,\"name\":\"NATH N\"}]},{\"@type\":\"WebSite\",\"@id\":\"https:\\\/\\\/iep-sa.com.ar\\\/#website\",\"url\":\"https:\\\/\\\/iep-sa.com.ar\\\/\",\"name\":\"IEP - Iluminaci\u00f3n Eficiente Profesional\",\"description\":\"Iluminaci\u00f3n Vial - Profesional - Decorativa - Estacionamientos - Gasolineras - Deportiva - P\u00fablica - Privada\",\"publisher\":{\"@id\":\"https:\\\/\\\/iep-sa.com.ar\\\/#organization\"},\"potentialAction\":[{\"@type\":\"SearchAction\",\"target\":{\"@type\":\"EntryPoint\",\"urlTemplate\":\"https:\\\/\\\/iep-sa.com.ar\\\/?s={search_term_string}\"},\"query-input\":{\"@type\":\"PropertyValueSpecification\",\"valueRequired\":true,\"valueName\":\"search_term_string\"}}],\"inLanguage\":\"es\"},{\"@type\":\"Organization\",\"@id\":\"https:\\\/\\\/iep-sa.com.ar\\\/#organization\",\"name\":\"IEP - Iluminaci\u00f3n Eficiente Profesional\",\"url\":\"https:\\\/\\\/iep-sa.com.ar\\\/\",\"logo\":{\"@type\":\"ImageObject\",\"inLanguage\":\"es\",\"@id\":\"https:\\\/\\\/iep-sa.com.ar\\\/#\\\/schema\\\/logo\\\/image\\\/\",\"url\":\"https:\\\/\\\/iep-sa.com.ar\\\/wp-content\\\/uploads\\\/2022\\\/11\\\/cropped-favicon.jpg\",\"contentUrl\":\"https:\\\/\\\/iep-sa.com.ar\\\/wp-content\\\/uploads\\\/2022\\\/11\\\/cropped-favicon.jpg\",\"width\":512,\"height\":512,\"caption\":\"IEP - Iluminaci\u00f3n Eficiente Profesional\"},\"image\":{\"@id\":\"https:\\\/\\\/iep-sa.com.ar\\\/#\\\/schema\\\/logo\\\/image\\\/\"}}]}<\/script>\n<!-- \/ Yoast SEO plugin. -->","yoast_head_json":{"title":"NATH N - IEP - Iluminaci\u00f3n Eficiente Profesional","robots":{"index":"index","follow":"follow","max-snippet":"max-snippet:-1","max-image-preview":"max-image-preview:large","max-video-preview":"max-video-preview:-1"},"canonical":"https:\/\/iep-sa.com.ar\/producto\/nath-n\/","og_locale":"es_ES","og_type":"article","og_title":"NATH N - IEP - Iluminaci\u00f3n Eficiente Profesional","og_description":"Los nuevos modelos de NATH N LED son la propuesta\u00a0 para ofrecer soluciones de eficiencia energ\u00e9tica para alumbrado p\u00fablico, apta en diferentes fotometr\u00edas y potencias, ajustable a columnas con o sin brazo ya que es adaptable a los dos usos.\u00a0 Su dise\u00f1o\u00a0 facilita la instalaci\u00f3n y el mantenimiento, es una soluci\u00f3n de iluminaci\u00f3n de exterior y\u00a0 eficiente para aplicaciones a baja altura, como parques, carriles de bicicleta o calles residenciales, y tambi\u00e9n para v\u00edas principales o bulevares.","og_url":"https:\/\/iep-sa.com.ar\/producto\/nath-n\/","og_site_name":"IEP - Iluminaci\u00f3n Eficiente Profesional","article_modified_time":"2022-01-12T18:24:36+00:00","og_image":[{"width":800,"height":800,"url":"https:\/\/lightyellow-boar-299687.hostingersite.com\/wp-content\/uploads\/2021\/11\/NATH-N.png","type":"image\/png"}],"twitter_card":"summary_large_image","twitter_misc":{"Tiempo de lectura":"1 minuto"},"schema":{"@context":"https:\/\/schema.org","@graph":[{"@type":"WebPage","@id":"https:\/\/iep-sa.com.ar\/producto\/nath-n\/","url":"https:\/\/iep-sa.com.ar\/producto\/nath-n\/","name":"NATH N - IEP - Iluminaci\u00f3n Eficiente Profesional","isPartOf":{"@id":"https:\/\/iep-sa.com.ar\/#website"},"primaryImageOfPage":{"@id":"https:\/\/iep-sa.com.ar\/producto\/nath-n\/#primaryimage"},"image":{"@id":"https:\/\/iep-sa.com.ar\/producto\/nath-n\/#primaryimage"},"thumbnailUrl":"https:\/\/iep-sa.com.ar\/wp-content\/uploads\/2021\/11\/NATH-N.png","datePublished":"2021-11-03T13:40:59+00:00","dateModified":"2022-01-12T18:24:36+00:00","breadcrumb":{"@id":"https:\/\/iep-sa.com.ar\/producto\/nath-n\/#breadcrumb"},"inLanguage":"es","potentialAction":[{"@type":"ReadAction","target":["https:\/\/iep-sa.com.ar\/producto\/nath-n\/"]}]},{"@type":"ImageObject","inLanguage":"es","@id":"https:\/\/iep-sa.com.ar\/producto\/nath-n\/#primaryimage","url":"https:\/\/iep-sa.com.ar\/wp-content\/uploads\/2021\/11\/NATH-N.png","contentUrl":"https:\/\/iep-sa.com.ar\/wp-content\/uploads\/2021\/11\/NATH-N.png","width":800,"height":800},{"@type":"BreadcrumbList","@id":"https:\/\/iep-sa.com.ar\/producto\/nath-n\/#breadcrumb","itemListElement":[{"@type":"ListItem","position":1,"name":"Portada","item":"https:\/\/iep-sa.com.ar\/"},{"@type":"ListItem","position":2,"name":"Productos","item":"https:\/\/iep-sa.com.ar\/productos\/"},{"@type":"ListItem","position":3,"name":"NATH N"}]},{"@type":"WebSite","@id":"https:\/\/iep-sa.com.ar\/#website","url":"https:\/\/iep-sa.com.ar\/","name":"IEP - Iluminaci\u00f3n Eficiente Profesional","description":"Iluminaci\u00f3n Vial - Profesional - Decorativa - Estacionamientos - Gasolineras - Deportiva - P\u00fablica - Privada","publisher":{"@id":"https:\/\/iep-sa.com.ar\/#organization"},"potentialAction":[{"@type":"SearchAction","target":{"@type":"EntryPoint","urlTemplate":"https:\/\/iep-sa.com.ar\/?s={search_term_string}"},"query-input":{"@type":"PropertyValueSpecification","valueRequired":true,"valueName":"search_term_string"}}],"inLanguage":"es"},{"@type":"Organization","@id":"https:\/\/iep-sa.com.ar\/#organization","name":"IEP - Iluminaci\u00f3n Eficiente Profesional","url":"https:\/\/iep-sa.com.ar\/","logo":{"@type":"ImageObject","inLanguage":"es","@id":"https:\/\/iep-sa.com.ar\/#\/schema\/logo\/image\/","url":"https:\/\/iep-sa.com.ar\/wp-content\/uploads\/2022\/11\/cropped-favicon.jpg","contentUrl":"https:\/\/iep-sa.com.ar\/wp-content\/uploads\/2022\/11\/cropped-favicon.jpg","width":512,"height":512,"caption":"IEP - Iluminaci\u00f3n Eficiente Profesional"},"image":{"@id":"https:\/\/iep-sa.com.ar\/#\/schema\/logo\/image\/"}}]}},"_links":{"self":[{"href":"https:\/\/iep-sa.com.ar\/nuevo\/wp-json\/wp\/v2\/product\/4478","targetHints":{"allow":["GET"]}}],"collection":[{"href":"https:\/\/iep-sa.com.ar\/nuevo\/wp-json\/wp\/v2\/product"}],"about":[{"href":"https:\/\/iep-sa.com.ar\/nuevo\/wp-json\/wp\/v2\/types\/product"}],"wp:featuredmedia":[{"embeddable":true,"href":"https:\/\/iep-sa.com.ar\/nuevo\/wp-json\/wp\/v2\/media\/4604"}],"wp:attachment":[{"href":"https:\/\/iep-sa.com.ar\/nuevo\/wp-json\/wp\/v2\/media?parent=4478"}],"wp:term":[{"taxonomy":"product_brand","embeddable":true,"href":"https:\/\/iep-sa.com.ar\/nuevo\/wp-json\/wp\/v2\/product_brand?post=4478"},{"taxonomy":"product_cat","embeddable":true,"href":"https:\/\/iep-sa.com.ar\/nuevo\/wp-json\/wp\/v2\/product_cat?post=4478"},{"taxonomy":"product_tag","embeddable":true,"href":"https:\/\/iep-sa.com.ar\/nuevo\/wp-json\/wp\/v2\/product_tag?post=4478"}],"curies":[{"name":"wp","href":"https:\/\/api.w.org\/{rel}","templated":true}]}}