{"id":4460,"date":"2021-11-03T13:11:37","date_gmt":"2021-11-03T13:11:37","guid":{"rendered":"https:\/\/iep-sa.com.ar\/nuevo\/?post_type=product&#038;p=4460"},"modified":"2024-06-25T14:18:41","modified_gmt":"2024-06-25T14:18:41","slug":"lich","status":"publish","type":"product","link":"https:\/\/iep-sa.com.ar\/nuevo\/producto\/lich\/","title":{"rendered":"LICH"},"content":{"rendered":"<h3 style=\"text-align: left;\"><strong>CARACTERISTICAS<\/strong><\/h3>\n<p><a href=\"https:\/\/iep-sa.com.ar\/wp-content\/uploads\/2021\/11\/lich.png\"><img fetchpriority=\"high\" decoding=\"async\" class=\"size-large wp-image-5498 alignleft\" src=\"https:\/\/iep-sa.com.ar\/wp-content\/uploads\/2021\/11\/lich-1024x180.png\" alt=\"\" width=\"640\" height=\"113\" srcset=\"https:\/\/iep-sa.com.ar\/wp-content\/uploads\/2021\/11\/lich-1024x180.png 1024w, https:\/\/iep-sa.com.ar\/wp-content\/uploads\/2021\/11\/lich-300x53.png 300w, https:\/\/iep-sa.com.ar\/wp-content\/uploads\/2021\/11\/lich-768x135.png 768w, https:\/\/iep-sa.com.ar\/wp-content\/uploads\/2021\/11\/lich-1536x271.png 1536w, https:\/\/iep-sa.com.ar\/wp-content\/uploads\/2021\/11\/lich-600x106.png 600w, https:\/\/iep-sa.com.ar\/wp-content\/uploads\/2021\/11\/lich.png 1794w\" sizes=\"(max-width: 640px) 100vw, 640px\" \/><\/a><\/p>\n<p>&nbsp;<\/p>\n<p>&nbsp;<\/p>\n<p>&nbsp;<\/p>\n<h3 style=\"text-align: left;\"><img decoding=\"async\" class=\"wp-image-5471 alignleft\" src=\"https:\/\/iep-sa.com.ar\/wp-content\/uploads\/2021\/11\/lich-1-1024x845.png\" alt=\"\" width=\"480\" height=\"396\" srcset=\"https:\/\/iep-sa.com.ar\/wp-content\/uploads\/2021\/11\/lich-1-1024x845.png 1024w, https:\/\/iep-sa.com.ar\/wp-content\/uploads\/2021\/11\/lich-1-300x248.png 300w, https:\/\/iep-sa.com.ar\/wp-content\/uploads\/2021\/11\/lich-1-768x634.png 768w, https:\/\/iep-sa.com.ar\/wp-content\/uploads\/2021\/11\/lich-1-600x495.png 600w, https:\/\/iep-sa.com.ar\/wp-content\/uploads\/2021\/11\/lich-1.png 1236w\" sizes=\"(max-width: 480px) 100vw, 480px\" \/><\/h3>\n<h3><\/h3>\n<p>&nbsp;<\/p>\n<h3><\/h3>\n<p>&nbsp;<\/p>\n<p>&nbsp;<\/p>\n<h3><\/h3>\n<h3><\/h3>\n<h3><\/h3>\n<h3><\/h3>\n<h3><\/h3>\n<h3><\/h3>\n<h3><\/h3>\n<p>&nbsp;<\/p>\n<p>&nbsp;<\/p>\n<p>&nbsp;<\/p>\n<p>&nbsp;<\/p>\n<p>&nbsp;<\/p>\n<p>&nbsp;<\/p>\n<p>&nbsp;<\/p>\n<h3><\/h3>\n<h3 style=\"text-align: left;\"><strong>MEDIDAS<\/strong><\/h3>\n<p><a href=\"https:\/\/iep-sa.com.ar\/wp-content\/uploads\/2021\/11\/lich-f-medidas-01.jpg\"><img decoding=\"async\" class=\"wp-image-4461 alignleft\" src=\"https:\/\/iep-sa.com.ar\/wp-content\/uploads\/2021\/11\/lich-f-medidas-01-1024x1024.jpg\" alt=\"\" width=\"295\" height=\"295\" srcset=\"https:\/\/iep-sa.com.ar\/wp-content\/uploads\/2021\/11\/lich-f-medidas-01-1024x1024.jpg 1024w, https:\/\/iep-sa.com.ar\/wp-content\/uploads\/2021\/11\/lich-f-medidas-01-300x300.jpg 300w, https:\/\/iep-sa.com.ar\/wp-content\/uploads\/2021\/11\/lich-f-medidas-01-150x150.jpg 150w, https:\/\/iep-sa.com.ar\/wp-content\/uploads\/2021\/11\/lich-f-medidas-01-768x768.jpg 768w, https:\/\/iep-sa.com.ar\/wp-content\/uploads\/2021\/11\/lich-f-medidas-01-1536x1536.jpg 1536w, https:\/\/iep-sa.com.ar\/wp-content\/uploads\/2021\/11\/lich-f-medidas-01-100x100.jpg 100w, https:\/\/iep-sa.com.ar\/wp-content\/uploads\/2021\/11\/lich-f-medidas-01-600x600.jpg 600w, https:\/\/iep-sa.com.ar\/wp-content\/uploads\/2021\/11\/lich-f-medidas-01.jpg 1667w\" sizes=\"(max-width: 295px) 100vw, 295px\" \/><\/a><\/p>\n<h3><\/h3>\n<h3><\/h3>\n<h3><\/h3>\n<p>&nbsp;<\/p>\n<p>&nbsp;<\/p>\n<p>&nbsp;<\/p>\n<p>&nbsp;<\/p>\n<p>&nbsp;<\/p>\n<h3><\/h3>\n<h3><\/h3>\n<h3><\/h3>\n<p>&nbsp;<\/p>\n<p>&nbsp;<\/p>\n<p>&nbsp;<\/p>\n<h3 style=\"text-align: left;\"><strong>CURVAS FOTOM\u00c9TRICAS<\/strong><\/h3>\n<p><a href=\"https:\/\/iep-sa.com.ar\/wp-content\/uploads\/2021\/11\/LICH-FOTOMETRIA-01.jpg\"><img loading=\"lazy\" decoding=\"async\" class=\" wp-image-4462 alignleft\" src=\"https:\/\/iep-sa.com.ar\/wp-content\/uploads\/2021\/11\/LICH-FOTOMETRIA-01-1024x1024.jpg\" alt=\"\" width=\"233\" height=\"233\" srcset=\"https:\/\/iep-sa.com.ar\/wp-content\/uploads\/2021\/11\/LICH-FOTOMETRIA-01-1024x1024.jpg 1024w, https:\/\/iep-sa.com.ar\/wp-content\/uploads\/2021\/11\/LICH-FOTOMETRIA-01-300x300.jpg 300w, https:\/\/iep-sa.com.ar\/wp-content\/uploads\/2021\/11\/LICH-FOTOMETRIA-01-150x150.jpg 150w, https:\/\/iep-sa.com.ar\/wp-content\/uploads\/2021\/11\/LICH-FOTOMETRIA-01-768x768.jpg 768w, https:\/\/iep-sa.com.ar\/wp-content\/uploads\/2021\/11\/LICH-FOTOMETRIA-01-1536x1536.jpg 1536w, https:\/\/iep-sa.com.ar\/wp-content\/uploads\/2021\/11\/LICH-FOTOMETRIA-01-100x100.jpg 100w, https:\/\/iep-sa.com.ar\/wp-content\/uploads\/2021\/11\/LICH-FOTOMETRIA-01-600x600.jpg 600w, https:\/\/iep-sa.com.ar\/wp-content\/uploads\/2021\/11\/LICH-FOTOMETRIA-01.jpg 1667w\" sizes=\"(max-width: 233px) 100vw, 233px\" \/><\/a><a href=\"https:\/\/iep-sa.com.ar\/wp-content\/uploads\/2021\/11\/FOTOMETRIA-01.jpg\"><br \/>\n<\/a><a href=\"https:\/\/iep-sa.com.ar\/wp-content\/uploads\/2021\/11\/EKAT-FOTOMETRIAS-01.jpg\"><br \/>\n<\/a><a href=\"https:\/\/iep-sa.com.ar\/wp-content\/uploads\/2021\/11\/ANUBIS-FOTOMETRIA-01.jpg\"><br \/>\n<\/a><\/p>\n<p>&nbsp;<\/p>\n<p>&nbsp;<\/p>\n<p>&nbsp;<\/p>\n<p>&nbsp;<\/p>\n<h3><\/h3>\n<h3><\/h3>\n<p>&nbsp;<\/p>\n<h3 style=\"text-align: left;\"><b>DESCARGAS<\/b><\/h3>\n<div style=\"text-align: left;\"><a href=\"https:\/\/iep-sa.com.ar\/wp-content\/uploads\/2021\/11\/LICH-3.pdf\" target=\"_blank\" rel=\"noopener\">Ficha T\u00e9cnica LICH<\/a><\/div>\n<div style=\"text-align: left;\"><a href=\"https:\/\/iep-sa.com.ar\/wp-content\/uploads\/2021\/11\/Lich-farola.zip\" target=\"_blank\" rel=\"noopener\">Fotometr\u00edas LICH<\/a><\/div>\n<div style=\"text-align: left;\"><a href=\"https:\/\/iep-sa.com.ar\/wp-content\/uploads\/2021\/11\/lich-farola.dwg_.zip\" target=\"_blank\" rel=\"noopener\">Cad LICH<\/a><\/div>\n<div><\/div>\n","protected":false},"excerpt":{"rendered":"<h4 style=\"text-align: left;\"><span style=\"color: #7c7c80; font-size: 14px;\">Lich, luminaria urbana con iluminacio\u0301n general difusa. Con fijacio\u0301n superior mediante lira. Luminaria de clase I, materializado en fundicio\u0301n de aluminio, cuenta cono reflector recuperador de flujo y soporte para el grupo o\u0301ptico de LED con tapa semicurva y difusor de policarbonato transparente. Disen\u0303ada para aplicacio\u0301n en parque, sendas peatonales, zonas comerciales. La luminaria Catenaria en fundicio\u0301n de aluminio cuenta con driver estanco IP66 apto intemperie, la tulipa contiene prismas en el material, para mejorar la dispersio\u0301n del haz lumi\u0301nico ya que por lo general los cables de sujecio\u0301n son a baja altura.<\/span><\/h4>\n","protected":false},"featured_media":4463,"template":"","meta":{"_joinchat":[]},"product_brand":[],"product_cat":[125,128,76,135,127,126,124,157,158,59],"product_tag":[],"class_list":{"0":"post-4460","1":"product","2":"type-product","3":"status-publish","4":"has-post-thumbnail","6":"product_cat-bicisendas","7":"product_cat-costaneras","8":"product_cat-estacionamientos","9":"product_cat-exterior","10":"product_cat-paseos","11":"product_cat-peatonales","12":"product_cat-plazas","13":"product_cat-telegestion-y-domotica","14":"product_cat-urbanizacion","15":"product_cat-urbano-decorativo","17":"first","18":"instock","19":"shipping-taxable","20":"product-type-simple","21":"layout-style-1","22":"col-md-4 col-sm-4 col-xs-6","23":"col-lg-3","24":"product-has-gallery","25":"product-style-default"},"yoast_head":"<!-- This site is optimized with the Yoast SEO plugin v27.4 - https:\/\/yoast.com\/product\/yoast-seo-wordpress\/ -->\n<title>LICH - IEP - Iluminaci\u00f3n Eficiente Profesional<\/title>\n<meta name=\"robots\" content=\"index, follow, max-snippet:-1, max-image-preview:large, max-video-preview:-1\" \/>\n<link rel=\"canonical\" href=\"https:\/\/iep-sa.com.ar\/producto\/lich\/\" \/>\n<meta property=\"og:locale\" content=\"es_ES\" \/>\n<meta property=\"og:type\" content=\"article\" \/>\n<meta property=\"og:title\" content=\"LICH - IEP - Iluminaci\u00f3n Eficiente Profesional\" \/>\n<meta property=\"og:description\" content=\"Lich, luminaria urbana con iluminacio\u0301n general difusa. Con fijacio\u0301n superior mediante lira. Luminaria de clase I, materializado en fundicio\u0301n de aluminio, cuenta cono reflector recuperador de flujo y soporte para el grupo o\u0301ptico de LED con tapa semicurva y difusor de policarbonato transparente. Disen\u0303ada para aplicacio\u0301n en parque, sendas peatonales, zonas comerciales. La luminaria Catenaria en fundicio\u0301n de aluminio cuenta con driver estanco IP66 apto intemperie, la tulipa contiene prismas en el material, para mejorar la dispersio\u0301n del haz lumi\u0301nico ya que por lo general los cables de sujecio\u0301n son a baja altura.\" \/>\n<meta property=\"og:url\" content=\"https:\/\/iep-sa.com.ar\/producto\/lich\/\" \/>\n<meta property=\"og:site_name\" content=\"IEP - Iluminaci\u00f3n Eficiente Profesional\" \/>\n<meta property=\"article:modified_time\" content=\"2024-06-25T14:18:41+00:00\" \/>\n<meta property=\"og:image\" content=\"https:\/\/lightyellow-boar-299687.hostingersite.com\/wp-content\/uploads\/2021\/11\/LICH-Farola-01.jpg\" \/>\n\t<meta property=\"og:image:width\" content=\"1667\" \/>\n\t<meta property=\"og:image:height\" content=\"1667\" \/>\n\t<meta property=\"og:image:type\" content=\"image\/jpeg\" \/>\n<meta name=\"twitter:card\" content=\"summary_large_image\" \/>\n<meta name=\"twitter:label1\" content=\"Tiempo de lectura\" \/>\n\t<meta name=\"twitter:data1\" content=\"1 minuto\" \/>\n<script type=\"application\/ld+json\" class=\"yoast-schema-graph\">{\"@context\":\"https:\\\/\\\/schema.org\",\"@graph\":[{\"@type\":\"WebPage\",\"@id\":\"https:\\\/\\\/iep-sa.com.ar\\\/producto\\\/lich\\\/\",\"url\":\"https:\\\/\\\/iep-sa.com.ar\\\/producto\\\/lich\\\/\",\"name\":\"LICH - IEP - Iluminaci\u00f3n Eficiente Profesional\",\"isPartOf\":{\"@id\":\"https:\\\/\\\/iep-sa.com.ar\\\/#website\"},\"primaryImageOfPage\":{\"@id\":\"https:\\\/\\\/iep-sa.com.ar\\\/producto\\\/lich\\\/#primaryimage\"},\"image\":{\"@id\":\"https:\\\/\\\/iep-sa.com.ar\\\/producto\\\/lich\\\/#primaryimage\"},\"thumbnailUrl\":\"https:\\\/\\\/iep-sa.com.ar\\\/wp-content\\\/uploads\\\/2021\\\/11\\\/LICH-Farola-01.jpg\",\"datePublished\":\"2021-11-03T13:11:37+00:00\",\"dateModified\":\"2024-06-25T14:18:41+00:00\",\"breadcrumb\":{\"@id\":\"https:\\\/\\\/iep-sa.com.ar\\\/producto\\\/lich\\\/#breadcrumb\"},\"inLanguage\":\"es\",\"potentialAction\":[{\"@type\":\"ReadAction\",\"target\":[\"https:\\\/\\\/iep-sa.com.ar\\\/producto\\\/lich\\\/\"]}]},{\"@type\":\"ImageObject\",\"inLanguage\":\"es\",\"@id\":\"https:\\\/\\\/iep-sa.com.ar\\\/producto\\\/lich\\\/#primaryimage\",\"url\":\"https:\\\/\\\/iep-sa.com.ar\\\/wp-content\\\/uploads\\\/2021\\\/11\\\/LICH-Farola-01.jpg\",\"contentUrl\":\"https:\\\/\\\/iep-sa.com.ar\\\/wp-content\\\/uploads\\\/2021\\\/11\\\/LICH-Farola-01.jpg\",\"width\":1667,\"height\":1667},{\"@type\":\"BreadcrumbList\",\"@id\":\"https:\\\/\\\/iep-sa.com.ar\\\/producto\\\/lich\\\/#breadcrumb\",\"itemListElement\":[{\"@type\":\"ListItem\",\"position\":1,\"name\":\"Portada\",\"item\":\"https:\\\/\\\/iep-sa.com.ar\\\/\"},{\"@type\":\"ListItem\",\"position\":2,\"name\":\"Productos\",\"item\":\"https:\\\/\\\/iep-sa.com.ar\\\/productos\\\/\"},{\"@type\":\"ListItem\",\"position\":3,\"name\":\"LICH\"}]},{\"@type\":\"WebSite\",\"@id\":\"https:\\\/\\\/iep-sa.com.ar\\\/#website\",\"url\":\"https:\\\/\\\/iep-sa.com.ar\\\/\",\"name\":\"IEP - Iluminaci\u00f3n Eficiente Profesional\",\"description\":\"Iluminaci\u00f3n Vial - Profesional - Decorativa - Estacionamientos - Gasolineras - Deportiva - P\u00fablica - Privada\",\"publisher\":{\"@id\":\"https:\\\/\\\/iep-sa.com.ar\\\/#organization\"},\"potentialAction\":[{\"@type\":\"SearchAction\",\"target\":{\"@type\":\"EntryPoint\",\"urlTemplate\":\"https:\\\/\\\/iep-sa.com.ar\\\/?s={search_term_string}\"},\"query-input\":{\"@type\":\"PropertyValueSpecification\",\"valueRequired\":true,\"valueName\":\"search_term_string\"}}],\"inLanguage\":\"es\"},{\"@type\":\"Organization\",\"@id\":\"https:\\\/\\\/iep-sa.com.ar\\\/#organization\",\"name\":\"IEP - Iluminaci\u00f3n Eficiente Profesional\",\"url\":\"https:\\\/\\\/iep-sa.com.ar\\\/\",\"logo\":{\"@type\":\"ImageObject\",\"inLanguage\":\"es\",\"@id\":\"https:\\\/\\\/iep-sa.com.ar\\\/#\\\/schema\\\/logo\\\/image\\\/\",\"url\":\"https:\\\/\\\/iep-sa.com.ar\\\/wp-content\\\/uploads\\\/2022\\\/11\\\/cropped-favicon.jpg\",\"contentUrl\":\"https:\\\/\\\/iep-sa.com.ar\\\/wp-content\\\/uploads\\\/2022\\\/11\\\/cropped-favicon.jpg\",\"width\":512,\"height\":512,\"caption\":\"IEP - Iluminaci\u00f3n Eficiente Profesional\"},\"image\":{\"@id\":\"https:\\\/\\\/iep-sa.com.ar\\\/#\\\/schema\\\/logo\\\/image\\\/\"}}]}<\/script>\n<!-- \/ Yoast SEO plugin. -->","yoast_head_json":{"title":"LICH - IEP - Iluminaci\u00f3n Eficiente Profesional","robots":{"index":"index","follow":"follow","max-snippet":"max-snippet:-1","max-image-preview":"max-image-preview:large","max-video-preview":"max-video-preview:-1"},"canonical":"https:\/\/iep-sa.com.ar\/producto\/lich\/","og_locale":"es_ES","og_type":"article","og_title":"LICH - IEP - Iluminaci\u00f3n Eficiente Profesional","og_description":"Lich, luminaria urbana con iluminacio\u0301n general difusa. Con fijacio\u0301n superior mediante lira. Luminaria de clase I, materializado en fundicio\u0301n de aluminio, cuenta cono reflector recuperador de flujo y soporte para el grupo o\u0301ptico de LED con tapa semicurva y difusor de policarbonato transparente. Disen\u0303ada para aplicacio\u0301n en parque, sendas peatonales, zonas comerciales. La luminaria Catenaria en fundicio\u0301n de aluminio cuenta con driver estanco IP66 apto intemperie, la tulipa contiene prismas en el material, para mejorar la dispersio\u0301n del haz lumi\u0301nico ya que por lo general los cables de sujecio\u0301n son a baja altura.","og_url":"https:\/\/iep-sa.com.ar\/producto\/lich\/","og_site_name":"IEP - Iluminaci\u00f3n Eficiente Profesional","article_modified_time":"2024-06-25T14:18:41+00:00","og_image":[{"width":1667,"height":1667,"url":"https:\/\/lightyellow-boar-299687.hostingersite.com\/wp-content\/uploads\/2021\/11\/LICH-Farola-01.jpg","type":"image\/jpeg"}],"twitter_card":"summary_large_image","twitter_misc":{"Tiempo de lectura":"1 minuto"},"schema":{"@context":"https:\/\/schema.org","@graph":[{"@type":"WebPage","@id":"https:\/\/iep-sa.com.ar\/producto\/lich\/","url":"https:\/\/iep-sa.com.ar\/producto\/lich\/","name":"LICH - IEP - Iluminaci\u00f3n Eficiente Profesional","isPartOf":{"@id":"https:\/\/iep-sa.com.ar\/#website"},"primaryImageOfPage":{"@id":"https:\/\/iep-sa.com.ar\/producto\/lich\/#primaryimage"},"image":{"@id":"https:\/\/iep-sa.com.ar\/producto\/lich\/#primaryimage"},"thumbnailUrl":"https:\/\/iep-sa.com.ar\/wp-content\/uploads\/2021\/11\/LICH-Farola-01.jpg","datePublished":"2021-11-03T13:11:37+00:00","dateModified":"2024-06-25T14:18:41+00:00","breadcrumb":{"@id":"https:\/\/iep-sa.com.ar\/producto\/lich\/#breadcrumb"},"inLanguage":"es","potentialAction":[{"@type":"ReadAction","target":["https:\/\/iep-sa.com.ar\/producto\/lich\/"]}]},{"@type":"ImageObject","inLanguage":"es","@id":"https:\/\/iep-sa.com.ar\/producto\/lich\/#primaryimage","url":"https:\/\/iep-sa.com.ar\/wp-content\/uploads\/2021\/11\/LICH-Farola-01.jpg","contentUrl":"https:\/\/iep-sa.com.ar\/wp-content\/uploads\/2021\/11\/LICH-Farola-01.jpg","width":1667,"height":1667},{"@type":"BreadcrumbList","@id":"https:\/\/iep-sa.com.ar\/producto\/lich\/#breadcrumb","itemListElement":[{"@type":"ListItem","position":1,"name":"Portada","item":"https:\/\/iep-sa.com.ar\/"},{"@type":"ListItem","position":2,"name":"Productos","item":"https:\/\/iep-sa.com.ar\/productos\/"},{"@type":"ListItem","position":3,"name":"LICH"}]},{"@type":"WebSite","@id":"https:\/\/iep-sa.com.ar\/#website","url":"https:\/\/iep-sa.com.ar\/","name":"IEP - Iluminaci\u00f3n Eficiente Profesional","description":"Iluminaci\u00f3n Vial - Profesional - Decorativa - Estacionamientos - Gasolineras - Deportiva - P\u00fablica - Privada","publisher":{"@id":"https:\/\/iep-sa.com.ar\/#organization"},"potentialAction":[{"@type":"SearchAction","target":{"@type":"EntryPoint","urlTemplate":"https:\/\/iep-sa.com.ar\/?s={search_term_string}"},"query-input":{"@type":"PropertyValueSpecification","valueRequired":true,"valueName":"search_term_string"}}],"inLanguage":"es"},{"@type":"Organization","@id":"https:\/\/iep-sa.com.ar\/#organization","name":"IEP - Iluminaci\u00f3n Eficiente Profesional","url":"https:\/\/iep-sa.com.ar\/","logo":{"@type":"ImageObject","inLanguage":"es","@id":"https:\/\/iep-sa.com.ar\/#\/schema\/logo\/image\/","url":"https:\/\/iep-sa.com.ar\/wp-content\/uploads\/2022\/11\/cropped-favicon.jpg","contentUrl":"https:\/\/iep-sa.com.ar\/wp-content\/uploads\/2022\/11\/cropped-favicon.jpg","width":512,"height":512,"caption":"IEP - Iluminaci\u00f3n Eficiente Profesional"},"image":{"@id":"https:\/\/iep-sa.com.ar\/#\/schema\/logo\/image\/"}}]}},"_links":{"self":[{"href":"https:\/\/iep-sa.com.ar\/nuevo\/wp-json\/wp\/v2\/product\/4460","targetHints":{"allow":["GET"]}}],"collection":[{"href":"https:\/\/iep-sa.com.ar\/nuevo\/wp-json\/wp\/v2\/product"}],"about":[{"href":"https:\/\/iep-sa.com.ar\/nuevo\/wp-json\/wp\/v2\/types\/product"}],"wp:featuredmedia":[{"embeddable":true,"href":"https:\/\/iep-sa.com.ar\/nuevo\/wp-json\/wp\/v2\/media\/4463"}],"wp:attachment":[{"href":"https:\/\/iep-sa.com.ar\/nuevo\/wp-json\/wp\/v2\/media?parent=4460"}],"wp:term":[{"taxonomy":"product_brand","embeddable":true,"href":"https:\/\/iep-sa.com.ar\/nuevo\/wp-json\/wp\/v2\/product_brand?post=4460"},{"taxonomy":"product_cat","embeddable":true,"href":"https:\/\/iep-sa.com.ar\/nuevo\/wp-json\/wp\/v2\/product_cat?post=4460"},{"taxonomy":"product_tag","embeddable":true,"href":"https:\/\/iep-sa.com.ar\/nuevo\/wp-json\/wp\/v2\/product_tag?post=4460"}],"curies":[{"name":"wp","href":"https:\/\/api.w.org\/{rel}","templated":true}]}}