{"id":4433,"date":"2021-11-03T12:04:09","date_gmt":"2021-11-03T12:04:09","guid":{"rendered":"https:\/\/iep-sa.com.ar\/nuevo\/?post_type=product&#038;p=4433"},"modified":"2026-04-27T13:51:56","modified_gmt":"2026-04-27T13:51:56","slug":"enia-2-0","status":"publish","type":"product","link":"https:\/\/iep-sa.com.ar\/nuevo\/producto\/enia-2-0\/","title":{"rendered":"ENIA 2.0"},"content":{"rendered":"<h3 style=\"text-align: left;\"><strong>CARACTERISTICAS<\/strong><\/h3>\n<p><a href=\"https:\/\/iep-sa.com.ar\/wp-content\/uploads\/2021\/11\/Enia-a.png\"><img fetchpriority=\"high\" decoding=\"async\" class=\" wp-image-5036 alignleft\" src=\"https:\/\/iep-sa.com.ar\/wp-content\/uploads\/2021\/11\/Enia-a-1024x179.png\" alt=\"\" width=\"880\" height=\"154\" srcset=\"https:\/\/iep-sa.com.ar\/wp-content\/uploads\/2021\/11\/Enia-a-1024x179.png 1024w, https:\/\/iep-sa.com.ar\/wp-content\/uploads\/2021\/11\/Enia-a-300x52.png 300w, https:\/\/iep-sa.com.ar\/wp-content\/uploads\/2021\/11\/Enia-a-768x134.png 768w, https:\/\/iep-sa.com.ar\/wp-content\/uploads\/2021\/11\/Enia-a-1536x268.png 1536w, https:\/\/iep-sa.com.ar\/wp-content\/uploads\/2021\/11\/Enia-a-2048x357.png 2048w, https:\/\/iep-sa.com.ar\/wp-content\/uploads\/2021\/11\/Enia-a-600x105.png 600w\" sizes=\"(max-width: 880px) 100vw, 880px\" \/><\/a><\/p>\n<p>&nbsp;<\/p>\n<p>&nbsp;<\/p>\n<h3><\/h3>\n<h4><\/h4>\n<h4><\/h4>\n<h4><\/h4>\n<h4><\/h4>\n<p>&nbsp;<\/p>\n<p>&nbsp;<\/p>\n<p>&nbsp;<\/p>\n<h4 style=\"text-align: left;\"><span style=\"color: #808080;\">Diferentes configuraciones<\/span><\/h4>\n<h3><a href=\"https:\/\/iep-sa.com.ar\/wp-content\/uploads\/2021\/11\/ENIA-4.png\"><img decoding=\"async\" class=\"size-large wp-image-4671 alignleft\" src=\"https:\/\/iep-sa.com.ar\/wp-content\/uploads\/2021\/11\/ENIA-4-1024x560.png\" alt=\"\" width=\"640\" height=\"350\" srcset=\"https:\/\/iep-sa.com.ar\/wp-content\/uploads\/2021\/11\/ENIA-4-1024x560.png 1024w, https:\/\/iep-sa.com.ar\/wp-content\/uploads\/2021\/11\/ENIA-4-300x164.png 300w, https:\/\/iep-sa.com.ar\/wp-content\/uploads\/2021\/11\/ENIA-4-768x420.png 768w, https:\/\/iep-sa.com.ar\/wp-content\/uploads\/2021\/11\/ENIA-4-600x328.png 600w, https:\/\/iep-sa.com.ar\/wp-content\/uploads\/2021\/11\/ENIA-4.png 1336w\" sizes=\"(max-width: 640px) 100vw, 640px\" \/><\/a><\/h3>\n<h3><\/h3>\n<p>&nbsp;<\/p>\n<p>&nbsp;<\/p>\n<p>&nbsp;<\/p>\n<p>&nbsp;<\/p>\n<h3><\/h3>\n<h3><\/h3>\n<h3><\/h3>\n<h3><\/h3>\n<h3><\/h3>\n<h3><\/h3>\n<p>&nbsp;<\/p>\n<p>&nbsp;<\/p>\n<p>&nbsp;<\/p>\n<p>&nbsp;<\/p>\n<h3><\/h3>\n<h3 style=\"text-align: left;\"><strong>MEDIDAS<\/strong><\/h3>\n<p><a href=\"https:\/\/iep-sa.com.ar\/wp-content\/uploads\/2021\/11\/ENIA-MEDIDAS-01.jpg\"><img decoding=\"async\" class=\" wp-image-4434 alignleft\" src=\"https:\/\/iep-sa.com.ar\/wp-content\/uploads\/2021\/11\/ENIA-MEDIDAS-01-1024x1024.jpg\" alt=\"\" width=\"508\" height=\"508\" srcset=\"https:\/\/iep-sa.com.ar\/wp-content\/uploads\/2021\/11\/ENIA-MEDIDAS-01-1024x1024.jpg 1024w, https:\/\/iep-sa.com.ar\/wp-content\/uploads\/2021\/11\/ENIA-MEDIDAS-01-300x300.jpg 300w, https:\/\/iep-sa.com.ar\/wp-content\/uploads\/2021\/11\/ENIA-MEDIDAS-01-150x150.jpg 150w, https:\/\/iep-sa.com.ar\/wp-content\/uploads\/2021\/11\/ENIA-MEDIDAS-01-768x768.jpg 768w, https:\/\/iep-sa.com.ar\/wp-content\/uploads\/2021\/11\/ENIA-MEDIDAS-01-1536x1536.jpg 1536w, https:\/\/iep-sa.com.ar\/wp-content\/uploads\/2021\/11\/ENIA-MEDIDAS-01-100x100.jpg 100w, https:\/\/iep-sa.com.ar\/wp-content\/uploads\/2021\/11\/ENIA-MEDIDAS-01-600x600.jpg 600w, https:\/\/iep-sa.com.ar\/wp-content\/uploads\/2021\/11\/ENIA-MEDIDAS-01.jpg 1667w\" sizes=\"(max-width: 508px) 100vw, 508px\" \/><\/a><\/p>\n<h3><\/h3>\n<h3><\/h3>\n<h3><\/h3>\n<h3><\/h3>\n<h3><\/h3>\n<h3><\/h3>\n<h3><\/h3>\n<h3><\/h3>\n<h3><\/h3>\n<p>&nbsp;<\/p>\n<p>&nbsp;<\/p>\n<p>&nbsp;<\/p>\n<h3><\/h3>\n<p>&nbsp;<\/p>\n<p>&nbsp;<\/p>\n<p>&nbsp;<\/p>\n<p>&nbsp;<\/p>\n<p>&nbsp;<\/p>\n<p>&nbsp;<\/p>\n<p>&nbsp;<\/p>\n<h3 style=\"text-align: left;\"><strong>CURVAS FOTOM\u00c9TRICAS<\/strong><\/h3>\n<p><a href=\"https:\/\/iep-sa.com.ar\/wp-content\/uploads\/2021\/11\/FOTOMETRIA-01.jpg\"><img loading=\"lazy\" decoding=\"async\" class=\"wp-image-4435 alignleft\" src=\"https:\/\/iep-sa.com.ar\/wp-content\/uploads\/2021\/11\/FOTOMETRIA-01-1024x1024.jpg\" alt=\"\" width=\"308\" height=\"308\" srcset=\"https:\/\/iep-sa.com.ar\/wp-content\/uploads\/2021\/11\/FOTOMETRIA-01-1024x1024.jpg 1024w, https:\/\/iep-sa.com.ar\/wp-content\/uploads\/2021\/11\/FOTOMETRIA-01-300x300.jpg 300w, https:\/\/iep-sa.com.ar\/wp-content\/uploads\/2021\/11\/FOTOMETRIA-01-150x150.jpg 150w, https:\/\/iep-sa.com.ar\/wp-content\/uploads\/2021\/11\/FOTOMETRIA-01-768x768.jpg 768w, https:\/\/iep-sa.com.ar\/wp-content\/uploads\/2021\/11\/FOTOMETRIA-01-1536x1536.jpg 1536w, https:\/\/iep-sa.com.ar\/wp-content\/uploads\/2021\/11\/FOTOMETRIA-01-100x100.jpg 100w, https:\/\/iep-sa.com.ar\/wp-content\/uploads\/2021\/11\/FOTOMETRIA-01-600x600.jpg 600w, https:\/\/iep-sa.com.ar\/wp-content\/uploads\/2021\/11\/FOTOMETRIA-01.jpg 1667w\" sizes=\"(max-width: 308px) 100vw, 308px\" \/><\/a><a href=\"https:\/\/iep-sa.com.ar\/wp-content\/uploads\/2021\/11\/EKAT-FOTOMETRIAS-01.jpg\"><br \/>\n<\/a><a href=\"https:\/\/iep-sa.com.ar\/wp-content\/uploads\/2021\/11\/ANUBIS-FOTOMETRIA-01.jpg\"><br \/>\n<\/a><\/p>\n<h3><\/h3>\n<h3><\/h3>\n<h3><\/h3>\n<h3><\/h3>\n<h3><\/h3>\n<p>&nbsp;<\/p>\n<p>&nbsp;<\/p>\n<p>&nbsp;<\/p>\n<h3><\/h3>\n<p>&nbsp;<\/p>\n<p>&nbsp;<\/p>\n<p>&nbsp;<\/p>\n<h3><\/h3>\n<h3 style=\"text-align: left;\"><b>DESCARGAS<\/b><\/h3>\n<h4 style=\"text-align: left;\"><a href=\"https:\/\/iep-sa.com.ar\/wp-content\/uploads\/2026\/04\/Enia-led-.pdf\" target=\"_blank\" rel=\"noopener\">Ficha T\u00e9cnica ENIA<\/a><\/h4>\n<h4 style=\"text-align: left;\"><a href=\"https:\/\/iep-sa.com.ar\/wp-content\/uploads\/2021\/11\/ENIA-DATOS-LUMINICOS-1.pdf\">Enia flujos y potencias<\/a><\/h4>\n<h4 style=\"text-align: left;\"><a href=\"https:\/\/iep-sa.com.ar\/wp-content\/uploads\/2021\/11\/Fotometrias-Enia-2.0.zip\" target=\"_blank\" rel=\"noopener\">Fotometr\u00edas ENIA<\/a><\/h4>\n<h4 style=\"text-align: left;\"><a href=\"https:\/\/iep-sa.com.ar\/wp-content\/uploads\/2021\/11\/ENIA.dwg_-1.zip\" target=\"_blank\" rel=\"noopener\">Cad ENIA<\/a><\/h4>\n<h4 style=\"text-align: left;\"><\/h4>\n","protected":false},"excerpt":{"rendered":"<p class=\"p1\" style=\"text-align: left;\">Esta farola es un \u00e1rbol de luz que naci\u00f3 con un triple objetivo: ofrecer una iluminaci\u00f3n proyectada hacia el pavimento, consumos reducidos y un n\u00famero opcional de luminarias en distintas alturas y posiciones. Luminaria de dise\u00f1o moderno, adecuada para aplicaciones de alumbrado en parques y espacios p\u00fablicos. Cuerpo en extrusi\u00f3n de aluminio acabado con pintura epoxi. Grado de estanqueidad IP 66.<\/p>\n","protected":false},"featured_media":4443,"template":"","meta":{"_joinchat":[]},"product_brand":[],"product_cat":[118,125,128,76,135,127,126,124,157,158,59],"product_tag":[],"class_list":{"0":"post-4433","1":"product","2":"type-product","3":"status-publish","4":"has-post-thumbnail","6":"product_cat-aceras","7":"product_cat-bicisendas","8":"product_cat-costaneras","9":"product_cat-estacionamientos","10":"product_cat-exterior","11":"product_cat-paseos","12":"product_cat-peatonales","13":"product_cat-plazas","14":"product_cat-telegestion-y-domotica","15":"product_cat-urbanizacion","16":"product_cat-urbano-decorativo","18":"first","19":"instock","20":"shipping-taxable","21":"product-type-simple","22":"layout-style-1","23":"col-md-4 col-sm-4 col-xs-6","24":"col-lg-3","25":"product-has-gallery","26":"product-style-default"},"yoast_head":"<!-- This site is optimized with the Yoast SEO plugin v27.4 - https:\/\/yoast.com\/product\/yoast-seo-wordpress\/ -->\n<title>ENIA 2.0 - IEP - Iluminaci\u00f3n Eficiente Profesional<\/title>\n<meta name=\"robots\" content=\"index, follow, max-snippet:-1, max-image-preview:large, max-video-preview:-1\" \/>\n<link rel=\"canonical\" href=\"https:\/\/iep-sa.com.ar\/producto\/enia-2-0\/\" \/>\n<meta property=\"og:locale\" content=\"es_ES\" \/>\n<meta property=\"og:type\" content=\"article\" \/>\n<meta property=\"og:title\" content=\"ENIA 2.0 - IEP - Iluminaci\u00f3n Eficiente Profesional\" \/>\n<meta property=\"og:description\" content=\"Esta farola es un \u00e1rbol de luz que naci\u00f3 con un triple objetivo: ofrecer una iluminaci\u00f3n proyectada hacia el pavimento, consumos reducidos y un n\u00famero opcional de luminarias en distintas alturas y posiciones. Luminaria de dise\u00f1o moderno, adecuada para aplicaciones de alumbrado en parques y espacios p\u00fablicos. Cuerpo en extrusi\u00f3n de aluminio acabado con pintura epoxi. Grado de estanqueidad IP 66.\" \/>\n<meta property=\"og:url\" content=\"https:\/\/iep-sa.com.ar\/producto\/enia-2-0\/\" \/>\n<meta property=\"og:site_name\" content=\"IEP - Iluminaci\u00f3n Eficiente Profesional\" \/>\n<meta property=\"article:modified_time\" content=\"2026-04-27T13:51:56+00:00\" \/>\n<meta property=\"og:image\" content=\"https:\/\/iep-sa.com.ar\/wp-content\/uploads\/2021\/11\/ENIA-FOTO-01-2.jpg\" \/>\n\t<meta property=\"og:image:width\" content=\"1667\" \/>\n\t<meta property=\"og:image:height\" content=\"1667\" \/>\n\t<meta property=\"og:image:type\" content=\"image\/jpeg\" \/>\n<meta name=\"twitter:card\" content=\"summary_large_image\" \/>\n<meta name=\"twitter:label1\" content=\"Tiempo de lectura\" \/>\n\t<meta name=\"twitter:data1\" content=\"2 minutos\" \/>\n<script type=\"application\/ld+json\" class=\"yoast-schema-graph\">{\"@context\":\"https:\\\/\\\/schema.org\",\"@graph\":[{\"@type\":\"WebPage\",\"@id\":\"https:\\\/\\\/iep-sa.com.ar\\\/producto\\\/enia-2-0\\\/\",\"url\":\"https:\\\/\\\/iep-sa.com.ar\\\/producto\\\/enia-2-0\\\/\",\"name\":\"ENIA 2.0 - IEP - Iluminaci\u00f3n Eficiente Profesional\",\"isPartOf\":{\"@id\":\"https:\\\/\\\/iep-sa.com.ar\\\/#website\"},\"primaryImageOfPage\":{\"@id\":\"https:\\\/\\\/iep-sa.com.ar\\\/producto\\\/enia-2-0\\\/#primaryimage\"},\"image\":{\"@id\":\"https:\\\/\\\/iep-sa.com.ar\\\/producto\\\/enia-2-0\\\/#primaryimage\"},\"thumbnailUrl\":\"https:\\\/\\\/iep-sa.com.ar\\\/wp-content\\\/uploads\\\/2021\\\/11\\\/ENIA-FOTO-01-2.jpg\",\"datePublished\":\"2021-11-03T12:04:09+00:00\",\"dateModified\":\"2026-04-27T13:51:56+00:00\",\"breadcrumb\":{\"@id\":\"https:\\\/\\\/iep-sa.com.ar\\\/producto\\\/enia-2-0\\\/#breadcrumb\"},\"inLanguage\":\"es\",\"potentialAction\":[{\"@type\":\"ReadAction\",\"target\":[\"https:\\\/\\\/iep-sa.com.ar\\\/producto\\\/enia-2-0\\\/\"]}]},{\"@type\":\"ImageObject\",\"inLanguage\":\"es\",\"@id\":\"https:\\\/\\\/iep-sa.com.ar\\\/producto\\\/enia-2-0\\\/#primaryimage\",\"url\":\"https:\\\/\\\/iep-sa.com.ar\\\/wp-content\\\/uploads\\\/2021\\\/11\\\/ENIA-FOTO-01-2.jpg\",\"contentUrl\":\"https:\\\/\\\/iep-sa.com.ar\\\/wp-content\\\/uploads\\\/2021\\\/11\\\/ENIA-FOTO-01-2.jpg\",\"width\":1667,\"height\":1667},{\"@type\":\"BreadcrumbList\",\"@id\":\"https:\\\/\\\/iep-sa.com.ar\\\/producto\\\/enia-2-0\\\/#breadcrumb\",\"itemListElement\":[{\"@type\":\"ListItem\",\"position\":1,\"name\":\"Portada\",\"item\":\"https:\\\/\\\/iep-sa.com.ar\\\/\"},{\"@type\":\"ListItem\",\"position\":2,\"name\":\"Productos\",\"item\":\"https:\\\/\\\/iep-sa.com.ar\\\/productos\\\/\"},{\"@type\":\"ListItem\",\"position\":3,\"name\":\"ENIA 2.0\"}]},{\"@type\":\"WebSite\",\"@id\":\"https:\\\/\\\/iep-sa.com.ar\\\/#website\",\"url\":\"https:\\\/\\\/iep-sa.com.ar\\\/\",\"name\":\"IEP - Iluminaci\u00f3n Eficiente Profesional\",\"description\":\"Iluminaci\u00f3n Vial - Profesional - Decorativa - Estacionamientos - Gasolineras - Deportiva - P\u00fablica - Privada\",\"publisher\":{\"@id\":\"https:\\\/\\\/iep-sa.com.ar\\\/#organization\"},\"potentialAction\":[{\"@type\":\"SearchAction\",\"target\":{\"@type\":\"EntryPoint\",\"urlTemplate\":\"https:\\\/\\\/iep-sa.com.ar\\\/?s={search_term_string}\"},\"query-input\":{\"@type\":\"PropertyValueSpecification\",\"valueRequired\":true,\"valueName\":\"search_term_string\"}}],\"inLanguage\":\"es\"},{\"@type\":\"Organization\",\"@id\":\"https:\\\/\\\/iep-sa.com.ar\\\/#organization\",\"name\":\"IEP - Iluminaci\u00f3n Eficiente Profesional\",\"url\":\"https:\\\/\\\/iep-sa.com.ar\\\/\",\"logo\":{\"@type\":\"ImageObject\",\"inLanguage\":\"es\",\"@id\":\"https:\\\/\\\/iep-sa.com.ar\\\/#\\\/schema\\\/logo\\\/image\\\/\",\"url\":\"https:\\\/\\\/iep-sa.com.ar\\\/wp-content\\\/uploads\\\/2022\\\/11\\\/cropped-favicon.jpg\",\"contentUrl\":\"https:\\\/\\\/iep-sa.com.ar\\\/wp-content\\\/uploads\\\/2022\\\/11\\\/cropped-favicon.jpg\",\"width\":512,\"height\":512,\"caption\":\"IEP - Iluminaci\u00f3n Eficiente Profesional\"},\"image\":{\"@id\":\"https:\\\/\\\/iep-sa.com.ar\\\/#\\\/schema\\\/logo\\\/image\\\/\"}}]}<\/script>\n<!-- \/ Yoast SEO plugin. -->","yoast_head_json":{"title":"ENIA 2.0 - IEP - Iluminaci\u00f3n Eficiente Profesional","robots":{"index":"index","follow":"follow","max-snippet":"max-snippet:-1","max-image-preview":"max-image-preview:large","max-video-preview":"max-video-preview:-1"},"canonical":"https:\/\/iep-sa.com.ar\/producto\/enia-2-0\/","og_locale":"es_ES","og_type":"article","og_title":"ENIA 2.0 - IEP - Iluminaci\u00f3n Eficiente Profesional","og_description":"Esta farola es un \u00e1rbol de luz que naci\u00f3 con un triple objetivo: ofrecer una iluminaci\u00f3n proyectada hacia el pavimento, consumos reducidos y un n\u00famero opcional de luminarias en distintas alturas y posiciones. Luminaria de dise\u00f1o moderno, adecuada para aplicaciones de alumbrado en parques y espacios p\u00fablicos. Cuerpo en extrusi\u00f3n de aluminio acabado con pintura epoxi. Grado de estanqueidad IP 66.","og_url":"https:\/\/iep-sa.com.ar\/producto\/enia-2-0\/","og_site_name":"IEP - Iluminaci\u00f3n Eficiente Profesional","article_modified_time":"2026-04-27T13:51:56+00:00","og_image":[{"width":1667,"height":1667,"url":"https:\/\/iep-sa.com.ar\/wp-content\/uploads\/2021\/11\/ENIA-FOTO-01-2.jpg","type":"image\/jpeg"}],"twitter_card":"summary_large_image","twitter_misc":{"Tiempo de lectura":"2 minutos"},"schema":{"@context":"https:\/\/schema.org","@graph":[{"@type":"WebPage","@id":"https:\/\/iep-sa.com.ar\/producto\/enia-2-0\/","url":"https:\/\/iep-sa.com.ar\/producto\/enia-2-0\/","name":"ENIA 2.0 - IEP - Iluminaci\u00f3n Eficiente Profesional","isPartOf":{"@id":"https:\/\/iep-sa.com.ar\/#website"},"primaryImageOfPage":{"@id":"https:\/\/iep-sa.com.ar\/producto\/enia-2-0\/#primaryimage"},"image":{"@id":"https:\/\/iep-sa.com.ar\/producto\/enia-2-0\/#primaryimage"},"thumbnailUrl":"https:\/\/iep-sa.com.ar\/wp-content\/uploads\/2021\/11\/ENIA-FOTO-01-2.jpg","datePublished":"2021-11-03T12:04:09+00:00","dateModified":"2026-04-27T13:51:56+00:00","breadcrumb":{"@id":"https:\/\/iep-sa.com.ar\/producto\/enia-2-0\/#breadcrumb"},"inLanguage":"es","potentialAction":[{"@type":"ReadAction","target":["https:\/\/iep-sa.com.ar\/producto\/enia-2-0\/"]}]},{"@type":"ImageObject","inLanguage":"es","@id":"https:\/\/iep-sa.com.ar\/producto\/enia-2-0\/#primaryimage","url":"https:\/\/iep-sa.com.ar\/wp-content\/uploads\/2021\/11\/ENIA-FOTO-01-2.jpg","contentUrl":"https:\/\/iep-sa.com.ar\/wp-content\/uploads\/2021\/11\/ENIA-FOTO-01-2.jpg","width":1667,"height":1667},{"@type":"BreadcrumbList","@id":"https:\/\/iep-sa.com.ar\/producto\/enia-2-0\/#breadcrumb","itemListElement":[{"@type":"ListItem","position":1,"name":"Portada","item":"https:\/\/iep-sa.com.ar\/"},{"@type":"ListItem","position":2,"name":"Productos","item":"https:\/\/iep-sa.com.ar\/productos\/"},{"@type":"ListItem","position":3,"name":"ENIA 2.0"}]},{"@type":"WebSite","@id":"https:\/\/iep-sa.com.ar\/#website","url":"https:\/\/iep-sa.com.ar\/","name":"IEP - Iluminaci\u00f3n Eficiente Profesional","description":"Iluminaci\u00f3n Vial - Profesional - Decorativa - Estacionamientos - Gasolineras - Deportiva - P\u00fablica - Privada","publisher":{"@id":"https:\/\/iep-sa.com.ar\/#organization"},"potentialAction":[{"@type":"SearchAction","target":{"@type":"EntryPoint","urlTemplate":"https:\/\/iep-sa.com.ar\/?s={search_term_string}"},"query-input":{"@type":"PropertyValueSpecification","valueRequired":true,"valueName":"search_term_string"}}],"inLanguage":"es"},{"@type":"Organization","@id":"https:\/\/iep-sa.com.ar\/#organization","name":"IEP - Iluminaci\u00f3n Eficiente Profesional","url":"https:\/\/iep-sa.com.ar\/","logo":{"@type":"ImageObject","inLanguage":"es","@id":"https:\/\/iep-sa.com.ar\/#\/schema\/logo\/image\/","url":"https:\/\/iep-sa.com.ar\/wp-content\/uploads\/2022\/11\/cropped-favicon.jpg","contentUrl":"https:\/\/iep-sa.com.ar\/wp-content\/uploads\/2022\/11\/cropped-favicon.jpg","width":512,"height":512,"caption":"IEP - Iluminaci\u00f3n Eficiente Profesional"},"image":{"@id":"https:\/\/iep-sa.com.ar\/#\/schema\/logo\/image\/"}}]}},"_links":{"self":[{"href":"https:\/\/iep-sa.com.ar\/nuevo\/wp-json\/wp\/v2\/product\/4433","targetHints":{"allow":["GET"]}}],"collection":[{"href":"https:\/\/iep-sa.com.ar\/nuevo\/wp-json\/wp\/v2\/product"}],"about":[{"href":"https:\/\/iep-sa.com.ar\/nuevo\/wp-json\/wp\/v2\/types\/product"}],"wp:featuredmedia":[{"embeddable":true,"href":"https:\/\/iep-sa.com.ar\/nuevo\/wp-json\/wp\/v2\/media\/4443"}],"wp:attachment":[{"href":"https:\/\/iep-sa.com.ar\/nuevo\/wp-json\/wp\/v2\/media?parent=4433"}],"wp:term":[{"taxonomy":"product_brand","embeddable":true,"href":"https:\/\/iep-sa.com.ar\/nuevo\/wp-json\/wp\/v2\/product_brand?post=4433"},{"taxonomy":"product_cat","embeddable":true,"href":"https:\/\/iep-sa.com.ar\/nuevo\/wp-json\/wp\/v2\/product_cat?post=4433"},{"taxonomy":"product_tag","embeddable":true,"href":"https:\/\/iep-sa.com.ar\/nuevo\/wp-json\/wp\/v2\/product_tag?post=4433"}],"curies":[{"name":"wp","href":"https:\/\/api.w.org\/{rel}","templated":true}]}}