{"id":4425,"date":"2021-11-03T11:55:08","date_gmt":"2021-11-03T11:55:08","guid":{"rendered":"https:\/\/iep-sa.com.ar\/nuevo\/?post_type=product&#038;p=4425"},"modified":"2025-06-11T17:54:33","modified_gmt":"2025-06-11T17:54:33","slug":"ekat","status":"publish","type":"product","link":"https:\/\/iep-sa.com.ar\/nuevo\/producto\/ekat\/","title":{"rendered":"EKAT"},"content":{"rendered":"<h3 style=\"text-align: left;\"><strong>CARACTERISTICAS<\/strong><\/h3>\n<p><a href=\"https:\/\/iep-sa.com.ar\/wp-content\/uploads\/2021\/11\/ekat-1.png\"><img fetchpriority=\"high\" decoding=\"async\" class=\"size-large wp-image-4727 alignleft\" src=\"https:\/\/iep-sa.com.ar\/wp-content\/uploads\/2021\/11\/ekat-1-1024x603.png\" alt=\"\" width=\"640\" height=\"377\" srcset=\"https:\/\/iep-sa.com.ar\/wp-content\/uploads\/2021\/11\/ekat-1-1024x603.png 1024w, https:\/\/iep-sa.com.ar\/wp-content\/uploads\/2021\/11\/ekat-1-300x177.png 300w, https:\/\/iep-sa.com.ar\/wp-content\/uploads\/2021\/11\/ekat-1-768x452.png 768w, https:\/\/iep-sa.com.ar\/wp-content\/uploads\/2021\/11\/ekat-1-600x353.png 600w, https:\/\/iep-sa.com.ar\/wp-content\/uploads\/2021\/11\/ekat-1.png 1424w\" sizes=\"(max-width: 640px) 100vw, 640px\" \/><\/a><\/p>\n<p>&nbsp;<\/p>\n<p>&nbsp;<\/p>\n<p>&nbsp;<\/p>\n<p>&nbsp;<\/p>\n<p>&nbsp;<\/p>\n<p>&nbsp;<\/p>\n<p>&nbsp;<\/p>\n<p>&nbsp;<\/p>\n<p>&nbsp;<\/p>\n<p><a href=\"https:\/\/iep-sa.com.ar\/wp-content\/uploads\/2021\/11\/ekat-caracteristicas-.png\"><img decoding=\"async\" class=\"size-large wp-image-5233 alignleft\" src=\"https:\/\/iep-sa.com.ar\/wp-content\/uploads\/2021\/11\/ekat-caracteristicas--1024x185.png\" alt=\"\" width=\"640\" height=\"116\" srcset=\"https:\/\/iep-sa.com.ar\/wp-content\/uploads\/2021\/11\/ekat-caracteristicas--1024x185.png 1024w, https:\/\/iep-sa.com.ar\/wp-content\/uploads\/2021\/11\/ekat-caracteristicas--300x54.png 300w, https:\/\/iep-sa.com.ar\/wp-content\/uploads\/2021\/11\/ekat-caracteristicas--768x139.png 768w, https:\/\/iep-sa.com.ar\/wp-content\/uploads\/2021\/11\/ekat-caracteristicas--1536x278.png 1536w, https:\/\/iep-sa.com.ar\/wp-content\/uploads\/2021\/11\/ekat-caracteristicas--600x109.png 600w, https:\/\/iep-sa.com.ar\/wp-content\/uploads\/2021\/11\/ekat-caracteristicas-.png 2000w\" sizes=\"(max-width: 640px) 100vw, 640px\" \/><\/a><\/p>\n<p>&nbsp;<\/p>\n<p>&nbsp;<\/p>\n<p>&nbsp;<\/p>\n<p>&nbsp;<\/p>\n<p><a href=\"https:\/\/iep-sa.com.ar\/wp-content\/uploads\/2021\/11\/EKAT-7.png\"><img decoding=\"async\" class=\"size-large wp-image-5187 alignleft\" src=\"https:\/\/iep-sa.com.ar\/wp-content\/uploads\/2021\/11\/EKAT-7-1024x724.png\" alt=\"\" width=\"640\" height=\"453\" srcset=\"https:\/\/iep-sa.com.ar\/wp-content\/uploads\/2021\/11\/EKAT-7-1024x724.png 1024w, https:\/\/iep-sa.com.ar\/wp-content\/uploads\/2021\/11\/EKAT-7-300x212.png 300w, https:\/\/iep-sa.com.ar\/wp-content\/uploads\/2021\/11\/EKAT-7-768x543.png 768w, https:\/\/iep-sa.com.ar\/wp-content\/uploads\/2021\/11\/EKAT-7-600x424.png 600w, https:\/\/iep-sa.com.ar\/wp-content\/uploads\/2021\/11\/EKAT-7.png 1452w\" sizes=\"(max-width: 640px) 100vw, 640px\" \/><\/a><\/p>\n<p>}<\/p>\n<p>&nbsp;<\/p>\n<p>&nbsp;<\/p>\n<p>&nbsp;<\/p>\n<p>&nbsp;<\/p>\n<p>&nbsp;<\/p>\n<p>&nbsp;<\/p>\n<p>&nbsp;<\/p>\n<p>&nbsp;<\/p>\n<p>&nbsp;<\/p>\n<p>&nbsp;<\/p>\n<p>&nbsp;<\/p>\n<p>&nbsp;<\/p>\n<p>&nbsp;<\/p>\n<p>&nbsp;<\/p>\n<h3><\/h3>\n<h3><\/h3>\n<h3><\/h3>\n<h3 style=\"text-align: left;\"><strong>MEDIDAS<\/strong><\/h3>\n<p>&nbsp;<\/p>\n<p><a href=\"https:\/\/iep-sa.com.ar\/wp-content\/uploads\/2021\/11\/ekat-medidas-1.png\"><img loading=\"lazy\" decoding=\"async\" class=\" wp-image-5235 alignleft\" src=\"https:\/\/iep-sa.com.ar\/wp-content\/uploads\/2021\/11\/ekat-medidas-1.png\" alt=\"\" width=\"447\" height=\"173\" srcset=\"https:\/\/iep-sa.com.ar\/wp-content\/uploads\/2021\/11\/ekat-medidas-1.png 630w, https:\/\/iep-sa.com.ar\/wp-content\/uploads\/2021\/11\/ekat-medidas-1-300x116.png 300w, https:\/\/iep-sa.com.ar\/wp-content\/uploads\/2021\/11\/ekat-medidas-1-600x232.png 600w\" sizes=\"(max-width: 447px) 100vw, 447px\" \/><\/a><\/p>\n<p>&nbsp;<\/p>\n<h3 style=\"text-align: left;\"><\/h3>\n<p>&nbsp;<\/p>\n<p>&nbsp;<\/p>\n<p>&nbsp;<\/p>\n<p>&nbsp;<\/p>\n<p>&nbsp;<\/p>\n<h3 style=\"text-align: left;\"><strong>CURVAS FOTOM\u00c9TRICAS<\/strong><\/h3>\n<h3><a href=\"https:\/\/iep-sa.com.ar\/wp-content\/uploads\/2021\/11\/ekat-fotometria.png\"><img loading=\"lazy\" decoding=\"async\" class=\" wp-image-5234 alignleft\" src=\"https:\/\/iep-sa.com.ar\/wp-content\/uploads\/2021\/11\/ekat-fotometria.png\" alt=\"\" width=\"379\" height=\"145\" srcset=\"https:\/\/iep-sa.com.ar\/wp-content\/uploads\/2021\/11\/ekat-fotometria.png 476w, https:\/\/iep-sa.com.ar\/wp-content\/uploads\/2021\/11\/ekat-fotometria-300x115.png 300w\" sizes=\"(max-width: 379px) 100vw, 379px\" \/><\/a><\/h3>\n<h3><\/h3>\n<p>&nbsp;<\/p>\n<p>&nbsp;<\/p>\n<h3><\/h3>\n<p>&nbsp;<\/p>\n<p>&nbsp;<\/p>\n<h3><\/h3>\n<h3><\/h3>\n<h3><\/h3>\n<h3><\/h3>\n<h3><\/h3>\n<p>&nbsp;<\/p>\n<p>&nbsp;<\/p>\n<p>&nbsp;<\/p>\n<h3 style=\"text-align: left;\"><b>DESCARGAS<\/b><\/h3>\n<p style=\"text-align: left;\"><a href=\"https:\/\/iep-sa.com.ar\/wp-content\/uploads\/2021\/11\/Ekat-Ficha-tecnica-.pdf\" target=\"_blank\" rel=\"noopener\">Ficha T\u00e9cnica EKAT<\/a><\/p>\n<p style=\"text-align: left;\"><a href=\"https:\/\/iep-sa.com.ar\/wp-content\/uploads\/2021\/11\/EKAT-2.dwg_.zip\">Ekat Plano Autocad<\/a><\/p>\n<p style=\"text-align: left;\"><a href=\"https:\/\/iep-sa.com.ar\/wp-content\/uploads\/2021\/11\/Ekat-fotometrias.zip\">Ekat\u00a0 Fotometrias<\/a><\/p>\n<p>&nbsp;<\/p>\n","protected":false},"excerpt":{"rendered":"<h4 style=\"text-align: left;\"><strong>DESCRIPCI\u00d3N T\u00c9CNICA<\/strong><\/h4>\n<div class=\"page\" title=\"Page 2\">\n<div class=\"layoutArea\">\n<div class=\"column\">\n<p style=\"text-align: left;\">Farola Urbana de lineas puras para instalar en forma individual o grupal \u00abtipo ramillete\u00bb, permite lograr configuraciones creativas y de impronta unica que proyecten difertentes efectos luminicos y puntos focales.<br \/>\nLuminaria de disen\u0303o moderno, adecuada para aplicaciones de alumbrado en parques, costaneras, paseos urbanos tanto pu\u0301blicos como privados. Cuerpo en perfileria de hierro acabado con pintura epoxi. Difusor PMMA. Grado de estanqueidad IP66 e IK08.<\/p>\n<\/div>\n<\/div>\n<\/div>\n","protected":false},"featured_media":5237,"template":"","meta":{"_joinchat":[]},"product_brand":[],"product_cat":[125,128,76,135,60,145,144,127,126,146,124,59],"product_tag":[],"class_list":{"0":"post-4425","1":"product","2":"type-product","3":"status-publish","4":"has-post-thumbnail","6":"product_cat-bicisendas","7":"product_cat-costaneras","8":"product_cat-estacionamientos","9":"product_cat-exterior","10":"product_cat-exterior-decorativo","11":"product_cat-jardines","12":"product_cat-parques","13":"product_cat-paseos","14":"product_cat-peatonales","15":"product_cat-piscinas","16":"product_cat-plazas","17":"product_cat-urbano-decorativo","19":"first","20":"instock","21":"shipping-taxable","22":"product-type-simple","23":"layout-style-1","24":"col-md-4 col-sm-4 col-xs-6","25":"col-lg-3","26":"product-has-gallery","27":"product-style-default"},"yoast_head":"<!-- This site is optimized with the Yoast SEO plugin v27.4 - https:\/\/yoast.com\/product\/yoast-seo-wordpress\/ -->\n<title>EKAT - IEP - Iluminaci\u00f3n Eficiente Profesional<\/title>\n<meta name=\"robots\" content=\"index, follow, max-snippet:-1, max-image-preview:large, max-video-preview:-1\" \/>\n<link rel=\"canonical\" href=\"https:\/\/iep-sa.com.ar\/producto\/ekat\/\" \/>\n<meta property=\"og:locale\" content=\"es_ES\" \/>\n<meta property=\"og:type\" content=\"article\" \/>\n<meta property=\"og:title\" content=\"EKAT - IEP - Iluminaci\u00f3n Eficiente Profesional\" \/>\n<meta property=\"og:description\" content=\"DESCRIPCI\u00d3N T\u00c9CNICA    Farola Urbana de lineas puras para instalar en forma individual o grupal &quot;tipo ramillete&quot;, permite lograr configuraciones creativas y de impronta unica que proyecten difertentes efectos luminicos y puntos focales. Luminaria de disen\u0303o moderno, adecuada para aplicaciones de alumbrado en parques, costaneras, paseos urbanos tanto pu\u0301blicos como privados. Cuerpo en perfileria de hierro acabado con pintura epoxi. Difusor PMMA. Grado de estanqueidad IP66 e IK08.\" \/>\n<meta property=\"og:url\" content=\"https:\/\/iep-sa.com.ar\/producto\/ekat\/\" \/>\n<meta property=\"og:site_name\" content=\"IEP - Iluminaci\u00f3n Eficiente Profesional\" \/>\n<meta property=\"article:modified_time\" content=\"2025-06-11T17:54:33+00:00\" \/>\n<meta property=\"og:image\" content=\"https:\/\/lightyellow-boar-299687.hostingersite.com\/wp-content\/uploads\/2021\/11\/Ekat-.png\" \/>\n\t<meta property=\"og:image:width\" content=\"430\" \/>\n\t<meta property=\"og:image:height\" content=\"618\" \/>\n\t<meta property=\"og:image:type\" content=\"image\/png\" \/>\n<meta name=\"twitter:card\" content=\"summary_large_image\" \/>\n<meta name=\"twitter:label1\" content=\"Tiempo de lectura\" \/>\n\t<meta name=\"twitter:data1\" content=\"2 minutos\" \/>\n<script type=\"application\/ld+json\" class=\"yoast-schema-graph\">{\"@context\":\"https:\\\/\\\/schema.org\",\"@graph\":[{\"@type\":\"WebPage\",\"@id\":\"https:\\\/\\\/iep-sa.com.ar\\\/producto\\\/ekat\\\/\",\"url\":\"https:\\\/\\\/iep-sa.com.ar\\\/producto\\\/ekat\\\/\",\"name\":\"EKAT - IEP - Iluminaci\u00f3n Eficiente Profesional\",\"isPartOf\":{\"@id\":\"https:\\\/\\\/iep-sa.com.ar\\\/#website\"},\"primaryImageOfPage\":{\"@id\":\"https:\\\/\\\/iep-sa.com.ar\\\/producto\\\/ekat\\\/#primaryimage\"},\"image\":{\"@id\":\"https:\\\/\\\/iep-sa.com.ar\\\/producto\\\/ekat\\\/#primaryimage\"},\"thumbnailUrl\":\"https:\\\/\\\/iep-sa.com.ar\\\/wp-content\\\/uploads\\\/2021\\\/11\\\/Ekat-.png\",\"datePublished\":\"2021-11-03T11:55:08+00:00\",\"dateModified\":\"2025-06-11T17:54:33+00:00\",\"breadcrumb\":{\"@id\":\"https:\\\/\\\/iep-sa.com.ar\\\/producto\\\/ekat\\\/#breadcrumb\"},\"inLanguage\":\"es\",\"potentialAction\":[{\"@type\":\"ReadAction\",\"target\":[\"https:\\\/\\\/iep-sa.com.ar\\\/producto\\\/ekat\\\/\"]}]},{\"@type\":\"ImageObject\",\"inLanguage\":\"es\",\"@id\":\"https:\\\/\\\/iep-sa.com.ar\\\/producto\\\/ekat\\\/#primaryimage\",\"url\":\"https:\\\/\\\/iep-sa.com.ar\\\/wp-content\\\/uploads\\\/2021\\\/11\\\/Ekat-.png\",\"contentUrl\":\"https:\\\/\\\/iep-sa.com.ar\\\/wp-content\\\/uploads\\\/2021\\\/11\\\/Ekat-.png\",\"width\":430,\"height\":618},{\"@type\":\"BreadcrumbList\",\"@id\":\"https:\\\/\\\/iep-sa.com.ar\\\/producto\\\/ekat\\\/#breadcrumb\",\"itemListElement\":[{\"@type\":\"ListItem\",\"position\":1,\"name\":\"Portada\",\"item\":\"https:\\\/\\\/iep-sa.com.ar\\\/\"},{\"@type\":\"ListItem\",\"position\":2,\"name\":\"Productos\",\"item\":\"https:\\\/\\\/iep-sa.com.ar\\\/productos\\\/\"},{\"@type\":\"ListItem\",\"position\":3,\"name\":\"EKAT\"}]},{\"@type\":\"WebSite\",\"@id\":\"https:\\\/\\\/iep-sa.com.ar\\\/#website\",\"url\":\"https:\\\/\\\/iep-sa.com.ar\\\/\",\"name\":\"IEP - Iluminaci\u00f3n Eficiente Profesional\",\"description\":\"Iluminaci\u00f3n Vial - Profesional - Decorativa - Estacionamientos - Gasolineras - Deportiva - P\u00fablica - Privada\",\"publisher\":{\"@id\":\"https:\\\/\\\/iep-sa.com.ar\\\/#organization\"},\"potentialAction\":[{\"@type\":\"SearchAction\",\"target\":{\"@type\":\"EntryPoint\",\"urlTemplate\":\"https:\\\/\\\/iep-sa.com.ar\\\/?s={search_term_string}\"},\"query-input\":{\"@type\":\"PropertyValueSpecification\",\"valueRequired\":true,\"valueName\":\"search_term_string\"}}],\"inLanguage\":\"es\"},{\"@type\":\"Organization\",\"@id\":\"https:\\\/\\\/iep-sa.com.ar\\\/#organization\",\"name\":\"IEP - Iluminaci\u00f3n Eficiente Profesional\",\"url\":\"https:\\\/\\\/iep-sa.com.ar\\\/\",\"logo\":{\"@type\":\"ImageObject\",\"inLanguage\":\"es\",\"@id\":\"https:\\\/\\\/iep-sa.com.ar\\\/#\\\/schema\\\/logo\\\/image\\\/\",\"url\":\"https:\\\/\\\/iep-sa.com.ar\\\/wp-content\\\/uploads\\\/2022\\\/11\\\/cropped-favicon.jpg\",\"contentUrl\":\"https:\\\/\\\/iep-sa.com.ar\\\/wp-content\\\/uploads\\\/2022\\\/11\\\/cropped-favicon.jpg\",\"width\":512,\"height\":512,\"caption\":\"IEP - Iluminaci\u00f3n Eficiente Profesional\"},\"image\":{\"@id\":\"https:\\\/\\\/iep-sa.com.ar\\\/#\\\/schema\\\/logo\\\/image\\\/\"}}]}<\/script>\n<!-- \/ Yoast SEO plugin. -->","yoast_head_json":{"title":"EKAT - IEP - Iluminaci\u00f3n Eficiente Profesional","robots":{"index":"index","follow":"follow","max-snippet":"max-snippet:-1","max-image-preview":"max-image-preview:large","max-video-preview":"max-video-preview:-1"},"canonical":"https:\/\/iep-sa.com.ar\/producto\/ekat\/","og_locale":"es_ES","og_type":"article","og_title":"EKAT - IEP - Iluminaci\u00f3n Eficiente Profesional","og_description":"DESCRIPCI\u00d3N T\u00c9CNICA    Farola Urbana de lineas puras para instalar en forma individual o grupal \"tipo ramillete\", permite lograr configuraciones creativas y de impronta unica que proyecten difertentes efectos luminicos y puntos focales. Luminaria de disen\u0303o moderno, adecuada para aplicaciones de alumbrado en parques, costaneras, paseos urbanos tanto pu\u0301blicos como privados. Cuerpo en perfileria de hierro acabado con pintura epoxi. Difusor PMMA. Grado de estanqueidad IP66 e IK08.","og_url":"https:\/\/iep-sa.com.ar\/producto\/ekat\/","og_site_name":"IEP - Iluminaci\u00f3n Eficiente Profesional","article_modified_time":"2025-06-11T17:54:33+00:00","og_image":[{"width":430,"height":618,"url":"https:\/\/lightyellow-boar-299687.hostingersite.com\/wp-content\/uploads\/2021\/11\/Ekat-.png","type":"image\/png"}],"twitter_card":"summary_large_image","twitter_misc":{"Tiempo de lectura":"2 minutos"},"schema":{"@context":"https:\/\/schema.org","@graph":[{"@type":"WebPage","@id":"https:\/\/iep-sa.com.ar\/producto\/ekat\/","url":"https:\/\/iep-sa.com.ar\/producto\/ekat\/","name":"EKAT - IEP - Iluminaci\u00f3n Eficiente Profesional","isPartOf":{"@id":"https:\/\/iep-sa.com.ar\/#website"},"primaryImageOfPage":{"@id":"https:\/\/iep-sa.com.ar\/producto\/ekat\/#primaryimage"},"image":{"@id":"https:\/\/iep-sa.com.ar\/producto\/ekat\/#primaryimage"},"thumbnailUrl":"https:\/\/iep-sa.com.ar\/wp-content\/uploads\/2021\/11\/Ekat-.png","datePublished":"2021-11-03T11:55:08+00:00","dateModified":"2025-06-11T17:54:33+00:00","breadcrumb":{"@id":"https:\/\/iep-sa.com.ar\/producto\/ekat\/#breadcrumb"},"inLanguage":"es","potentialAction":[{"@type":"ReadAction","target":["https:\/\/iep-sa.com.ar\/producto\/ekat\/"]}]},{"@type":"ImageObject","inLanguage":"es","@id":"https:\/\/iep-sa.com.ar\/producto\/ekat\/#primaryimage","url":"https:\/\/iep-sa.com.ar\/wp-content\/uploads\/2021\/11\/Ekat-.png","contentUrl":"https:\/\/iep-sa.com.ar\/wp-content\/uploads\/2021\/11\/Ekat-.png","width":430,"height":618},{"@type":"BreadcrumbList","@id":"https:\/\/iep-sa.com.ar\/producto\/ekat\/#breadcrumb","itemListElement":[{"@type":"ListItem","position":1,"name":"Portada","item":"https:\/\/iep-sa.com.ar\/"},{"@type":"ListItem","position":2,"name":"Productos","item":"https:\/\/iep-sa.com.ar\/productos\/"},{"@type":"ListItem","position":3,"name":"EKAT"}]},{"@type":"WebSite","@id":"https:\/\/iep-sa.com.ar\/#website","url":"https:\/\/iep-sa.com.ar\/","name":"IEP - Iluminaci\u00f3n Eficiente Profesional","description":"Iluminaci\u00f3n Vial - Profesional - Decorativa - Estacionamientos - Gasolineras - Deportiva - P\u00fablica - Privada","publisher":{"@id":"https:\/\/iep-sa.com.ar\/#organization"},"potentialAction":[{"@type":"SearchAction","target":{"@type":"EntryPoint","urlTemplate":"https:\/\/iep-sa.com.ar\/?s={search_term_string}"},"query-input":{"@type":"PropertyValueSpecification","valueRequired":true,"valueName":"search_term_string"}}],"inLanguage":"es"},{"@type":"Organization","@id":"https:\/\/iep-sa.com.ar\/#organization","name":"IEP - Iluminaci\u00f3n Eficiente Profesional","url":"https:\/\/iep-sa.com.ar\/","logo":{"@type":"ImageObject","inLanguage":"es","@id":"https:\/\/iep-sa.com.ar\/#\/schema\/logo\/image\/","url":"https:\/\/iep-sa.com.ar\/wp-content\/uploads\/2022\/11\/cropped-favicon.jpg","contentUrl":"https:\/\/iep-sa.com.ar\/wp-content\/uploads\/2022\/11\/cropped-favicon.jpg","width":512,"height":512,"caption":"IEP - Iluminaci\u00f3n Eficiente Profesional"},"image":{"@id":"https:\/\/iep-sa.com.ar\/#\/schema\/logo\/image\/"}}]}},"_links":{"self":[{"href":"https:\/\/iep-sa.com.ar\/nuevo\/wp-json\/wp\/v2\/product\/4425","targetHints":{"allow":["GET"]}}],"collection":[{"href":"https:\/\/iep-sa.com.ar\/nuevo\/wp-json\/wp\/v2\/product"}],"about":[{"href":"https:\/\/iep-sa.com.ar\/nuevo\/wp-json\/wp\/v2\/types\/product"}],"wp:featuredmedia":[{"embeddable":true,"href":"https:\/\/iep-sa.com.ar\/nuevo\/wp-json\/wp\/v2\/media\/5237"}],"wp:attachment":[{"href":"https:\/\/iep-sa.com.ar\/nuevo\/wp-json\/wp\/v2\/media?parent=4425"}],"wp:term":[{"taxonomy":"product_brand","embeddable":true,"href":"https:\/\/iep-sa.com.ar\/nuevo\/wp-json\/wp\/v2\/product_brand?post=4425"},{"taxonomy":"product_cat","embeddable":true,"href":"https:\/\/iep-sa.com.ar\/nuevo\/wp-json\/wp\/v2\/product_cat?post=4425"},{"taxonomy":"product_tag","embeddable":true,"href":"https:\/\/iep-sa.com.ar\/nuevo\/wp-json\/wp\/v2\/product_tag?post=4425"}],"curies":[{"name":"wp","href":"https:\/\/api.w.org\/{rel}","templated":true}]}}