{"id":4412,"date":"2021-11-03T11:24:07","date_gmt":"2021-11-03T11:24:07","guid":{"rendered":"https:\/\/iep-sa.com.ar\/nuevo\/?post_type=product&#038;p=4412"},"modified":"2025-05-21T15:40:48","modified_gmt":"2025-05-21T15:40:48","slug":"anubis-la","status":"publish","type":"product","link":"https:\/\/iep-sa.com.ar\/nuevo\/producto\/anubis-la\/","title":{"rendered":"ANUBIS LA"},"content":{"rendered":"<h3 style=\"text-align: left;\"><strong>CARACTERISTICAS<\/strong><\/h3>\n<h3 style=\"text-align: left;\"><a href=\"https:\/\/iep-sa.com.ar\/wp-content\/uploads\/2021\/09\/anubis-2.png\"><img fetchpriority=\"high\" decoding=\"async\" class=\" wp-image-5270 alignleft\" src=\"https:\/\/iep-sa.com.ar\/wp-content\/uploads\/2021\/09\/anubis-2-1024x235.png\" alt=\"\" width=\"621\" height=\"142\" srcset=\"https:\/\/iep-sa.com.ar\/wp-content\/uploads\/2021\/09\/anubis-2-1024x235.png 1024w, https:\/\/iep-sa.com.ar\/wp-content\/uploads\/2021\/09\/anubis-2-300x69.png 300w, https:\/\/iep-sa.com.ar\/wp-content\/uploads\/2021\/09\/anubis-2-768x176.png 768w, https:\/\/iep-sa.com.ar\/wp-content\/uploads\/2021\/09\/anubis-2-1536x352.png 1536w, https:\/\/iep-sa.com.ar\/wp-content\/uploads\/2021\/09\/anubis-2-600x138.png 600w, https:\/\/iep-sa.com.ar\/wp-content\/uploads\/2021\/09\/anubis-2.png 2016w\" sizes=\"(max-width: 621px) 100vw, 621px\" \/><\/a><\/h3>\n<h3><\/h3>\n<h3><\/h3>\n<h3><\/h3>\n<h3><\/h3>\n<h3><\/h3>\n<h3><\/h3>\n<h3><\/h3>\n<h3><\/h3>\n<p>&nbsp;<\/p>\n<p>&nbsp;<\/p>\n<p>&nbsp;<\/p>\n<h3 style=\"text-align: left;\"><strong>MEDIDAS<\/strong><\/h3>\n<p><a href=\"https:\/\/iep-sa.com.ar\/wp-content\/uploads\/2021\/11\/anubis-medidas-01.jpg\"><img decoding=\"async\" class=\"wp-image-4416 alignleft\" src=\"https:\/\/iep-sa.com.ar\/wp-content\/uploads\/2021\/11\/anubis-medidas-01-1024x1024.jpg\" alt=\"\" width=\"292\" height=\"292\" srcset=\"https:\/\/iep-sa.com.ar\/wp-content\/uploads\/2021\/11\/anubis-medidas-01-1024x1024.jpg 1024w, https:\/\/iep-sa.com.ar\/wp-content\/uploads\/2021\/11\/anubis-medidas-01-300x300.jpg 300w, https:\/\/iep-sa.com.ar\/wp-content\/uploads\/2021\/11\/anubis-medidas-01-150x150.jpg 150w, https:\/\/iep-sa.com.ar\/wp-content\/uploads\/2021\/11\/anubis-medidas-01-768x768.jpg 768w, https:\/\/iep-sa.com.ar\/wp-content\/uploads\/2021\/11\/anubis-medidas-01-1536x1536.jpg 1536w, https:\/\/iep-sa.com.ar\/wp-content\/uploads\/2021\/11\/anubis-medidas-01-100x100.jpg 100w, https:\/\/iep-sa.com.ar\/wp-content\/uploads\/2021\/11\/anubis-medidas-01-600x600.jpg 600w, https:\/\/iep-sa.com.ar\/wp-content\/uploads\/2021\/11\/anubis-medidas-01.jpg 1667w\" sizes=\"(max-width: 292px) 100vw, 292px\" \/><\/a><\/p>\n<h3><\/h3>\n<h3><\/h3>\n<h3><\/h3>\n<h3><\/h3>\n<p>&nbsp;<\/p>\n<p>&nbsp;<\/p>\n<p>&nbsp;<\/p>\n<p>&nbsp;<\/p>\n<h3><\/h3>\n<p>&nbsp;<\/p>\n<p>&nbsp;<\/p>\n<h3 style=\"text-align: left;\"><strong>CURVAS FOTOM\u00c9TRICAS<\/strong><\/h3>\n<p>&nbsp;<\/p>\n<p><a href=\"https:\/\/iep-sa.com.ar\/wp-content\/uploads\/2021\/11\/ANUBIS-FOTOMETRIA-01.jpg\"><img decoding=\"async\" class=\"wp-image-4417 alignleft\" src=\"https:\/\/iep-sa.com.ar\/wp-content\/uploads\/2021\/11\/ANUBIS-FOTOMETRIA-01-1024x1024.jpg\" alt=\"\" width=\"242\" height=\"242\" srcset=\"https:\/\/iep-sa.com.ar\/wp-content\/uploads\/2021\/11\/ANUBIS-FOTOMETRIA-01-1024x1024.jpg 1024w, https:\/\/iep-sa.com.ar\/wp-content\/uploads\/2021\/11\/ANUBIS-FOTOMETRIA-01-300x300.jpg 300w, https:\/\/iep-sa.com.ar\/wp-content\/uploads\/2021\/11\/ANUBIS-FOTOMETRIA-01-150x150.jpg 150w, https:\/\/iep-sa.com.ar\/wp-content\/uploads\/2021\/11\/ANUBIS-FOTOMETRIA-01-768x768.jpg 768w, https:\/\/iep-sa.com.ar\/wp-content\/uploads\/2021\/11\/ANUBIS-FOTOMETRIA-01-1536x1536.jpg 1536w, https:\/\/iep-sa.com.ar\/wp-content\/uploads\/2021\/11\/ANUBIS-FOTOMETRIA-01-100x100.jpg 100w, https:\/\/iep-sa.com.ar\/wp-content\/uploads\/2021\/11\/ANUBIS-FOTOMETRIA-01-600x600.jpg 600w, https:\/\/iep-sa.com.ar\/wp-content\/uploads\/2021\/11\/ANUBIS-FOTOMETRIA-01.jpg 1667w\" sizes=\"(max-width: 242px) 100vw, 242px\" \/><\/a><\/p>\n<h3><\/h3>\n<h3><\/h3>\n<h3><\/h3>\n<p>&nbsp;<\/p>\n<p>&nbsp;<\/p>\n<p>&nbsp;<\/p>\n<p>&nbsp;<\/p>\n<p>&nbsp;<\/p>\n<p>&nbsp;<\/p>\n<h3 style=\"text-align: left;\"><b>DESCARGAS<\/b><\/h3>\n<div style=\"text-align: left;\"><a href=\"https:\/\/iep-sa.com.ar\/wp-content\/uploads\/2021\/11\/Anubis-LA.pdf\" target=\"_blank\" rel=\"noopener\">Ficha T\u00e9cnica ANUBIS LA<\/a><\/div>\n<div style=\"text-align: left;\"><a href=\"https:\/\/iep-sa.com.ar\/wp-content\/uploads\/2021\/11\/Fotometria-Anubis-LA.zip\" target=\"_blank\" rel=\"noopener\">Fotometr\u00edas ANUBIS LA<\/a><\/div>\n<div style=\"text-align: left;\"><a href=\"https:\/\/iep-sa.com.ar\/wp-content\/uploads\/2021\/11\/Anubis-LA-.dwg_.zip\" target=\"_blank\" rel=\"noopener\">Cad ANUBIS LA<\/a><\/div>\n<div><\/div>\n","protected":false},"excerpt":{"rendered":"<p style=\"text-align: left;\">Luminaria decorativa Anubis con fijaci\u00f3n post-top desde \u00d860 mm en funci\u00f3n del adaptador. Luminaria de clase I materializado en fundici\u00f3n de aluminio, cuenta con dos brazos de soporte para el grupo \u00f3ptico de LED con tapa curva y difusor de policarbonato transparente. El driver se aloja en la base de forma c\u00f3nica, y la misma cuenta con un reflector troncopiramidal antideslumbramiento, matizado para recuperar el flujo que se proyecta en la base de la luminaria y lo distribuye de forma radial.<\/p>\n<p><a href=\"https:\/\/iep-sa.com.ar\/wp-content\/uploads\/2021\/11\/Captura-de-Pantalla-2022-01-12-a-las-16.31.38.png\"><img loading=\"lazy\" decoding=\"async\" class=\" wp-image-4616 alignleft\" src=\"https:\/\/iep-sa.com.ar\/wp-content\/uploads\/2021\/11\/Captura-de-Pantalla-2022-01-12-a-las-16.31.38.png\" alt=\"\" width=\"151\" height=\"174\" srcset=\"https:\/\/iep-sa.com.ar\/wp-content\/uploads\/2021\/11\/Captura-de-Pantalla-2022-01-12-a-las-16.31.38.png 490w, https:\/\/iep-sa.com.ar\/wp-content\/uploads\/2021\/11\/Captura-de-Pantalla-2022-01-12-a-las-16.31.38-260x300.png 260w\" sizes=\"(max-width: 151px) 100vw, 151px\" \/><\/a><\/p>\n","protected":false},"featured_media":4613,"template":"","meta":{"_joinchat":[]},"product_brand":[],"product_cat":[118,121,125,122,70,128,76,135,127,126,124,59,160],"product_tag":[],"class_list":{"0":"post-4412","1":"product","2":"type-product","3":"status-publish","4":"has-post-thumbnail","6":"product_cat-aceras","7":"product_cat-avenidas-principales","8":"product_cat-bicisendas","9":"product_cat-boulevards","10":"product_cat-calles-internas","11":"product_cat-costaneras","12":"product_cat-estacionamientos","13":"product_cat-exterior","14":"product_cat-paseos","15":"product_cat-peatonales","16":"product_cat-plazas","17":"product_cat-urbano-decorativo","18":"product_cat-urbano-vial","20":"first","21":"instock","22":"shipping-taxable","23":"product-type-simple","24":"layout-style-1","25":"col-md-4 col-sm-4 col-xs-6","26":"col-lg-3","27":"product-has-gallery","28":"product-style-default"},"yoast_head":"<!-- This site is optimized with the Yoast SEO plugin v27.4 - https:\/\/yoast.com\/product\/yoast-seo-wordpress\/ -->\n<title>ANUBIS LA - IEP - Iluminaci\u00f3n Eficiente Profesional<\/title>\n<meta name=\"robots\" content=\"index, follow, max-snippet:-1, max-image-preview:large, max-video-preview:-1\" \/>\n<link rel=\"canonical\" href=\"https:\/\/iep-sa.com.ar\/producto\/anubis-la\/\" \/>\n<meta property=\"og:locale\" content=\"es_ES\" \/>\n<meta property=\"og:type\" content=\"article\" \/>\n<meta property=\"og:title\" content=\"ANUBIS LA - IEP - Iluminaci\u00f3n Eficiente Profesional\" \/>\n<meta property=\"og:description\" content=\"Luminaria decorativa Anubis con fijaci\u00f3n post-top desde \u00d860 mm en funci\u00f3n del adaptador. Luminaria de clase I materializado en fundici\u00f3n de aluminio, cuenta con dos brazos de soporte para el grupo \u00f3ptico de LED con tapa curva y difusor de policarbonato transparente. El driver se aloja en la base de forma c\u00f3nica, y la misma cuenta con un reflector troncopiramidal antideslumbramiento, matizado para recuperar el flujo que se proyecta en la base de la luminaria y lo distribuye de forma radial.\" \/>\n<meta property=\"og:url\" content=\"https:\/\/iep-sa.com.ar\/producto\/anubis-la\/\" \/>\n<meta property=\"og:site_name\" content=\"IEP - Iluminaci\u00f3n Eficiente Profesional\" \/>\n<meta property=\"article:modified_time\" content=\"2025-05-21T15:40:48+00:00\" \/>\n<meta property=\"og:image\" content=\"https:\/\/lightyellow-boar-299687.hostingersite.com\/wp-content\/uploads\/2021\/11\/anubis-la-2.png\" \/>\n\t<meta property=\"og:image:width\" content=\"500\" \/>\n\t<meta property=\"og:image:height\" content=\"500\" \/>\n\t<meta property=\"og:image:type\" content=\"image\/png\" \/>\n<meta name=\"twitter:card\" content=\"summary_large_image\" \/>\n<meta name=\"twitter:label1\" content=\"Tiempo de lectura\" \/>\n\t<meta name=\"twitter:data1\" content=\"1 minuto\" \/>\n<script type=\"application\/ld+json\" class=\"yoast-schema-graph\">{\"@context\":\"https:\\\/\\\/schema.org\",\"@graph\":[{\"@type\":\"WebPage\",\"@id\":\"https:\\\/\\\/iep-sa.com.ar\\\/producto\\\/anubis-la\\\/\",\"url\":\"https:\\\/\\\/iep-sa.com.ar\\\/producto\\\/anubis-la\\\/\",\"name\":\"ANUBIS LA - IEP - Iluminaci\u00f3n Eficiente Profesional\",\"isPartOf\":{\"@id\":\"https:\\\/\\\/iep-sa.com.ar\\\/#website\"},\"primaryImageOfPage\":{\"@id\":\"https:\\\/\\\/iep-sa.com.ar\\\/producto\\\/anubis-la\\\/#primaryimage\"},\"image\":{\"@id\":\"https:\\\/\\\/iep-sa.com.ar\\\/producto\\\/anubis-la\\\/#primaryimage\"},\"thumbnailUrl\":\"https:\\\/\\\/iep-sa.com.ar\\\/wp-content\\\/uploads\\\/2021\\\/11\\\/anubis-la-2.png\",\"datePublished\":\"2021-11-03T11:24:07+00:00\",\"dateModified\":\"2025-05-21T15:40:48+00:00\",\"breadcrumb\":{\"@id\":\"https:\\\/\\\/iep-sa.com.ar\\\/producto\\\/anubis-la\\\/#breadcrumb\"},\"inLanguage\":\"es\",\"potentialAction\":[{\"@type\":\"ReadAction\",\"target\":[\"https:\\\/\\\/iep-sa.com.ar\\\/producto\\\/anubis-la\\\/\"]}]},{\"@type\":\"ImageObject\",\"inLanguage\":\"es\",\"@id\":\"https:\\\/\\\/iep-sa.com.ar\\\/producto\\\/anubis-la\\\/#primaryimage\",\"url\":\"https:\\\/\\\/iep-sa.com.ar\\\/wp-content\\\/uploads\\\/2021\\\/11\\\/anubis-la-2.png\",\"contentUrl\":\"https:\\\/\\\/iep-sa.com.ar\\\/wp-content\\\/uploads\\\/2021\\\/11\\\/anubis-la-2.png\",\"width\":500,\"height\":500},{\"@type\":\"BreadcrumbList\",\"@id\":\"https:\\\/\\\/iep-sa.com.ar\\\/producto\\\/anubis-la\\\/#breadcrumb\",\"itemListElement\":[{\"@type\":\"ListItem\",\"position\":1,\"name\":\"Portada\",\"item\":\"https:\\\/\\\/iep-sa.com.ar\\\/\"},{\"@type\":\"ListItem\",\"position\":2,\"name\":\"Productos\",\"item\":\"https:\\\/\\\/iep-sa.com.ar\\\/productos\\\/\"},{\"@type\":\"ListItem\",\"position\":3,\"name\":\"ANUBIS LA\"}]},{\"@type\":\"WebSite\",\"@id\":\"https:\\\/\\\/iep-sa.com.ar\\\/#website\",\"url\":\"https:\\\/\\\/iep-sa.com.ar\\\/\",\"name\":\"IEP - Iluminaci\u00f3n Eficiente Profesional\",\"description\":\"Iluminaci\u00f3n Vial - Profesional - Decorativa - Estacionamientos - Gasolineras - Deportiva - P\u00fablica - Privada\",\"publisher\":{\"@id\":\"https:\\\/\\\/iep-sa.com.ar\\\/#organization\"},\"potentialAction\":[{\"@type\":\"SearchAction\",\"target\":{\"@type\":\"EntryPoint\",\"urlTemplate\":\"https:\\\/\\\/iep-sa.com.ar\\\/?s={search_term_string}\"},\"query-input\":{\"@type\":\"PropertyValueSpecification\",\"valueRequired\":true,\"valueName\":\"search_term_string\"}}],\"inLanguage\":\"es\"},{\"@type\":\"Organization\",\"@id\":\"https:\\\/\\\/iep-sa.com.ar\\\/#organization\",\"name\":\"IEP - Iluminaci\u00f3n Eficiente Profesional\",\"url\":\"https:\\\/\\\/iep-sa.com.ar\\\/\",\"logo\":{\"@type\":\"ImageObject\",\"inLanguage\":\"es\",\"@id\":\"https:\\\/\\\/iep-sa.com.ar\\\/#\\\/schema\\\/logo\\\/image\\\/\",\"url\":\"https:\\\/\\\/iep-sa.com.ar\\\/wp-content\\\/uploads\\\/2022\\\/11\\\/cropped-favicon.jpg\",\"contentUrl\":\"https:\\\/\\\/iep-sa.com.ar\\\/wp-content\\\/uploads\\\/2022\\\/11\\\/cropped-favicon.jpg\",\"width\":512,\"height\":512,\"caption\":\"IEP - Iluminaci\u00f3n Eficiente Profesional\"},\"image\":{\"@id\":\"https:\\\/\\\/iep-sa.com.ar\\\/#\\\/schema\\\/logo\\\/image\\\/\"}}]}<\/script>\n<!-- \/ Yoast SEO plugin. -->","yoast_head_json":{"title":"ANUBIS LA - IEP - Iluminaci\u00f3n Eficiente Profesional","robots":{"index":"index","follow":"follow","max-snippet":"max-snippet:-1","max-image-preview":"max-image-preview:large","max-video-preview":"max-video-preview:-1"},"canonical":"https:\/\/iep-sa.com.ar\/producto\/anubis-la\/","og_locale":"es_ES","og_type":"article","og_title":"ANUBIS LA - IEP - Iluminaci\u00f3n Eficiente Profesional","og_description":"Luminaria decorativa Anubis con fijaci\u00f3n post-top desde \u00d860 mm en funci\u00f3n del adaptador. Luminaria de clase I materializado en fundici\u00f3n de aluminio, cuenta con dos brazos de soporte para el grupo \u00f3ptico de LED con tapa curva y difusor de policarbonato transparente. El driver se aloja en la base de forma c\u00f3nica, y la misma cuenta con un reflector troncopiramidal antideslumbramiento, matizado para recuperar el flujo que se proyecta en la base de la luminaria y lo distribuye de forma radial.","og_url":"https:\/\/iep-sa.com.ar\/producto\/anubis-la\/","og_site_name":"IEP - Iluminaci\u00f3n Eficiente Profesional","article_modified_time":"2025-05-21T15:40:48+00:00","og_image":[{"width":500,"height":500,"url":"https:\/\/lightyellow-boar-299687.hostingersite.com\/wp-content\/uploads\/2021\/11\/anubis-la-2.png","type":"image\/png"}],"twitter_card":"summary_large_image","twitter_misc":{"Tiempo de lectura":"1 minuto"},"schema":{"@context":"https:\/\/schema.org","@graph":[{"@type":"WebPage","@id":"https:\/\/iep-sa.com.ar\/producto\/anubis-la\/","url":"https:\/\/iep-sa.com.ar\/producto\/anubis-la\/","name":"ANUBIS LA - IEP - Iluminaci\u00f3n Eficiente Profesional","isPartOf":{"@id":"https:\/\/iep-sa.com.ar\/#website"},"primaryImageOfPage":{"@id":"https:\/\/iep-sa.com.ar\/producto\/anubis-la\/#primaryimage"},"image":{"@id":"https:\/\/iep-sa.com.ar\/producto\/anubis-la\/#primaryimage"},"thumbnailUrl":"https:\/\/iep-sa.com.ar\/wp-content\/uploads\/2021\/11\/anubis-la-2.png","datePublished":"2021-11-03T11:24:07+00:00","dateModified":"2025-05-21T15:40:48+00:00","breadcrumb":{"@id":"https:\/\/iep-sa.com.ar\/producto\/anubis-la\/#breadcrumb"},"inLanguage":"es","potentialAction":[{"@type":"ReadAction","target":["https:\/\/iep-sa.com.ar\/producto\/anubis-la\/"]}]},{"@type":"ImageObject","inLanguage":"es","@id":"https:\/\/iep-sa.com.ar\/producto\/anubis-la\/#primaryimage","url":"https:\/\/iep-sa.com.ar\/wp-content\/uploads\/2021\/11\/anubis-la-2.png","contentUrl":"https:\/\/iep-sa.com.ar\/wp-content\/uploads\/2021\/11\/anubis-la-2.png","width":500,"height":500},{"@type":"BreadcrumbList","@id":"https:\/\/iep-sa.com.ar\/producto\/anubis-la\/#breadcrumb","itemListElement":[{"@type":"ListItem","position":1,"name":"Portada","item":"https:\/\/iep-sa.com.ar\/"},{"@type":"ListItem","position":2,"name":"Productos","item":"https:\/\/iep-sa.com.ar\/productos\/"},{"@type":"ListItem","position":3,"name":"ANUBIS LA"}]},{"@type":"WebSite","@id":"https:\/\/iep-sa.com.ar\/#website","url":"https:\/\/iep-sa.com.ar\/","name":"IEP - Iluminaci\u00f3n Eficiente Profesional","description":"Iluminaci\u00f3n Vial - Profesional - Decorativa - Estacionamientos - Gasolineras - Deportiva - P\u00fablica - Privada","publisher":{"@id":"https:\/\/iep-sa.com.ar\/#organization"},"potentialAction":[{"@type":"SearchAction","target":{"@type":"EntryPoint","urlTemplate":"https:\/\/iep-sa.com.ar\/?s={search_term_string}"},"query-input":{"@type":"PropertyValueSpecification","valueRequired":true,"valueName":"search_term_string"}}],"inLanguage":"es"},{"@type":"Organization","@id":"https:\/\/iep-sa.com.ar\/#organization","name":"IEP - Iluminaci\u00f3n Eficiente Profesional","url":"https:\/\/iep-sa.com.ar\/","logo":{"@type":"ImageObject","inLanguage":"es","@id":"https:\/\/iep-sa.com.ar\/#\/schema\/logo\/image\/","url":"https:\/\/iep-sa.com.ar\/wp-content\/uploads\/2022\/11\/cropped-favicon.jpg","contentUrl":"https:\/\/iep-sa.com.ar\/wp-content\/uploads\/2022\/11\/cropped-favicon.jpg","width":512,"height":512,"caption":"IEP - Iluminaci\u00f3n Eficiente Profesional"},"image":{"@id":"https:\/\/iep-sa.com.ar\/#\/schema\/logo\/image\/"}}]}},"_links":{"self":[{"href":"https:\/\/iep-sa.com.ar\/nuevo\/wp-json\/wp\/v2\/product\/4412","targetHints":{"allow":["GET"]}}],"collection":[{"href":"https:\/\/iep-sa.com.ar\/nuevo\/wp-json\/wp\/v2\/product"}],"about":[{"href":"https:\/\/iep-sa.com.ar\/nuevo\/wp-json\/wp\/v2\/types\/product"}],"wp:featuredmedia":[{"embeddable":true,"href":"https:\/\/iep-sa.com.ar\/nuevo\/wp-json\/wp\/v2\/media\/4613"}],"wp:attachment":[{"href":"https:\/\/iep-sa.com.ar\/nuevo\/wp-json\/wp\/v2\/media?parent=4412"}],"wp:term":[{"taxonomy":"product_brand","embeddable":true,"href":"https:\/\/iep-sa.com.ar\/nuevo\/wp-json\/wp\/v2\/product_brand?post=4412"},{"taxonomy":"product_cat","embeddable":true,"href":"https:\/\/iep-sa.com.ar\/nuevo\/wp-json\/wp\/v2\/product_cat?post=4412"},{"taxonomy":"product_tag","embeddable":true,"href":"https:\/\/iep-sa.com.ar\/nuevo\/wp-json\/wp\/v2\/product_tag?post=4412"}],"curies":[{"name":"wp","href":"https:\/\/api.w.org\/{rel}","templated":true}]}}