{"id":4397,"date":"2021-11-03T02:35:49","date_gmt":"2021-11-03T02:35:49","guid":{"rendered":"https:\/\/iep-sa.com.ar\/nuevo\/?post_type=product&#038;p=4397"},"modified":"2026-04-27T13:50:28","modified_gmt":"2026-04-27T13:50:28","slug":"akash","status":"publish","type":"product","link":"https:\/\/iep-sa.com.ar\/nuevo\/producto\/akash\/","title":{"rendered":"AKASH S"},"content":{"rendered":"<h4 style=\"text-align: left;\"><strong>CARACTERISTICAS<\/strong><\/h4>\n<h4><a href=\"https:\/\/iep-sa.com.ar\/wp-content\/uploads\/2021\/11\/akash-.png\"><img fetchpriority=\"high\" decoding=\"async\" class=\"size-large wp-image-5047 alignleft\" src=\"https:\/\/iep-sa.com.ar\/wp-content\/uploads\/2021\/11\/akash--1024x187.png\" alt=\"\" width=\"640\" height=\"117\" srcset=\"https:\/\/iep-sa.com.ar\/wp-content\/uploads\/2021\/11\/akash--1024x187.png 1024w, https:\/\/iep-sa.com.ar\/wp-content\/uploads\/2021\/11\/akash--300x55.png 300w, https:\/\/iep-sa.com.ar\/wp-content\/uploads\/2021\/11\/akash--768x140.png 768w, https:\/\/iep-sa.com.ar\/wp-content\/uploads\/2021\/11\/akash--1536x281.png 1536w, https:\/\/iep-sa.com.ar\/wp-content\/uploads\/2021\/11\/akash--600x110.png 600w, https:\/\/iep-sa.com.ar\/wp-content\/uploads\/2021\/11\/akash-.png 1684w\" sizes=\"(max-width: 640px) 100vw, 640px\" \/><\/a><\/h4>\n<h4><\/h4>\n<p>&nbsp;<\/p>\n<p>&nbsp;<\/p>\n<p>&nbsp;<\/p>\n<p>&nbsp;<\/p>\n<p>&nbsp;<\/p>\n<h4><\/h4>\n<h4 style=\"text-align: left;\"><strong>MEDIDAS<\/strong><\/h4>\n<p><a href=\"https:\/\/iep-sa.com.ar\/wp-content\/uploads\/2021\/11\/akash-S-medidas.png\"><img decoding=\"async\" class=\" wp-image-5267 alignleft\" src=\"https:\/\/iep-sa.com.ar\/wp-content\/uploads\/2021\/11\/akash-S-medidas.png\" alt=\"\" width=\"404\" height=\"149\" srcset=\"https:\/\/iep-sa.com.ar\/wp-content\/uploads\/2021\/11\/akash-S-medidas.png 924w, https:\/\/iep-sa.com.ar\/wp-content\/uploads\/2021\/11\/akash-S-medidas-300x110.png 300w, https:\/\/iep-sa.com.ar\/wp-content\/uploads\/2021\/11\/akash-S-medidas-768x283.png 768w, https:\/\/iep-sa.com.ar\/wp-content\/uploads\/2021\/11\/akash-S-medidas-600x221.png 600w\" sizes=\"(max-width: 404px) 100vw, 404px\" \/><\/a><\/p>\n<h3><\/h3>\n<h3><\/h3>\n<h3><\/h3>\n<h3><\/h3>\n<p>&nbsp;<\/p>\n<p>&nbsp;<\/p>\n<p>&nbsp;<\/p>\n<h3><\/h3>\n<h3><\/h3>\n<p>&nbsp;<\/p>\n<p>&nbsp;<\/p>\n<p>&nbsp;<\/p>\n<p>&nbsp;<\/p>\n<h3 style=\"text-align: left;\"><strong>CURVAS FOTOM\u00c9TRICAS<\/strong><\/h3>\n<p><a href=\"https:\/\/iep-sa.com.ar\/wp-content\/uploads\/2021\/11\/Akash-fotometria-01.jpg\"><img decoding=\"async\" class=\"wp-image-4402 alignleft\" src=\"https:\/\/iep-sa.com.ar\/wp-content\/uploads\/2021\/11\/Akash-fotometria-01-e1635907483311.jpg\" alt=\"\" width=\"301\" height=\"206\" srcset=\"https:\/\/iep-sa.com.ar\/wp-content\/uploads\/2021\/11\/Akash-fotometria-01-e1635907483311.jpg 620w, https:\/\/iep-sa.com.ar\/wp-content\/uploads\/2021\/11\/Akash-fotometria-01-e1635907483311-300x205.jpg 300w, https:\/\/iep-sa.com.ar\/wp-content\/uploads\/2021\/11\/Akash-fotometria-01-e1635907483311-600x410.jpg 600w\" sizes=\"(max-width: 301px) 100vw, 301px\" \/><\/a><\/p>\n<div class=\"layoutArea\">\n<div class=\"column\">\n<div class=\"column\">\n<div class=\"wp-block-file\" style=\"text-align: left;\">\n<div>\n<h4><\/h4>\n<h4><\/h4>\n<\/div>\n<\/div>\n<\/div>\n<h4><\/h4>\n<div class=\"column\">\n<div class=\"wp-block-file\" style=\"text-align: left;\">\n<div>\n<h4><\/h4>\n<h4><\/h4>\n<\/div>\n<\/div>\n<\/div>\n<\/div>\n<\/div>\n<h3><\/h3>\n<p>&nbsp;<\/p>\n<p>&nbsp;<\/p>\n<h3><\/h3>\n<p>&nbsp;<\/p>\n<div class=\"layoutArea\">\n<div class=\"column\">\n<div class=\"column\">\n<div class=\"wp-block-file\" style=\"text-align: left;\">\n<div>\n<h3><\/h3>\n<h3><strong>DESCARGAS<\/strong><\/h3>\n<p><a style=\"font-size: 14px;\" href=\"https:\/\/iep-sa.com.ar\/wp-content\/uploads\/2026\/04\/Akash-S-2.pdf\" target=\"_blank\" rel=\"noopener\">AKASH S Ficha T\u00e9cnica<\/a><\/p>\n<p><a style=\"font-size: 14px;\" href=\"https:\/\/iep-sa.com.ar\/wp-content\/uploads\/2021\/11\/Akash-fotometria.zip\" target=\"_blank\" rel=\"noopener\">AKASH Fotometr\u00eda<\/a><\/p>\n<p><a href=\"https:\/\/iep-sa.com.ar\/wp-content\/uploads\/2025\/03\/Akash-S-flujos-y-potencias.pdf\">Akash S Flujos y Potencias<\/a><\/p>\n<\/div>\n<\/div>\n<\/div>\n<\/div>\n<\/div>\n","protected":false},"excerpt":{"rendered":"<p>Luminaria led de alumbrado p\u00fablico modelo Akash. Apta para iluminacion de calles, avenidas, estacionamientos y \u00e1reas peatonales y bicisendas.\u00a0 Cuerpo en fundici\u00f3n de aluminio, vidrio templado y provista de driver y placas de \u00faltima generaci\u00f3n. Especialmente dise\u00f1ada para la iluminaci\u00f3n funcionales y de alto rendimiento.<\/p>\n","protected":false},"featured_media":5266,"template":"","meta":{"_joinchat":[]},"product_brand":[],"product_cat":[118,121,125,122,70,128,76,135,127,126,124,157,154,158,59,160],"product_tag":[],"class_list":{"0":"post-4397","1":"product","2":"type-product","3":"status-publish","4":"has-post-thumbnail","6":"product_cat-aceras","7":"product_cat-avenidas-principales","8":"product_cat-bicisendas","9":"product_cat-boulevards","10":"product_cat-calles-internas","11":"product_cat-costaneras","12":"product_cat-estacionamientos","13":"product_cat-exterior","14":"product_cat-paseos","15":"product_cat-peatonales","16":"product_cat-plazas","17":"product_cat-telegestion-y-domotica","18":"product_cat-tuneles-y-puentes","19":"product_cat-urbanizacion","20":"product_cat-urbano-decorativo","21":"product_cat-urbano-vial","23":"first","24":"instock","25":"shipping-taxable","26":"product-type-simple","27":"layout-style-1","28":"col-md-4 col-sm-4 col-xs-6","29":"col-lg-3","30":"product-has-gallery","31":"product-style-default"},"yoast_head":"<!-- This site is optimized with the Yoast SEO plugin v27.4 - https:\/\/yoast.com\/product\/yoast-seo-wordpress\/ -->\n<title>AKASH S - IEP - Iluminaci\u00f3n Eficiente Profesional<\/title>\n<meta name=\"robots\" content=\"index, follow, max-snippet:-1, max-image-preview:large, max-video-preview:-1\" \/>\n<link rel=\"canonical\" href=\"https:\/\/iep-sa.com.ar\/producto\/akash\/\" \/>\n<meta property=\"og:locale\" content=\"es_ES\" \/>\n<meta property=\"og:type\" content=\"article\" \/>\n<meta property=\"og:title\" content=\"AKASH S - IEP - Iluminaci\u00f3n Eficiente Profesional\" \/>\n<meta property=\"og:description\" content=\"Luminaria led de alumbrado p\u00fablico modelo Akash. Apta para iluminacion de calles, avenidas, estacionamientos y \u00e1reas peatonales y bicisendas.\u00a0 Cuerpo en fundici\u00f3n de aluminio, vidrio templado y provista de driver y placas de \u00faltima generaci\u00f3n. Especialmente dise\u00f1ada para la iluminaci\u00f3n funcionales y de alto rendimiento.\" \/>\n<meta property=\"og:url\" content=\"https:\/\/iep-sa.com.ar\/producto\/akash\/\" \/>\n<meta property=\"og:site_name\" content=\"IEP - Iluminaci\u00f3n Eficiente Profesional\" \/>\n<meta property=\"article:modified_time\" content=\"2026-04-27T13:50:28+00:00\" \/>\n<meta property=\"og:image\" content=\"https:\/\/iep-sa.com.ar\/wp-content\/uploads\/2021\/11\/Captura-de-pantalla-2023-11-23-a-las-08.49.46-1.png\" \/>\n\t<meta property=\"og:image:width\" content=\"412\" \/>\n\t<meta property=\"og:image:height\" content=\"352\" \/>\n\t<meta property=\"og:image:type\" content=\"image\/png\" \/>\n<meta name=\"twitter:card\" content=\"summary_large_image\" \/>\n<meta name=\"twitter:label1\" content=\"Tiempo de lectura\" \/>\n\t<meta name=\"twitter:data1\" content=\"1 minuto\" \/>\n<script type=\"application\/ld+json\" class=\"yoast-schema-graph\">{\"@context\":\"https:\\\/\\\/schema.org\",\"@graph\":[{\"@type\":\"WebPage\",\"@id\":\"https:\\\/\\\/iep-sa.com.ar\\\/producto\\\/akash\\\/\",\"url\":\"https:\\\/\\\/iep-sa.com.ar\\\/producto\\\/akash\\\/\",\"name\":\"AKASH S - IEP - Iluminaci\u00f3n Eficiente Profesional\",\"isPartOf\":{\"@id\":\"https:\\\/\\\/iep-sa.com.ar\\\/#website\"},\"primaryImageOfPage\":{\"@id\":\"https:\\\/\\\/iep-sa.com.ar\\\/producto\\\/akash\\\/#primaryimage\"},\"image\":{\"@id\":\"https:\\\/\\\/iep-sa.com.ar\\\/producto\\\/akash\\\/#primaryimage\"},\"thumbnailUrl\":\"https:\\\/\\\/iep-sa.com.ar\\\/wp-content\\\/uploads\\\/2021\\\/11\\\/Captura-de-pantalla-2023-11-23-a-las-08.49.46-1.png\",\"datePublished\":\"2021-11-03T02:35:49+00:00\",\"dateModified\":\"2026-04-27T13:50:28+00:00\",\"breadcrumb\":{\"@id\":\"https:\\\/\\\/iep-sa.com.ar\\\/producto\\\/akash\\\/#breadcrumb\"},\"inLanguage\":\"es\",\"potentialAction\":[{\"@type\":\"ReadAction\",\"target\":[\"https:\\\/\\\/iep-sa.com.ar\\\/producto\\\/akash\\\/\"]}]},{\"@type\":\"ImageObject\",\"inLanguage\":\"es\",\"@id\":\"https:\\\/\\\/iep-sa.com.ar\\\/producto\\\/akash\\\/#primaryimage\",\"url\":\"https:\\\/\\\/iep-sa.com.ar\\\/wp-content\\\/uploads\\\/2021\\\/11\\\/Captura-de-pantalla-2023-11-23-a-las-08.49.46-1.png\",\"contentUrl\":\"https:\\\/\\\/iep-sa.com.ar\\\/wp-content\\\/uploads\\\/2021\\\/11\\\/Captura-de-pantalla-2023-11-23-a-las-08.49.46-1.png\",\"width\":412,\"height\":352},{\"@type\":\"BreadcrumbList\",\"@id\":\"https:\\\/\\\/iep-sa.com.ar\\\/producto\\\/akash\\\/#breadcrumb\",\"itemListElement\":[{\"@type\":\"ListItem\",\"position\":1,\"name\":\"Portada\",\"item\":\"https:\\\/\\\/iep-sa.com.ar\\\/\"},{\"@type\":\"ListItem\",\"position\":2,\"name\":\"Productos\",\"item\":\"https:\\\/\\\/iep-sa.com.ar\\\/productos\\\/\"},{\"@type\":\"ListItem\",\"position\":3,\"name\":\"AKASH S\"}]},{\"@type\":\"WebSite\",\"@id\":\"https:\\\/\\\/iep-sa.com.ar\\\/#website\",\"url\":\"https:\\\/\\\/iep-sa.com.ar\\\/\",\"name\":\"IEP - Iluminaci\u00f3n Eficiente Profesional\",\"description\":\"Iluminaci\u00f3n Vial - Profesional - Decorativa - Estacionamientos - Gasolineras - Deportiva - P\u00fablica - Privada\",\"publisher\":{\"@id\":\"https:\\\/\\\/iep-sa.com.ar\\\/#organization\"},\"potentialAction\":[{\"@type\":\"SearchAction\",\"target\":{\"@type\":\"EntryPoint\",\"urlTemplate\":\"https:\\\/\\\/iep-sa.com.ar\\\/?s={search_term_string}\"},\"query-input\":{\"@type\":\"PropertyValueSpecification\",\"valueRequired\":true,\"valueName\":\"search_term_string\"}}],\"inLanguage\":\"es\"},{\"@type\":\"Organization\",\"@id\":\"https:\\\/\\\/iep-sa.com.ar\\\/#organization\",\"name\":\"IEP - Iluminaci\u00f3n Eficiente Profesional\",\"url\":\"https:\\\/\\\/iep-sa.com.ar\\\/\",\"logo\":{\"@type\":\"ImageObject\",\"inLanguage\":\"es\",\"@id\":\"https:\\\/\\\/iep-sa.com.ar\\\/#\\\/schema\\\/logo\\\/image\\\/\",\"url\":\"https:\\\/\\\/iep-sa.com.ar\\\/wp-content\\\/uploads\\\/2022\\\/11\\\/cropped-favicon.jpg\",\"contentUrl\":\"https:\\\/\\\/iep-sa.com.ar\\\/wp-content\\\/uploads\\\/2022\\\/11\\\/cropped-favicon.jpg\",\"width\":512,\"height\":512,\"caption\":\"IEP - Iluminaci\u00f3n Eficiente Profesional\"},\"image\":{\"@id\":\"https:\\\/\\\/iep-sa.com.ar\\\/#\\\/schema\\\/logo\\\/image\\\/\"}}]}<\/script>\n<!-- \/ Yoast SEO plugin. -->","yoast_head_json":{"title":"AKASH S - IEP - Iluminaci\u00f3n Eficiente Profesional","robots":{"index":"index","follow":"follow","max-snippet":"max-snippet:-1","max-image-preview":"max-image-preview:large","max-video-preview":"max-video-preview:-1"},"canonical":"https:\/\/iep-sa.com.ar\/producto\/akash\/","og_locale":"es_ES","og_type":"article","og_title":"AKASH S - IEP - Iluminaci\u00f3n Eficiente Profesional","og_description":"Luminaria led de alumbrado p\u00fablico modelo Akash. Apta para iluminacion de calles, avenidas, estacionamientos y \u00e1reas peatonales y bicisendas.\u00a0 Cuerpo en fundici\u00f3n de aluminio, vidrio templado y provista de driver y placas de \u00faltima generaci\u00f3n. Especialmente dise\u00f1ada para la iluminaci\u00f3n funcionales y de alto rendimiento.","og_url":"https:\/\/iep-sa.com.ar\/producto\/akash\/","og_site_name":"IEP - Iluminaci\u00f3n Eficiente Profesional","article_modified_time":"2026-04-27T13:50:28+00:00","og_image":[{"width":412,"height":352,"url":"https:\/\/iep-sa.com.ar\/wp-content\/uploads\/2021\/11\/Captura-de-pantalla-2023-11-23-a-las-08.49.46-1.png","type":"image\/png"}],"twitter_card":"summary_large_image","twitter_misc":{"Tiempo de lectura":"1 minuto"},"schema":{"@context":"https:\/\/schema.org","@graph":[{"@type":"WebPage","@id":"https:\/\/iep-sa.com.ar\/producto\/akash\/","url":"https:\/\/iep-sa.com.ar\/producto\/akash\/","name":"AKASH S - IEP - Iluminaci\u00f3n Eficiente Profesional","isPartOf":{"@id":"https:\/\/iep-sa.com.ar\/#website"},"primaryImageOfPage":{"@id":"https:\/\/iep-sa.com.ar\/producto\/akash\/#primaryimage"},"image":{"@id":"https:\/\/iep-sa.com.ar\/producto\/akash\/#primaryimage"},"thumbnailUrl":"https:\/\/iep-sa.com.ar\/wp-content\/uploads\/2021\/11\/Captura-de-pantalla-2023-11-23-a-las-08.49.46-1.png","datePublished":"2021-11-03T02:35:49+00:00","dateModified":"2026-04-27T13:50:28+00:00","breadcrumb":{"@id":"https:\/\/iep-sa.com.ar\/producto\/akash\/#breadcrumb"},"inLanguage":"es","potentialAction":[{"@type":"ReadAction","target":["https:\/\/iep-sa.com.ar\/producto\/akash\/"]}]},{"@type":"ImageObject","inLanguage":"es","@id":"https:\/\/iep-sa.com.ar\/producto\/akash\/#primaryimage","url":"https:\/\/iep-sa.com.ar\/wp-content\/uploads\/2021\/11\/Captura-de-pantalla-2023-11-23-a-las-08.49.46-1.png","contentUrl":"https:\/\/iep-sa.com.ar\/wp-content\/uploads\/2021\/11\/Captura-de-pantalla-2023-11-23-a-las-08.49.46-1.png","width":412,"height":352},{"@type":"BreadcrumbList","@id":"https:\/\/iep-sa.com.ar\/producto\/akash\/#breadcrumb","itemListElement":[{"@type":"ListItem","position":1,"name":"Portada","item":"https:\/\/iep-sa.com.ar\/"},{"@type":"ListItem","position":2,"name":"Productos","item":"https:\/\/iep-sa.com.ar\/productos\/"},{"@type":"ListItem","position":3,"name":"AKASH S"}]},{"@type":"WebSite","@id":"https:\/\/iep-sa.com.ar\/#website","url":"https:\/\/iep-sa.com.ar\/","name":"IEP - Iluminaci\u00f3n Eficiente Profesional","description":"Iluminaci\u00f3n Vial - Profesional - Decorativa - Estacionamientos - Gasolineras - Deportiva - P\u00fablica - Privada","publisher":{"@id":"https:\/\/iep-sa.com.ar\/#organization"},"potentialAction":[{"@type":"SearchAction","target":{"@type":"EntryPoint","urlTemplate":"https:\/\/iep-sa.com.ar\/?s={search_term_string}"},"query-input":{"@type":"PropertyValueSpecification","valueRequired":true,"valueName":"search_term_string"}}],"inLanguage":"es"},{"@type":"Organization","@id":"https:\/\/iep-sa.com.ar\/#organization","name":"IEP - Iluminaci\u00f3n Eficiente Profesional","url":"https:\/\/iep-sa.com.ar\/","logo":{"@type":"ImageObject","inLanguage":"es","@id":"https:\/\/iep-sa.com.ar\/#\/schema\/logo\/image\/","url":"https:\/\/iep-sa.com.ar\/wp-content\/uploads\/2022\/11\/cropped-favicon.jpg","contentUrl":"https:\/\/iep-sa.com.ar\/wp-content\/uploads\/2022\/11\/cropped-favicon.jpg","width":512,"height":512,"caption":"IEP - Iluminaci\u00f3n Eficiente Profesional"},"image":{"@id":"https:\/\/iep-sa.com.ar\/#\/schema\/logo\/image\/"}}]}},"_links":{"self":[{"href":"https:\/\/iep-sa.com.ar\/nuevo\/wp-json\/wp\/v2\/product\/4397","targetHints":{"allow":["GET"]}}],"collection":[{"href":"https:\/\/iep-sa.com.ar\/nuevo\/wp-json\/wp\/v2\/product"}],"about":[{"href":"https:\/\/iep-sa.com.ar\/nuevo\/wp-json\/wp\/v2\/types\/product"}],"wp:featuredmedia":[{"embeddable":true,"href":"https:\/\/iep-sa.com.ar\/nuevo\/wp-json\/wp\/v2\/media\/5266"}],"wp:attachment":[{"href":"https:\/\/iep-sa.com.ar\/nuevo\/wp-json\/wp\/v2\/media?parent=4397"}],"wp:term":[{"taxonomy":"product_brand","embeddable":true,"href":"https:\/\/iep-sa.com.ar\/nuevo\/wp-json\/wp\/v2\/product_brand?post=4397"},{"taxonomy":"product_cat","embeddable":true,"href":"https:\/\/iep-sa.com.ar\/nuevo\/wp-json\/wp\/v2\/product_cat?post=4397"},{"taxonomy":"product_tag","embeddable":true,"href":"https:\/\/iep-sa.com.ar\/nuevo\/wp-json\/wp\/v2\/product_tag?post=4397"}],"curies":[{"name":"wp","href":"https:\/\/api.w.org\/{rel}","templated":true}]}}