{"id":4100,"date":"2021-10-20T22:14:31","date_gmt":"2021-10-20T22:14:31","guid":{"rendered":"https:\/\/iep-sa.com.ar\/nuevo\/?post_type=product&#038;p=4100"},"modified":"2022-06-16T17:58:33","modified_gmt":"2022-06-16T17:58:33","slug":"polaris-plafon-y-embutido","status":"publish","type":"product","link":"https:\/\/iep-sa.com.ar\/nuevo\/producto\/polaris-plafon-y-embutido\/","title":{"rendered":"POLARIS"},"content":{"rendered":"<h4 style=\"text-align: left;\"><strong>CARACTERISTICAS<\/strong><\/h4>\n<h4 style=\"text-align: left;\"><a href=\"https:\/\/iep-sa.com.ar\/wp-content\/uploads\/2021\/10\/polaris-4.png\"><img fetchpriority=\"high\" decoding=\"async\" class=\"size-large wp-image-4763 alignleft\" src=\"https:\/\/iep-sa.com.ar\/wp-content\/uploads\/2021\/10\/polaris-4-1024x626.png\" alt=\"\" width=\"640\" height=\"391\" srcset=\"https:\/\/iep-sa.com.ar\/wp-content\/uploads\/2021\/10\/polaris-4-1024x626.png 1024w, https:\/\/iep-sa.com.ar\/wp-content\/uploads\/2021\/10\/polaris-4-300x183.png 300w, https:\/\/iep-sa.com.ar\/wp-content\/uploads\/2021\/10\/polaris-4-768x470.png 768w, https:\/\/iep-sa.com.ar\/wp-content\/uploads\/2021\/10\/polaris-4-600x367.png 600w, https:\/\/iep-sa.com.ar\/wp-content\/uploads\/2021\/10\/polaris-4.png 1488w\" sizes=\"(max-width: 640px) 100vw, 640px\" \/><\/a><\/h4>\n<p><img decoding=\"async\" class=\"size-large wp-image-4761 alignleft\" src=\"https:\/\/iep-sa.com.ar\/wp-content\/uploads\/2021\/10\/polaris-6-1024x173.png\" alt=\"\" width=\"640\" height=\"108\" srcset=\"https:\/\/iep-sa.com.ar\/wp-content\/uploads\/2021\/10\/polaris-6-1024x173.png 1024w, https:\/\/iep-sa.com.ar\/wp-content\/uploads\/2021\/10\/polaris-6-300x51.png 300w, https:\/\/iep-sa.com.ar\/wp-content\/uploads\/2021\/10\/polaris-6-768x130.png 768w, https:\/\/iep-sa.com.ar\/wp-content\/uploads\/2021\/10\/polaris-6-1536x259.png 1536w, https:\/\/iep-sa.com.ar\/wp-content\/uploads\/2021\/10\/polaris-6-600x101.png 600w, https:\/\/iep-sa.com.ar\/wp-content\/uploads\/2021\/10\/polaris-6.png 1610w\" sizes=\"(max-width: 640px) 100vw, 640px\" \/><\/p>\n<p>&nbsp;<\/p>\n<h4><\/h4>\n<h4><\/h4>\n<h4><\/h4>\n<h4><\/h4>\n<h4><\/h4>\n<h4><\/h4>\n<h4><\/h4>\n<h4><\/h4>\n<h4><\/h4>\n<h4><\/h4>\n<p>&nbsp;<\/p>\n<p>&nbsp;<\/p>\n<p>&nbsp;<\/p>\n<p>&nbsp;<\/p>\n<p>&nbsp;<\/p>\n<p>&nbsp;<\/p>\n<p>&nbsp;<\/p>\n<p>&nbsp;<\/p>\n<h4><\/h4>\n<p>&nbsp;<\/p>\n<p>&nbsp;<\/p>\n<p>&nbsp;<\/p>\n<p>&nbsp;<\/p>\n<p>&nbsp;<\/p>\n<h4 style=\"text-align: left;\"><b>\u00a0MEDIDAS<\/b><\/h4>\n<h4><img decoding=\"async\" class=\"size-large wp-image-4762 alignleft\" src=\"https:\/\/iep-sa.com.ar\/wp-content\/uploads\/2021\/10\/polaris-5-1024x463.png\" alt=\"\" width=\"640\" height=\"289\" srcset=\"https:\/\/iep-sa.com.ar\/wp-content\/uploads\/2021\/10\/polaris-5-1024x463.png 1024w, https:\/\/iep-sa.com.ar\/wp-content\/uploads\/2021\/10\/polaris-5-300x136.png 300w, https:\/\/iep-sa.com.ar\/wp-content\/uploads\/2021\/10\/polaris-5-768x347.png 768w, https:\/\/iep-sa.com.ar\/wp-content\/uploads\/2021\/10\/polaris-5-600x271.png 600w, https:\/\/iep-sa.com.ar\/wp-content\/uploads\/2021\/10\/polaris-5.png 1040w\" sizes=\"(max-width: 640px) 100vw, 640px\" \/><\/h4>\n<p>&nbsp;<\/p>\n<p>&nbsp;<\/p>\n<p>&nbsp;<\/p>\n<p>&nbsp;<\/p>\n<p>&nbsp;<\/p>\n<p>&nbsp;<\/p>\n<p>&nbsp;<\/p>\n<p>&nbsp;<\/p>\n<h4 style=\"text-align: left;\"><strong>FOTOMETR\u00cdA<\/strong><\/h4>\n<p><a href=\"https:\/\/iep-sa.com.ar\/wp-content\/uploads\/2021\/10\/POLARIS-9.png\"><img loading=\"lazy\" decoding=\"async\" class=\" wp-image-4764 alignleft\" src=\"https:\/\/iep-sa.com.ar\/wp-content\/uploads\/2021\/10\/POLARIS-9.png\" alt=\"\" width=\"206\" height=\"228\" srcset=\"https:\/\/iep-sa.com.ar\/wp-content\/uploads\/2021\/10\/POLARIS-9.png 682w, https:\/\/iep-sa.com.ar\/wp-content\/uploads\/2021\/10\/POLARIS-9-271x300.png 271w, https:\/\/iep-sa.com.ar\/wp-content\/uploads\/2021\/10\/POLARIS-9-600x663.png 600w\" sizes=\"(max-width: 206px) 100vw, 206px\" \/><\/a><\/p>\n<h4><\/h4>\n<h4><\/h4>\n<h4><\/h4>\n<h4><\/h4>\n<h4><\/h4>\n<h4><\/h4>\n<p>&nbsp;<\/p>\n<p>&nbsp;<\/p>\n<p>&nbsp;<\/p>\n<p>&nbsp;<\/p>\n<p>&nbsp;<\/p>\n<h4 style=\"text-align: left;\"><strong>DESCARGAS<\/strong><\/h4>\n<p style=\"text-align: left;\"><a style=\"font-size: 14px;\" href=\"https:\/\/iep-sa.com.ar\/wp-content\/uploads\/2021\/10\/POLARIS-1.pdf\">Polaris Ficha T\u00e9cnica<\/a><\/p>\n<p style=\"text-align: left;\"><a href=\"https:\/\/iep-sa.com.ar\/wp-content\/uploads\/2021\/10\/Fotometria-Polaris.zip\">Polaris fotometria<\/a><\/p>\n<p>&nbsp;<\/p>\n","protected":false},"excerpt":{"rendered":"<p style=\"text-align: left;\">La luz ahora est\u00e1 disponible como una l\u00ednea de luz continua casi sin fin, con iluminaci\u00f3n uniforme, embutido en techo, aplicado o suspendido. El Polaris es una linea continua de luz que proporciona al dise\u00f1ador opciones de iluminaci\u00f3n y soluci\u00f3n de bajo consumo energ\u00e9tico verdaderamente integrado. Con opci\u00f3n en IP40 para interior e IP65 para exterior. El grado de protecci\u00f3n mejora la durabilidad y extiende el servicio, vida \u00fatil de la luminaria, al mismo tiempo que permite proporcionar continuidad entre la iluminaci\u00f3n para \u00e1reas interiores y exteriores. El Polaris, est\u00e1 disponible diferentes longitudes, mejorando asi la continuidad de linea en cualquiera de sus aplicaciones.<\/p>\n","protected":false},"featured_media":4772,"template":"","meta":{"_joinchat":[]},"product_brand":[],"product_cat":[141,143,136,64,142,139,140,137],"product_tag":[],"class_list":{"0":"post-4100","1":"product","2":"type-product","3":"status-publish","4":"has-post-thumbnail","6":"product_cat-cajas-y-bancos","7":"product_cat-edificios-educativos-aulas","8":"product_cat-gasolinerias","9":"product_cat-interior-decorativo","10":"product_cat-locales-de-usos-multiples","11":"product_cat-oficinas","12":"product_cat-residencias","13":"product_cat-tiendas-gasolinerias","15":"first","16":"instock","17":"shipping-taxable","18":"product-type-simple","19":"layout-style-1","20":"col-md-4 col-sm-4 col-xs-6","21":"col-lg-3","22":"product-has-gallery","23":"product-style-default"},"yoast_head":"<!-- This site is optimized with the Yoast SEO plugin v27.4 - https:\/\/yoast.com\/product\/yoast-seo-wordpress\/ -->\n<title>POLARIS - IEP - Iluminaci\u00f3n Eficiente Profesional<\/title>\n<meta name=\"robots\" content=\"index, follow, max-snippet:-1, max-image-preview:large, max-video-preview:-1\" \/>\n<link rel=\"canonical\" href=\"https:\/\/iep-sa.com.ar\/producto\/polaris-plafon-y-embutido\/\" \/>\n<meta property=\"og:locale\" content=\"es_ES\" \/>\n<meta property=\"og:type\" content=\"article\" \/>\n<meta property=\"og:title\" content=\"POLARIS - IEP - Iluminaci\u00f3n Eficiente Profesional\" \/>\n<meta property=\"og:description\" content=\"La luz ahora est\u00e1 disponible como una l\u00ednea de luz continua casi sin fin, con iluminaci\u00f3n uniforme, embutido en techo, aplicado o suspendido. El Polaris es una linea continua de luz que proporciona al dise\u00f1ador opciones de iluminaci\u00f3n y soluci\u00f3n de bajo consumo energ\u00e9tico verdaderamente integrado. Con opci\u00f3n en IP40 para interior e IP65 para exterior. El grado de protecci\u00f3n mejora la durabilidad y extiende el servicio, vida \u00fatil de la luminaria, al mismo tiempo que permite proporcionar continuidad entre la iluminaci\u00f3n para \u00e1reas interiores y exteriores. El Polaris, est\u00e1 disponible diferentes longitudes, mejorando asi la continuidad de linea en cualquiera de sus aplicaciones.\" \/>\n<meta property=\"og:url\" content=\"https:\/\/iep-sa.com.ar\/producto\/polaris-plafon-y-embutido\/\" \/>\n<meta property=\"og:site_name\" content=\"IEP - Iluminaci\u00f3n Eficiente Profesional\" \/>\n<meta property=\"article:modified_time\" content=\"2022-06-16T17:58:33+00:00\" \/>\n<meta property=\"og:image\" content=\"https:\/\/lightyellow-boar-299687.hostingersite.com\/wp-content\/uploads\/2021\/10\/polaris-10.png\" \/>\n\t<meta property=\"og:image:width\" content=\"952\" \/>\n\t<meta property=\"og:image:height\" content=\"952\" \/>\n\t<meta property=\"og:image:type\" content=\"image\/png\" \/>\n<meta name=\"twitter:card\" content=\"summary_large_image\" \/>\n<meta name=\"twitter:label1\" content=\"Tiempo de lectura\" \/>\n\t<meta name=\"twitter:data1\" content=\"1 minuto\" \/>\n<script type=\"application\/ld+json\" class=\"yoast-schema-graph\">{\"@context\":\"https:\\\/\\\/schema.org\",\"@graph\":[{\"@type\":\"WebPage\",\"@id\":\"https:\\\/\\\/iep-sa.com.ar\\\/producto\\\/polaris-plafon-y-embutido\\\/\",\"url\":\"https:\\\/\\\/iep-sa.com.ar\\\/producto\\\/polaris-plafon-y-embutido\\\/\",\"name\":\"POLARIS - IEP - Iluminaci\u00f3n Eficiente Profesional\",\"isPartOf\":{\"@id\":\"https:\\\/\\\/iep-sa.com.ar\\\/#website\"},\"primaryImageOfPage\":{\"@id\":\"https:\\\/\\\/iep-sa.com.ar\\\/producto\\\/polaris-plafon-y-embutido\\\/#primaryimage\"},\"image\":{\"@id\":\"https:\\\/\\\/iep-sa.com.ar\\\/producto\\\/polaris-plafon-y-embutido\\\/#primaryimage\"},\"thumbnailUrl\":\"https:\\\/\\\/iep-sa.com.ar\\\/wp-content\\\/uploads\\\/2021\\\/10\\\/polaris-10.png\",\"datePublished\":\"2021-10-20T22:14:31+00:00\",\"dateModified\":\"2022-06-16T17:58:33+00:00\",\"breadcrumb\":{\"@id\":\"https:\\\/\\\/iep-sa.com.ar\\\/producto\\\/polaris-plafon-y-embutido\\\/#breadcrumb\"},\"inLanguage\":\"es\",\"potentialAction\":[{\"@type\":\"ReadAction\",\"target\":[\"https:\\\/\\\/iep-sa.com.ar\\\/producto\\\/polaris-plafon-y-embutido\\\/\"]}]},{\"@type\":\"ImageObject\",\"inLanguage\":\"es\",\"@id\":\"https:\\\/\\\/iep-sa.com.ar\\\/producto\\\/polaris-plafon-y-embutido\\\/#primaryimage\",\"url\":\"https:\\\/\\\/iep-sa.com.ar\\\/wp-content\\\/uploads\\\/2021\\\/10\\\/polaris-10.png\",\"contentUrl\":\"https:\\\/\\\/iep-sa.com.ar\\\/wp-content\\\/uploads\\\/2021\\\/10\\\/polaris-10.png\",\"width\":952,\"height\":952},{\"@type\":\"BreadcrumbList\",\"@id\":\"https:\\\/\\\/iep-sa.com.ar\\\/producto\\\/polaris-plafon-y-embutido\\\/#breadcrumb\",\"itemListElement\":[{\"@type\":\"ListItem\",\"position\":1,\"name\":\"Portada\",\"item\":\"https:\\\/\\\/iep-sa.com.ar\\\/\"},{\"@type\":\"ListItem\",\"position\":2,\"name\":\"Productos\",\"item\":\"https:\\\/\\\/iep-sa.com.ar\\\/productos\\\/\"},{\"@type\":\"ListItem\",\"position\":3,\"name\":\"POLARIS\"}]},{\"@type\":\"WebSite\",\"@id\":\"https:\\\/\\\/iep-sa.com.ar\\\/#website\",\"url\":\"https:\\\/\\\/iep-sa.com.ar\\\/\",\"name\":\"IEP - Iluminaci\u00f3n Eficiente Profesional\",\"description\":\"Iluminaci\u00f3n Vial - Profesional - Decorativa - Estacionamientos - Gasolineras - Deportiva - P\u00fablica - Privada\",\"publisher\":{\"@id\":\"https:\\\/\\\/iep-sa.com.ar\\\/#organization\"},\"potentialAction\":[{\"@type\":\"SearchAction\",\"target\":{\"@type\":\"EntryPoint\",\"urlTemplate\":\"https:\\\/\\\/iep-sa.com.ar\\\/?s={search_term_string}\"},\"query-input\":{\"@type\":\"PropertyValueSpecification\",\"valueRequired\":true,\"valueName\":\"search_term_string\"}}],\"inLanguage\":\"es\"},{\"@type\":\"Organization\",\"@id\":\"https:\\\/\\\/iep-sa.com.ar\\\/#organization\",\"name\":\"IEP - Iluminaci\u00f3n Eficiente Profesional\",\"url\":\"https:\\\/\\\/iep-sa.com.ar\\\/\",\"logo\":{\"@type\":\"ImageObject\",\"inLanguage\":\"es\",\"@id\":\"https:\\\/\\\/iep-sa.com.ar\\\/#\\\/schema\\\/logo\\\/image\\\/\",\"url\":\"https:\\\/\\\/iep-sa.com.ar\\\/wp-content\\\/uploads\\\/2022\\\/11\\\/cropped-favicon.jpg\",\"contentUrl\":\"https:\\\/\\\/iep-sa.com.ar\\\/wp-content\\\/uploads\\\/2022\\\/11\\\/cropped-favicon.jpg\",\"width\":512,\"height\":512,\"caption\":\"IEP - Iluminaci\u00f3n Eficiente Profesional\"},\"image\":{\"@id\":\"https:\\\/\\\/iep-sa.com.ar\\\/#\\\/schema\\\/logo\\\/image\\\/\"}}]}<\/script>\n<!-- \/ Yoast SEO plugin. -->","yoast_head_json":{"title":"POLARIS - IEP - Iluminaci\u00f3n Eficiente Profesional","robots":{"index":"index","follow":"follow","max-snippet":"max-snippet:-1","max-image-preview":"max-image-preview:large","max-video-preview":"max-video-preview:-1"},"canonical":"https:\/\/iep-sa.com.ar\/producto\/polaris-plafon-y-embutido\/","og_locale":"es_ES","og_type":"article","og_title":"POLARIS - IEP - Iluminaci\u00f3n Eficiente Profesional","og_description":"La luz ahora est\u00e1 disponible como una l\u00ednea de luz continua casi sin fin, con iluminaci\u00f3n uniforme, embutido en techo, aplicado o suspendido. El Polaris es una linea continua de luz que proporciona al dise\u00f1ador opciones de iluminaci\u00f3n y soluci\u00f3n de bajo consumo energ\u00e9tico verdaderamente integrado. Con opci\u00f3n en IP40 para interior e IP65 para exterior. El grado de protecci\u00f3n mejora la durabilidad y extiende el servicio, vida \u00fatil de la luminaria, al mismo tiempo que permite proporcionar continuidad entre la iluminaci\u00f3n para \u00e1reas interiores y exteriores. El Polaris, est\u00e1 disponible diferentes longitudes, mejorando asi la continuidad de linea en cualquiera de sus aplicaciones.","og_url":"https:\/\/iep-sa.com.ar\/producto\/polaris-plafon-y-embutido\/","og_site_name":"IEP - Iluminaci\u00f3n Eficiente Profesional","article_modified_time":"2022-06-16T17:58:33+00:00","og_image":[{"width":952,"height":952,"url":"https:\/\/lightyellow-boar-299687.hostingersite.com\/wp-content\/uploads\/2021\/10\/polaris-10.png","type":"image\/png"}],"twitter_card":"summary_large_image","twitter_misc":{"Tiempo de lectura":"1 minuto"},"schema":{"@context":"https:\/\/schema.org","@graph":[{"@type":"WebPage","@id":"https:\/\/iep-sa.com.ar\/producto\/polaris-plafon-y-embutido\/","url":"https:\/\/iep-sa.com.ar\/producto\/polaris-plafon-y-embutido\/","name":"POLARIS - IEP - Iluminaci\u00f3n Eficiente Profesional","isPartOf":{"@id":"https:\/\/iep-sa.com.ar\/#website"},"primaryImageOfPage":{"@id":"https:\/\/iep-sa.com.ar\/producto\/polaris-plafon-y-embutido\/#primaryimage"},"image":{"@id":"https:\/\/iep-sa.com.ar\/producto\/polaris-plafon-y-embutido\/#primaryimage"},"thumbnailUrl":"https:\/\/iep-sa.com.ar\/wp-content\/uploads\/2021\/10\/polaris-10.png","datePublished":"2021-10-20T22:14:31+00:00","dateModified":"2022-06-16T17:58:33+00:00","breadcrumb":{"@id":"https:\/\/iep-sa.com.ar\/producto\/polaris-plafon-y-embutido\/#breadcrumb"},"inLanguage":"es","potentialAction":[{"@type":"ReadAction","target":["https:\/\/iep-sa.com.ar\/producto\/polaris-plafon-y-embutido\/"]}]},{"@type":"ImageObject","inLanguage":"es","@id":"https:\/\/iep-sa.com.ar\/producto\/polaris-plafon-y-embutido\/#primaryimage","url":"https:\/\/iep-sa.com.ar\/wp-content\/uploads\/2021\/10\/polaris-10.png","contentUrl":"https:\/\/iep-sa.com.ar\/wp-content\/uploads\/2021\/10\/polaris-10.png","width":952,"height":952},{"@type":"BreadcrumbList","@id":"https:\/\/iep-sa.com.ar\/producto\/polaris-plafon-y-embutido\/#breadcrumb","itemListElement":[{"@type":"ListItem","position":1,"name":"Portada","item":"https:\/\/iep-sa.com.ar\/"},{"@type":"ListItem","position":2,"name":"Productos","item":"https:\/\/iep-sa.com.ar\/productos\/"},{"@type":"ListItem","position":3,"name":"POLARIS"}]},{"@type":"WebSite","@id":"https:\/\/iep-sa.com.ar\/#website","url":"https:\/\/iep-sa.com.ar\/","name":"IEP - Iluminaci\u00f3n Eficiente Profesional","description":"Iluminaci\u00f3n Vial - Profesional - Decorativa - Estacionamientos - Gasolineras - Deportiva - P\u00fablica - Privada","publisher":{"@id":"https:\/\/iep-sa.com.ar\/#organization"},"potentialAction":[{"@type":"SearchAction","target":{"@type":"EntryPoint","urlTemplate":"https:\/\/iep-sa.com.ar\/?s={search_term_string}"},"query-input":{"@type":"PropertyValueSpecification","valueRequired":true,"valueName":"search_term_string"}}],"inLanguage":"es"},{"@type":"Organization","@id":"https:\/\/iep-sa.com.ar\/#organization","name":"IEP - Iluminaci\u00f3n Eficiente Profesional","url":"https:\/\/iep-sa.com.ar\/","logo":{"@type":"ImageObject","inLanguage":"es","@id":"https:\/\/iep-sa.com.ar\/#\/schema\/logo\/image\/","url":"https:\/\/iep-sa.com.ar\/wp-content\/uploads\/2022\/11\/cropped-favicon.jpg","contentUrl":"https:\/\/iep-sa.com.ar\/wp-content\/uploads\/2022\/11\/cropped-favicon.jpg","width":512,"height":512,"caption":"IEP - Iluminaci\u00f3n Eficiente Profesional"},"image":{"@id":"https:\/\/iep-sa.com.ar\/#\/schema\/logo\/image\/"}}]}},"_links":{"self":[{"href":"https:\/\/iep-sa.com.ar\/nuevo\/wp-json\/wp\/v2\/product\/4100","targetHints":{"allow":["GET"]}}],"collection":[{"href":"https:\/\/iep-sa.com.ar\/nuevo\/wp-json\/wp\/v2\/product"}],"about":[{"href":"https:\/\/iep-sa.com.ar\/nuevo\/wp-json\/wp\/v2\/types\/product"}],"wp:featuredmedia":[{"embeddable":true,"href":"https:\/\/iep-sa.com.ar\/nuevo\/wp-json\/wp\/v2\/media\/4772"}],"wp:attachment":[{"href":"https:\/\/iep-sa.com.ar\/nuevo\/wp-json\/wp\/v2\/media?parent=4100"}],"wp:term":[{"taxonomy":"product_brand","embeddable":true,"href":"https:\/\/iep-sa.com.ar\/nuevo\/wp-json\/wp\/v2\/product_brand?post=4100"},{"taxonomy":"product_cat","embeddable":true,"href":"https:\/\/iep-sa.com.ar\/nuevo\/wp-json\/wp\/v2\/product_cat?post=4100"},{"taxonomy":"product_tag","embeddable":true,"href":"https:\/\/iep-sa.com.ar\/nuevo\/wp-json\/wp\/v2\/product_tag?post=4100"}],"curies":[{"name":"wp","href":"https:\/\/api.w.org\/{rel}","templated":true}]}}