{"id":4081,"date":"2021-10-20T21:45:19","date_gmt":"2021-10-20T21:45:19","guid":{"rendered":"https:\/\/iep-sa.com.ar\/nuevo\/?post_type=product&#038;p=4081"},"modified":"2025-08-12T13:02:30","modified_gmt":"2025-08-12T13:02:30","slug":"zimo","status":"publish","type":"product","link":"https:\/\/iep-sa.com.ar\/nuevo\/producto\/zimo\/","title":{"rendered":"ZIMO"},"content":{"rendered":"<h4 style=\"text-align: left;\"><strong>CARACTERISTICAS<\/strong><\/h4>\n<p><img fetchpriority=\"high\" decoding=\"async\" class=\" wp-image-4920 alignleft\" src=\"https:\/\/iep-sa.com.ar\/wp-content\/uploads\/2021\/10\/zimo-2-1024x622.png\" alt=\"\" width=\"391\" height=\"238\" srcset=\"https:\/\/iep-sa.com.ar\/wp-content\/uploads\/2021\/10\/zimo-2-1024x622.png 1024w, https:\/\/iep-sa.com.ar\/wp-content\/uploads\/2021\/10\/zimo-2-300x182.png 300w, https:\/\/iep-sa.com.ar\/wp-content\/uploads\/2021\/10\/zimo-2-768x466.png 768w, https:\/\/iep-sa.com.ar\/wp-content\/uploads\/2021\/10\/zimo-2-600x364.png 600w, https:\/\/iep-sa.com.ar\/wp-content\/uploads\/2021\/10\/zimo-2.png 1034w\" sizes=\"(max-width: 391px) 100vw, 391px\" \/><\/p>\n<p>&nbsp;<\/p>\n<p>&nbsp;<\/p>\n<p>&nbsp;<\/p>\n<p>&nbsp;<\/p>\n<p>&nbsp;<\/p>\n<p>&nbsp;<\/p>\n<p>&nbsp;<\/p>\n<p>&nbsp;<\/p>\n<h4 style=\"text-align: left;\"><strong>MEDIDAS<\/strong><\/h4>\n<p>&nbsp;<\/p>\n<p><img decoding=\"async\" class=\"wp-image-4919 alignleft\" src=\"https:\/\/iep-sa.com.ar\/wp-content\/uploads\/2021\/10\/zimo-1-1024x850.png\" alt=\"\" width=\"360\" height=\"299\" srcset=\"https:\/\/iep-sa.com.ar\/wp-content\/uploads\/2021\/10\/zimo-1-1024x850.png 1024w, https:\/\/iep-sa.com.ar\/wp-content\/uploads\/2021\/10\/zimo-1-300x249.png 300w, https:\/\/iep-sa.com.ar\/wp-content\/uploads\/2021\/10\/zimo-1-768x637.png 768w, https:\/\/iep-sa.com.ar\/wp-content\/uploads\/2021\/10\/zimo-1-600x498.png 600w, https:\/\/iep-sa.com.ar\/wp-content\/uploads\/2021\/10\/zimo-1.png 1118w\" sizes=\"(max-width: 360px) 100vw, 360px\" \/><\/p>\n<p>&nbsp;<\/p>\n<p>&nbsp;<\/p>\n<p>&nbsp;<\/p>\n<p>&nbsp;<\/p>\n<p>&nbsp;<\/p>\n<p>&nbsp;<\/p>\n<p>&nbsp;<\/p>\n<h4 style=\"text-align: left;\"><strong>FOTOMETR\u00cdAS<\/strong><\/h4>\n<p><a href=\"https:\/\/iep-sa.com.ar\/wp-content\/uploads\/2021\/10\/zimo-3.png\"><img decoding=\"async\" class=\" wp-image-4921 alignleft\" src=\"https:\/\/iep-sa.com.ar\/wp-content\/uploads\/2021\/10\/zimo-3.png\" alt=\"\" width=\"262\" height=\"264\" srcset=\"https:\/\/iep-sa.com.ar\/wp-content\/uploads\/2021\/10\/zimo-3.png 850w, https:\/\/iep-sa.com.ar\/wp-content\/uploads\/2021\/10\/zimo-3-298x300.png 298w, https:\/\/iep-sa.com.ar\/wp-content\/uploads\/2021\/10\/zimo-3-150x150.png 150w, https:\/\/iep-sa.com.ar\/wp-content\/uploads\/2021\/10\/zimo-3-768x773.png 768w, https:\/\/iep-sa.com.ar\/wp-content\/uploads\/2021\/10\/zimo-3-100x100.png 100w, https:\/\/iep-sa.com.ar\/wp-content\/uploads\/2021\/10\/zimo-3-600x604.png 600w\" sizes=\"(max-width: 262px) 100vw, 262px\" \/><\/a><\/p>\n<p>&nbsp;<\/p>\n<p>&nbsp;<\/p>\n<p>&nbsp;<\/p>\n<p>&nbsp;<\/p>\n<p>&nbsp;<\/p>\n<p>&nbsp;<\/p>\n<p>&nbsp;<\/p>\n<h4 style=\"text-align: left;\"><strong>DESCARGAS<\/strong><\/h4>\n<div class=\"layoutArea\">\n<div class=\"column\">\n<div class=\"column\">\n<div class=\"wp-block-file\" style=\"text-align: left;\">\n<div><a href=\"https:\/\/iep-sa.com.ar\/wp-content\/uploads\/2021\/10\/Zimo-1.pdf\">Zimo \u00a0Ficha T\u00e9cnica<\/a><\/div>\n<\/div>\n<div style=\"text-align: left;\"><a href=\"https:\/\/iep-sa.com.ar\/wp-content\/uploads\/2021\/10\/Zimo.pdf\">Zimo cad<\/a><\/div>\n<\/div>\n<\/div>\n<\/div>\n","protected":false},"excerpt":{"rendered":"<p style=\"text-align: left;\">Artefacto de iluminaci\u00f3n Zimo para embutir de alta luminancia y muy bajo consumo con led. Para cielorrasos de placas armadas de 600 x 600mm. Aplicable en diferentes ambientes comerciales, oficinas, salas por su alta eficiencia y confort al ser antideslumbrante. Opcional solicitar IRC 90 para los espacios que requieran estas caracter\u00edsticas.<\/p>\n<p>&nbsp;<\/p>\n","protected":false},"featured_media":4922,"template":"","meta":{"_joinchat":[]},"product_brand":[],"product_cat":[141,143,136,64,142,139,140,137],"product_tag":[],"class_list":{"0":"post-4081","1":"product","2":"type-product","3":"status-publish","4":"has-post-thumbnail","6":"product_cat-cajas-y-bancos","7":"product_cat-edificios-educativos-aulas","8":"product_cat-gasolinerias","9":"product_cat-interior-decorativo","10":"product_cat-locales-de-usos-multiples","11":"product_cat-oficinas","12":"product_cat-residencias","13":"product_cat-tiendas-gasolinerias","15":"first","16":"instock","17":"shipping-taxable","18":"product-type-simple","19":"layout-style-1","20":"col-md-4 col-sm-4 col-xs-6","21":"col-lg-3","22":"product-has-gallery","23":"product-style-default"},"yoast_head":"<!-- This site is optimized with the Yoast SEO plugin v27.4 - https:\/\/yoast.com\/product\/yoast-seo-wordpress\/ -->\n<title>ZIMO - IEP - Iluminaci\u00f3n Eficiente Profesional<\/title>\n<meta name=\"robots\" content=\"index, follow, max-snippet:-1, max-image-preview:large, max-video-preview:-1\" \/>\n<link rel=\"canonical\" href=\"https:\/\/iep-sa.com.ar\/producto\/zimo\/\" \/>\n<meta property=\"og:locale\" content=\"es_ES\" \/>\n<meta property=\"og:type\" content=\"article\" \/>\n<meta property=\"og:title\" content=\"ZIMO - IEP - Iluminaci\u00f3n Eficiente Profesional\" \/>\n<meta property=\"og:description\" content=\"Artefacto de iluminaci\u00f3n Zimo para embutir de alta luminancia y muy bajo consumo con led. Para cielorrasos de placas armadas de 600 x 600mm. Aplicable en diferentes ambientes comerciales, oficinas, salas por su alta eficiencia y confort al ser antideslumbrante. Opcional solicitar IRC 90 para los espacios que requieran estas caracter\u00edsticas. &nbsp;\" \/>\n<meta property=\"og:url\" content=\"https:\/\/iep-sa.com.ar\/producto\/zimo\/\" \/>\n<meta property=\"og:site_name\" content=\"IEP - Iluminaci\u00f3n Eficiente Profesional\" \/>\n<meta property=\"article:modified_time\" content=\"2025-08-12T13:02:30+00:00\" \/>\n<meta property=\"og:image\" content=\"https:\/\/lightyellow-boar-299687.hostingersite.com\/wp-content\/uploads\/2021\/10\/zimo-4.png\" \/>\n\t<meta property=\"og:image:width\" content=\"932\" \/>\n\t<meta property=\"og:image:height\" content=\"938\" \/>\n\t<meta property=\"og:image:type\" content=\"image\/png\" \/>\n<meta name=\"twitter:card\" content=\"summary_large_image\" \/>\n<meta name=\"twitter:label1\" content=\"Tiempo de lectura\" \/>\n\t<meta name=\"twitter:data1\" content=\"1 minuto\" \/>\n<script type=\"application\/ld+json\" class=\"yoast-schema-graph\">{\"@context\":\"https:\\\/\\\/schema.org\",\"@graph\":[{\"@type\":\"WebPage\",\"@id\":\"https:\\\/\\\/iep-sa.com.ar\\\/producto\\\/zimo\\\/\",\"url\":\"https:\\\/\\\/iep-sa.com.ar\\\/producto\\\/zimo\\\/\",\"name\":\"ZIMO - IEP - Iluminaci\u00f3n Eficiente Profesional\",\"isPartOf\":{\"@id\":\"https:\\\/\\\/iep-sa.com.ar\\\/#website\"},\"primaryImageOfPage\":{\"@id\":\"https:\\\/\\\/iep-sa.com.ar\\\/producto\\\/zimo\\\/#primaryimage\"},\"image\":{\"@id\":\"https:\\\/\\\/iep-sa.com.ar\\\/producto\\\/zimo\\\/#primaryimage\"},\"thumbnailUrl\":\"https:\\\/\\\/iep-sa.com.ar\\\/wp-content\\\/uploads\\\/2021\\\/10\\\/zimo-4.png\",\"datePublished\":\"2021-10-20T21:45:19+00:00\",\"dateModified\":\"2025-08-12T13:02:30+00:00\",\"breadcrumb\":{\"@id\":\"https:\\\/\\\/iep-sa.com.ar\\\/producto\\\/zimo\\\/#breadcrumb\"},\"inLanguage\":\"es\",\"potentialAction\":[{\"@type\":\"ReadAction\",\"target\":[\"https:\\\/\\\/iep-sa.com.ar\\\/producto\\\/zimo\\\/\"]}]},{\"@type\":\"ImageObject\",\"inLanguage\":\"es\",\"@id\":\"https:\\\/\\\/iep-sa.com.ar\\\/producto\\\/zimo\\\/#primaryimage\",\"url\":\"https:\\\/\\\/iep-sa.com.ar\\\/wp-content\\\/uploads\\\/2021\\\/10\\\/zimo-4.png\",\"contentUrl\":\"https:\\\/\\\/iep-sa.com.ar\\\/wp-content\\\/uploads\\\/2021\\\/10\\\/zimo-4.png\",\"width\":932,\"height\":938},{\"@type\":\"BreadcrumbList\",\"@id\":\"https:\\\/\\\/iep-sa.com.ar\\\/producto\\\/zimo\\\/#breadcrumb\",\"itemListElement\":[{\"@type\":\"ListItem\",\"position\":1,\"name\":\"Portada\",\"item\":\"https:\\\/\\\/iep-sa.com.ar\\\/\"},{\"@type\":\"ListItem\",\"position\":2,\"name\":\"Productos\",\"item\":\"https:\\\/\\\/iep-sa.com.ar\\\/productos\\\/\"},{\"@type\":\"ListItem\",\"position\":3,\"name\":\"ZIMO\"}]},{\"@type\":\"WebSite\",\"@id\":\"https:\\\/\\\/iep-sa.com.ar\\\/#website\",\"url\":\"https:\\\/\\\/iep-sa.com.ar\\\/\",\"name\":\"IEP - Iluminaci\u00f3n Eficiente Profesional\",\"description\":\"Iluminaci\u00f3n Vial - Profesional - Decorativa - Estacionamientos - Gasolineras - Deportiva - P\u00fablica - Privada\",\"publisher\":{\"@id\":\"https:\\\/\\\/iep-sa.com.ar\\\/#organization\"},\"potentialAction\":[{\"@type\":\"SearchAction\",\"target\":{\"@type\":\"EntryPoint\",\"urlTemplate\":\"https:\\\/\\\/iep-sa.com.ar\\\/?s={search_term_string}\"},\"query-input\":{\"@type\":\"PropertyValueSpecification\",\"valueRequired\":true,\"valueName\":\"search_term_string\"}}],\"inLanguage\":\"es\"},{\"@type\":\"Organization\",\"@id\":\"https:\\\/\\\/iep-sa.com.ar\\\/#organization\",\"name\":\"IEP - Iluminaci\u00f3n Eficiente Profesional\",\"url\":\"https:\\\/\\\/iep-sa.com.ar\\\/\",\"logo\":{\"@type\":\"ImageObject\",\"inLanguage\":\"es\",\"@id\":\"https:\\\/\\\/iep-sa.com.ar\\\/#\\\/schema\\\/logo\\\/image\\\/\",\"url\":\"https:\\\/\\\/iep-sa.com.ar\\\/wp-content\\\/uploads\\\/2022\\\/11\\\/cropped-favicon.jpg\",\"contentUrl\":\"https:\\\/\\\/iep-sa.com.ar\\\/wp-content\\\/uploads\\\/2022\\\/11\\\/cropped-favicon.jpg\",\"width\":512,\"height\":512,\"caption\":\"IEP - Iluminaci\u00f3n Eficiente Profesional\"},\"image\":{\"@id\":\"https:\\\/\\\/iep-sa.com.ar\\\/#\\\/schema\\\/logo\\\/image\\\/\"}}]}<\/script>\n<!-- \/ Yoast SEO plugin. -->","yoast_head_json":{"title":"ZIMO - IEP - Iluminaci\u00f3n Eficiente Profesional","robots":{"index":"index","follow":"follow","max-snippet":"max-snippet:-1","max-image-preview":"max-image-preview:large","max-video-preview":"max-video-preview:-1"},"canonical":"https:\/\/iep-sa.com.ar\/producto\/zimo\/","og_locale":"es_ES","og_type":"article","og_title":"ZIMO - IEP - Iluminaci\u00f3n Eficiente Profesional","og_description":"Artefacto de iluminaci\u00f3n Zimo para embutir de alta luminancia y muy bajo consumo con led. Para cielorrasos de placas armadas de 600 x 600mm. Aplicable en diferentes ambientes comerciales, oficinas, salas por su alta eficiencia y confort al ser antideslumbrante. Opcional solicitar IRC 90 para los espacios que requieran estas caracter\u00edsticas. &nbsp;","og_url":"https:\/\/iep-sa.com.ar\/producto\/zimo\/","og_site_name":"IEP - Iluminaci\u00f3n Eficiente Profesional","article_modified_time":"2025-08-12T13:02:30+00:00","og_image":[{"width":932,"height":938,"url":"https:\/\/lightyellow-boar-299687.hostingersite.com\/wp-content\/uploads\/2021\/10\/zimo-4.png","type":"image\/png"}],"twitter_card":"summary_large_image","twitter_misc":{"Tiempo de lectura":"1 minuto"},"schema":{"@context":"https:\/\/schema.org","@graph":[{"@type":"WebPage","@id":"https:\/\/iep-sa.com.ar\/producto\/zimo\/","url":"https:\/\/iep-sa.com.ar\/producto\/zimo\/","name":"ZIMO - IEP - Iluminaci\u00f3n Eficiente Profesional","isPartOf":{"@id":"https:\/\/iep-sa.com.ar\/#website"},"primaryImageOfPage":{"@id":"https:\/\/iep-sa.com.ar\/producto\/zimo\/#primaryimage"},"image":{"@id":"https:\/\/iep-sa.com.ar\/producto\/zimo\/#primaryimage"},"thumbnailUrl":"https:\/\/iep-sa.com.ar\/wp-content\/uploads\/2021\/10\/zimo-4.png","datePublished":"2021-10-20T21:45:19+00:00","dateModified":"2025-08-12T13:02:30+00:00","breadcrumb":{"@id":"https:\/\/iep-sa.com.ar\/producto\/zimo\/#breadcrumb"},"inLanguage":"es","potentialAction":[{"@type":"ReadAction","target":["https:\/\/iep-sa.com.ar\/producto\/zimo\/"]}]},{"@type":"ImageObject","inLanguage":"es","@id":"https:\/\/iep-sa.com.ar\/producto\/zimo\/#primaryimage","url":"https:\/\/iep-sa.com.ar\/wp-content\/uploads\/2021\/10\/zimo-4.png","contentUrl":"https:\/\/iep-sa.com.ar\/wp-content\/uploads\/2021\/10\/zimo-4.png","width":932,"height":938},{"@type":"BreadcrumbList","@id":"https:\/\/iep-sa.com.ar\/producto\/zimo\/#breadcrumb","itemListElement":[{"@type":"ListItem","position":1,"name":"Portada","item":"https:\/\/iep-sa.com.ar\/"},{"@type":"ListItem","position":2,"name":"Productos","item":"https:\/\/iep-sa.com.ar\/productos\/"},{"@type":"ListItem","position":3,"name":"ZIMO"}]},{"@type":"WebSite","@id":"https:\/\/iep-sa.com.ar\/#website","url":"https:\/\/iep-sa.com.ar\/","name":"IEP - Iluminaci\u00f3n Eficiente Profesional","description":"Iluminaci\u00f3n Vial - Profesional - Decorativa - Estacionamientos - Gasolineras - Deportiva - P\u00fablica - Privada","publisher":{"@id":"https:\/\/iep-sa.com.ar\/#organization"},"potentialAction":[{"@type":"SearchAction","target":{"@type":"EntryPoint","urlTemplate":"https:\/\/iep-sa.com.ar\/?s={search_term_string}"},"query-input":{"@type":"PropertyValueSpecification","valueRequired":true,"valueName":"search_term_string"}}],"inLanguage":"es"},{"@type":"Organization","@id":"https:\/\/iep-sa.com.ar\/#organization","name":"IEP - Iluminaci\u00f3n Eficiente Profesional","url":"https:\/\/iep-sa.com.ar\/","logo":{"@type":"ImageObject","inLanguage":"es","@id":"https:\/\/iep-sa.com.ar\/#\/schema\/logo\/image\/","url":"https:\/\/iep-sa.com.ar\/wp-content\/uploads\/2022\/11\/cropped-favicon.jpg","contentUrl":"https:\/\/iep-sa.com.ar\/wp-content\/uploads\/2022\/11\/cropped-favicon.jpg","width":512,"height":512,"caption":"IEP - Iluminaci\u00f3n Eficiente Profesional"},"image":{"@id":"https:\/\/iep-sa.com.ar\/#\/schema\/logo\/image\/"}}]}},"_links":{"self":[{"href":"https:\/\/iep-sa.com.ar\/nuevo\/wp-json\/wp\/v2\/product\/4081","targetHints":{"allow":["GET"]}}],"collection":[{"href":"https:\/\/iep-sa.com.ar\/nuevo\/wp-json\/wp\/v2\/product"}],"about":[{"href":"https:\/\/iep-sa.com.ar\/nuevo\/wp-json\/wp\/v2\/types\/product"}],"wp:featuredmedia":[{"embeddable":true,"href":"https:\/\/iep-sa.com.ar\/nuevo\/wp-json\/wp\/v2\/media\/4922"}],"wp:attachment":[{"href":"https:\/\/iep-sa.com.ar\/nuevo\/wp-json\/wp\/v2\/media?parent=4081"}],"wp:term":[{"taxonomy":"product_brand","embeddable":true,"href":"https:\/\/iep-sa.com.ar\/nuevo\/wp-json\/wp\/v2\/product_brand?post=4081"},{"taxonomy":"product_cat","embeddable":true,"href":"https:\/\/iep-sa.com.ar\/nuevo\/wp-json\/wp\/v2\/product_cat?post=4081"},{"taxonomy":"product_tag","embeddable":true,"href":"https:\/\/iep-sa.com.ar\/nuevo\/wp-json\/wp\/v2\/product_tag?post=4081"}],"curies":[{"name":"wp","href":"https:\/\/api.w.org\/{rel}","templated":true}]}}