{"id":4072,"date":"2021-10-20T21:37:23","date_gmt":"2021-10-20T21:37:23","guid":{"rendered":"https:\/\/iep-sa.com.ar\/nuevo\/?post_type=product&#038;p=4072"},"modified":"2022-02-15T17:44:57","modified_gmt":"2022-02-15T17:44:57","slug":"cuadrometa","status":"publish","type":"product","link":"https:\/\/iep-sa.com.ar\/nuevo\/producto\/cuadrometa\/","title":{"rendered":"CUADROMETA"},"content":{"rendered":"<h4 style=\"text-align: left;\"><strong>CARACTERISTICAS<\/strong><\/h4>\n<p><a href=\"https:\/\/iep-sa.com.ar\/wp-content\/uploads\/2021\/10\/cuadrometa-4.png\"><img fetchpriority=\"high\" decoding=\"async\" class=\"size-large wp-image-4901 alignleft\" src=\"https:\/\/iep-sa.com.ar\/wp-content\/uploads\/2021\/10\/cuadrometa-4-1024x540.png\" alt=\"\" width=\"640\" height=\"338\" srcset=\"https:\/\/iep-sa.com.ar\/wp-content\/uploads\/2021\/10\/cuadrometa-4-1024x540.png 1024w, https:\/\/iep-sa.com.ar\/wp-content\/uploads\/2021\/10\/cuadrometa-4-300x158.png 300w, https:\/\/iep-sa.com.ar\/wp-content\/uploads\/2021\/10\/cuadrometa-4-768x405.png 768w, https:\/\/iep-sa.com.ar\/wp-content\/uploads\/2021\/10\/cuadrometa-4-600x316.png 600w, https:\/\/iep-sa.com.ar\/wp-content\/uploads\/2021\/10\/cuadrometa-4.png 1286w\" sizes=\"(max-width: 640px) 100vw, 640px\" \/><\/a><\/p>\n<h4><\/h4>\n<h4><\/h4>\n<h4><\/h4>\n<h4><\/h4>\n<h4><\/h4>\n<p>&nbsp;<\/p>\n<p>&nbsp;<\/p>\n<p>&nbsp;<\/p>\n<p>&nbsp;<\/p>\n<p>&nbsp;<\/p>\n<p>&nbsp;<\/p>\n<p>&nbsp;<\/p>\n<p>&nbsp;<\/p>\n<p>&nbsp;<\/p>\n<p>&nbsp;<\/p>\n<p>&nbsp;<\/p>\n<p>&nbsp;<\/p>\n<h4 style=\"text-align: left;\"><strong>MEDIDAS<\/strong><\/h4>\n<h4><a href=\"https:\/\/iep-sa.com.ar\/wp-content\/uploads\/2021\/10\/cuadrometa-3.png\"><img decoding=\"async\" class=\" wp-image-4902 alignleft\" src=\"https:\/\/iep-sa.com.ar\/wp-content\/uploads\/2021\/10\/cuadrometa-3.png\" alt=\"\" width=\"379\" height=\"408\" srcset=\"https:\/\/iep-sa.com.ar\/wp-content\/uploads\/2021\/10\/cuadrometa-3.png 610w, https:\/\/iep-sa.com.ar\/wp-content\/uploads\/2021\/10\/cuadrometa-3-279x300.png 279w, https:\/\/iep-sa.com.ar\/wp-content\/uploads\/2021\/10\/cuadrometa-3-600x645.png 600w\" sizes=\"(max-width: 379px) 100vw, 379px\" \/><\/a><\/h4>\n<h4><\/h4>\n<h4><\/h4>\n<h4><\/h4>\n<h4><\/h4>\n<h4><\/h4>\n<h4><\/h4>\n<h4><\/h4>\n<h4><\/h4>\n<h4><\/h4>\n<h4><\/h4>\n<h4><\/h4>\n<h4><\/h4>\n<h4><\/h4>\n<p>&nbsp;<\/p>\n<p>&nbsp;<\/p>\n<p>&nbsp;<\/p>\n<p>&nbsp;<\/p>\n<p>&nbsp;<\/p>\n<p>&nbsp;<\/p>\n<p>&nbsp;<\/p>\n<p>&nbsp;<\/p>\n<p>&nbsp;<\/p>\n<p>&nbsp;<\/p>\n<p>&nbsp;<\/p>\n<p>&nbsp;<\/p>\n<p>&nbsp;<\/p>\n<h4><\/h4>\n<h4><\/h4>\n<h4><\/h4>\n<h4 style=\"text-align: left;\"><strong>CURVAS FOTOM\u00c9TRICAS<\/strong><\/h4>\n<p><a href=\"https:\/\/iep-sa.com.ar\/wp-content\/uploads\/2021\/10\/cuadrometa-2.png\"><img decoding=\"async\" class=\" wp-image-4903 alignleft\" src=\"https:\/\/iep-sa.com.ar\/wp-content\/uploads\/2021\/10\/cuadrometa-2.png\" alt=\"\" width=\"322\" height=\"202\" srcset=\"https:\/\/iep-sa.com.ar\/wp-content\/uploads\/2021\/10\/cuadrometa-2.png 700w, https:\/\/iep-sa.com.ar\/wp-content\/uploads\/2021\/10\/cuadrometa-2-300x188.png 300w, https:\/\/iep-sa.com.ar\/wp-content\/uploads\/2021\/10\/cuadrometa-2-600x375.png 600w\" sizes=\"(max-width: 322px) 100vw, 322px\" \/><\/a><\/p>\n<h4><\/h4>\n<h4><\/h4>\n<h4><\/h4>\n<p>&nbsp;<\/p>\n<p>&nbsp;<\/p>\n<h4><\/h4>\n<h4><\/h4>\n<h4><\/h4>\n<h4><\/h4>\n<h4><\/h4>\n<p>&nbsp;<\/p>\n<p>&nbsp;<\/p>\n<p>&nbsp;<\/p>\n<h4 style=\"text-align: left;\"><strong>DESCARGAS<\/strong><\/h4>\n<div class=\"layoutArea\">\n<div class=\"column\">\n<div class=\"column\">\n<div class=\"wp-block-file\" style=\"text-align: left;\">\n<div><a href=\"https:\/\/iep-sa.com.ar\/wp-content\/uploads\/2021\/10\/Cuadrometra-.pdf\">Cuadrometa \u00a0Ficha T\u00e9cnica<\/a><\/div>\n<div><a href=\"https:\/\/iep-sa.com.ar\/wp-content\/uploads\/2021\/10\/CUADROMETA-CAD.dwg_.zip\">Cuadrometa cad<\/a><\/div>\n<\/div>\n<\/div>\n<\/div>\n<\/div>\n","protected":false},"excerpt":{"rendered":"<p style=\"text-align: left;\">Luminaria de embutir en cielo raso de placas tipo durlock o armstrong de 600x600mm. Equipado con placas de led de alta potencia dispuestas en forma CUADROMETA lo cual garantiza una distribuci\u00f3n sim\u00e9trica cualquiera sea el sentido de orientaci\u00f3n. Cuerpo construido en chapa de acero doble decapada con terminaci\u00f3n aluminio brillante con opci\u00f3n de difusores en PMMA blanco mate.<\/p>\n<p style=\"text-align: left;\">Cuadrado interno especialmente dise\u00f1ado\u00a0para personalizarlo seg\u00fan la necesidad de cada\u00a0proyecto: Placa de color, salida de aire acondicionado,\u00a0salida de audio o iluminaci\u00f3n puntual\u00a0son algunas de las opciones que han utilizado\u00a0nuestros clientes.<\/p>\n","protected":false},"featured_media":4904,"template":"","meta":{"_joinchat":[]},"product_brand":[],"product_cat":[141,143,136,64,142,139,140,137],"product_tag":[],"class_list":{"0":"post-4072","1":"product","2":"type-product","3":"status-publish","4":"has-post-thumbnail","6":"product_cat-cajas-y-bancos","7":"product_cat-edificios-educativos-aulas","8":"product_cat-gasolinerias","9":"product_cat-interior-decorativo","10":"product_cat-locales-de-usos-multiples","11":"product_cat-oficinas","12":"product_cat-residencias","13":"product_cat-tiendas-gasolinerias","15":"first","16":"instock","17":"shipping-taxable","18":"product-type-simple","19":"layout-style-1","20":"col-md-4 col-sm-4 col-xs-6","21":"col-lg-3","22":"product-has-gallery","23":"product-style-default"},"yoast_head":"<!-- This site is optimized with the Yoast SEO plugin v27.4 - https:\/\/yoast.com\/product\/yoast-seo-wordpress\/ -->\n<title>CUADROMETA - IEP - Iluminaci\u00f3n Eficiente Profesional<\/title>\n<meta name=\"robots\" content=\"index, follow, max-snippet:-1, max-image-preview:large, max-video-preview:-1\" \/>\n<link rel=\"canonical\" href=\"https:\/\/iep-sa.com.ar\/producto\/cuadrometa\/\" \/>\n<meta property=\"og:locale\" content=\"es_ES\" \/>\n<meta property=\"og:type\" content=\"article\" \/>\n<meta property=\"og:title\" content=\"CUADROMETA - IEP - Iluminaci\u00f3n Eficiente Profesional\" \/>\n<meta property=\"og:description\" content=\"Luminaria de embutir en cielo raso de placas tipo durlock o armstrong de 600x600mm. Equipado con placas de led de alta potencia dispuestas en forma CUADROMETA lo cual garantiza una distribuci\u00f3n sim\u00e9trica cualquiera sea el sentido de orientaci\u00f3n. Cuerpo construido en chapa de acero doble decapada con terminaci\u00f3n aluminio brillante con opci\u00f3n de difusores en PMMA blanco mate. Cuadrado interno especialmente dise\u00f1ado\u00a0para personalizarlo seg\u00fan la necesidad de cada\u00a0proyecto: Placa de color, salida de aire acondicionado,\u00a0salida de audio o iluminaci\u00f3n puntual\u00a0son algunas de las opciones que han utilizado\u00a0nuestros clientes.\" \/>\n<meta property=\"og:url\" content=\"https:\/\/iep-sa.com.ar\/producto\/cuadrometa\/\" \/>\n<meta property=\"og:site_name\" content=\"IEP - Iluminaci\u00f3n Eficiente Profesional\" \/>\n<meta property=\"article:modified_time\" content=\"2022-02-15T17:44:57+00:00\" \/>\n<meta property=\"og:image\" content=\"https:\/\/lightyellow-boar-299687.hostingersite.com\/wp-content\/uploads\/2021\/10\/cuadrometa-1.png\" \/>\n\t<meta property=\"og:image:width\" content=\"1028\" \/>\n\t<meta property=\"og:image:height\" content=\"1024\" \/>\n\t<meta property=\"og:image:type\" content=\"image\/png\" \/>\n<meta name=\"twitter:card\" content=\"summary_large_image\" \/>\n<meta name=\"twitter:label1\" content=\"Tiempo de lectura\" \/>\n\t<meta name=\"twitter:data1\" content=\"1 minuto\" \/>\n<script type=\"application\/ld+json\" class=\"yoast-schema-graph\">{\"@context\":\"https:\\\/\\\/schema.org\",\"@graph\":[{\"@type\":\"WebPage\",\"@id\":\"https:\\\/\\\/iep-sa.com.ar\\\/producto\\\/cuadrometa\\\/\",\"url\":\"https:\\\/\\\/iep-sa.com.ar\\\/producto\\\/cuadrometa\\\/\",\"name\":\"CUADROMETA - IEP - Iluminaci\u00f3n Eficiente Profesional\",\"isPartOf\":{\"@id\":\"https:\\\/\\\/iep-sa.com.ar\\\/#website\"},\"primaryImageOfPage\":{\"@id\":\"https:\\\/\\\/iep-sa.com.ar\\\/producto\\\/cuadrometa\\\/#primaryimage\"},\"image\":{\"@id\":\"https:\\\/\\\/iep-sa.com.ar\\\/producto\\\/cuadrometa\\\/#primaryimage\"},\"thumbnailUrl\":\"https:\\\/\\\/iep-sa.com.ar\\\/wp-content\\\/uploads\\\/2021\\\/10\\\/cuadrometa-1.png\",\"datePublished\":\"2021-10-20T21:37:23+00:00\",\"dateModified\":\"2022-02-15T17:44:57+00:00\",\"breadcrumb\":{\"@id\":\"https:\\\/\\\/iep-sa.com.ar\\\/producto\\\/cuadrometa\\\/#breadcrumb\"},\"inLanguage\":\"es\",\"potentialAction\":[{\"@type\":\"ReadAction\",\"target\":[\"https:\\\/\\\/iep-sa.com.ar\\\/producto\\\/cuadrometa\\\/\"]}]},{\"@type\":\"ImageObject\",\"inLanguage\":\"es\",\"@id\":\"https:\\\/\\\/iep-sa.com.ar\\\/producto\\\/cuadrometa\\\/#primaryimage\",\"url\":\"https:\\\/\\\/iep-sa.com.ar\\\/wp-content\\\/uploads\\\/2021\\\/10\\\/cuadrometa-1.png\",\"contentUrl\":\"https:\\\/\\\/iep-sa.com.ar\\\/wp-content\\\/uploads\\\/2021\\\/10\\\/cuadrometa-1.png\",\"width\":1028,\"height\":1024},{\"@type\":\"BreadcrumbList\",\"@id\":\"https:\\\/\\\/iep-sa.com.ar\\\/producto\\\/cuadrometa\\\/#breadcrumb\",\"itemListElement\":[{\"@type\":\"ListItem\",\"position\":1,\"name\":\"Portada\",\"item\":\"https:\\\/\\\/iep-sa.com.ar\\\/\"},{\"@type\":\"ListItem\",\"position\":2,\"name\":\"Productos\",\"item\":\"https:\\\/\\\/iep-sa.com.ar\\\/productos\\\/\"},{\"@type\":\"ListItem\",\"position\":3,\"name\":\"CUADROMETA\"}]},{\"@type\":\"WebSite\",\"@id\":\"https:\\\/\\\/iep-sa.com.ar\\\/#website\",\"url\":\"https:\\\/\\\/iep-sa.com.ar\\\/\",\"name\":\"IEP - Iluminaci\u00f3n Eficiente Profesional\",\"description\":\"Iluminaci\u00f3n Vial - Profesional - Decorativa - Estacionamientos - Gasolineras - Deportiva - P\u00fablica - Privada\",\"publisher\":{\"@id\":\"https:\\\/\\\/iep-sa.com.ar\\\/#organization\"},\"potentialAction\":[{\"@type\":\"SearchAction\",\"target\":{\"@type\":\"EntryPoint\",\"urlTemplate\":\"https:\\\/\\\/iep-sa.com.ar\\\/?s={search_term_string}\"},\"query-input\":{\"@type\":\"PropertyValueSpecification\",\"valueRequired\":true,\"valueName\":\"search_term_string\"}}],\"inLanguage\":\"es\"},{\"@type\":\"Organization\",\"@id\":\"https:\\\/\\\/iep-sa.com.ar\\\/#organization\",\"name\":\"IEP - Iluminaci\u00f3n Eficiente Profesional\",\"url\":\"https:\\\/\\\/iep-sa.com.ar\\\/\",\"logo\":{\"@type\":\"ImageObject\",\"inLanguage\":\"es\",\"@id\":\"https:\\\/\\\/iep-sa.com.ar\\\/#\\\/schema\\\/logo\\\/image\\\/\",\"url\":\"https:\\\/\\\/iep-sa.com.ar\\\/wp-content\\\/uploads\\\/2022\\\/11\\\/cropped-favicon.jpg\",\"contentUrl\":\"https:\\\/\\\/iep-sa.com.ar\\\/wp-content\\\/uploads\\\/2022\\\/11\\\/cropped-favicon.jpg\",\"width\":512,\"height\":512,\"caption\":\"IEP - Iluminaci\u00f3n Eficiente Profesional\"},\"image\":{\"@id\":\"https:\\\/\\\/iep-sa.com.ar\\\/#\\\/schema\\\/logo\\\/image\\\/\"}}]}<\/script>\n<!-- \/ Yoast SEO plugin. -->","yoast_head_json":{"title":"CUADROMETA - IEP - Iluminaci\u00f3n Eficiente Profesional","robots":{"index":"index","follow":"follow","max-snippet":"max-snippet:-1","max-image-preview":"max-image-preview:large","max-video-preview":"max-video-preview:-1"},"canonical":"https:\/\/iep-sa.com.ar\/producto\/cuadrometa\/","og_locale":"es_ES","og_type":"article","og_title":"CUADROMETA - IEP - Iluminaci\u00f3n Eficiente Profesional","og_description":"Luminaria de embutir en cielo raso de placas tipo durlock o armstrong de 600x600mm. Equipado con placas de led de alta potencia dispuestas en forma CUADROMETA lo cual garantiza una distribuci\u00f3n sim\u00e9trica cualquiera sea el sentido de orientaci\u00f3n. Cuerpo construido en chapa de acero doble decapada con terminaci\u00f3n aluminio brillante con opci\u00f3n de difusores en PMMA blanco mate. Cuadrado interno especialmente dise\u00f1ado\u00a0para personalizarlo seg\u00fan la necesidad de cada\u00a0proyecto: Placa de color, salida de aire acondicionado,\u00a0salida de audio o iluminaci\u00f3n puntual\u00a0son algunas de las opciones que han utilizado\u00a0nuestros clientes.","og_url":"https:\/\/iep-sa.com.ar\/producto\/cuadrometa\/","og_site_name":"IEP - Iluminaci\u00f3n Eficiente Profesional","article_modified_time":"2022-02-15T17:44:57+00:00","og_image":[{"width":1028,"height":1024,"url":"https:\/\/lightyellow-boar-299687.hostingersite.com\/wp-content\/uploads\/2021\/10\/cuadrometa-1.png","type":"image\/png"}],"twitter_card":"summary_large_image","twitter_misc":{"Tiempo de lectura":"1 minuto"},"schema":{"@context":"https:\/\/schema.org","@graph":[{"@type":"WebPage","@id":"https:\/\/iep-sa.com.ar\/producto\/cuadrometa\/","url":"https:\/\/iep-sa.com.ar\/producto\/cuadrometa\/","name":"CUADROMETA - IEP - Iluminaci\u00f3n Eficiente Profesional","isPartOf":{"@id":"https:\/\/iep-sa.com.ar\/#website"},"primaryImageOfPage":{"@id":"https:\/\/iep-sa.com.ar\/producto\/cuadrometa\/#primaryimage"},"image":{"@id":"https:\/\/iep-sa.com.ar\/producto\/cuadrometa\/#primaryimage"},"thumbnailUrl":"https:\/\/iep-sa.com.ar\/wp-content\/uploads\/2021\/10\/cuadrometa-1.png","datePublished":"2021-10-20T21:37:23+00:00","dateModified":"2022-02-15T17:44:57+00:00","breadcrumb":{"@id":"https:\/\/iep-sa.com.ar\/producto\/cuadrometa\/#breadcrumb"},"inLanguage":"es","potentialAction":[{"@type":"ReadAction","target":["https:\/\/iep-sa.com.ar\/producto\/cuadrometa\/"]}]},{"@type":"ImageObject","inLanguage":"es","@id":"https:\/\/iep-sa.com.ar\/producto\/cuadrometa\/#primaryimage","url":"https:\/\/iep-sa.com.ar\/wp-content\/uploads\/2021\/10\/cuadrometa-1.png","contentUrl":"https:\/\/iep-sa.com.ar\/wp-content\/uploads\/2021\/10\/cuadrometa-1.png","width":1028,"height":1024},{"@type":"BreadcrumbList","@id":"https:\/\/iep-sa.com.ar\/producto\/cuadrometa\/#breadcrumb","itemListElement":[{"@type":"ListItem","position":1,"name":"Portada","item":"https:\/\/iep-sa.com.ar\/"},{"@type":"ListItem","position":2,"name":"Productos","item":"https:\/\/iep-sa.com.ar\/productos\/"},{"@type":"ListItem","position":3,"name":"CUADROMETA"}]},{"@type":"WebSite","@id":"https:\/\/iep-sa.com.ar\/#website","url":"https:\/\/iep-sa.com.ar\/","name":"IEP - Iluminaci\u00f3n Eficiente Profesional","description":"Iluminaci\u00f3n Vial - Profesional - Decorativa - Estacionamientos - Gasolineras - Deportiva - P\u00fablica - Privada","publisher":{"@id":"https:\/\/iep-sa.com.ar\/#organization"},"potentialAction":[{"@type":"SearchAction","target":{"@type":"EntryPoint","urlTemplate":"https:\/\/iep-sa.com.ar\/?s={search_term_string}"},"query-input":{"@type":"PropertyValueSpecification","valueRequired":true,"valueName":"search_term_string"}}],"inLanguage":"es"},{"@type":"Organization","@id":"https:\/\/iep-sa.com.ar\/#organization","name":"IEP - Iluminaci\u00f3n Eficiente Profesional","url":"https:\/\/iep-sa.com.ar\/","logo":{"@type":"ImageObject","inLanguage":"es","@id":"https:\/\/iep-sa.com.ar\/#\/schema\/logo\/image\/","url":"https:\/\/iep-sa.com.ar\/wp-content\/uploads\/2022\/11\/cropped-favicon.jpg","contentUrl":"https:\/\/iep-sa.com.ar\/wp-content\/uploads\/2022\/11\/cropped-favicon.jpg","width":512,"height":512,"caption":"IEP - Iluminaci\u00f3n Eficiente Profesional"},"image":{"@id":"https:\/\/iep-sa.com.ar\/#\/schema\/logo\/image\/"}}]}},"_links":{"self":[{"href":"https:\/\/iep-sa.com.ar\/nuevo\/wp-json\/wp\/v2\/product\/4072","targetHints":{"allow":["GET"]}}],"collection":[{"href":"https:\/\/iep-sa.com.ar\/nuevo\/wp-json\/wp\/v2\/product"}],"about":[{"href":"https:\/\/iep-sa.com.ar\/nuevo\/wp-json\/wp\/v2\/types\/product"}],"wp:featuredmedia":[{"embeddable":true,"href":"https:\/\/iep-sa.com.ar\/nuevo\/wp-json\/wp\/v2\/media\/4904"}],"wp:attachment":[{"href":"https:\/\/iep-sa.com.ar\/nuevo\/wp-json\/wp\/v2\/media?parent=4072"}],"wp:term":[{"taxonomy":"product_brand","embeddable":true,"href":"https:\/\/iep-sa.com.ar\/nuevo\/wp-json\/wp\/v2\/product_brand?post=4072"},{"taxonomy":"product_cat","embeddable":true,"href":"https:\/\/iep-sa.com.ar\/nuevo\/wp-json\/wp\/v2\/product_cat?post=4072"},{"taxonomy":"product_tag","embeddable":true,"href":"https:\/\/iep-sa.com.ar\/nuevo\/wp-json\/wp\/v2\/product_tag?post=4072"}],"curies":[{"name":"wp","href":"https:\/\/api.w.org\/{rel}","templated":true}]}}