{"id":4064,"date":"2021-10-20T21:19:36","date_gmt":"2021-10-20T21:19:36","guid":{"rendered":"https:\/\/iep-sa.com.ar\/nuevo\/?post_type=product&#038;p=4064"},"modified":"2022-02-11T19:48:17","modified_gmt":"2022-02-11T19:48:17","slug":"pr15","status":"publish","type":"product","link":"https:\/\/iep-sa.com.ar\/nuevo\/producto\/pr15\/","title":{"rendered":"PR 15"},"content":{"rendered":"<h4 style=\"text-align: left;\"><strong>CARACTERISTICAS <\/strong><\/h4>\n<h4 style=\"text-align: left;\"><strong><a href=\"https:\/\/iep-sa.com.ar\/wp-content\/uploads\/2021\/10\/PR-15-4.png\"><img fetchpriority=\"high\" decoding=\"async\" class=\"wp-image-4878 alignleft\" src=\"https:\/\/iep-sa.com.ar\/wp-content\/uploads\/2021\/10\/PR-15-4-1024x725.png\" alt=\"\" width=\"507\" height=\"359\" srcset=\"https:\/\/iep-sa.com.ar\/wp-content\/uploads\/2021\/10\/PR-15-4-1024x725.png 1024w, https:\/\/iep-sa.com.ar\/wp-content\/uploads\/2021\/10\/PR-15-4-300x212.png 300w, https:\/\/iep-sa.com.ar\/wp-content\/uploads\/2021\/10\/PR-15-4-768x544.png 768w, https:\/\/iep-sa.com.ar\/wp-content\/uploads\/2021\/10\/PR-15-4-600x425.png 600w, https:\/\/iep-sa.com.ar\/wp-content\/uploads\/2021\/10\/PR-15-4.png 1082w\" sizes=\"(max-width: 507px) 100vw, 507px\" \/><\/a><a href=\"https:\/\/iep-sa.com.ar\/wp-content\/uploads\/2021\/10\/PR15-3.png\"><img decoding=\"async\" class=\"size-large wp-image-4882 alignleft\" src=\"https:\/\/iep-sa.com.ar\/wp-content\/uploads\/2021\/10\/PR15-3-1024x174.png\" alt=\"\" width=\"640\" height=\"109\" srcset=\"https:\/\/iep-sa.com.ar\/wp-content\/uploads\/2021\/10\/PR15-3-1024x174.png 1024w, https:\/\/iep-sa.com.ar\/wp-content\/uploads\/2021\/10\/PR15-3-300x51.png 300w, https:\/\/iep-sa.com.ar\/wp-content\/uploads\/2021\/10\/PR15-3-768x130.png 768w, https:\/\/iep-sa.com.ar\/wp-content\/uploads\/2021\/10\/PR15-3-1536x260.png 1536w, https:\/\/iep-sa.com.ar\/wp-content\/uploads\/2021\/10\/PR15-3-2048x347.png 2048w, https:\/\/iep-sa.com.ar\/wp-content\/uploads\/2021\/10\/PR15-3-600x102.png 600w\" sizes=\"(max-width: 640px) 100vw, 640px\" \/><\/a><br \/>\n<\/strong><\/h4>\n<h4><\/h4>\n<p>&nbsp;<\/p>\n<p>&nbsp;<\/p>\n<p>&nbsp;<\/p>\n<p>&nbsp;<\/p>\n<p>&nbsp;<\/p>\n<p>&nbsp;<\/p>\n<p>&nbsp;<\/p>\n<p>&nbsp;<\/p>\n<p>&nbsp;<\/p>\n<p>&nbsp;<\/p>\n<p>&nbsp;<\/p>\n<p>&nbsp;<\/p>\n<p>&nbsp;<\/p>\n<h4 style=\"text-align: left;\"><strong>MEDIDAS<\/strong><\/h4>\n<p><img decoding=\"async\" class=\"wp-image-4880 alignleft\" src=\"https:\/\/iep-sa.com.ar\/wp-content\/uploads\/2021\/10\/PR15-1.png\" alt=\"\" width=\"462\" height=\"261\" \/><\/p>\n<h4><\/h4>\n<h4><\/h4>\n<p>&nbsp;<\/p>\n<p>&nbsp;<\/p>\n<p>&nbsp;<\/p>\n<p>&nbsp;<\/p>\n<p>&nbsp;<\/p>\n<p>&nbsp;<\/p>\n<p>&nbsp;<\/p>\n<p>&nbsp;<\/p>\n<p>&nbsp;<\/p>\n<p>&nbsp;<\/p>\n<p>&nbsp;<\/p>\n<p>&nbsp;<\/p>\n<p>&nbsp;<\/p>\n<h4 style=\"text-align: left;\"><strong>CURVAS FOTOM\u00c9TRICAS<\/strong><\/h4>\n<p><img loading=\"lazy\" decoding=\"async\" class=\"size-large wp-image-4881 alignleft\" src=\"https:\/\/iep-sa.com.ar\/wp-content\/uploads\/2021\/10\/PR15-2-1024x289.png\" alt=\"\" width=\"640\" height=\"181\" srcset=\"https:\/\/iep-sa.com.ar\/wp-content\/uploads\/2021\/10\/PR15-2-1024x289.png 1024w, https:\/\/iep-sa.com.ar\/wp-content\/uploads\/2021\/10\/PR15-2-300x85.png 300w, https:\/\/iep-sa.com.ar\/wp-content\/uploads\/2021\/10\/PR15-2-768x217.png 768w, https:\/\/iep-sa.com.ar\/wp-content\/uploads\/2021\/10\/PR15-2-1536x434.png 1536w, https:\/\/iep-sa.com.ar\/wp-content\/uploads\/2021\/10\/PR15-2-600x170.png 600w, https:\/\/iep-sa.com.ar\/wp-content\/uploads\/2021\/10\/PR15-2.png 1606w\" sizes=\"(max-width: 640px) 100vw, 640px\" \/><\/p>\n<p>&nbsp;<\/p>\n<p>&nbsp;<\/p>\n<p>&nbsp;<\/p>\n<p>&nbsp;<\/p>\n<p>&nbsp;<\/p>\n<h4 style=\"text-align: left;\"><strong>DESCARGAS<\/strong><\/h4>\n<p style=\"text-align: left;\"><a href=\"https:\/\/iep-sa.com.ar\/wp-content\/uploads\/2021\/10\/PR-15.pdf\">Ficha T\u00e9cnica Pr15<\/a><\/p>\n<p style=\"text-align: left;\"><a href=\"https:\/\/iep-sa.com.ar\/wp-content\/uploads\/2021\/10\/pr15-cad.dwg_.zip\">Cad Pr15<\/a><\/p>\n<p style=\"text-align: left;\">\n","protected":false},"excerpt":{"rendered":"<p class=\"p1\">Proyector PR15 apto para diferentes aplicaciones por su tama\u00f1o, ideal para espacios exteriores, parques, jardines, \u00e1reas de estacionamiento por poder tener cambio de fotometr\u00edas viales. Se puede colocar diferentes aperturas de haz para adaptarlo seg\u00fan se requiera.\u00a0 \u00a0El Pr15, tambien puede aplicarse en espacios interiores, como gimnasios, peque\u00f1os galpones y Estacionamientos.<\/p>\n","protected":false},"featured_media":4568,"template":"","meta":{"_joinchat":[]},"product_brand":[],"product_cat":[149,153,152,148,150,151,63,154],"product_tag":[],"class_list":{"0":"post-4064","1":"product","2":"type-product","3":"status-publish","4":"has-post-thumbnail","6":"product_cat-banadores","7":"product_cat-estadios","8":"product_cat-exterior-grandes-areas-deportivas","9":"product_cat-fachadas-y-monumentos","10":"product_cat-grandes-areas-deportivas","11":"product_cat-interior-grandes-areas-deportivas","12":"product_cat-proyectores","13":"product_cat-tuneles-y-puentes","15":"first","16":"instock","17":"shipping-taxable","18":"product-type-simple","19":"layout-style-1","20":"col-md-4 col-sm-4 col-xs-6","21":"col-lg-3","22":"product-has-gallery","23":"product-style-default"},"yoast_head":"<!-- This site is optimized with the Yoast SEO plugin v27.4 - https:\/\/yoast.com\/product\/yoast-seo-wordpress\/ -->\n<title>PR 15 - IEP - Iluminaci\u00f3n Eficiente Profesional<\/title>\n<meta name=\"robots\" content=\"index, follow, max-snippet:-1, max-image-preview:large, max-video-preview:-1\" \/>\n<link rel=\"canonical\" href=\"https:\/\/iep-sa.com.ar\/producto\/pr15\/\" \/>\n<meta property=\"og:locale\" content=\"es_ES\" \/>\n<meta property=\"og:type\" content=\"article\" \/>\n<meta property=\"og:title\" content=\"PR 15 - IEP - Iluminaci\u00f3n Eficiente Profesional\" \/>\n<meta property=\"og:description\" content=\"Proyector PR15 apto para diferentes aplicaciones por su tama\u00f1o, ideal para espacios exteriores, parques, jardines, \u00e1reas de estacionamiento por poder tener cambio de fotometr\u00edas viales. Se puede colocar diferentes aperturas de haz para adaptarlo seg\u00fan se requiera.\u00a0 \u00a0El Pr15, tambien puede aplicarse en espacios interiores, como gimnasios, peque\u00f1os galpones y Estacionamientos.\" \/>\n<meta property=\"og:url\" content=\"https:\/\/iep-sa.com.ar\/producto\/pr15\/\" \/>\n<meta property=\"og:site_name\" content=\"IEP - Iluminaci\u00f3n Eficiente Profesional\" \/>\n<meta property=\"article:modified_time\" content=\"2022-02-11T19:48:17+00:00\" \/>\n<meta property=\"og:image\" content=\"https:\/\/lightyellow-boar-299687.hostingersite.com\/wp-content\/uploads\/2021\/10\/PR15-LED.jpg\" \/>\n\t<meta property=\"og:image:width\" content=\"2480\" \/>\n\t<meta property=\"og:image:height\" content=\"2480\" \/>\n\t<meta property=\"og:image:type\" content=\"image\/jpeg\" \/>\n<meta name=\"twitter:card\" content=\"summary_large_image\" \/>\n<meta name=\"twitter:label1\" content=\"Tiempo de lectura\" \/>\n\t<meta name=\"twitter:data1\" content=\"1 minuto\" \/>\n<script type=\"application\/ld+json\" class=\"yoast-schema-graph\">{\"@context\":\"https:\\\/\\\/schema.org\",\"@graph\":[{\"@type\":\"WebPage\",\"@id\":\"https:\\\/\\\/iep-sa.com.ar\\\/producto\\\/pr15\\\/\",\"url\":\"https:\\\/\\\/iep-sa.com.ar\\\/producto\\\/pr15\\\/\",\"name\":\"PR 15 - IEP - Iluminaci\u00f3n Eficiente Profesional\",\"isPartOf\":{\"@id\":\"https:\\\/\\\/iep-sa.com.ar\\\/#website\"},\"primaryImageOfPage\":{\"@id\":\"https:\\\/\\\/iep-sa.com.ar\\\/producto\\\/pr15\\\/#primaryimage\"},\"image\":{\"@id\":\"https:\\\/\\\/iep-sa.com.ar\\\/producto\\\/pr15\\\/#primaryimage\"},\"thumbnailUrl\":\"https:\\\/\\\/iep-sa.com.ar\\\/wp-content\\\/uploads\\\/2021\\\/10\\\/PR15-LED.jpg\",\"datePublished\":\"2021-10-20T21:19:36+00:00\",\"dateModified\":\"2022-02-11T19:48:17+00:00\",\"breadcrumb\":{\"@id\":\"https:\\\/\\\/iep-sa.com.ar\\\/producto\\\/pr15\\\/#breadcrumb\"},\"inLanguage\":\"es\",\"potentialAction\":[{\"@type\":\"ReadAction\",\"target\":[\"https:\\\/\\\/iep-sa.com.ar\\\/producto\\\/pr15\\\/\"]}]},{\"@type\":\"ImageObject\",\"inLanguage\":\"es\",\"@id\":\"https:\\\/\\\/iep-sa.com.ar\\\/producto\\\/pr15\\\/#primaryimage\",\"url\":\"https:\\\/\\\/iep-sa.com.ar\\\/wp-content\\\/uploads\\\/2021\\\/10\\\/PR15-LED.jpg\",\"contentUrl\":\"https:\\\/\\\/iep-sa.com.ar\\\/wp-content\\\/uploads\\\/2021\\\/10\\\/PR15-LED.jpg\",\"width\":2480,\"height\":2480},{\"@type\":\"BreadcrumbList\",\"@id\":\"https:\\\/\\\/iep-sa.com.ar\\\/producto\\\/pr15\\\/#breadcrumb\",\"itemListElement\":[{\"@type\":\"ListItem\",\"position\":1,\"name\":\"Portada\",\"item\":\"https:\\\/\\\/iep-sa.com.ar\\\/\"},{\"@type\":\"ListItem\",\"position\":2,\"name\":\"Productos\",\"item\":\"https:\\\/\\\/iep-sa.com.ar\\\/productos\\\/\"},{\"@type\":\"ListItem\",\"position\":3,\"name\":\"PR 15\"}]},{\"@type\":\"WebSite\",\"@id\":\"https:\\\/\\\/iep-sa.com.ar\\\/#website\",\"url\":\"https:\\\/\\\/iep-sa.com.ar\\\/\",\"name\":\"IEP - Iluminaci\u00f3n Eficiente Profesional\",\"description\":\"Iluminaci\u00f3n Vial - Profesional - Decorativa - Estacionamientos - Gasolineras - Deportiva - P\u00fablica - Privada\",\"publisher\":{\"@id\":\"https:\\\/\\\/iep-sa.com.ar\\\/#organization\"},\"potentialAction\":[{\"@type\":\"SearchAction\",\"target\":{\"@type\":\"EntryPoint\",\"urlTemplate\":\"https:\\\/\\\/iep-sa.com.ar\\\/?s={search_term_string}\"},\"query-input\":{\"@type\":\"PropertyValueSpecification\",\"valueRequired\":true,\"valueName\":\"search_term_string\"}}],\"inLanguage\":\"es\"},{\"@type\":\"Organization\",\"@id\":\"https:\\\/\\\/iep-sa.com.ar\\\/#organization\",\"name\":\"IEP - Iluminaci\u00f3n Eficiente Profesional\",\"url\":\"https:\\\/\\\/iep-sa.com.ar\\\/\",\"logo\":{\"@type\":\"ImageObject\",\"inLanguage\":\"es\",\"@id\":\"https:\\\/\\\/iep-sa.com.ar\\\/#\\\/schema\\\/logo\\\/image\\\/\",\"url\":\"https:\\\/\\\/iep-sa.com.ar\\\/wp-content\\\/uploads\\\/2022\\\/11\\\/cropped-favicon.jpg\",\"contentUrl\":\"https:\\\/\\\/iep-sa.com.ar\\\/wp-content\\\/uploads\\\/2022\\\/11\\\/cropped-favicon.jpg\",\"width\":512,\"height\":512,\"caption\":\"IEP - Iluminaci\u00f3n Eficiente Profesional\"},\"image\":{\"@id\":\"https:\\\/\\\/iep-sa.com.ar\\\/#\\\/schema\\\/logo\\\/image\\\/\"}}]}<\/script>\n<!-- \/ Yoast SEO plugin. -->","yoast_head_json":{"title":"PR 15 - IEP - Iluminaci\u00f3n Eficiente Profesional","robots":{"index":"index","follow":"follow","max-snippet":"max-snippet:-1","max-image-preview":"max-image-preview:large","max-video-preview":"max-video-preview:-1"},"canonical":"https:\/\/iep-sa.com.ar\/producto\/pr15\/","og_locale":"es_ES","og_type":"article","og_title":"PR 15 - IEP - Iluminaci\u00f3n Eficiente Profesional","og_description":"Proyector PR15 apto para diferentes aplicaciones por su tama\u00f1o, ideal para espacios exteriores, parques, jardines, \u00e1reas de estacionamiento por poder tener cambio de fotometr\u00edas viales. Se puede colocar diferentes aperturas de haz para adaptarlo seg\u00fan se requiera.\u00a0 \u00a0El Pr15, tambien puede aplicarse en espacios interiores, como gimnasios, peque\u00f1os galpones y Estacionamientos.","og_url":"https:\/\/iep-sa.com.ar\/producto\/pr15\/","og_site_name":"IEP - Iluminaci\u00f3n Eficiente Profesional","article_modified_time":"2022-02-11T19:48:17+00:00","og_image":[{"width":2480,"height":2480,"url":"https:\/\/lightyellow-boar-299687.hostingersite.com\/wp-content\/uploads\/2021\/10\/PR15-LED.jpg","type":"image\/jpeg"}],"twitter_card":"summary_large_image","twitter_misc":{"Tiempo de lectura":"1 minuto"},"schema":{"@context":"https:\/\/schema.org","@graph":[{"@type":"WebPage","@id":"https:\/\/iep-sa.com.ar\/producto\/pr15\/","url":"https:\/\/iep-sa.com.ar\/producto\/pr15\/","name":"PR 15 - IEP - Iluminaci\u00f3n Eficiente Profesional","isPartOf":{"@id":"https:\/\/iep-sa.com.ar\/#website"},"primaryImageOfPage":{"@id":"https:\/\/iep-sa.com.ar\/producto\/pr15\/#primaryimage"},"image":{"@id":"https:\/\/iep-sa.com.ar\/producto\/pr15\/#primaryimage"},"thumbnailUrl":"https:\/\/iep-sa.com.ar\/wp-content\/uploads\/2021\/10\/PR15-LED.jpg","datePublished":"2021-10-20T21:19:36+00:00","dateModified":"2022-02-11T19:48:17+00:00","breadcrumb":{"@id":"https:\/\/iep-sa.com.ar\/producto\/pr15\/#breadcrumb"},"inLanguage":"es","potentialAction":[{"@type":"ReadAction","target":["https:\/\/iep-sa.com.ar\/producto\/pr15\/"]}]},{"@type":"ImageObject","inLanguage":"es","@id":"https:\/\/iep-sa.com.ar\/producto\/pr15\/#primaryimage","url":"https:\/\/iep-sa.com.ar\/wp-content\/uploads\/2021\/10\/PR15-LED.jpg","contentUrl":"https:\/\/iep-sa.com.ar\/wp-content\/uploads\/2021\/10\/PR15-LED.jpg","width":2480,"height":2480},{"@type":"BreadcrumbList","@id":"https:\/\/iep-sa.com.ar\/producto\/pr15\/#breadcrumb","itemListElement":[{"@type":"ListItem","position":1,"name":"Portada","item":"https:\/\/iep-sa.com.ar\/"},{"@type":"ListItem","position":2,"name":"Productos","item":"https:\/\/iep-sa.com.ar\/productos\/"},{"@type":"ListItem","position":3,"name":"PR 15"}]},{"@type":"WebSite","@id":"https:\/\/iep-sa.com.ar\/#website","url":"https:\/\/iep-sa.com.ar\/","name":"IEP - Iluminaci\u00f3n Eficiente Profesional","description":"Iluminaci\u00f3n Vial - Profesional - Decorativa - Estacionamientos - Gasolineras - Deportiva - P\u00fablica - Privada","publisher":{"@id":"https:\/\/iep-sa.com.ar\/#organization"},"potentialAction":[{"@type":"SearchAction","target":{"@type":"EntryPoint","urlTemplate":"https:\/\/iep-sa.com.ar\/?s={search_term_string}"},"query-input":{"@type":"PropertyValueSpecification","valueRequired":true,"valueName":"search_term_string"}}],"inLanguage":"es"},{"@type":"Organization","@id":"https:\/\/iep-sa.com.ar\/#organization","name":"IEP - Iluminaci\u00f3n Eficiente Profesional","url":"https:\/\/iep-sa.com.ar\/","logo":{"@type":"ImageObject","inLanguage":"es","@id":"https:\/\/iep-sa.com.ar\/#\/schema\/logo\/image\/","url":"https:\/\/iep-sa.com.ar\/wp-content\/uploads\/2022\/11\/cropped-favicon.jpg","contentUrl":"https:\/\/iep-sa.com.ar\/wp-content\/uploads\/2022\/11\/cropped-favicon.jpg","width":512,"height":512,"caption":"IEP - Iluminaci\u00f3n Eficiente Profesional"},"image":{"@id":"https:\/\/iep-sa.com.ar\/#\/schema\/logo\/image\/"}}]}},"_links":{"self":[{"href":"https:\/\/iep-sa.com.ar\/nuevo\/wp-json\/wp\/v2\/product\/4064","targetHints":{"allow":["GET"]}}],"collection":[{"href":"https:\/\/iep-sa.com.ar\/nuevo\/wp-json\/wp\/v2\/product"}],"about":[{"href":"https:\/\/iep-sa.com.ar\/nuevo\/wp-json\/wp\/v2\/types\/product"}],"wp:featuredmedia":[{"embeddable":true,"href":"https:\/\/iep-sa.com.ar\/nuevo\/wp-json\/wp\/v2\/media\/4568"}],"wp:attachment":[{"href":"https:\/\/iep-sa.com.ar\/nuevo\/wp-json\/wp\/v2\/media?parent=4064"}],"wp:term":[{"taxonomy":"product_brand","embeddable":true,"href":"https:\/\/iep-sa.com.ar\/nuevo\/wp-json\/wp\/v2\/product_brand?post=4064"},{"taxonomy":"product_cat","embeddable":true,"href":"https:\/\/iep-sa.com.ar\/nuevo\/wp-json\/wp\/v2\/product_cat?post=4064"},{"taxonomy":"product_tag","embeddable":true,"href":"https:\/\/iep-sa.com.ar\/nuevo\/wp-json\/wp\/v2\/product_tag?post=4064"}],"curies":[{"name":"wp","href":"https:\/\/api.w.org\/{rel}","templated":true}]}}