{"id":4036,"date":"2021-10-20T20:40:42","date_gmt":"2021-10-20T20:40:42","guid":{"rendered":"https:\/\/iep-sa.com.ar\/nuevo\/?post_type=product&#038;p=4036"},"modified":"2025-04-23T17:52:05","modified_gmt":"2025-04-23T17:52:05","slug":"illion-proyector","status":"publish","type":"product","link":"https:\/\/iep-sa.com.ar\/nuevo\/producto\/illion-proyector\/","title":{"rendered":"ILLION Proyector"},"content":{"rendered":"<h4 style=\"text-align: left;\"><strong>CARACTERISTICAS<\/strong><a href=\"https:\/\/iep-sa.com.ar\/wp-content\/uploads\/2021\/10\/illion-3.png\"><br \/>\n<img fetchpriority=\"high\" decoding=\"async\" class=\"size-large wp-image-4833 alignleft\" src=\"https:\/\/iep-sa.com.ar\/wp-content\/uploads\/2021\/10\/illion-3-1024x191.png\" alt=\"\" width=\"640\" height=\"119\" srcset=\"https:\/\/iep-sa.com.ar\/wp-content\/uploads\/2021\/10\/illion-3-1024x191.png 1024w, https:\/\/iep-sa.com.ar\/wp-content\/uploads\/2021\/10\/illion-3-300x56.png 300w, https:\/\/iep-sa.com.ar\/wp-content\/uploads\/2021\/10\/illion-3-768x143.png 768w, https:\/\/iep-sa.com.ar\/wp-content\/uploads\/2021\/10\/illion-3-600x112.png 600w, https:\/\/iep-sa.com.ar\/wp-content\/uploads\/2021\/10\/illion-3.png 1502w\" sizes=\"(max-width: 640px) 100vw, 640px\" \/><\/a><\/h4>\n<h4><\/h4>\n<h4><\/h4>\n<h4><a href=\"https:\/\/iep-sa.com.ar\/wp-content\/uploads\/2021\/10\/illion-4.png\"><img decoding=\"async\" class=\" wp-image-4834 alignleft\" src=\"https:\/\/iep-sa.com.ar\/wp-content\/uploads\/2021\/10\/illion-4.png\" alt=\"\" width=\"480\" height=\"478\" srcset=\"https:\/\/iep-sa.com.ar\/wp-content\/uploads\/2021\/10\/illion-4.png 908w, https:\/\/iep-sa.com.ar\/wp-content\/uploads\/2021\/10\/illion-4-300x300.png 300w, https:\/\/iep-sa.com.ar\/wp-content\/uploads\/2021\/10\/illion-4-150x150.png 150w, https:\/\/iep-sa.com.ar\/wp-content\/uploads\/2021\/10\/illion-4-768x766.png 768w, https:\/\/iep-sa.com.ar\/wp-content\/uploads\/2021\/10\/illion-4-100x100.png 100w, https:\/\/iep-sa.com.ar\/wp-content\/uploads\/2021\/10\/illion-4-600x599.png 600w\" sizes=\"(max-width: 480px) 100vw, 480px\" \/><\/a><\/h4>\n<h4><\/h4>\n<p>&nbsp;<\/p>\n<p>&nbsp;<\/p>\n<h4><\/h4>\n<h4><\/h4>\n<h4><\/h4>\n<h4><\/h4>\n<h4><\/h4>\n<h4><\/h4>\n<h4><\/h4>\n<h4><\/h4>\n<h4><\/h4>\n<h4><\/h4>\n<h4><\/h4>\n<h4><\/h4>\n<h4><\/h4>\n<h4><\/h4>\n<p>&nbsp;<\/p>\n<p>&nbsp;<\/p>\n<p>&nbsp;<\/p>\n<p>&nbsp;<\/p>\n<p>&nbsp;<\/p>\n<p>&nbsp;<\/p>\n<p>&nbsp;<\/p>\n<p>&nbsp;<\/p>\n<p>&nbsp;<\/p>\n<p>&nbsp;<\/p>\n<p>&nbsp;<\/p>\n<p>&nbsp;<\/p>\n<h4><\/h4>\n<h4 style=\"text-align: left;\"><strong>MEDIDAS<\/strong><\/h4>\n<div class=\"layoutArea\">\n<div class=\"column\">\n<p><a href=\"https:\/\/iep-sa.com.ar\/wp-content\/uploads\/2021\/10\/illion-5.png\"><img decoding=\"async\" class=\"size-large wp-image-4835 alignleft\" src=\"https:\/\/iep-sa.com.ar\/wp-content\/uploads\/2021\/10\/illion-5.png\" alt=\"\" width=\"640\" height=\"229\" srcset=\"https:\/\/iep-sa.com.ar\/wp-content\/uploads\/2021\/10\/illion-5.png 688w, https:\/\/iep-sa.com.ar\/wp-content\/uploads\/2021\/10\/illion-5-300x107.png 300w, https:\/\/iep-sa.com.ar\/wp-content\/uploads\/2021\/10\/illion-5-600x215.png 600w\" sizes=\"(max-width: 640px) 100vw, 640px\" \/><\/a><\/p>\n<\/div>\n<div class=\"column\">\n<h4><\/h4>\n<h4><\/h4>\n<h4><\/h4>\n<h4><\/h4>\n<h4><\/h4>\n<\/div>\n<\/div>\n<h4><\/h4>\n<p>&nbsp;<\/p>\n<p>&nbsp;<\/p>\n<p>&nbsp;<\/p>\n<p>&nbsp;<\/p>\n<p>&nbsp;<\/p>\n<p>&nbsp;<\/p>\n<p>&nbsp;<\/p>\n<div class=\"layoutArea\">\n<div class=\"column\">\n<h4 style=\"text-align: left;\"><strong>CURVAS FOTOM\u00c9TRICAS<\/strong><\/h4>\n<\/div>\n<\/div>\n<div class=\"layoutArea\">\n<div class=\"column\">\n<div class=\"column\">\n<h3><a href=\"https:\/\/iep-sa.com.ar\/wp-content\/uploads\/2021\/10\/illion-6.png\"><img loading=\"lazy\" decoding=\"async\" class=\" wp-image-4837 alignleft\" src=\"https:\/\/iep-sa.com.ar\/wp-content\/uploads\/2021\/10\/illion-6.png\" alt=\"\" width=\"394\" height=\"211\" srcset=\"https:\/\/iep-sa.com.ar\/wp-content\/uploads\/2021\/10\/illion-6.png 862w, https:\/\/iep-sa.com.ar\/wp-content\/uploads\/2021\/10\/illion-6-300x161.png 300w, https:\/\/iep-sa.com.ar\/wp-content\/uploads\/2021\/10\/illion-6-768x412.png 768w, https:\/\/iep-sa.com.ar\/wp-content\/uploads\/2021\/10\/illion-6-600x322.png 600w\" sizes=\"(max-width: 394px) 100vw, 394px\" \/><\/a><\/h3>\n<h3><\/h3>\n<h3><\/h3>\n<h3><\/h3>\n<h3><\/h3>\n<\/div>\n<\/div>\n<\/div>\n<h3><\/h3>\n<p>&nbsp;<\/p>\n<p>&nbsp;<\/p>\n<p>&nbsp;<\/p>\n<p>&nbsp;<\/p>\n<div class=\"layoutArea\">\n<div class=\"column\">\n<div class=\"column\">\n<h3><\/h3>\n<h3><\/h3>\n<h3><\/h3>\n<h3><\/h3>\n<h3><\/h3>\n<h3><\/h3>\n<h3><\/h3>\n<h3><\/h3>\n<h3><\/h3>\n<h3><\/h3>\n<h3><\/h3>\n<h3><\/h3>\n<h3><\/h3>\n<h3><\/h3>\n<\/div>\n<\/div>\n<\/div>\n<h3><\/h3>\n<p>&nbsp;<\/p>\n<p>&nbsp;<\/p>\n<p>&nbsp;<\/p>\n<div class=\"layoutArea\">\n<div class=\"column\">\n<div class=\"column\">\n<h3 style=\"text-align: left;\"><b>DESCARGAS<\/b><\/h3>\n<div class=\"wp-block-file\" style=\"text-align: left;\">\n<p><a href=\"https:\/\/iep-sa.com.ar\/wp-content\/uploads\/2021\/10\/ILLION-PROYECTOR-2.0-.pdf\">ILLION Proyector Ficha T\u00e9cnica<\/a><\/p>\n<p><a href=\"https:\/\/iep-sa.com.ar\/wp-content\/uploads\/2021\/10\/ILLION.zip\">\u00a0Illion proyector fotometr\u00edas\u00a0<\/a><\/p>\n<\/div>\n<p style=\"text-align: left;\"><a href=\"https:\/\/iep-sa.com.ar\/wp-content\/uploads\/2021\/10\/ILLION-.dwg_.zip\">Illion CAD<\/a><\/p>\n<\/div>\n<\/div>\n<\/div>\n","protected":false},"excerpt":{"rendered":"<p style=\"text-align: left;\">La luminaria Illion LED Proyector es la soluci\u00f3n de iluminaci\u00f3n ideal para los entornos exigentes. Esto es v\u00e1lido para los grandes estadios, canchas, y grandes areas de exterior, areas de estacionamiento o pabellones deportivos. Requiriendo un m\u00ednimo de mantenimiento durante el servicio. Adem\u00e1s, puede adaptarse a requisitos individuales, proporcionando as\u00ed siempre una alta calidad de luz en todas las \u00e1reas importantes para la seguridad.<\/p>\n","protected":false},"featured_media":4836,"template":"","meta":{"_joinchat":[]},"product_brand":[],"product_cat":[149,76,153,135,152,148,150,151,134,63,123,154],"product_tag":[],"class_list":{"0":"post-4036","1":"product","2":"type-product","3":"status-publish","4":"has-post-thumbnail","6":"product_cat-banadores","7":"product_cat-estacionamientos","8":"product_cat-estadios","9":"product_cat-exterior","10":"product_cat-exterior-grandes-areas-deportivas","11":"product_cat-fachadas-y-monumentos","12":"product_cat-grandes-areas-deportivas","13":"product_cat-interior-grandes-areas-deportivas","14":"product_cat-interior","15":"product_cat-proyectores","16":"product_cat-torres-de-iluminacion","17":"product_cat-tuneles-y-puentes","19":"first","20":"instock","21":"shipping-taxable","22":"product-type-simple","23":"layout-style-1","24":"col-md-4 col-sm-4 col-xs-6","25":"col-lg-3","26":"product-has-gallery","27":"product-style-default"},"yoast_head":"<!-- This site is optimized with the Yoast SEO plugin v27.4 - https:\/\/yoast.com\/product\/yoast-seo-wordpress\/ -->\n<title>ILLION Proyector - IEP - Iluminaci\u00f3n Eficiente Profesional<\/title>\n<meta name=\"robots\" content=\"index, follow, max-snippet:-1, max-image-preview:large, max-video-preview:-1\" \/>\n<link rel=\"canonical\" href=\"https:\/\/iep-sa.com.ar\/producto\/illion-proyector\/\" \/>\n<meta property=\"og:locale\" content=\"es_ES\" \/>\n<meta property=\"og:type\" content=\"article\" \/>\n<meta property=\"og:title\" content=\"ILLION Proyector - IEP - Iluminaci\u00f3n Eficiente Profesional\" \/>\n<meta property=\"og:description\" content=\"La luminaria Illion LED Proyector es la soluci\u00f3n de iluminaci\u00f3n ideal para los entornos exigentes. Esto es v\u00e1lido para los grandes estadios, canchas, y grandes areas de exterior, areas de estacionamiento o pabellones deportivos. Requiriendo un m\u00ednimo de mantenimiento durante el servicio. Adem\u00e1s, puede adaptarse a requisitos individuales, proporcionando as\u00ed siempre una alta calidad de luz en todas las \u00e1reas importantes para la seguridad.\" \/>\n<meta property=\"og:url\" content=\"https:\/\/iep-sa.com.ar\/producto\/illion-proyector\/\" \/>\n<meta property=\"og:site_name\" content=\"IEP - Iluminaci\u00f3n Eficiente Profesional\" \/>\n<meta property=\"article:modified_time\" content=\"2025-04-23T17:52:05+00:00\" \/>\n<meta property=\"og:image\" content=\"https:\/\/lightyellow-boar-299687.hostingersite.com\/wp-content\/uploads\/2021\/10\/illion-1.png\" \/>\n\t<meta property=\"og:image:width\" content=\"1110\" \/>\n\t<meta property=\"og:image:height\" content=\"1110\" \/>\n\t<meta property=\"og:image:type\" content=\"image\/png\" \/>\n<meta name=\"twitter:card\" content=\"summary_large_image\" \/>\n<meta name=\"twitter:label1\" content=\"Tiempo de lectura\" \/>\n\t<meta name=\"twitter:data1\" content=\"2 minutos\" \/>\n<script type=\"application\/ld+json\" class=\"yoast-schema-graph\">{\"@context\":\"https:\\\/\\\/schema.org\",\"@graph\":[{\"@type\":\"WebPage\",\"@id\":\"https:\\\/\\\/iep-sa.com.ar\\\/producto\\\/illion-proyector\\\/\",\"url\":\"https:\\\/\\\/iep-sa.com.ar\\\/producto\\\/illion-proyector\\\/\",\"name\":\"ILLION Proyector - IEP - Iluminaci\u00f3n Eficiente Profesional\",\"isPartOf\":{\"@id\":\"https:\\\/\\\/iep-sa.com.ar\\\/#website\"},\"primaryImageOfPage\":{\"@id\":\"https:\\\/\\\/iep-sa.com.ar\\\/producto\\\/illion-proyector\\\/#primaryimage\"},\"image\":{\"@id\":\"https:\\\/\\\/iep-sa.com.ar\\\/producto\\\/illion-proyector\\\/#primaryimage\"},\"thumbnailUrl\":\"https:\\\/\\\/iep-sa.com.ar\\\/wp-content\\\/uploads\\\/2021\\\/10\\\/illion-1.png\",\"datePublished\":\"2021-10-20T20:40:42+00:00\",\"dateModified\":\"2025-04-23T17:52:05+00:00\",\"breadcrumb\":{\"@id\":\"https:\\\/\\\/iep-sa.com.ar\\\/producto\\\/illion-proyector\\\/#breadcrumb\"},\"inLanguage\":\"es\",\"potentialAction\":[{\"@type\":\"ReadAction\",\"target\":[\"https:\\\/\\\/iep-sa.com.ar\\\/producto\\\/illion-proyector\\\/\"]}]},{\"@type\":\"ImageObject\",\"inLanguage\":\"es\",\"@id\":\"https:\\\/\\\/iep-sa.com.ar\\\/producto\\\/illion-proyector\\\/#primaryimage\",\"url\":\"https:\\\/\\\/iep-sa.com.ar\\\/wp-content\\\/uploads\\\/2021\\\/10\\\/illion-1.png\",\"contentUrl\":\"https:\\\/\\\/iep-sa.com.ar\\\/wp-content\\\/uploads\\\/2021\\\/10\\\/illion-1.png\",\"width\":1110,\"height\":1110},{\"@type\":\"BreadcrumbList\",\"@id\":\"https:\\\/\\\/iep-sa.com.ar\\\/producto\\\/illion-proyector\\\/#breadcrumb\",\"itemListElement\":[{\"@type\":\"ListItem\",\"position\":1,\"name\":\"Portada\",\"item\":\"https:\\\/\\\/iep-sa.com.ar\\\/\"},{\"@type\":\"ListItem\",\"position\":2,\"name\":\"Productos\",\"item\":\"https:\\\/\\\/iep-sa.com.ar\\\/productos\\\/\"},{\"@type\":\"ListItem\",\"position\":3,\"name\":\"ILLION Proyector\"}]},{\"@type\":\"WebSite\",\"@id\":\"https:\\\/\\\/iep-sa.com.ar\\\/#website\",\"url\":\"https:\\\/\\\/iep-sa.com.ar\\\/\",\"name\":\"IEP - Iluminaci\u00f3n Eficiente Profesional\",\"description\":\"Iluminaci\u00f3n Vial - Profesional - Decorativa - Estacionamientos - Gasolineras - Deportiva - P\u00fablica - Privada\",\"publisher\":{\"@id\":\"https:\\\/\\\/iep-sa.com.ar\\\/#organization\"},\"potentialAction\":[{\"@type\":\"SearchAction\",\"target\":{\"@type\":\"EntryPoint\",\"urlTemplate\":\"https:\\\/\\\/iep-sa.com.ar\\\/?s={search_term_string}\"},\"query-input\":{\"@type\":\"PropertyValueSpecification\",\"valueRequired\":true,\"valueName\":\"search_term_string\"}}],\"inLanguage\":\"es\"},{\"@type\":\"Organization\",\"@id\":\"https:\\\/\\\/iep-sa.com.ar\\\/#organization\",\"name\":\"IEP - Iluminaci\u00f3n Eficiente Profesional\",\"url\":\"https:\\\/\\\/iep-sa.com.ar\\\/\",\"logo\":{\"@type\":\"ImageObject\",\"inLanguage\":\"es\",\"@id\":\"https:\\\/\\\/iep-sa.com.ar\\\/#\\\/schema\\\/logo\\\/image\\\/\",\"url\":\"https:\\\/\\\/iep-sa.com.ar\\\/wp-content\\\/uploads\\\/2022\\\/11\\\/cropped-favicon.jpg\",\"contentUrl\":\"https:\\\/\\\/iep-sa.com.ar\\\/wp-content\\\/uploads\\\/2022\\\/11\\\/cropped-favicon.jpg\",\"width\":512,\"height\":512,\"caption\":\"IEP - Iluminaci\u00f3n Eficiente Profesional\"},\"image\":{\"@id\":\"https:\\\/\\\/iep-sa.com.ar\\\/#\\\/schema\\\/logo\\\/image\\\/\"}}]}<\/script>\n<!-- \/ Yoast SEO plugin. -->","yoast_head_json":{"title":"ILLION Proyector - IEP - Iluminaci\u00f3n Eficiente Profesional","robots":{"index":"index","follow":"follow","max-snippet":"max-snippet:-1","max-image-preview":"max-image-preview:large","max-video-preview":"max-video-preview:-1"},"canonical":"https:\/\/iep-sa.com.ar\/producto\/illion-proyector\/","og_locale":"es_ES","og_type":"article","og_title":"ILLION Proyector - IEP - Iluminaci\u00f3n Eficiente Profesional","og_description":"La luminaria Illion LED Proyector es la soluci\u00f3n de iluminaci\u00f3n ideal para los entornos exigentes. Esto es v\u00e1lido para los grandes estadios, canchas, y grandes areas de exterior, areas de estacionamiento o pabellones deportivos. Requiriendo un m\u00ednimo de mantenimiento durante el servicio. Adem\u00e1s, puede adaptarse a requisitos individuales, proporcionando as\u00ed siempre una alta calidad de luz en todas las \u00e1reas importantes para la seguridad.","og_url":"https:\/\/iep-sa.com.ar\/producto\/illion-proyector\/","og_site_name":"IEP - Iluminaci\u00f3n Eficiente Profesional","article_modified_time":"2025-04-23T17:52:05+00:00","og_image":[{"width":1110,"height":1110,"url":"https:\/\/lightyellow-boar-299687.hostingersite.com\/wp-content\/uploads\/2021\/10\/illion-1.png","type":"image\/png"}],"twitter_card":"summary_large_image","twitter_misc":{"Tiempo de lectura":"2 minutos"},"schema":{"@context":"https:\/\/schema.org","@graph":[{"@type":"WebPage","@id":"https:\/\/iep-sa.com.ar\/producto\/illion-proyector\/","url":"https:\/\/iep-sa.com.ar\/producto\/illion-proyector\/","name":"ILLION Proyector - IEP - Iluminaci\u00f3n Eficiente Profesional","isPartOf":{"@id":"https:\/\/iep-sa.com.ar\/#website"},"primaryImageOfPage":{"@id":"https:\/\/iep-sa.com.ar\/producto\/illion-proyector\/#primaryimage"},"image":{"@id":"https:\/\/iep-sa.com.ar\/producto\/illion-proyector\/#primaryimage"},"thumbnailUrl":"https:\/\/iep-sa.com.ar\/wp-content\/uploads\/2021\/10\/illion-1.png","datePublished":"2021-10-20T20:40:42+00:00","dateModified":"2025-04-23T17:52:05+00:00","breadcrumb":{"@id":"https:\/\/iep-sa.com.ar\/producto\/illion-proyector\/#breadcrumb"},"inLanguage":"es","potentialAction":[{"@type":"ReadAction","target":["https:\/\/iep-sa.com.ar\/producto\/illion-proyector\/"]}]},{"@type":"ImageObject","inLanguage":"es","@id":"https:\/\/iep-sa.com.ar\/producto\/illion-proyector\/#primaryimage","url":"https:\/\/iep-sa.com.ar\/wp-content\/uploads\/2021\/10\/illion-1.png","contentUrl":"https:\/\/iep-sa.com.ar\/wp-content\/uploads\/2021\/10\/illion-1.png","width":1110,"height":1110},{"@type":"BreadcrumbList","@id":"https:\/\/iep-sa.com.ar\/producto\/illion-proyector\/#breadcrumb","itemListElement":[{"@type":"ListItem","position":1,"name":"Portada","item":"https:\/\/iep-sa.com.ar\/"},{"@type":"ListItem","position":2,"name":"Productos","item":"https:\/\/iep-sa.com.ar\/productos\/"},{"@type":"ListItem","position":3,"name":"ILLION Proyector"}]},{"@type":"WebSite","@id":"https:\/\/iep-sa.com.ar\/#website","url":"https:\/\/iep-sa.com.ar\/","name":"IEP - Iluminaci\u00f3n Eficiente Profesional","description":"Iluminaci\u00f3n Vial - Profesional - Decorativa - Estacionamientos - Gasolineras - Deportiva - P\u00fablica - Privada","publisher":{"@id":"https:\/\/iep-sa.com.ar\/#organization"},"potentialAction":[{"@type":"SearchAction","target":{"@type":"EntryPoint","urlTemplate":"https:\/\/iep-sa.com.ar\/?s={search_term_string}"},"query-input":{"@type":"PropertyValueSpecification","valueRequired":true,"valueName":"search_term_string"}}],"inLanguage":"es"},{"@type":"Organization","@id":"https:\/\/iep-sa.com.ar\/#organization","name":"IEP - Iluminaci\u00f3n Eficiente Profesional","url":"https:\/\/iep-sa.com.ar\/","logo":{"@type":"ImageObject","inLanguage":"es","@id":"https:\/\/iep-sa.com.ar\/#\/schema\/logo\/image\/","url":"https:\/\/iep-sa.com.ar\/wp-content\/uploads\/2022\/11\/cropped-favicon.jpg","contentUrl":"https:\/\/iep-sa.com.ar\/wp-content\/uploads\/2022\/11\/cropped-favicon.jpg","width":512,"height":512,"caption":"IEP - Iluminaci\u00f3n Eficiente Profesional"},"image":{"@id":"https:\/\/iep-sa.com.ar\/#\/schema\/logo\/image\/"}}]}},"_links":{"self":[{"href":"https:\/\/iep-sa.com.ar\/nuevo\/wp-json\/wp\/v2\/product\/4036","targetHints":{"allow":["GET"]}}],"collection":[{"href":"https:\/\/iep-sa.com.ar\/nuevo\/wp-json\/wp\/v2\/product"}],"about":[{"href":"https:\/\/iep-sa.com.ar\/nuevo\/wp-json\/wp\/v2\/types\/product"}],"wp:featuredmedia":[{"embeddable":true,"href":"https:\/\/iep-sa.com.ar\/nuevo\/wp-json\/wp\/v2\/media\/4836"}],"wp:attachment":[{"href":"https:\/\/iep-sa.com.ar\/nuevo\/wp-json\/wp\/v2\/media?parent=4036"}],"wp:term":[{"taxonomy":"product_brand","embeddable":true,"href":"https:\/\/iep-sa.com.ar\/nuevo\/wp-json\/wp\/v2\/product_brand?post=4036"},{"taxonomy":"product_cat","embeddable":true,"href":"https:\/\/iep-sa.com.ar\/nuevo\/wp-json\/wp\/v2\/product_cat?post=4036"},{"taxonomy":"product_tag","embeddable":true,"href":"https:\/\/iep-sa.com.ar\/nuevo\/wp-json\/wp\/v2\/product_tag?post=4036"}],"curies":[{"name":"wp","href":"https:\/\/api.w.org\/{rel}","templated":true}]}}