{"id":4018,"date":"2021-10-20T20:04:58","date_gmt":"2021-10-20T20:04:58","guid":{"rendered":"https:\/\/iep-sa.com.ar\/nuevo\/?post_type=product&#038;p=4018"},"modified":"2025-04-24T11:17:48","modified_gmt":"2025-04-24T11:17:48","slug":"vali-led-proyector","status":"publish","type":"product","link":"https:\/\/iep-sa.com.ar\/nuevo\/producto\/vali-led-proyector\/","title":{"rendered":"VALI Proyector"},"content":{"rendered":"<h4 style=\"text-align: left;\"><strong>CARACTERISTICAS<\/strong><\/h4>\n<h4><a href=\"https:\/\/iep-sa.com.ar\/wp-content\/uploads\/2021\/10\/VALI-4.png\"><img fetchpriority=\"high\" decoding=\"async\" class=\"size-large wp-image-4807 alignleft\" src=\"https:\/\/iep-sa.com.ar\/wp-content\/uploads\/2021\/10\/VALI-4-1024x166.png\" alt=\"\" width=\"640\" height=\"104\" srcset=\"https:\/\/iep-sa.com.ar\/wp-content\/uploads\/2021\/10\/VALI-4-1024x166.png 1024w, https:\/\/iep-sa.com.ar\/wp-content\/uploads\/2021\/10\/VALI-4-300x49.png 300w, https:\/\/iep-sa.com.ar\/wp-content\/uploads\/2021\/10\/VALI-4-768x125.png 768w, https:\/\/iep-sa.com.ar\/wp-content\/uploads\/2021\/10\/VALI-4-1536x249.png 1536w, https:\/\/iep-sa.com.ar\/wp-content\/uploads\/2021\/10\/VALI-4-600x97.png 600w, https:\/\/iep-sa.com.ar\/wp-content\/uploads\/2021\/10\/VALI-4.png 1838w\" sizes=\"(max-width: 640px) 100vw, 640px\" \/><\/a><\/h4>\n<p><img decoding=\"async\" class=\" wp-image-4805 alignleft\" src=\"https:\/\/iep-sa.com.ar\/wp-content\/uploads\/2021\/10\/VALI-2.png\" alt=\"\" width=\"412\" height=\"413\" srcset=\"https:\/\/iep-sa.com.ar\/wp-content\/uploads\/2021\/10\/VALI-2.png 1002w, https:\/\/iep-sa.com.ar\/wp-content\/uploads\/2021\/10\/VALI-2-300x300.png 300w, https:\/\/iep-sa.com.ar\/wp-content\/uploads\/2021\/10\/VALI-2-150x150.png 150w, https:\/\/iep-sa.com.ar\/wp-content\/uploads\/2021\/10\/VALI-2-768x770.png 768w, https:\/\/iep-sa.com.ar\/wp-content\/uploads\/2021\/10\/VALI-2-100x100.png 100w, https:\/\/iep-sa.com.ar\/wp-content\/uploads\/2021\/10\/VALI-2-600x601.png 600w\" sizes=\"(max-width: 412px) 100vw, 412px\" \/><\/p>\n<p>&nbsp;<\/p>\n<p>&nbsp;<\/p>\n<p>&nbsp;<\/p>\n<p>&nbsp;<\/p>\n<p>&nbsp;<\/p>\n<p>&nbsp;<\/p>\n<p>&nbsp;<\/p>\n<p>&nbsp;<\/p>\n<p>&nbsp;<\/p>\n<p>&nbsp;<\/p>\n<p>&nbsp;<\/p>\n<h4 style=\"text-align: left;\"><strong>MEDIDAS<\/strong><\/h4>\n<div class=\"layoutArea\">\n<div class=\"column\">\n<p><a href=\"https:\/\/iep-sa.com.ar\/wp-content\/uploads\/2022\/02\/vali-medidas.png\"><img decoding=\"async\" class=\"wp-image-5424 alignleft\" src=\"https:\/\/iep-sa.com.ar\/wp-content\/uploads\/2022\/02\/vali-medidas.png\" alt=\"\" width=\"426\" height=\"228\" srcset=\"https:\/\/iep-sa.com.ar\/wp-content\/uploads\/2022\/02\/vali-medidas.png 956w, https:\/\/iep-sa.com.ar\/wp-content\/uploads\/2022\/02\/vali-medidas-300x161.png 300w, https:\/\/iep-sa.com.ar\/wp-content\/uploads\/2022\/02\/vali-medidas-768x411.png 768w, https:\/\/iep-sa.com.ar\/wp-content\/uploads\/2022\/02\/vali-medidas-600x321.png 600w\" sizes=\"(max-width: 426px) 100vw, 426px\" \/><\/a><\/p>\n<\/div>\n<\/div>\n<p>&nbsp;<\/p>\n<p>&nbsp;<\/p>\n<p>&nbsp;<\/p>\n<p>&nbsp;<\/p>\n<p>&nbsp;<\/p>\n<p>&nbsp;<\/p>\n<div class=\"layoutArea\">\n<div class=\"column\">\n<h4><\/h4>\n<h4><\/h4>\n<h4><\/h4>\n<h4 style=\"text-align: left;\"><strong>CURVAS FOTOM\u00c9TRICAS<\/strong><\/h4>\n<p>&nbsp;<\/p>\n<div class=\"layoutArea\">\n<div class=\"column\">\n<p><a href=\"https:\/\/iep-sa.com.ar\/wp-content\/uploads\/2022\/02\/Captura-de-pantalla-2024-04-15-a-las-13.25.27.png\"><img loading=\"lazy\" decoding=\"async\" class=\" wp-image-5425 alignleft\" src=\"https:\/\/iep-sa.com.ar\/wp-content\/uploads\/2022\/02\/Captura-de-pantalla-2024-04-15-a-las-13.25.27-1024x272.png\" alt=\"\" width=\"531\" height=\"141\" srcset=\"https:\/\/iep-sa.com.ar\/wp-content\/uploads\/2022\/02\/Captura-de-pantalla-2024-04-15-a-las-13.25.27-1024x272.png 1024w, https:\/\/iep-sa.com.ar\/wp-content\/uploads\/2022\/02\/Captura-de-pantalla-2024-04-15-a-las-13.25.27-300x80.png 300w, https:\/\/iep-sa.com.ar\/wp-content\/uploads\/2022\/02\/Captura-de-pantalla-2024-04-15-a-las-13.25.27-768x204.png 768w, https:\/\/iep-sa.com.ar\/wp-content\/uploads\/2022\/02\/Captura-de-pantalla-2024-04-15-a-las-13.25.27-1536x408.png 1536w, https:\/\/iep-sa.com.ar\/wp-content\/uploads\/2022\/02\/Captura-de-pantalla-2024-04-15-a-las-13.25.27-600x159.png 600w, https:\/\/iep-sa.com.ar\/wp-content\/uploads\/2022\/02\/Captura-de-pantalla-2024-04-15-a-las-13.25.27.png 1896w\" sizes=\"(max-width: 531px) 100vw, 531px\" \/><\/a><\/p>\n<\/div>\n<\/div>\n<\/div>\n<\/div>\n<p>&nbsp;<\/p>\n<div class=\"layoutArea\">\n<div class=\"column\"><\/div>\n<\/div>\n<div class=\"layoutArea\">\n<div class=\"column\">\n<div class=\"column\">\n<h3 style=\"text-align: left;\"><\/h3>\n<h3><\/h3>\n<h3><\/h3>\n<\/div>\n<\/div>\n<\/div>\n<h3><\/h3>\n<p>&nbsp;<\/p>\n<p>&nbsp;<\/p>\n<p>&nbsp;<\/p>\n<div class=\"layoutArea\">\n<div class=\"column\">\n<div class=\"column\">\n<h3><\/h3>\n<h3><\/h3>\n<h3><\/h3>\n<h3><\/h3>\n<h3><\/h3>\n<h3><\/h3>\n<h3><\/h3>\n<h3><\/h3>\n<h3><\/h3>\n<h3><\/h3>\n<h3><\/h3>\n<h3><\/h3>\n<h3><\/h3>\n<h3><\/h3>\n<h3><\/h3>\n<\/div>\n<h3><\/h3>\n<\/div>\n<\/div>\n<h3><\/h3>\n<div class=\"layoutArea\">\n<div class=\"column\">\n<div class=\"column\">\n<h4><\/h4>\n<\/div>\n<\/div>\n<\/div>\n<h4><\/h4>\n<p>&nbsp;<\/p>\n<p>&nbsp;<\/p>\n<div class=\"layoutArea\">\n<div class=\"column\">\n<div class=\"column\">\n<h4><\/h4>\n<h4 style=\"text-align: left;\"><strong>DESCARGAS<\/strong><\/h4>\n<div class=\"wp-block-file\" style=\"text-align: left;\">\n<p style=\"text-align: left;\"><a href=\"https:\/\/iep-sa.com.ar\/wp-content\/uploads\/2022\/02\/VALI-LED-PROYECTOR-2.0.pdf\">VALI LED Proyector Ficha T\u00e9cnica<\/a><\/p>\n<p style=\"text-align: left;\"><a href=\"https:\/\/iep-sa.com.ar\/wp-content\/uploads\/2021\/10\/Vali-Proyector.zip\">Vali\u00a0 proyector fotometr\u00edas\u00a0<\/a><\/p>\n<p style=\"text-align: left;\"><a href=\"https:\/\/iep-sa.com.ar\/wp-content\/uploads\/2021\/10\/Vali-proyector.dwg_-1.zip\">Vali proyector cad<\/a><\/p>\n<p>&nbsp;<\/p>\n<\/div>\n<\/div>\n<\/div>\n<\/div>\n","protected":false},"excerpt":{"rendered":"<p style=\"text-align: left;\">La luminaria Vali LED Proyector es la soluci\u00f3n de iluminaci\u00f3n ideal para los entornos exigentes. Esto es v\u00e1lido para los almacenes y las naves de log\u00edsticas, por ejemplo, para los pabellones deportivos. Requiriendo un m\u00ednimo de mantenimiento durante el servicio. Adem\u00e1s, puede adaptarse a requisitos individuales, proporcionando as\u00ed siempre una alta calidad de luz en todas las \u00e1reas importantes para la seguridad laboral.<\/p>\n","protected":false},"featured_media":4808,"template":"","meta":{"_joinchat":[]},"product_brand":[],"product_cat":[149,76,153,152,135,148,150,134,151,63,154],"product_tag":[],"class_list":{"0":"post-4018","1":"product","2":"type-product","3":"status-publish","4":"has-post-thumbnail","6":"product_cat-banadores","7":"product_cat-estacionamientos","8":"product_cat-estadios","9":"product_cat-exterior-grandes-areas-deportivas","10":"product_cat-exterior","11":"product_cat-fachadas-y-monumentos","12":"product_cat-grandes-areas-deportivas","13":"product_cat-interior","14":"product_cat-interior-grandes-areas-deportivas","15":"product_cat-proyectores","16":"product_cat-tuneles-y-puentes","18":"first","19":"instock","20":"shipping-taxable","21":"product-type-simple","22":"layout-style-1","23":"col-md-4 col-sm-4 col-xs-6","24":"col-lg-3","25":"product-has-gallery","26":"product-style-default"},"yoast_head":"<!-- This site is optimized with the Yoast SEO plugin v27.4 - https:\/\/yoast.com\/product\/yoast-seo-wordpress\/ -->\n<title>VALI Proyector - IEP - Iluminaci\u00f3n Eficiente Profesional<\/title>\n<meta name=\"robots\" content=\"index, follow, max-snippet:-1, max-image-preview:large, max-video-preview:-1\" \/>\n<link rel=\"canonical\" href=\"https:\/\/iep-sa.com.ar\/producto\/vali-led-proyector\/\" \/>\n<meta property=\"og:locale\" content=\"es_ES\" \/>\n<meta property=\"og:type\" content=\"article\" \/>\n<meta property=\"og:title\" content=\"VALI Proyector - IEP - Iluminaci\u00f3n Eficiente Profesional\" \/>\n<meta property=\"og:description\" content=\"La luminaria Vali LED Proyector es la soluci\u00f3n de iluminaci\u00f3n ideal para los entornos exigentes. Esto es v\u00e1lido para los almacenes y las naves de log\u00edsticas, por ejemplo, para los pabellones deportivos. Requiriendo un m\u00ednimo de mantenimiento durante el servicio. Adem\u00e1s, puede adaptarse a requisitos individuales, proporcionando as\u00ed siempre una alta calidad de luz en todas las \u00e1reas importantes para la seguridad laboral.\" \/>\n<meta property=\"og:url\" content=\"https:\/\/iep-sa.com.ar\/producto\/vali-led-proyector\/\" \/>\n<meta property=\"og:site_name\" content=\"IEP - Iluminaci\u00f3n Eficiente Profesional\" \/>\n<meta property=\"article:modified_time\" content=\"2025-04-24T11:17:48+00:00\" \/>\n<meta property=\"og:image\" content=\"https:\/\/lightyellow-boar-299687.hostingersite.com\/wp-content\/uploads\/2021\/10\/vali-5.png\" \/>\n\t<meta property=\"og:image:width\" content=\"1038\" \/>\n\t<meta property=\"og:image:height\" content=\"1038\" \/>\n\t<meta property=\"og:image:type\" content=\"image\/png\" \/>\n<meta name=\"twitter:card\" content=\"summary_large_image\" \/>\n<meta name=\"twitter:label1\" content=\"Tiempo de lectura\" \/>\n\t<meta name=\"twitter:data1\" content=\"2 minutos\" \/>\n<script type=\"application\/ld+json\" class=\"yoast-schema-graph\">{\"@context\":\"https:\\\/\\\/schema.org\",\"@graph\":[{\"@type\":\"WebPage\",\"@id\":\"https:\\\/\\\/iep-sa.com.ar\\\/producto\\\/vali-led-proyector\\\/\",\"url\":\"https:\\\/\\\/iep-sa.com.ar\\\/producto\\\/vali-led-proyector\\\/\",\"name\":\"VALI Proyector - IEP - Iluminaci\u00f3n Eficiente Profesional\",\"isPartOf\":{\"@id\":\"https:\\\/\\\/iep-sa.com.ar\\\/#website\"},\"primaryImageOfPage\":{\"@id\":\"https:\\\/\\\/iep-sa.com.ar\\\/producto\\\/vali-led-proyector\\\/#primaryimage\"},\"image\":{\"@id\":\"https:\\\/\\\/iep-sa.com.ar\\\/producto\\\/vali-led-proyector\\\/#primaryimage\"},\"thumbnailUrl\":\"https:\\\/\\\/iep-sa.com.ar\\\/wp-content\\\/uploads\\\/2021\\\/10\\\/vali-5.png\",\"datePublished\":\"2021-10-20T20:04:58+00:00\",\"dateModified\":\"2025-04-24T11:17:48+00:00\",\"breadcrumb\":{\"@id\":\"https:\\\/\\\/iep-sa.com.ar\\\/producto\\\/vali-led-proyector\\\/#breadcrumb\"},\"inLanguage\":\"es\",\"potentialAction\":[{\"@type\":\"ReadAction\",\"target\":[\"https:\\\/\\\/iep-sa.com.ar\\\/producto\\\/vali-led-proyector\\\/\"]}]},{\"@type\":\"ImageObject\",\"inLanguage\":\"es\",\"@id\":\"https:\\\/\\\/iep-sa.com.ar\\\/producto\\\/vali-led-proyector\\\/#primaryimage\",\"url\":\"https:\\\/\\\/iep-sa.com.ar\\\/wp-content\\\/uploads\\\/2021\\\/10\\\/vali-5.png\",\"contentUrl\":\"https:\\\/\\\/iep-sa.com.ar\\\/wp-content\\\/uploads\\\/2021\\\/10\\\/vali-5.png\",\"width\":1038,\"height\":1038},{\"@type\":\"BreadcrumbList\",\"@id\":\"https:\\\/\\\/iep-sa.com.ar\\\/producto\\\/vali-led-proyector\\\/#breadcrumb\",\"itemListElement\":[{\"@type\":\"ListItem\",\"position\":1,\"name\":\"Portada\",\"item\":\"https:\\\/\\\/iep-sa.com.ar\\\/\"},{\"@type\":\"ListItem\",\"position\":2,\"name\":\"Productos\",\"item\":\"https:\\\/\\\/iep-sa.com.ar\\\/productos\\\/\"},{\"@type\":\"ListItem\",\"position\":3,\"name\":\"VALI Proyector\"}]},{\"@type\":\"WebSite\",\"@id\":\"https:\\\/\\\/iep-sa.com.ar\\\/#website\",\"url\":\"https:\\\/\\\/iep-sa.com.ar\\\/\",\"name\":\"IEP - Iluminaci\u00f3n Eficiente Profesional\",\"description\":\"Iluminaci\u00f3n Vial - Profesional - Decorativa - Estacionamientos - Gasolineras - Deportiva - P\u00fablica - Privada\",\"publisher\":{\"@id\":\"https:\\\/\\\/iep-sa.com.ar\\\/#organization\"},\"potentialAction\":[{\"@type\":\"SearchAction\",\"target\":{\"@type\":\"EntryPoint\",\"urlTemplate\":\"https:\\\/\\\/iep-sa.com.ar\\\/?s={search_term_string}\"},\"query-input\":{\"@type\":\"PropertyValueSpecification\",\"valueRequired\":true,\"valueName\":\"search_term_string\"}}],\"inLanguage\":\"es\"},{\"@type\":\"Organization\",\"@id\":\"https:\\\/\\\/iep-sa.com.ar\\\/#organization\",\"name\":\"IEP - Iluminaci\u00f3n Eficiente Profesional\",\"url\":\"https:\\\/\\\/iep-sa.com.ar\\\/\",\"logo\":{\"@type\":\"ImageObject\",\"inLanguage\":\"es\",\"@id\":\"https:\\\/\\\/iep-sa.com.ar\\\/#\\\/schema\\\/logo\\\/image\\\/\",\"url\":\"https:\\\/\\\/iep-sa.com.ar\\\/wp-content\\\/uploads\\\/2022\\\/11\\\/cropped-favicon.jpg\",\"contentUrl\":\"https:\\\/\\\/iep-sa.com.ar\\\/wp-content\\\/uploads\\\/2022\\\/11\\\/cropped-favicon.jpg\",\"width\":512,\"height\":512,\"caption\":\"IEP - Iluminaci\u00f3n Eficiente Profesional\"},\"image\":{\"@id\":\"https:\\\/\\\/iep-sa.com.ar\\\/#\\\/schema\\\/logo\\\/image\\\/\"}}]}<\/script>\n<!-- \/ Yoast SEO plugin. -->","yoast_head_json":{"title":"VALI Proyector - IEP - Iluminaci\u00f3n Eficiente Profesional","robots":{"index":"index","follow":"follow","max-snippet":"max-snippet:-1","max-image-preview":"max-image-preview:large","max-video-preview":"max-video-preview:-1"},"canonical":"https:\/\/iep-sa.com.ar\/producto\/vali-led-proyector\/","og_locale":"es_ES","og_type":"article","og_title":"VALI Proyector - IEP - Iluminaci\u00f3n Eficiente Profesional","og_description":"La luminaria Vali LED Proyector es la soluci\u00f3n de iluminaci\u00f3n ideal para los entornos exigentes. Esto es v\u00e1lido para los almacenes y las naves de log\u00edsticas, por ejemplo, para los pabellones deportivos. Requiriendo un m\u00ednimo de mantenimiento durante el servicio. Adem\u00e1s, puede adaptarse a requisitos individuales, proporcionando as\u00ed siempre una alta calidad de luz en todas las \u00e1reas importantes para la seguridad laboral.","og_url":"https:\/\/iep-sa.com.ar\/producto\/vali-led-proyector\/","og_site_name":"IEP - Iluminaci\u00f3n Eficiente Profesional","article_modified_time":"2025-04-24T11:17:48+00:00","og_image":[{"width":1038,"height":1038,"url":"https:\/\/lightyellow-boar-299687.hostingersite.com\/wp-content\/uploads\/2021\/10\/vali-5.png","type":"image\/png"}],"twitter_card":"summary_large_image","twitter_misc":{"Tiempo de lectura":"2 minutos"},"schema":{"@context":"https:\/\/schema.org","@graph":[{"@type":"WebPage","@id":"https:\/\/iep-sa.com.ar\/producto\/vali-led-proyector\/","url":"https:\/\/iep-sa.com.ar\/producto\/vali-led-proyector\/","name":"VALI Proyector - IEP - Iluminaci\u00f3n Eficiente Profesional","isPartOf":{"@id":"https:\/\/iep-sa.com.ar\/#website"},"primaryImageOfPage":{"@id":"https:\/\/iep-sa.com.ar\/producto\/vali-led-proyector\/#primaryimage"},"image":{"@id":"https:\/\/iep-sa.com.ar\/producto\/vali-led-proyector\/#primaryimage"},"thumbnailUrl":"https:\/\/iep-sa.com.ar\/wp-content\/uploads\/2021\/10\/vali-5.png","datePublished":"2021-10-20T20:04:58+00:00","dateModified":"2025-04-24T11:17:48+00:00","breadcrumb":{"@id":"https:\/\/iep-sa.com.ar\/producto\/vali-led-proyector\/#breadcrumb"},"inLanguage":"es","potentialAction":[{"@type":"ReadAction","target":["https:\/\/iep-sa.com.ar\/producto\/vali-led-proyector\/"]}]},{"@type":"ImageObject","inLanguage":"es","@id":"https:\/\/iep-sa.com.ar\/producto\/vali-led-proyector\/#primaryimage","url":"https:\/\/iep-sa.com.ar\/wp-content\/uploads\/2021\/10\/vali-5.png","contentUrl":"https:\/\/iep-sa.com.ar\/wp-content\/uploads\/2021\/10\/vali-5.png","width":1038,"height":1038},{"@type":"BreadcrumbList","@id":"https:\/\/iep-sa.com.ar\/producto\/vali-led-proyector\/#breadcrumb","itemListElement":[{"@type":"ListItem","position":1,"name":"Portada","item":"https:\/\/iep-sa.com.ar\/"},{"@type":"ListItem","position":2,"name":"Productos","item":"https:\/\/iep-sa.com.ar\/productos\/"},{"@type":"ListItem","position":3,"name":"VALI Proyector"}]},{"@type":"WebSite","@id":"https:\/\/iep-sa.com.ar\/#website","url":"https:\/\/iep-sa.com.ar\/","name":"IEP - Iluminaci\u00f3n Eficiente Profesional","description":"Iluminaci\u00f3n Vial - Profesional - Decorativa - Estacionamientos - Gasolineras - Deportiva - P\u00fablica - Privada","publisher":{"@id":"https:\/\/iep-sa.com.ar\/#organization"},"potentialAction":[{"@type":"SearchAction","target":{"@type":"EntryPoint","urlTemplate":"https:\/\/iep-sa.com.ar\/?s={search_term_string}"},"query-input":{"@type":"PropertyValueSpecification","valueRequired":true,"valueName":"search_term_string"}}],"inLanguage":"es"},{"@type":"Organization","@id":"https:\/\/iep-sa.com.ar\/#organization","name":"IEP - Iluminaci\u00f3n Eficiente Profesional","url":"https:\/\/iep-sa.com.ar\/","logo":{"@type":"ImageObject","inLanguage":"es","@id":"https:\/\/iep-sa.com.ar\/#\/schema\/logo\/image\/","url":"https:\/\/iep-sa.com.ar\/wp-content\/uploads\/2022\/11\/cropped-favicon.jpg","contentUrl":"https:\/\/iep-sa.com.ar\/wp-content\/uploads\/2022\/11\/cropped-favicon.jpg","width":512,"height":512,"caption":"IEP - Iluminaci\u00f3n Eficiente Profesional"},"image":{"@id":"https:\/\/iep-sa.com.ar\/#\/schema\/logo\/image\/"}}]}},"_links":{"self":[{"href":"https:\/\/iep-sa.com.ar\/nuevo\/wp-json\/wp\/v2\/product\/4018","targetHints":{"allow":["GET"]}}],"collection":[{"href":"https:\/\/iep-sa.com.ar\/nuevo\/wp-json\/wp\/v2\/product"}],"about":[{"href":"https:\/\/iep-sa.com.ar\/nuevo\/wp-json\/wp\/v2\/types\/product"}],"wp:featuredmedia":[{"embeddable":true,"href":"https:\/\/iep-sa.com.ar\/nuevo\/wp-json\/wp\/v2\/media\/4808"}],"wp:attachment":[{"href":"https:\/\/iep-sa.com.ar\/nuevo\/wp-json\/wp\/v2\/media?parent=4018"}],"wp:term":[{"taxonomy":"product_brand","embeddable":true,"href":"https:\/\/iep-sa.com.ar\/nuevo\/wp-json\/wp\/v2\/product_brand?post=4018"},{"taxonomy":"product_cat","embeddable":true,"href":"https:\/\/iep-sa.com.ar\/nuevo\/wp-json\/wp\/v2\/product_cat?post=4018"},{"taxonomy":"product_tag","embeddable":true,"href":"https:\/\/iep-sa.com.ar\/nuevo\/wp-json\/wp\/v2\/product_tag?post=4018"}],"curies":[{"name":"wp","href":"https:\/\/api.w.org\/{rel}","templated":true}]}}