{"id":4014,"date":"2021-10-20T19:54:52","date_gmt":"2021-10-20T19:54:52","guid":{"rendered":"https:\/\/iep-sa.com.ar\/nuevo\/?post_type=product&#038;p=4014"},"modified":"2021-10-27T01:00:04","modified_gmt":"2021-10-27T01:00:04","slug":"proyector-ax1","status":"publish","type":"product","link":"https:\/\/iep-sa.com.ar\/nuevo\/producto\/proyector-ax1\/","title":{"rendered":"Proyector AX1"},"content":{"rendered":"<h4 style=\"text-align: left;\"><strong>MEDIDAS<\/strong><\/h4>\n<div class=\"layoutArea\">\n<div class=\"column\">\n<p><a href=\"https:\/\/iep-sa.com.ar\/wp-content\/uploads\/2021\/10\/ax1-medidas.png\"><img fetchpriority=\"high\" decoding=\"async\" class=\"aligncenter wp-image-4016\" src=\"https:\/\/iep-sa.com.ar\/wp-content\/uploads\/2021\/10\/ax1-medidas-263x300.png\" alt=\"\" width=\"478\" height=\"545\" srcset=\"https:\/\/iep-sa.com.ar\/wp-content\/uploads\/2021\/10\/ax1-medidas-263x300.png 263w, https:\/\/iep-sa.com.ar\/wp-content\/uploads\/2021\/10\/ax1-medidas-899x1024.png 899w, https:\/\/iep-sa.com.ar\/wp-content\/uploads\/2021\/10\/ax1-medidas-768x875.png 768w, https:\/\/iep-sa.com.ar\/wp-content\/uploads\/2021\/10\/ax1-medidas-600x683.png 600w, https:\/\/iep-sa.com.ar\/wp-content\/uploads\/2021\/10\/ax1-medidas.png 980w\" sizes=\"(max-width: 478px) 100vw, 478px\" \/><\/a><\/p>\n<\/div>\n<\/div>\n<p>&nbsp;<\/p>\n<div class=\"layoutArea\">\n<div class=\"column\">\n<div class=\"column\">\n<h3 style=\"text-align: left;\"><b>DESCARGAS<\/b><\/h3>\n<div class=\"wp-block-file\" style=\"text-align: left;\">\n<div><a href=\"https:\/\/iep-sa.com.ar\/wp-content\/uploads\/2021\/10\/AX120antiexplosivo.pdf\">Proyector AX1 Ficha T\u00e9cnica<\/a><\/div>\n<\/div>\n<\/div>\n<\/div>\n<\/div>\n","protected":false},"excerpt":{"rendered":"<h4 style=\"text-align: left;\"><strong>DESCRIPCI\u00d3N T\u00c9CNICA<\/strong><\/h4>\n<p style=\"text-align: left;\"><strong>APLICACIONES<\/strong><br \/>\nLos proyectores AX1 se utilizan en las instalaciones el\u00e9ctricas en \u00e1reas con riesgo de explosiones; montados en columnas o embutidos en cielorraso; para la iluminaci\u00f3n de estaciones de servicio, playas de maniobras, d\u00e1rsenas, dep\u00f3sitos, y todo otro espacio donde se requiera un importante nivel de iluminaci\u00f3n con LEDS.<\/p>\n<p style=\"text-align: left;\"><strong>MATERIALES<\/strong><br \/>\nCuerpo y marco de fundici\u00f3n de aluminio de bajo contenido de cobre.<br \/>\nRefractor de vidrio templado.<br \/>\nSellado de refractor de silicona neutra.<br \/>\nBuloner\u00eda de cierre de acero.<\/p>\n<p style=\"text-align: left;\"><strong>TERMINACI\u00d3N<\/strong><br \/>\nCuerpo y marco, pintura epoxi color blanco.<br \/>\nSoporte de sujeci\u00f3n, pintura epoxi color negro.<\/p>\n<p style=\"text-align: left;\"><strong>ESPECIFICACIONES T\u00c9CNICAS<\/strong><br \/>\nEntrada: 120 \u2013 277v.<br \/>\nFrecuencia: 50-60 Hz.<br \/>\nConsumo: 102w.<br \/>\nEficiencia del sistema: hasta 100 lm\/W.<br \/>\nFlujo luminoso: 1700 a 10.000 lm.<br \/>\nVida \u00fatil de los leds: 50.000hs.<br \/>\nCondiciones de trabajo: -40 \u00baC + 50 \u00baC.<br \/>\nHomologaciones: en tr\u00e1mite.<\/p>\n","protected":false},"featured_media":4015,"template":"","meta":{"_joinchat":[]},"product_brand":[],"product_cat":[62,136],"product_tag":[],"class_list":{"0":"post-4014","1":"product","2":"type-product","3":"status-publish","4":"has-post-thumbnail","6":"product_cat-antiexplosivos","7":"product_cat-gasolinerias","9":"first","10":"instock","11":"shipping-taxable","12":"product-type-simple","13":"layout-style-1","14":"col-md-4 col-sm-4 col-xs-6","15":"col-lg-3","16":"product-style-default"},"yoast_head":"<!-- This site is optimized with the Yoast SEO plugin v27.4 - https:\/\/yoast.com\/product\/yoast-seo-wordpress\/ -->\n<title>Proyector AX1 - IEP - Iluminaci\u00f3n Eficiente Profesional<\/title>\n<meta name=\"robots\" content=\"index, follow, max-snippet:-1, max-image-preview:large, max-video-preview:-1\" \/>\n<link rel=\"canonical\" href=\"https:\/\/iep-sa.com.ar\/producto\/proyector-ax1\/\" \/>\n<meta property=\"og:locale\" content=\"es_ES\" \/>\n<meta property=\"og:type\" content=\"article\" \/>\n<meta property=\"og:title\" content=\"Proyector AX1 - IEP - Iluminaci\u00f3n Eficiente Profesional\" \/>\n<meta property=\"og:description\" content=\"DESCRIPCI\u00d3N T\u00c9CNICA APLICACIONES Los proyectores AX1 se utilizan en las instalaciones el\u00e9ctricas en \u00e1reas con riesgo de explosiones; montados en columnas o embutidos en cielorraso; para la iluminaci\u00f3n de estaciones de servicio, playas de maniobras, d\u00e1rsenas, dep\u00f3sitos, y todo otro espacio donde se requiera un importante nivel de iluminaci\u00f3n con LEDS. MATERIALES Cuerpo y marco de fundici\u00f3n de aluminio de bajo contenido de cobre. Refractor de vidrio templado. Sellado de refractor de silicona neutra. Buloner\u00eda de cierre de acero. TERMINACI\u00d3N Cuerpo y marco, pintura epoxi color blanco. Soporte de sujeci\u00f3n, pintura epoxi color negro. ESPECIFICACIONES T\u00c9CNICAS Entrada: 120 \u2013 277v. Frecuencia: 50-60 Hz. Consumo: 102w. Eficiencia del sistema: hasta 100 lm\/W. Flujo luminoso: 1700 a 10.000 lm. Vida \u00fatil de los leds: 50.000hs. Condiciones de trabajo: -40 \u00baC + 50 \u00baC. Homologaciones: en tr\u00e1mite.\" \/>\n<meta property=\"og:url\" content=\"https:\/\/iep-sa.com.ar\/producto\/proyector-ax1\/\" \/>\n<meta property=\"og:site_name\" content=\"IEP - Iluminaci\u00f3n Eficiente Profesional\" \/>\n<meta property=\"article:modified_time\" content=\"2021-10-27T01:00:04+00:00\" \/>\n<meta property=\"og:image\" content=\"https:\/\/lightyellow-boar-299687.hostingersite.com\/wp-content\/uploads\/2021\/10\/Ax1-destacada.jpg\" \/>\n\t<meta property=\"og:image:width\" content=\"250\" \/>\n\t<meta property=\"og:image:height\" content=\"250\" \/>\n\t<meta property=\"og:image:type\" content=\"image\/jpeg\" \/>\n<meta name=\"twitter:card\" content=\"summary_large_image\" \/>\n<meta name=\"twitter:label1\" content=\"Tiempo de lectura\" \/>\n\t<meta name=\"twitter:data1\" content=\"1 minuto\" \/>\n<script type=\"application\/ld+json\" class=\"yoast-schema-graph\">{\"@context\":\"https:\\\/\\\/schema.org\",\"@graph\":[{\"@type\":\"WebPage\",\"@id\":\"https:\\\/\\\/iep-sa.com.ar\\\/producto\\\/proyector-ax1\\\/\",\"url\":\"https:\\\/\\\/iep-sa.com.ar\\\/producto\\\/proyector-ax1\\\/\",\"name\":\"Proyector AX1 - IEP - Iluminaci\u00f3n Eficiente Profesional\",\"isPartOf\":{\"@id\":\"https:\\\/\\\/iep-sa.com.ar\\\/#website\"},\"primaryImageOfPage\":{\"@id\":\"https:\\\/\\\/iep-sa.com.ar\\\/producto\\\/proyector-ax1\\\/#primaryimage\"},\"image\":{\"@id\":\"https:\\\/\\\/iep-sa.com.ar\\\/producto\\\/proyector-ax1\\\/#primaryimage\"},\"thumbnailUrl\":\"https:\\\/\\\/iep-sa.com.ar\\\/wp-content\\\/uploads\\\/2021\\\/10\\\/Ax1-destacada.jpg\",\"datePublished\":\"2021-10-20T19:54:52+00:00\",\"dateModified\":\"2021-10-27T01:00:04+00:00\",\"breadcrumb\":{\"@id\":\"https:\\\/\\\/iep-sa.com.ar\\\/producto\\\/proyector-ax1\\\/#breadcrumb\"},\"inLanguage\":\"es\",\"potentialAction\":[{\"@type\":\"ReadAction\",\"target\":[\"https:\\\/\\\/iep-sa.com.ar\\\/producto\\\/proyector-ax1\\\/\"]}]},{\"@type\":\"ImageObject\",\"inLanguage\":\"es\",\"@id\":\"https:\\\/\\\/iep-sa.com.ar\\\/producto\\\/proyector-ax1\\\/#primaryimage\",\"url\":\"https:\\\/\\\/iep-sa.com.ar\\\/wp-content\\\/uploads\\\/2021\\\/10\\\/Ax1-destacada.jpg\",\"contentUrl\":\"https:\\\/\\\/iep-sa.com.ar\\\/wp-content\\\/uploads\\\/2021\\\/10\\\/Ax1-destacada.jpg\",\"width\":250,\"height\":250},{\"@type\":\"BreadcrumbList\",\"@id\":\"https:\\\/\\\/iep-sa.com.ar\\\/producto\\\/proyector-ax1\\\/#breadcrumb\",\"itemListElement\":[{\"@type\":\"ListItem\",\"position\":1,\"name\":\"Portada\",\"item\":\"https:\\\/\\\/iep-sa.com.ar\\\/\"},{\"@type\":\"ListItem\",\"position\":2,\"name\":\"Productos\",\"item\":\"https:\\\/\\\/iep-sa.com.ar\\\/productos\\\/\"},{\"@type\":\"ListItem\",\"position\":3,\"name\":\"Proyector AX1\"}]},{\"@type\":\"WebSite\",\"@id\":\"https:\\\/\\\/iep-sa.com.ar\\\/#website\",\"url\":\"https:\\\/\\\/iep-sa.com.ar\\\/\",\"name\":\"IEP - Iluminaci\u00f3n Eficiente Profesional\",\"description\":\"Iluminaci\u00f3n Vial - Profesional - Decorativa - Estacionamientos - Gasolineras - Deportiva - P\u00fablica - Privada\",\"publisher\":{\"@id\":\"https:\\\/\\\/iep-sa.com.ar\\\/#organization\"},\"potentialAction\":[{\"@type\":\"SearchAction\",\"target\":{\"@type\":\"EntryPoint\",\"urlTemplate\":\"https:\\\/\\\/iep-sa.com.ar\\\/?s={search_term_string}\"},\"query-input\":{\"@type\":\"PropertyValueSpecification\",\"valueRequired\":true,\"valueName\":\"search_term_string\"}}],\"inLanguage\":\"es\"},{\"@type\":\"Organization\",\"@id\":\"https:\\\/\\\/iep-sa.com.ar\\\/#organization\",\"name\":\"IEP - Iluminaci\u00f3n Eficiente Profesional\",\"url\":\"https:\\\/\\\/iep-sa.com.ar\\\/\",\"logo\":{\"@type\":\"ImageObject\",\"inLanguage\":\"es\",\"@id\":\"https:\\\/\\\/iep-sa.com.ar\\\/#\\\/schema\\\/logo\\\/image\\\/\",\"url\":\"https:\\\/\\\/iep-sa.com.ar\\\/wp-content\\\/uploads\\\/2022\\\/11\\\/cropped-favicon.jpg\",\"contentUrl\":\"https:\\\/\\\/iep-sa.com.ar\\\/wp-content\\\/uploads\\\/2022\\\/11\\\/cropped-favicon.jpg\",\"width\":512,\"height\":512,\"caption\":\"IEP - Iluminaci\u00f3n Eficiente Profesional\"},\"image\":{\"@id\":\"https:\\\/\\\/iep-sa.com.ar\\\/#\\\/schema\\\/logo\\\/image\\\/\"}}]}<\/script>\n<!-- \/ Yoast SEO plugin. -->","yoast_head_json":{"title":"Proyector AX1 - IEP - Iluminaci\u00f3n Eficiente Profesional","robots":{"index":"index","follow":"follow","max-snippet":"max-snippet:-1","max-image-preview":"max-image-preview:large","max-video-preview":"max-video-preview:-1"},"canonical":"https:\/\/iep-sa.com.ar\/producto\/proyector-ax1\/","og_locale":"es_ES","og_type":"article","og_title":"Proyector AX1 - IEP - Iluminaci\u00f3n Eficiente Profesional","og_description":"DESCRIPCI\u00d3N T\u00c9CNICA APLICACIONES Los proyectores AX1 se utilizan en las instalaciones el\u00e9ctricas en \u00e1reas con riesgo de explosiones; montados en columnas o embutidos en cielorraso; para la iluminaci\u00f3n de estaciones de servicio, playas de maniobras, d\u00e1rsenas, dep\u00f3sitos, y todo otro espacio donde se requiera un importante nivel de iluminaci\u00f3n con LEDS. MATERIALES Cuerpo y marco de fundici\u00f3n de aluminio de bajo contenido de cobre. Refractor de vidrio templado. Sellado de refractor de silicona neutra. Buloner\u00eda de cierre de acero. TERMINACI\u00d3N Cuerpo y marco, pintura epoxi color blanco. Soporte de sujeci\u00f3n, pintura epoxi color negro. ESPECIFICACIONES T\u00c9CNICAS Entrada: 120 \u2013 277v. Frecuencia: 50-60 Hz. Consumo: 102w. Eficiencia del sistema: hasta 100 lm\/W. Flujo luminoso: 1700 a 10.000 lm. Vida \u00fatil de los leds: 50.000hs. Condiciones de trabajo: -40 \u00baC + 50 \u00baC. Homologaciones: en tr\u00e1mite.","og_url":"https:\/\/iep-sa.com.ar\/producto\/proyector-ax1\/","og_site_name":"IEP - Iluminaci\u00f3n Eficiente Profesional","article_modified_time":"2021-10-27T01:00:04+00:00","og_image":[{"width":250,"height":250,"url":"https:\/\/lightyellow-boar-299687.hostingersite.com\/wp-content\/uploads\/2021\/10\/Ax1-destacada.jpg","type":"image\/jpeg"}],"twitter_card":"summary_large_image","twitter_misc":{"Tiempo de lectura":"1 minuto"},"schema":{"@context":"https:\/\/schema.org","@graph":[{"@type":"WebPage","@id":"https:\/\/iep-sa.com.ar\/producto\/proyector-ax1\/","url":"https:\/\/iep-sa.com.ar\/producto\/proyector-ax1\/","name":"Proyector AX1 - IEP - Iluminaci\u00f3n Eficiente Profesional","isPartOf":{"@id":"https:\/\/iep-sa.com.ar\/#website"},"primaryImageOfPage":{"@id":"https:\/\/iep-sa.com.ar\/producto\/proyector-ax1\/#primaryimage"},"image":{"@id":"https:\/\/iep-sa.com.ar\/producto\/proyector-ax1\/#primaryimage"},"thumbnailUrl":"https:\/\/iep-sa.com.ar\/wp-content\/uploads\/2021\/10\/Ax1-destacada.jpg","datePublished":"2021-10-20T19:54:52+00:00","dateModified":"2021-10-27T01:00:04+00:00","breadcrumb":{"@id":"https:\/\/iep-sa.com.ar\/producto\/proyector-ax1\/#breadcrumb"},"inLanguage":"es","potentialAction":[{"@type":"ReadAction","target":["https:\/\/iep-sa.com.ar\/producto\/proyector-ax1\/"]}]},{"@type":"ImageObject","inLanguage":"es","@id":"https:\/\/iep-sa.com.ar\/producto\/proyector-ax1\/#primaryimage","url":"https:\/\/iep-sa.com.ar\/wp-content\/uploads\/2021\/10\/Ax1-destacada.jpg","contentUrl":"https:\/\/iep-sa.com.ar\/wp-content\/uploads\/2021\/10\/Ax1-destacada.jpg","width":250,"height":250},{"@type":"BreadcrumbList","@id":"https:\/\/iep-sa.com.ar\/producto\/proyector-ax1\/#breadcrumb","itemListElement":[{"@type":"ListItem","position":1,"name":"Portada","item":"https:\/\/iep-sa.com.ar\/"},{"@type":"ListItem","position":2,"name":"Productos","item":"https:\/\/iep-sa.com.ar\/productos\/"},{"@type":"ListItem","position":3,"name":"Proyector AX1"}]},{"@type":"WebSite","@id":"https:\/\/iep-sa.com.ar\/#website","url":"https:\/\/iep-sa.com.ar\/","name":"IEP - Iluminaci\u00f3n Eficiente Profesional","description":"Iluminaci\u00f3n Vial - Profesional - Decorativa - Estacionamientos - Gasolineras - Deportiva - P\u00fablica - Privada","publisher":{"@id":"https:\/\/iep-sa.com.ar\/#organization"},"potentialAction":[{"@type":"SearchAction","target":{"@type":"EntryPoint","urlTemplate":"https:\/\/iep-sa.com.ar\/?s={search_term_string}"},"query-input":{"@type":"PropertyValueSpecification","valueRequired":true,"valueName":"search_term_string"}}],"inLanguage":"es"},{"@type":"Organization","@id":"https:\/\/iep-sa.com.ar\/#organization","name":"IEP - Iluminaci\u00f3n Eficiente Profesional","url":"https:\/\/iep-sa.com.ar\/","logo":{"@type":"ImageObject","inLanguage":"es","@id":"https:\/\/iep-sa.com.ar\/#\/schema\/logo\/image\/","url":"https:\/\/iep-sa.com.ar\/wp-content\/uploads\/2022\/11\/cropped-favicon.jpg","contentUrl":"https:\/\/iep-sa.com.ar\/wp-content\/uploads\/2022\/11\/cropped-favicon.jpg","width":512,"height":512,"caption":"IEP - Iluminaci\u00f3n Eficiente Profesional"},"image":{"@id":"https:\/\/iep-sa.com.ar\/#\/schema\/logo\/image\/"}}]}},"_links":{"self":[{"href":"https:\/\/iep-sa.com.ar\/nuevo\/wp-json\/wp\/v2\/product\/4014","targetHints":{"allow":["GET"]}}],"collection":[{"href":"https:\/\/iep-sa.com.ar\/nuevo\/wp-json\/wp\/v2\/product"}],"about":[{"href":"https:\/\/iep-sa.com.ar\/nuevo\/wp-json\/wp\/v2\/types\/product"}],"wp:featuredmedia":[{"embeddable":true,"href":"https:\/\/iep-sa.com.ar\/nuevo\/wp-json\/wp\/v2\/media\/4015"}],"wp:attachment":[{"href":"https:\/\/iep-sa.com.ar\/nuevo\/wp-json\/wp\/v2\/media?parent=4014"}],"wp:term":[{"taxonomy":"product_brand","embeddable":true,"href":"https:\/\/iep-sa.com.ar\/nuevo\/wp-json\/wp\/v2\/product_brand?post=4014"},{"taxonomy":"product_cat","embeddable":true,"href":"https:\/\/iep-sa.com.ar\/nuevo\/wp-json\/wp\/v2\/product_cat?post=4014"},{"taxonomy":"product_tag","embeddable":true,"href":"https:\/\/iep-sa.com.ar\/nuevo\/wp-json\/wp\/v2\/product_tag?post=4014"}],"curies":[{"name":"wp","href":"https:\/\/api.w.org\/{rel}","templated":true}]}}