{"id":3998,"date":"2021-10-20T19:35:14","date_gmt":"2021-10-20T19:35:14","guid":{"rendered":"https:\/\/iep-sa.com.ar\/nuevo\/?post_type=product&#038;p=3998"},"modified":"2021-10-27T01:04:50","modified_gmt":"2021-10-27T01:04:50","slug":"zetto-plafon","status":"publish","type":"product","link":"https:\/\/iep-sa.com.ar\/nuevo\/producto\/zetto-plafon\/","title":{"rendered":"ZETTO PLAFON"},"content":{"rendered":"<h4 style=\"text-align: left;\"><strong>MEDIDAS<\/strong><\/h4>\n<div class='content-column one_half'><p><a href=\"https:\/\/iep-sa.com.ar\/wp-content\/uploads\/2021\/10\/zetto-plafon-medidas.jpg\"><img fetchpriority=\"high\" decoding=\"async\" class=\"aligncenter size-medium wp-image-4001\" src=\"https:\/\/iep-sa.com.ar\/wp-content\/uploads\/2021\/10\/zetto-plafon-medidas-300x242.jpg\" alt=\"\" width=\"300\" height=\"242\" srcset=\"https:\/\/iep-sa.com.ar\/wp-content\/uploads\/2021\/10\/zetto-plafon-medidas-300x242.jpg 300w, https:\/\/iep-sa.com.ar\/wp-content\/uploads\/2021\/10\/zetto-plafon-medidas.jpg 392w\" sizes=\"(max-width: 300px) 100vw, 300px\" \/><\/a><\/p><\/div>\n<div class=\"layoutArea\">\n<div class=\"column\">\n<div class='content-column one_half last_column'><a href=\"https:\/\/iep-sa.com.ar\/wp-content\/uploads\/2021\/10\/zetto-plafon-dimensiones-1.jpg\"><img decoding=\"async\" class=\"aligncenter wp-image-4002\" src=\"https:\/\/iep-sa.com.ar\/wp-content\/uploads\/2021\/10\/zetto-plafon-dimensiones-1-300x120.jpg\" alt=\"\" width=\"450\" height=\"180\" srcset=\"https:\/\/iep-sa.com.ar\/wp-content\/uploads\/2021\/10\/zetto-plafon-dimensiones-1-300x120.jpg 300w, https:\/\/iep-sa.com.ar\/wp-content\/uploads\/2021\/10\/zetto-plafon-dimensiones-1.jpg 493w\" sizes=\"(max-width: 450px) 100vw, 450px\" \/><\/a><\/p><\/div><div class='clear_column'><\/div>\n<h4 style=\"text-align: left;\"><strong>CURVAS FOTOM\u00c9TRICAS<\/strong><\/h4>\n<\/div>\n<\/div>\n<div class=\"layoutArea\">\n<div class=\"column\">\n<div class=\"column\">\n<div class='content-column one_half'><a href=\"https:\/\/iep-sa.com.ar\/wp-content\/uploads\/2021\/10\/zetto-plafon-curvas.jpg\"><img decoding=\"async\" class=\"aligncenter size-medium wp-image-4003\" src=\"https:\/\/iep-sa.com.ar\/wp-content\/uploads\/2021\/10\/zetto-plafon-curvas-291x300.jpg\" alt=\"\" width=\"291\" height=\"300\" srcset=\"https:\/\/iep-sa.com.ar\/wp-content\/uploads\/2021\/10\/zetto-plafon-curvas-291x300.jpg 291w, https:\/\/iep-sa.com.ar\/wp-content\/uploads\/2021\/10\/zetto-plafon-curvas.jpg 384w\" sizes=\"(max-width: 291px) 100vw, 291px\" \/><\/a><\/p><\/div>\n<div class=\"layoutArea\">\n<div class=\"column\">\n<div class='content-column one_half last_column'><a href=\"https:\/\/iep-sa.com.ar\/wp-content\/uploads\/2021\/10\/zetto-plafon-param-electrico-1.jpg\"><img loading=\"lazy\" decoding=\"async\" class=\"aligncenter wp-image-4004\" src=\"https:\/\/iep-sa.com.ar\/wp-content\/uploads\/2021\/10\/zetto-plafon-param-electrico-1-300x83.jpg\" alt=\"\" width=\"445\" height=\"123\" srcset=\"https:\/\/iep-sa.com.ar\/wp-content\/uploads\/2021\/10\/zetto-plafon-param-electrico-1-300x83.jpg 300w, https:\/\/iep-sa.com.ar\/wp-content\/uploads\/2021\/10\/zetto-plafon-param-electrico-1.jpg 529w\" sizes=\"(max-width: 445px) 100vw, 445px\" \/><\/a><\/p><\/div><div class='clear_column'><\/div>\n<\/div>\n<\/div>\n<h3 style=\"text-align: left;\"><b>DESCARGAS<\/b><\/h3>\n<div class=\"wp-block-file\" style=\"text-align: left;\">\n<div><a href=\"https:\/\/iep-sa.com.ar\/wp-content\/uploads\/2021\/10\/Ficha20tecnica20zetto.pdf\">Zetto Ficha T\u00e9cnica<\/a><\/div>\n<\/div>\n<\/div>\n<\/div>\n<\/div>\n","protected":false},"excerpt":{"rendered":"<h4 style=\"text-align: left;\"><strong>DESCRIPCI\u00d3N T\u00c9CNICA<\/strong><\/h4>\n<p style=\"text-align: left;\"><strong>Cuerpo<\/strong><br \/>\nExtrusi\u00f3n de aluminio.<\/p>\n<p style=\"text-align: left;\"><strong>Difusor <\/strong><br \/>\nPolicarbonato.<\/p>\n<p style=\"text-align: left;\"><strong>Sistema de cierre<\/strong><br \/>\nMediante tornillos de acero inoxidable.<\/p>\n<p style=\"text-align: left;\"><strong>Sistema de fijaci\u00f3n<\/strong><br \/>\nChapa de hierro.<\/p>\n<p style=\"text-align: left;\">Reciclabilidad.<\/p>\n","protected":false},"featured_media":3999,"template":"","meta":{"_joinchat":[]},"product_brand":[],"product_cat":[119,132,133,131,76,135,136,129,150,134,151,138,130,154],"product_tag":[],"class_list":{"0":"post-3998","1":"product","2":"type-product","3":"status-publish","4":"has-post-thumbnail","6":"product_cat-aleros","7":"product_cat-areas-de-trabajo","8":"product_cat-camaras-de-frio","9":"product_cat-depositos","10":"product_cat-estacionamientos","11":"product_cat-exterior","12":"product_cat-gasolinerias","13":"product_cat-grandes-areas-de-interior","14":"product_cat-grandes-areas-deportivas","15":"product_cat-interior","16":"product_cat-interior-grandes-areas-deportivas","17":"product_cat-talleres","18":"product_cat-tiendas","19":"product_cat-tuneles-y-puentes","21":"first","22":"instock","23":"shipping-taxable","24":"product-type-simple","25":"layout-style-1","26":"col-md-4 col-sm-4 col-xs-6","27":"col-lg-3","28":"product-has-gallery","29":"product-style-default"},"yoast_head":"<!-- This site is optimized with the Yoast SEO plugin v27.4 - https:\/\/yoast.com\/product\/yoast-seo-wordpress\/ -->\n<title>ZETTO PLAFON - IEP - Iluminaci\u00f3n Eficiente Profesional<\/title>\n<meta name=\"robots\" content=\"index, follow, max-snippet:-1, max-image-preview:large, max-video-preview:-1\" \/>\n<link rel=\"canonical\" href=\"https:\/\/iep-sa.com.ar\/producto\/zetto-plafon\/\" \/>\n<meta property=\"og:locale\" content=\"es_ES\" \/>\n<meta property=\"og:type\" content=\"article\" \/>\n<meta property=\"og:title\" content=\"ZETTO PLAFON - IEP - Iluminaci\u00f3n Eficiente Profesional\" \/>\n<meta property=\"og:description\" content=\"DESCRIPCI\u00d3N T\u00c9CNICA Cuerpo Extrusi\u00f3n de aluminio. Difusor  Policarbonato. Sistema de cierre Mediante tornillos de acero inoxidable. Sistema de fijaci\u00f3n Chapa de hierro. Reciclabilidad.\" \/>\n<meta property=\"og:url\" content=\"https:\/\/iep-sa.com.ar\/producto\/zetto-plafon\/\" \/>\n<meta property=\"og:site_name\" content=\"IEP - Iluminaci\u00f3n Eficiente Profesional\" \/>\n<meta property=\"article:modified_time\" content=\"2021-10-27T01:04:50+00:00\" \/>\n<meta property=\"og:image\" content=\"https:\/\/lightyellow-boar-299687.hostingersite.com\/wp-content\/uploads\/2021\/10\/zetto-plafon-producto-1.jpg\" \/>\n\t<meta property=\"og:image:width\" content=\"250\" \/>\n\t<meta property=\"og:image:height\" content=\"250\" \/>\n\t<meta property=\"og:image:type\" content=\"image\/jpeg\" \/>\n<meta name=\"twitter:card\" content=\"summary_large_image\" \/>\n<meta name=\"twitter:label1\" content=\"Tiempo de lectura\" \/>\n\t<meta name=\"twitter:data1\" content=\"1 minuto\" \/>\n<script type=\"application\/ld+json\" class=\"yoast-schema-graph\">{\"@context\":\"https:\\\/\\\/schema.org\",\"@graph\":[{\"@type\":\"WebPage\",\"@id\":\"https:\\\/\\\/iep-sa.com.ar\\\/producto\\\/zetto-plafon\\\/\",\"url\":\"https:\\\/\\\/iep-sa.com.ar\\\/producto\\\/zetto-plafon\\\/\",\"name\":\"ZETTO PLAFON - IEP - Iluminaci\u00f3n Eficiente Profesional\",\"isPartOf\":{\"@id\":\"https:\\\/\\\/iep-sa.com.ar\\\/#website\"},\"primaryImageOfPage\":{\"@id\":\"https:\\\/\\\/iep-sa.com.ar\\\/producto\\\/zetto-plafon\\\/#primaryimage\"},\"image\":{\"@id\":\"https:\\\/\\\/iep-sa.com.ar\\\/producto\\\/zetto-plafon\\\/#primaryimage\"},\"thumbnailUrl\":\"https:\\\/\\\/iep-sa.com.ar\\\/wp-content\\\/uploads\\\/2021\\\/10\\\/zetto-plafon-producto-1.jpg\",\"datePublished\":\"2021-10-20T19:35:14+00:00\",\"dateModified\":\"2021-10-27T01:04:50+00:00\",\"breadcrumb\":{\"@id\":\"https:\\\/\\\/iep-sa.com.ar\\\/producto\\\/zetto-plafon\\\/#breadcrumb\"},\"inLanguage\":\"es\",\"potentialAction\":[{\"@type\":\"ReadAction\",\"target\":[\"https:\\\/\\\/iep-sa.com.ar\\\/producto\\\/zetto-plafon\\\/\"]}]},{\"@type\":\"ImageObject\",\"inLanguage\":\"es\",\"@id\":\"https:\\\/\\\/iep-sa.com.ar\\\/producto\\\/zetto-plafon\\\/#primaryimage\",\"url\":\"https:\\\/\\\/iep-sa.com.ar\\\/wp-content\\\/uploads\\\/2021\\\/10\\\/zetto-plafon-producto-1.jpg\",\"contentUrl\":\"https:\\\/\\\/iep-sa.com.ar\\\/wp-content\\\/uploads\\\/2021\\\/10\\\/zetto-plafon-producto-1.jpg\",\"width\":250,\"height\":250},{\"@type\":\"BreadcrumbList\",\"@id\":\"https:\\\/\\\/iep-sa.com.ar\\\/producto\\\/zetto-plafon\\\/#breadcrumb\",\"itemListElement\":[{\"@type\":\"ListItem\",\"position\":1,\"name\":\"Portada\",\"item\":\"https:\\\/\\\/iep-sa.com.ar\\\/\"},{\"@type\":\"ListItem\",\"position\":2,\"name\":\"Productos\",\"item\":\"https:\\\/\\\/iep-sa.com.ar\\\/productos\\\/\"},{\"@type\":\"ListItem\",\"position\":3,\"name\":\"ZETTO PLAFON\"}]},{\"@type\":\"WebSite\",\"@id\":\"https:\\\/\\\/iep-sa.com.ar\\\/#website\",\"url\":\"https:\\\/\\\/iep-sa.com.ar\\\/\",\"name\":\"IEP - Iluminaci\u00f3n Eficiente Profesional\",\"description\":\"Iluminaci\u00f3n Vial - Profesional - Decorativa - Estacionamientos - Gasolineras - Deportiva - P\u00fablica - Privada\",\"publisher\":{\"@id\":\"https:\\\/\\\/iep-sa.com.ar\\\/#organization\"},\"potentialAction\":[{\"@type\":\"SearchAction\",\"target\":{\"@type\":\"EntryPoint\",\"urlTemplate\":\"https:\\\/\\\/iep-sa.com.ar\\\/?s={search_term_string}\"},\"query-input\":{\"@type\":\"PropertyValueSpecification\",\"valueRequired\":true,\"valueName\":\"search_term_string\"}}],\"inLanguage\":\"es\"},{\"@type\":\"Organization\",\"@id\":\"https:\\\/\\\/iep-sa.com.ar\\\/#organization\",\"name\":\"IEP - Iluminaci\u00f3n Eficiente Profesional\",\"url\":\"https:\\\/\\\/iep-sa.com.ar\\\/\",\"logo\":{\"@type\":\"ImageObject\",\"inLanguage\":\"es\",\"@id\":\"https:\\\/\\\/iep-sa.com.ar\\\/#\\\/schema\\\/logo\\\/image\\\/\",\"url\":\"https:\\\/\\\/iep-sa.com.ar\\\/wp-content\\\/uploads\\\/2022\\\/11\\\/cropped-favicon.jpg\",\"contentUrl\":\"https:\\\/\\\/iep-sa.com.ar\\\/wp-content\\\/uploads\\\/2022\\\/11\\\/cropped-favicon.jpg\",\"width\":512,\"height\":512,\"caption\":\"IEP - Iluminaci\u00f3n Eficiente Profesional\"},\"image\":{\"@id\":\"https:\\\/\\\/iep-sa.com.ar\\\/#\\\/schema\\\/logo\\\/image\\\/\"}}]}<\/script>\n<!-- \/ Yoast SEO plugin. -->","yoast_head_json":{"title":"ZETTO PLAFON - IEP - Iluminaci\u00f3n Eficiente Profesional","robots":{"index":"index","follow":"follow","max-snippet":"max-snippet:-1","max-image-preview":"max-image-preview:large","max-video-preview":"max-video-preview:-1"},"canonical":"https:\/\/iep-sa.com.ar\/producto\/zetto-plafon\/","og_locale":"es_ES","og_type":"article","og_title":"ZETTO PLAFON - IEP - Iluminaci\u00f3n Eficiente Profesional","og_description":"DESCRIPCI\u00d3N T\u00c9CNICA Cuerpo Extrusi\u00f3n de aluminio. Difusor  Policarbonato. Sistema de cierre Mediante tornillos de acero inoxidable. Sistema de fijaci\u00f3n Chapa de hierro. Reciclabilidad.","og_url":"https:\/\/iep-sa.com.ar\/producto\/zetto-plafon\/","og_site_name":"IEP - Iluminaci\u00f3n Eficiente Profesional","article_modified_time":"2021-10-27T01:04:50+00:00","og_image":[{"width":250,"height":250,"url":"https:\/\/lightyellow-boar-299687.hostingersite.com\/wp-content\/uploads\/2021\/10\/zetto-plafon-producto-1.jpg","type":"image\/jpeg"}],"twitter_card":"summary_large_image","twitter_misc":{"Tiempo de lectura":"1 minuto"},"schema":{"@context":"https:\/\/schema.org","@graph":[{"@type":"WebPage","@id":"https:\/\/iep-sa.com.ar\/producto\/zetto-plafon\/","url":"https:\/\/iep-sa.com.ar\/producto\/zetto-plafon\/","name":"ZETTO PLAFON - IEP - Iluminaci\u00f3n Eficiente Profesional","isPartOf":{"@id":"https:\/\/iep-sa.com.ar\/#website"},"primaryImageOfPage":{"@id":"https:\/\/iep-sa.com.ar\/producto\/zetto-plafon\/#primaryimage"},"image":{"@id":"https:\/\/iep-sa.com.ar\/producto\/zetto-plafon\/#primaryimage"},"thumbnailUrl":"https:\/\/iep-sa.com.ar\/wp-content\/uploads\/2021\/10\/zetto-plafon-producto-1.jpg","datePublished":"2021-10-20T19:35:14+00:00","dateModified":"2021-10-27T01:04:50+00:00","breadcrumb":{"@id":"https:\/\/iep-sa.com.ar\/producto\/zetto-plafon\/#breadcrumb"},"inLanguage":"es","potentialAction":[{"@type":"ReadAction","target":["https:\/\/iep-sa.com.ar\/producto\/zetto-plafon\/"]}]},{"@type":"ImageObject","inLanguage":"es","@id":"https:\/\/iep-sa.com.ar\/producto\/zetto-plafon\/#primaryimage","url":"https:\/\/iep-sa.com.ar\/wp-content\/uploads\/2021\/10\/zetto-plafon-producto-1.jpg","contentUrl":"https:\/\/iep-sa.com.ar\/wp-content\/uploads\/2021\/10\/zetto-plafon-producto-1.jpg","width":250,"height":250},{"@type":"BreadcrumbList","@id":"https:\/\/iep-sa.com.ar\/producto\/zetto-plafon\/#breadcrumb","itemListElement":[{"@type":"ListItem","position":1,"name":"Portada","item":"https:\/\/iep-sa.com.ar\/"},{"@type":"ListItem","position":2,"name":"Productos","item":"https:\/\/iep-sa.com.ar\/productos\/"},{"@type":"ListItem","position":3,"name":"ZETTO PLAFON"}]},{"@type":"WebSite","@id":"https:\/\/iep-sa.com.ar\/#website","url":"https:\/\/iep-sa.com.ar\/","name":"IEP - Iluminaci\u00f3n Eficiente Profesional","description":"Iluminaci\u00f3n Vial - Profesional - Decorativa - Estacionamientos - Gasolineras - Deportiva - P\u00fablica - Privada","publisher":{"@id":"https:\/\/iep-sa.com.ar\/#organization"},"potentialAction":[{"@type":"SearchAction","target":{"@type":"EntryPoint","urlTemplate":"https:\/\/iep-sa.com.ar\/?s={search_term_string}"},"query-input":{"@type":"PropertyValueSpecification","valueRequired":true,"valueName":"search_term_string"}}],"inLanguage":"es"},{"@type":"Organization","@id":"https:\/\/iep-sa.com.ar\/#organization","name":"IEP - Iluminaci\u00f3n Eficiente Profesional","url":"https:\/\/iep-sa.com.ar\/","logo":{"@type":"ImageObject","inLanguage":"es","@id":"https:\/\/iep-sa.com.ar\/#\/schema\/logo\/image\/","url":"https:\/\/iep-sa.com.ar\/wp-content\/uploads\/2022\/11\/cropped-favicon.jpg","contentUrl":"https:\/\/iep-sa.com.ar\/wp-content\/uploads\/2022\/11\/cropped-favicon.jpg","width":512,"height":512,"caption":"IEP - Iluminaci\u00f3n Eficiente Profesional"},"image":{"@id":"https:\/\/iep-sa.com.ar\/#\/schema\/logo\/image\/"}}]}},"_links":{"self":[{"href":"https:\/\/iep-sa.com.ar\/nuevo\/wp-json\/wp\/v2\/product\/3998","targetHints":{"allow":["GET"]}}],"collection":[{"href":"https:\/\/iep-sa.com.ar\/nuevo\/wp-json\/wp\/v2\/product"}],"about":[{"href":"https:\/\/iep-sa.com.ar\/nuevo\/wp-json\/wp\/v2\/types\/product"}],"wp:featuredmedia":[{"embeddable":true,"href":"https:\/\/iep-sa.com.ar\/nuevo\/wp-json\/wp\/v2\/media\/3999"}],"wp:attachment":[{"href":"https:\/\/iep-sa.com.ar\/nuevo\/wp-json\/wp\/v2\/media?parent=3998"}],"wp:term":[{"taxonomy":"product_brand","embeddable":true,"href":"https:\/\/iep-sa.com.ar\/nuevo\/wp-json\/wp\/v2\/product_brand?post=3998"},{"taxonomy":"product_cat","embeddable":true,"href":"https:\/\/iep-sa.com.ar\/nuevo\/wp-json\/wp\/v2\/product_cat?post=3998"},{"taxonomy":"product_tag","embeddable":true,"href":"https:\/\/iep-sa.com.ar\/nuevo\/wp-json\/wp\/v2\/product_tag?post=3998"}],"curies":[{"name":"wp","href":"https:\/\/api.w.org\/{rel}","templated":true}]}}