{"id":3989,"date":"2021-10-20T19:24:43","date_gmt":"2021-10-20T19:24:43","guid":{"rendered":"https:\/\/iep-sa.com.ar\/nuevo\/?post_type=product&#038;p=3989"},"modified":"2021-10-27T01:06:45","modified_gmt":"2021-10-27T01:06:45","slug":"zetto-embutido","status":"publish","type":"product","link":"https:\/\/iep-sa.com.ar\/nuevo\/producto\/zetto-embutido\/","title":{"rendered":"ZETTO EMBUTIDO"},"content":{"rendered":"<h4 style=\"text-align: left;\"><strong>MEDIDAS<\/strong><\/h4>\n<div class='content-column one_half'><p><a href=\"https:\/\/iep-sa.com.ar\/wp-content\/uploads\/2021\/10\/zetto-medidas-1.png\"><img fetchpriority=\"high\" decoding=\"async\" class=\"aligncenter size-medium wp-image-3991\" src=\"https:\/\/iep-sa.com.ar\/wp-content\/uploads\/2021\/10\/zetto-medidas-1-300x182.png\" alt=\"\" width=\"300\" height=\"182\" srcset=\"https:\/\/iep-sa.com.ar\/wp-content\/uploads\/2021\/10\/zetto-medidas-1-300x182.png 300w, https:\/\/iep-sa.com.ar\/wp-content\/uploads\/2021\/10\/zetto-medidas-1.png 400w\" sizes=\"(max-width: 300px) 100vw, 300px\" \/><\/a><\/p>\n<p><a href=\"https:\/\/iep-sa.com.ar\/wp-content\/uploads\/2021\/10\/zetto-medidas-2-300x151-1.png\"><img decoding=\"async\" class=\"aligncenter wp-image-3992\" src=\"https:\/\/iep-sa.com.ar\/wp-content\/uploads\/2021\/10\/zetto-medidas-2-300x151-1.png\" alt=\"\" width=\"332\" height=\"167\" \/><\/a><\/p><\/div>\n<div class=\"layoutArea\">\n<div class=\"column\">\n<div class='content-column one_half last_column'><a href=\"https:\/\/iep-sa.com.ar\/wp-content\/uploads\/2021\/10\/zetto-medidas-2-300x151-1.png\"><br \/>\n<\/a><a href=\"https:\/\/iep-sa.com.ar\/wp-content\/uploads\/2021\/10\/Zetto-dimen-fisic-1.png\"><img decoding=\"async\" class=\"aligncenter wp-image-3993\" src=\"https:\/\/iep-sa.com.ar\/wp-content\/uploads\/2021\/10\/Zetto-dimen-fisic-1-300x118.png\" alt=\"\" width=\"512\" height=\"201\" srcset=\"https:\/\/iep-sa.com.ar\/wp-content\/uploads\/2021\/10\/Zetto-dimen-fisic-1-300x118.png 300w, https:\/\/iep-sa.com.ar\/wp-content\/uploads\/2021\/10\/Zetto-dimen-fisic-1-1024x403.png 1024w, https:\/\/iep-sa.com.ar\/wp-content\/uploads\/2021\/10\/Zetto-dimen-fisic-1-768x302.png 768w, https:\/\/iep-sa.com.ar\/wp-content\/uploads\/2021\/10\/Zetto-dimen-fisic-1-600x236.png 600w, https:\/\/iep-sa.com.ar\/wp-content\/uploads\/2021\/10\/Zetto-dimen-fisic-1.png 1045w\" sizes=\"(max-width: 512px) 100vw, 512px\" \/><\/a><\/p><\/div><div class='clear_column'><\/div>\n<h4 style=\"text-align: left;\"><strong>CURVAS FOTOM\u00c9TRICAS<\/strong><\/h4>\n<\/div>\n<\/div>\n<div class=\"layoutArea\">\n<div class=\"column\">\n<div class=\"column\">\n<div class='content-column one_half'><a href=\"https:\/\/iep-sa.com.ar\/wp-content\/uploads\/2021\/10\/zetto-LED-curva.jpg\"><img loading=\"lazy\" decoding=\"async\" class=\"aligncenter  wp-image-3995\" src=\"https:\/\/iep-sa.com.ar\/wp-content\/uploads\/2021\/10\/zetto-LED-curva-296x300.jpg\" alt=\"\" width=\"345\" height=\"350\" srcset=\"https:\/\/iep-sa.com.ar\/wp-content\/uploads\/2021\/10\/zetto-LED-curva-296x300.jpg 296w, https:\/\/iep-sa.com.ar\/wp-content\/uploads\/2021\/10\/zetto-LED-curva-100x100.jpg 100w, https:\/\/iep-sa.com.ar\/wp-content\/uploads\/2021\/10\/zetto-LED-curva.jpg 400w\" sizes=\"(max-width: 345px) 100vw, 345px\" \/><\/a><\/p><\/div>\n<div class=\"layoutArea\">\n<div class=\"column\">\n<div class='content-column one_half last_column'><a href=\"https:\/\/iep-sa.com.ar\/wp-content\/uploads\/2021\/10\/Zetto-param-elect.png\"><img loading=\"lazy\" decoding=\"async\" class=\"aligncenter wp-image-3996\" src=\"https:\/\/iep-sa.com.ar\/wp-content\/uploads\/2021\/10\/Zetto-param-elect-300x87.png\" alt=\"\" width=\"503\" height=\"146\" srcset=\"https:\/\/iep-sa.com.ar\/wp-content\/uploads\/2021\/10\/Zetto-param-elect-300x87.png 300w, https:\/\/iep-sa.com.ar\/wp-content\/uploads\/2021\/10\/Zetto-param-elect-1024x297.png 1024w, https:\/\/iep-sa.com.ar\/wp-content\/uploads\/2021\/10\/Zetto-param-elect-768x223.png 768w, https:\/\/iep-sa.com.ar\/wp-content\/uploads\/2021\/10\/Zetto-param-elect-600x174.png 600w, https:\/\/iep-sa.com.ar\/wp-content\/uploads\/2021\/10\/Zetto-param-elect.png 1130w\" sizes=\"(max-width: 503px) 100vw, 503px\" \/><\/a><\/p><\/div><div class='clear_column'><\/div>\n<\/div>\n<\/div>\n<h3 style=\"text-align: left;\"><b>DESCARGAS<\/b><\/h3>\n<div class=\"wp-block-file\" style=\"text-align: left;\">\n<div><a href=\"https:\/\/iep-sa.com.ar\/wp-content\/uploads\/2021\/10\/ficha20tecnica20zeto20aplique.pdf\">Zetto Embutido Ficha T\u00e9cnica<\/a><\/div>\n<\/div>\n<\/div>\n<\/div>\n<\/div>\n","protected":false},"excerpt":{"rendered":"<h4 style=\"text-align: left;\"><strong>DESCRIPCI\u00d3N T\u00c9CNICA<\/strong><\/h4>\n<p style=\"text-align: left;\"><strong>1 Cuerpo<\/strong><br \/>\nFundici\u00f3n de aluminio y aluminio extrusionado, anodizado y pintado.<\/p>\n<p style=\"text-align: left;\"><strong>2 Difusor<\/strong><br \/>\nInyecci\u00f3n de Metacrilato PMMA de alta resistencia al impacto (ARI) transparente. Vidrio plano templado transparente.<\/p>\n<p style=\"text-align: left;\"><strong>3 Portaequipo<\/strong><br \/>\nExtrusi\u00f3n de aluminio, anodizado y pintado.<\/p>\n<p style=\"text-align: left;\"><strong>4 Cabezales<\/strong><br \/>\nFundici\u00f3n inyectada de aluminio.<\/p>\n<p style=\"text-align: left;\"><strong>5 Elementos de cierre<\/strong><br \/>\nBastidor de aluminio pintado.<\/p>\n<p style=\"text-align: left;\"><strong>6 Torniller\u00eda<\/strong><br \/>\nTornillos exteriores de acero inoxidable. Tornillos interiores zincados.<\/p>\n<p style=\"text-align: left;\"><strong>7 Equipos el\u00e9ctricos<\/strong><br \/>\nTodos cumplen las normas que les son de aplicaci\u00f3n.<\/p>\n","protected":false},"featured_media":3990,"template":"","meta":{"_joinchat":[]},"product_brand":[],"product_cat":[119,132,133,131,76,135,136,129,150,134,151,138,130,154],"product_tag":[],"class_list":{"0":"post-3989","1":"product","2":"type-product","3":"status-publish","4":"has-post-thumbnail","6":"product_cat-aleros","7":"product_cat-areas-de-trabajo","8":"product_cat-camaras-de-frio","9":"product_cat-depositos","10":"product_cat-estacionamientos","11":"product_cat-exterior","12":"product_cat-gasolinerias","13":"product_cat-grandes-areas-de-interior","14":"product_cat-grandes-areas-deportivas","15":"product_cat-interior","16":"product_cat-interior-grandes-areas-deportivas","17":"product_cat-talleres","18":"product_cat-tiendas","19":"product_cat-tuneles-y-puentes","21":"first","22":"instock","23":"shipping-taxable","24":"product-type-simple","25":"layout-style-1","26":"col-md-4 col-sm-4 col-xs-6","27":"col-lg-3","28":"product-style-default"},"yoast_head":"<!-- This site is optimized with the Yoast SEO plugin v27.4 - https:\/\/yoast.com\/product\/yoast-seo-wordpress\/ -->\n<title>ZETTO EMBUTIDO - IEP - Iluminaci\u00f3n Eficiente Profesional<\/title>\n<meta name=\"robots\" content=\"index, follow, max-snippet:-1, max-image-preview:large, max-video-preview:-1\" \/>\n<link rel=\"canonical\" href=\"https:\/\/iep-sa.com.ar\/producto\/zetto-embutido\/\" \/>\n<meta property=\"og:locale\" content=\"es_ES\" \/>\n<meta property=\"og:type\" content=\"article\" \/>\n<meta property=\"og:title\" content=\"ZETTO EMBUTIDO - IEP - Iluminaci\u00f3n Eficiente Profesional\" \/>\n<meta property=\"og:description\" content=\"DESCRIPCI\u00d3N T\u00c9CNICA 1 Cuerpo Fundici\u00f3n de aluminio y aluminio extrusionado, anodizado y pintado. 2 Difusor Inyecci\u00f3n de Metacrilato PMMA de alta resistencia al impacto (ARI) transparente. Vidrio plano templado transparente. 3 Portaequipo Extrusi\u00f3n de aluminio, anodizado y pintado. 4 Cabezales Fundici\u00f3n inyectada de aluminio. 5 Elementos de cierre Bastidor de aluminio pintado. 6 Torniller\u00eda Tornillos exteriores de acero inoxidable. Tornillos interiores zincados. 7 Equipos el\u00e9ctricos Todos cumplen las normas que les son de aplicaci\u00f3n.\" \/>\n<meta property=\"og:url\" content=\"https:\/\/iep-sa.com.ar\/producto\/zetto-embutido\/\" \/>\n<meta property=\"og:site_name\" content=\"IEP - Iluminaci\u00f3n Eficiente Profesional\" \/>\n<meta property=\"article:modified_time\" content=\"2021-10-27T01:06:45+00:00\" \/>\n<meta property=\"og:image\" content=\"https:\/\/lightyellow-boar-299687.hostingersite.com\/wp-content\/uploads\/2021\/10\/zetto-producto-destacada.jpg\" \/>\n\t<meta property=\"og:image:width\" content=\"400\" \/>\n\t<meta property=\"og:image:height\" content=\"400\" \/>\n\t<meta property=\"og:image:type\" content=\"image\/jpeg\" \/>\n<meta name=\"twitter:card\" content=\"summary_large_image\" \/>\n<meta name=\"twitter:label1\" content=\"Tiempo de lectura\" \/>\n\t<meta name=\"twitter:data1\" content=\"2 minutos\" \/>\n<script type=\"application\/ld+json\" class=\"yoast-schema-graph\">{\"@context\":\"https:\\\/\\\/schema.org\",\"@graph\":[{\"@type\":\"WebPage\",\"@id\":\"https:\\\/\\\/iep-sa.com.ar\\\/producto\\\/zetto-embutido\\\/\",\"url\":\"https:\\\/\\\/iep-sa.com.ar\\\/producto\\\/zetto-embutido\\\/\",\"name\":\"ZETTO EMBUTIDO - IEP - Iluminaci\u00f3n Eficiente Profesional\",\"isPartOf\":{\"@id\":\"https:\\\/\\\/iep-sa.com.ar\\\/#website\"},\"primaryImageOfPage\":{\"@id\":\"https:\\\/\\\/iep-sa.com.ar\\\/producto\\\/zetto-embutido\\\/#primaryimage\"},\"image\":{\"@id\":\"https:\\\/\\\/iep-sa.com.ar\\\/producto\\\/zetto-embutido\\\/#primaryimage\"},\"thumbnailUrl\":\"https:\\\/\\\/iep-sa.com.ar\\\/wp-content\\\/uploads\\\/2021\\\/10\\\/zetto-producto-destacada.jpg\",\"datePublished\":\"2021-10-20T19:24:43+00:00\",\"dateModified\":\"2021-10-27T01:06:45+00:00\",\"breadcrumb\":{\"@id\":\"https:\\\/\\\/iep-sa.com.ar\\\/producto\\\/zetto-embutido\\\/#breadcrumb\"},\"inLanguage\":\"es\",\"potentialAction\":[{\"@type\":\"ReadAction\",\"target\":[\"https:\\\/\\\/iep-sa.com.ar\\\/producto\\\/zetto-embutido\\\/\"]}]},{\"@type\":\"ImageObject\",\"inLanguage\":\"es\",\"@id\":\"https:\\\/\\\/iep-sa.com.ar\\\/producto\\\/zetto-embutido\\\/#primaryimage\",\"url\":\"https:\\\/\\\/iep-sa.com.ar\\\/wp-content\\\/uploads\\\/2021\\\/10\\\/zetto-producto-destacada.jpg\",\"contentUrl\":\"https:\\\/\\\/iep-sa.com.ar\\\/wp-content\\\/uploads\\\/2021\\\/10\\\/zetto-producto-destacada.jpg\",\"width\":400,\"height\":400},{\"@type\":\"BreadcrumbList\",\"@id\":\"https:\\\/\\\/iep-sa.com.ar\\\/producto\\\/zetto-embutido\\\/#breadcrumb\",\"itemListElement\":[{\"@type\":\"ListItem\",\"position\":1,\"name\":\"Portada\",\"item\":\"https:\\\/\\\/iep-sa.com.ar\\\/\"},{\"@type\":\"ListItem\",\"position\":2,\"name\":\"Productos\",\"item\":\"https:\\\/\\\/iep-sa.com.ar\\\/productos\\\/\"},{\"@type\":\"ListItem\",\"position\":3,\"name\":\"ZETTO EMBUTIDO\"}]},{\"@type\":\"WebSite\",\"@id\":\"https:\\\/\\\/iep-sa.com.ar\\\/#website\",\"url\":\"https:\\\/\\\/iep-sa.com.ar\\\/\",\"name\":\"IEP - Iluminaci\u00f3n Eficiente Profesional\",\"description\":\"Iluminaci\u00f3n Vial - Profesional - Decorativa - Estacionamientos - Gasolineras - Deportiva - P\u00fablica - Privada\",\"publisher\":{\"@id\":\"https:\\\/\\\/iep-sa.com.ar\\\/#organization\"},\"potentialAction\":[{\"@type\":\"SearchAction\",\"target\":{\"@type\":\"EntryPoint\",\"urlTemplate\":\"https:\\\/\\\/iep-sa.com.ar\\\/?s={search_term_string}\"},\"query-input\":{\"@type\":\"PropertyValueSpecification\",\"valueRequired\":true,\"valueName\":\"search_term_string\"}}],\"inLanguage\":\"es\"},{\"@type\":\"Organization\",\"@id\":\"https:\\\/\\\/iep-sa.com.ar\\\/#organization\",\"name\":\"IEP - Iluminaci\u00f3n Eficiente Profesional\",\"url\":\"https:\\\/\\\/iep-sa.com.ar\\\/\",\"logo\":{\"@type\":\"ImageObject\",\"inLanguage\":\"es\",\"@id\":\"https:\\\/\\\/iep-sa.com.ar\\\/#\\\/schema\\\/logo\\\/image\\\/\",\"url\":\"https:\\\/\\\/iep-sa.com.ar\\\/wp-content\\\/uploads\\\/2022\\\/11\\\/cropped-favicon.jpg\",\"contentUrl\":\"https:\\\/\\\/iep-sa.com.ar\\\/wp-content\\\/uploads\\\/2022\\\/11\\\/cropped-favicon.jpg\",\"width\":512,\"height\":512,\"caption\":\"IEP - Iluminaci\u00f3n Eficiente Profesional\"},\"image\":{\"@id\":\"https:\\\/\\\/iep-sa.com.ar\\\/#\\\/schema\\\/logo\\\/image\\\/\"}}]}<\/script>\n<!-- \/ Yoast SEO plugin. -->","yoast_head_json":{"title":"ZETTO EMBUTIDO - IEP - Iluminaci\u00f3n Eficiente Profesional","robots":{"index":"index","follow":"follow","max-snippet":"max-snippet:-1","max-image-preview":"max-image-preview:large","max-video-preview":"max-video-preview:-1"},"canonical":"https:\/\/iep-sa.com.ar\/producto\/zetto-embutido\/","og_locale":"es_ES","og_type":"article","og_title":"ZETTO EMBUTIDO - IEP - Iluminaci\u00f3n Eficiente Profesional","og_description":"DESCRIPCI\u00d3N T\u00c9CNICA 1 Cuerpo Fundici\u00f3n de aluminio y aluminio extrusionado, anodizado y pintado. 2 Difusor Inyecci\u00f3n de Metacrilato PMMA de alta resistencia al impacto (ARI) transparente. Vidrio plano templado transparente. 3 Portaequipo Extrusi\u00f3n de aluminio, anodizado y pintado. 4 Cabezales Fundici\u00f3n inyectada de aluminio. 5 Elementos de cierre Bastidor de aluminio pintado. 6 Torniller\u00eda Tornillos exteriores de acero inoxidable. Tornillos interiores zincados. 7 Equipos el\u00e9ctricos Todos cumplen las normas que les son de aplicaci\u00f3n.","og_url":"https:\/\/iep-sa.com.ar\/producto\/zetto-embutido\/","og_site_name":"IEP - Iluminaci\u00f3n Eficiente Profesional","article_modified_time":"2021-10-27T01:06:45+00:00","og_image":[{"width":400,"height":400,"url":"https:\/\/lightyellow-boar-299687.hostingersite.com\/wp-content\/uploads\/2021\/10\/zetto-producto-destacada.jpg","type":"image\/jpeg"}],"twitter_card":"summary_large_image","twitter_misc":{"Tiempo de lectura":"2 minutos"},"schema":{"@context":"https:\/\/schema.org","@graph":[{"@type":"WebPage","@id":"https:\/\/iep-sa.com.ar\/producto\/zetto-embutido\/","url":"https:\/\/iep-sa.com.ar\/producto\/zetto-embutido\/","name":"ZETTO EMBUTIDO - IEP - Iluminaci\u00f3n Eficiente Profesional","isPartOf":{"@id":"https:\/\/iep-sa.com.ar\/#website"},"primaryImageOfPage":{"@id":"https:\/\/iep-sa.com.ar\/producto\/zetto-embutido\/#primaryimage"},"image":{"@id":"https:\/\/iep-sa.com.ar\/producto\/zetto-embutido\/#primaryimage"},"thumbnailUrl":"https:\/\/iep-sa.com.ar\/wp-content\/uploads\/2021\/10\/zetto-producto-destacada.jpg","datePublished":"2021-10-20T19:24:43+00:00","dateModified":"2021-10-27T01:06:45+00:00","breadcrumb":{"@id":"https:\/\/iep-sa.com.ar\/producto\/zetto-embutido\/#breadcrumb"},"inLanguage":"es","potentialAction":[{"@type":"ReadAction","target":["https:\/\/iep-sa.com.ar\/producto\/zetto-embutido\/"]}]},{"@type":"ImageObject","inLanguage":"es","@id":"https:\/\/iep-sa.com.ar\/producto\/zetto-embutido\/#primaryimage","url":"https:\/\/iep-sa.com.ar\/wp-content\/uploads\/2021\/10\/zetto-producto-destacada.jpg","contentUrl":"https:\/\/iep-sa.com.ar\/wp-content\/uploads\/2021\/10\/zetto-producto-destacada.jpg","width":400,"height":400},{"@type":"BreadcrumbList","@id":"https:\/\/iep-sa.com.ar\/producto\/zetto-embutido\/#breadcrumb","itemListElement":[{"@type":"ListItem","position":1,"name":"Portada","item":"https:\/\/iep-sa.com.ar\/"},{"@type":"ListItem","position":2,"name":"Productos","item":"https:\/\/iep-sa.com.ar\/productos\/"},{"@type":"ListItem","position":3,"name":"ZETTO EMBUTIDO"}]},{"@type":"WebSite","@id":"https:\/\/iep-sa.com.ar\/#website","url":"https:\/\/iep-sa.com.ar\/","name":"IEP - Iluminaci\u00f3n Eficiente Profesional","description":"Iluminaci\u00f3n Vial - Profesional - Decorativa - Estacionamientos - Gasolineras - Deportiva - P\u00fablica - Privada","publisher":{"@id":"https:\/\/iep-sa.com.ar\/#organization"},"potentialAction":[{"@type":"SearchAction","target":{"@type":"EntryPoint","urlTemplate":"https:\/\/iep-sa.com.ar\/?s={search_term_string}"},"query-input":{"@type":"PropertyValueSpecification","valueRequired":true,"valueName":"search_term_string"}}],"inLanguage":"es"},{"@type":"Organization","@id":"https:\/\/iep-sa.com.ar\/#organization","name":"IEP - Iluminaci\u00f3n Eficiente Profesional","url":"https:\/\/iep-sa.com.ar\/","logo":{"@type":"ImageObject","inLanguage":"es","@id":"https:\/\/iep-sa.com.ar\/#\/schema\/logo\/image\/","url":"https:\/\/iep-sa.com.ar\/wp-content\/uploads\/2022\/11\/cropped-favicon.jpg","contentUrl":"https:\/\/iep-sa.com.ar\/wp-content\/uploads\/2022\/11\/cropped-favicon.jpg","width":512,"height":512,"caption":"IEP - Iluminaci\u00f3n Eficiente Profesional"},"image":{"@id":"https:\/\/iep-sa.com.ar\/#\/schema\/logo\/image\/"}}]}},"_links":{"self":[{"href":"https:\/\/iep-sa.com.ar\/nuevo\/wp-json\/wp\/v2\/product\/3989","targetHints":{"allow":["GET"]}}],"collection":[{"href":"https:\/\/iep-sa.com.ar\/nuevo\/wp-json\/wp\/v2\/product"}],"about":[{"href":"https:\/\/iep-sa.com.ar\/nuevo\/wp-json\/wp\/v2\/types\/product"}],"wp:featuredmedia":[{"embeddable":true,"href":"https:\/\/iep-sa.com.ar\/nuevo\/wp-json\/wp\/v2\/media\/3990"}],"wp:attachment":[{"href":"https:\/\/iep-sa.com.ar\/nuevo\/wp-json\/wp\/v2\/media?parent=3989"}],"wp:term":[{"taxonomy":"product_brand","embeddable":true,"href":"https:\/\/iep-sa.com.ar\/nuevo\/wp-json\/wp\/v2\/product_brand?post=3989"},{"taxonomy":"product_cat","embeddable":true,"href":"https:\/\/iep-sa.com.ar\/nuevo\/wp-json\/wp\/v2\/product_cat?post=3989"},{"taxonomy":"product_tag","embeddable":true,"href":"https:\/\/iep-sa.com.ar\/nuevo\/wp-json\/wp\/v2\/product_tag?post=3989"}],"curies":[{"name":"wp","href":"https:\/\/api.w.org\/{rel}","templated":true}]}}