{"id":3962,"date":"2021-10-20T19:04:02","date_gmt":"2021-10-20T19:04:02","guid":{"rendered":"https:\/\/iep-sa.com.ar\/nuevo\/?post_type=product&#038;p=3962"},"modified":"2022-08-29T16:08:41","modified_gmt":"2022-08-29T16:08:41","slug":"vali-led-high-bay","status":"publish","type":"product","link":"https:\/\/iep-sa.com.ar\/nuevo\/producto\/vali-led-high-bay\/","title":{"rendered":"VALI LED High bay"},"content":{"rendered":"<h4 style=\"text-align: left;\"><strong>CARACTERISTICAS<\/strong><\/h4>\n<p>&nbsp;<\/p>\n<p><img fetchpriority=\"high\" decoding=\"async\" class=\"size-large wp-image-4829 alignleft\" src=\"https:\/\/iep-sa.com.ar\/wp-content\/uploads\/2021\/10\/VALI-HB7-1024x176.png\" alt=\"\" width=\"640\" height=\"110\" srcset=\"https:\/\/iep-sa.com.ar\/wp-content\/uploads\/2021\/10\/VALI-HB7-1024x176.png 1024w, https:\/\/iep-sa.com.ar\/wp-content\/uploads\/2021\/10\/VALI-HB7-300x52.png 300w, https:\/\/iep-sa.com.ar\/wp-content\/uploads\/2021\/10\/VALI-HB7-768x132.png 768w, https:\/\/iep-sa.com.ar\/wp-content\/uploads\/2021\/10\/VALI-HB7-600x103.png 600w, https:\/\/iep-sa.com.ar\/wp-content\/uploads\/2021\/10\/VALI-HB7.png 1242w\" sizes=\"(max-width: 640px) 100vw, 640px\" \/><\/p>\n<h4><\/h4>\n<h4><\/h4>\n<h4><\/h4>\n<h4><\/h4>\n<h4><\/h4>\n<h4><\/h4>\n<p>&nbsp;<\/p>\n<p>&nbsp;<\/p>\n<p>&nbsp;<\/p>\n<p>&nbsp;<\/p>\n<p>&nbsp;<\/p>\n<h4><\/h4>\n<h4 style=\"text-align: left;\"><strong>MEDIDAS<\/strong><\/h4>\n<p><img decoding=\"async\" class=\" wp-image-4826 alignleft\" src=\"https:\/\/iep-sa.com.ar\/wp-content\/uploads\/2021\/10\/VALI-HB4-1024x593.png\" alt=\"\" width=\"480\" height=\"278\" srcset=\"https:\/\/iep-sa.com.ar\/wp-content\/uploads\/2021\/10\/VALI-HB4-1024x593.png 1024w, https:\/\/iep-sa.com.ar\/wp-content\/uploads\/2021\/10\/VALI-HB4-300x174.png 300w, https:\/\/iep-sa.com.ar\/wp-content\/uploads\/2021\/10\/VALI-HB4-768x445.png 768w, https:\/\/iep-sa.com.ar\/wp-content\/uploads\/2021\/10\/VALI-HB4-600x348.png 600w, https:\/\/iep-sa.com.ar\/wp-content\/uploads\/2021\/10\/VALI-HB4.png 1436w\" sizes=\"(max-width: 480px) 100vw, 480px\" \/><\/p>\n<div class=\"layoutArea\">\n<div class=\"column\">\n<h4><\/h4>\n<h4><\/h4>\n<h4><\/h4>\n<h4><\/h4>\n<h4><\/h4>\n<h4><\/h4>\n<h4><\/h4>\n<\/div>\n<\/div>\n<h4><\/h4>\n<div class=\"layoutArea\">\n<div class=\"column\">\n<h4><\/h4>\n<h4><\/h4>\n<h4><\/h4>\n<h4><\/h4>\n<h4><\/h4>\n<h4><\/h4>\n<\/div>\n<\/div>\n<h4><\/h4>\n<p>&nbsp;<\/p>\n<p>&nbsp;<\/p>\n<p>&nbsp;<\/p>\n<p>&nbsp;<\/p>\n<p>&nbsp;<\/p>\n<p>&nbsp;<\/p>\n<div class=\"layoutArea\">\n<div class=\"column\">\n<h4 style=\"text-align: left;\"><strong>CURVAS FOTOM\u00c9TRICAS<\/strong><\/h4>\n<p>&nbsp;<\/p>\n<\/div>\n<\/div>\n<div class=\"layoutArea\">\n<div class=\"column\">\n<div class=\"column\">\n<p><a href=\"https:\/\/iep-sa.com.ar\/wp-content\/uploads\/2021\/10\/VALI-HB5.png\"><img decoding=\"async\" class=\"size-large wp-image-4827 alignleft\" src=\"https:\/\/iep-sa.com.ar\/wp-content\/uploads\/2021\/10\/VALI-HB5-1024x558.png\" alt=\"\" width=\"640\" height=\"349\" srcset=\"https:\/\/iep-sa.com.ar\/wp-content\/uploads\/2021\/10\/VALI-HB5-1024x558.png 1024w, https:\/\/iep-sa.com.ar\/wp-content\/uploads\/2021\/10\/VALI-HB5-300x163.png 300w, https:\/\/iep-sa.com.ar\/wp-content\/uploads\/2021\/10\/VALI-HB5-768x418.png 768w, https:\/\/iep-sa.com.ar\/wp-content\/uploads\/2021\/10\/VALI-HB5-600x327.png 600w, https:\/\/iep-sa.com.ar\/wp-content\/uploads\/2021\/10\/VALI-HB5.png 1230w\" sizes=\"(max-width: 640px) 100vw, 640px\" \/><\/a><\/p>\n<h3><\/h3>\n<h3><\/h3>\n<h3><\/h3>\n<h3><\/h3>\n<h3><\/h3>\n<h3><\/h3>\n<h3><\/h3>\n<h3><\/h3>\n<h3><\/h3>\n<h3><\/h3>\n<\/div>\n<\/div>\n<\/div>\n<h3><\/h3>\n<p>&nbsp;<\/p>\n<p>&nbsp;<\/p>\n<h3><\/h3>\n<p>&nbsp;<\/p>\n<p>&nbsp;<\/p>\n<p>&nbsp;<\/p>\n<p>&nbsp;<\/p>\n<div class=\"layoutArea\">\n<div class=\"column\">\n<div class=\"column\">\n<h3 style=\"text-align: left;\"><b>DESCARGAS<\/b><\/h3>\n<div class=\"wp-block-file\" style=\"text-align: left;\">\n<p><a href=\"https:\/\/iep-sa.com.ar\/wp-content\/uploads\/2021\/10\/VALI-high-bay-2.0.pdf\">VALI LED High bay Ficha T\u00e9cnica<\/a><\/p>\n<div>\n<p style=\"text-align: left;\"><a href=\"https:\/\/iep-sa.com.ar\/wp-content\/uploads\/2022\/02\/Vali-illion-FOTOMETRIAS.zip\">Vali\u00a0 Hight bay\u00a0 fotometr\u00edas\u00a0<\/a><\/p>\n<p style=\"text-align: left;\"><a href=\"https:\/\/iep-sa.com.ar\/wp-content\/uploads\/2021\/10\/Fotometrias.zip\">Vali high bay cad<\/a><\/p>\n<p>&nbsp;<\/p>\n<\/div>\n<\/div>\n<\/div>\n<\/div>\n<\/div>\n","protected":false},"excerpt":{"rendered":"<p style=\"text-align: left;\">La luminaria Vali LED high bay es la soluci\u00f3n de iluminaci\u00f3n ideal para colocaci\u00f3n en industrias y galpones de gran altura para iluminacion general o en pasillos y diferentes emplazamientos gracias al intercambio de lentes que favorecen las mejores condiciones para cada lugar. Esto es v\u00e1lido para los almacenes y las naves de log\u00edsticas, por ejemplo, para los pabellones deportivos. Requiriendo un m\u00ednimo de mantenimiento durante el servicio. Adem\u00e1s, puede adaptarse a requisitos individuales, proporcionando as\u00ed siempre una alta calidad de luz en todas las \u00e1reas importantes para la seguridad laboral.<\/p>\n","protected":false},"featured_media":4825,"template":"","meta":{"_joinchat":[]},"product_brand":[],"product_cat":[119,132,133,131,76,135,136,129,150,134,151,138,130,154],"product_tag":[],"class_list":{"0":"post-3962","1":"product","2":"type-product","3":"status-publish","4":"has-post-thumbnail","6":"product_cat-aleros","7":"product_cat-areas-de-trabajo","8":"product_cat-camaras-de-frio","9":"product_cat-depositos","10":"product_cat-estacionamientos","11":"product_cat-exterior","12":"product_cat-gasolinerias","13":"product_cat-grandes-areas-de-interior","14":"product_cat-grandes-areas-deportivas","15":"product_cat-interior","16":"product_cat-interior-grandes-areas-deportivas","17":"product_cat-talleres","18":"product_cat-tiendas","19":"product_cat-tuneles-y-puentes","21":"first","22":"instock","23":"shipping-taxable","24":"product-type-simple","25":"layout-style-1","26":"col-md-4 col-sm-4 col-xs-6","27":"col-lg-3","28":"product-has-gallery","29":"product-style-default"},"yoast_head":"<!-- This site is optimized with the Yoast SEO plugin v27.4 - https:\/\/yoast.com\/product\/yoast-seo-wordpress\/ -->\n<title>VALI LED High bay - IEP - Iluminaci\u00f3n Eficiente Profesional<\/title>\n<meta name=\"robots\" content=\"index, follow, max-snippet:-1, max-image-preview:large, max-video-preview:-1\" \/>\n<link rel=\"canonical\" href=\"https:\/\/iep-sa.com.ar\/producto\/vali-led-high-bay\/\" \/>\n<meta property=\"og:locale\" content=\"es_ES\" \/>\n<meta property=\"og:type\" content=\"article\" \/>\n<meta property=\"og:title\" content=\"VALI LED High bay - IEP - Iluminaci\u00f3n Eficiente Profesional\" \/>\n<meta property=\"og:description\" content=\"La luminaria Vali LED high bay es la soluci\u00f3n de iluminaci\u00f3n ideal para colocaci\u00f3n en industrias y galpones de gran altura para iluminacion general o en pasillos y diferentes emplazamientos gracias al intercambio de lentes que favorecen las mejores condiciones para cada lugar. Esto es v\u00e1lido para los almacenes y las naves de log\u00edsticas, por ejemplo, para los pabellones deportivos. Requiriendo un m\u00ednimo de mantenimiento durante el servicio. Adem\u00e1s, puede adaptarse a requisitos individuales, proporcionando as\u00ed siempre una alta calidad de luz en todas las \u00e1reas importantes para la seguridad laboral.\" \/>\n<meta property=\"og:url\" content=\"https:\/\/iep-sa.com.ar\/producto\/vali-led-high-bay\/\" \/>\n<meta property=\"og:site_name\" content=\"IEP - Iluminaci\u00f3n Eficiente Profesional\" \/>\n<meta property=\"article:modified_time\" content=\"2022-08-29T16:08:41+00:00\" \/>\n<meta property=\"og:image\" content=\"https:\/\/lightyellow-boar-299687.hostingersite.com\/wp-content\/uploads\/2021\/10\/VALI-HB3.png\" \/>\n\t<meta property=\"og:image:width\" content=\"1126\" \/>\n\t<meta property=\"og:image:height\" content=\"1128\" \/>\n\t<meta property=\"og:image:type\" content=\"image\/png\" \/>\n<meta name=\"twitter:card\" content=\"summary_large_image\" \/>\n<meta name=\"twitter:label1\" content=\"Tiempo de lectura\" \/>\n\t<meta name=\"twitter:data1\" content=\"1 minuto\" \/>\n<script type=\"application\/ld+json\" class=\"yoast-schema-graph\">{\"@context\":\"https:\\\/\\\/schema.org\",\"@graph\":[{\"@type\":\"WebPage\",\"@id\":\"https:\\\/\\\/iep-sa.com.ar\\\/producto\\\/vali-led-high-bay\\\/\",\"url\":\"https:\\\/\\\/iep-sa.com.ar\\\/producto\\\/vali-led-high-bay\\\/\",\"name\":\"VALI LED High bay - IEP - Iluminaci\u00f3n Eficiente Profesional\",\"isPartOf\":{\"@id\":\"https:\\\/\\\/iep-sa.com.ar\\\/#website\"},\"primaryImageOfPage\":{\"@id\":\"https:\\\/\\\/iep-sa.com.ar\\\/producto\\\/vali-led-high-bay\\\/#primaryimage\"},\"image\":{\"@id\":\"https:\\\/\\\/iep-sa.com.ar\\\/producto\\\/vali-led-high-bay\\\/#primaryimage\"},\"thumbnailUrl\":\"https:\\\/\\\/iep-sa.com.ar\\\/wp-content\\\/uploads\\\/2021\\\/10\\\/VALI-HB3.png\",\"datePublished\":\"2021-10-20T19:04:02+00:00\",\"dateModified\":\"2022-08-29T16:08:41+00:00\",\"breadcrumb\":{\"@id\":\"https:\\\/\\\/iep-sa.com.ar\\\/producto\\\/vali-led-high-bay\\\/#breadcrumb\"},\"inLanguage\":\"es\",\"potentialAction\":[{\"@type\":\"ReadAction\",\"target\":[\"https:\\\/\\\/iep-sa.com.ar\\\/producto\\\/vali-led-high-bay\\\/\"]}]},{\"@type\":\"ImageObject\",\"inLanguage\":\"es\",\"@id\":\"https:\\\/\\\/iep-sa.com.ar\\\/producto\\\/vali-led-high-bay\\\/#primaryimage\",\"url\":\"https:\\\/\\\/iep-sa.com.ar\\\/wp-content\\\/uploads\\\/2021\\\/10\\\/VALI-HB3.png\",\"contentUrl\":\"https:\\\/\\\/iep-sa.com.ar\\\/wp-content\\\/uploads\\\/2021\\\/10\\\/VALI-HB3.png\",\"width\":1126,\"height\":1128},{\"@type\":\"BreadcrumbList\",\"@id\":\"https:\\\/\\\/iep-sa.com.ar\\\/producto\\\/vali-led-high-bay\\\/#breadcrumb\",\"itemListElement\":[{\"@type\":\"ListItem\",\"position\":1,\"name\":\"Portada\",\"item\":\"https:\\\/\\\/iep-sa.com.ar\\\/\"},{\"@type\":\"ListItem\",\"position\":2,\"name\":\"Productos\",\"item\":\"https:\\\/\\\/iep-sa.com.ar\\\/productos\\\/\"},{\"@type\":\"ListItem\",\"position\":3,\"name\":\"VALI LED High bay\"}]},{\"@type\":\"WebSite\",\"@id\":\"https:\\\/\\\/iep-sa.com.ar\\\/#website\",\"url\":\"https:\\\/\\\/iep-sa.com.ar\\\/\",\"name\":\"IEP - Iluminaci\u00f3n Eficiente Profesional\",\"description\":\"Iluminaci\u00f3n Vial - Profesional - Decorativa - Estacionamientos - Gasolineras - Deportiva - P\u00fablica - Privada\",\"publisher\":{\"@id\":\"https:\\\/\\\/iep-sa.com.ar\\\/#organization\"},\"potentialAction\":[{\"@type\":\"SearchAction\",\"target\":{\"@type\":\"EntryPoint\",\"urlTemplate\":\"https:\\\/\\\/iep-sa.com.ar\\\/?s={search_term_string}\"},\"query-input\":{\"@type\":\"PropertyValueSpecification\",\"valueRequired\":true,\"valueName\":\"search_term_string\"}}],\"inLanguage\":\"es\"},{\"@type\":\"Organization\",\"@id\":\"https:\\\/\\\/iep-sa.com.ar\\\/#organization\",\"name\":\"IEP - Iluminaci\u00f3n Eficiente Profesional\",\"url\":\"https:\\\/\\\/iep-sa.com.ar\\\/\",\"logo\":{\"@type\":\"ImageObject\",\"inLanguage\":\"es\",\"@id\":\"https:\\\/\\\/iep-sa.com.ar\\\/#\\\/schema\\\/logo\\\/image\\\/\",\"url\":\"https:\\\/\\\/iep-sa.com.ar\\\/wp-content\\\/uploads\\\/2022\\\/11\\\/cropped-favicon.jpg\",\"contentUrl\":\"https:\\\/\\\/iep-sa.com.ar\\\/wp-content\\\/uploads\\\/2022\\\/11\\\/cropped-favicon.jpg\",\"width\":512,\"height\":512,\"caption\":\"IEP - Iluminaci\u00f3n Eficiente Profesional\"},\"image\":{\"@id\":\"https:\\\/\\\/iep-sa.com.ar\\\/#\\\/schema\\\/logo\\\/image\\\/\"}}]}<\/script>\n<!-- \/ Yoast SEO plugin. -->","yoast_head_json":{"title":"VALI LED High bay - IEP - Iluminaci\u00f3n Eficiente Profesional","robots":{"index":"index","follow":"follow","max-snippet":"max-snippet:-1","max-image-preview":"max-image-preview:large","max-video-preview":"max-video-preview:-1"},"canonical":"https:\/\/iep-sa.com.ar\/producto\/vali-led-high-bay\/","og_locale":"es_ES","og_type":"article","og_title":"VALI LED High bay - IEP - Iluminaci\u00f3n Eficiente Profesional","og_description":"La luminaria Vali LED high bay es la soluci\u00f3n de iluminaci\u00f3n ideal para colocaci\u00f3n en industrias y galpones de gran altura para iluminacion general o en pasillos y diferentes emplazamientos gracias al intercambio de lentes que favorecen las mejores condiciones para cada lugar. Esto es v\u00e1lido para los almacenes y las naves de log\u00edsticas, por ejemplo, para los pabellones deportivos. Requiriendo un m\u00ednimo de mantenimiento durante el servicio. Adem\u00e1s, puede adaptarse a requisitos individuales, proporcionando as\u00ed siempre una alta calidad de luz en todas las \u00e1reas importantes para la seguridad laboral.","og_url":"https:\/\/iep-sa.com.ar\/producto\/vali-led-high-bay\/","og_site_name":"IEP - Iluminaci\u00f3n Eficiente Profesional","article_modified_time":"2022-08-29T16:08:41+00:00","og_image":[{"width":1126,"height":1128,"url":"https:\/\/lightyellow-boar-299687.hostingersite.com\/wp-content\/uploads\/2021\/10\/VALI-HB3.png","type":"image\/png"}],"twitter_card":"summary_large_image","twitter_misc":{"Tiempo de lectura":"1 minuto"},"schema":{"@context":"https:\/\/schema.org","@graph":[{"@type":"WebPage","@id":"https:\/\/iep-sa.com.ar\/producto\/vali-led-high-bay\/","url":"https:\/\/iep-sa.com.ar\/producto\/vali-led-high-bay\/","name":"VALI LED High bay - IEP - Iluminaci\u00f3n Eficiente Profesional","isPartOf":{"@id":"https:\/\/iep-sa.com.ar\/#website"},"primaryImageOfPage":{"@id":"https:\/\/iep-sa.com.ar\/producto\/vali-led-high-bay\/#primaryimage"},"image":{"@id":"https:\/\/iep-sa.com.ar\/producto\/vali-led-high-bay\/#primaryimage"},"thumbnailUrl":"https:\/\/iep-sa.com.ar\/wp-content\/uploads\/2021\/10\/VALI-HB3.png","datePublished":"2021-10-20T19:04:02+00:00","dateModified":"2022-08-29T16:08:41+00:00","breadcrumb":{"@id":"https:\/\/iep-sa.com.ar\/producto\/vali-led-high-bay\/#breadcrumb"},"inLanguage":"es","potentialAction":[{"@type":"ReadAction","target":["https:\/\/iep-sa.com.ar\/producto\/vali-led-high-bay\/"]}]},{"@type":"ImageObject","inLanguage":"es","@id":"https:\/\/iep-sa.com.ar\/producto\/vali-led-high-bay\/#primaryimage","url":"https:\/\/iep-sa.com.ar\/wp-content\/uploads\/2021\/10\/VALI-HB3.png","contentUrl":"https:\/\/iep-sa.com.ar\/wp-content\/uploads\/2021\/10\/VALI-HB3.png","width":1126,"height":1128},{"@type":"BreadcrumbList","@id":"https:\/\/iep-sa.com.ar\/producto\/vali-led-high-bay\/#breadcrumb","itemListElement":[{"@type":"ListItem","position":1,"name":"Portada","item":"https:\/\/iep-sa.com.ar\/"},{"@type":"ListItem","position":2,"name":"Productos","item":"https:\/\/iep-sa.com.ar\/productos\/"},{"@type":"ListItem","position":3,"name":"VALI LED High bay"}]},{"@type":"WebSite","@id":"https:\/\/iep-sa.com.ar\/#website","url":"https:\/\/iep-sa.com.ar\/","name":"IEP - Iluminaci\u00f3n Eficiente Profesional","description":"Iluminaci\u00f3n Vial - Profesional - Decorativa - Estacionamientos - Gasolineras - Deportiva - P\u00fablica - Privada","publisher":{"@id":"https:\/\/iep-sa.com.ar\/#organization"},"potentialAction":[{"@type":"SearchAction","target":{"@type":"EntryPoint","urlTemplate":"https:\/\/iep-sa.com.ar\/?s={search_term_string}"},"query-input":{"@type":"PropertyValueSpecification","valueRequired":true,"valueName":"search_term_string"}}],"inLanguage":"es"},{"@type":"Organization","@id":"https:\/\/iep-sa.com.ar\/#organization","name":"IEP - Iluminaci\u00f3n Eficiente Profesional","url":"https:\/\/iep-sa.com.ar\/","logo":{"@type":"ImageObject","inLanguage":"es","@id":"https:\/\/iep-sa.com.ar\/#\/schema\/logo\/image\/","url":"https:\/\/iep-sa.com.ar\/wp-content\/uploads\/2022\/11\/cropped-favicon.jpg","contentUrl":"https:\/\/iep-sa.com.ar\/wp-content\/uploads\/2022\/11\/cropped-favicon.jpg","width":512,"height":512,"caption":"IEP - Iluminaci\u00f3n Eficiente Profesional"},"image":{"@id":"https:\/\/iep-sa.com.ar\/#\/schema\/logo\/image\/"}}]}},"_links":{"self":[{"href":"https:\/\/iep-sa.com.ar\/nuevo\/wp-json\/wp\/v2\/product\/3962","targetHints":{"allow":["GET"]}}],"collection":[{"href":"https:\/\/iep-sa.com.ar\/nuevo\/wp-json\/wp\/v2\/product"}],"about":[{"href":"https:\/\/iep-sa.com.ar\/nuevo\/wp-json\/wp\/v2\/types\/product"}],"wp:featuredmedia":[{"embeddable":true,"href":"https:\/\/iep-sa.com.ar\/nuevo\/wp-json\/wp\/v2\/media\/4825"}],"wp:attachment":[{"href":"https:\/\/iep-sa.com.ar\/nuevo\/wp-json\/wp\/v2\/media?parent=3962"}],"wp:term":[{"taxonomy":"product_brand","embeddable":true,"href":"https:\/\/iep-sa.com.ar\/nuevo\/wp-json\/wp\/v2\/product_brand?post=3962"},{"taxonomy":"product_cat","embeddable":true,"href":"https:\/\/iep-sa.com.ar\/nuevo\/wp-json\/wp\/v2\/product_cat?post=3962"},{"taxonomy":"product_tag","embeddable":true,"href":"https:\/\/iep-sa.com.ar\/nuevo\/wp-json\/wp\/v2\/product_tag?post=3962"}],"curies":[{"name":"wp","href":"https:\/\/api.w.org\/{rel}","templated":true}]}}