{"id":3937,"date":"2021-10-20T17:39:28","date_gmt":"2021-10-20T17:39:28","guid":{"rendered":"https:\/\/iep-sa.com.ar\/nuevo\/?post_type=product&#038;p=3937"},"modified":"2023-11-27T15:52:47","modified_gmt":"2023-11-27T15:52:47","slug":"polaris-gai","status":"publish","type":"product","link":"https:\/\/iep-sa.com.ar\/nuevo\/producto\/polaris-gai\/","title":{"rendered":"POLARIS GRANDES \u00c1REAS"},"content":{"rendered":"<div class=\"layoutArea\">\n<div class=\"column\">\n<h3 style=\"text-align: left;\"><b><\/b><b>CARACTERISTICAS<\/b><\/h3>\n<h3 style=\"text-align: left;\"><b><a href=\"https:\/\/iep-sa.com.ar\/wp-content\/uploads\/2021\/10\/polaris-gai-5-1.png\"><img fetchpriority=\"high\" decoding=\"async\" class=\"size-large wp-image-4790 alignleft\" src=\"https:\/\/iep-sa.com.ar\/wp-content\/uploads\/2021\/10\/polaris-gai-5-1-1024x879.png\" alt=\"\" width=\"640\" height=\"549\" srcset=\"https:\/\/iep-sa.com.ar\/wp-content\/uploads\/2021\/10\/polaris-gai-5-1-1024x879.png 1024w, https:\/\/iep-sa.com.ar\/wp-content\/uploads\/2021\/10\/polaris-gai-5-1-300x258.png 300w, https:\/\/iep-sa.com.ar\/wp-content\/uploads\/2021\/10\/polaris-gai-5-1-768x660.png 768w, https:\/\/iep-sa.com.ar\/wp-content\/uploads\/2021\/10\/polaris-gai-5-1-1536x1319.png 1536w, https:\/\/iep-sa.com.ar\/wp-content\/uploads\/2021\/10\/polaris-gai-5-1-600x515.png 600w, https:\/\/iep-sa.com.ar\/wp-content\/uploads\/2021\/10\/polaris-gai-5-1.png 1544w\" sizes=\"(max-width: 640px) 100vw, 640px\" \/><\/a><\/b><img decoding=\"async\" class=\"size-large wp-image-4789 alignleft\" src=\"https:\/\/iep-sa.com.ar\/wp-content\/uploads\/2021\/10\/polaris-gai-6-1024x581.png\" alt=\"\" width=\"640\" height=\"363\" srcset=\"https:\/\/iep-sa.com.ar\/wp-content\/uploads\/2021\/10\/polaris-gai-6-1024x581.png 1024w, https:\/\/iep-sa.com.ar\/wp-content\/uploads\/2021\/10\/polaris-gai-6-300x170.png 300w, https:\/\/iep-sa.com.ar\/wp-content\/uploads\/2021\/10\/polaris-gai-6-768x435.png 768w, https:\/\/iep-sa.com.ar\/wp-content\/uploads\/2021\/10\/polaris-gai-6-1536x871.png 1536w, https:\/\/iep-sa.com.ar\/wp-content\/uploads\/2021\/10\/polaris-gai-6-600x340.png 600w, https:\/\/iep-sa.com.ar\/wp-content\/uploads\/2021\/10\/polaris-gai-6.png 1598w\" sizes=\"(max-width: 640px) 100vw, 640px\" \/><img decoding=\"async\" class=\"size-large wp-image-4788 alignleft\" src=\"https:\/\/iep-sa.com.ar\/wp-content\/uploads\/2021\/10\/polaris-gai-7-1024x701.png\" alt=\"\" width=\"640\" height=\"438\" srcset=\"https:\/\/iep-sa.com.ar\/wp-content\/uploads\/2021\/10\/polaris-gai-7-1024x701.png 1024w, https:\/\/iep-sa.com.ar\/wp-content\/uploads\/2021\/10\/polaris-gai-7-300x205.png 300w, https:\/\/iep-sa.com.ar\/wp-content\/uploads\/2021\/10\/polaris-gai-7-768x526.png 768w, https:\/\/iep-sa.com.ar\/wp-content\/uploads\/2021\/10\/polaris-gai-7-1536x1052.png 1536w, https:\/\/iep-sa.com.ar\/wp-content\/uploads\/2021\/10\/polaris-gai-7-600x411.png 600w, https:\/\/iep-sa.com.ar\/wp-content\/uploads\/2021\/10\/polaris-gai-7.png 1542w\" sizes=\"(max-width: 640px) 100vw, 640px\" \/><\/h3>\n<p>&nbsp;<\/p>\n<p>&nbsp;<\/p>\n<p>&nbsp;<\/p>\n<p>&nbsp;<\/p>\n<p>&nbsp;<\/p>\n<p>&nbsp;<\/p>\n<p>&nbsp;<\/p>\n<p>&nbsp;<\/p>\n<p>&nbsp;<\/p>\n<\/div>\n<\/div>\n<p>&nbsp;<\/p>\n<p>&nbsp;<\/p>\n<p>&nbsp;<\/p>\n<p>&nbsp;<\/p>\n<div class=\"layoutArea\">\n<div class=\"column\">\n<p>&nbsp;<\/p>\n<p>&nbsp;<\/p>\n<\/div>\n<\/div>\n<div class=\"layoutArea\">\n<div class=\"column\">\n<p>&nbsp;<\/p>\n<p>&nbsp;<\/p>\n<p>&nbsp;<\/p>\n<p>&nbsp;<\/p>\n<p>&nbsp;<\/p>\n<p>&nbsp;<\/p>\n<\/div>\n<\/div>\n<h3><\/h3>\n<p>&nbsp;<\/p>\n<p>&nbsp;<\/p>\n<p>&nbsp;<\/p>\n<p>&nbsp;<\/p>\n<p>&nbsp;<\/p>\n<p>&nbsp;<\/p>\n<p>&nbsp;<\/p>\n<h3><\/h3>\n<h3 style=\"text-align: left;\"><b>DESCARGAS<\/b><\/h3>\n<div class=\"wp-block-file\" style=\"text-align: left;\">\n<p><a href=\"https:\/\/iep-sa.com.ar\/wp-content\/uploads\/2021\/10\/POLARIS-GAI-1.pdf\">Polaris Gai Ficha T\u00e9cnica<\/a><\/p>\n<p><a href=\"https:\/\/iep-sa.com.ar\/wp-content\/uploads\/2021\/10\/Fotometria-Polaris.zip\">Polaris fotometr\u00eda<\/a><\/p>\n<\/div>\n","protected":false},"excerpt":{"rendered":"<p style=\"text-align: left;\"><strong>POLARIS GRANDES \u00c1REAS<\/strong><\/p>\n<p style=\"text-align: left;\">Polaris es un sistema avanzado de iluminaci\u00f3n lineal con tecnolog\u00eda LED, consistente en una sucesi\u00f3n de luminarias que forman una l\u00ednea continua de luz, con un \u00fanico punto de conexi\u00f3n el\u00e9ctrica en uno de sus extremos. Entre sus ventajas se encuentra el ahorro energ\u00e9tico y la reducci\u00f3n considerable del tiempo de instalaci\u00f3n, ya que Polaris lleva integrado el cableado. Su dise\u00f1o sencillo y modular permite desmontar un tramo sin tocar los adyacentes o trasladar la instalaci\u00f3n entera a otra ubicaci\u00f3n. El Polaris cuenta con dos tipos de estanqueidad seg\u00fan la aplicaci\u00f3n de uso: IP40 &#8211; IP66<\/p>\n<p style=\"text-align: left;\"><strong>\u00c1reas de aplicaci\u00f3n :<\/strong><\/p>\n<p style=\"text-align: left;\"><strong>Subtes<\/strong><\/p>\n<p style=\"text-align: left;\"><strong>Metrobus<\/strong><\/p>\n<p style=\"text-align: left;\"><strong>Terminales y estaciones de transbordo<\/strong><\/p>\n<p style=\"text-align: left;\"><strong>Estaciones de servicio<\/strong><\/p>\n","protected":false},"featured_media":4780,"template":"","meta":{"_joinchat":[]},"product_brand":[],"product_cat":[119,132,133,131,76,135,136,129,134,138,130,154],"product_tag":[],"class_list":{"0":"post-3937","1":"product","2":"type-product","3":"status-publish","4":"has-post-thumbnail","6":"product_cat-aleros","7":"product_cat-areas-de-trabajo","8":"product_cat-camaras-de-frio","9":"product_cat-depositos","10":"product_cat-estacionamientos","11":"product_cat-exterior","12":"product_cat-gasolinerias","13":"product_cat-grandes-areas-de-interior","14":"product_cat-interior","15":"product_cat-talleres","16":"product_cat-tiendas","17":"product_cat-tuneles-y-puentes","19":"first","20":"instock","21":"shipping-taxable","22":"product-type-simple","23":"layout-style-1","24":"col-md-4 col-sm-4 col-xs-6","25":"col-lg-3","26":"product-has-gallery","27":"product-style-default"},"yoast_head":"<!-- This site is optimized with the Yoast SEO plugin v27.4 - https:\/\/yoast.com\/product\/yoast-seo-wordpress\/ -->\n<title>POLARIS GRANDES \u00c1REAS - IEP - Iluminaci\u00f3n Eficiente Profesional<\/title>\n<meta name=\"robots\" content=\"index, follow, max-snippet:-1, max-image-preview:large, max-video-preview:-1\" \/>\n<link rel=\"canonical\" href=\"https:\/\/iep-sa.com.ar\/producto\/polaris-gai\/\" \/>\n<meta property=\"og:locale\" content=\"es_ES\" \/>\n<meta property=\"og:type\" content=\"article\" \/>\n<meta property=\"og:title\" content=\"POLARIS GRANDES \u00c1REAS - IEP - Iluminaci\u00f3n Eficiente Profesional\" \/>\n<meta property=\"og:description\" content=\"POLARIS GRANDES \u00c1REAS Polaris es un sistema avanzado de iluminaci\u00f3n lineal con tecnolog\u00eda LED, consistente en una sucesi\u00f3n de luminarias que forman una l\u00ednea continua de luz, con un \u00fanico punto de conexi\u00f3n el\u00e9ctrica en uno de sus extremos. Entre sus ventajas se encuentra el ahorro energ\u00e9tico y la reducci\u00f3n considerable del tiempo de instalaci\u00f3n, ya que Polaris lleva integrado el cableado. Su dise\u00f1o sencillo y modular permite desmontar un tramo sin tocar los adyacentes o trasladar la instalaci\u00f3n entera a otra ubicaci\u00f3n. El Polaris cuenta con dos tipos de estanqueidad seg\u00fan la aplicaci\u00f3n de uso: IP40 - IP66 \u00c1reas de aplicaci\u00f3n : Subtes Metrobus Terminales y estaciones de transbordo Estaciones de servicio\" \/>\n<meta property=\"og:url\" content=\"https:\/\/iep-sa.com.ar\/producto\/polaris-gai\/\" \/>\n<meta property=\"og:site_name\" content=\"IEP - Iluminaci\u00f3n Eficiente Profesional\" \/>\n<meta property=\"article:modified_time\" content=\"2023-11-27T15:52:47+00:00\" \/>\n<meta property=\"og:image\" content=\"https:\/\/lightyellow-boar-299687.hostingersite.com\/wp-content\/uploads\/2021\/10\/POLARIS-GAI-2.png\" \/>\n\t<meta property=\"og:image:width\" content=\"800\" \/>\n\t<meta property=\"og:image:height\" content=\"768\" \/>\n\t<meta property=\"og:image:type\" content=\"image\/png\" \/>\n<meta name=\"twitter:card\" content=\"summary_large_image\" \/>\n<meta name=\"twitter:label1\" content=\"Tiempo de lectura\" \/>\n\t<meta name=\"twitter:data1\" content=\"1 minuto\" \/>\n<script type=\"application\/ld+json\" class=\"yoast-schema-graph\">{\"@context\":\"https:\\\/\\\/schema.org\",\"@graph\":[{\"@type\":\"WebPage\",\"@id\":\"https:\\\/\\\/iep-sa.com.ar\\\/producto\\\/polaris-gai\\\/\",\"url\":\"https:\\\/\\\/iep-sa.com.ar\\\/producto\\\/polaris-gai\\\/\",\"name\":\"POLARIS GRANDES \u00c1REAS - IEP - Iluminaci\u00f3n Eficiente Profesional\",\"isPartOf\":{\"@id\":\"https:\\\/\\\/iep-sa.com.ar\\\/#website\"},\"primaryImageOfPage\":{\"@id\":\"https:\\\/\\\/iep-sa.com.ar\\\/producto\\\/polaris-gai\\\/#primaryimage\"},\"image\":{\"@id\":\"https:\\\/\\\/iep-sa.com.ar\\\/producto\\\/polaris-gai\\\/#primaryimage\"},\"thumbnailUrl\":\"https:\\\/\\\/iep-sa.com.ar\\\/wp-content\\\/uploads\\\/2021\\\/10\\\/POLARIS-GAI-2.png\",\"datePublished\":\"2021-10-20T17:39:28+00:00\",\"dateModified\":\"2023-11-27T15:52:47+00:00\",\"breadcrumb\":{\"@id\":\"https:\\\/\\\/iep-sa.com.ar\\\/producto\\\/polaris-gai\\\/#breadcrumb\"},\"inLanguage\":\"es\",\"potentialAction\":[{\"@type\":\"ReadAction\",\"target\":[\"https:\\\/\\\/iep-sa.com.ar\\\/producto\\\/polaris-gai\\\/\"]}]},{\"@type\":\"ImageObject\",\"inLanguage\":\"es\",\"@id\":\"https:\\\/\\\/iep-sa.com.ar\\\/producto\\\/polaris-gai\\\/#primaryimage\",\"url\":\"https:\\\/\\\/iep-sa.com.ar\\\/wp-content\\\/uploads\\\/2021\\\/10\\\/POLARIS-GAI-2.png\",\"contentUrl\":\"https:\\\/\\\/iep-sa.com.ar\\\/wp-content\\\/uploads\\\/2021\\\/10\\\/POLARIS-GAI-2.png\",\"width\":800,\"height\":768},{\"@type\":\"BreadcrumbList\",\"@id\":\"https:\\\/\\\/iep-sa.com.ar\\\/producto\\\/polaris-gai\\\/#breadcrumb\",\"itemListElement\":[{\"@type\":\"ListItem\",\"position\":1,\"name\":\"Portada\",\"item\":\"https:\\\/\\\/iep-sa.com.ar\\\/\"},{\"@type\":\"ListItem\",\"position\":2,\"name\":\"Productos\",\"item\":\"https:\\\/\\\/iep-sa.com.ar\\\/productos\\\/\"},{\"@type\":\"ListItem\",\"position\":3,\"name\":\"POLARIS GRANDES \u00c1REAS\"}]},{\"@type\":\"WebSite\",\"@id\":\"https:\\\/\\\/iep-sa.com.ar\\\/#website\",\"url\":\"https:\\\/\\\/iep-sa.com.ar\\\/\",\"name\":\"IEP - Iluminaci\u00f3n Eficiente Profesional\",\"description\":\"Iluminaci\u00f3n Vial - Profesional - Decorativa - Estacionamientos - Gasolineras - Deportiva - P\u00fablica - Privada\",\"publisher\":{\"@id\":\"https:\\\/\\\/iep-sa.com.ar\\\/#organization\"},\"potentialAction\":[{\"@type\":\"SearchAction\",\"target\":{\"@type\":\"EntryPoint\",\"urlTemplate\":\"https:\\\/\\\/iep-sa.com.ar\\\/?s={search_term_string}\"},\"query-input\":{\"@type\":\"PropertyValueSpecification\",\"valueRequired\":true,\"valueName\":\"search_term_string\"}}],\"inLanguage\":\"es\"},{\"@type\":\"Organization\",\"@id\":\"https:\\\/\\\/iep-sa.com.ar\\\/#organization\",\"name\":\"IEP - Iluminaci\u00f3n Eficiente Profesional\",\"url\":\"https:\\\/\\\/iep-sa.com.ar\\\/\",\"logo\":{\"@type\":\"ImageObject\",\"inLanguage\":\"es\",\"@id\":\"https:\\\/\\\/iep-sa.com.ar\\\/#\\\/schema\\\/logo\\\/image\\\/\",\"url\":\"https:\\\/\\\/iep-sa.com.ar\\\/wp-content\\\/uploads\\\/2022\\\/11\\\/cropped-favicon.jpg\",\"contentUrl\":\"https:\\\/\\\/iep-sa.com.ar\\\/wp-content\\\/uploads\\\/2022\\\/11\\\/cropped-favicon.jpg\",\"width\":512,\"height\":512,\"caption\":\"IEP - Iluminaci\u00f3n Eficiente Profesional\"},\"image\":{\"@id\":\"https:\\\/\\\/iep-sa.com.ar\\\/#\\\/schema\\\/logo\\\/image\\\/\"}}]}<\/script>\n<!-- \/ Yoast SEO plugin. -->","yoast_head_json":{"title":"POLARIS GRANDES \u00c1REAS - IEP - Iluminaci\u00f3n Eficiente Profesional","robots":{"index":"index","follow":"follow","max-snippet":"max-snippet:-1","max-image-preview":"max-image-preview:large","max-video-preview":"max-video-preview:-1"},"canonical":"https:\/\/iep-sa.com.ar\/producto\/polaris-gai\/","og_locale":"es_ES","og_type":"article","og_title":"POLARIS GRANDES \u00c1REAS - IEP - Iluminaci\u00f3n Eficiente Profesional","og_description":"POLARIS GRANDES \u00c1REAS Polaris es un sistema avanzado de iluminaci\u00f3n lineal con tecnolog\u00eda LED, consistente en una sucesi\u00f3n de luminarias que forman una l\u00ednea continua de luz, con un \u00fanico punto de conexi\u00f3n el\u00e9ctrica en uno de sus extremos. Entre sus ventajas se encuentra el ahorro energ\u00e9tico y la reducci\u00f3n considerable del tiempo de instalaci\u00f3n, ya que Polaris lleva integrado el cableado. Su dise\u00f1o sencillo y modular permite desmontar un tramo sin tocar los adyacentes o trasladar la instalaci\u00f3n entera a otra ubicaci\u00f3n. El Polaris cuenta con dos tipos de estanqueidad seg\u00fan la aplicaci\u00f3n de uso: IP40 - IP66 \u00c1reas de aplicaci\u00f3n : Subtes Metrobus Terminales y estaciones de transbordo Estaciones de servicio","og_url":"https:\/\/iep-sa.com.ar\/producto\/polaris-gai\/","og_site_name":"IEP - Iluminaci\u00f3n Eficiente Profesional","article_modified_time":"2023-11-27T15:52:47+00:00","og_image":[{"width":800,"height":768,"url":"https:\/\/lightyellow-boar-299687.hostingersite.com\/wp-content\/uploads\/2021\/10\/POLARIS-GAI-2.png","type":"image\/png"}],"twitter_card":"summary_large_image","twitter_misc":{"Tiempo de lectura":"1 minuto"},"schema":{"@context":"https:\/\/schema.org","@graph":[{"@type":"WebPage","@id":"https:\/\/iep-sa.com.ar\/producto\/polaris-gai\/","url":"https:\/\/iep-sa.com.ar\/producto\/polaris-gai\/","name":"POLARIS GRANDES \u00c1REAS - IEP - Iluminaci\u00f3n Eficiente Profesional","isPartOf":{"@id":"https:\/\/iep-sa.com.ar\/#website"},"primaryImageOfPage":{"@id":"https:\/\/iep-sa.com.ar\/producto\/polaris-gai\/#primaryimage"},"image":{"@id":"https:\/\/iep-sa.com.ar\/producto\/polaris-gai\/#primaryimage"},"thumbnailUrl":"https:\/\/iep-sa.com.ar\/wp-content\/uploads\/2021\/10\/POLARIS-GAI-2.png","datePublished":"2021-10-20T17:39:28+00:00","dateModified":"2023-11-27T15:52:47+00:00","breadcrumb":{"@id":"https:\/\/iep-sa.com.ar\/producto\/polaris-gai\/#breadcrumb"},"inLanguage":"es","potentialAction":[{"@type":"ReadAction","target":["https:\/\/iep-sa.com.ar\/producto\/polaris-gai\/"]}]},{"@type":"ImageObject","inLanguage":"es","@id":"https:\/\/iep-sa.com.ar\/producto\/polaris-gai\/#primaryimage","url":"https:\/\/iep-sa.com.ar\/wp-content\/uploads\/2021\/10\/POLARIS-GAI-2.png","contentUrl":"https:\/\/iep-sa.com.ar\/wp-content\/uploads\/2021\/10\/POLARIS-GAI-2.png","width":800,"height":768},{"@type":"BreadcrumbList","@id":"https:\/\/iep-sa.com.ar\/producto\/polaris-gai\/#breadcrumb","itemListElement":[{"@type":"ListItem","position":1,"name":"Portada","item":"https:\/\/iep-sa.com.ar\/"},{"@type":"ListItem","position":2,"name":"Productos","item":"https:\/\/iep-sa.com.ar\/productos\/"},{"@type":"ListItem","position":3,"name":"POLARIS GRANDES \u00c1REAS"}]},{"@type":"WebSite","@id":"https:\/\/iep-sa.com.ar\/#website","url":"https:\/\/iep-sa.com.ar\/","name":"IEP - Iluminaci\u00f3n Eficiente Profesional","description":"Iluminaci\u00f3n Vial - Profesional - Decorativa - Estacionamientos - Gasolineras - Deportiva - P\u00fablica - Privada","publisher":{"@id":"https:\/\/iep-sa.com.ar\/#organization"},"potentialAction":[{"@type":"SearchAction","target":{"@type":"EntryPoint","urlTemplate":"https:\/\/iep-sa.com.ar\/?s={search_term_string}"},"query-input":{"@type":"PropertyValueSpecification","valueRequired":true,"valueName":"search_term_string"}}],"inLanguage":"es"},{"@type":"Organization","@id":"https:\/\/iep-sa.com.ar\/#organization","name":"IEP - Iluminaci\u00f3n Eficiente Profesional","url":"https:\/\/iep-sa.com.ar\/","logo":{"@type":"ImageObject","inLanguage":"es","@id":"https:\/\/iep-sa.com.ar\/#\/schema\/logo\/image\/","url":"https:\/\/iep-sa.com.ar\/wp-content\/uploads\/2022\/11\/cropped-favicon.jpg","contentUrl":"https:\/\/iep-sa.com.ar\/wp-content\/uploads\/2022\/11\/cropped-favicon.jpg","width":512,"height":512,"caption":"IEP - Iluminaci\u00f3n Eficiente Profesional"},"image":{"@id":"https:\/\/iep-sa.com.ar\/#\/schema\/logo\/image\/"}}]}},"_links":{"self":[{"href":"https:\/\/iep-sa.com.ar\/nuevo\/wp-json\/wp\/v2\/product\/3937","targetHints":{"allow":["GET"]}}],"collection":[{"href":"https:\/\/iep-sa.com.ar\/nuevo\/wp-json\/wp\/v2\/product"}],"about":[{"href":"https:\/\/iep-sa.com.ar\/nuevo\/wp-json\/wp\/v2\/types\/product"}],"wp:featuredmedia":[{"embeddable":true,"href":"https:\/\/iep-sa.com.ar\/nuevo\/wp-json\/wp\/v2\/media\/4780"}],"wp:attachment":[{"href":"https:\/\/iep-sa.com.ar\/nuevo\/wp-json\/wp\/v2\/media?parent=3937"}],"wp:term":[{"taxonomy":"product_brand","embeddable":true,"href":"https:\/\/iep-sa.com.ar\/nuevo\/wp-json\/wp\/v2\/product_brand?post=3937"},{"taxonomy":"product_cat","embeddable":true,"href":"https:\/\/iep-sa.com.ar\/nuevo\/wp-json\/wp\/v2\/product_cat?post=3937"},{"taxonomy":"product_tag","embeddable":true,"href":"https:\/\/iep-sa.com.ar\/nuevo\/wp-json\/wp\/v2\/product_tag?post=3937"}],"curies":[{"name":"wp","href":"https:\/\/api.w.org\/{rel}","templated":true}]}}