{"id":3930,"date":"2021-10-20T17:35:39","date_gmt":"2021-10-20T17:35:39","guid":{"rendered":"https:\/\/iep-sa.com.ar\/nuevo\/?post_type=product&#038;p=3930"},"modified":"2021-10-27T02:45:08","modified_gmt":"2021-10-27T02:45:08","slug":"su1","status":"publish","type":"product","link":"https:\/\/iep-sa.com.ar\/nuevo\/producto\/su1\/","title":{"rendered":"SU1"},"content":{"rendered":"<h4 style=\"text-align: left;\"><strong><a href=\"https:\/\/iep-sa.com.ar\/wp-content\/uploads\/2021\/10\/FO5_CNX-curva.jpg\"><br \/>\n<\/a>MEDIDAS<\/strong><\/h4>\n<p style=\"text-align: center;\"><div class='content-column one_half'><p style=\"text-align: center;\"><a href=\"https:\/\/iep-sa.com.ar\/wp-content\/uploads\/2021\/10\/SU-1-medidas-300x235-1.png\"><img fetchpriority=\"high\" decoding=\"async\" class=\"aligncenter size-full wp-image-3933\" src=\"https:\/\/iep-sa.com.ar\/wp-content\/uploads\/2021\/10\/SU-1-medidas-300x235-1.png\" alt=\"\" width=\"300\" height=\"235\" \/><\/a><\/p><\/div>\n<div class='content-column one_half last_column'><p><a href=\"https:\/\/iep-sa.com.ar\/wp-content\/uploads\/2021\/10\/SU-1-recuadro-potencias.png\"><img decoding=\"async\" class=\"aligncenter wp-image-3935\" src=\"https:\/\/iep-sa.com.ar\/wp-content\/uploads\/2021\/10\/SU-1-recuadro-potencias-300x109.png\" alt=\"\" width=\"468\" height=\"170\" srcset=\"https:\/\/iep-sa.com.ar\/wp-content\/uploads\/2021\/10\/SU-1-recuadro-potencias-300x109.png 300w, https:\/\/iep-sa.com.ar\/wp-content\/uploads\/2021\/10\/SU-1-recuadro-potencias-768x280.png 768w, https:\/\/iep-sa.com.ar\/wp-content\/uploads\/2021\/10\/SU-1-recuadro-potencias-600x219.png 600w, https:\/\/iep-sa.com.ar\/wp-content\/uploads\/2021\/10\/SU-1-recuadro-potencias.png 991w\" sizes=\"(max-width: 468px) 100vw, 468px\" \/><\/a><\/p><\/div><div class='clear_column'><\/div>\n<h3 style=\"text-align: left;\"><b>DESCARGAS<\/b><\/h3>\n<div class=\"wp-block-file\" style=\"text-align: left;\">\n<div><a href=\"https:\/\/iep-sa.com.ar\/wp-content\/uploads\/2021\/10\/Ficha20Tecnica20-20SU1.pdf\">Su1 Ficha T\u00e9cnica<\/a><\/div>\n<\/div>\n","protected":false},"excerpt":{"rendered":"<h4 style=\"text-align: left;\"><strong>DESCRIPCI\u00d3N T\u00c9CNICA<\/strong><\/h4>\n<p style=\"text-align: left;\"><strong>Cuerpo<\/strong><br \/>\nConstruido en pl\u00e1stico ABS de alta resistencia contra agentes externos.<\/p>\n<p style=\"text-align: left;\"><strong>Aro<\/strong><br \/>\nConstruido en pl\u00e1stico ABS de alta resistencia contra agentes externos.<\/p>\n<p style=\"text-align: left;\"><strong>Junta<\/strong><br \/>\nEn siliconas entre el difusor y el cuerpo de la luminaria para garantizar la hermeticidad del artefacto.<\/p>\n<p style=\"text-align: left;\"><strong>Refractor<\/strong><br \/>\nDe Vidrio Borosilicato Prismado resistente al choque t\u00e9rmico y a los esfuerzos mec\u00e1nicos.<\/p>\n<p style=\"text-align: left;\"><strong>Cable<\/strong><br \/>\nTipo taller (TPR) de 3,5 m de largo para la colocaci\u00f3n y el mantenimiento fuera de la piscina.<\/p>\n<p style=\"text-align: left;\"><strong>Tornilleria<\/strong><br \/>\nToda en acero inoxidable.<\/p>\n<p style=\"text-align: left;\"><strong>Acabado<\/strong><br \/>\nColoreado en masa.<\/p>\n<p style=\"text-align: left;\"><strong>Instalaci\u00f3n<\/strong><br \/>\nApto para instalar tanto en piscinas de hormig\u00f3n como en prefabricadas de fibra de vidrio o poli\u00e9ster.<\/p>\n","protected":false},"featured_media":3931,"template":"","meta":{"_joinchat":[]},"product_brand":[],"product_cat":[60,147,145,144],"product_tag":[],"class_list":{"0":"post-3930","1":"product","2":"type-product","3":"status-publish","4":"has-post-thumbnail","6":"product_cat-exterior-decorativo","7":"product_cat-gazebos","8":"product_cat-jardines","9":"product_cat-parques","11":"first","12":"instock","13":"shipping-taxable","14":"product-type-simple","15":"layout-style-1","16":"col-md-4 col-sm-4 col-xs-6","17":"col-lg-3","18":"product-has-gallery","19":"product-style-default"},"yoast_head":"<!-- This site is optimized with the Yoast SEO plugin v27.4 - https:\/\/yoast.com\/product\/yoast-seo-wordpress\/ -->\n<title>SU1 - IEP - Iluminaci\u00f3n Eficiente Profesional<\/title>\n<meta name=\"robots\" content=\"index, follow, max-snippet:-1, max-image-preview:large, max-video-preview:-1\" \/>\n<link rel=\"canonical\" href=\"https:\/\/iep-sa.com.ar\/producto\/su1\/\" \/>\n<meta property=\"og:locale\" content=\"es_ES\" \/>\n<meta property=\"og:type\" content=\"article\" \/>\n<meta property=\"og:title\" content=\"SU1 - IEP - Iluminaci\u00f3n Eficiente Profesional\" \/>\n<meta property=\"og:description\" content=\"DESCRIPCI\u00d3N T\u00c9CNICA Cuerpo Construido en pl\u00e1stico ABS de alta resistencia contra agentes externos. Aro Construido en pl\u00e1stico ABS de alta resistencia contra agentes externos. Junta En siliconas entre el difusor y el cuerpo de la luminaria para garantizar la hermeticidad del artefacto. Refractor De Vidrio Borosilicato Prismado resistente al choque t\u00e9rmico y a los esfuerzos mec\u00e1nicos. Cable Tipo taller (TPR) de 3,5 m de largo para la colocaci\u00f3n y el mantenimiento fuera de la piscina. Tornilleria Toda en acero inoxidable. Acabado Coloreado en masa. Instalaci\u00f3n Apto para instalar tanto en piscinas de hormig\u00f3n como en prefabricadas de fibra de vidrio o poli\u00e9ster.\" \/>\n<meta property=\"og:url\" content=\"https:\/\/iep-sa.com.ar\/producto\/su1\/\" \/>\n<meta property=\"og:site_name\" content=\"IEP - Iluminaci\u00f3n Eficiente Profesional\" \/>\n<meta property=\"article:modified_time\" content=\"2021-10-27T02:45:08+00:00\" \/>\n<meta property=\"og:image\" content=\"https:\/\/lightyellow-boar-299687.hostingersite.com\/wp-content\/uploads\/2021\/10\/SU-1-300x295-destacada.jpg\" \/>\n\t<meta property=\"og:image:width\" content=\"400\" \/>\n\t<meta property=\"og:image:height\" content=\"400\" \/>\n\t<meta property=\"og:image:type\" content=\"image\/jpeg\" \/>\n<meta name=\"twitter:card\" content=\"summary_large_image\" \/>\n<meta name=\"twitter:label1\" content=\"Tiempo de lectura\" \/>\n\t<meta name=\"twitter:data1\" content=\"1 minuto\" \/>\n<script type=\"application\/ld+json\" class=\"yoast-schema-graph\">{\"@context\":\"https:\\\/\\\/schema.org\",\"@graph\":[{\"@type\":\"WebPage\",\"@id\":\"https:\\\/\\\/iep-sa.com.ar\\\/producto\\\/su1\\\/\",\"url\":\"https:\\\/\\\/iep-sa.com.ar\\\/producto\\\/su1\\\/\",\"name\":\"SU1 - IEP - Iluminaci\u00f3n Eficiente Profesional\",\"isPartOf\":{\"@id\":\"https:\\\/\\\/iep-sa.com.ar\\\/#website\"},\"primaryImageOfPage\":{\"@id\":\"https:\\\/\\\/iep-sa.com.ar\\\/producto\\\/su1\\\/#primaryimage\"},\"image\":{\"@id\":\"https:\\\/\\\/iep-sa.com.ar\\\/producto\\\/su1\\\/#primaryimage\"},\"thumbnailUrl\":\"https:\\\/\\\/iep-sa.com.ar\\\/wp-content\\\/uploads\\\/2021\\\/10\\\/SU-1-300x295-destacada.jpg\",\"datePublished\":\"2021-10-20T17:35:39+00:00\",\"dateModified\":\"2021-10-27T02:45:08+00:00\",\"breadcrumb\":{\"@id\":\"https:\\\/\\\/iep-sa.com.ar\\\/producto\\\/su1\\\/#breadcrumb\"},\"inLanguage\":\"es\",\"potentialAction\":[{\"@type\":\"ReadAction\",\"target\":[\"https:\\\/\\\/iep-sa.com.ar\\\/producto\\\/su1\\\/\"]}]},{\"@type\":\"ImageObject\",\"inLanguage\":\"es\",\"@id\":\"https:\\\/\\\/iep-sa.com.ar\\\/producto\\\/su1\\\/#primaryimage\",\"url\":\"https:\\\/\\\/iep-sa.com.ar\\\/wp-content\\\/uploads\\\/2021\\\/10\\\/SU-1-300x295-destacada.jpg\",\"contentUrl\":\"https:\\\/\\\/iep-sa.com.ar\\\/wp-content\\\/uploads\\\/2021\\\/10\\\/SU-1-300x295-destacada.jpg\",\"width\":400,\"height\":400},{\"@type\":\"BreadcrumbList\",\"@id\":\"https:\\\/\\\/iep-sa.com.ar\\\/producto\\\/su1\\\/#breadcrumb\",\"itemListElement\":[{\"@type\":\"ListItem\",\"position\":1,\"name\":\"Portada\",\"item\":\"https:\\\/\\\/iep-sa.com.ar\\\/\"},{\"@type\":\"ListItem\",\"position\":2,\"name\":\"Productos\",\"item\":\"https:\\\/\\\/iep-sa.com.ar\\\/productos\\\/\"},{\"@type\":\"ListItem\",\"position\":3,\"name\":\"SU1\"}]},{\"@type\":\"WebSite\",\"@id\":\"https:\\\/\\\/iep-sa.com.ar\\\/#website\",\"url\":\"https:\\\/\\\/iep-sa.com.ar\\\/\",\"name\":\"IEP - Iluminaci\u00f3n Eficiente Profesional\",\"description\":\"Iluminaci\u00f3n Vial - Profesional - Decorativa - Estacionamientos - Gasolineras - Deportiva - P\u00fablica - Privada\",\"publisher\":{\"@id\":\"https:\\\/\\\/iep-sa.com.ar\\\/#organization\"},\"potentialAction\":[{\"@type\":\"SearchAction\",\"target\":{\"@type\":\"EntryPoint\",\"urlTemplate\":\"https:\\\/\\\/iep-sa.com.ar\\\/?s={search_term_string}\"},\"query-input\":{\"@type\":\"PropertyValueSpecification\",\"valueRequired\":true,\"valueName\":\"search_term_string\"}}],\"inLanguage\":\"es\"},{\"@type\":\"Organization\",\"@id\":\"https:\\\/\\\/iep-sa.com.ar\\\/#organization\",\"name\":\"IEP - Iluminaci\u00f3n Eficiente Profesional\",\"url\":\"https:\\\/\\\/iep-sa.com.ar\\\/\",\"logo\":{\"@type\":\"ImageObject\",\"inLanguage\":\"es\",\"@id\":\"https:\\\/\\\/iep-sa.com.ar\\\/#\\\/schema\\\/logo\\\/image\\\/\",\"url\":\"https:\\\/\\\/iep-sa.com.ar\\\/wp-content\\\/uploads\\\/2022\\\/11\\\/cropped-favicon.jpg\",\"contentUrl\":\"https:\\\/\\\/iep-sa.com.ar\\\/wp-content\\\/uploads\\\/2022\\\/11\\\/cropped-favicon.jpg\",\"width\":512,\"height\":512,\"caption\":\"IEP - Iluminaci\u00f3n Eficiente Profesional\"},\"image\":{\"@id\":\"https:\\\/\\\/iep-sa.com.ar\\\/#\\\/schema\\\/logo\\\/image\\\/\"}}]}<\/script>\n<!-- \/ Yoast SEO plugin. -->","yoast_head_json":{"title":"SU1 - IEP - Iluminaci\u00f3n Eficiente Profesional","robots":{"index":"index","follow":"follow","max-snippet":"max-snippet:-1","max-image-preview":"max-image-preview:large","max-video-preview":"max-video-preview:-1"},"canonical":"https:\/\/iep-sa.com.ar\/producto\/su1\/","og_locale":"es_ES","og_type":"article","og_title":"SU1 - IEP - Iluminaci\u00f3n Eficiente Profesional","og_description":"DESCRIPCI\u00d3N T\u00c9CNICA Cuerpo Construido en pl\u00e1stico ABS de alta resistencia contra agentes externos. Aro Construido en pl\u00e1stico ABS de alta resistencia contra agentes externos. Junta En siliconas entre el difusor y el cuerpo de la luminaria para garantizar la hermeticidad del artefacto. Refractor De Vidrio Borosilicato Prismado resistente al choque t\u00e9rmico y a los esfuerzos mec\u00e1nicos. Cable Tipo taller (TPR) de 3,5 m de largo para la colocaci\u00f3n y el mantenimiento fuera de la piscina. Tornilleria Toda en acero inoxidable. Acabado Coloreado en masa. Instalaci\u00f3n Apto para instalar tanto en piscinas de hormig\u00f3n como en prefabricadas de fibra de vidrio o poli\u00e9ster.","og_url":"https:\/\/iep-sa.com.ar\/producto\/su1\/","og_site_name":"IEP - Iluminaci\u00f3n Eficiente Profesional","article_modified_time":"2021-10-27T02:45:08+00:00","og_image":[{"width":400,"height":400,"url":"https:\/\/lightyellow-boar-299687.hostingersite.com\/wp-content\/uploads\/2021\/10\/SU-1-300x295-destacada.jpg","type":"image\/jpeg"}],"twitter_card":"summary_large_image","twitter_misc":{"Tiempo de lectura":"1 minuto"},"schema":{"@context":"https:\/\/schema.org","@graph":[{"@type":"WebPage","@id":"https:\/\/iep-sa.com.ar\/producto\/su1\/","url":"https:\/\/iep-sa.com.ar\/producto\/su1\/","name":"SU1 - IEP - Iluminaci\u00f3n Eficiente Profesional","isPartOf":{"@id":"https:\/\/iep-sa.com.ar\/#website"},"primaryImageOfPage":{"@id":"https:\/\/iep-sa.com.ar\/producto\/su1\/#primaryimage"},"image":{"@id":"https:\/\/iep-sa.com.ar\/producto\/su1\/#primaryimage"},"thumbnailUrl":"https:\/\/iep-sa.com.ar\/wp-content\/uploads\/2021\/10\/SU-1-300x295-destacada.jpg","datePublished":"2021-10-20T17:35:39+00:00","dateModified":"2021-10-27T02:45:08+00:00","breadcrumb":{"@id":"https:\/\/iep-sa.com.ar\/producto\/su1\/#breadcrumb"},"inLanguage":"es","potentialAction":[{"@type":"ReadAction","target":["https:\/\/iep-sa.com.ar\/producto\/su1\/"]}]},{"@type":"ImageObject","inLanguage":"es","@id":"https:\/\/iep-sa.com.ar\/producto\/su1\/#primaryimage","url":"https:\/\/iep-sa.com.ar\/wp-content\/uploads\/2021\/10\/SU-1-300x295-destacada.jpg","contentUrl":"https:\/\/iep-sa.com.ar\/wp-content\/uploads\/2021\/10\/SU-1-300x295-destacada.jpg","width":400,"height":400},{"@type":"BreadcrumbList","@id":"https:\/\/iep-sa.com.ar\/producto\/su1\/#breadcrumb","itemListElement":[{"@type":"ListItem","position":1,"name":"Portada","item":"https:\/\/iep-sa.com.ar\/"},{"@type":"ListItem","position":2,"name":"Productos","item":"https:\/\/iep-sa.com.ar\/productos\/"},{"@type":"ListItem","position":3,"name":"SU1"}]},{"@type":"WebSite","@id":"https:\/\/iep-sa.com.ar\/#website","url":"https:\/\/iep-sa.com.ar\/","name":"IEP - Iluminaci\u00f3n Eficiente Profesional","description":"Iluminaci\u00f3n Vial - Profesional - Decorativa - Estacionamientos - Gasolineras - Deportiva - P\u00fablica - Privada","publisher":{"@id":"https:\/\/iep-sa.com.ar\/#organization"},"potentialAction":[{"@type":"SearchAction","target":{"@type":"EntryPoint","urlTemplate":"https:\/\/iep-sa.com.ar\/?s={search_term_string}"},"query-input":{"@type":"PropertyValueSpecification","valueRequired":true,"valueName":"search_term_string"}}],"inLanguage":"es"},{"@type":"Organization","@id":"https:\/\/iep-sa.com.ar\/#organization","name":"IEP - Iluminaci\u00f3n Eficiente Profesional","url":"https:\/\/iep-sa.com.ar\/","logo":{"@type":"ImageObject","inLanguage":"es","@id":"https:\/\/iep-sa.com.ar\/#\/schema\/logo\/image\/","url":"https:\/\/iep-sa.com.ar\/wp-content\/uploads\/2022\/11\/cropped-favicon.jpg","contentUrl":"https:\/\/iep-sa.com.ar\/wp-content\/uploads\/2022\/11\/cropped-favicon.jpg","width":512,"height":512,"caption":"IEP - Iluminaci\u00f3n Eficiente Profesional"},"image":{"@id":"https:\/\/iep-sa.com.ar\/#\/schema\/logo\/image\/"}}]}},"_links":{"self":[{"href":"https:\/\/iep-sa.com.ar\/nuevo\/wp-json\/wp\/v2\/product\/3930","targetHints":{"allow":["GET"]}}],"collection":[{"href":"https:\/\/iep-sa.com.ar\/nuevo\/wp-json\/wp\/v2\/product"}],"about":[{"href":"https:\/\/iep-sa.com.ar\/nuevo\/wp-json\/wp\/v2\/types\/product"}],"wp:featuredmedia":[{"embeddable":true,"href":"https:\/\/iep-sa.com.ar\/nuevo\/wp-json\/wp\/v2\/media\/3931"}],"wp:attachment":[{"href":"https:\/\/iep-sa.com.ar\/nuevo\/wp-json\/wp\/v2\/media?parent=3930"}],"wp:term":[{"taxonomy":"product_brand","embeddable":true,"href":"https:\/\/iep-sa.com.ar\/nuevo\/wp-json\/wp\/v2\/product_brand?post=3930"},{"taxonomy":"product_cat","embeddable":true,"href":"https:\/\/iep-sa.com.ar\/nuevo\/wp-json\/wp\/v2\/product_cat?post=3930"},{"taxonomy":"product_tag","embeddable":true,"href":"https:\/\/iep-sa.com.ar\/nuevo\/wp-json\/wp\/v2\/product_tag?post=3930"}],"curies":[{"name":"wp","href":"https:\/\/api.w.org\/{rel}","templated":true}]}}