{"id":3892,"date":"2021-10-20T16:16:38","date_gmt":"2021-10-20T16:16:38","guid":{"rendered":"https:\/\/iep-sa.com.ar\/nuevo\/?post_type=product&#038;p=3892"},"modified":"2025-01-16T20:58:24","modified_gmt":"2025-01-16T20:58:24","slug":"jr1-alta","status":"publish","type":"product","link":"https:\/\/iep-sa.com.ar\/nuevo\/producto\/jr1-alta\/","title":{"rendered":"LADDER BALIZA"},"content":{"rendered":"<h3 style=\"text-align: left;\"><b>CARACTERISTICAS<\/b><\/h3>\n<h4 style=\"text-align: left;\"><a href=\"https:\/\/iep-sa.com.ar\/wp-content\/uploads\/2021\/10\/LADDER-BALIZA-1.png\"><img fetchpriority=\"high\" decoding=\"async\" class=\"size-large wp-image-5449 alignleft\" src=\"https:\/\/iep-sa.com.ar\/wp-content\/uploads\/2021\/10\/LADDER-BALIZA-1-1024x174.png\" alt=\"\" width=\"640\" height=\"109\" srcset=\"https:\/\/iep-sa.com.ar\/wp-content\/uploads\/2021\/10\/LADDER-BALIZA-1-1024x174.png 1024w, https:\/\/iep-sa.com.ar\/wp-content\/uploads\/2021\/10\/LADDER-BALIZA-1-300x51.png 300w, https:\/\/iep-sa.com.ar\/wp-content\/uploads\/2021\/10\/LADDER-BALIZA-1-768x130.png 768w, https:\/\/iep-sa.com.ar\/wp-content\/uploads\/2021\/10\/LADDER-BALIZA-1-1536x261.png 1536w, https:\/\/iep-sa.com.ar\/wp-content\/uploads\/2021\/10\/LADDER-BALIZA-1-600x102.png 600w, https:\/\/iep-sa.com.ar\/wp-content\/uploads\/2021\/10\/LADDER-BALIZA-1.png 2002w\" sizes=\"(max-width: 640px) 100vw, 640px\" \/><\/a><\/h4>\n<p>&nbsp;<\/p>\n<p>&nbsp;<\/p>\n<p>&nbsp;<\/p>\n<p>&nbsp;<\/p>\n<p>&nbsp;<\/p>\n<p>&nbsp;<\/p>\n<p>&nbsp;<\/p>\n<p>&nbsp;<\/p>\n<p><a href=\"https:\/\/iep-sa.com.ar\/wp-content\/uploads\/2021\/10\/LADDER-BALIZA-2.png\"><img decoding=\"async\" class=\"wp-image-5447 alignleft\" src=\"https:\/\/iep-sa.com.ar\/wp-content\/uploads\/2021\/10\/LADDER-BALIZA-2-1024x823.png\" alt=\"\" width=\"410\" height=\"329\" srcset=\"https:\/\/iep-sa.com.ar\/wp-content\/uploads\/2021\/10\/LADDER-BALIZA-2-1024x823.png 1024w, https:\/\/iep-sa.com.ar\/wp-content\/uploads\/2021\/10\/LADDER-BALIZA-2-300x241.png 300w, https:\/\/iep-sa.com.ar\/wp-content\/uploads\/2021\/10\/LADDER-BALIZA-2-768x617.png 768w, https:\/\/iep-sa.com.ar\/wp-content\/uploads\/2021\/10\/LADDER-BALIZA-2-600x482.png 600w, https:\/\/iep-sa.com.ar\/wp-content\/uploads\/2021\/10\/LADDER-BALIZA-2.png 1314w\" sizes=\"(max-width: 410px) 100vw, 410px\" \/><\/a><\/p>\n<p>&nbsp;<\/p>\n<p>&nbsp;<\/p>\n<p>&nbsp;<\/p>\n<p>&nbsp;<\/p>\n<p>&nbsp;<\/p>\n<p>&nbsp;<\/p>\n<p>&nbsp;<\/p>\n<p>&nbsp;<\/p>\n<h3><\/h3>\n<h3><\/h3>\n<h3><\/h3>\n<h3><\/h3>\n<h3><\/h3>\n<p>&nbsp;<\/p>\n<p>&nbsp;<\/p>\n<p>&nbsp;<\/p>\n<h3 style=\"text-align: left;\"><b>MEDIDAS<\/b><\/h3>\n<p>&nbsp;<\/p>\n<p>&nbsp;<\/p>\n<h3><img decoding=\"async\" class=\"wp-image-5574 alignleft\" style=\"color: #7c7c80; font-size: 14px;\" src=\"https:\/\/iep-sa.com.ar\/wp-content\/uploads\/2021\/10\/ladder-1-1024x717.png\" alt=\"\" width=\"446\" height=\"312\" srcset=\"https:\/\/iep-sa.com.ar\/wp-content\/uploads\/2021\/10\/ladder-1-1024x717.png 1024w, https:\/\/iep-sa.com.ar\/wp-content\/uploads\/2021\/10\/ladder-1-300x210.png 300w, https:\/\/iep-sa.com.ar\/wp-content\/uploads\/2021\/10\/ladder-1-768x537.png 768w, https:\/\/iep-sa.com.ar\/wp-content\/uploads\/2021\/10\/ladder-1-600x420.png 600w, https:\/\/iep-sa.com.ar\/wp-content\/uploads\/2021\/10\/ladder-1.png 1186w\" sizes=\"(max-width: 446px) 100vw, 446px\" \/><\/h3>\n<h3><\/h3>\n<h3><\/h3>\n<h3><\/h3>\n<p>&nbsp;<\/p>\n<p>&nbsp;<\/p>\n<p>&nbsp;<\/p>\n<p>&nbsp;<\/p>\n<p>&nbsp;<\/p>\n<p>&nbsp;<\/p>\n<h3 style=\"text-align: left;\"><b>DESCARGAS<\/b><\/h3>\n<div class=\"wp-block-file\" style=\"text-align: left;\">\n<div><a href=\"https:\/\/iep-sa.com.ar\/wp-content\/uploads\/2021\/10\/Ladder-Totem-1.pdf\">Ladder\u00a0 Ficha t\u00e9cnica<\/a><\/div>\n<div><a href=\"https:\/\/iep-sa.com.ar\/wp-content\/uploads\/2021\/10\/JR1-CAD.dwg_.zip\">Jr1\u00a0 CAD<\/a><\/div>\n<div><a href=\"https:\/\/iep-sa.com.ar\/wp-content\/uploads\/2021\/10\/LADDER-TOTEM-25W.ldt_.zip\">Fotometrias<\/a><\/div>\n<div><\/div>\n<div><\/div>\n<\/div>\n","protected":false},"excerpt":{"rendered":"<div class=\"page\" title=\"Page 2\">\n<div class=\"section\">\n<div class=\"layoutArea\">\n<div class=\"column\">\n<p style=\"text-align: left;\">Luminaria de disen\u0303o moderno, en dos alturas, adecuada para aplicaciones de alumbrado en parques y espacios pu\u0301blicos. Ideal para delinear senderos y bicisendas. Luminaria hecha de perfiles de aluminio, aleacio\u0301n de aluminio y acero inoxidable. Conjutno o\u0301ptico en la parte superior, IP65 , con leds alta potencia y lentes. Anclaje de luminaria con columna embutida en piso. Cuerpo inferior de la luminaria con puerta de inspeccio\u0301n insertadas de aluminio inyectado y pestillo en la misma. Clasificacion de la Luminaria: clase de proteccio\u0301n IP 65.<\/p>\n<\/div>\n<\/div>\n<\/div>\n<\/div>\n","protected":false},"featured_media":5452,"template":"","meta":{"_joinchat":[]},"product_brand":[],"product_cat":[125,128,76,135,60,145,144,127,126,124,59],"product_tag":[],"class_list":{"0":"post-3892","1":"product","2":"type-product","3":"status-publish","4":"has-post-thumbnail","6":"product_cat-bicisendas","7":"product_cat-costaneras","8":"product_cat-estacionamientos","9":"product_cat-exterior","10":"product_cat-exterior-decorativo","11":"product_cat-jardines","12":"product_cat-parques","13":"product_cat-paseos","14":"product_cat-peatonales","15":"product_cat-plazas","16":"product_cat-urbano-decorativo","18":"first","19":"instock","20":"shipping-taxable","21":"product-type-simple","22":"layout-style-1","23":"col-md-4 col-sm-4 col-xs-6","24":"col-lg-3","25":"product-has-gallery","26":"product-style-default"},"yoast_head":"<!-- This site is optimized with the Yoast SEO plugin v27.4 - https:\/\/yoast.com\/product\/yoast-seo-wordpress\/ -->\n<title>LADDER BALIZA - IEP - Iluminaci\u00f3n Eficiente Profesional<\/title>\n<meta name=\"robots\" content=\"index, follow, max-snippet:-1, max-image-preview:large, max-video-preview:-1\" \/>\n<link rel=\"canonical\" href=\"https:\/\/iep-sa.com.ar\/producto\/jr1-alta\/\" \/>\n<meta property=\"og:locale\" content=\"es_ES\" \/>\n<meta property=\"og:type\" content=\"article\" \/>\n<meta property=\"og:title\" content=\"LADDER BALIZA - IEP - Iluminaci\u00f3n Eficiente Profesional\" \/>\n<meta property=\"og:description\" content=\"Luminaria de disen\u0303o moderno, en dos alturas, adecuada para aplicaciones de alumbrado en parques y espacios pu\u0301blicos. Ideal para delinear senderos y bicisendas. Luminaria hecha de perfiles de aluminio, aleacio\u0301n de aluminio y acero inoxidable. Conjutno o\u0301ptico en la parte superior, IP65 , con leds alta potencia y lentes. Anclaje de luminaria con columna embutida en piso. Cuerpo inferior de la luminaria con puerta de inspeccio\u0301n insertadas de aluminio inyectado y pestillo en la misma. Clasificacion de la Luminaria: clase de proteccio\u0301n IP 65.\" \/>\n<meta property=\"og:url\" content=\"https:\/\/iep-sa.com.ar\/producto\/jr1-alta\/\" \/>\n<meta property=\"og:site_name\" content=\"IEP - Iluminaci\u00f3n Eficiente Profesional\" \/>\n<meta property=\"article:modified_time\" content=\"2025-01-16T20:58:24+00:00\" \/>\n<meta property=\"og:image\" content=\"https:\/\/lightyellow-boar-299687.hostingersite.com\/wp-content\/uploads\/2021\/10\/LADDER.png\" \/>\n\t<meta property=\"og:image:width\" content=\"1014\" \/>\n\t<meta property=\"og:image:height\" content=\"1036\" \/>\n\t<meta property=\"og:image:type\" content=\"image\/png\" \/>\n<meta name=\"twitter:card\" content=\"summary_large_image\" \/>\n<meta name=\"twitter:label1\" content=\"Tiempo de lectura\" \/>\n\t<meta name=\"twitter:data1\" content=\"1 minuto\" \/>\n<script type=\"application\/ld+json\" class=\"yoast-schema-graph\">{\"@context\":\"https:\\\/\\\/schema.org\",\"@graph\":[{\"@type\":\"WebPage\",\"@id\":\"https:\\\/\\\/iep-sa.com.ar\\\/producto\\\/jr1-alta\\\/\",\"url\":\"https:\\\/\\\/iep-sa.com.ar\\\/producto\\\/jr1-alta\\\/\",\"name\":\"LADDER BALIZA - IEP - Iluminaci\u00f3n Eficiente Profesional\",\"isPartOf\":{\"@id\":\"https:\\\/\\\/iep-sa.com.ar\\\/#website\"},\"primaryImageOfPage\":{\"@id\":\"https:\\\/\\\/iep-sa.com.ar\\\/producto\\\/jr1-alta\\\/#primaryimage\"},\"image\":{\"@id\":\"https:\\\/\\\/iep-sa.com.ar\\\/producto\\\/jr1-alta\\\/#primaryimage\"},\"thumbnailUrl\":\"https:\\\/\\\/iep-sa.com.ar\\\/wp-content\\\/uploads\\\/2021\\\/10\\\/LADDER.png\",\"datePublished\":\"2021-10-20T16:16:38+00:00\",\"dateModified\":\"2025-01-16T20:58:24+00:00\",\"breadcrumb\":{\"@id\":\"https:\\\/\\\/iep-sa.com.ar\\\/producto\\\/jr1-alta\\\/#breadcrumb\"},\"inLanguage\":\"es\",\"potentialAction\":[{\"@type\":\"ReadAction\",\"target\":[\"https:\\\/\\\/iep-sa.com.ar\\\/producto\\\/jr1-alta\\\/\"]}]},{\"@type\":\"ImageObject\",\"inLanguage\":\"es\",\"@id\":\"https:\\\/\\\/iep-sa.com.ar\\\/producto\\\/jr1-alta\\\/#primaryimage\",\"url\":\"https:\\\/\\\/iep-sa.com.ar\\\/wp-content\\\/uploads\\\/2021\\\/10\\\/LADDER.png\",\"contentUrl\":\"https:\\\/\\\/iep-sa.com.ar\\\/wp-content\\\/uploads\\\/2021\\\/10\\\/LADDER.png\",\"width\":1014,\"height\":1036},{\"@type\":\"BreadcrumbList\",\"@id\":\"https:\\\/\\\/iep-sa.com.ar\\\/producto\\\/jr1-alta\\\/#breadcrumb\",\"itemListElement\":[{\"@type\":\"ListItem\",\"position\":1,\"name\":\"Portada\",\"item\":\"https:\\\/\\\/iep-sa.com.ar\\\/\"},{\"@type\":\"ListItem\",\"position\":2,\"name\":\"Productos\",\"item\":\"https:\\\/\\\/iep-sa.com.ar\\\/productos\\\/\"},{\"@type\":\"ListItem\",\"position\":3,\"name\":\"LADDER BALIZA\"}]},{\"@type\":\"WebSite\",\"@id\":\"https:\\\/\\\/iep-sa.com.ar\\\/#website\",\"url\":\"https:\\\/\\\/iep-sa.com.ar\\\/\",\"name\":\"IEP - Iluminaci\u00f3n Eficiente Profesional\",\"description\":\"Iluminaci\u00f3n Vial - Profesional - Decorativa - Estacionamientos - Gasolineras - Deportiva - P\u00fablica - Privada\",\"publisher\":{\"@id\":\"https:\\\/\\\/iep-sa.com.ar\\\/#organization\"},\"potentialAction\":[{\"@type\":\"SearchAction\",\"target\":{\"@type\":\"EntryPoint\",\"urlTemplate\":\"https:\\\/\\\/iep-sa.com.ar\\\/?s={search_term_string}\"},\"query-input\":{\"@type\":\"PropertyValueSpecification\",\"valueRequired\":true,\"valueName\":\"search_term_string\"}}],\"inLanguage\":\"es\"},{\"@type\":\"Organization\",\"@id\":\"https:\\\/\\\/iep-sa.com.ar\\\/#organization\",\"name\":\"IEP - Iluminaci\u00f3n Eficiente Profesional\",\"url\":\"https:\\\/\\\/iep-sa.com.ar\\\/\",\"logo\":{\"@type\":\"ImageObject\",\"inLanguage\":\"es\",\"@id\":\"https:\\\/\\\/iep-sa.com.ar\\\/#\\\/schema\\\/logo\\\/image\\\/\",\"url\":\"https:\\\/\\\/iep-sa.com.ar\\\/wp-content\\\/uploads\\\/2022\\\/11\\\/cropped-favicon.jpg\",\"contentUrl\":\"https:\\\/\\\/iep-sa.com.ar\\\/wp-content\\\/uploads\\\/2022\\\/11\\\/cropped-favicon.jpg\",\"width\":512,\"height\":512,\"caption\":\"IEP - Iluminaci\u00f3n Eficiente Profesional\"},\"image\":{\"@id\":\"https:\\\/\\\/iep-sa.com.ar\\\/#\\\/schema\\\/logo\\\/image\\\/\"}}]}<\/script>\n<!-- \/ Yoast SEO plugin. -->","yoast_head_json":{"title":"LADDER BALIZA - IEP - Iluminaci\u00f3n Eficiente Profesional","robots":{"index":"index","follow":"follow","max-snippet":"max-snippet:-1","max-image-preview":"max-image-preview:large","max-video-preview":"max-video-preview:-1"},"canonical":"https:\/\/iep-sa.com.ar\/producto\/jr1-alta\/","og_locale":"es_ES","og_type":"article","og_title":"LADDER BALIZA - IEP - Iluminaci\u00f3n Eficiente Profesional","og_description":"Luminaria de disen\u0303o moderno, en dos alturas, adecuada para aplicaciones de alumbrado en parques y espacios pu\u0301blicos. Ideal para delinear senderos y bicisendas. Luminaria hecha de perfiles de aluminio, aleacio\u0301n de aluminio y acero inoxidable. Conjutno o\u0301ptico en la parte superior, IP65 , con leds alta potencia y lentes. Anclaje de luminaria con columna embutida en piso. Cuerpo inferior de la luminaria con puerta de inspeccio\u0301n insertadas de aluminio inyectado y pestillo en la misma. Clasificacion de la Luminaria: clase de proteccio\u0301n IP 65.","og_url":"https:\/\/iep-sa.com.ar\/producto\/jr1-alta\/","og_site_name":"IEP - Iluminaci\u00f3n Eficiente Profesional","article_modified_time":"2025-01-16T20:58:24+00:00","og_image":[{"width":1014,"height":1036,"url":"https:\/\/lightyellow-boar-299687.hostingersite.com\/wp-content\/uploads\/2021\/10\/LADDER.png","type":"image\/png"}],"twitter_card":"summary_large_image","twitter_misc":{"Tiempo de lectura":"1 minuto"},"schema":{"@context":"https:\/\/schema.org","@graph":[{"@type":"WebPage","@id":"https:\/\/iep-sa.com.ar\/producto\/jr1-alta\/","url":"https:\/\/iep-sa.com.ar\/producto\/jr1-alta\/","name":"LADDER BALIZA - IEP - Iluminaci\u00f3n Eficiente Profesional","isPartOf":{"@id":"https:\/\/iep-sa.com.ar\/#website"},"primaryImageOfPage":{"@id":"https:\/\/iep-sa.com.ar\/producto\/jr1-alta\/#primaryimage"},"image":{"@id":"https:\/\/iep-sa.com.ar\/producto\/jr1-alta\/#primaryimage"},"thumbnailUrl":"https:\/\/iep-sa.com.ar\/wp-content\/uploads\/2021\/10\/LADDER.png","datePublished":"2021-10-20T16:16:38+00:00","dateModified":"2025-01-16T20:58:24+00:00","breadcrumb":{"@id":"https:\/\/iep-sa.com.ar\/producto\/jr1-alta\/#breadcrumb"},"inLanguage":"es","potentialAction":[{"@type":"ReadAction","target":["https:\/\/iep-sa.com.ar\/producto\/jr1-alta\/"]}]},{"@type":"ImageObject","inLanguage":"es","@id":"https:\/\/iep-sa.com.ar\/producto\/jr1-alta\/#primaryimage","url":"https:\/\/iep-sa.com.ar\/wp-content\/uploads\/2021\/10\/LADDER.png","contentUrl":"https:\/\/iep-sa.com.ar\/wp-content\/uploads\/2021\/10\/LADDER.png","width":1014,"height":1036},{"@type":"BreadcrumbList","@id":"https:\/\/iep-sa.com.ar\/producto\/jr1-alta\/#breadcrumb","itemListElement":[{"@type":"ListItem","position":1,"name":"Portada","item":"https:\/\/iep-sa.com.ar\/"},{"@type":"ListItem","position":2,"name":"Productos","item":"https:\/\/iep-sa.com.ar\/productos\/"},{"@type":"ListItem","position":3,"name":"LADDER BALIZA"}]},{"@type":"WebSite","@id":"https:\/\/iep-sa.com.ar\/#website","url":"https:\/\/iep-sa.com.ar\/","name":"IEP - Iluminaci\u00f3n Eficiente Profesional","description":"Iluminaci\u00f3n Vial - Profesional - Decorativa - Estacionamientos - Gasolineras - Deportiva - P\u00fablica - Privada","publisher":{"@id":"https:\/\/iep-sa.com.ar\/#organization"},"potentialAction":[{"@type":"SearchAction","target":{"@type":"EntryPoint","urlTemplate":"https:\/\/iep-sa.com.ar\/?s={search_term_string}"},"query-input":{"@type":"PropertyValueSpecification","valueRequired":true,"valueName":"search_term_string"}}],"inLanguage":"es"},{"@type":"Organization","@id":"https:\/\/iep-sa.com.ar\/#organization","name":"IEP - Iluminaci\u00f3n Eficiente Profesional","url":"https:\/\/iep-sa.com.ar\/","logo":{"@type":"ImageObject","inLanguage":"es","@id":"https:\/\/iep-sa.com.ar\/#\/schema\/logo\/image\/","url":"https:\/\/iep-sa.com.ar\/wp-content\/uploads\/2022\/11\/cropped-favicon.jpg","contentUrl":"https:\/\/iep-sa.com.ar\/wp-content\/uploads\/2022\/11\/cropped-favicon.jpg","width":512,"height":512,"caption":"IEP - Iluminaci\u00f3n Eficiente Profesional"},"image":{"@id":"https:\/\/iep-sa.com.ar\/#\/schema\/logo\/image\/"}}]}},"_links":{"self":[{"href":"https:\/\/iep-sa.com.ar\/nuevo\/wp-json\/wp\/v2\/product\/3892","targetHints":{"allow":["GET"]}}],"collection":[{"href":"https:\/\/iep-sa.com.ar\/nuevo\/wp-json\/wp\/v2\/product"}],"about":[{"href":"https:\/\/iep-sa.com.ar\/nuevo\/wp-json\/wp\/v2\/types\/product"}],"wp:featuredmedia":[{"embeddable":true,"href":"https:\/\/iep-sa.com.ar\/nuevo\/wp-json\/wp\/v2\/media\/5452"}],"wp:attachment":[{"href":"https:\/\/iep-sa.com.ar\/nuevo\/wp-json\/wp\/v2\/media?parent=3892"}],"wp:term":[{"taxonomy":"product_brand","embeddable":true,"href":"https:\/\/iep-sa.com.ar\/nuevo\/wp-json\/wp\/v2\/product_brand?post=3892"},{"taxonomy":"product_cat","embeddable":true,"href":"https:\/\/iep-sa.com.ar\/nuevo\/wp-json\/wp\/v2\/product_cat?post=3892"},{"taxonomy":"product_tag","embeddable":true,"href":"https:\/\/iep-sa.com.ar\/nuevo\/wp-json\/wp\/v2\/product_tag?post=3892"}],"curies":[{"name":"wp","href":"https:\/\/api.w.org\/{rel}","templated":true}]}}