{"id":3866,"date":"2021-10-20T15:42:55","date_gmt":"2021-10-20T15:42:55","guid":{"rendered":"https:\/\/iep-sa.com.ar\/nuevo\/?post_type=product&#038;p=3866"},"modified":"2022-10-25T13:09:19","modified_gmt":"2022-10-25T13:09:19","slug":"atila-baja","status":"publish","type":"product","link":"https:\/\/iep-sa.com.ar\/nuevo\/producto\/atila-baja\/","title":{"rendered":"ATILA BAJA"},"content":{"rendered":"<h4 style=\"text-align: left;\"><\/h4>\n<h4 style=\"text-align: left;\"><strong>CARACTERISTICAS<\/strong><\/h4>\n<h4><a href=\"https:\/\/iep-sa.com.ar\/wp-content\/uploads\/2021\/10\/ATILA-1.png\"><img fetchpriority=\"high\" decoding=\"async\" class=\"wp-image-4686 alignleft\" src=\"https:\/\/iep-sa.com.ar\/wp-content\/uploads\/2021\/10\/ATILA-1.png\" alt=\"\" width=\"435\" height=\"385\" srcset=\"https:\/\/iep-sa.com.ar\/wp-content\/uploads\/2021\/10\/ATILA-1.png 608w, https:\/\/iep-sa.com.ar\/wp-content\/uploads\/2021\/10\/ATILA-1-300x265.png 300w, https:\/\/iep-sa.com.ar\/wp-content\/uploads\/2021\/10\/ATILA-1-600x531.png 600w\" sizes=\"(max-width: 435px) 100vw, 435px\" \/><\/a><\/h4>\n<h4><\/h4>\n<h4><\/h4>\n<p>&nbsp;<\/p>\n<p>&nbsp;<\/p>\n<p>&nbsp;<\/p>\n<p>&nbsp;<\/p>\n<p>&nbsp;<\/p>\n<p>&nbsp;<\/p>\n<p>&nbsp;<\/p>\n<p>&nbsp;<\/p>\n<p>&nbsp;<\/p>\n<p><a href=\"https:\/\/iep-sa.com.ar\/wp-content\/uploads\/2021\/10\/atila-3.png\"><img decoding=\"async\" class=\" wp-image-4690 alignleft\" src=\"https:\/\/iep-sa.com.ar\/wp-content\/uploads\/2021\/10\/atila-3-1024x180.png\" alt=\"\" width=\"691\" height=\"122\" srcset=\"https:\/\/iep-sa.com.ar\/wp-content\/uploads\/2021\/10\/atila-3-1024x180.png 1024w, https:\/\/iep-sa.com.ar\/wp-content\/uploads\/2021\/10\/atila-3-300x53.png 300w, https:\/\/iep-sa.com.ar\/wp-content\/uploads\/2021\/10\/atila-3-768x135.png 768w, https:\/\/iep-sa.com.ar\/wp-content\/uploads\/2021\/10\/atila-3-1536x271.png 1536w, https:\/\/iep-sa.com.ar\/wp-content\/uploads\/2021\/10\/atila-3-600x106.png 600w, https:\/\/iep-sa.com.ar\/wp-content\/uploads\/2021\/10\/atila-3.png 1634w\" sizes=\"(max-width: 691px) 100vw, 691px\" \/><\/a><\/p>\n<p>&nbsp;<\/p>\n<p>&nbsp;<\/p>\n<p>&nbsp;<\/p>\n<p>&nbsp;<\/p>\n<h4 style=\"text-align: left;\"><strong><a href=\"https:\/\/iep-sa.com.ar\/wp-content\/uploads\/2021\/10\/FO5_CNX-curva.jpg\"><br \/>\n<\/a>MEDIDAS<\/strong>.<\/h4>\n<p><a href=\"https:\/\/iep-sa.com.ar\/wp-content\/uploads\/2021\/10\/atila-2.png\"><img decoding=\"async\" class=\" wp-image-4689 alignleft\" src=\"https:\/\/iep-sa.com.ar\/wp-content\/uploads\/2021\/10\/atila-2.png\" alt=\"\" width=\"380\" height=\"369\" srcset=\"https:\/\/iep-sa.com.ar\/wp-content\/uploads\/2021\/10\/atila-2.png 770w, https:\/\/iep-sa.com.ar\/wp-content\/uploads\/2021\/10\/atila-2-300x291.png 300w, https:\/\/iep-sa.com.ar\/wp-content\/uploads\/2021\/10\/atila-2-768x746.png 768w, https:\/\/iep-sa.com.ar\/wp-content\/uploads\/2021\/10\/atila-2-600x583.png 600w\" sizes=\"(max-width: 380px) 100vw, 380px\" \/><\/a><\/p>\n<p>&nbsp;<\/p>\n<p>&nbsp;<\/p>\n<p>&nbsp;<\/p>\n<p>&nbsp;<\/p>\n<p>&nbsp;<\/p>\n<p>&nbsp;<\/p>\n<p>&nbsp;<\/p>\n<p>&nbsp;<\/p>\n<p>&nbsp;<\/p>\n<p>&nbsp;<\/p>\n<p>&nbsp;<\/p>\n<p>&nbsp;<\/p>\n<h3 style=\"text-align: left;\"><strong>CURVAS FOTOM\u00c9TRICAS<\/strong><\/h3>\n<p><a href=\"https:\/\/iep-sa.com.ar\/wp-content\/uploads\/2021\/10\/ATILA-ALTA-curvas.png\"><img loading=\"lazy\" decoding=\"async\" class=\"wp-image-3818 alignleft\" src=\"https:\/\/iep-sa.com.ar\/wp-content\/uploads\/2021\/10\/ATILA-ALTA-curvas-300x145.png\" alt=\"\" width=\"408\" height=\"197\" srcset=\"https:\/\/iep-sa.com.ar\/wp-content\/uploads\/2021\/10\/ATILA-ALTA-curvas-300x145.png 300w, https:\/\/iep-sa.com.ar\/wp-content\/uploads\/2021\/10\/ATILA-ALTA-curvas-768x370.png 768w, https:\/\/iep-sa.com.ar\/wp-content\/uploads\/2021\/10\/ATILA-ALTA-curvas-600x289.png 600w, https:\/\/iep-sa.com.ar\/wp-content\/uploads\/2021\/10\/ATILA-ALTA-curvas.png 952w\" sizes=\"(max-width: 408px) 100vw, 408px\" \/><\/a><\/p>\n<p>&nbsp;<\/p>\n<h3><\/h3>\n<h3><\/h3>\n<h3><\/h3>\n<h3><\/h3>\n<p>&nbsp;<\/p>\n<p>&nbsp;<\/p>\n<p>&nbsp;<\/p>\n<p>&nbsp;<\/p>\n<p>&nbsp;<\/p>\n<p>&nbsp;<\/p>\n<h3 style=\"text-align: left;\"><b>DESCARGAS<\/b><\/h3>\n<div class=\"wp-block-file\" style=\"text-align: left;\">\n<p class=\"wp-block-file\"><a href=\"https:\/\/iep-sa.com.ar\/wp-content\/uploads\/2021\/10\/ATILA.pdf\">Ficha T\u00e9cnica Atila baja<\/a><\/p>\n<p><a href=\"https:\/\/iep-sa.com.ar\/wp-content\/uploads\/2021\/10\/Atila-Alta-25w.ldt_.zip\">Atila fotometrias<\/a><\/p>\n<p><a href=\"https:\/\/iep-sa.com.ar\/wp-content\/uploads\/2021\/10\/Atila-cad-.dwg_.zip\">Atila cad<\/a><\/p>\n<\/div>\n","protected":false},"excerpt":{"rendered":"<p style=\"text-align: left;\">Luminaria de dise\u00f1o moderno, en dos alturas, adecuada para aplicaciones de alumbrado en parques y espacios p\u00fablicos. Ideal para delinear senderos y bicisendas. Luminaria hecha de perfiles de aluminio, aleaci\u00f3n de aluminio y acero inoxidable. Conjunto \u00f3ptico en la parte superior, IP65 , con leds alta potencia y lentes. Anclaje de luminaria con columna embutida en piso. Cuerpo inferior de la luminaria con puerta de inspecci\u00f3n insertadas de aluminio inyectado y pestillo en la misma. Clasificaci\u00f3n de la Luminaria: clase de protecci\u00f3n IP 65.<\/p>\n","protected":false},"featured_media":4693,"template":"","meta":{"_joinchat":[]},"product_brand":[],"product_cat":[125,128,76,135,60,145,144,127,126,124,59],"product_tag":[],"class_list":{"0":"post-3866","1":"product","2":"type-product","3":"status-publish","4":"has-post-thumbnail","6":"product_cat-bicisendas","7":"product_cat-costaneras","8":"product_cat-estacionamientos","9":"product_cat-exterior","10":"product_cat-exterior-decorativo","11":"product_cat-jardines","12":"product_cat-parques","13":"product_cat-paseos","14":"product_cat-peatonales","15":"product_cat-plazas","16":"product_cat-urbano-decorativo","18":"first","19":"instock","20":"shipping-taxable","21":"product-type-simple","22":"layout-style-1","23":"col-md-4 col-sm-4 col-xs-6","24":"col-lg-3","25":"product-has-gallery","26":"product-style-default"},"yoast_head":"<!-- This site is optimized with the Yoast SEO plugin v27.4 - https:\/\/yoast.com\/product\/yoast-seo-wordpress\/ -->\n<title>ATILA BAJA - IEP - Iluminaci\u00f3n Eficiente Profesional<\/title>\n<meta name=\"robots\" content=\"index, follow, max-snippet:-1, max-image-preview:large, max-video-preview:-1\" \/>\n<link rel=\"canonical\" href=\"https:\/\/iep-sa.com.ar\/producto\/atila-baja\/\" \/>\n<meta property=\"og:locale\" content=\"es_ES\" \/>\n<meta property=\"og:type\" content=\"article\" \/>\n<meta property=\"og:title\" content=\"ATILA BAJA - IEP - Iluminaci\u00f3n Eficiente Profesional\" \/>\n<meta property=\"og:description\" content=\"Luminaria de dise\u00f1o moderno, en dos alturas, adecuada para aplicaciones de alumbrado en parques y espacios p\u00fablicos. Ideal para delinear senderos y bicisendas. Luminaria hecha de perfiles de aluminio, aleaci\u00f3n de aluminio y acero inoxidable. Conjunto \u00f3ptico en la parte superior, IP65 , con leds alta potencia y lentes. Anclaje de luminaria con columna embutida en piso. Cuerpo inferior de la luminaria con puerta de inspecci\u00f3n insertadas de aluminio inyectado y pestillo en la misma. Clasificaci\u00f3n de la Luminaria: clase de protecci\u00f3n IP 65.\" \/>\n<meta property=\"og:url\" content=\"https:\/\/iep-sa.com.ar\/producto\/atila-baja\/\" \/>\n<meta property=\"og:site_name\" content=\"IEP - Iluminaci\u00f3n Eficiente Profesional\" \/>\n<meta property=\"article:modified_time\" content=\"2022-10-25T13:09:19+00:00\" \/>\n<meta property=\"og:image\" content=\"https:\/\/lightyellow-boar-299687.hostingersite.com\/wp-content\/uploads\/2021\/10\/atila-baja.png\" \/>\n\t<meta property=\"og:image:width\" content=\"878\" \/>\n\t<meta property=\"og:image:height\" content=\"882\" \/>\n\t<meta property=\"og:image:type\" content=\"image\/png\" \/>\n<meta name=\"twitter:card\" content=\"summary_large_image\" \/>\n<meta name=\"twitter:label1\" content=\"Tiempo de lectura\" \/>\n\t<meta name=\"twitter:data1\" content=\"1 minuto\" \/>\n<script type=\"application\/ld+json\" class=\"yoast-schema-graph\">{\"@context\":\"https:\\\/\\\/schema.org\",\"@graph\":[{\"@type\":\"WebPage\",\"@id\":\"https:\\\/\\\/iep-sa.com.ar\\\/producto\\\/atila-baja\\\/\",\"url\":\"https:\\\/\\\/iep-sa.com.ar\\\/producto\\\/atila-baja\\\/\",\"name\":\"ATILA BAJA - IEP - Iluminaci\u00f3n Eficiente Profesional\",\"isPartOf\":{\"@id\":\"https:\\\/\\\/iep-sa.com.ar\\\/#website\"},\"primaryImageOfPage\":{\"@id\":\"https:\\\/\\\/iep-sa.com.ar\\\/producto\\\/atila-baja\\\/#primaryimage\"},\"image\":{\"@id\":\"https:\\\/\\\/iep-sa.com.ar\\\/producto\\\/atila-baja\\\/#primaryimage\"},\"thumbnailUrl\":\"https:\\\/\\\/iep-sa.com.ar\\\/wp-content\\\/uploads\\\/2021\\\/10\\\/atila-baja.png\",\"datePublished\":\"2021-10-20T15:42:55+00:00\",\"dateModified\":\"2022-10-25T13:09:19+00:00\",\"breadcrumb\":{\"@id\":\"https:\\\/\\\/iep-sa.com.ar\\\/producto\\\/atila-baja\\\/#breadcrumb\"},\"inLanguage\":\"es\",\"potentialAction\":[{\"@type\":\"ReadAction\",\"target\":[\"https:\\\/\\\/iep-sa.com.ar\\\/producto\\\/atila-baja\\\/\"]}]},{\"@type\":\"ImageObject\",\"inLanguage\":\"es\",\"@id\":\"https:\\\/\\\/iep-sa.com.ar\\\/producto\\\/atila-baja\\\/#primaryimage\",\"url\":\"https:\\\/\\\/iep-sa.com.ar\\\/wp-content\\\/uploads\\\/2021\\\/10\\\/atila-baja.png\",\"contentUrl\":\"https:\\\/\\\/iep-sa.com.ar\\\/wp-content\\\/uploads\\\/2021\\\/10\\\/atila-baja.png\",\"width\":878,\"height\":882},{\"@type\":\"BreadcrumbList\",\"@id\":\"https:\\\/\\\/iep-sa.com.ar\\\/producto\\\/atila-baja\\\/#breadcrumb\",\"itemListElement\":[{\"@type\":\"ListItem\",\"position\":1,\"name\":\"Portada\",\"item\":\"https:\\\/\\\/iep-sa.com.ar\\\/\"},{\"@type\":\"ListItem\",\"position\":2,\"name\":\"Productos\",\"item\":\"https:\\\/\\\/iep-sa.com.ar\\\/productos\\\/\"},{\"@type\":\"ListItem\",\"position\":3,\"name\":\"ATILA BAJA\"}]},{\"@type\":\"WebSite\",\"@id\":\"https:\\\/\\\/iep-sa.com.ar\\\/#website\",\"url\":\"https:\\\/\\\/iep-sa.com.ar\\\/\",\"name\":\"IEP - Iluminaci\u00f3n Eficiente Profesional\",\"description\":\"Iluminaci\u00f3n Vial - Profesional - Decorativa - Estacionamientos - Gasolineras - Deportiva - P\u00fablica - Privada\",\"publisher\":{\"@id\":\"https:\\\/\\\/iep-sa.com.ar\\\/#organization\"},\"potentialAction\":[{\"@type\":\"SearchAction\",\"target\":{\"@type\":\"EntryPoint\",\"urlTemplate\":\"https:\\\/\\\/iep-sa.com.ar\\\/?s={search_term_string}\"},\"query-input\":{\"@type\":\"PropertyValueSpecification\",\"valueRequired\":true,\"valueName\":\"search_term_string\"}}],\"inLanguage\":\"es\"},{\"@type\":\"Organization\",\"@id\":\"https:\\\/\\\/iep-sa.com.ar\\\/#organization\",\"name\":\"IEP - Iluminaci\u00f3n Eficiente Profesional\",\"url\":\"https:\\\/\\\/iep-sa.com.ar\\\/\",\"logo\":{\"@type\":\"ImageObject\",\"inLanguage\":\"es\",\"@id\":\"https:\\\/\\\/iep-sa.com.ar\\\/#\\\/schema\\\/logo\\\/image\\\/\",\"url\":\"https:\\\/\\\/iep-sa.com.ar\\\/wp-content\\\/uploads\\\/2022\\\/11\\\/cropped-favicon.jpg\",\"contentUrl\":\"https:\\\/\\\/iep-sa.com.ar\\\/wp-content\\\/uploads\\\/2022\\\/11\\\/cropped-favicon.jpg\",\"width\":512,\"height\":512,\"caption\":\"IEP - Iluminaci\u00f3n Eficiente Profesional\"},\"image\":{\"@id\":\"https:\\\/\\\/iep-sa.com.ar\\\/#\\\/schema\\\/logo\\\/image\\\/\"}}]}<\/script>\n<!-- \/ Yoast SEO plugin. -->","yoast_head_json":{"title":"ATILA BAJA - IEP - Iluminaci\u00f3n Eficiente Profesional","robots":{"index":"index","follow":"follow","max-snippet":"max-snippet:-1","max-image-preview":"max-image-preview:large","max-video-preview":"max-video-preview:-1"},"canonical":"https:\/\/iep-sa.com.ar\/producto\/atila-baja\/","og_locale":"es_ES","og_type":"article","og_title":"ATILA BAJA - IEP - Iluminaci\u00f3n Eficiente Profesional","og_description":"Luminaria de dise\u00f1o moderno, en dos alturas, adecuada para aplicaciones de alumbrado en parques y espacios p\u00fablicos. Ideal para delinear senderos y bicisendas. Luminaria hecha de perfiles de aluminio, aleaci\u00f3n de aluminio y acero inoxidable. Conjunto \u00f3ptico en la parte superior, IP65 , con leds alta potencia y lentes. Anclaje de luminaria con columna embutida en piso. Cuerpo inferior de la luminaria con puerta de inspecci\u00f3n insertadas de aluminio inyectado y pestillo en la misma. Clasificaci\u00f3n de la Luminaria: clase de protecci\u00f3n IP 65.","og_url":"https:\/\/iep-sa.com.ar\/producto\/atila-baja\/","og_site_name":"IEP - Iluminaci\u00f3n Eficiente Profesional","article_modified_time":"2022-10-25T13:09:19+00:00","og_image":[{"width":878,"height":882,"url":"https:\/\/lightyellow-boar-299687.hostingersite.com\/wp-content\/uploads\/2021\/10\/atila-baja.png","type":"image\/png"}],"twitter_card":"summary_large_image","twitter_misc":{"Tiempo de lectura":"1 minuto"},"schema":{"@context":"https:\/\/schema.org","@graph":[{"@type":"WebPage","@id":"https:\/\/iep-sa.com.ar\/producto\/atila-baja\/","url":"https:\/\/iep-sa.com.ar\/producto\/atila-baja\/","name":"ATILA BAJA - IEP - Iluminaci\u00f3n Eficiente Profesional","isPartOf":{"@id":"https:\/\/iep-sa.com.ar\/#website"},"primaryImageOfPage":{"@id":"https:\/\/iep-sa.com.ar\/producto\/atila-baja\/#primaryimage"},"image":{"@id":"https:\/\/iep-sa.com.ar\/producto\/atila-baja\/#primaryimage"},"thumbnailUrl":"https:\/\/iep-sa.com.ar\/wp-content\/uploads\/2021\/10\/atila-baja.png","datePublished":"2021-10-20T15:42:55+00:00","dateModified":"2022-10-25T13:09:19+00:00","breadcrumb":{"@id":"https:\/\/iep-sa.com.ar\/producto\/atila-baja\/#breadcrumb"},"inLanguage":"es","potentialAction":[{"@type":"ReadAction","target":["https:\/\/iep-sa.com.ar\/producto\/atila-baja\/"]}]},{"@type":"ImageObject","inLanguage":"es","@id":"https:\/\/iep-sa.com.ar\/producto\/atila-baja\/#primaryimage","url":"https:\/\/iep-sa.com.ar\/wp-content\/uploads\/2021\/10\/atila-baja.png","contentUrl":"https:\/\/iep-sa.com.ar\/wp-content\/uploads\/2021\/10\/atila-baja.png","width":878,"height":882},{"@type":"BreadcrumbList","@id":"https:\/\/iep-sa.com.ar\/producto\/atila-baja\/#breadcrumb","itemListElement":[{"@type":"ListItem","position":1,"name":"Portada","item":"https:\/\/iep-sa.com.ar\/"},{"@type":"ListItem","position":2,"name":"Productos","item":"https:\/\/iep-sa.com.ar\/productos\/"},{"@type":"ListItem","position":3,"name":"ATILA BAJA"}]},{"@type":"WebSite","@id":"https:\/\/iep-sa.com.ar\/#website","url":"https:\/\/iep-sa.com.ar\/","name":"IEP - Iluminaci\u00f3n Eficiente Profesional","description":"Iluminaci\u00f3n Vial - Profesional - Decorativa - Estacionamientos - Gasolineras - Deportiva - P\u00fablica - Privada","publisher":{"@id":"https:\/\/iep-sa.com.ar\/#organization"},"potentialAction":[{"@type":"SearchAction","target":{"@type":"EntryPoint","urlTemplate":"https:\/\/iep-sa.com.ar\/?s={search_term_string}"},"query-input":{"@type":"PropertyValueSpecification","valueRequired":true,"valueName":"search_term_string"}}],"inLanguage":"es"},{"@type":"Organization","@id":"https:\/\/iep-sa.com.ar\/#organization","name":"IEP - Iluminaci\u00f3n Eficiente Profesional","url":"https:\/\/iep-sa.com.ar\/","logo":{"@type":"ImageObject","inLanguage":"es","@id":"https:\/\/iep-sa.com.ar\/#\/schema\/logo\/image\/","url":"https:\/\/iep-sa.com.ar\/wp-content\/uploads\/2022\/11\/cropped-favicon.jpg","contentUrl":"https:\/\/iep-sa.com.ar\/wp-content\/uploads\/2022\/11\/cropped-favicon.jpg","width":512,"height":512,"caption":"IEP - Iluminaci\u00f3n Eficiente Profesional"},"image":{"@id":"https:\/\/iep-sa.com.ar\/#\/schema\/logo\/image\/"}}]}},"_links":{"self":[{"href":"https:\/\/iep-sa.com.ar\/nuevo\/wp-json\/wp\/v2\/product\/3866","targetHints":{"allow":["GET"]}}],"collection":[{"href":"https:\/\/iep-sa.com.ar\/nuevo\/wp-json\/wp\/v2\/product"}],"about":[{"href":"https:\/\/iep-sa.com.ar\/nuevo\/wp-json\/wp\/v2\/types\/product"}],"wp:featuredmedia":[{"embeddable":true,"href":"https:\/\/iep-sa.com.ar\/nuevo\/wp-json\/wp\/v2\/media\/4693"}],"wp:attachment":[{"href":"https:\/\/iep-sa.com.ar\/nuevo\/wp-json\/wp\/v2\/media?parent=3866"}],"wp:term":[{"taxonomy":"product_brand","embeddable":true,"href":"https:\/\/iep-sa.com.ar\/nuevo\/wp-json\/wp\/v2\/product_brand?post=3866"},{"taxonomy":"product_cat","embeddable":true,"href":"https:\/\/iep-sa.com.ar\/nuevo\/wp-json\/wp\/v2\/product_cat?post=3866"},{"taxonomy":"product_tag","embeddable":true,"href":"https:\/\/iep-sa.com.ar\/nuevo\/wp-json\/wp\/v2\/product_tag?post=3866"}],"curies":[{"name":"wp","href":"https:\/\/api.w.org\/{rel}","templated":true}]}}