{"id":3804,"date":"2021-10-20T12:16:18","date_gmt":"2021-10-20T12:16:18","guid":{"rendered":"https:\/\/iep-sa.com.ar\/nuevo\/?post_type=product&#038;p=3804"},"modified":"2024-09-09T13:49:39","modified_gmt":"2024-09-09T13:49:39","slug":"fo5-cnx","status":"publish","type":"product","link":"https:\/\/iep-sa.com.ar\/nuevo\/producto\/fo5-cnx\/","title":{"rendered":"Fo5 Cnx"},"content":{"rendered":"<h4 style=\"text-align: left;\"><strong>CARACTERISTICAS<\/strong><strong><a href=\"https:\/\/iep-sa.com.ar\/wp-content\/uploads\/2021\/10\/fo5-1.png\"><img fetchpriority=\"high\" decoding=\"async\" class=\"wp-image-4636 alignleft\" src=\"https:\/\/iep-sa.com.ar\/wp-content\/uploads\/2021\/10\/fo5-1.png\" alt=\"\" width=\"593\" height=\"507\" srcset=\"https:\/\/iep-sa.com.ar\/wp-content\/uploads\/2021\/10\/fo5-1.png 876w, https:\/\/iep-sa.com.ar\/wp-content\/uploads\/2021\/10\/fo5-1-300x257.png 300w, https:\/\/iep-sa.com.ar\/wp-content\/uploads\/2021\/10\/fo5-1-768x658.png 768w, https:\/\/iep-sa.com.ar\/wp-content\/uploads\/2021\/10\/fo5-1-600x514.png 600w\" sizes=\"(max-width: 593px) 100vw, 593px\" \/><\/a><a href=\"https:\/\/iep-sa.com.ar\/wp-content\/uploads\/2021\/10\/FO5_CNX-curva.jpg\"><br \/>\n<\/a><\/strong><\/h4>\n<h4><\/h4>\n<h4><\/h4>\n<h4><\/h4>\n<p>&nbsp;<\/p>\n<p>&nbsp;<\/p>\n<p>&nbsp;<\/p>\n<h4><\/h4>\n<h4><\/h4>\n<p>&nbsp;<\/p>\n<p>&nbsp;<\/p>\n<p>&nbsp;<\/p>\n<h4><\/h4>\n<h4><a href=\"https:\/\/iep-sa.com.ar\/wp-content\/uploads\/2021\/10\/fo5-2.png\"><img decoding=\"async\" class=\"size-large wp-image-4637 alignleft\" src=\"https:\/\/iep-sa.com.ar\/wp-content\/uploads\/2021\/10\/fo5-2-1024x265.png\" alt=\"\" width=\"640\" height=\"166\" srcset=\"https:\/\/iep-sa.com.ar\/wp-content\/uploads\/2021\/10\/fo5-2-1024x265.png 1024w, https:\/\/iep-sa.com.ar\/wp-content\/uploads\/2021\/10\/fo5-2-300x78.png 300w, https:\/\/iep-sa.com.ar\/wp-content\/uploads\/2021\/10\/fo5-2-768x199.png 768w, https:\/\/iep-sa.com.ar\/wp-content\/uploads\/2021\/10\/fo5-2-1536x397.png 1536w, https:\/\/iep-sa.com.ar\/wp-content\/uploads\/2021\/10\/fo5-2-600x155.png 600w, https:\/\/iep-sa.com.ar\/wp-content\/uploads\/2021\/10\/fo5-2.png 1640w\" sizes=\"(max-width: 640px) 100vw, 640px\" \/><\/a><\/h4>\n<h4><\/h4>\n<h4><\/h4>\n<h4><\/h4>\n<h4><\/h4>\n<h4><\/h4>\n<p>&nbsp;<\/p>\n<p>&nbsp;<\/p>\n<p>&nbsp;<\/p>\n<h4><img decoding=\"async\" class=\"wp-image-4638 alignleft\" src=\"https:\/\/iep-sa.com.ar\/wp-content\/uploads\/2021\/10\/fo5-3.png\" alt=\"\" width=\"315\" height=\"119\" srcset=\"https:\/\/iep-sa.com.ar\/wp-content\/uploads\/2021\/10\/fo5-3.png 724w, https:\/\/iep-sa.com.ar\/wp-content\/uploads\/2021\/10\/fo5-3-300x114.png 300w, https:\/\/iep-sa.com.ar\/wp-content\/uploads\/2021\/10\/fo5-3-600x227.png 600w\" sizes=\"(max-width: 315px) 100vw, 315px\" \/><\/h4>\n<h4><\/h4>\n<h4><\/h4>\n<h4><\/h4>\n<p>&nbsp;<\/p>\n<p>&nbsp;<\/p>\n<p>&nbsp;<\/p>\n<p>&nbsp;<\/p>\n<p>&nbsp;<\/p>\n<p>&nbsp;<\/p>\n<h4><\/h4>\n<h4><\/h4>\n<p>&nbsp;<\/p>\n<p>&nbsp;<\/p>\n<p>&nbsp;<\/p>\n<p>&nbsp;<\/p>\n<p>&nbsp;<\/p>\n<h4 style=\"text-align: left;\"><strong>MEDIDAS<\/strong><\/h4>\n<h3><a href=\"https:\/\/iep-sa.com.ar\/wp-content\/uploads\/2021\/10\/fo5-4.png\"><img loading=\"lazy\" decoding=\"async\" class=\"wp-image-4639 alignleft\" src=\"https:\/\/iep-sa.com.ar\/wp-content\/uploads\/2021\/10\/fo5-4.png\" alt=\"\" width=\"324\" height=\"316\" srcset=\"https:\/\/iep-sa.com.ar\/wp-content\/uploads\/2021\/10\/fo5-4.png 576w, https:\/\/iep-sa.com.ar\/wp-content\/uploads\/2021\/10\/fo5-4-300x293.png 300w\" sizes=\"(max-width: 324px) 100vw, 324px\" \/><\/a><\/h3>\n<h3><\/h3>\n<h3><\/h3>\n<h3><\/h3>\n<h3><\/h3>\n<p>&nbsp;<\/p>\n<p>&nbsp;<\/p>\n<p>&nbsp;<\/p>\n<h3><\/h3>\n<h3><\/h3>\n<h3><\/h3>\n<p>&nbsp;<\/p>\n<p>&nbsp;<\/p>\n<p>&nbsp;<\/p>\n<p>&nbsp;<\/p>\n<p>&nbsp;<\/p>\n<p>&nbsp;<\/p>\n<h3 style=\"text-align: left;\"><strong>CURVAS FOTOM\u00c9TRICAS<\/strong><\/h3>\n<p><a href=\"https:\/\/iep-sa.com.ar\/wp-content\/uploads\/2021\/10\/fo5-5.png\"><img loading=\"lazy\" decoding=\"async\" class=\"wp-image-4640 alignleft\" src=\"https:\/\/iep-sa.com.ar\/wp-content\/uploads\/2021\/10\/fo5-5.png\" alt=\"\" width=\"496\" height=\"221\" srcset=\"https:\/\/iep-sa.com.ar\/wp-content\/uploads\/2021\/10\/fo5-5.png 1018w, https:\/\/iep-sa.com.ar\/wp-content\/uploads\/2021\/10\/fo5-5-300x134.png 300w, https:\/\/iep-sa.com.ar\/wp-content\/uploads\/2021\/10\/fo5-5-768x343.png 768w, https:\/\/iep-sa.com.ar\/wp-content\/uploads\/2021\/10\/fo5-5-600x268.png 600w\" sizes=\"(max-width: 496px) 100vw, 496px\" \/><\/a><\/p>\n<div class=\"wp-block-file\" style=\"text-align: left;\">\n<div><\/div>\n<div><\/div>\n<div><\/div>\n<div><\/div>\n<div><\/div>\n<div><\/div>\n<div><\/div>\n<div><\/div>\n<\/div>\n<h3><\/h3>\n<p>&nbsp;<\/p>\n<h3><\/h3>\n<p>&nbsp;<\/p>\n<p>&nbsp;<\/p>\n<p>&nbsp;<\/p>\n<p>&nbsp;<\/p>\n<div class=\"wp-block-file\" style=\"text-align: left;\">\n<div>\n<h3 style=\"text-align: left;\"><strong>DESCARGAS<\/strong><\/h3>\n<\/div>\n<\/div>\n<div class=\"wp-block-file\" style=\"text-align: left;\">\n<div class=\"wp-block-file\"><a href=\"https:\/\/iep-sa.com.ar\/wp-content\/uploads\/2021\/10\/Fo5-CNX-2021.pdf\">Fo5 CNX Ficha T\u00e9cnica<\/a><\/div>\n<div><a href=\"https:\/\/iep-sa.com.ar\/wp-content\/uploads\/2021\/10\/FO5-CNX-Fotometria.zip\">Fo5 Fotometr\u00edas<\/a><\/div>\n<div><a href=\"https:\/\/iep-sa.com.ar\/wp-content\/uploads\/2021\/10\/fo5-cnx.dwg_.zip\">FO5\u00a0 Cad<\/a><\/div>\n<\/div>\n<div><\/div>\n<div><\/div>\n","protected":false},"excerpt":{"rendered":"<div class=\"page\" title=\"Page 2\">\n<div class=\"section\">\n<div class=\"layoutArea\">\n<div class=\"column\">\n<p class=\"p1\" style=\"text-align: left;\">Luminaria FO5 se caracteriza por su dise\u00f1o urbano decorativo con iluminaci\u00f3n general difusa. Su fijaci\u00f3n post-top desde \u00d860 mm en funci\u00f3n del adaptador. Es una luminaria de clase I, materializado en fundici\u00f3n de aluminio, que cuenta con cuatro brazos de soporte para el grupo \u00f3ptico de LED con tapa c\u00f3ncava de repusaje, y difusor de policarbonato transparente. El driver se aloja dentro del recinto \u00f3ptico, el cual se encuentra unido a la estructura mediante cuatro ganchos de cierre a presi\u00f3n. El modelo CNX se presenta como la \u00faltima versi\u00f3n de FO5 avanzando en l\u00edneas m\u00e1s sutiles y menor resistencia al viento, manteniendo la tecnolog\u00eda LED que garantiza mayor flujo luminoso requerido con menor consumo.<\/p>\n<\/div>\n<\/div>\n<\/div>\n<\/div>\n","protected":false},"featured_media":4646,"template":"","meta":{"_joinchat":[]},"product_brand":[],"product_cat":[125,128,76,135,127,126,124,157,158,59],"product_tag":[],"class_list":{"0":"post-3804","1":"product","2":"type-product","3":"status-publish","4":"has-post-thumbnail","6":"product_cat-bicisendas","7":"product_cat-costaneras","8":"product_cat-estacionamientos","9":"product_cat-exterior","10":"product_cat-paseos","11":"product_cat-peatonales","12":"product_cat-plazas","13":"product_cat-telegestion-y-domotica","14":"product_cat-urbanizacion","15":"product_cat-urbano-decorativo","17":"first","18":"instock","19":"shipping-taxable","20":"product-type-simple","21":"layout-style-1","22":"col-md-4 col-sm-4 col-xs-6","23":"col-lg-3","24":"product-has-gallery","25":"product-style-default"},"yoast_head":"<!-- This site is optimized with the Yoast SEO plugin v27.4 - https:\/\/yoast.com\/product\/yoast-seo-wordpress\/ -->\n<title>Fo5 Cnx - IEP - Iluminaci\u00f3n Eficiente Profesional<\/title>\n<meta name=\"robots\" content=\"index, follow, max-snippet:-1, max-image-preview:large, max-video-preview:-1\" \/>\n<link rel=\"canonical\" href=\"https:\/\/iep-sa.com.ar\/producto\/fo5-cnx\/\" \/>\n<meta property=\"og:locale\" content=\"es_ES\" \/>\n<meta property=\"og:type\" content=\"article\" \/>\n<meta property=\"og:title\" content=\"Fo5 Cnx - IEP - Iluminaci\u00f3n Eficiente Profesional\" \/>\n<meta property=\"og:description\" content=\"Luminaria FO5 se caracteriza por su dise\u00f1o urbano decorativo con iluminaci\u00f3n general difusa. Su fijaci\u00f3n post-top desde \u00d860 mm en funci\u00f3n del adaptador. Es una luminaria de clase I, materializado en fundici\u00f3n de aluminio, que cuenta con cuatro brazos de soporte para el grupo \u00f3ptico de LED con tapa c\u00f3ncava de repusaje, y difusor de policarbonato transparente. El driver se aloja dentro del recinto \u00f3ptico, el cual se encuentra unido a la estructura mediante cuatro ganchos de cierre a presi\u00f3n. El modelo CNX se presenta como la \u00faltima versi\u00f3n de FO5 avanzando en l\u00edneas m\u00e1s sutiles y menor resistencia al viento, manteniendo la tecnolog\u00eda LED que garantiza mayor flujo luminoso requerido con menor consumo.\" \/>\n<meta property=\"og:url\" content=\"https:\/\/iep-sa.com.ar\/producto\/fo5-cnx\/\" \/>\n<meta property=\"og:site_name\" content=\"IEP - Iluminaci\u00f3n Eficiente Profesional\" \/>\n<meta property=\"article:modified_time\" content=\"2024-09-09T13:49:39+00:00\" \/>\n<meta property=\"og:image\" content=\"https:\/\/lightyellow-boar-299687.hostingersite.com\/wp-content\/uploads\/2021\/10\/fo5-cnx.png\" \/>\n\t<meta property=\"og:image:width\" content=\"776\" \/>\n\t<meta property=\"og:image:height\" content=\"776\" \/>\n\t<meta property=\"og:image:type\" content=\"image\/png\" \/>\n<meta name=\"twitter:card\" content=\"summary_large_image\" \/>\n<meta name=\"twitter:label1\" content=\"Tiempo de lectura\" \/>\n\t<meta name=\"twitter:data1\" content=\"2 minutos\" \/>\n<script type=\"application\/ld+json\" class=\"yoast-schema-graph\">{\"@context\":\"https:\\\/\\\/schema.org\",\"@graph\":[{\"@type\":\"WebPage\",\"@id\":\"https:\\\/\\\/iep-sa.com.ar\\\/producto\\\/fo5-cnx\\\/\",\"url\":\"https:\\\/\\\/iep-sa.com.ar\\\/producto\\\/fo5-cnx\\\/\",\"name\":\"Fo5 Cnx - IEP - Iluminaci\u00f3n Eficiente Profesional\",\"isPartOf\":{\"@id\":\"https:\\\/\\\/iep-sa.com.ar\\\/#website\"},\"primaryImageOfPage\":{\"@id\":\"https:\\\/\\\/iep-sa.com.ar\\\/producto\\\/fo5-cnx\\\/#primaryimage\"},\"image\":{\"@id\":\"https:\\\/\\\/iep-sa.com.ar\\\/producto\\\/fo5-cnx\\\/#primaryimage\"},\"thumbnailUrl\":\"https:\\\/\\\/iep-sa.com.ar\\\/wp-content\\\/uploads\\\/2021\\\/10\\\/fo5-cnx.png\",\"datePublished\":\"2021-10-20T12:16:18+00:00\",\"dateModified\":\"2024-09-09T13:49:39+00:00\",\"breadcrumb\":{\"@id\":\"https:\\\/\\\/iep-sa.com.ar\\\/producto\\\/fo5-cnx\\\/#breadcrumb\"},\"inLanguage\":\"es\",\"potentialAction\":[{\"@type\":\"ReadAction\",\"target\":[\"https:\\\/\\\/iep-sa.com.ar\\\/producto\\\/fo5-cnx\\\/\"]}]},{\"@type\":\"ImageObject\",\"inLanguage\":\"es\",\"@id\":\"https:\\\/\\\/iep-sa.com.ar\\\/producto\\\/fo5-cnx\\\/#primaryimage\",\"url\":\"https:\\\/\\\/iep-sa.com.ar\\\/wp-content\\\/uploads\\\/2021\\\/10\\\/fo5-cnx.png\",\"contentUrl\":\"https:\\\/\\\/iep-sa.com.ar\\\/wp-content\\\/uploads\\\/2021\\\/10\\\/fo5-cnx.png\",\"width\":776,\"height\":776},{\"@type\":\"BreadcrumbList\",\"@id\":\"https:\\\/\\\/iep-sa.com.ar\\\/producto\\\/fo5-cnx\\\/#breadcrumb\",\"itemListElement\":[{\"@type\":\"ListItem\",\"position\":1,\"name\":\"Portada\",\"item\":\"https:\\\/\\\/iep-sa.com.ar\\\/\"},{\"@type\":\"ListItem\",\"position\":2,\"name\":\"Productos\",\"item\":\"https:\\\/\\\/iep-sa.com.ar\\\/productos\\\/\"},{\"@type\":\"ListItem\",\"position\":3,\"name\":\"Fo5 Cnx\"}]},{\"@type\":\"WebSite\",\"@id\":\"https:\\\/\\\/iep-sa.com.ar\\\/#website\",\"url\":\"https:\\\/\\\/iep-sa.com.ar\\\/\",\"name\":\"IEP - Iluminaci\u00f3n Eficiente Profesional\",\"description\":\"Iluminaci\u00f3n Vial - Profesional - Decorativa - Estacionamientos - Gasolineras - Deportiva - P\u00fablica - Privada\",\"publisher\":{\"@id\":\"https:\\\/\\\/iep-sa.com.ar\\\/#organization\"},\"potentialAction\":[{\"@type\":\"SearchAction\",\"target\":{\"@type\":\"EntryPoint\",\"urlTemplate\":\"https:\\\/\\\/iep-sa.com.ar\\\/?s={search_term_string}\"},\"query-input\":{\"@type\":\"PropertyValueSpecification\",\"valueRequired\":true,\"valueName\":\"search_term_string\"}}],\"inLanguage\":\"es\"},{\"@type\":\"Organization\",\"@id\":\"https:\\\/\\\/iep-sa.com.ar\\\/#organization\",\"name\":\"IEP - Iluminaci\u00f3n Eficiente Profesional\",\"url\":\"https:\\\/\\\/iep-sa.com.ar\\\/\",\"logo\":{\"@type\":\"ImageObject\",\"inLanguage\":\"es\",\"@id\":\"https:\\\/\\\/iep-sa.com.ar\\\/#\\\/schema\\\/logo\\\/image\\\/\",\"url\":\"https:\\\/\\\/iep-sa.com.ar\\\/wp-content\\\/uploads\\\/2022\\\/11\\\/cropped-favicon.jpg\",\"contentUrl\":\"https:\\\/\\\/iep-sa.com.ar\\\/wp-content\\\/uploads\\\/2022\\\/11\\\/cropped-favicon.jpg\",\"width\":512,\"height\":512,\"caption\":\"IEP - Iluminaci\u00f3n Eficiente Profesional\"},\"image\":{\"@id\":\"https:\\\/\\\/iep-sa.com.ar\\\/#\\\/schema\\\/logo\\\/image\\\/\"}}]}<\/script>\n<!-- \/ Yoast SEO plugin. -->","yoast_head_json":{"title":"Fo5 Cnx - IEP - Iluminaci\u00f3n Eficiente Profesional","robots":{"index":"index","follow":"follow","max-snippet":"max-snippet:-1","max-image-preview":"max-image-preview:large","max-video-preview":"max-video-preview:-1"},"canonical":"https:\/\/iep-sa.com.ar\/producto\/fo5-cnx\/","og_locale":"es_ES","og_type":"article","og_title":"Fo5 Cnx - IEP - Iluminaci\u00f3n Eficiente Profesional","og_description":"Luminaria FO5 se caracteriza por su dise\u00f1o urbano decorativo con iluminaci\u00f3n general difusa. Su fijaci\u00f3n post-top desde \u00d860 mm en funci\u00f3n del adaptador. Es una luminaria de clase I, materializado en fundici\u00f3n de aluminio, que cuenta con cuatro brazos de soporte para el grupo \u00f3ptico de LED con tapa c\u00f3ncava de repusaje, y difusor de policarbonato transparente. El driver se aloja dentro del recinto \u00f3ptico, el cual se encuentra unido a la estructura mediante cuatro ganchos de cierre a presi\u00f3n. El modelo CNX se presenta como la \u00faltima versi\u00f3n de FO5 avanzando en l\u00edneas m\u00e1s sutiles y menor resistencia al viento, manteniendo la tecnolog\u00eda LED que garantiza mayor flujo luminoso requerido con menor consumo.","og_url":"https:\/\/iep-sa.com.ar\/producto\/fo5-cnx\/","og_site_name":"IEP - Iluminaci\u00f3n Eficiente Profesional","article_modified_time":"2024-09-09T13:49:39+00:00","og_image":[{"width":776,"height":776,"url":"https:\/\/lightyellow-boar-299687.hostingersite.com\/wp-content\/uploads\/2021\/10\/fo5-cnx.png","type":"image\/png"}],"twitter_card":"summary_large_image","twitter_misc":{"Tiempo de lectura":"2 minutos"},"schema":{"@context":"https:\/\/schema.org","@graph":[{"@type":"WebPage","@id":"https:\/\/iep-sa.com.ar\/producto\/fo5-cnx\/","url":"https:\/\/iep-sa.com.ar\/producto\/fo5-cnx\/","name":"Fo5 Cnx - IEP - Iluminaci\u00f3n Eficiente Profesional","isPartOf":{"@id":"https:\/\/iep-sa.com.ar\/#website"},"primaryImageOfPage":{"@id":"https:\/\/iep-sa.com.ar\/producto\/fo5-cnx\/#primaryimage"},"image":{"@id":"https:\/\/iep-sa.com.ar\/producto\/fo5-cnx\/#primaryimage"},"thumbnailUrl":"https:\/\/iep-sa.com.ar\/wp-content\/uploads\/2021\/10\/fo5-cnx.png","datePublished":"2021-10-20T12:16:18+00:00","dateModified":"2024-09-09T13:49:39+00:00","breadcrumb":{"@id":"https:\/\/iep-sa.com.ar\/producto\/fo5-cnx\/#breadcrumb"},"inLanguage":"es","potentialAction":[{"@type":"ReadAction","target":["https:\/\/iep-sa.com.ar\/producto\/fo5-cnx\/"]}]},{"@type":"ImageObject","inLanguage":"es","@id":"https:\/\/iep-sa.com.ar\/producto\/fo5-cnx\/#primaryimage","url":"https:\/\/iep-sa.com.ar\/wp-content\/uploads\/2021\/10\/fo5-cnx.png","contentUrl":"https:\/\/iep-sa.com.ar\/wp-content\/uploads\/2021\/10\/fo5-cnx.png","width":776,"height":776},{"@type":"BreadcrumbList","@id":"https:\/\/iep-sa.com.ar\/producto\/fo5-cnx\/#breadcrumb","itemListElement":[{"@type":"ListItem","position":1,"name":"Portada","item":"https:\/\/iep-sa.com.ar\/"},{"@type":"ListItem","position":2,"name":"Productos","item":"https:\/\/iep-sa.com.ar\/productos\/"},{"@type":"ListItem","position":3,"name":"Fo5 Cnx"}]},{"@type":"WebSite","@id":"https:\/\/iep-sa.com.ar\/#website","url":"https:\/\/iep-sa.com.ar\/","name":"IEP - Iluminaci\u00f3n Eficiente Profesional","description":"Iluminaci\u00f3n Vial - Profesional - Decorativa - Estacionamientos - Gasolineras - Deportiva - P\u00fablica - Privada","publisher":{"@id":"https:\/\/iep-sa.com.ar\/#organization"},"potentialAction":[{"@type":"SearchAction","target":{"@type":"EntryPoint","urlTemplate":"https:\/\/iep-sa.com.ar\/?s={search_term_string}"},"query-input":{"@type":"PropertyValueSpecification","valueRequired":true,"valueName":"search_term_string"}}],"inLanguage":"es"},{"@type":"Organization","@id":"https:\/\/iep-sa.com.ar\/#organization","name":"IEP - Iluminaci\u00f3n Eficiente Profesional","url":"https:\/\/iep-sa.com.ar\/","logo":{"@type":"ImageObject","inLanguage":"es","@id":"https:\/\/iep-sa.com.ar\/#\/schema\/logo\/image\/","url":"https:\/\/iep-sa.com.ar\/wp-content\/uploads\/2022\/11\/cropped-favicon.jpg","contentUrl":"https:\/\/iep-sa.com.ar\/wp-content\/uploads\/2022\/11\/cropped-favicon.jpg","width":512,"height":512,"caption":"IEP - Iluminaci\u00f3n Eficiente Profesional"},"image":{"@id":"https:\/\/iep-sa.com.ar\/#\/schema\/logo\/image\/"}}]}},"_links":{"self":[{"href":"https:\/\/iep-sa.com.ar\/nuevo\/wp-json\/wp\/v2\/product\/3804","targetHints":{"allow":["GET"]}}],"collection":[{"href":"https:\/\/iep-sa.com.ar\/nuevo\/wp-json\/wp\/v2\/product"}],"about":[{"href":"https:\/\/iep-sa.com.ar\/nuevo\/wp-json\/wp\/v2\/types\/product"}],"wp:featuredmedia":[{"embeddable":true,"href":"https:\/\/iep-sa.com.ar\/nuevo\/wp-json\/wp\/v2\/media\/4646"}],"wp:attachment":[{"href":"https:\/\/iep-sa.com.ar\/nuevo\/wp-json\/wp\/v2\/media?parent=3804"}],"wp:term":[{"taxonomy":"product_brand","embeddable":true,"href":"https:\/\/iep-sa.com.ar\/nuevo\/wp-json\/wp\/v2\/product_brand?post=3804"},{"taxonomy":"product_cat","embeddable":true,"href":"https:\/\/iep-sa.com.ar\/nuevo\/wp-json\/wp\/v2\/product_cat?post=3804"},{"taxonomy":"product_tag","embeddable":true,"href":"https:\/\/iep-sa.com.ar\/nuevo\/wp-json\/wp\/v2\/product_tag?post=3804"}],"curies":[{"name":"wp","href":"https:\/\/api.w.org\/{rel}","templated":true}]}}