{"id":3720,"date":"2021-10-19T13:19:51","date_gmt":"2021-10-19T13:19:51","guid":{"rendered":"https:\/\/iep-sa.com.ar\/nuevo\/?post_type=product&#038;p=3720"},"modified":"2026-04-27T13:51:15","modified_gmt":"2026-04-27T13:51:15","slug":"kuma-ii-led","status":"publish","type":"product","link":"https:\/\/iep-sa.com.ar\/nuevo\/producto\/kuma-ii-led\/","title":{"rendered":"KUMA II"},"content":{"rendered":"<h4 style=\"text-align: left;\"><strong>CARACTERISTICAS <\/strong><\/h4>\n<h4><img fetchpriority=\"high\" decoding=\"async\" class=\"size-large wp-image-4694 alignleft\" src=\"https:\/\/iep-sa.com.ar\/wp-content\/uploads\/2021\/10\/kuma-II-1-1024x937.png\" alt=\"\" width=\"640\" height=\"586\" srcset=\"https:\/\/iep-sa.com.ar\/wp-content\/uploads\/2021\/10\/kuma-II-1-1024x937.png 1024w, https:\/\/iep-sa.com.ar\/wp-content\/uploads\/2021\/10\/kuma-II-1-300x274.png 300w, https:\/\/iep-sa.com.ar\/wp-content\/uploads\/2021\/10\/kuma-II-1-768x702.png 768w, https:\/\/iep-sa.com.ar\/wp-content\/uploads\/2021\/10\/kuma-II-1-600x549.png 600w, https:\/\/iep-sa.com.ar\/wp-content\/uploads\/2021\/10\/kuma-II-1.png 1452w\" sizes=\"(max-width: 640px) 100vw, 640px\" \/><\/h4>\n<p>&nbsp;<\/p>\n<p>&nbsp;<\/p>\n<p>&nbsp;<\/p>\n<h4><\/h4>\n<h4><a href=\"https:\/\/iep-sa.com.ar\/wp-content\/uploads\/2021\/10\/kuma-3.png\"><img decoding=\"async\" class=\"size-large wp-image-4696 alignleft\" src=\"https:\/\/iep-sa.com.ar\/wp-content\/uploads\/2021\/10\/kuma-3-1024x205.png\" alt=\"\" width=\"640\" height=\"128\" srcset=\"https:\/\/iep-sa.com.ar\/wp-content\/uploads\/2021\/10\/kuma-3-1024x205.png 1024w, https:\/\/iep-sa.com.ar\/wp-content\/uploads\/2021\/10\/kuma-3-300x60.png 300w, https:\/\/iep-sa.com.ar\/wp-content\/uploads\/2021\/10\/kuma-3-768x154.png 768w, https:\/\/iep-sa.com.ar\/wp-content\/uploads\/2021\/10\/kuma-3-600x120.png 600w, https:\/\/iep-sa.com.ar\/wp-content\/uploads\/2021\/10\/kuma-3.png 1268w\" sizes=\"(max-width: 640px) 100vw, 640px\" \/><\/a><\/h4>\n<h4><\/h4>\n<h4><\/h4>\n<h4><\/h4>\n<h4><\/h4>\n<h4><\/h4>\n<h4><\/h4>\n<h4><\/h4>\n<h4><\/h4>\n<h4><\/h4>\n<h4><\/h4>\n<h4><\/h4>\n<h4><\/h4>\n<h4><\/h4>\n<p>&nbsp;<\/p>\n<p>&nbsp;<\/p>\n<p>&nbsp;<\/p>\n<p>&nbsp;<\/p>\n<p>&nbsp;<\/p>\n<p>&nbsp;<\/p>\n<p>&nbsp;<\/p>\n<p>&nbsp;<\/p>\n<p>&nbsp;<\/p>\n<p>&nbsp;<\/p>\n<p>&nbsp;<\/p>\n<p>&nbsp;<\/p>\n<p>&nbsp;<\/p>\n<h4 style=\"text-align: left;\"><strong>MEDIDAS<\/strong><\/h4>\n<p><a href=\"https:\/\/iep-sa.com.ar\/wp-content\/uploads\/2021\/10\/kuma-II-2.png\"><img decoding=\"async\" class=\"size-large wp-image-4695 alignleft\" src=\"https:\/\/iep-sa.com.ar\/wp-content\/uploads\/2021\/10\/kuma-II-2.png\" alt=\"\" width=\"640\" height=\"431\" srcset=\"https:\/\/iep-sa.com.ar\/wp-content\/uploads\/2021\/10\/kuma-II-2.png 846w, https:\/\/iep-sa.com.ar\/wp-content\/uploads\/2021\/10\/kuma-II-2-300x202.png 300w, https:\/\/iep-sa.com.ar\/wp-content\/uploads\/2021\/10\/kuma-II-2-768x517.png 768w, https:\/\/iep-sa.com.ar\/wp-content\/uploads\/2021\/10\/kuma-II-2-600x404.png 600w\" sizes=\"(max-width: 640px) 100vw, 640px\" \/><\/a><\/p>\n<p>&nbsp;<\/p>\n<p>&nbsp;<\/p>\n<p>&nbsp;<\/p>\n<h3><\/h3>\n<h3><\/h3>\n<h3><\/h3>\n<h3><\/h3>\n<h3><\/h3>\n<h3><\/h3>\n<h3><\/h3>\n<h3><\/h3>\n<p>&nbsp;<\/p>\n<p>&nbsp;<\/p>\n<p>&nbsp;<\/p>\n<p>&nbsp;<\/p>\n<h3><\/h3>\n<h3><\/h3>\n<h3><\/h3>\n<h3><\/h3>\n<h3><\/h3>\n<h3><\/h3>\n<h3><\/h3>\n<h3><\/h3>\n<h3><\/h3>\n<h3><\/h3>\n<h3><\/h3>\n<p>&nbsp;<\/p>\n<p>&nbsp;<\/p>\n<p>&nbsp;<\/p>\n<h3 style=\"text-align: left;\"><strong>CURVAS FOTOM\u00c9TRICAS<\/strong><\/h3>\n<p><a href=\"https:\/\/iep-sa.com.ar\/wp-content\/uploads\/2021\/10\/kuma-4.png\"><img loading=\"lazy\" decoding=\"async\" class=\"size-large wp-image-4697 alignleft\" src=\"https:\/\/iep-sa.com.ar\/wp-content\/uploads\/2021\/10\/kuma-4.png\" alt=\"\" width=\"640\" height=\"356\" srcset=\"https:\/\/iep-sa.com.ar\/wp-content\/uploads\/2021\/10\/kuma-4.png 672w, https:\/\/iep-sa.com.ar\/wp-content\/uploads\/2021\/10\/kuma-4-300x167.png 300w, https:\/\/iep-sa.com.ar\/wp-content\/uploads\/2021\/10\/kuma-4-600x334.png 600w\" sizes=\"(max-width: 640px) 100vw, 640px\" \/><\/a><\/p>\n<p>&nbsp;<\/p>\n<p>&nbsp;<\/p>\n<p>&nbsp;<\/p>\n<p>&nbsp;<\/p>\n<p>&nbsp;<\/p>\n<p>&nbsp;<\/p>\n<p>&nbsp;<\/p>\n<p>&nbsp;<\/p>\n<p>&nbsp;<\/p>\n<p>&nbsp;<\/p>\n<h3><\/h3>\n<h3><\/h3>\n<h3><\/h3>\n<h3><\/h3>\n<p>&nbsp;<\/p>\n<p>&nbsp;<\/p>\n<p>&nbsp;<\/p>\n<h3><\/h3>\n<h3 style=\"text-align: left;\"><strong>DESCARGAS<\/strong><\/h3>\n<p class=\"wp-block-file\" style=\"text-align: left;\"><a href=\"https:\/\/iep-sa.com.ar\/wp-content\/uploads\/2026\/04\/Kuma-II.pdf\">Ficha T\u00e9cnica Kuma II<\/a><\/p>\n<p style=\"text-align: left;\"><a href=\"https:\/\/iep-sa.com.ar\/wp-content\/uploads\/2021\/10\/KUMA.png\">Kuma cad<\/a><\/p>\n<p style=\"text-align: left;\"><a href=\"https:\/\/iep-sa.com.ar\/wp-content\/uploads\/2021\/10\/Fotometria-kuma-II.zip\">Kuma Fotometria<\/a><\/p>\n","protected":false},"excerpt":{"rendered":"<p style=\"text-align: left;\">Luminaria de dise\u00f1o moderno en diferentes alturas, adecuada para aplicaciones de <strong>alumbrado en parques y espacios p\u00fablico, ideal para embellecer senderos, bicisendas y otros espacios urbanos dise\u00f1ados a la vanguardia del paisajismo<\/strong> Luminaria hecha de hierro en diferentes acabados, acero inoxidable, hierro galVanizado o hierro pintado. Conjunto \u00f3ptico en la parte inferior del difusor, IP65, con leds alta potencia modular y lentes concentradores. Con dos tipos de anclaje de luminaria con columna embutida en piso o con placa base. Cuerpo inferior de la luminaria con puerta de inspecci\u00f3n insertadas al ras con sistema antirobo. Tubo superior en acrilico opal de alta resistencia al impacto.<\/p>\n","protected":false},"featured_media":4698,"template":"","meta":{"_joinchat":[]},"product_brand":[],"product_cat":[125,128,76,135,127,126,124,157,158,59],"product_tag":[],"class_list":{"0":"post-3720","1":"product","2":"type-product","3":"status-publish","4":"has-post-thumbnail","6":"product_cat-bicisendas","7":"product_cat-costaneras","8":"product_cat-estacionamientos","9":"product_cat-exterior","10":"product_cat-paseos","11":"product_cat-peatonales","12":"product_cat-plazas","13":"product_cat-telegestion-y-domotica","14":"product_cat-urbanizacion","15":"product_cat-urbano-decorativo","17":"first","18":"instock","19":"shipping-taxable","20":"product-type-simple","21":"layout-style-1","22":"col-md-4 col-sm-4 col-xs-6","23":"col-lg-3","24":"product-has-gallery","25":"product-style-default"},"yoast_head":"<!-- This site is optimized with the Yoast SEO plugin v27.4 - https:\/\/yoast.com\/product\/yoast-seo-wordpress\/ -->\n<title>KUMA II - IEP - Iluminaci\u00f3n Eficiente Profesional<\/title>\n<meta name=\"robots\" content=\"index, follow, max-snippet:-1, max-image-preview:large, max-video-preview:-1\" \/>\n<link rel=\"canonical\" href=\"https:\/\/iep-sa.com.ar\/producto\/kuma-ii-led\/\" \/>\n<meta property=\"og:locale\" content=\"es_ES\" \/>\n<meta property=\"og:type\" content=\"article\" \/>\n<meta property=\"og:title\" content=\"KUMA II - IEP - Iluminaci\u00f3n Eficiente Profesional\" \/>\n<meta property=\"og:description\" content=\"Luminaria de dise\u00f1o moderno en diferentes alturas, adecuada para aplicaciones de alumbrado en parques y espacios p\u00fablico, ideal para embellecer senderos, bicisendas y otros espacios urbanos dise\u00f1ados a la vanguardia del paisajismo Luminaria hecha de hierro en diferentes acabados, acero inoxidable, hierro galVanizado o hierro pintado. Conjunto \u00f3ptico en la parte inferior del difusor, IP65, con leds alta potencia modular y lentes concentradores. Con dos tipos de anclaje de luminaria con columna embutida en piso o con placa base. Cuerpo inferior de la luminaria con puerta de inspecci\u00f3n insertadas al ras con sistema antirobo. Tubo superior en acrilico opal de alta resistencia al impacto.\" \/>\n<meta property=\"og:url\" content=\"https:\/\/iep-sa.com.ar\/producto\/kuma-ii-led\/\" \/>\n<meta property=\"og:site_name\" content=\"IEP - Iluminaci\u00f3n Eficiente Profesional\" \/>\n<meta property=\"article:modified_time\" content=\"2026-04-27T13:51:15+00:00\" \/>\n<meta property=\"og:image\" content=\"https:\/\/iep-sa.com.ar\/wp-content\/uploads\/2021\/10\/KUMA.png\" \/>\n\t<meta property=\"og:image:width\" content=\"876\" \/>\n\t<meta property=\"og:image:height\" content=\"874\" \/>\n\t<meta property=\"og:image:type\" content=\"image\/png\" \/>\n<meta name=\"twitter:card\" content=\"summary_large_image\" \/>\n<meta name=\"twitter:label1\" content=\"Tiempo de lectura\" \/>\n\t<meta name=\"twitter:data1\" content=\"2 minutos\" \/>\n<script type=\"application\/ld+json\" class=\"yoast-schema-graph\">{\"@context\":\"https:\\\/\\\/schema.org\",\"@graph\":[{\"@type\":\"WebPage\",\"@id\":\"https:\\\/\\\/iep-sa.com.ar\\\/producto\\\/kuma-ii-led\\\/\",\"url\":\"https:\\\/\\\/iep-sa.com.ar\\\/producto\\\/kuma-ii-led\\\/\",\"name\":\"KUMA II - IEP - Iluminaci\u00f3n Eficiente Profesional\",\"isPartOf\":{\"@id\":\"https:\\\/\\\/iep-sa.com.ar\\\/#website\"},\"primaryImageOfPage\":{\"@id\":\"https:\\\/\\\/iep-sa.com.ar\\\/producto\\\/kuma-ii-led\\\/#primaryimage\"},\"image\":{\"@id\":\"https:\\\/\\\/iep-sa.com.ar\\\/producto\\\/kuma-ii-led\\\/#primaryimage\"},\"thumbnailUrl\":\"https:\\\/\\\/iep-sa.com.ar\\\/wp-content\\\/uploads\\\/2021\\\/10\\\/KUMA.png\",\"datePublished\":\"2021-10-19T13:19:51+00:00\",\"dateModified\":\"2026-04-27T13:51:15+00:00\",\"breadcrumb\":{\"@id\":\"https:\\\/\\\/iep-sa.com.ar\\\/producto\\\/kuma-ii-led\\\/#breadcrumb\"},\"inLanguage\":\"es\",\"potentialAction\":[{\"@type\":\"ReadAction\",\"target\":[\"https:\\\/\\\/iep-sa.com.ar\\\/producto\\\/kuma-ii-led\\\/\"]}]},{\"@type\":\"ImageObject\",\"inLanguage\":\"es\",\"@id\":\"https:\\\/\\\/iep-sa.com.ar\\\/producto\\\/kuma-ii-led\\\/#primaryimage\",\"url\":\"https:\\\/\\\/iep-sa.com.ar\\\/wp-content\\\/uploads\\\/2021\\\/10\\\/KUMA.png\",\"contentUrl\":\"https:\\\/\\\/iep-sa.com.ar\\\/wp-content\\\/uploads\\\/2021\\\/10\\\/KUMA.png\",\"width\":876,\"height\":874},{\"@type\":\"BreadcrumbList\",\"@id\":\"https:\\\/\\\/iep-sa.com.ar\\\/producto\\\/kuma-ii-led\\\/#breadcrumb\",\"itemListElement\":[{\"@type\":\"ListItem\",\"position\":1,\"name\":\"Portada\",\"item\":\"https:\\\/\\\/iep-sa.com.ar\\\/\"},{\"@type\":\"ListItem\",\"position\":2,\"name\":\"Productos\",\"item\":\"https:\\\/\\\/iep-sa.com.ar\\\/productos\\\/\"},{\"@type\":\"ListItem\",\"position\":3,\"name\":\"KUMA II\"}]},{\"@type\":\"WebSite\",\"@id\":\"https:\\\/\\\/iep-sa.com.ar\\\/#website\",\"url\":\"https:\\\/\\\/iep-sa.com.ar\\\/\",\"name\":\"IEP - Iluminaci\u00f3n Eficiente Profesional\",\"description\":\"Iluminaci\u00f3n Vial - Profesional - Decorativa - Estacionamientos - Gasolineras - Deportiva - P\u00fablica - Privada\",\"publisher\":{\"@id\":\"https:\\\/\\\/iep-sa.com.ar\\\/#organization\"},\"potentialAction\":[{\"@type\":\"SearchAction\",\"target\":{\"@type\":\"EntryPoint\",\"urlTemplate\":\"https:\\\/\\\/iep-sa.com.ar\\\/?s={search_term_string}\"},\"query-input\":{\"@type\":\"PropertyValueSpecification\",\"valueRequired\":true,\"valueName\":\"search_term_string\"}}],\"inLanguage\":\"es\"},{\"@type\":\"Organization\",\"@id\":\"https:\\\/\\\/iep-sa.com.ar\\\/#organization\",\"name\":\"IEP - Iluminaci\u00f3n Eficiente Profesional\",\"url\":\"https:\\\/\\\/iep-sa.com.ar\\\/\",\"logo\":{\"@type\":\"ImageObject\",\"inLanguage\":\"es\",\"@id\":\"https:\\\/\\\/iep-sa.com.ar\\\/#\\\/schema\\\/logo\\\/image\\\/\",\"url\":\"https:\\\/\\\/iep-sa.com.ar\\\/wp-content\\\/uploads\\\/2022\\\/11\\\/cropped-favicon.jpg\",\"contentUrl\":\"https:\\\/\\\/iep-sa.com.ar\\\/wp-content\\\/uploads\\\/2022\\\/11\\\/cropped-favicon.jpg\",\"width\":512,\"height\":512,\"caption\":\"IEP - Iluminaci\u00f3n Eficiente Profesional\"},\"image\":{\"@id\":\"https:\\\/\\\/iep-sa.com.ar\\\/#\\\/schema\\\/logo\\\/image\\\/\"}}]}<\/script>\n<!-- \/ Yoast SEO plugin. -->","yoast_head_json":{"title":"KUMA II - IEP - Iluminaci\u00f3n Eficiente Profesional","robots":{"index":"index","follow":"follow","max-snippet":"max-snippet:-1","max-image-preview":"max-image-preview:large","max-video-preview":"max-video-preview:-1"},"canonical":"https:\/\/iep-sa.com.ar\/producto\/kuma-ii-led\/","og_locale":"es_ES","og_type":"article","og_title":"KUMA II - IEP - Iluminaci\u00f3n Eficiente Profesional","og_description":"Luminaria de dise\u00f1o moderno en diferentes alturas, adecuada para aplicaciones de alumbrado en parques y espacios p\u00fablico, ideal para embellecer senderos, bicisendas y otros espacios urbanos dise\u00f1ados a la vanguardia del paisajismo Luminaria hecha de hierro en diferentes acabados, acero inoxidable, hierro galVanizado o hierro pintado. Conjunto \u00f3ptico en la parte inferior del difusor, IP65, con leds alta potencia modular y lentes concentradores. Con dos tipos de anclaje de luminaria con columna embutida en piso o con placa base. Cuerpo inferior de la luminaria con puerta de inspecci\u00f3n insertadas al ras con sistema antirobo. Tubo superior en acrilico opal de alta resistencia al impacto.","og_url":"https:\/\/iep-sa.com.ar\/producto\/kuma-ii-led\/","og_site_name":"IEP - Iluminaci\u00f3n Eficiente Profesional","article_modified_time":"2026-04-27T13:51:15+00:00","og_image":[{"width":876,"height":874,"url":"https:\/\/iep-sa.com.ar\/wp-content\/uploads\/2021\/10\/KUMA.png","type":"image\/png"}],"twitter_card":"summary_large_image","twitter_misc":{"Tiempo de lectura":"2 minutos"},"schema":{"@context":"https:\/\/schema.org","@graph":[{"@type":"WebPage","@id":"https:\/\/iep-sa.com.ar\/producto\/kuma-ii-led\/","url":"https:\/\/iep-sa.com.ar\/producto\/kuma-ii-led\/","name":"KUMA II - IEP - Iluminaci\u00f3n Eficiente Profesional","isPartOf":{"@id":"https:\/\/iep-sa.com.ar\/#website"},"primaryImageOfPage":{"@id":"https:\/\/iep-sa.com.ar\/producto\/kuma-ii-led\/#primaryimage"},"image":{"@id":"https:\/\/iep-sa.com.ar\/producto\/kuma-ii-led\/#primaryimage"},"thumbnailUrl":"https:\/\/iep-sa.com.ar\/wp-content\/uploads\/2021\/10\/KUMA.png","datePublished":"2021-10-19T13:19:51+00:00","dateModified":"2026-04-27T13:51:15+00:00","breadcrumb":{"@id":"https:\/\/iep-sa.com.ar\/producto\/kuma-ii-led\/#breadcrumb"},"inLanguage":"es","potentialAction":[{"@type":"ReadAction","target":["https:\/\/iep-sa.com.ar\/producto\/kuma-ii-led\/"]}]},{"@type":"ImageObject","inLanguage":"es","@id":"https:\/\/iep-sa.com.ar\/producto\/kuma-ii-led\/#primaryimage","url":"https:\/\/iep-sa.com.ar\/wp-content\/uploads\/2021\/10\/KUMA.png","contentUrl":"https:\/\/iep-sa.com.ar\/wp-content\/uploads\/2021\/10\/KUMA.png","width":876,"height":874},{"@type":"BreadcrumbList","@id":"https:\/\/iep-sa.com.ar\/producto\/kuma-ii-led\/#breadcrumb","itemListElement":[{"@type":"ListItem","position":1,"name":"Portada","item":"https:\/\/iep-sa.com.ar\/"},{"@type":"ListItem","position":2,"name":"Productos","item":"https:\/\/iep-sa.com.ar\/productos\/"},{"@type":"ListItem","position":3,"name":"KUMA II"}]},{"@type":"WebSite","@id":"https:\/\/iep-sa.com.ar\/#website","url":"https:\/\/iep-sa.com.ar\/","name":"IEP - Iluminaci\u00f3n Eficiente Profesional","description":"Iluminaci\u00f3n Vial - Profesional - Decorativa - Estacionamientos - Gasolineras - Deportiva - P\u00fablica - Privada","publisher":{"@id":"https:\/\/iep-sa.com.ar\/#organization"},"potentialAction":[{"@type":"SearchAction","target":{"@type":"EntryPoint","urlTemplate":"https:\/\/iep-sa.com.ar\/?s={search_term_string}"},"query-input":{"@type":"PropertyValueSpecification","valueRequired":true,"valueName":"search_term_string"}}],"inLanguage":"es"},{"@type":"Organization","@id":"https:\/\/iep-sa.com.ar\/#organization","name":"IEP - Iluminaci\u00f3n Eficiente Profesional","url":"https:\/\/iep-sa.com.ar\/","logo":{"@type":"ImageObject","inLanguage":"es","@id":"https:\/\/iep-sa.com.ar\/#\/schema\/logo\/image\/","url":"https:\/\/iep-sa.com.ar\/wp-content\/uploads\/2022\/11\/cropped-favicon.jpg","contentUrl":"https:\/\/iep-sa.com.ar\/wp-content\/uploads\/2022\/11\/cropped-favicon.jpg","width":512,"height":512,"caption":"IEP - Iluminaci\u00f3n Eficiente Profesional"},"image":{"@id":"https:\/\/iep-sa.com.ar\/#\/schema\/logo\/image\/"}}]}},"_links":{"self":[{"href":"https:\/\/iep-sa.com.ar\/nuevo\/wp-json\/wp\/v2\/product\/3720","targetHints":{"allow":["GET"]}}],"collection":[{"href":"https:\/\/iep-sa.com.ar\/nuevo\/wp-json\/wp\/v2\/product"}],"about":[{"href":"https:\/\/iep-sa.com.ar\/nuevo\/wp-json\/wp\/v2\/types\/product"}],"wp:featuredmedia":[{"embeddable":true,"href":"https:\/\/iep-sa.com.ar\/nuevo\/wp-json\/wp\/v2\/media\/4698"}],"wp:attachment":[{"href":"https:\/\/iep-sa.com.ar\/nuevo\/wp-json\/wp\/v2\/media?parent=3720"}],"wp:term":[{"taxonomy":"product_brand","embeddable":true,"href":"https:\/\/iep-sa.com.ar\/nuevo\/wp-json\/wp\/v2\/product_brand?post=3720"},{"taxonomy":"product_cat","embeddable":true,"href":"https:\/\/iep-sa.com.ar\/nuevo\/wp-json\/wp\/v2\/product_cat?post=3720"},{"taxonomy":"product_tag","embeddable":true,"href":"https:\/\/iep-sa.com.ar\/nuevo\/wp-json\/wp\/v2\/product_tag?post=3720"}],"curies":[{"name":"wp","href":"https:\/\/api.w.org\/{rel}","templated":true}]}}