{"id":3707,"date":"2021-10-19T12:51:14","date_gmt":"2021-10-19T12:51:14","guid":{"rendered":"https:\/\/iep-sa.com.ar\/nuevo\/?post_type=product&#038;p=3707"},"modified":"2023-10-31T17:12:30","modified_gmt":"2023-10-31T17:12:30","slug":"bora-mini","status":"publish","type":"product","link":"https:\/\/iep-sa.com.ar\/nuevo\/producto\/bora-mini\/","title":{"rendered":"BORA MINI"},"content":{"rendered":"<h4 style=\"text-align: left;\"><strong>CARACTERISTICAS<\/strong><\/h4>\n<p>&nbsp;<\/p>\n<h4><a href=\"https:\/\/iep-sa.com.ar\/wp-content\/uploads\/2021\/10\/BORA-1.png\"><img fetchpriority=\"high\" decoding=\"async\" class=\"size-large wp-image-4663 alignleft\" src=\"https:\/\/iep-sa.com.ar\/wp-content\/uploads\/2021\/10\/BORA-1-1024x227.png\" alt=\"\" width=\"640\" height=\"142\" srcset=\"https:\/\/iep-sa.com.ar\/wp-content\/uploads\/2021\/10\/BORA-1-1024x227.png 1024w, https:\/\/iep-sa.com.ar\/wp-content\/uploads\/2021\/10\/BORA-1-300x66.png 300w, https:\/\/iep-sa.com.ar\/wp-content\/uploads\/2021\/10\/BORA-1-768x170.png 768w, https:\/\/iep-sa.com.ar\/wp-content\/uploads\/2021\/10\/BORA-1-600x133.png 600w, https:\/\/iep-sa.com.ar\/wp-content\/uploads\/2021\/10\/BORA-1.png 1446w\" sizes=\"(max-width: 640px) 100vw, 640px\" \/><\/a><\/h4>\n<h4><\/h4>\n<h4><\/h4>\n<h4><\/h4>\n<h4><\/h4>\n<p>&nbsp;<\/p>\n<p>&nbsp;<\/p>\n<p>&nbsp;<\/p>\n<p>&nbsp;<\/p>\n<p>&nbsp;<\/p>\n<h4><\/h4>\n<h4 style=\"text-align: left;\"><strong>MEDIDAS<\/strong><\/h4>\n<p>&nbsp;<\/p>\n<p><a href=\"https:\/\/iep-sa.com.ar\/wp-content\/uploads\/2021\/10\/bora-mini-I-medidas-292x300-1.jpg\"><img decoding=\"async\" class=\" wp-image-3709 alignleft\" src=\"https:\/\/iep-sa.com.ar\/wp-content\/uploads\/2021\/10\/bora-mini-I-medidas-292x300-1.jpg\" alt=\"\" width=\"225\" height=\"231\" \/><\/a><\/p>\n<p>&nbsp;<\/p>\n<p>&nbsp;<\/p>\n<p>&nbsp;<\/p>\n<p>&nbsp;<\/p>\n<p>&nbsp;<\/p>\n<p>&nbsp;<\/p>\n<p>&nbsp;<\/p>\n<p>&nbsp;<\/p>\n<p>&nbsp;<\/p>\n<p>&nbsp;<\/p>\n<h4 style=\"text-align: left;\"><strong>DESCARGAS<\/strong><\/h4>\n<p style=\"text-align: left;\"><a href=\"https:\/\/iep-sa.com.ar\/wp-content\/uploads\/2021\/09\/BORA-2.pdf\" target=\"_blank\" rel=\"noopener\">BORA MINI &#8211; Ficha T\u00e9cnica<\/a><\/p>\n<p style=\"text-align: left;\"><a href=\"https:\/\/iep-sa.com.ar\/wp-content\/uploads\/2021\/10\/BORA-MINI-CAD.dwg_.zip\">BORA MINI &#8211; CAD<\/a><\/p>\n<p style=\"text-align: left;\"><a href=\"https:\/\/iep-sa.com.ar\/wp-content\/uploads\/2021\/09\/fotometrias-Bora.zip\">BORA &#8211; Fotometrias<\/a><\/p>\n<p style=\"text-align: left;\"><a href=\"https:\/\/iep-sa.com.ar\/wp-content\/uploads\/2021\/09\/INSTRUCTIVO-MONTAJE-BORA-MINI.pdf\">BORA MINI- Hoja de montaje<\/a><\/p>\n","protected":false},"excerpt":{"rendered":"<p style=\"text-align: left;\">Luminaria cl\u00e1sica Bora, de cuerpo de aluminio repulsado y sistema de fijaci\u00f3n de fundici\u00f3n de aluminio. Fijaci\u00f3n suspendida \u00be\u201d G. Cubierta c\u00f3nica. Sistema de refrigeraci\u00f3n interno mediante aletas. Acceso al equipo y mantenimiento por la parte inferior con apertura por tornillos de acero inoxidable. Difusor de metacrilato transparente de alta resistencia al impacto (ARI) curvado o metacrilato trasparente de alta resistencia al impacto (ARI) lenticular para facilitar su limpieza y evitar la radiaci\u00f3n UV en las \u00f3pticas. \u00cdndice de protecci\u00f3n IP66 para el grupo \u00f3ptico LED, e \u00edndice de resistencia al impacto IK08. Posibilidad de montaje de diferentes \u00f3pticas.<\/p>\n","protected":false},"featured_media":3708,"template":"","meta":{"_joinchat":[]},"product_brand":[],"product_cat":[125,128,76,135,127,126,124,157,158,59],"product_tag":[],"class_list":{"0":"post-3707","1":"product","2":"type-product","3":"status-publish","4":"has-post-thumbnail","6":"product_cat-bicisendas","7":"product_cat-costaneras","8":"product_cat-estacionamientos","9":"product_cat-exterior","10":"product_cat-paseos","11":"product_cat-peatonales","12":"product_cat-plazas","13":"product_cat-telegestion-y-domotica","14":"product_cat-urbanizacion","15":"product_cat-urbano-decorativo","17":"first","18":"instock","19":"shipping-taxable","20":"product-type-simple","21":"layout-style-1","22":"col-md-4 col-sm-4 col-xs-6","23":"col-lg-3","24":"product-has-gallery","25":"product-style-default"},"yoast_head":"<!-- This site is optimized with the Yoast SEO plugin v27.4 - https:\/\/yoast.com\/product\/yoast-seo-wordpress\/ -->\n<title>BORA MINI - IEP - Iluminaci\u00f3n Eficiente Profesional<\/title>\n<meta name=\"robots\" content=\"index, follow, max-snippet:-1, max-image-preview:large, max-video-preview:-1\" \/>\n<link rel=\"canonical\" href=\"https:\/\/iep-sa.com.ar\/producto\/bora-mini\/\" \/>\n<meta property=\"og:locale\" content=\"es_ES\" \/>\n<meta property=\"og:type\" content=\"article\" \/>\n<meta property=\"og:title\" content=\"BORA MINI - IEP - Iluminaci\u00f3n Eficiente Profesional\" \/>\n<meta property=\"og:description\" content=\"Luminaria cl\u00e1sica Bora, de cuerpo de aluminio repulsado y sistema de fijaci\u00f3n de fundici\u00f3n de aluminio. Fijaci\u00f3n suspendida \u00be\u201d G. Cubierta c\u00f3nica. Sistema de refrigeraci\u00f3n interno mediante aletas. Acceso al equipo y mantenimiento por la parte inferior con apertura por tornillos de acero inoxidable. Difusor de metacrilato transparente de alta resistencia al impacto (ARI) curvado o metacrilato trasparente de alta resistencia al impacto (ARI) lenticular para facilitar su limpieza y evitar la radiaci\u00f3n UV en las \u00f3pticas. \u00cdndice de protecci\u00f3n IP66 para el grupo \u00f3ptico LED, e \u00edndice de resistencia al impacto IK08. Posibilidad de montaje de diferentes \u00f3pticas.\" \/>\n<meta property=\"og:url\" content=\"https:\/\/iep-sa.com.ar\/producto\/bora-mini\/\" \/>\n<meta property=\"og:site_name\" content=\"IEP - Iluminaci\u00f3n Eficiente Profesional\" \/>\n<meta property=\"article:modified_time\" content=\"2023-10-31T17:12:30+00:00\" \/>\n<meta property=\"og:image\" content=\"https:\/\/lightyellow-boar-299687.hostingersite.com\/wp-content\/uploads\/2021\/10\/bora-mini-I-destacada.jpg\" \/>\n\t<meta property=\"og:image:width\" content=\"250\" \/>\n\t<meta property=\"og:image:height\" content=\"250\" \/>\n\t<meta property=\"og:image:type\" content=\"image\/jpeg\" \/>\n<meta name=\"twitter:card\" content=\"summary_large_image\" \/>\n<meta name=\"twitter:label1\" content=\"Tiempo de lectura\" \/>\n\t<meta name=\"twitter:data1\" content=\"1 minuto\" \/>\n<script type=\"application\/ld+json\" class=\"yoast-schema-graph\">{\"@context\":\"https:\\\/\\\/schema.org\",\"@graph\":[{\"@type\":\"WebPage\",\"@id\":\"https:\\\/\\\/iep-sa.com.ar\\\/producto\\\/bora-mini\\\/\",\"url\":\"https:\\\/\\\/iep-sa.com.ar\\\/producto\\\/bora-mini\\\/\",\"name\":\"BORA MINI - IEP - Iluminaci\u00f3n Eficiente Profesional\",\"isPartOf\":{\"@id\":\"https:\\\/\\\/iep-sa.com.ar\\\/#website\"},\"primaryImageOfPage\":{\"@id\":\"https:\\\/\\\/iep-sa.com.ar\\\/producto\\\/bora-mini\\\/#primaryimage\"},\"image\":{\"@id\":\"https:\\\/\\\/iep-sa.com.ar\\\/producto\\\/bora-mini\\\/#primaryimage\"},\"thumbnailUrl\":\"https:\\\/\\\/iep-sa.com.ar\\\/wp-content\\\/uploads\\\/2021\\\/10\\\/bora-mini-I-destacada.jpg\",\"datePublished\":\"2021-10-19T12:51:14+00:00\",\"dateModified\":\"2023-10-31T17:12:30+00:00\",\"breadcrumb\":{\"@id\":\"https:\\\/\\\/iep-sa.com.ar\\\/producto\\\/bora-mini\\\/#breadcrumb\"},\"inLanguage\":\"es\",\"potentialAction\":[{\"@type\":\"ReadAction\",\"target\":[\"https:\\\/\\\/iep-sa.com.ar\\\/producto\\\/bora-mini\\\/\"]}]},{\"@type\":\"ImageObject\",\"inLanguage\":\"es\",\"@id\":\"https:\\\/\\\/iep-sa.com.ar\\\/producto\\\/bora-mini\\\/#primaryimage\",\"url\":\"https:\\\/\\\/iep-sa.com.ar\\\/wp-content\\\/uploads\\\/2021\\\/10\\\/bora-mini-I-destacada.jpg\",\"contentUrl\":\"https:\\\/\\\/iep-sa.com.ar\\\/wp-content\\\/uploads\\\/2021\\\/10\\\/bora-mini-I-destacada.jpg\",\"width\":250,\"height\":250},{\"@type\":\"BreadcrumbList\",\"@id\":\"https:\\\/\\\/iep-sa.com.ar\\\/producto\\\/bora-mini\\\/#breadcrumb\",\"itemListElement\":[{\"@type\":\"ListItem\",\"position\":1,\"name\":\"Portada\",\"item\":\"https:\\\/\\\/iep-sa.com.ar\\\/\"},{\"@type\":\"ListItem\",\"position\":2,\"name\":\"Productos\",\"item\":\"https:\\\/\\\/iep-sa.com.ar\\\/productos\\\/\"},{\"@type\":\"ListItem\",\"position\":3,\"name\":\"BORA MINI\"}]},{\"@type\":\"WebSite\",\"@id\":\"https:\\\/\\\/iep-sa.com.ar\\\/#website\",\"url\":\"https:\\\/\\\/iep-sa.com.ar\\\/\",\"name\":\"IEP - Iluminaci\u00f3n Eficiente Profesional\",\"description\":\"Iluminaci\u00f3n Vial - Profesional - Decorativa - Estacionamientos - Gasolineras - Deportiva - P\u00fablica - Privada\",\"publisher\":{\"@id\":\"https:\\\/\\\/iep-sa.com.ar\\\/#organization\"},\"potentialAction\":[{\"@type\":\"SearchAction\",\"target\":{\"@type\":\"EntryPoint\",\"urlTemplate\":\"https:\\\/\\\/iep-sa.com.ar\\\/?s={search_term_string}\"},\"query-input\":{\"@type\":\"PropertyValueSpecification\",\"valueRequired\":true,\"valueName\":\"search_term_string\"}}],\"inLanguage\":\"es\"},{\"@type\":\"Organization\",\"@id\":\"https:\\\/\\\/iep-sa.com.ar\\\/#organization\",\"name\":\"IEP - Iluminaci\u00f3n Eficiente Profesional\",\"url\":\"https:\\\/\\\/iep-sa.com.ar\\\/\",\"logo\":{\"@type\":\"ImageObject\",\"inLanguage\":\"es\",\"@id\":\"https:\\\/\\\/iep-sa.com.ar\\\/#\\\/schema\\\/logo\\\/image\\\/\",\"url\":\"https:\\\/\\\/iep-sa.com.ar\\\/wp-content\\\/uploads\\\/2022\\\/11\\\/cropped-favicon.jpg\",\"contentUrl\":\"https:\\\/\\\/iep-sa.com.ar\\\/wp-content\\\/uploads\\\/2022\\\/11\\\/cropped-favicon.jpg\",\"width\":512,\"height\":512,\"caption\":\"IEP - Iluminaci\u00f3n Eficiente Profesional\"},\"image\":{\"@id\":\"https:\\\/\\\/iep-sa.com.ar\\\/#\\\/schema\\\/logo\\\/image\\\/\"}}]}<\/script>\n<!-- \/ Yoast SEO plugin. -->","yoast_head_json":{"title":"BORA MINI - IEP - Iluminaci\u00f3n Eficiente Profesional","robots":{"index":"index","follow":"follow","max-snippet":"max-snippet:-1","max-image-preview":"max-image-preview:large","max-video-preview":"max-video-preview:-1"},"canonical":"https:\/\/iep-sa.com.ar\/producto\/bora-mini\/","og_locale":"es_ES","og_type":"article","og_title":"BORA MINI - IEP - Iluminaci\u00f3n Eficiente Profesional","og_description":"Luminaria cl\u00e1sica Bora, de cuerpo de aluminio repulsado y sistema de fijaci\u00f3n de fundici\u00f3n de aluminio. Fijaci\u00f3n suspendida \u00be\u201d G. Cubierta c\u00f3nica. Sistema de refrigeraci\u00f3n interno mediante aletas. Acceso al equipo y mantenimiento por la parte inferior con apertura por tornillos de acero inoxidable. Difusor de metacrilato transparente de alta resistencia al impacto (ARI) curvado o metacrilato trasparente de alta resistencia al impacto (ARI) lenticular para facilitar su limpieza y evitar la radiaci\u00f3n UV en las \u00f3pticas. \u00cdndice de protecci\u00f3n IP66 para el grupo \u00f3ptico LED, e \u00edndice de resistencia al impacto IK08. Posibilidad de montaje de diferentes \u00f3pticas.","og_url":"https:\/\/iep-sa.com.ar\/producto\/bora-mini\/","og_site_name":"IEP - Iluminaci\u00f3n Eficiente Profesional","article_modified_time":"2023-10-31T17:12:30+00:00","og_image":[{"width":250,"height":250,"url":"https:\/\/lightyellow-boar-299687.hostingersite.com\/wp-content\/uploads\/2021\/10\/bora-mini-I-destacada.jpg","type":"image\/jpeg"}],"twitter_card":"summary_large_image","twitter_misc":{"Tiempo de lectura":"1 minuto"},"schema":{"@context":"https:\/\/schema.org","@graph":[{"@type":"WebPage","@id":"https:\/\/iep-sa.com.ar\/producto\/bora-mini\/","url":"https:\/\/iep-sa.com.ar\/producto\/bora-mini\/","name":"BORA MINI - IEP - Iluminaci\u00f3n Eficiente Profesional","isPartOf":{"@id":"https:\/\/iep-sa.com.ar\/#website"},"primaryImageOfPage":{"@id":"https:\/\/iep-sa.com.ar\/producto\/bora-mini\/#primaryimage"},"image":{"@id":"https:\/\/iep-sa.com.ar\/producto\/bora-mini\/#primaryimage"},"thumbnailUrl":"https:\/\/iep-sa.com.ar\/wp-content\/uploads\/2021\/10\/bora-mini-I-destacada.jpg","datePublished":"2021-10-19T12:51:14+00:00","dateModified":"2023-10-31T17:12:30+00:00","breadcrumb":{"@id":"https:\/\/iep-sa.com.ar\/producto\/bora-mini\/#breadcrumb"},"inLanguage":"es","potentialAction":[{"@type":"ReadAction","target":["https:\/\/iep-sa.com.ar\/producto\/bora-mini\/"]}]},{"@type":"ImageObject","inLanguage":"es","@id":"https:\/\/iep-sa.com.ar\/producto\/bora-mini\/#primaryimage","url":"https:\/\/iep-sa.com.ar\/wp-content\/uploads\/2021\/10\/bora-mini-I-destacada.jpg","contentUrl":"https:\/\/iep-sa.com.ar\/wp-content\/uploads\/2021\/10\/bora-mini-I-destacada.jpg","width":250,"height":250},{"@type":"BreadcrumbList","@id":"https:\/\/iep-sa.com.ar\/producto\/bora-mini\/#breadcrumb","itemListElement":[{"@type":"ListItem","position":1,"name":"Portada","item":"https:\/\/iep-sa.com.ar\/"},{"@type":"ListItem","position":2,"name":"Productos","item":"https:\/\/iep-sa.com.ar\/productos\/"},{"@type":"ListItem","position":3,"name":"BORA MINI"}]},{"@type":"WebSite","@id":"https:\/\/iep-sa.com.ar\/#website","url":"https:\/\/iep-sa.com.ar\/","name":"IEP - Iluminaci\u00f3n Eficiente Profesional","description":"Iluminaci\u00f3n Vial - Profesional - Decorativa - Estacionamientos - Gasolineras - Deportiva - P\u00fablica - Privada","publisher":{"@id":"https:\/\/iep-sa.com.ar\/#organization"},"potentialAction":[{"@type":"SearchAction","target":{"@type":"EntryPoint","urlTemplate":"https:\/\/iep-sa.com.ar\/?s={search_term_string}"},"query-input":{"@type":"PropertyValueSpecification","valueRequired":true,"valueName":"search_term_string"}}],"inLanguage":"es"},{"@type":"Organization","@id":"https:\/\/iep-sa.com.ar\/#organization","name":"IEP - Iluminaci\u00f3n Eficiente Profesional","url":"https:\/\/iep-sa.com.ar\/","logo":{"@type":"ImageObject","inLanguage":"es","@id":"https:\/\/iep-sa.com.ar\/#\/schema\/logo\/image\/","url":"https:\/\/iep-sa.com.ar\/wp-content\/uploads\/2022\/11\/cropped-favicon.jpg","contentUrl":"https:\/\/iep-sa.com.ar\/wp-content\/uploads\/2022\/11\/cropped-favicon.jpg","width":512,"height":512,"caption":"IEP - Iluminaci\u00f3n Eficiente Profesional"},"image":{"@id":"https:\/\/iep-sa.com.ar\/#\/schema\/logo\/image\/"}}]}},"_links":{"self":[{"href":"https:\/\/iep-sa.com.ar\/nuevo\/wp-json\/wp\/v2\/product\/3707","targetHints":{"allow":["GET"]}}],"collection":[{"href":"https:\/\/iep-sa.com.ar\/nuevo\/wp-json\/wp\/v2\/product"}],"about":[{"href":"https:\/\/iep-sa.com.ar\/nuevo\/wp-json\/wp\/v2\/types\/product"}],"wp:featuredmedia":[{"embeddable":true,"href":"https:\/\/iep-sa.com.ar\/nuevo\/wp-json\/wp\/v2\/media\/3708"}],"wp:attachment":[{"href":"https:\/\/iep-sa.com.ar\/nuevo\/wp-json\/wp\/v2\/media?parent=3707"}],"wp:term":[{"taxonomy":"product_brand","embeddable":true,"href":"https:\/\/iep-sa.com.ar\/nuevo\/wp-json\/wp\/v2\/product_brand?post=3707"},{"taxonomy":"product_cat","embeddable":true,"href":"https:\/\/iep-sa.com.ar\/nuevo\/wp-json\/wp\/v2\/product_cat?post=3707"},{"taxonomy":"product_tag","embeddable":true,"href":"https:\/\/iep-sa.com.ar\/nuevo\/wp-json\/wp\/v2\/product_tag?post=3707"}],"curies":[{"name":"wp","href":"https:\/\/api.w.org\/{rel}","templated":true}]}}