{"id":3662,"date":"2021-10-19T00:36:19","date_gmt":"2021-10-19T00:36:19","guid":{"rendered":"https:\/\/iep-sa.com.ar\/nuevo\/?post_type=product&#038;p=3662"},"modified":"2022-01-17T13:42:32","modified_gmt":"2022-01-17T13:42:32","slug":"heka-catenaria","status":"publish","type":"product","link":"https:\/\/iep-sa.com.ar\/nuevo\/producto\/heka-catenaria\/","title":{"rendered":"HEKA CATENARIA"},"content":{"rendered":"<h4 style=\"text-align: left;\"><strong>CARACTERISTICAS<\/strong><\/h4>\n<p>&nbsp;<\/p>\n<p style=\"text-align: left;\"><a href=\"https:\/\/iep-sa.com.ar\/wp-content\/uploads\/2021\/10\/Captura-de-Pantalla-2022-01-14-a-las-14.32.07.png\"><img fetchpriority=\"high\" decoding=\"async\" class=\"size-large wp-image-4619 alignleft\" src=\"https:\/\/iep-sa.com.ar\/wp-content\/uploads\/2021\/10\/Captura-de-Pantalla-2022-01-14-a-las-14.32.07-1024x275.png\" alt=\"\" width=\"640\" height=\"172\" srcset=\"https:\/\/iep-sa.com.ar\/wp-content\/uploads\/2021\/10\/Captura-de-Pantalla-2022-01-14-a-las-14.32.07-1024x275.png 1024w, https:\/\/iep-sa.com.ar\/wp-content\/uploads\/2021\/10\/Captura-de-Pantalla-2022-01-14-a-las-14.32.07-300x81.png 300w, https:\/\/iep-sa.com.ar\/wp-content\/uploads\/2021\/10\/Captura-de-Pantalla-2022-01-14-a-las-14.32.07-768x206.png 768w, https:\/\/iep-sa.com.ar\/wp-content\/uploads\/2021\/10\/Captura-de-Pantalla-2022-01-14-a-las-14.32.07-600x161.png 600w, https:\/\/iep-sa.com.ar\/wp-content\/uploads\/2021\/10\/Captura-de-Pantalla-2022-01-14-a-las-14.32.07.png 1266w\" sizes=\"(max-width: 640px) 100vw, 640px\" \/><\/a> <a href=\"https:\/\/iep-sa.com.ar\/wp-content\/uploads\/2021\/10\/Captura-de-Pantalla-2022-01-14-a-las-14.32.17.png\"><img decoding=\"async\" class=\"wp-image-4620 alignleft\" src=\"https:\/\/iep-sa.com.ar\/wp-content\/uploads\/2021\/10\/Captura-de-Pantalla-2022-01-14-a-las-14.32.17.png\" alt=\"\" width=\"295\" height=\"117\" srcset=\"https:\/\/iep-sa.com.ar\/wp-content\/uploads\/2021\/10\/Captura-de-Pantalla-2022-01-14-a-las-14.32.17.png 922w, https:\/\/iep-sa.com.ar\/wp-content\/uploads\/2021\/10\/Captura-de-Pantalla-2022-01-14-a-las-14.32.17-300x119.png 300w, https:\/\/iep-sa.com.ar\/wp-content\/uploads\/2021\/10\/Captura-de-Pantalla-2022-01-14-a-las-14.32.17-768x305.png 768w, https:\/\/iep-sa.com.ar\/wp-content\/uploads\/2021\/10\/Captura-de-Pantalla-2022-01-14-a-las-14.32.17-600x238.png 600w\" sizes=\"(max-width: 295px) 100vw, 295px\" \/><\/a><\/p>\n<p>&nbsp;<\/p>\n<p>&nbsp;<\/p>\n<p>&nbsp;<\/p>\n<p>&nbsp;<\/p>\n<p>&nbsp;<\/p>\n<p>&nbsp;<\/p>\n<p><a href=\"https:\/\/iep-sa.com.ar\/wp-content\/uploads\/2021\/10\/Captura-de-Pantalla-2022-01-14-a-las-14.31.47.png\"><img decoding=\"async\" class=\"wp-image-4623 alignleft\" src=\"https:\/\/iep-sa.com.ar\/wp-content\/uploads\/2021\/10\/Captura-de-Pantalla-2022-01-14-a-las-14.31.47-1024x493.png\" alt=\"\" width=\"309\" height=\"198\" \/><\/a><\/p>\n<h3><\/h3>\n<h3><\/h3>\n<h3><\/h3>\n<h3><\/h3>\n<h3><\/h3>\n<p>&nbsp;<\/p>\n<p>&nbsp;<\/p>\n<p>&nbsp;<\/p>\n<h3 style=\"text-align: left;\"><strong>MEDIDAS<\/strong><\/h3>\n<h3 style=\"text-align: left;\"><strong><a href=\"https:\/\/iep-sa.com.ar\/wp-content\/uploads\/2021\/10\/Captura-de-Pantalla-2022-01-14-a-las-14.32.39.png\"><img loading=\"lazy\" decoding=\"async\" class=\"wp-image-4621 alignleft\" src=\"https:\/\/iep-sa.com.ar\/wp-content\/uploads\/2021\/10\/Captura-de-Pantalla-2022-01-14-a-las-14.32.39.png\" alt=\"\" width=\"413\" height=\"176\" \/><\/a><\/strong><\/h3>\n<p>&nbsp;<\/p>\n<p>&nbsp;<\/p>\n<p>&nbsp;<\/p>\n<p>&nbsp;<\/p>\n<h3><\/h3>\n<h3 style=\"text-align: left;\"><strong>CURVAS FOTOM\u00c9TRICAS<\/strong><\/h3>\n<p>&nbsp;<\/p>\n<p><a href=\"https:\/\/iep-sa.com.ar\/wp-content\/uploads\/2021\/10\/fotometrica-heka.png\"><img loading=\"lazy\" decoding=\"async\" class=\"wp-image-4622 alignleft\" src=\"https:\/\/iep-sa.com.ar\/wp-content\/uploads\/2021\/10\/fotometrica-heka-1024x401.png\" alt=\"\" width=\"413\" height=\"162\" srcset=\"https:\/\/iep-sa.com.ar\/wp-content\/uploads\/2021\/10\/fotometrica-heka-1024x401.png 1024w, https:\/\/iep-sa.com.ar\/wp-content\/uploads\/2021\/10\/fotometrica-heka-300x117.png 300w, https:\/\/iep-sa.com.ar\/wp-content\/uploads\/2021\/10\/fotometrica-heka-768x301.png 768w, https:\/\/iep-sa.com.ar\/wp-content\/uploads\/2021\/10\/fotometrica-heka-600x235.png 600w, https:\/\/iep-sa.com.ar\/wp-content\/uploads\/2021\/10\/fotometrica-heka.png 1298w\" sizes=\"(max-width: 413px) 100vw, 413px\" \/><\/a><\/p>\n<p>&nbsp;<\/p>\n<p>&nbsp;<\/p>\n<p>&nbsp;<\/p>\n<h3><\/h3>\n<h3 style=\"text-align: left;\"><b>DESCARGAS<\/b><\/h3>\n<div class=\"wp-block-file\" style=\"text-align: left;\">\n<div class=\"wp-block-file\"><a href=\"https:\/\/iep-sa.com.ar\/wp-content\/uploads\/2021\/10\/HEKA_.pdf\">Ficha T\u00e9cnica HEKA LED<\/a><\/div>\n<div class=\"wp-block-file\"><a href=\"https:\/\/iep-sa.com.ar\/wp-content\/uploads\/2021\/10\/HEKA-CAD.dwg_.zip\">Cad Heka<\/a><\/div>\n<div><\/div>\n<\/div>\n","protected":false},"excerpt":{"rendered":"<p class=\"p1\" style=\"text-align: left;\">Luminaria HEKA se caracteriza por su dise\u00f1o urbano decorativo con iluminaci\u00f3n general difusa. Es una luminaria, materializado en fundici\u00f3n de aluminio, con agarre lateral, o para colgar tipo catenaria, con tapa superior c\u00f3ncava, y difusor de vidrio transparente. El driver se aloja dentro del recinto \u00f3ptico. Luminaria apto para aplicaciones viales, avanzando en l\u00edneas sutiles, pero con robustes y presencia. Ideal para calles, avenidas, \u00e1reas comerciales y resid\u00e9nciales, ideal para destacar el sector y dar personalidad.<\/p>\n","protected":false},"featured_media":4645,"template":"","meta":{"_joinchat":[]},"product_brand":[],"product_cat":[118,125,128,76,135,127,126,124,59],"product_tag":[],"class_list":{"0":"post-3662","1":"product","2":"type-product","3":"status-publish","4":"has-post-thumbnail","6":"product_cat-aceras","7":"product_cat-bicisendas","8":"product_cat-costaneras","9":"product_cat-estacionamientos","10":"product_cat-exterior","11":"product_cat-paseos","12":"product_cat-peatonales","13":"product_cat-plazas","14":"product_cat-urbano-decorativo","16":"first","17":"instock","18":"shipping-taxable","19":"product-type-simple","20":"layout-style-1","21":"col-md-4 col-sm-4 col-xs-6","22":"col-lg-3","23":"product-style-default"},"yoast_head":"<!-- This site is optimized with the Yoast SEO plugin v27.4 - https:\/\/yoast.com\/product\/yoast-seo-wordpress\/ -->\n<title>HEKA CATENARIA - IEP - Iluminaci\u00f3n Eficiente Profesional<\/title>\n<meta name=\"robots\" content=\"index, follow, max-snippet:-1, max-image-preview:large, max-video-preview:-1\" \/>\n<link rel=\"canonical\" href=\"https:\/\/iep-sa.com.ar\/producto\/heka-catenaria\/\" \/>\n<meta property=\"og:locale\" content=\"es_ES\" \/>\n<meta property=\"og:type\" content=\"article\" \/>\n<meta property=\"og:title\" content=\"HEKA CATENARIA - IEP - Iluminaci\u00f3n Eficiente Profesional\" \/>\n<meta property=\"og:description\" content=\"Luminaria HEKA se caracteriza por su dise\u00f1o urbano decorativo con iluminaci\u00f3n general difusa. Es una luminaria, materializado en fundici\u00f3n de aluminio, con agarre lateral, o para colgar tipo catenaria, con tapa superior c\u00f3ncava, y difusor de vidrio transparente. El driver se aloja dentro del recinto \u00f3ptico. Luminaria apto para aplicaciones viales, avanzando en l\u00edneas sutiles, pero con robustes y presencia. Ideal para calles, avenidas, \u00e1reas comerciales y resid\u00e9nciales, ideal para destacar el sector y dar personalidad.\" \/>\n<meta property=\"og:url\" content=\"https:\/\/iep-sa.com.ar\/producto\/heka-catenaria\/\" \/>\n<meta property=\"og:site_name\" content=\"IEP - Iluminaci\u00f3n Eficiente Profesional\" \/>\n<meta property=\"article:modified_time\" content=\"2022-01-17T13:42:32+00:00\" \/>\n<meta property=\"og:image\" content=\"https:\/\/lightyellow-boar-299687.hostingersite.com\/wp-content\/uploads\/2021\/10\/heka-ct-1.png\" \/>\n\t<meta property=\"og:image:width\" content=\"700\" \/>\n\t<meta property=\"og:image:height\" content=\"706\" \/>\n\t<meta property=\"og:image:type\" content=\"image\/png\" \/>\n<meta name=\"twitter:card\" content=\"summary_large_image\" \/>\n<meta name=\"twitter:label1\" content=\"Tiempo de lectura\" \/>\n\t<meta name=\"twitter:data1\" content=\"2 minutos\" \/>\n<script type=\"application\/ld+json\" class=\"yoast-schema-graph\">{\"@context\":\"https:\\\/\\\/schema.org\",\"@graph\":[{\"@type\":\"WebPage\",\"@id\":\"https:\\\/\\\/iep-sa.com.ar\\\/producto\\\/heka-catenaria\\\/\",\"url\":\"https:\\\/\\\/iep-sa.com.ar\\\/producto\\\/heka-catenaria\\\/\",\"name\":\"HEKA CATENARIA - IEP - Iluminaci\u00f3n Eficiente Profesional\",\"isPartOf\":{\"@id\":\"https:\\\/\\\/iep-sa.com.ar\\\/#website\"},\"primaryImageOfPage\":{\"@id\":\"https:\\\/\\\/iep-sa.com.ar\\\/producto\\\/heka-catenaria\\\/#primaryimage\"},\"image\":{\"@id\":\"https:\\\/\\\/iep-sa.com.ar\\\/producto\\\/heka-catenaria\\\/#primaryimage\"},\"thumbnailUrl\":\"https:\\\/\\\/iep-sa.com.ar\\\/wp-content\\\/uploads\\\/2021\\\/10\\\/heka-ct-1.png\",\"datePublished\":\"2021-10-19T00:36:19+00:00\",\"dateModified\":\"2022-01-17T13:42:32+00:00\",\"breadcrumb\":{\"@id\":\"https:\\\/\\\/iep-sa.com.ar\\\/producto\\\/heka-catenaria\\\/#breadcrumb\"},\"inLanguage\":\"es\",\"potentialAction\":[{\"@type\":\"ReadAction\",\"target\":[\"https:\\\/\\\/iep-sa.com.ar\\\/producto\\\/heka-catenaria\\\/\"]}]},{\"@type\":\"ImageObject\",\"inLanguage\":\"es\",\"@id\":\"https:\\\/\\\/iep-sa.com.ar\\\/producto\\\/heka-catenaria\\\/#primaryimage\",\"url\":\"https:\\\/\\\/iep-sa.com.ar\\\/wp-content\\\/uploads\\\/2021\\\/10\\\/heka-ct-1.png\",\"contentUrl\":\"https:\\\/\\\/iep-sa.com.ar\\\/wp-content\\\/uploads\\\/2021\\\/10\\\/heka-ct-1.png\",\"width\":700,\"height\":706},{\"@type\":\"BreadcrumbList\",\"@id\":\"https:\\\/\\\/iep-sa.com.ar\\\/producto\\\/heka-catenaria\\\/#breadcrumb\",\"itemListElement\":[{\"@type\":\"ListItem\",\"position\":1,\"name\":\"Portada\",\"item\":\"https:\\\/\\\/iep-sa.com.ar\\\/\"},{\"@type\":\"ListItem\",\"position\":2,\"name\":\"Productos\",\"item\":\"https:\\\/\\\/iep-sa.com.ar\\\/productos\\\/\"},{\"@type\":\"ListItem\",\"position\":3,\"name\":\"HEKA CATENARIA\"}]},{\"@type\":\"WebSite\",\"@id\":\"https:\\\/\\\/iep-sa.com.ar\\\/#website\",\"url\":\"https:\\\/\\\/iep-sa.com.ar\\\/\",\"name\":\"IEP - Iluminaci\u00f3n Eficiente Profesional\",\"description\":\"Iluminaci\u00f3n Vial - Profesional - Decorativa - Estacionamientos - Gasolineras - Deportiva - P\u00fablica - Privada\",\"publisher\":{\"@id\":\"https:\\\/\\\/iep-sa.com.ar\\\/#organization\"},\"potentialAction\":[{\"@type\":\"SearchAction\",\"target\":{\"@type\":\"EntryPoint\",\"urlTemplate\":\"https:\\\/\\\/iep-sa.com.ar\\\/?s={search_term_string}\"},\"query-input\":{\"@type\":\"PropertyValueSpecification\",\"valueRequired\":true,\"valueName\":\"search_term_string\"}}],\"inLanguage\":\"es\"},{\"@type\":\"Organization\",\"@id\":\"https:\\\/\\\/iep-sa.com.ar\\\/#organization\",\"name\":\"IEP - Iluminaci\u00f3n Eficiente Profesional\",\"url\":\"https:\\\/\\\/iep-sa.com.ar\\\/\",\"logo\":{\"@type\":\"ImageObject\",\"inLanguage\":\"es\",\"@id\":\"https:\\\/\\\/iep-sa.com.ar\\\/#\\\/schema\\\/logo\\\/image\\\/\",\"url\":\"https:\\\/\\\/iep-sa.com.ar\\\/wp-content\\\/uploads\\\/2022\\\/11\\\/cropped-favicon.jpg\",\"contentUrl\":\"https:\\\/\\\/iep-sa.com.ar\\\/wp-content\\\/uploads\\\/2022\\\/11\\\/cropped-favicon.jpg\",\"width\":512,\"height\":512,\"caption\":\"IEP - Iluminaci\u00f3n Eficiente Profesional\"},\"image\":{\"@id\":\"https:\\\/\\\/iep-sa.com.ar\\\/#\\\/schema\\\/logo\\\/image\\\/\"}}]}<\/script>\n<!-- \/ Yoast SEO plugin. -->","yoast_head_json":{"title":"HEKA CATENARIA - IEP - Iluminaci\u00f3n Eficiente Profesional","robots":{"index":"index","follow":"follow","max-snippet":"max-snippet:-1","max-image-preview":"max-image-preview:large","max-video-preview":"max-video-preview:-1"},"canonical":"https:\/\/iep-sa.com.ar\/producto\/heka-catenaria\/","og_locale":"es_ES","og_type":"article","og_title":"HEKA CATENARIA - IEP - Iluminaci\u00f3n Eficiente Profesional","og_description":"Luminaria HEKA se caracteriza por su dise\u00f1o urbano decorativo con iluminaci\u00f3n general difusa. Es una luminaria, materializado en fundici\u00f3n de aluminio, con agarre lateral, o para colgar tipo catenaria, con tapa superior c\u00f3ncava, y difusor de vidrio transparente. El driver se aloja dentro del recinto \u00f3ptico. Luminaria apto para aplicaciones viales, avanzando en l\u00edneas sutiles, pero con robustes y presencia. Ideal para calles, avenidas, \u00e1reas comerciales y resid\u00e9nciales, ideal para destacar el sector y dar personalidad.","og_url":"https:\/\/iep-sa.com.ar\/producto\/heka-catenaria\/","og_site_name":"IEP - Iluminaci\u00f3n Eficiente Profesional","article_modified_time":"2022-01-17T13:42:32+00:00","og_image":[{"width":700,"height":706,"url":"https:\/\/lightyellow-boar-299687.hostingersite.com\/wp-content\/uploads\/2021\/10\/heka-ct-1.png","type":"image\/png"}],"twitter_card":"summary_large_image","twitter_misc":{"Tiempo de lectura":"2 minutos"},"schema":{"@context":"https:\/\/schema.org","@graph":[{"@type":"WebPage","@id":"https:\/\/iep-sa.com.ar\/producto\/heka-catenaria\/","url":"https:\/\/iep-sa.com.ar\/producto\/heka-catenaria\/","name":"HEKA CATENARIA - IEP - Iluminaci\u00f3n Eficiente Profesional","isPartOf":{"@id":"https:\/\/iep-sa.com.ar\/#website"},"primaryImageOfPage":{"@id":"https:\/\/iep-sa.com.ar\/producto\/heka-catenaria\/#primaryimage"},"image":{"@id":"https:\/\/iep-sa.com.ar\/producto\/heka-catenaria\/#primaryimage"},"thumbnailUrl":"https:\/\/iep-sa.com.ar\/wp-content\/uploads\/2021\/10\/heka-ct-1.png","datePublished":"2021-10-19T00:36:19+00:00","dateModified":"2022-01-17T13:42:32+00:00","breadcrumb":{"@id":"https:\/\/iep-sa.com.ar\/producto\/heka-catenaria\/#breadcrumb"},"inLanguage":"es","potentialAction":[{"@type":"ReadAction","target":["https:\/\/iep-sa.com.ar\/producto\/heka-catenaria\/"]}]},{"@type":"ImageObject","inLanguage":"es","@id":"https:\/\/iep-sa.com.ar\/producto\/heka-catenaria\/#primaryimage","url":"https:\/\/iep-sa.com.ar\/wp-content\/uploads\/2021\/10\/heka-ct-1.png","contentUrl":"https:\/\/iep-sa.com.ar\/wp-content\/uploads\/2021\/10\/heka-ct-1.png","width":700,"height":706},{"@type":"BreadcrumbList","@id":"https:\/\/iep-sa.com.ar\/producto\/heka-catenaria\/#breadcrumb","itemListElement":[{"@type":"ListItem","position":1,"name":"Portada","item":"https:\/\/iep-sa.com.ar\/"},{"@type":"ListItem","position":2,"name":"Productos","item":"https:\/\/iep-sa.com.ar\/productos\/"},{"@type":"ListItem","position":3,"name":"HEKA CATENARIA"}]},{"@type":"WebSite","@id":"https:\/\/iep-sa.com.ar\/#website","url":"https:\/\/iep-sa.com.ar\/","name":"IEP - Iluminaci\u00f3n Eficiente Profesional","description":"Iluminaci\u00f3n Vial - Profesional - Decorativa - Estacionamientos - Gasolineras - Deportiva - P\u00fablica - Privada","publisher":{"@id":"https:\/\/iep-sa.com.ar\/#organization"},"potentialAction":[{"@type":"SearchAction","target":{"@type":"EntryPoint","urlTemplate":"https:\/\/iep-sa.com.ar\/?s={search_term_string}"},"query-input":{"@type":"PropertyValueSpecification","valueRequired":true,"valueName":"search_term_string"}}],"inLanguage":"es"},{"@type":"Organization","@id":"https:\/\/iep-sa.com.ar\/#organization","name":"IEP - Iluminaci\u00f3n Eficiente Profesional","url":"https:\/\/iep-sa.com.ar\/","logo":{"@type":"ImageObject","inLanguage":"es","@id":"https:\/\/iep-sa.com.ar\/#\/schema\/logo\/image\/","url":"https:\/\/iep-sa.com.ar\/wp-content\/uploads\/2022\/11\/cropped-favicon.jpg","contentUrl":"https:\/\/iep-sa.com.ar\/wp-content\/uploads\/2022\/11\/cropped-favicon.jpg","width":512,"height":512,"caption":"IEP - Iluminaci\u00f3n Eficiente Profesional"},"image":{"@id":"https:\/\/iep-sa.com.ar\/#\/schema\/logo\/image\/"}}]}},"_links":{"self":[{"href":"https:\/\/iep-sa.com.ar\/nuevo\/wp-json\/wp\/v2\/product\/3662","targetHints":{"allow":["GET"]}}],"collection":[{"href":"https:\/\/iep-sa.com.ar\/nuevo\/wp-json\/wp\/v2\/product"}],"about":[{"href":"https:\/\/iep-sa.com.ar\/nuevo\/wp-json\/wp\/v2\/types\/product"}],"wp:featuredmedia":[{"embeddable":true,"href":"https:\/\/iep-sa.com.ar\/nuevo\/wp-json\/wp\/v2\/media\/4645"}],"wp:attachment":[{"href":"https:\/\/iep-sa.com.ar\/nuevo\/wp-json\/wp\/v2\/media?parent=3662"}],"wp:term":[{"taxonomy":"product_brand","embeddable":true,"href":"https:\/\/iep-sa.com.ar\/nuevo\/wp-json\/wp\/v2\/product_brand?post=3662"},{"taxonomy":"product_cat","embeddable":true,"href":"https:\/\/iep-sa.com.ar\/nuevo\/wp-json\/wp\/v2\/product_cat?post=3662"},{"taxonomy":"product_tag","embeddable":true,"href":"https:\/\/iep-sa.com.ar\/nuevo\/wp-json\/wp\/v2\/product_tag?post=3662"}],"curies":[{"name":"wp","href":"https:\/\/api.w.org\/{rel}","templated":true}]}}