{"id":2969,"date":"2021-09-28T20:03:11","date_gmt":"2021-09-28T20:03:11","guid":{"rendered":"https:\/\/iep-sa.com.ar\/nuevo\/?post_type=product&#038;p=2969"},"modified":"2023-11-28T14:20:09","modified_gmt":"2023-11-28T14:20:09","slug":"anubis-led","status":"publish","type":"product","link":"https:\/\/iep-sa.com.ar\/nuevo\/producto\/anubis-led\/","title":{"rendered":"ANUBIS"},"content":{"rendered":"<h3 style=\"text-align: left;\"><b>CARACTERISTICAS<\/b><\/h3>\n<p style=\"text-align: left;\"><a href=\"https:\/\/iep-sa.com.ar\/wp-content\/uploads\/2021\/09\/anubis-2.png\"><img fetchpriority=\"high\" decoding=\"async\" class=\" wp-image-5270 alignleft\" src=\"https:\/\/iep-sa.com.ar\/wp-content\/uploads\/2021\/09\/anubis-2-1024x235.png\" alt=\"\" width=\"548\" height=\"126\" srcset=\"https:\/\/iep-sa.com.ar\/wp-content\/uploads\/2021\/09\/anubis-2-1024x235.png 1024w, https:\/\/iep-sa.com.ar\/wp-content\/uploads\/2021\/09\/anubis-2-300x69.png 300w, https:\/\/iep-sa.com.ar\/wp-content\/uploads\/2021\/09\/anubis-2-768x176.png 768w, https:\/\/iep-sa.com.ar\/wp-content\/uploads\/2021\/09\/anubis-2-1536x352.png 1536w, https:\/\/iep-sa.com.ar\/wp-content\/uploads\/2021\/09\/anubis-2-600x138.png 600w, https:\/\/iep-sa.com.ar\/wp-content\/uploads\/2021\/09\/anubis-2.png 2016w\" sizes=\"(max-width: 548px) 100vw, 548px\" \/><\/a><\/p>\n<p>&nbsp;<\/p>\n<p>&nbsp;<\/p>\n<h3><\/h3>\n<h3><\/h3>\n<h3><\/h3>\n<h3><\/h3>\n<h3><\/h3>\n<h3><\/h3>\n<h3><\/h3>\n<p>&nbsp;<\/p>\n<p>&nbsp;<\/p>\n<p>&nbsp;<\/p>\n<h3><\/h3>\n<p>&nbsp;<\/p>\n<p>&nbsp;<\/p>\n<p>&nbsp;<\/p>\n<p>&nbsp;<\/p>\n<p>&nbsp;<\/p>\n<p>&nbsp;<\/p>\n<h3><\/h3>\n<h3 style=\"text-align: left;\"><b>FOTOMETRIA<\/b><\/h3>\n<p>&nbsp;<\/p>\n<p style=\"text-align: left;\"><a href=\"https:\/\/iep-sa.com.ar\/wp-content\/uploads\/2021\/09\/ANUBIS-FOTOMETRIA-01.jpg\"><img decoding=\"async\" class=\"wp-image-4406 alignleft\" src=\"https:\/\/iep-sa.com.ar\/wp-content\/uploads\/2021\/09\/ANUBIS-FOTOMETRIA-01-1024x1024.jpg\" alt=\"\" width=\"298\" height=\"299\" srcset=\"https:\/\/iep-sa.com.ar\/wp-content\/uploads\/2021\/09\/ANUBIS-FOTOMETRIA-01-1024x1024.jpg 1024w, https:\/\/iep-sa.com.ar\/wp-content\/uploads\/2021\/09\/ANUBIS-FOTOMETRIA-01-300x300.jpg 300w, https:\/\/iep-sa.com.ar\/wp-content\/uploads\/2021\/09\/ANUBIS-FOTOMETRIA-01-150x150.jpg 150w, https:\/\/iep-sa.com.ar\/wp-content\/uploads\/2021\/09\/ANUBIS-FOTOMETRIA-01-768x768.jpg 768w, https:\/\/iep-sa.com.ar\/wp-content\/uploads\/2021\/09\/ANUBIS-FOTOMETRIA-01-1536x1536.jpg 1536w, https:\/\/iep-sa.com.ar\/wp-content\/uploads\/2021\/09\/ANUBIS-FOTOMETRIA-01-100x100.jpg 100w, https:\/\/iep-sa.com.ar\/wp-content\/uploads\/2021\/09\/ANUBIS-FOTOMETRIA-01-600x600.jpg 600w, https:\/\/iep-sa.com.ar\/wp-content\/uploads\/2021\/09\/ANUBIS-FOTOMETRIA-01.jpg 1667w\" sizes=\"(max-width: 298px) 100vw, 298px\" \/><\/a><\/p>\n<h3><\/h3>\n<h3><\/h3>\n<h3><\/h3>\n<h3><\/h3>\n<p>&nbsp;<\/p>\n<p>&nbsp;<\/p>\n<p>&nbsp;<\/p>\n<h3><\/h3>\n<h3><\/h3>\n<h3><\/h3>\n<h3><\/h3>\n<p>&nbsp;<\/p>\n<p>&nbsp;<\/p>\n<p>&nbsp;<\/p>\n<p>&nbsp;<\/p>\n<p>&nbsp;<\/p>\n<p>&nbsp;<\/p>\n<h3><\/h3>\n<h3><\/h3>\n<p>&nbsp;<\/p>\n<p>&nbsp;<\/p>\n<h3 style=\"text-align: left;\"><b>DIMENSIONES<\/b><\/h3>\n<p><a href=\"https:\/\/iep-sa.com.ar\/wp-content\/uploads\/2021\/09\/Anubis-01-1.jpg\"><img decoding=\"async\" class=\"wp-image-4407 alignleft\" src=\"https:\/\/iep-sa.com.ar\/wp-content\/uploads\/2021\/09\/Anubis-01-1-1024x1024.jpg\" alt=\"\" width=\"344\" height=\"344\" srcset=\"https:\/\/iep-sa.com.ar\/wp-content\/uploads\/2021\/09\/Anubis-01-1-1024x1024.jpg 1024w, https:\/\/iep-sa.com.ar\/wp-content\/uploads\/2021\/09\/Anubis-01-1-300x300.jpg 300w, https:\/\/iep-sa.com.ar\/wp-content\/uploads\/2021\/09\/Anubis-01-1-150x150.jpg 150w, https:\/\/iep-sa.com.ar\/wp-content\/uploads\/2021\/09\/Anubis-01-1-768x768.jpg 768w, https:\/\/iep-sa.com.ar\/wp-content\/uploads\/2021\/09\/Anubis-01-1-1536x1536.jpg 1536w, https:\/\/iep-sa.com.ar\/wp-content\/uploads\/2021\/09\/Anubis-01-1-100x100.jpg 100w, https:\/\/iep-sa.com.ar\/wp-content\/uploads\/2021\/09\/Anubis-01-1-600x600.jpg 600w, https:\/\/iep-sa.com.ar\/wp-content\/uploads\/2021\/09\/Anubis-01-1.jpg 1667w\" sizes=\"(max-width: 344px) 100vw, 344px\" \/><\/a><\/p>\n<p>&nbsp;<\/p>\n<h3><\/h3>\n<h3><\/h3>\n<p>&nbsp;<\/p>\n<p>&nbsp;<\/p>\n<p>&nbsp;<\/p>\n<h3><\/h3>\n<h3><\/h3>\n<h3><\/h3>\n<h3><\/h3>\n<h3><\/h3>\n<h3><\/h3>\n<h3><\/h3>\n<h3><\/h3>\n<h3><\/h3>\n<p>&nbsp;<\/p>\n<p>&nbsp;<\/p>\n<p>&nbsp;<\/p>\n<h3 style=\"text-align: left;\"><b>DESCARGAS<\/b><\/h3>\n<div style=\"text-align: left;\"><a href=\"https:\/\/iep-sa.com.ar\/wp-content\/uploads\/2021\/09\/ANUBIS-1.pdf\" target=\"_blank\" rel=\"noopener\">Ficha T\u00e9cnica ANUBIS<\/a><\/div>\n<div style=\"text-align: left;\"><a href=\"https:\/\/iep-sa.com.ar\/wp-content\/uploads\/2021\/09\/Fotometrias-Anubis.zip\" target=\"_blank\" rel=\"noopener\">Fotometr\u00edas ANUBIS<\/a><\/div>\n<div style=\"text-align: left;\"><a href=\"https:\/\/iep-sa.com.ar\/wp-content\/uploads\/2021\/09\/Anubis-.dwg_.zip\" target=\"_blank\" rel=\"noopener\">Cad ANUBIS<\/a><\/div>\n<div><\/div>\n","protected":false},"excerpt":{"rendered":"<p style=\"text-align: left;\">Luminaria decorativa Anubis con fijaci\u00f3n post-top desde \u00d860 mm en funci\u00f3n del adaptador. Luminaria de clase I materializado en fundici\u00f3n de aluminio, cuenta con dos brazos de soporte para el grupo \u00f3ptico de LED con tapa curva y difusor de policarbonato transparente. El driver se aloja en la base de forma c\u00f3nica, y la misma cuenta con un reflector troncopiramidal antideslumbramiento, matizado para recuperar el flujo que se proyecta en la base de la luminaria y lo distribuye de forma radial.<\/p>\n","protected":false},"featured_media":4405,"template":"","meta":{"_joinchat":[]},"product_brand":[],"product_cat":[125,128,76,135,127,126,124,157,158,59],"product_tag":[],"class_list":{"0":"post-2969","1":"product","2":"type-product","3":"status-publish","4":"has-post-thumbnail","6":"product_cat-bicisendas","7":"product_cat-costaneras","8":"product_cat-estacionamientos","9":"product_cat-exterior","10":"product_cat-paseos","11":"product_cat-peatonales","12":"product_cat-plazas","13":"product_cat-telegestion-y-domotica","14":"product_cat-urbanizacion","15":"product_cat-urbano-decorativo","17":"first","18":"instock","19":"shipping-taxable","20":"product-type-simple","21":"layout-style-1","22":"col-md-4 col-sm-4 col-xs-6","23":"col-lg-3","24":"product-has-gallery","25":"product-style-default"},"yoast_head":"<!-- This site is optimized with the Yoast SEO plugin v27.4 - https:\/\/yoast.com\/product\/yoast-seo-wordpress\/ -->\n<title>ANUBIS - IEP - Iluminaci\u00f3n Eficiente Profesional<\/title>\n<meta name=\"robots\" content=\"index, follow, max-snippet:-1, max-image-preview:large, max-video-preview:-1\" \/>\n<link rel=\"canonical\" href=\"https:\/\/iep-sa.com.ar\/producto\/anubis-led\/\" \/>\n<meta property=\"og:locale\" content=\"es_ES\" \/>\n<meta property=\"og:type\" content=\"article\" \/>\n<meta property=\"og:title\" content=\"ANUBIS - IEP - Iluminaci\u00f3n Eficiente Profesional\" \/>\n<meta property=\"og:description\" content=\"Luminaria decorativa Anubis con fijaci\u00f3n post-top desde \u00d860 mm en funci\u00f3n del adaptador. Luminaria de clase I materializado en fundici\u00f3n de aluminio, cuenta con dos brazos de soporte para el grupo \u00f3ptico de LED con tapa curva y difusor de policarbonato transparente. El driver se aloja en la base de forma c\u00f3nica, y la misma cuenta con un reflector troncopiramidal antideslumbramiento, matizado para recuperar el flujo que se proyecta en la base de la luminaria y lo distribuye de forma radial.\" \/>\n<meta property=\"og:url\" content=\"https:\/\/iep-sa.com.ar\/producto\/anubis-led\/\" \/>\n<meta property=\"og:site_name\" content=\"IEP - Iluminaci\u00f3n Eficiente Profesional\" \/>\n<meta property=\"article:modified_time\" content=\"2023-11-28T14:20:09+00:00\" \/>\n<meta property=\"og:image\" content=\"https:\/\/lightyellow-boar-299687.hostingersite.com\/wp-content\/uploads\/2021\/09\/Anubis-01.jpg\" \/>\n\t<meta property=\"og:image:width\" content=\"1667\" \/>\n\t<meta property=\"og:image:height\" content=\"1667\" \/>\n\t<meta property=\"og:image:type\" content=\"image\/jpeg\" \/>\n<meta name=\"twitter:card\" content=\"summary_large_image\" \/>\n<meta name=\"twitter:label1\" content=\"Tiempo de lectura\" \/>\n\t<meta name=\"twitter:data1\" content=\"1 minuto\" \/>\n<script type=\"application\/ld+json\" class=\"yoast-schema-graph\">{\"@context\":\"https:\\\/\\\/schema.org\",\"@graph\":[{\"@type\":\"WebPage\",\"@id\":\"https:\\\/\\\/iep-sa.com.ar\\\/producto\\\/anubis-led\\\/\",\"url\":\"https:\\\/\\\/iep-sa.com.ar\\\/producto\\\/anubis-led\\\/\",\"name\":\"ANUBIS - IEP - Iluminaci\u00f3n Eficiente Profesional\",\"isPartOf\":{\"@id\":\"https:\\\/\\\/iep-sa.com.ar\\\/#website\"},\"primaryImageOfPage\":{\"@id\":\"https:\\\/\\\/iep-sa.com.ar\\\/producto\\\/anubis-led\\\/#primaryimage\"},\"image\":{\"@id\":\"https:\\\/\\\/iep-sa.com.ar\\\/producto\\\/anubis-led\\\/#primaryimage\"},\"thumbnailUrl\":\"https:\\\/\\\/iep-sa.com.ar\\\/wp-content\\\/uploads\\\/2021\\\/09\\\/Anubis-01.jpg\",\"datePublished\":\"2021-09-28T20:03:11+00:00\",\"dateModified\":\"2023-11-28T14:20:09+00:00\",\"breadcrumb\":{\"@id\":\"https:\\\/\\\/iep-sa.com.ar\\\/producto\\\/anubis-led\\\/#breadcrumb\"},\"inLanguage\":\"es\",\"potentialAction\":[{\"@type\":\"ReadAction\",\"target\":[\"https:\\\/\\\/iep-sa.com.ar\\\/producto\\\/anubis-led\\\/\"]}]},{\"@type\":\"ImageObject\",\"inLanguage\":\"es\",\"@id\":\"https:\\\/\\\/iep-sa.com.ar\\\/producto\\\/anubis-led\\\/#primaryimage\",\"url\":\"https:\\\/\\\/iep-sa.com.ar\\\/wp-content\\\/uploads\\\/2021\\\/09\\\/Anubis-01.jpg\",\"contentUrl\":\"https:\\\/\\\/iep-sa.com.ar\\\/wp-content\\\/uploads\\\/2021\\\/09\\\/Anubis-01.jpg\",\"width\":1667,\"height\":1667},{\"@type\":\"BreadcrumbList\",\"@id\":\"https:\\\/\\\/iep-sa.com.ar\\\/producto\\\/anubis-led\\\/#breadcrumb\",\"itemListElement\":[{\"@type\":\"ListItem\",\"position\":1,\"name\":\"Portada\",\"item\":\"https:\\\/\\\/iep-sa.com.ar\\\/\"},{\"@type\":\"ListItem\",\"position\":2,\"name\":\"Productos\",\"item\":\"https:\\\/\\\/iep-sa.com.ar\\\/productos\\\/\"},{\"@type\":\"ListItem\",\"position\":3,\"name\":\"ANUBIS\"}]},{\"@type\":\"WebSite\",\"@id\":\"https:\\\/\\\/iep-sa.com.ar\\\/#website\",\"url\":\"https:\\\/\\\/iep-sa.com.ar\\\/\",\"name\":\"IEP - Iluminaci\u00f3n Eficiente Profesional\",\"description\":\"Iluminaci\u00f3n Vial - Profesional - Decorativa - Estacionamientos - Gasolineras - Deportiva - P\u00fablica - Privada\",\"publisher\":{\"@id\":\"https:\\\/\\\/iep-sa.com.ar\\\/#organization\"},\"potentialAction\":[{\"@type\":\"SearchAction\",\"target\":{\"@type\":\"EntryPoint\",\"urlTemplate\":\"https:\\\/\\\/iep-sa.com.ar\\\/?s={search_term_string}\"},\"query-input\":{\"@type\":\"PropertyValueSpecification\",\"valueRequired\":true,\"valueName\":\"search_term_string\"}}],\"inLanguage\":\"es\"},{\"@type\":\"Organization\",\"@id\":\"https:\\\/\\\/iep-sa.com.ar\\\/#organization\",\"name\":\"IEP - Iluminaci\u00f3n Eficiente Profesional\",\"url\":\"https:\\\/\\\/iep-sa.com.ar\\\/\",\"logo\":{\"@type\":\"ImageObject\",\"inLanguage\":\"es\",\"@id\":\"https:\\\/\\\/iep-sa.com.ar\\\/#\\\/schema\\\/logo\\\/image\\\/\",\"url\":\"https:\\\/\\\/iep-sa.com.ar\\\/wp-content\\\/uploads\\\/2022\\\/11\\\/cropped-favicon.jpg\",\"contentUrl\":\"https:\\\/\\\/iep-sa.com.ar\\\/wp-content\\\/uploads\\\/2022\\\/11\\\/cropped-favicon.jpg\",\"width\":512,\"height\":512,\"caption\":\"IEP - Iluminaci\u00f3n Eficiente Profesional\"},\"image\":{\"@id\":\"https:\\\/\\\/iep-sa.com.ar\\\/#\\\/schema\\\/logo\\\/image\\\/\"}}]}<\/script>\n<!-- \/ Yoast SEO plugin. -->","yoast_head_json":{"title":"ANUBIS - IEP - Iluminaci\u00f3n Eficiente Profesional","robots":{"index":"index","follow":"follow","max-snippet":"max-snippet:-1","max-image-preview":"max-image-preview:large","max-video-preview":"max-video-preview:-1"},"canonical":"https:\/\/iep-sa.com.ar\/producto\/anubis-led\/","og_locale":"es_ES","og_type":"article","og_title":"ANUBIS - IEP - Iluminaci\u00f3n Eficiente Profesional","og_description":"Luminaria decorativa Anubis con fijaci\u00f3n post-top desde \u00d860 mm en funci\u00f3n del adaptador. Luminaria de clase I materializado en fundici\u00f3n de aluminio, cuenta con dos brazos de soporte para el grupo \u00f3ptico de LED con tapa curva y difusor de policarbonato transparente. El driver se aloja en la base de forma c\u00f3nica, y la misma cuenta con un reflector troncopiramidal antideslumbramiento, matizado para recuperar el flujo que se proyecta en la base de la luminaria y lo distribuye de forma radial.","og_url":"https:\/\/iep-sa.com.ar\/producto\/anubis-led\/","og_site_name":"IEP - Iluminaci\u00f3n Eficiente Profesional","article_modified_time":"2023-11-28T14:20:09+00:00","og_image":[{"width":1667,"height":1667,"url":"https:\/\/lightyellow-boar-299687.hostingersite.com\/wp-content\/uploads\/2021\/09\/Anubis-01.jpg","type":"image\/jpeg"}],"twitter_card":"summary_large_image","twitter_misc":{"Tiempo de lectura":"1 minuto"},"schema":{"@context":"https:\/\/schema.org","@graph":[{"@type":"WebPage","@id":"https:\/\/iep-sa.com.ar\/producto\/anubis-led\/","url":"https:\/\/iep-sa.com.ar\/producto\/anubis-led\/","name":"ANUBIS - IEP - Iluminaci\u00f3n Eficiente Profesional","isPartOf":{"@id":"https:\/\/iep-sa.com.ar\/#website"},"primaryImageOfPage":{"@id":"https:\/\/iep-sa.com.ar\/producto\/anubis-led\/#primaryimage"},"image":{"@id":"https:\/\/iep-sa.com.ar\/producto\/anubis-led\/#primaryimage"},"thumbnailUrl":"https:\/\/iep-sa.com.ar\/wp-content\/uploads\/2021\/09\/Anubis-01.jpg","datePublished":"2021-09-28T20:03:11+00:00","dateModified":"2023-11-28T14:20:09+00:00","breadcrumb":{"@id":"https:\/\/iep-sa.com.ar\/producto\/anubis-led\/#breadcrumb"},"inLanguage":"es","potentialAction":[{"@type":"ReadAction","target":["https:\/\/iep-sa.com.ar\/producto\/anubis-led\/"]}]},{"@type":"ImageObject","inLanguage":"es","@id":"https:\/\/iep-sa.com.ar\/producto\/anubis-led\/#primaryimage","url":"https:\/\/iep-sa.com.ar\/wp-content\/uploads\/2021\/09\/Anubis-01.jpg","contentUrl":"https:\/\/iep-sa.com.ar\/wp-content\/uploads\/2021\/09\/Anubis-01.jpg","width":1667,"height":1667},{"@type":"BreadcrumbList","@id":"https:\/\/iep-sa.com.ar\/producto\/anubis-led\/#breadcrumb","itemListElement":[{"@type":"ListItem","position":1,"name":"Portada","item":"https:\/\/iep-sa.com.ar\/"},{"@type":"ListItem","position":2,"name":"Productos","item":"https:\/\/iep-sa.com.ar\/productos\/"},{"@type":"ListItem","position":3,"name":"ANUBIS"}]},{"@type":"WebSite","@id":"https:\/\/iep-sa.com.ar\/#website","url":"https:\/\/iep-sa.com.ar\/","name":"IEP - Iluminaci\u00f3n Eficiente Profesional","description":"Iluminaci\u00f3n Vial - Profesional - Decorativa - Estacionamientos - Gasolineras - Deportiva - P\u00fablica - Privada","publisher":{"@id":"https:\/\/iep-sa.com.ar\/#organization"},"potentialAction":[{"@type":"SearchAction","target":{"@type":"EntryPoint","urlTemplate":"https:\/\/iep-sa.com.ar\/?s={search_term_string}"},"query-input":{"@type":"PropertyValueSpecification","valueRequired":true,"valueName":"search_term_string"}}],"inLanguage":"es"},{"@type":"Organization","@id":"https:\/\/iep-sa.com.ar\/#organization","name":"IEP - Iluminaci\u00f3n Eficiente Profesional","url":"https:\/\/iep-sa.com.ar\/","logo":{"@type":"ImageObject","inLanguage":"es","@id":"https:\/\/iep-sa.com.ar\/#\/schema\/logo\/image\/","url":"https:\/\/iep-sa.com.ar\/wp-content\/uploads\/2022\/11\/cropped-favicon.jpg","contentUrl":"https:\/\/iep-sa.com.ar\/wp-content\/uploads\/2022\/11\/cropped-favicon.jpg","width":512,"height":512,"caption":"IEP - Iluminaci\u00f3n Eficiente Profesional"},"image":{"@id":"https:\/\/iep-sa.com.ar\/#\/schema\/logo\/image\/"}}]}},"_links":{"self":[{"href":"https:\/\/iep-sa.com.ar\/nuevo\/wp-json\/wp\/v2\/product\/2969","targetHints":{"allow":["GET"]}}],"collection":[{"href":"https:\/\/iep-sa.com.ar\/nuevo\/wp-json\/wp\/v2\/product"}],"about":[{"href":"https:\/\/iep-sa.com.ar\/nuevo\/wp-json\/wp\/v2\/types\/product"}],"wp:featuredmedia":[{"embeddable":true,"href":"https:\/\/iep-sa.com.ar\/nuevo\/wp-json\/wp\/v2\/media\/4405"}],"wp:attachment":[{"href":"https:\/\/iep-sa.com.ar\/nuevo\/wp-json\/wp\/v2\/media?parent=2969"}],"wp:term":[{"taxonomy":"product_brand","embeddable":true,"href":"https:\/\/iep-sa.com.ar\/nuevo\/wp-json\/wp\/v2\/product_brand?post=2969"},{"taxonomy":"product_cat","embeddable":true,"href":"https:\/\/iep-sa.com.ar\/nuevo\/wp-json\/wp\/v2\/product_cat?post=2969"},{"taxonomy":"product_tag","embeddable":true,"href":"https:\/\/iep-sa.com.ar\/nuevo\/wp-json\/wp\/v2\/product_tag?post=2969"}],"curies":[{"name":"wp","href":"https:\/\/api.w.org\/{rel}","templated":true}]}}