{"id":2884,"date":"2021-09-28T16:13:19","date_gmt":"2021-09-28T16:13:19","guid":{"rendered":"https:\/\/iep-sa.com.ar\/nuevo\/?post_type=product&#038;p=2884"},"modified":"2022-01-14T19:25:12","modified_gmt":"2022-01-14T19:25:12","slug":"calipso","status":"publish","type":"product","link":"https:\/\/iep-sa.com.ar\/nuevo\/producto\/calipso\/","title":{"rendered":"CALIPSO"},"content":{"rendered":"<h4 style=\"text-align: left;\"><b>CARACTERISTICAS<\/b><\/h4>\n<p><a href=\"https:\/\/iep-sa.com.ar\/wp-content\/uploads\/2021\/09\/CALIPSO-1.png\"><img fetchpriority=\"high\" decoding=\"async\" class=\"size-large wp-image-4633 alignleft\" src=\"https:\/\/iep-sa.com.ar\/wp-content\/uploads\/2021\/09\/CALIPSO-1-1024x696.png\" alt=\"\" width=\"640\" height=\"435\" srcset=\"https:\/\/iep-sa.com.ar\/wp-content\/uploads\/2021\/09\/CALIPSO-1-1024x696.png 1024w, https:\/\/iep-sa.com.ar\/wp-content\/uploads\/2021\/09\/CALIPSO-1-300x204.png 300w, https:\/\/iep-sa.com.ar\/wp-content\/uploads\/2021\/09\/CALIPSO-1-768x522.png 768w, https:\/\/iep-sa.com.ar\/wp-content\/uploads\/2021\/09\/CALIPSO-1-600x408.png 600w, https:\/\/iep-sa.com.ar\/wp-content\/uploads\/2021\/09\/CALIPSO-1.png 1142w\" sizes=\"(max-width: 640px) 100vw, 640px\" \/><\/a><\/p>\n<h4><\/h4>\n<p>&nbsp;<\/p>\n<h4><\/h4>\n<h4><\/h4>\n<h4><\/h4>\n<h4><\/h4>\n<h4><\/h4>\n<h4><\/h4>\n<h4><\/h4>\n<h4><\/h4>\n<h4><\/h4>\n<p>&nbsp;<\/p>\n<p>&nbsp;<\/p>\n<p>&nbsp;<\/p>\n<p>&nbsp;<\/p>\n<p>&nbsp;<\/p>\n<p>&nbsp;<\/p>\n<p>&nbsp;<\/p>\n<p>&nbsp;<\/p>\n<h4><\/h4>\n<h4 style=\"text-align: left;\"><strong>MEDIDAS<\/strong><\/h4>\n<p><a href=\"https:\/\/iep-sa.com.ar\/wp-content\/uploads\/2021\/09\/Calipso-medidas.png\"><img decoding=\"async\" class=\"wp-image-2888 alignleft\" src=\"https:\/\/iep-sa.com.ar\/wp-content\/uploads\/2021\/09\/Calipso-medidas.png\" alt=\"\" width=\"404\" height=\"467\" srcset=\"https:\/\/iep-sa.com.ar\/wp-content\/uploads\/2021\/09\/Calipso-medidas.png 677w, https:\/\/iep-sa.com.ar\/wp-content\/uploads\/2021\/09\/Calipso-medidas-260x300.png 260w, https:\/\/iep-sa.com.ar\/wp-content\/uploads\/2021\/09\/Calipso-medidas-600x693.png 600w\" sizes=\"(max-width: 404px) 100vw, 404px\" \/><\/a><\/p>\n<p>&nbsp;<\/p>\n<h3><\/h3>\n<h3><\/h3>\n<h3><\/h3>\n<h3><\/h3>\n<h3><\/h3>\n<h3><\/h3>\n<h3><\/h3>\n<p>&nbsp;<\/p>\n<p>&nbsp;<\/p>\n<p>&nbsp;<\/p>\n<p>&nbsp;<\/p>\n<p>&nbsp;<\/p>\n<h3><\/h3>\n<h3><\/h3>\n<h3><\/h3>\n<h3><\/h3>\n<p>&nbsp;<\/p>\n<p>&nbsp;<\/p>\n<p>&nbsp;<\/p>\n<p>&nbsp;<\/p>\n<p>&nbsp;<\/p>\n<h3><\/h3>\n<h3 style=\"text-align: left;\"><b>DESCARGAS<\/b><\/h3>\n<div class=\"wp-block-file\" style=\"text-align: left;\"><a href=\"https:\/\/iep-sa.com.ar\/wp-content\/uploads\/2021\/09\/CALIPSO-1-1.pdf\">Ficha T\u00e9cnica Calipso<\/a><\/div>\n<p>&nbsp;<\/p>\n","protected":false},"excerpt":{"rendered":"<p class=\"p1\" style=\"text-align: left;\">CON LOS PUNTOS DE LUZ SOLARES DEL SISTEMA CALIPSO DE IEP DE ILUMINACI\u00d3N CUIDAMOS EL MEDIO AMBIENTE.<\/p>\n<p class=\"p1\" style=\"text-align: left;\">La energ\u00eda es captada por medio de paneles solares que se acumula en las bater\u00edas que posteriormente se utilizar\u00e1 durante la noche para alimentar la luminaria de manera limpia sin contaminar ni emitir CO2 a la atm\u00f3sfera, apostando por la sostenibilidad, todo esto gracias a la radiaci\u00f3n del sol.<\/p>\n","protected":false},"featured_media":4634,"template":"","meta":{"_joinchat":[]},"product_brand":[],"product_cat":[118,125,122,70,128,155,58,76,135,127,126,124,157,158,59,156],"product_tag":[],"class_list":{"0":"post-2884","1":"product","2":"type-product","3":"status-publish","4":"has-post-thumbnail","6":"product_cat-aceras","7":"product_cat-bicisendas","8":"product_cat-boulevards","9":"product_cat-calles-internas","10":"product_cat-costaneras","11":"product_cat-energia-solar","12":"product_cat-energias-renovables","13":"product_cat-estacionamientos","14":"product_cat-exterior","15":"product_cat-paseos","16":"product_cat-peatonales","17":"product_cat-plazas","18":"product_cat-telegestion-y-domotica","19":"product_cat-urbanizacion","20":"product_cat-urbano-decorativo","21":"product_cat-zonas-rurales","23":"first","24":"instock","25":"shipping-taxable","26":"product-type-simple","27":"layout-style-1","28":"col-md-4 col-sm-4 col-xs-6","29":"col-lg-3","30":"product-has-gallery","31":"product-style-default"},"yoast_head":"<!-- This site is optimized with the Yoast SEO plugin v27.4 - https:\/\/yoast.com\/product\/yoast-seo-wordpress\/ -->\n<title>CALIPSO - IEP - Iluminaci\u00f3n Eficiente Profesional<\/title>\n<meta name=\"robots\" content=\"index, follow, max-snippet:-1, max-image-preview:large, max-video-preview:-1\" \/>\n<link rel=\"canonical\" href=\"https:\/\/iep-sa.com.ar\/producto\/calipso\/\" \/>\n<meta property=\"og:locale\" content=\"es_ES\" \/>\n<meta property=\"og:type\" content=\"article\" \/>\n<meta property=\"og:title\" content=\"CALIPSO - IEP - Iluminaci\u00f3n Eficiente Profesional\" \/>\n<meta property=\"og:description\" content=\"CON LOS PUNTOS DE LUZ SOLARES DEL SISTEMA CALIPSO DE IEP DE ILUMINACI\u00d3N CUIDAMOS EL MEDIO AMBIENTE. La energ\u00eda es captada por medio de paneles solares que se acumula en las bater\u00edas que posteriormente se utilizar\u00e1 durante la noche para alimentar la luminaria de manera limpia sin contaminar ni emitir CO2 a la atm\u00f3sfera, apostando por la sostenibilidad, todo esto gracias a la radiaci\u00f3n del sol.\" \/>\n<meta property=\"og:url\" content=\"https:\/\/iep-sa.com.ar\/producto\/calipso\/\" \/>\n<meta property=\"og:site_name\" content=\"IEP - Iluminaci\u00f3n Eficiente Profesional\" \/>\n<meta property=\"article:modified_time\" content=\"2022-01-14T19:25:12+00:00\" \/>\n<meta property=\"og:image\" content=\"https:\/\/lightyellow-boar-299687.hostingersite.com\/wp-content\/uploads\/2021\/09\/CALIPSO.png\" \/>\n\t<meta property=\"og:image:width\" content=\"1400\" \/>\n\t<meta property=\"og:image:height\" content=\"1400\" \/>\n\t<meta property=\"og:image:type\" content=\"image\/png\" \/>\n<meta name=\"twitter:card\" content=\"summary_large_image\" \/>\n<meta name=\"twitter:label1\" content=\"Tiempo de lectura\" \/>\n\t<meta name=\"twitter:data1\" content=\"1 minuto\" \/>\n<script type=\"application\/ld+json\" class=\"yoast-schema-graph\">{\"@context\":\"https:\\\/\\\/schema.org\",\"@graph\":[{\"@type\":\"WebPage\",\"@id\":\"https:\\\/\\\/iep-sa.com.ar\\\/producto\\\/calipso\\\/\",\"url\":\"https:\\\/\\\/iep-sa.com.ar\\\/producto\\\/calipso\\\/\",\"name\":\"CALIPSO - IEP - Iluminaci\u00f3n Eficiente Profesional\",\"isPartOf\":{\"@id\":\"https:\\\/\\\/iep-sa.com.ar\\\/#website\"},\"primaryImageOfPage\":{\"@id\":\"https:\\\/\\\/iep-sa.com.ar\\\/producto\\\/calipso\\\/#primaryimage\"},\"image\":{\"@id\":\"https:\\\/\\\/iep-sa.com.ar\\\/producto\\\/calipso\\\/#primaryimage\"},\"thumbnailUrl\":\"https:\\\/\\\/iep-sa.com.ar\\\/wp-content\\\/uploads\\\/2021\\\/09\\\/CALIPSO.png\",\"datePublished\":\"2021-09-28T16:13:19+00:00\",\"dateModified\":\"2022-01-14T19:25:12+00:00\",\"breadcrumb\":{\"@id\":\"https:\\\/\\\/iep-sa.com.ar\\\/producto\\\/calipso\\\/#breadcrumb\"},\"inLanguage\":\"es\",\"potentialAction\":[{\"@type\":\"ReadAction\",\"target\":[\"https:\\\/\\\/iep-sa.com.ar\\\/producto\\\/calipso\\\/\"]}]},{\"@type\":\"ImageObject\",\"inLanguage\":\"es\",\"@id\":\"https:\\\/\\\/iep-sa.com.ar\\\/producto\\\/calipso\\\/#primaryimage\",\"url\":\"https:\\\/\\\/iep-sa.com.ar\\\/wp-content\\\/uploads\\\/2021\\\/09\\\/CALIPSO.png\",\"contentUrl\":\"https:\\\/\\\/iep-sa.com.ar\\\/wp-content\\\/uploads\\\/2021\\\/09\\\/CALIPSO.png\",\"width\":1400,\"height\":1400},{\"@type\":\"BreadcrumbList\",\"@id\":\"https:\\\/\\\/iep-sa.com.ar\\\/producto\\\/calipso\\\/#breadcrumb\",\"itemListElement\":[{\"@type\":\"ListItem\",\"position\":1,\"name\":\"Portada\",\"item\":\"https:\\\/\\\/iep-sa.com.ar\\\/\"},{\"@type\":\"ListItem\",\"position\":2,\"name\":\"Productos\",\"item\":\"https:\\\/\\\/iep-sa.com.ar\\\/productos\\\/\"},{\"@type\":\"ListItem\",\"position\":3,\"name\":\"CALIPSO\"}]},{\"@type\":\"WebSite\",\"@id\":\"https:\\\/\\\/iep-sa.com.ar\\\/#website\",\"url\":\"https:\\\/\\\/iep-sa.com.ar\\\/\",\"name\":\"IEP - Iluminaci\u00f3n Eficiente Profesional\",\"description\":\"Iluminaci\u00f3n Vial - Profesional - Decorativa - Estacionamientos - Gasolineras - Deportiva - P\u00fablica - Privada\",\"publisher\":{\"@id\":\"https:\\\/\\\/iep-sa.com.ar\\\/#organization\"},\"potentialAction\":[{\"@type\":\"SearchAction\",\"target\":{\"@type\":\"EntryPoint\",\"urlTemplate\":\"https:\\\/\\\/iep-sa.com.ar\\\/?s={search_term_string}\"},\"query-input\":{\"@type\":\"PropertyValueSpecification\",\"valueRequired\":true,\"valueName\":\"search_term_string\"}}],\"inLanguage\":\"es\"},{\"@type\":\"Organization\",\"@id\":\"https:\\\/\\\/iep-sa.com.ar\\\/#organization\",\"name\":\"IEP - Iluminaci\u00f3n Eficiente Profesional\",\"url\":\"https:\\\/\\\/iep-sa.com.ar\\\/\",\"logo\":{\"@type\":\"ImageObject\",\"inLanguage\":\"es\",\"@id\":\"https:\\\/\\\/iep-sa.com.ar\\\/#\\\/schema\\\/logo\\\/image\\\/\",\"url\":\"https:\\\/\\\/iep-sa.com.ar\\\/wp-content\\\/uploads\\\/2022\\\/11\\\/cropped-favicon.jpg\",\"contentUrl\":\"https:\\\/\\\/iep-sa.com.ar\\\/wp-content\\\/uploads\\\/2022\\\/11\\\/cropped-favicon.jpg\",\"width\":512,\"height\":512,\"caption\":\"IEP - Iluminaci\u00f3n Eficiente Profesional\"},\"image\":{\"@id\":\"https:\\\/\\\/iep-sa.com.ar\\\/#\\\/schema\\\/logo\\\/image\\\/\"}}]}<\/script>\n<!-- \/ Yoast SEO plugin. -->","yoast_head_json":{"title":"CALIPSO - IEP - Iluminaci\u00f3n Eficiente Profesional","robots":{"index":"index","follow":"follow","max-snippet":"max-snippet:-1","max-image-preview":"max-image-preview:large","max-video-preview":"max-video-preview:-1"},"canonical":"https:\/\/iep-sa.com.ar\/producto\/calipso\/","og_locale":"es_ES","og_type":"article","og_title":"CALIPSO - IEP - Iluminaci\u00f3n Eficiente Profesional","og_description":"CON LOS PUNTOS DE LUZ SOLARES DEL SISTEMA CALIPSO DE IEP DE ILUMINACI\u00d3N CUIDAMOS EL MEDIO AMBIENTE. La energ\u00eda es captada por medio de paneles solares que se acumula en las bater\u00edas que posteriormente se utilizar\u00e1 durante la noche para alimentar la luminaria de manera limpia sin contaminar ni emitir CO2 a la atm\u00f3sfera, apostando por la sostenibilidad, todo esto gracias a la radiaci\u00f3n del sol.","og_url":"https:\/\/iep-sa.com.ar\/producto\/calipso\/","og_site_name":"IEP - Iluminaci\u00f3n Eficiente Profesional","article_modified_time":"2022-01-14T19:25:12+00:00","og_image":[{"width":1400,"height":1400,"url":"https:\/\/lightyellow-boar-299687.hostingersite.com\/wp-content\/uploads\/2021\/09\/CALIPSO.png","type":"image\/png"}],"twitter_card":"summary_large_image","twitter_misc":{"Tiempo de lectura":"1 minuto"},"schema":{"@context":"https:\/\/schema.org","@graph":[{"@type":"WebPage","@id":"https:\/\/iep-sa.com.ar\/producto\/calipso\/","url":"https:\/\/iep-sa.com.ar\/producto\/calipso\/","name":"CALIPSO - IEP - Iluminaci\u00f3n Eficiente Profesional","isPartOf":{"@id":"https:\/\/iep-sa.com.ar\/#website"},"primaryImageOfPage":{"@id":"https:\/\/iep-sa.com.ar\/producto\/calipso\/#primaryimage"},"image":{"@id":"https:\/\/iep-sa.com.ar\/producto\/calipso\/#primaryimage"},"thumbnailUrl":"https:\/\/iep-sa.com.ar\/wp-content\/uploads\/2021\/09\/CALIPSO.png","datePublished":"2021-09-28T16:13:19+00:00","dateModified":"2022-01-14T19:25:12+00:00","breadcrumb":{"@id":"https:\/\/iep-sa.com.ar\/producto\/calipso\/#breadcrumb"},"inLanguage":"es","potentialAction":[{"@type":"ReadAction","target":["https:\/\/iep-sa.com.ar\/producto\/calipso\/"]}]},{"@type":"ImageObject","inLanguage":"es","@id":"https:\/\/iep-sa.com.ar\/producto\/calipso\/#primaryimage","url":"https:\/\/iep-sa.com.ar\/wp-content\/uploads\/2021\/09\/CALIPSO.png","contentUrl":"https:\/\/iep-sa.com.ar\/wp-content\/uploads\/2021\/09\/CALIPSO.png","width":1400,"height":1400},{"@type":"BreadcrumbList","@id":"https:\/\/iep-sa.com.ar\/producto\/calipso\/#breadcrumb","itemListElement":[{"@type":"ListItem","position":1,"name":"Portada","item":"https:\/\/iep-sa.com.ar\/"},{"@type":"ListItem","position":2,"name":"Productos","item":"https:\/\/iep-sa.com.ar\/productos\/"},{"@type":"ListItem","position":3,"name":"CALIPSO"}]},{"@type":"WebSite","@id":"https:\/\/iep-sa.com.ar\/#website","url":"https:\/\/iep-sa.com.ar\/","name":"IEP - Iluminaci\u00f3n Eficiente Profesional","description":"Iluminaci\u00f3n Vial - Profesional - Decorativa - Estacionamientos - Gasolineras - Deportiva - P\u00fablica - Privada","publisher":{"@id":"https:\/\/iep-sa.com.ar\/#organization"},"potentialAction":[{"@type":"SearchAction","target":{"@type":"EntryPoint","urlTemplate":"https:\/\/iep-sa.com.ar\/?s={search_term_string}"},"query-input":{"@type":"PropertyValueSpecification","valueRequired":true,"valueName":"search_term_string"}}],"inLanguage":"es"},{"@type":"Organization","@id":"https:\/\/iep-sa.com.ar\/#organization","name":"IEP - Iluminaci\u00f3n Eficiente Profesional","url":"https:\/\/iep-sa.com.ar\/","logo":{"@type":"ImageObject","inLanguage":"es","@id":"https:\/\/iep-sa.com.ar\/#\/schema\/logo\/image\/","url":"https:\/\/iep-sa.com.ar\/wp-content\/uploads\/2022\/11\/cropped-favicon.jpg","contentUrl":"https:\/\/iep-sa.com.ar\/wp-content\/uploads\/2022\/11\/cropped-favicon.jpg","width":512,"height":512,"caption":"IEP - Iluminaci\u00f3n Eficiente Profesional"},"image":{"@id":"https:\/\/iep-sa.com.ar\/#\/schema\/logo\/image\/"}}]}},"_links":{"self":[{"href":"https:\/\/iep-sa.com.ar\/nuevo\/wp-json\/wp\/v2\/product\/2884","targetHints":{"allow":["GET"]}}],"collection":[{"href":"https:\/\/iep-sa.com.ar\/nuevo\/wp-json\/wp\/v2\/product"}],"about":[{"href":"https:\/\/iep-sa.com.ar\/nuevo\/wp-json\/wp\/v2\/types\/product"}],"wp:featuredmedia":[{"embeddable":true,"href":"https:\/\/iep-sa.com.ar\/nuevo\/wp-json\/wp\/v2\/media\/4634"}],"wp:attachment":[{"href":"https:\/\/iep-sa.com.ar\/nuevo\/wp-json\/wp\/v2\/media?parent=2884"}],"wp:term":[{"taxonomy":"product_brand","embeddable":true,"href":"https:\/\/iep-sa.com.ar\/nuevo\/wp-json\/wp\/v2\/product_brand?post=2884"},{"taxonomy":"product_cat","embeddable":true,"href":"https:\/\/iep-sa.com.ar\/nuevo\/wp-json\/wp\/v2\/product_cat?post=2884"},{"taxonomy":"product_tag","embeddable":true,"href":"https:\/\/iep-sa.com.ar\/nuevo\/wp-json\/wp\/v2\/product_tag?post=2884"}],"curies":[{"name":"wp","href":"https:\/\/api.w.org\/{rel}","templated":true}]}}