{"id":319,"date":"2016-08-23T04:15:21","date_gmt":"2016-08-23T04:15:21","guid":{"rendered":"http:\/\/demo.uix.store\/sober\/?page_id=319"},"modified":"2026-03-18T18:08:31","modified_gmt":"2026-03-18T18:08:31","slug":"empresa","status":"publish","type":"page","link":"https:\/\/iep-sa.com.ar\/nuevo\/empresa\/","title":{"rendered":"Empresa"},"content":{"rendered":"\t\t<div data-elementor-type=\"wp-page\" data-elementor-id=\"319\" class=\"elementor elementor-319\">\n\t\t\t\t\t\t<section class=\"elementor-section elementor-top-section elementor-element elementor-element-207b elementor-section-full_width elementor-section-height-default elementor-section-height-default\" data-id=\"207b\" data-element_type=\"section\" data-e-type=\"section\">\n\t\t\t\t\t\t<div class=\"elementor-container elementor-column-gap-default\">\n\t\t\t\t\t<div class=\"elementor-column elementor-col-100 elementor-top-column elementor-element elementor-element-7e98\" data-id=\"7e98\" data-element_type=\"column\" data-e-type=\"column\">\n\t\t\t<div class=\"elementor-widget-wrap elementor-element-populated\">\n\t\t\t\t\t\t<div class=\"elementor-element elementor-element-74ecceb elementor-widget elementor-widget-heading\" data-id=\"74ecceb\" data-element_type=\"widget\" data-e-type=\"widget\" data-widget_type=\"heading.default\">\n\t\t\t\t<div class=\"elementor-widget-container\">\n\t\t\t\t\t<h2 class=\"elementor-heading-title elementor-size-default\">HISTORIA<\/h2>\t\t\t\t<\/div>\n\t\t\t\t<\/div>\n\t\t\t\t<div class=\"elementor-element elementor-element-66f1 elementor-widget elementor-widget-text-editor\" data-id=\"66f1\" data-element_type=\"widget\" data-e-type=\"widget\" data-widget_type=\"text-editor.default\">\n\t\t\t\t<div class=\"elementor-widget-container\">\n\t\t\t\t\t\t\t\t\t<p><b>\u201cReflectores IEP\u201d<\/b> fue fundada en 1922 siendo la primera compa\u00f1\u00eda especializada en la fabricaci\u00f3n de luminarias para el alumbrado p\u00fablico en Espa\u00f1a. Durante los a\u00f1os 50 IEP trabaj\u00f3 junto con el Gobierno Espa\u00f1ol en la definici\u00f3n de normas y regulaciones del alumbrado p\u00fablico.<\/p><p>En 1966 IEP fue integrada en el grupo Simon. Se instala en Argentina en el a\u00f1o 1998, emplazado en la localidad de Munro, Provincia de Bs. As.<\/p><p>Participa en la realizaci\u00f3n de obras de prestigio a nivel nacional y en pa\u00edses lim\u00edtrofes, con el sello implantado por sus fundadores de proveer productos de calidad superior.<\/p><p>IEP fue ganando participaci\u00f3n en el mercado, logrando en el a\u00f1o 2005, la ampliaci\u00f3n de sus instalaciones, en un moderno predio en el Centro Industrial Gar\u00edn, d\u00f3nde se realizan los estudios luminot\u00e9cnicos necesarios para ofrecer productos de alta calidad visual, est\u00e9tica y \u00f3ptimas condiciones de servicio.<\/p><p>El predio consta de 10.000 m2, en donde la producci\u00f3n se realiza con las \u00faltimas tecnolog\u00edas a nivel mundial, certificado con los m\u00e1s altos est\u00e1ndares de calidad en laboratorios nacionales para las luminarias que son utilizadas en las obras de nuestros clientes.<\/p><p>Desde 2019 \u2013 IEP pasa a ser \u00edntegramente de Capital Nacional dando as\u00ed un fuerte paso a la Industrializaci\u00f3n de sus productos dentro del Marco de la Econom\u00eda Circular de sus productos para que sean altamente sustentables cuidando el medio Ambiente<\/p>\t\t\t\t\t\t\t\t<\/div>\n\t\t\t\t<\/div>\n\t\t\t\t\t<\/div>\n\t\t<\/div>\n\t\t\t\t\t<\/div>\n\t\t<\/section>\n\t\t\t\t<section class=\"elementor-section elementor-top-section elementor-element elementor-element-d3ec36c elementor-section-boxed elementor-section-height-default elementor-section-height-default\" data-id=\"d3ec36c\" data-element_type=\"section\" data-e-type=\"section\">\n\t\t\t\t\t\t<div class=\"elementor-container elementor-column-gap-default\">\n\t\t\t\t\t<div class=\"elementor-column elementor-col-100 elementor-top-column elementor-element elementor-element-3843837\" data-id=\"3843837\" data-element_type=\"column\" data-e-type=\"column\">\n\t\t\t<div class=\"elementor-widget-wrap elementor-element-populated\">\n\t\t\t\t\t\t<div class=\"elementor-element elementor-element-147f7f7 elementor-widget elementor-widget-spacer\" data-id=\"147f7f7\" data-element_type=\"widget\" data-e-type=\"widget\" data-widget_type=\"spacer.default\">\n\t\t\t\t<div class=\"elementor-widget-container\">\n\t\t\t\t\t\t\t<div class=\"elementor-spacer\">\n\t\t\t<div class=\"elementor-spacer-inner\"><\/div>\n\t\t<\/div>\n\t\t\t\t\t\t<\/div>\n\t\t\t\t<\/div>\n\t\t\t\t\t<\/div>\n\t\t<\/div>\n\t\t\t\t\t<\/div>\n\t\t<\/section>\n\t\t\t\t<section class=\"elementor-section elementor-top-section elementor-element elementor-element-d5a9209 elementor-section-full_width elementor-section-content-top elementor-section-stretched elementor-section-height-default elementor-section-height-default\" data-id=\"d5a9209\" data-element_type=\"section\" data-e-type=\"section\" data-settings=\"{&quot;stretch_section&quot;:&quot;section-stretched&quot;,&quot;background_background&quot;:&quot;classic&quot;}\">\n\t\t\t\t\t\t<div class=\"elementor-container elementor-column-gap-custom\">\n\t\t\t\t\t<div class=\"elementor-column elementor-col-33 elementor-top-column elementor-element elementor-element-71209a7\" data-id=\"71209a7\" data-element_type=\"column\" data-e-type=\"column\">\n\t\t\t<div class=\"elementor-widget-wrap elementor-element-populated\">\n\t\t\t\t\t\t<div class=\"elementor-element elementor-element-2888ab6 elementor-widget elementor-widget-heading\" data-id=\"2888ab6\" data-element_type=\"widget\" data-e-type=\"widget\" data-widget_type=\"heading.default\">\n\t\t\t\t<div class=\"elementor-widget-container\">\n\t\t\t\t\t<h2 class=\"elementor-heading-title elementor-size-default\">MISI\u00d3N<\/h2>\t\t\t\t<\/div>\n\t\t\t\t<\/div>\n\t\t\t\t<div class=\"elementor-element elementor-element-7b42871 elementor-widget elementor-widget-text-editor\" data-id=\"7b42871\" data-element_type=\"widget\" data-e-type=\"widget\" data-widget_type=\"text-editor.default\">\n\t\t\t\t<div class=\"elementor-widget-container\">\n\t\t\t\t\t\t\t\t\t<p>Crear productos de alta calidad luminot\u00e9cnica, ofreciendo al mercado innovaci\u00f3n en el Campo de la visi\u00f3n y el dise\u00f1o.<\/p><p>Promover la sustenibilidad y ecolog\u00eda, en base a productos durables.<\/p><p>Satisfacer las necesidades de nuestros clientes realizando proyectos lum\u00ednicos y dise\u00f1os Customizados.<\/p>\t\t\t\t\t\t\t\t<\/div>\n\t\t\t\t<\/div>\n\t\t\t\t\t<\/div>\n\t\t<\/div>\n\t\t\t\t<div class=\"elementor-column elementor-col-33 elementor-top-column elementor-element elementor-element-52a75bb\" data-id=\"52a75bb\" data-element_type=\"column\" data-e-type=\"column\">\n\t\t\t<div class=\"elementor-widget-wrap elementor-element-populated\">\n\t\t\t\t\t\t<div class=\"elementor-element elementor-element-10a99f7 elementor-widget elementor-widget-heading\" data-id=\"10a99f7\" data-element_type=\"widget\" data-e-type=\"widget\" data-widget_type=\"heading.default\">\n\t\t\t\t<div class=\"elementor-widget-container\">\n\t\t\t\t\t<h2 class=\"elementor-heading-title elementor-size-default\">VISI\u00d3N<\/h2>\t\t\t\t<\/div>\n\t\t\t\t<\/div>\n\t\t\t\t<div class=\"elementor-element elementor-element-8cea2ad elementor-widget elementor-widget-text-editor\" data-id=\"8cea2ad\" data-element_type=\"widget\" data-e-type=\"widget\" data-widget_type=\"text-editor.default\">\n\t\t\t\t<div class=\"elementor-widget-container\">\n\t\t\t\t\t\t\t\t\t<p>Alcanzar el Reconocimiento de nuestros Clientes como Lideres en Innovaci\u00f3n Eficiencia y sustentabilidad en el Alumbrado del Espacio Publico en Interior y en exterior Mejorando la Calidad de la Visi\u00f3n con productos Eco Eficientes y Durables<\/p>\t\t\t\t\t\t\t\t<\/div>\n\t\t\t\t<\/div>\n\t\t\t\t\t<\/div>\n\t\t<\/div>\n\t\t\t\t<div class=\"elementor-column elementor-col-33 elementor-top-column elementor-element elementor-element-9e53d95\" data-id=\"9e53d95\" data-element_type=\"column\" data-e-type=\"column\">\n\t\t\t<div class=\"elementor-widget-wrap elementor-element-populated\">\n\t\t\t\t\t\t<div class=\"elementor-element elementor-element-beb0e74 elementor-widget elementor-widget-heading\" data-id=\"beb0e74\" data-element_type=\"widget\" data-e-type=\"widget\" data-widget_type=\"heading.default\">\n\t\t\t\t<div class=\"elementor-widget-container\">\n\t\t\t\t\t<h2 class=\"elementor-heading-title elementor-size-default\">VALORES<\/h2>\t\t\t\t<\/div>\n\t\t\t\t<\/div>\n\t\t\t\t<div class=\"elementor-element elementor-element-bbb5c25 elementor-widget elementor-widget-text-editor\" data-id=\"bbb5c25\" data-element_type=\"widget\" data-e-type=\"widget\" data-widget_type=\"text-editor.default\">\n\t\t\t\t<div class=\"elementor-widget-container\">\n\t\t\t\t\t\t\t\t\t<ul><li>Compromiso<\/li><li>Respeto<\/li><li>Cumplimiento<\/li><li>Confiabilidad<\/li><li>Innovaci\u00f3n<\/li><li>Colaboraci\u00f3n<\/li><li>Agilidad<\/li><\/ul>\t\t\t\t\t\t\t\t<\/div>\n\t\t\t\t<\/div>\n\t\t\t\t\t<\/div>\n\t\t<\/div>\n\t\t\t\t\t<\/div>\n\t\t<\/section>\n\t\t\t\t<section class=\"elementor-section elementor-top-section elementor-element elementor-element-52f964e elementor-section-boxed elementor-section-height-default elementor-section-height-default\" data-id=\"52f964e\" data-element_type=\"section\" data-e-type=\"section\">\n\t\t\t\t\t\t<div class=\"elementor-container elementor-column-gap-default\">\n\t\t\t\t\t<div class=\"elementor-column elementor-col-100 elementor-top-column elementor-element elementor-element-1bbb58e\" data-id=\"1bbb58e\" data-element_type=\"column\" data-e-type=\"column\">\n\t\t\t<div class=\"elementor-widget-wrap\">\n\t\t\t\t\t\t\t<\/div>\n\t\t<\/div>\n\t\t\t\t\t<\/div>\n\t\t<\/section>\n\t\t\t\t<section class=\"elementor-section elementor-top-section elementor-element elementor-element-0cde0fe elementor-section-full_width elementor-section-height-default elementor-section-height-default\" data-id=\"0cde0fe\" data-element_type=\"section\" data-e-type=\"section\">\n\t\t\t\t\t\t<div class=\"elementor-container elementor-column-gap-default\">\n\t\t\t\t\t<div class=\"elementor-column elementor-col-100 elementor-top-column elementor-element elementor-element-3589db6\" data-id=\"3589db6\" data-element_type=\"column\" data-e-type=\"column\">\n\t\t\t<div class=\"elementor-widget-wrap elementor-element-populated\">\n\t\t\t\t\t\t<div class=\"elementor-element elementor-element-3875f8b elementor-widget elementor-widget-spacer\" data-id=\"3875f8b\" data-element_type=\"widget\" data-e-type=\"widget\" data-widget_type=\"spacer.default\">\n\t\t\t\t<div class=\"elementor-widget-container\">\n\t\t\t\t\t\t\t<div class=\"elementor-spacer\">\n\t\t\t<div class=\"elementor-spacer-inner\"><\/div>\n\t\t<\/div>\n\t\t\t\t\t\t<\/div>\n\t\t\t\t<\/div>\n\t\t\t\t<div class=\"elementor-element elementor-element-19b63e4 elementor-widget elementor-widget-heading\" data-id=\"19b63e4\" data-element_type=\"widget\" data-e-type=\"widget\" data-widget_type=\"heading.default\">\n\t\t\t\t<div class=\"elementor-widget-container\">\n\t\t\t\t\t<h2 class=\"elementor-heading-title elementor-size-default\">COMPROMISO CON EL MEDIOAMBIENTE<br><\/h2>\t\t\t\t<\/div>\n\t\t\t\t<\/div>\n\t\t\t\t<div class=\"elementor-element elementor-element-ef1172f elementor-widget elementor-widget-image\" data-id=\"ef1172f\" data-element_type=\"widget\" data-e-type=\"widget\" data-widget_type=\"image.default\">\n\t\t\t\t<div class=\"elementor-widget-container\">\n\t\t\t\t\t\t\t\t\t\t\t\t\t\t\t<img decoding=\"async\" src=\"https:\/\/iep-sa.com.ar\/wp-content\/uploads\/elementor\/thumbs\/eco3-rl1mgv7za4arzknvgvnsqetzjcqz6jmj5evv3lwkcg.png\" title=\"eco3\" alt=\"eco3\" loading=\"lazy\" \/>\t\t\t\t\t\t\t\t\t\t\t\t\t\t\t<\/div>\n\t\t\t\t<\/div>\n\t\t\t\t<div class=\"elementor-element elementor-element-5dc82ae elementor-widget elementor-widget-text-editor\" data-id=\"5dc82ae\" data-element_type=\"widget\" data-e-type=\"widget\" data-widget_type=\"text-editor.default\">\n\t\t\t\t<div class=\"elementor-widget-container\">\n\t\t\t\t\t\t\t\t\t<p><b>ECO 3<\/b> es el nombre que recibe en IEP Iluminaci\u00f3n un conjunto de conceptos relacionados con la sostenibilidad y la ecolog\u00eda aplicados a la iluminaci\u00f3n y sobre los cuales, se disenan nuestras iluminarias y se conciben nuestros proyectos de iluminaci\u00f3n.<\/p><p>ECO3 asegura que nuestros productos cumplen con los requisitos impuestos en el Real Decreto 1890\/9 sobre \u201cEficiencia Energ\u00e9tica de Alumbrado P\u00fablico\u201d.<\/p><p><b>ECO3 se fundamente sobre 3 ideas b\u00e1sicas:<\/b><\/p><p>1\u00b0 \u2013 M\u00e1xima utilizaci\u00f3n de materiales reciclables en el diseno y construcci\u00f3n de iluminarias, columnas y puntos de luz.<\/p><p>2\u00b0 \u2013 Diseno de Instalaciones y luminarias con una alta eficiencia energ\u00e9tica.<\/p><p>3\u00b0 \u2013 Bajo nivel de contaminaci\u00f3n lum\u00ednica controlando las emisiones de luz en el hemisferio superior, lo que deriva en el diseno de luminarias con un bajo \u00edndice FHS (Flujo hemisferio superior)e<\/p>\t\t\t\t\t\t\t\t<\/div>\n\t\t\t\t<\/div>\n\t\t\t\t\t<\/div>\n\t\t<\/div>\n\t\t\t\t\t<\/div>\n\t\t<\/section>\n\t\t\t\t<section class=\"elementor-section elementor-top-section elementor-element elementor-element-bd5ecb7 elementor-section-boxed elementor-section-height-default elementor-section-height-default\" data-id=\"bd5ecb7\" data-element_type=\"section\" data-e-type=\"section\">\n\t\t\t\t\t\t<div class=\"elementor-container elementor-column-gap-default\">\n\t\t\t\t\t<div class=\"elementor-column elementor-col-100 elementor-top-column elementor-element elementor-element-cbab375\" data-id=\"cbab375\" data-element_type=\"column\" data-e-type=\"column\">\n\t\t\t<div class=\"elementor-widget-wrap elementor-element-populated\">\n\t\t\t\t\t\t<div class=\"elementor-element elementor-element-7b6b0de elementor-widget elementor-widget-text-editor\" data-id=\"7b6b0de\" data-element_type=\"widget\" data-e-type=\"widget\" data-widget_type=\"text-editor.default\">\n\t\t\t\t<div class=\"elementor-widget-container\">\n\t\t\t\t\t\t\t\t\t<h2>POLITICAS DE CALIDAD<\/h2>\n<p><strong>IEP de Iluminaci\u00f3n<\/strong>&nbsp;&nbsp; es&nbsp; una Empresa abocada al Confort Visual poniendo a disposici\u00f3n de los Clientes Productos de Alta Performance de Calidad que cumplan con:<\/p>\n<ul>\n<li>Seguridad El\u00e9ctrica<\/li>\n<li>Seguridad Mec\u00e1nica<\/li>\n<li>Alto Performance Fotom\u00e9trico<\/li>\n<li>Cuidado del Dise\u00f1o Est\u00e9tico<\/li>\n<\/ul>\n<p>Fruto del <strong>compromiso de<\/strong> <strong>IEP de Iluminaci\u00f3n <\/strong>con sus clientes, establece el Sistema de Gesti\u00f3n de Calidad enfocado al cumplimiento de sus requisitos como as\u00ed tambi\u00e9n de los surgidos de sus partes interesadas dentro del marco legal aplicable.<\/p>\n<p>El principal objetivo de la Empresa es la satisfacci\u00f3n de las necesidades de sus clientes y, a tal efecto, se trabaja intensamente para adecuar los procesos tomando acciones analizadas y responsables para impulsar objetivos de mejora continua.<\/p>\t\t\t\t\t\t\t\t<\/div>\n\t\t\t\t<\/div>\n\t\t\t\t\t<\/div>\n\t\t<\/div>\n\t\t\t\t\t<\/div>\n\t\t<\/section>\n\t\t\t\t<\/div>\n\t\t","protected":false},"excerpt":{"rendered":"<p>HISTORIA \u201cReflectores IEP\u201d fue fundada en 1922 siendo la primera compa\u00f1\u00eda especializada en la fabricaci\u00f3n&hellip;<\/p>\n","protected":false},"author":1,"featured_media":0,"parent":0,"menu_order":0,"comment_status":"closed","ping_status":"closed","template":"","meta":{"_joinchat":[],"footnotes":""},"class_list":["post-319","page","type-page","status-publish","hentry"],"yoast_head":"<!-- This site is optimized with the Yoast SEO plugin v27.4 - https:\/\/yoast.com\/product\/yoast-seo-wordpress\/ -->\n<title>Empresa - IEP - Iluminaci\u00f3n Eficiente Profesional<\/title>\n<meta name=\"robots\" content=\"index, follow, max-snippet:-1, max-image-preview:large, max-video-preview:-1\" \/>\n<link rel=\"canonical\" href=\"https:\/\/iep-sa.com.ar\/empresa\/\" \/>\n<meta property=\"og:locale\" content=\"es_ES\" \/>\n<meta property=\"og:type\" content=\"article\" \/>\n<meta property=\"og:title\" content=\"Empresa - IEP - Iluminaci\u00f3n Eficiente Profesional\" \/>\n<meta property=\"og:description\" content=\"HISTORIA \u201cReflectores IEP\u201d fue fundada en 1922 siendo la primera compa\u00f1\u00eda especializada en la fabricaci\u00f3n&hellip;\" \/>\n<meta property=\"og:url\" content=\"https:\/\/iep-sa.com.ar\/empresa\/\" \/>\n<meta property=\"og:site_name\" content=\"IEP - Iluminaci\u00f3n Eficiente Profesional\" \/>\n<meta property=\"article:modified_time\" content=\"2026-03-18T18:08:31+00:00\" \/>\n<meta property=\"og:image\" content=\"https:\/\/iep-sa.com.ar\/wp-content\/uploads\/elementor\/thumbs\/eco3-pds7g7bjt7ueovmij56ygkbbsnbxgl612xkycrv6yo.png\" \/>\n<meta name=\"twitter:card\" content=\"summary_large_image\" \/>\n<meta name=\"twitter:label1\" content=\"Tiempo de lectura\" \/>\n\t<meta name=\"twitter:data1\" content=\"3 minutos\" \/>\n<script type=\"application\/ld+json\" class=\"yoast-schema-graph\">{\"@context\":\"https:\\\/\\\/schema.org\",\"@graph\":[{\"@type\":\"WebPage\",\"@id\":\"https:\\\/\\\/iep-sa.com.ar\\\/empresa\\\/\",\"url\":\"https:\\\/\\\/iep-sa.com.ar\\\/empresa\\\/\",\"name\":\"Empresa - IEP - Iluminaci\u00f3n Eficiente Profesional\",\"isPartOf\":{\"@id\":\"https:\\\/\\\/iep-sa.com.ar\\\/#website\"},\"primaryImageOfPage\":{\"@id\":\"https:\\\/\\\/iep-sa.com.ar\\\/empresa\\\/#primaryimage\"},\"image\":{\"@id\":\"https:\\\/\\\/iep-sa.com.ar\\\/empresa\\\/#primaryimage\"},\"thumbnailUrl\":\"https:\\\/\\\/iep-sa.com.ar\\\/wp-content\\\/uploads\\\/elementor\\\/thumbs\\\/eco3-pds7g7bjt7ueovmij56ygkbbsnbxgl612xkycrv6yo.png\",\"datePublished\":\"2016-08-23T04:15:21+00:00\",\"dateModified\":\"2026-03-18T18:08:31+00:00\",\"breadcrumb\":{\"@id\":\"https:\\\/\\\/iep-sa.com.ar\\\/empresa\\\/#breadcrumb\"},\"inLanguage\":\"es\",\"potentialAction\":[{\"@type\":\"ReadAction\",\"target\":[\"https:\\\/\\\/iep-sa.com.ar\\\/empresa\\\/\"]}]},{\"@type\":\"ImageObject\",\"inLanguage\":\"es\",\"@id\":\"https:\\\/\\\/iep-sa.com.ar\\\/empresa\\\/#primaryimage\",\"url\":\"https:\\\/\\\/iep-sa.com.ar\\\/wp-content\\\/uploads\\\/elementor\\\/thumbs\\\/eco3-pds7g7bjt7ueovmij56ygkbbsnbxgl612xkycrv6yo.png\",\"contentUrl\":\"https:\\\/\\\/iep-sa.com.ar\\\/wp-content\\\/uploads\\\/elementor\\\/thumbs\\\/eco3-pds7g7bjt7ueovmij56ygkbbsnbxgl612xkycrv6yo.png\"},{\"@type\":\"BreadcrumbList\",\"@id\":\"https:\\\/\\\/iep-sa.com.ar\\\/empresa\\\/#breadcrumb\",\"itemListElement\":[{\"@type\":\"ListItem\",\"position\":1,\"name\":\"Portada\",\"item\":\"https:\\\/\\\/iep-sa.com.ar\\\/\"},{\"@type\":\"ListItem\",\"position\":2,\"name\":\"Empresa\"}]},{\"@type\":\"WebSite\",\"@id\":\"https:\\\/\\\/iep-sa.com.ar\\\/#website\",\"url\":\"https:\\\/\\\/iep-sa.com.ar\\\/\",\"name\":\"IEP - Iluminaci\u00f3n Eficiente Profesional\",\"description\":\"Iluminaci\u00f3n Vial - Profesional - Decorativa - Estacionamientos - Gasolineras - Deportiva - P\u00fablica - Privada\",\"publisher\":{\"@id\":\"https:\\\/\\\/iep-sa.com.ar\\\/#organization\"},\"potentialAction\":[{\"@type\":\"SearchAction\",\"target\":{\"@type\":\"EntryPoint\",\"urlTemplate\":\"https:\\\/\\\/iep-sa.com.ar\\\/?s={search_term_string}\"},\"query-input\":{\"@type\":\"PropertyValueSpecification\",\"valueRequired\":true,\"valueName\":\"search_term_string\"}}],\"inLanguage\":\"es\"},{\"@type\":\"Organization\",\"@id\":\"https:\\\/\\\/iep-sa.com.ar\\\/#organization\",\"name\":\"IEP - Iluminaci\u00f3n Eficiente Profesional\",\"url\":\"https:\\\/\\\/iep-sa.com.ar\\\/\",\"logo\":{\"@type\":\"ImageObject\",\"inLanguage\":\"es\",\"@id\":\"https:\\\/\\\/iep-sa.com.ar\\\/#\\\/schema\\\/logo\\\/image\\\/\",\"url\":\"https:\\\/\\\/iep-sa.com.ar\\\/wp-content\\\/uploads\\\/2022\\\/11\\\/cropped-favicon.jpg\",\"contentUrl\":\"https:\\\/\\\/iep-sa.com.ar\\\/wp-content\\\/uploads\\\/2022\\\/11\\\/cropped-favicon.jpg\",\"width\":512,\"height\":512,\"caption\":\"IEP - Iluminaci\u00f3n Eficiente Profesional\"},\"image\":{\"@id\":\"https:\\\/\\\/iep-sa.com.ar\\\/#\\\/schema\\\/logo\\\/image\\\/\"}}]}<\/script>\n<!-- \/ Yoast SEO plugin. -->","yoast_head_json":{"title":"Empresa - IEP - Iluminaci\u00f3n Eficiente Profesional","robots":{"index":"index","follow":"follow","max-snippet":"max-snippet:-1","max-image-preview":"max-image-preview:large","max-video-preview":"max-video-preview:-1"},"canonical":"https:\/\/iep-sa.com.ar\/empresa\/","og_locale":"es_ES","og_type":"article","og_title":"Empresa - IEP - Iluminaci\u00f3n Eficiente Profesional","og_description":"HISTORIA \u201cReflectores IEP\u201d fue fundada en 1922 siendo la primera compa\u00f1\u00eda especializada en la fabricaci\u00f3n&hellip;","og_url":"https:\/\/iep-sa.com.ar\/empresa\/","og_site_name":"IEP - Iluminaci\u00f3n Eficiente Profesional","article_modified_time":"2026-03-18T18:08:31+00:00","og_image":[{"url":"https:\/\/iep-sa.com.ar\/wp-content\/uploads\/elementor\/thumbs\/eco3-pds7g7bjt7ueovmij56ygkbbsnbxgl612xkycrv6yo.png","type":"","width":"","height":""}],"twitter_card":"summary_large_image","twitter_misc":{"Tiempo de lectura":"3 minutos"},"schema":{"@context":"https:\/\/schema.org","@graph":[{"@type":"WebPage","@id":"https:\/\/iep-sa.com.ar\/empresa\/","url":"https:\/\/iep-sa.com.ar\/empresa\/","name":"Empresa - IEP - Iluminaci\u00f3n Eficiente Profesional","isPartOf":{"@id":"https:\/\/iep-sa.com.ar\/#website"},"primaryImageOfPage":{"@id":"https:\/\/iep-sa.com.ar\/empresa\/#primaryimage"},"image":{"@id":"https:\/\/iep-sa.com.ar\/empresa\/#primaryimage"},"thumbnailUrl":"https:\/\/iep-sa.com.ar\/wp-content\/uploads\/elementor\/thumbs\/eco3-pds7g7bjt7ueovmij56ygkbbsnbxgl612xkycrv6yo.png","datePublished":"2016-08-23T04:15:21+00:00","dateModified":"2026-03-18T18:08:31+00:00","breadcrumb":{"@id":"https:\/\/iep-sa.com.ar\/empresa\/#breadcrumb"},"inLanguage":"es","potentialAction":[{"@type":"ReadAction","target":["https:\/\/iep-sa.com.ar\/empresa\/"]}]},{"@type":"ImageObject","inLanguage":"es","@id":"https:\/\/iep-sa.com.ar\/empresa\/#primaryimage","url":"https:\/\/iep-sa.com.ar\/wp-content\/uploads\/elementor\/thumbs\/eco3-pds7g7bjt7ueovmij56ygkbbsnbxgl612xkycrv6yo.png","contentUrl":"https:\/\/iep-sa.com.ar\/wp-content\/uploads\/elementor\/thumbs\/eco3-pds7g7bjt7ueovmij56ygkbbsnbxgl612xkycrv6yo.png"},{"@type":"BreadcrumbList","@id":"https:\/\/iep-sa.com.ar\/empresa\/#breadcrumb","itemListElement":[{"@type":"ListItem","position":1,"name":"Portada","item":"https:\/\/iep-sa.com.ar\/"},{"@type":"ListItem","position":2,"name":"Empresa"}]},{"@type":"WebSite","@id":"https:\/\/iep-sa.com.ar\/#website","url":"https:\/\/iep-sa.com.ar\/","name":"IEP - Iluminaci\u00f3n Eficiente Profesional","description":"Iluminaci\u00f3n Vial - Profesional - Decorativa - Estacionamientos - Gasolineras - Deportiva - P\u00fablica - Privada","publisher":{"@id":"https:\/\/iep-sa.com.ar\/#organization"},"potentialAction":[{"@type":"SearchAction","target":{"@type":"EntryPoint","urlTemplate":"https:\/\/iep-sa.com.ar\/?s={search_term_string}"},"query-input":{"@type":"PropertyValueSpecification","valueRequired":true,"valueName":"search_term_string"}}],"inLanguage":"es"},{"@type":"Organization","@id":"https:\/\/iep-sa.com.ar\/#organization","name":"IEP - Iluminaci\u00f3n Eficiente Profesional","url":"https:\/\/iep-sa.com.ar\/","logo":{"@type":"ImageObject","inLanguage":"es","@id":"https:\/\/iep-sa.com.ar\/#\/schema\/logo\/image\/","url":"https:\/\/iep-sa.com.ar\/wp-content\/uploads\/2022\/11\/cropped-favicon.jpg","contentUrl":"https:\/\/iep-sa.com.ar\/wp-content\/uploads\/2022\/11\/cropped-favicon.jpg","width":512,"height":512,"caption":"IEP - Iluminaci\u00f3n Eficiente Profesional"},"image":{"@id":"https:\/\/iep-sa.com.ar\/#\/schema\/logo\/image\/"}}]}},"_links":{"self":[{"href":"https:\/\/iep-sa.com.ar\/nuevo\/wp-json\/wp\/v2\/pages\/319","targetHints":{"allow":["GET"]}}],"collection":[{"href":"https:\/\/iep-sa.com.ar\/nuevo\/wp-json\/wp\/v2\/pages"}],"about":[{"href":"https:\/\/iep-sa.com.ar\/nuevo\/wp-json\/wp\/v2\/types\/page"}],"author":[{"embeddable":true,"href":"https:\/\/iep-sa.com.ar\/nuevo\/wp-json\/wp\/v2\/users\/1"}],"replies":[{"embeddable":true,"href":"https:\/\/iep-sa.com.ar\/nuevo\/wp-json\/wp\/v2\/comments?post=319"}],"version-history":[{"count":157,"href":"https:\/\/iep-sa.com.ar\/nuevo\/wp-json\/wp\/v2\/pages\/319\/revisions"}],"predecessor-version":[{"id":5963,"href":"https:\/\/iep-sa.com.ar\/nuevo\/wp-json\/wp\/v2\/pages\/319\/revisions\/5963"}],"wp:attachment":[{"href":"https:\/\/iep-sa.com.ar\/nuevo\/wp-json\/wp\/v2\/media?parent=319"}],"curies":[{"name":"wp","href":"https:\/\/api.w.org\/{rel}","templated":true}]}}